{"id":3914,"date":"2016-06-16T09:59:30","date_gmt":"2016-06-16T09:59:30","guid":{"rendered":"https:\/\/www.electroluxprofessional.com\/?page_id=2408"},"modified":"2020-04-20T22:13:56","modified_gmt":"2020-04-20T22:13:56","slug":"self-service-laundries","status":"publish","type":"page","link":"https:\/\/www.electroluxprofessional.com\/hu\/self-service-laundries\/","title":{"rendered":"\u00d6nkiszolg\u00e1l\u00f3 mosod\u00e1k"},"content":{"rendered":"<p>[vc_row full_width=&#8221;electroluxpro-full-width-no-padding&#8221; equal_height=&#8221;yes&#8221;][vc_column reveal_effect=&#8221;&#8221; width=&#8221;1\/2&#8243;][elx_citation name=&#8221;Nicolas Renaer, owner of Super Clean&#8221; company=&#8221;Leuven, Belgium&#8221;][elx_heading font_container=&#8221;h1&#8243; font_size=&#8221;h2&#8243; text_color=&#8221;inherit&#8221;]Electrolux Professional, egy j\u00f3l ismert m\u00e1rka amely mindig a min\u0151s\u00e9get k\u00e9pviseli \u00e9s a legmodernebb technol\u00f3gi\u00e1t alkalmazza.[\/elx_heading][\/elx_citation][\/vc_column][vc_column reveal_effect=&#8221;&#8221; width=&#8221;1\/2&#8243;][elx_image_block background_image=&#8221;769&#8243; minimum_height=&#8221;600px&#8221;][\/vc_column][\/vc_row][vc_row][vc_column][vc_empty_space][elx_heading font_container=&#8221;h1&#8243; font_size=&#8221;h2&#8243; text_color=&#8221;inherit&#8221;]<strong>\u00d6nkiszolg\u00e1l\u00f3 mosod\u00e1k<\/strong> k\u00fcl\u00f6nb\u00f6z\u0151 alkalmaz\u00e1sokra[\/elx_heading][\/vc_column][\/vc_row][vc_row][vc_column][vc_empty_space][elx_heading font_container=&#8221;h3&#8243; text_color=&#8221;inherit&#8221; text_align=&#8221;text-center&#8221;]Testre szabott megold\u00e1sok[\/elx_heading][vc_column_text]Minden helysz\u00edn m\u00e1s. Innovat\u00edv tervez\u0151 eszk\u00f6z\u00f6kkel a mosodai szak\u00e9rt\u0151ink k\u00e9pesek b\u00e1rmilyen konfigur\u00e1ci\u00f3t szimul\u00e1lni \u00e9s virtu\u00e1lis terveket k\u00e9sz\u00edteni.[\/vc_column_text][\/vc_column][\/vc_row][vc_row][vc_column width=&#8221;1\/3&#8243;][elx_download_block text=&#8221;\u00d6nkiszolg\u00e1l\u00f3 mosoda&#8221; link=&#8221;files.professional.electrolux.com\/docs\/?n=A0007&amp;b=5&amp;l=1&#8243; background_color=&#8221;self-laundries&#8221; reveal_effect=&#8221;&#8221; reveal_duration=&#8221;&#8221; reveal_delay=&#8221;&#8221;][\/vc_column][vc_column width=&#8221;1\/3&#8243;][elx_download_block text=&#8221;T\u00e1rsash\u00e1zi mosoda&#8221; link=&#8221;files.professional.electrolux.com\/docs\/?n=A0010&amp;b=5&amp;l=1&#8243; background_color=&#8221;self-laundries&#8221; reveal_effect=&#8221;&#8221; reveal_duration=&#8221;&#8221; reveal_delay=&#8221;&#8221;][\/vc_column][vc_column width=&#8221;1\/3&#8243;][\/vc_column][\/vc_row][vc_row][vc_column][elx_heading text_color=&#8221;inherit&#8221;]\u00c9rdekl\u0151dj\u00f6n term\u00e9keink ut\u00e1n[\/elx_heading][elx_o2000_contact_us r=&#8221;Szeretn\u00e9k t\u00f6bb inform\u00e1ci\u00f3t kapni err\u0151l a term\u00e9kr\u0151l \u00d6nkiszolg\u00e1l\u00f3 mosod\u00e1k. K\u00e9rem, vegy\u00e9k fel velem a kapcsolatot.&#8221; s=&#8221;Inform\u00e1ci\u00f3 k\u00e9r\u00e9s err\u0151l a term\u00e9kr\u0151l \u00d6nkiszolg\u00e1l\u00f3 mosod\u00e1k&#8221; country=&#8221;Hungary&#8221; l=&#8221;hu&#8221; b=&#8221;laundry&#8221; container=&#8221;elxcontactus1466432583&#8243;][\/vc_column][\/vc_row][vc_row][vc_column][vc_empty_space][\/vc_column][\/vc_row]<\/p>\n","protected":false},"excerpt":{"rendered":"<p>[vc_row full_width=&#8221;electroluxpro-full-width-no-padding&#8221; equal_height=&#8221;yes&#8221;][vc_column reveal_effect=&#8221;&#8221; width=&#8221;1\/2&#8243;][elx_citation name=&#8221;Nicolas Renaer, owner of Super Clean&#8221; company=&#8221;Leuven, Belgium&#8221;][elx_heading font_container=&#8221;h1&#8243; font_size=&#8221;h2&#8243; text_color=&#8221;inherit&#8221;]Electrolux Professional, egy j\u00f3l ismert m\u00e1rka amely mindig a min\u0151s\u00e9get k\u00e9pviseli \u00e9s a legmodernebb technol\u00f3gi\u00e1t alkalmazza.[\/elx_heading][\/elx_citation][\/vc_column][vc_column reveal_effect=&#8221;&#8221; width=&#8221;1\/2&#8243;][elx_image_block background_image=&#8221;769&#8243; minimum_height=&#8221;600px&#8221;][\/vc_column][\/vc_row][vc_row][vc_column][vc_empty_space][elx_heading font_container=&#8221;h1&#8243; font_size=&#8221;h2&#8243; text_color=&#8221;inherit&#8221;]\u00d6nkiszolg\u00e1l\u00f3 mosod\u00e1k k\u00fcl\u00f6nb\u00f6z\u0151 alkalmaz\u00e1sokra[\/elx_heading][\/vc_column][\/vc_row][vc_row][vc_column][vc_empty_space][elx_heading font_container=&#8221;h3&#8243; text_color=&#8221;inherit&#8221; text_align=&#8221;text-center&#8221;]Testre szabott megold\u00e1sok[\/elx_heading][vc_column_text]Minden helysz\u00edn m\u00e1s. Innovat\u00edv tervez\u0151 eszk\u00f6z\u00f6kkel a mosodai szak\u00e9rt\u0151ink k\u00e9pesek [&hellip;]<\/p>\n","protected":false},"author":3,"featured_media":1174,"parent":0,"menu_order":0,"comment_status":"closed","ping_status":"closed","template":"","meta":{"footnotes":""},"class_list":["post-3914","page","type-page","status-publish","has-post-thumbnail","hentry"],"yoast_head":"<!-- This site is optimized with the Yoast SEO plugin v23.3 - https:\/\/yoast.com\/wordpress\/plugins\/seo\/ -->\n<title>\u00d6nkiszolg\u00e1l\u00f3 mosod\u00e1k - Electrolux Professional Magyarorsz\u00e1g<\/title>\n<meta name=\"description\" content=\"Self-service Laundries for different type of business. Discover our solutions for coin operated laundry and multi-housing laundry.\" \/>\n<meta name=\"robots\" content=\"index, follow, max-snippet:-1, max-image-preview:large, max-video-preview:-1\" \/>\n<link rel=\"canonical\" href=\"https:\/\/www.electroluxprofessional.com\/hu\/self-service-laundries\/\" \/>\n<meta property=\"og:locale\" content=\"hu_HU\" \/>\n<meta property=\"og:type\" content=\"article\" \/>\n<meta property=\"og:title\" content=\"\u00d6nkiszolg\u00e1l\u00f3 mosod\u00e1k - Electrolux Professional Magyarorsz\u00e1g\" \/>\n<meta property=\"og:description\" content=\"Self-service Laundries for different type of business. Discover our solutions for coin operated laundry and multi-housing laundry.\" \/>\n<meta property=\"og:url\" content=\"https:\/\/www.electroluxprofessional.com\/hu\/self-service-laundries\/\" \/>\n<meta property=\"og:site_name\" content=\"Electrolux Professional Magyarorsz\u00e1g\" \/>\n<meta property=\"article:modified_time\" content=\"2020-04-20T22:13:56+00:00\" \/>\n<meta property=\"og:image\" content=\"https:\/\/www.electroluxprofessional.com\/hu\/wp-content\/uploads\/2016\/11\/self.jpg\" \/>\n\t<meta property=\"og:image:width\" content=\"700\" \/>\n\t<meta property=\"og:image:height\" content=\"700\" \/>\n\t<meta property=\"og:image:type\" content=\"image\/jpeg\" \/>\n<meta name=\"twitter:card\" content=\"summary_large_image\" \/>\n<meta name=\"twitter:label1\" content=\"Becs\u00fclt olvas\u00e1si id\u0151\" \/>\n\t<meta name=\"twitter:data1\" content=\"2 perc\" \/>\n<script type=\"application\/ld+json\" class=\"yoast-schema-graph\">{\"@context\":\"https:\/\/schema.org\",\"@graph\":[{\"@type\":\"WebPage\",\"@id\":\"https:\/\/www.electroluxprofessional.com\/hu\/self-service-laundries\/\",\"url\":\"https:\/\/www.electroluxprofessional.com\/hu\/self-service-laundries\/\",\"name\":\"\u00d6nkiszolg\u00e1l\u00f3 mosod\u00e1k - Electrolux Professional Magyarorsz\u00e1g\",\"isPartOf\":{\"@id\":\"https:\/\/www.electroluxprofessional.com\/hu\/#website\"},\"primaryImageOfPage\":{\"@id\":\"https:\/\/www.electroluxprofessional.com\/hu\/self-service-laundries\/#primaryimage\"},\"image\":{\"@id\":\"https:\/\/www.electroluxprofessional.com\/hu\/self-service-laundries\/#primaryimage\"},\"thumbnailUrl\":\"https:\/\/www.electroluxprofessional.com\/hu\/wp-content\/uploads\/2016\/11\/self.jpg\",\"datePublished\":\"2016-06-16T09:59:30+00:00\",\"dateModified\":\"2020-04-20T22:13:56+00:00\",\"description\":\"Self-service Laundries for different type of business. Discover our solutions for coin operated laundry and multi-housing laundry.\",\"breadcrumb\":{\"@id\":\"https:\/\/www.electroluxprofessional.com\/hu\/self-service-laundries\/#breadcrumb\"},\"inLanguage\":\"hu\",\"potentialAction\":[{\"@type\":\"ReadAction\",\"target\":[\"https:\/\/www.electroluxprofessional.com\/hu\/self-service-laundries\/\"]}]},{\"@type\":\"ImageObject\",\"inLanguage\":\"hu\",\"@id\":\"https:\/\/www.electroluxprofessional.com\/hu\/self-service-laundries\/#primaryimage\",\"url\":\"https:\/\/www.electroluxprofessional.com\/hu\/wp-content\/uploads\/2016\/11\/self.jpg\",\"contentUrl\":\"https:\/\/www.electroluxprofessional.com\/hu\/wp-content\/uploads\/2016\/11\/self.jpg\",\"width\":700,\"height\":700,\"caption\":\"Self-service laundries\"},{\"@type\":\"BreadcrumbList\",\"@id\":\"https:\/\/www.electroluxprofessional.com\/hu\/self-service-laundries\/#breadcrumb\",\"itemListElement\":[{\"@type\":\"ListItem\",\"position\":1,\"name\":\"Home\",\"item\":\"https:\/\/www.electroluxprofessional.com\/hu\/\"},{\"@type\":\"ListItem\",\"position\":2,\"name\":\"\u00d6nkiszolg\u00e1l\u00f3 mosod\u00e1k\"}]},{\"@type\":\"WebSite\",\"@id\":\"https:\/\/www.electroluxprofessional.com\/hu\/#website\",\"url\":\"https:\/\/www.electroluxprofessional.com\/hu\/\",\"name\":\"Electrolux Professional Magyarorsz\u00e1g\",\"description\":\"\",\"potentialAction\":[{\"@type\":\"SearchAction\",\"target\":{\"@type\":\"EntryPoint\",\"urlTemplate\":\"https:\/\/www.electroluxprofessional.com\/hu\/?src={search_term_string}\"},\"query-input\":\"required name=search_term_string\"}],\"inLanguage\":\"hu\"}]}<\/script>\n<!-- \/ Yoast SEO plugin. -->","yoast_head_json":{"title":"\u00d6nkiszolg\u00e1l\u00f3 mosod\u00e1k - Electrolux Professional Magyarorsz\u00e1g","description":"Self-service Laundries for different type of business. Discover our solutions for coin operated laundry and multi-housing laundry.","robots":{"index":"index","follow":"follow","max-snippet":"max-snippet:-1","max-image-preview":"max-image-preview:large","max-video-preview":"max-video-preview:-1"},"canonical":"https:\/\/www.electroluxprofessional.com\/hu\/self-service-laundries\/","og_locale":"hu_HU","og_type":"article","og_title":"\u00d6nkiszolg\u00e1l\u00f3 mosod\u00e1k - Electrolux Professional Magyarorsz\u00e1g","og_description":"Self-service Laundries for different type of business. Discover our solutions for coin operated laundry and multi-housing laundry.","og_url":"https:\/\/www.electroluxprofessional.com\/hu\/self-service-laundries\/","og_site_name":"Electrolux Professional Magyarorsz\u00e1g","article_modified_time":"2020-04-20T22:13:56+00:00","og_image":[{"width":700,"height":700,"url":"https:\/\/www.electroluxprofessional.com\/hu\/wp-content\/uploads\/2016\/11\/self.jpg","type":"image\/jpeg"}],"twitter_card":"summary_large_image","twitter_misc":{"Becs\u00fclt olvas\u00e1si id\u0151":"2 perc"},"schema":{"@context":"https:\/\/schema.org","@graph":[{"@type":"WebPage","@id":"https:\/\/www.electroluxprofessional.com\/hu\/self-service-laundries\/","url":"https:\/\/www.electroluxprofessional.com\/hu\/self-service-laundries\/","name":"\u00d6nkiszolg\u00e1l\u00f3 mosod\u00e1k - Electrolux Professional Magyarorsz\u00e1g","isPartOf":{"@id":"https:\/\/www.electroluxprofessional.com\/hu\/#website"},"primaryImageOfPage":{"@id":"https:\/\/www.electroluxprofessional.com\/hu\/self-service-laundries\/#primaryimage"},"image":{"@id":"https:\/\/www.electroluxprofessional.com\/hu\/self-service-laundries\/#primaryimage"},"thumbnailUrl":"https:\/\/www.electroluxprofessional.com\/hu\/wp-content\/uploads\/2016\/11\/self.jpg","datePublished":"2016-06-16T09:59:30+00:00","dateModified":"2020-04-20T22:13:56+00:00","description":"Self-service Laundries for different type of business. Discover our solutions for coin operated laundry and multi-housing laundry.","breadcrumb":{"@id":"https:\/\/www.electroluxprofessional.com\/hu\/self-service-laundries\/#breadcrumb"},"inLanguage":"hu","potentialAction":[{"@type":"ReadAction","target":["https:\/\/www.electroluxprofessional.com\/hu\/self-service-laundries\/"]}]},{"@type":"ImageObject","inLanguage":"hu","@id":"https:\/\/www.electroluxprofessional.com\/hu\/self-service-laundries\/#primaryimage","url":"https:\/\/www.electroluxprofessional.com\/hu\/wp-content\/uploads\/2016\/11\/self.jpg","contentUrl":"https:\/\/www.electroluxprofessional.com\/hu\/wp-content\/uploads\/2016\/11\/self.jpg","width":700,"height":700,"caption":"Self-service laundries"},{"@type":"BreadcrumbList","@id":"https:\/\/www.electroluxprofessional.com\/hu\/self-service-laundries\/#breadcrumb","itemListElement":[{"@type":"ListItem","position":1,"name":"Home","item":"https:\/\/www.electroluxprofessional.com\/hu\/"},{"@type":"ListItem","position":2,"name":"\u00d6nkiszolg\u00e1l\u00f3 mosod\u00e1k"}]},{"@type":"WebSite","@id":"https:\/\/www.electroluxprofessional.com\/hu\/#website","url":"https:\/\/www.electroluxprofessional.com\/hu\/","name":"Electrolux Professional Magyarorsz\u00e1g","description":"","potentialAction":[{"@type":"SearchAction","target":{"@type":"EntryPoint","urlTemplate":"https:\/\/www.electroluxprofessional.com\/hu\/?src={search_term_string}"},"query-input":"required name=search_term_string"}],"inLanguage":"hu"}]}},"_links":{"self":[{"href":"https:\/\/www.electroluxprofessional.com\/hu\/wp-json\/wp\/v2\/pages\/3914"}],"collection":[{"href":"https:\/\/www.electroluxprofessional.com\/hu\/wp-json\/wp\/v2\/pages"}],"about":[{"href":"https:\/\/www.electroluxprofessional.com\/hu\/wp-json\/wp\/v2\/types\/page"}],"author":[{"embeddable":true,"href":"https:\/\/www.electroluxprofessional.com\/hu\/wp-json\/wp\/v2\/users\/3"}],"replies":[{"embeddable":true,"href":"https:\/\/www.electroluxprofessional.com\/hu\/wp-json\/wp\/v2\/comments?post=3914"}],"version-history":[{"count":6,"href":"https:\/\/www.electroluxprofessional.com\/hu\/wp-json\/wp\/v2\/pages\/3914\/revisions"}],"predecessor-version":[{"id":5116,"href":"https:\/\/www.electroluxprofessional.com\/hu\/wp-json\/wp\/v2\/pages\/3914\/revisions\/5116"}],"wp:featuredmedia":[{"embeddable":true,"href":"https:\/\/www.electroluxprofessional.com\/hu\/wp-json\/wp\/v2\/media\/1174"}],"wp:attachment":[{"href":"https:\/\/www.electroluxprofessional.com\/hu\/wp-json\/wp\/v2\/media?parent=3914"}],"curies":[{"name":"wp","href":"https:\/\/api.w.org\/{rel}","templated":true}]}}