{"id":3807,"date":"2016-05-19T11:54:16","date_gmt":"2016-05-19T11:54:16","guid":{"rendered":"https:\/\/www.electroluxprofessional.com\/?page_id=1143"},"modified":"2021-04-20T08:45:56","modified_gmt":"2021-04-20T08:45:56","slug":"laundry-shops","status":"publish","type":"page","link":"https:\/\/www.electroluxprofessional.com\/hu\/laundry-shops\/","title":{"rendered":"Mos\u00f3 szalonok"},"content":{"rendered":"<p>[vc_row full_width=&#8221;electroluxpro-full-width-no-padding&#8221;][vc_column][elx_hero_title label=&#8221;&#8221; label_background_color=&#8221;inherit&#8221; video_link=&#8221;https:\/\/www.youtube.com\/watch?v=Bmra-TGZPng&#8221; background_image=&#8221;628&#8243;][elx_heading font_container=&#8221;h1&#8243; text_color=&#8221;inherit&#8221;]Komplett tiszt\u00edt\u00e1si szolg\u00e1ltat\u00e1s 55 perc alatt [\/elx_heading][\/elx_hero_title][\/vc_column][\/vc_row][vc_row][vc_column][vc_empty_space][elx_heading font_size=&#8221;h2&#8243; text_color=&#8221;inherit&#8221; text_align=&#8221;text-center&#8221;]<strong>lagoon\u00ae Advanced Care<\/strong>[\/elx_heading][vc_empty_space height=&#8221;10px&#8221;][elx_heading font_size=&#8221;h2&#8243; text_color=&#8221;inherit&#8221; text_align=&#8221;text-center&#8221;]Gyors, egyszer\u0171 \u00e9s k\u00f6rnyezetbar\u00e1t.<br \/>\nTiszt\u00edt\u00e1s professzion\u00e1lis textilkezel\u00e9ssel.<br \/>\n[\/elx_heading][vc_empty_space][\/vc_column][\/vc_row][vc_row][vc_column width=&#8221;1\/6&#8243;][vc_empty_space height=&#8221;10px&#8221;][\/vc_column][vc_column width=&#8221;4\/6&#8243;][vc_single_image image=&#8221;571&#8243; img_size=&#8221;full&#8221; alignment=&#8221;center&#8221;][\/vc_column][vc_column width=&#8221;1\/6&#8243;][\/vc_column][\/vc_row][vc_row][vc_column][vc_empty_space][\/vc_column][\/vc_row][vc_row full_width=&#8221;electroluxpro-container-no-padding&#8221; equal_height=&#8221;yes&#8221;][vc_column width=&#8221;2\/3&#8243;][elx_simple_block text_align=&#8221;text-center&#8221; text_color=&#8221;white&#8221; background_color=&#8221;electrolux-blue&#8221;][vc_column_text]<\/p>\n<h2 style=\"text-align: center;\">A v\u00edz ereje<\/h2>\n<h4 style=\"text-align: center;\">Egy tiszta kezd\u00e9s<\/h4>\n<p style=\"text-align: center;\">V\u00e1s\u00e1rl\u00f3inak ig\u00e9nyei v\u00e1ltoznak!<\/p>\n<p>[\/vc_column_text][\/elx_simple_block][\/vc_column][\/vc_row][vc_row][vc_column][vc_empty_space][\/vc_column][\/vc_row][vc_row full_width=&#8221;electroluxpro-full-width-no-padding&#8221;][vc_column][elx_heading font_size=&#8221;h3&#8243; text_color=&#8221;inherit&#8221; text_align=&#8221;text-center&#8221;]Elb\u00facs\u00fazhat a vegytiszt\u00edt\u00e1st\u00f3l.<\/p>\n<p>[\/elx_heading][\/vc_column][\/vc_row][vc_row][vc_column width=&#8221;1\/2&#8243;][vc_column_text css_animation=&#8221;left-to-right&#8221;]<\/p>\n<h4>Fenntarthat\u00f3<\/h4>\n<p>K\u00f6rnyezetbar\u00e1t technol\u00f3gia, nem alkalmaz m\u00e9rgez\u0151, szerves old\u00f3szereket, mivel a v\u00edz az old\u00f3szer.<\/p>\n<h4>K\u00edm\u00e9l\u0151 a k\u00edm\u00e9lend\u0151vel<\/h4>\n<p>Kiemelked\u0151 eredm\u00e9nyek a min\u0151s\u00e9gi textilekkel \u00e9s az elvileg kiz\u00e1r\u00f3lag vegytiszt\u00edtand\u00f3 finom gyapj\u00faval.<\/p>\n<h4>Igazi nyer\u0151 megold\u00e1s<\/h4>\n<p>Egyszer\u0171 vizes tiszt\u00edt\u00e1s, k\u00f6nnyen elsaj\u00e1t\u00edthat\u00f3 technol\u00f3gia, nincs sz\u0171k keresztmetszet.<\/p>\n<h4>Magasfok\u00fa hat\u00e9konys\u00e1g<\/h4>\n<p>Nagyobb t\u00f6ltet, jav\u00edtott tiszt\u00edt\u00f3hat\u00e1s. R\u00f6videbb ciklusid\u0151k, gyorsabb megt\u00e9r\u00fcl\u00e9s.<\/p>\n<h4>A legjobb tiszt\u00edt\u00e1si teljes\u00edtm\u00e9ny<\/h4>\n<p>Gyors \u00e9s hat\u00e9kony tiszt\u00edt\u00e1s expressz szolg\u00e1ltat\u00e1s felaj\u00e1nl\u00e1s\u00e1t teszi lehet\u0151v\u00e9.[\/vc_column_text][\/vc_column][vc_column width=&#8221;1\/2&#8243;][elx_image_block background_image=&#8221;629&#8243; minimum_height=&#8221;600px&#8221;][\/vc_column][\/vc_row][vc_row full_width=&#8221;electroluxpro-full-width&#8221;][vc_column][elx_heading text_color=&#8221;inherit&#8221; text_align=&#8221;text-center&#8221;]Egyed\u00fcl\u00e1ll\u00f3, folytonos munkafolyamat a hat\u00e9konyabb szolg\u00e1ltat\u00e1s \u00e9rdek\u00e9ben<\/p>\n<p>[\/elx_heading][vc_column_text]<\/p>\n<h3 style=\"text-align: center;\"><strong>A v\u00edzalap\u00fa tiszt\u00edt\u00e1s \u00fatt\u00f6r\u0151je: a v\u00edz minden el\u0151ny\u00e9vel<br \/>\na mos\u00f3szeres tiszt\u00edt\u00e1s gyorsas\u00e1g\u00e1val \u00e9s egyszer\u0171s\u00e9g\u00e9vel<\/strong>.<\/h3>\n<p>[\/vc_column_text][\/vc_column][\/vc_row][vc_row][vc_column][vc_empty_space][vc_single_image image=&#8221;635&#8243; img_size=&#8221;full&#8221; alignment=&#8221;center&#8221;][vc_empty_space height=&#8221;50px&#8221;][\/vc_column][\/vc_row][vc_row equal_height=&#8221;yes&#8221;][vc_column width=&#8221;1\/2&#8243;][elx_heading text_color=&#8221;inherit&#8221;]<span style=\"color: #37c0c9;\">\u201cAkik gondolnak a j\u00f6v\u0151re a lagoon\u00ae Advanced Care-t v\u00e1lasztj\u00e1k\u201d<\/span>[\/elx_heading][vc_column_text css_animation=&#8221;left-to-right&#8221;]A lagoon\u00ae Advanced Care-nek k\u00f6sz\u00f6nhet\u0151en v\u00edzzel b\u00e1rmit kitiszt\u00edthatunk.\u00a0<strong>\u00a0A <\/strong>ruh\u00e1k a folyamat v\u00e9g\u00e9n nagyon tiszt\u00e1k \u00e9s az eredeti alakjuk vissza\u00e1ll\u00edt\u00e1sa\u00a0k\u00f6nny\u0171 feladat.<strong>\u00a0<\/strong><strong>T\u00f6bb\u00e9 nem kell szerves old\u00f3szereket haszn\u00e1lnunk<\/strong><strong>.<\/strong><br \/>\n<strong>A lagoon\u00ae Advanced Care csak v\u00edzzel tiszt\u00edt.\u00a0V\u00edzzel dolgozni biztons\u00e1gosabb \u00e9s nem szennyezz\u00fck a\u00a0k\u00f6rnyezetet.<\/strong><\/p>\n<p>A ruh\u00e1k nemcsak nagyon tiszt\u00e1k, hanem friss illat\u00faak \u00e9s kellemes a tapint\u00e1suk.<\/p>\n<p><strong>Csak egy \u00f3r\u00e1ra van sz\u00fcks\u00e9g egy t\u00f6k\u00e9letesen tiszt\u00edtott ruh\u00e1hoz. Ig\u00e9ny szerint <\/strong>tudunk aj\u00e1nlani expressz szolg\u00e1ltat\u00e1st. Mi el\u00e9gedettek vagyunk a g\u00e9pek m\u0171k\u00f6d\u00e9s\u00e9vel, az \u00fcgyfeleink pedig az eredm\u00e9nnyel!\u201d<\/p>\n<p>James Leat \u2018ideal CLEANERS\u2019 tulajdonos[\/vc_column_text][\/vc_column][vc_column width=&#8221;1\/2&#8243;][elx_video_block background_image=&#8221;1636&#8243; video_link=&#8221;https:\/\/www.youtube.com\/watch?v=QdkA0xDSqqY&#8221; minimum_height=&#8221;600px&#8221;][\/vc_column][\/vc_row][vc_row][vc_column][vc_empty_space][\/vc_column][\/vc_row][vc_row][vc_column][elx_heading text_color=&#8221;inherit&#8221; text_align=&#8221;text-center&#8221;]Flexibilis, modulokb\u00f3l \u00e1ll\u00f3,<br \/>\naz \u00d6n ig\u00e9nyeire szabhat\u00f3 megold\u00e1s[\/elx_heading][vc_column_text]<\/p>\n<h5 style=\"text-align: center;\"><strong>A lagoon\u00ae Advanced Care k\u00e9t k\u00fcl\u00f6nb\u00f6z\u0151 kapacit\u00e1ssal rendelhet\u0151,<br \/>\nmaxim\u00e1lis rugalmass\u00e1got adva \u00e9s a j\u00f6v\u0151ben b\u0151v\u00edt\u00e9si lehet\u0151s\u00e9get<\/strong>.<\/h5>\n<p>[\/vc_column_text][\/vc_column][\/vc_row][vc_row][vc_column width=&#8221;1\/2&#8243;][elx_simple_block][elx_heading text_color=&#8221;inherit&#8221;]<strong>Alapk\u00e9szlet<\/strong><br \/>\n70 kis t\u00e9tel naponta [\/elx_heading][vc_column_text]L\u00e9pjen be a nedves tiszt\u00edt\u00e1si \u00fczlet\u00e1gba egy professzion\u00e1lis megold\u00e1ssal, amely t\u00f6k\u00e9letesen helyettes\u00edt b\u00e1rmilyen l\u00e9tez\u0151\u00a0vegytiszt\u00edt\u00e1si m\u0171veletet. Kateg\u00f3ri\u00e1j\u00e1ban a legjobb,\u00a0kis alapter\u00fcleten elf\u00e9r: ez a lagoon\u00ae Advanced Care.<\/p>\n<p><strong>Tiszt\u00edt\u00f3kapacit\u00e1s<\/strong><br \/>\n6-8 kis darab ciklusonk\u00e9nt.[\/vc_column_text][\/elx_simple_block][\/vc_column][vc_column width=&#8221;1\/2&#8243;][elx_simple_block][elx_heading text_color=&#8221;inherit&#8221;]<strong>Abszol\u00fat k\u00e9szlet<\/strong><br \/>\n250 kis t\u00e9tel naponta[\/elx_heading][vc_column_text]Az ide\u00e1lis megold\u00e1s egy 15 kg-os vegytiszt\u00edt\u00f3 kiv\u00e1lt\u00e1s\u00e1ra \u00e9s teljesen flexibilisen b\u0151v\u00edthet\u0151 a kapacit\u00e1s. Mivel az Abszol\u00fat k\u00e9szlet tartalmazza az Alapk\u00e9szletet, ez\u00e9rt szint\u00e9n fel lehet aj\u00e1nlani az expressz tiszt\u00edt\u00e1st. Nagy paplanokat lehet kimosni h\u00e1zon bel\u00fcl az Abszol\u00fat k\u00e9szlettel.<\/p>\n<p><strong>Tiszt\u00edt\u00f3kapacit\u00e1s<\/strong><br \/>\n6-8 kis darab ciklusonk\u00e9nt + 18-27 darab ciklusonk\u00e9nt.[\/vc_column_text][\/elx_simple_block][\/vc_column][\/vc_row][vc_row][vc_column][elx_heading text_color=&#8221;inherit&#8221;]Keresse irod\u00e1nkat \u00e9s tal\u00e1ljuk meg, mivel tudja az Electrolux fejleszteni v\u00e1llalkoz\u00e1s\u00e1t![\/elx_heading][elx_o2000_contact_us r=&#8221;Szeretn\u00e9k t\u00f6bb inform\u00e1ci\u00f3t kapni err\u0151l a term\u00e9kr\u0151l Mos\u00f3 szalonok. K\u00e9rem, vegy\u00e9k fel velem a kapcsolatot.&#8221; s=&#8221;Inform\u00e1ci\u00f3 k\u00e9r\u00e9s err\u0151l a term\u00e9kr\u0151l Mos\u00f3 szalonok&#8221; country=&#8221;Hungary&#8221; l=&#8221;hu&#8221; b=&#8221;laundry&#8221; container=&#8221;elxcontactus1466432885&#8243;][\/vc_column][\/vc_row][vc_row][vc_column][elx_heading text_color=&#8221;inherit&#8221;]Szak\u00e9rt\u0151k \u00e1ltal igazolva [\/elx_heading][\/vc_column][\/vc_row][vc_row equal_height=&#8221;yes&#8221;][vc_column width=&#8221;1\/2&#8243;][elx_simple_block background_color=&#8221;inherit&#8221;][vc_column_text]A textil nem kopik, a sz\u00ednek nem fakulnak, a m\u00e9retek nem v\u00e1ltoznak t\u00f6bbsz\u00f6ri tiszt\u00edt\u00e1s ut\u00e1n sem \u2013 \u00e9rt\u00e9kelt a Hohenstein Institute.<\/p>\n<h3><\/h3>\n<p>[\/vc_column_text][\/elx_simple_block][elx_simple_block background_color=&#8221;inherit&#8221;][vc_column_text]A lagoon\u00ae technol\u00f3gi\u00e1r\u00f3l a The Woolmark Company igazolta, hogy alkalmas m\u00e9g a legfinomabb, kiz\u00e1r\u00f3lag vegytiszt\u00edtand\u00f3 gyapj\u00fak v\u00edzalap\u00fa tiszt\u00edt\u00e1s\u00e1ra.[\/vc_column_text][\/elx_simple_block][\/vc_column][vc_column width=&#8221;1\/2&#8243;][elx_image_block background_image=&#8221;633&#8243; minimum_height=&#8221;500px&#8221;][\/vc_column][\/vc_row][vc_row][vc_column][vc_empty_space][\/vc_column][\/vc_row][vc_row equal_height=&#8221;yes&#8221;][vc_column width=&#8221;1\/2&#8243;][elx_heading text_color=&#8221;inherit&#8221;]<span style=\"color: #37c0c9;\">\u201cBarnes tiszt\u00edt\u00f3szalon\u201d<\/span>[\/elx_heading][vc_column_text css_animation=&#8221;left-to-right&#8221;]<strong>Volt n\u00e9mi kih\u00edv\u00e1s embereknek megtan\u00edtani a k\u00fcl\u00f6nbs\u00e9get vizes tiszt\u00edt\u00e1s \u00e9s vegytiszt\u00edt\u00e1s k\u00f6z\u00f6tt. <\/strong><\/p>\n<p>Ez m\u00e9g \u00faj \u00e9s nagyon forradalmi koncepci\u00f3, de mostanra az \u00fcgyfelek j\u00f3val nyitottabbak a k\u00f6z\u00f6ns\u00e9g pedig l\u00e9nyegesen elfogad\u00f3bb \u00e9s lelkesebb a tev\u00e9kenys\u00e9g\u00fcnkkel kapcsolatban.<br \/>\nM\u00e1ra m\u00e1r t\u00f6bb mint sz\u00e1z ruh\u00e1t tudunk naponta kitiszt\u00edtani. Az emberek a hagyom\u00e1nyos vegytiszt\u00edt\u00e1s helyett v\u00e1lasztanak minket, mert sokkal jobb a k\u00f6rnyezetnek \u00e9s a ruh\u00e1iknak.<\/p>\n<p><strong>\u00dczleti szempontb\u00f3l kiv\u00e1l\u00f3, mert minden felmer\u00fcl\u0151 kih\u00edv\u00e1ssal megbirk\u00f3zunk.<\/strong>\u00a0Legyen az mindennapi \u00f6lt\u00f6zet, esk\u00fcv\u0151i ruha, b\u0151rkab\u00e1t vagy vel\u00far szoknya: b\u00e1rmit elv\u00e1llalunk.<\/p>\n<p>Amanda Barnes, Barnes the Cleaners tulajdonos, Devon &#8211; Egyes\u00fclt Kir\u00e1lys\u00e1g[\/vc_column_text][\/vc_column][vc_column width=&#8221;1\/2&#8243;][elx_image_block background_image=&#8221;634&#8243; vert_back_position=&#8221;top&#8221; minimum_height=&#8221;600px&#8221;][\/vc_column][\/vc_row][vc_row][vc_column][vc_empty_space][\/vc_column][\/vc_row][vc_row][vc_column width=&#8221;1\/2&#8243;][elx_download_block text=&#8221;Lagoon\u00ae Advanced Care Brochure&#8221; link=&#8221;files.professional.electrolux.com\/docs\/?n=A0021&amp;t=BR&amp;l=1&#8243; background_color=&#8221;commercial-laundries&#8221; reveal_effect=&#8221;fadeIn&#8221; reveal_duration=&#8221;&#8221; reveal_delay=&#8221;&#8221;][\/vc_column][\/vc_row][vc_row][vc_column][vc_empty_space][elx_heading text_color=&#8221;inherit&#8221;]L\u00e9pjen vel\u00fcnk kapcsolatba[\/elx_heading][elx_o2000_contact_us r=&#8221;I would like to find out more about solutions for laundry shop. Please get in touch with me.&#8221; s=&#8221;Request for information: laundry shops and lagoon\u00ae Advanced Care&#8221; b=&#8221;laundry&#8221; container=&#8221;elxcontactus1466431453&#8243;][\/vc_column][\/vc_row]<\/p>\n","protected":false},"excerpt":{"rendered":"<p>[vc_row full_width=&#8221;electroluxpro-full-width-no-padding&#8221;][vc_column][elx_hero_title label=&#8221;&#8221; label_background_color=&#8221;inherit&#8221; video_link=&#8221;https:\/\/www.youtube.com\/watch?v=Bmra-TGZPng&#8221; background_image=&#8221;628&#8243;][elx_heading font_container=&#8221;h1&#8243; text_color=&#8221;inherit&#8221;]Komplett tiszt\u00edt\u00e1si szolg\u00e1ltat\u00e1s 55 perc alatt [\/elx_heading][\/elx_hero_title][\/vc_column][\/vc_row][vc_row][vc_column][vc_empty_space][elx_heading font_size=&#8221;h2&#8243; text_color=&#8221;inherit&#8221; text_align=&#8221;text-center&#8221;]lagoon\u00ae Advanced Care[\/elx_heading][vc_empty_space height=&#8221;10px&#8221;][elx_heading font_size=&#8221;h2&#8243; text_color=&#8221;inherit&#8221; text_align=&#8221;text-center&#8221;]Gyors, egyszer\u0171 \u00e9s k\u00f6rnyezetbar\u00e1t. Tiszt\u00edt\u00e1s professzion\u00e1lis textilkezel\u00e9ssel. [\/elx_heading][vc_empty_space][\/vc_column][\/vc_row][vc_row][vc_column width=&#8221;1\/6&#8243;][vc_empty_space height=&#8221;10px&#8221;][\/vc_column][vc_column width=&#8221;4\/6&#8243;][vc_single_image image=&#8221;571&#8243; img_size=&#8221;full&#8221; alignment=&#8221;center&#8221;][\/vc_column][vc_column width=&#8221;1\/6&#8243;][\/vc_column][\/vc_row][vc_row][vc_column][vc_empty_space][\/vc_column][\/vc_row][vc_row full_width=&#8221;electroluxpro-container-no-padding&#8221; equal_height=&#8221;yes&#8221;][vc_column width=&#8221;2\/3&#8243;][elx_simple_block text_align=&#8221;text-center&#8221; text_color=&#8221;white&#8221; background_color=&#8221;electrolux-blue&#8221;][vc_column_text] A v\u00edz ereje Egy tiszta kezd\u00e9s V\u00e1s\u00e1rl\u00f3inak ig\u00e9nyei v\u00e1ltoznak! [\/vc_column_text][\/elx_simple_block][\/vc_column][\/vc_row][vc_row][vc_column][vc_empty_space][\/vc_column][\/vc_row][vc_row full_width=&#8221;electroluxpro-full-width-no-padding&#8221;][vc_column][elx_heading font_size=&#8221;h3&#8243; [&hellip;]<\/p>\n","protected":false},"author":3,"featured_media":443,"parent":0,"menu_order":0,"comment_status":"closed","ping_status":"closed","template":"","meta":{"footnotes":""},"class_list":["post-3807","page","type-page","status-publish","has-post-thumbnail","hentry"],"yoast_head":"<!-- This site is optimized with the Yoast SEO plugin v23.3 - https:\/\/yoast.com\/wordpress\/plugins\/seo\/ -->\n<title>Wet cleaning for delicate clothes - Electrolux Professional<\/title>\n<meta name=\"description\" content=\"Wet cleaning by lagoon Advanced Care for professional textile care and delicate clothes is the right solution for laundry shops.\" \/>\n<meta name=\"robots\" content=\"index, follow, max-snippet:-1, max-image-preview:large, max-video-preview:-1\" \/>\n<link rel=\"canonical\" href=\"https:\/\/www.electroluxprofessional.com\/hu\/laundry-shops\/\" \/>\n<meta property=\"og:locale\" content=\"hu_HU\" \/>\n<meta property=\"og:type\" content=\"article\" \/>\n<meta property=\"og:title\" content=\"Wet cleaning for delicate clothes - Electrolux Professional\" \/>\n<meta property=\"og:description\" content=\"Wet cleaning by lagoon Advanced Care for professional textile care and delicate clothes is the right solution for laundry shops.\" \/>\n<meta property=\"og:url\" content=\"https:\/\/www.electroluxprofessional.com\/hu\/laundry-shops\/\" \/>\n<meta property=\"og:site_name\" content=\"Electrolux Professional Magyarorsz\u00e1g\" \/>\n<meta property=\"article:modified_time\" content=\"2021-04-20T08:45:56+00:00\" \/>\n<meta property=\"og:image\" content=\"https:\/\/www.electroluxprofessional.com\/hu\/wp-content\/uploads\/2016\/06\/lagoon-delicate-clothes.jpg\" \/>\n\t<meta property=\"og:image:width\" content=\"365\" \/>\n\t<meta property=\"og:image:height\" content=\"365\" \/>\n\t<meta property=\"og:image:type\" content=\"image\/jpeg\" \/>\n<meta name=\"twitter:card\" content=\"summary_large_image\" \/>\n<meta name=\"twitter:label1\" content=\"Becs\u00fclt olvas\u00e1si id\u0151\" \/>\n\t<meta name=\"twitter:data1\" content=\"7 perc\" \/>\n<script type=\"application\/ld+json\" class=\"yoast-schema-graph\">{\"@context\":\"https:\/\/schema.org\",\"@graph\":[{\"@type\":\"WebPage\",\"@id\":\"https:\/\/www.electroluxprofessional.com\/hu\/laundry-shops\/\",\"url\":\"https:\/\/www.electroluxprofessional.com\/hu\/laundry-shops\/\",\"name\":\"Wet cleaning for delicate clothes - Electrolux Professional\",\"isPartOf\":{\"@id\":\"https:\/\/www.electroluxprofessional.com\/hu\/#website\"},\"primaryImageOfPage\":{\"@id\":\"https:\/\/www.electroluxprofessional.com\/hu\/laundry-shops\/#primaryimage\"},\"image\":{\"@id\":\"https:\/\/www.electroluxprofessional.com\/hu\/laundry-shops\/#primaryimage\"},\"thumbnailUrl\":\"https:\/\/www.electroluxprofessional.com\/hu\/wp-content\/uploads\/2016\/06\/lagoon-delicate-clothes.jpg\",\"datePublished\":\"2016-05-19T11:54:16+00:00\",\"dateModified\":\"2021-04-20T08:45:56+00:00\",\"description\":\"Wet cleaning by lagoon Advanced Care for professional textile care and delicate clothes is the right solution for laundry shops.\",\"breadcrumb\":{\"@id\":\"https:\/\/www.electroluxprofessional.com\/hu\/laundry-shops\/#breadcrumb\"},\"inLanguage\":\"hu\",\"potentialAction\":[{\"@type\":\"ReadAction\",\"target\":[\"https:\/\/www.electroluxprofessional.com\/hu\/laundry-shops\/\"]}]},{\"@type\":\"ImageObject\",\"inLanguage\":\"hu\",\"@id\":\"https:\/\/www.electroluxprofessional.com\/hu\/laundry-shops\/#primaryimage\",\"url\":\"https:\/\/www.electroluxprofessional.com\/hu\/wp-content\/uploads\/2016\/06\/lagoon-delicate-clothes.jpg\",\"contentUrl\":\"https:\/\/www.electroluxprofessional.com\/hu\/wp-content\/uploads\/2016\/06\/lagoon-delicate-clothes.jpg\",\"width\":365,\"height\":365,\"caption\":\"laundry shops\"},{\"@type\":\"BreadcrumbList\",\"@id\":\"https:\/\/www.electroluxprofessional.com\/hu\/laundry-shops\/#breadcrumb\",\"itemListElement\":[{\"@type\":\"ListItem\",\"position\":1,\"name\":\"Home\",\"item\":\"https:\/\/www.electroluxprofessional.com\/hu\/\"},{\"@type\":\"ListItem\",\"position\":2,\"name\":\"Mos\u00f3 szalonok\"}]},{\"@type\":\"WebSite\",\"@id\":\"https:\/\/www.electroluxprofessional.com\/hu\/#website\",\"url\":\"https:\/\/www.electroluxprofessional.com\/hu\/\",\"name\":\"Electrolux Professional Magyarorsz\u00e1g\",\"description\":\"\",\"potentialAction\":[{\"@type\":\"SearchAction\",\"target\":{\"@type\":\"EntryPoint\",\"urlTemplate\":\"https:\/\/www.electroluxprofessional.com\/hu\/?src={search_term_string}\"},\"query-input\":\"required name=search_term_string\"}],\"inLanguage\":\"hu\"}]}<\/script>\n<!-- \/ Yoast SEO plugin. -->","yoast_head_json":{"title":"Wet cleaning for delicate clothes - Electrolux Professional","description":"Wet cleaning by lagoon Advanced Care for professional textile care and delicate clothes is the right solution for laundry shops.","robots":{"index":"index","follow":"follow","max-snippet":"max-snippet:-1","max-image-preview":"max-image-preview:large","max-video-preview":"max-video-preview:-1"},"canonical":"https:\/\/www.electroluxprofessional.com\/hu\/laundry-shops\/","og_locale":"hu_HU","og_type":"article","og_title":"Wet cleaning for delicate clothes - Electrolux Professional","og_description":"Wet cleaning by lagoon Advanced Care for professional textile care and delicate clothes is the right solution for laundry shops.","og_url":"https:\/\/www.electroluxprofessional.com\/hu\/laundry-shops\/","og_site_name":"Electrolux Professional Magyarorsz\u00e1g","article_modified_time":"2021-04-20T08:45:56+00:00","og_image":[{"width":365,"height":365,"url":"https:\/\/www.electroluxprofessional.com\/hu\/wp-content\/uploads\/2016\/06\/lagoon-delicate-clothes.jpg","type":"image\/jpeg"}],"twitter_card":"summary_large_image","twitter_misc":{"Becs\u00fclt olvas\u00e1si id\u0151":"7 perc"},"schema":{"@context":"https:\/\/schema.org","@graph":[{"@type":"WebPage","@id":"https:\/\/www.electroluxprofessional.com\/hu\/laundry-shops\/","url":"https:\/\/www.electroluxprofessional.com\/hu\/laundry-shops\/","name":"Wet cleaning for delicate clothes - Electrolux Professional","isPartOf":{"@id":"https:\/\/www.electroluxprofessional.com\/hu\/#website"},"primaryImageOfPage":{"@id":"https:\/\/www.electroluxprofessional.com\/hu\/laundry-shops\/#primaryimage"},"image":{"@id":"https:\/\/www.electroluxprofessional.com\/hu\/laundry-shops\/#primaryimage"},"thumbnailUrl":"https:\/\/www.electroluxprofessional.com\/hu\/wp-content\/uploads\/2016\/06\/lagoon-delicate-clothes.jpg","datePublished":"2016-05-19T11:54:16+00:00","dateModified":"2021-04-20T08:45:56+00:00","description":"Wet cleaning by lagoon Advanced Care for professional textile care and delicate clothes is the right solution for laundry shops.","breadcrumb":{"@id":"https:\/\/www.electroluxprofessional.com\/hu\/laundry-shops\/#breadcrumb"},"inLanguage":"hu","potentialAction":[{"@type":"ReadAction","target":["https:\/\/www.electroluxprofessional.com\/hu\/laundry-shops\/"]}]},{"@type":"ImageObject","inLanguage":"hu","@id":"https:\/\/www.electroluxprofessional.com\/hu\/laundry-shops\/#primaryimage","url":"https:\/\/www.electroluxprofessional.com\/hu\/wp-content\/uploads\/2016\/06\/lagoon-delicate-clothes.jpg","contentUrl":"https:\/\/www.electroluxprofessional.com\/hu\/wp-content\/uploads\/2016\/06\/lagoon-delicate-clothes.jpg","width":365,"height":365,"caption":"laundry shops"},{"@type":"BreadcrumbList","@id":"https:\/\/www.electroluxprofessional.com\/hu\/laundry-shops\/#breadcrumb","itemListElement":[{"@type":"ListItem","position":1,"name":"Home","item":"https:\/\/www.electroluxprofessional.com\/hu\/"},{"@type":"ListItem","position":2,"name":"Mos\u00f3 szalonok"}]},{"@type":"WebSite","@id":"https:\/\/www.electroluxprofessional.com\/hu\/#website","url":"https:\/\/www.electroluxprofessional.com\/hu\/","name":"Electrolux Professional Magyarorsz\u00e1g","description":"","potentialAction":[{"@type":"SearchAction","target":{"@type":"EntryPoint","urlTemplate":"https:\/\/www.electroluxprofessional.com\/hu\/?src={search_term_string}"},"query-input":"required name=search_term_string"}],"inLanguage":"hu"}]}},"_links":{"self":[{"href":"https:\/\/www.electroluxprofessional.com\/hu\/wp-json\/wp\/v2\/pages\/3807"}],"collection":[{"href":"https:\/\/www.electroluxprofessional.com\/hu\/wp-json\/wp\/v2\/pages"}],"about":[{"href":"https:\/\/www.electroluxprofessional.com\/hu\/wp-json\/wp\/v2\/types\/page"}],"author":[{"embeddable":true,"href":"https:\/\/www.electroluxprofessional.com\/hu\/wp-json\/wp\/v2\/users\/3"}],"replies":[{"embeddable":true,"href":"https:\/\/www.electroluxprofessional.com\/hu\/wp-json\/wp\/v2\/comments?post=3807"}],"version-history":[{"count":17,"href":"https:\/\/www.electroluxprofessional.com\/hu\/wp-json\/wp\/v2\/pages\/3807\/revisions"}],"predecessor-version":[{"id":5737,"href":"https:\/\/www.electroluxprofessional.com\/hu\/wp-json\/wp\/v2\/pages\/3807\/revisions\/5737"}],"wp:featuredmedia":[{"embeddable":true,"href":"https:\/\/www.electroluxprofessional.com\/hu\/wp-json\/wp\/v2\/media\/443"}],"wp:attachment":[{"href":"https:\/\/www.electroluxprofessional.com\/hu\/wp-json\/wp\/v2\/media?parent=3807"}],"curies":[{"name":"wp","href":"https:\/\/api.w.org\/{rel}","templated":true}]}}