{"id":3800,"date":"2016-05-24T12:20:54","date_gmt":"2016-05-24T12:20:54","guid":{"rendered":"https:\/\/www.electroluxprofessional.com\/?page_id=1465"},"modified":"2025-11-05T14:57:23","modified_gmt":"2025-11-05T14:57:23","slug":"heat-pump-dryers-2","status":"publish","type":"page","link":"https:\/\/www.electroluxprofessional.com\/hu\/heat-pump-dryers-2\/","title":{"rendered":"F\u0171t\u0151pump\u00e1s sz\u00e1r\u00edt\u00f3g\u00e9pek"},"content":{"rendered":"<p>[vc_row full_width=&#8221;electroluxpro-full-width-no-padding&#8221;][vc_column][elx_hero_slider label_text_color=&#8221;inherit&#8221; images=&#8221;664&#8243;][elx_heading font_container=&#8221;h1&#8243; font_size=&#8221;h2&#8243; text_color=&#8221;inherit&#8221;]H\u0151szivatty\u00fas sz\u00e1r\u00edt\u00f3g\u00e9p (T5190LE)[\/elx_heading][\/elx_hero_slider][\/vc_column][\/vc_row][vc_row][vc_column css=&#8221;.vc_custom_1464253016404{padding-top: 30px !important;}&#8221;][vc_empty_space][\/vc_column][\/vc_row][vc_row equal_height=&#8221;yes&#8221;][vc_column width=&#8221;1\/2&#8243;][vc_empty_space][elx_heading font_container=&#8221;h3&#8243; text_color=&#8221;inherit&#8221;]A professzion\u00e1lis mosod\u00e1knak energia- \u00e9s k\u00f6lts\u00e9gtakar\u00e9kos megold\u00e1sra van sz\u00fcks\u00e9g\u00fck.[\/elx_heading][vc_empty_space][vc_column_text css=&#8221;.vc_custom_1497615640282{margin-bottom: 0px !important;border-bottom-width: 0px !important;padding-bottom: 0px !important;}&#8221;]A T5190LE t\u00edpus\u00fa h\u0151szivatty\u00fas sz\u00e1r\u00edt\u00f3g\u00e9p seg\u00edts\u00e9g\u00e9vel a megrendel\u0151k a saj\u00e1t mosod\u00e1jukban, illetve a lak\u00f3k az apartmanh\u00e1zi mosod\u00e1kban ak\u00e1r 60%-os energia megtakar\u00edt\u00e1st is el\u00e9rhetnek a k\u00f6lts\u00e9ghat\u00e9kony sz\u00e1r\u00edt\u00e1si ciklusokkal.[\/vc_column_text][\/vc_column][vc_column width=&#8221;1\/2&#8243;][elx_video_block background_image=&#8221;670&#8243; video_link=&#8221;https:\/\/www.youtube.com\/watch?v=agTB9lzil5c&#8221; minimum_height=&#8221;415px&#8221;][\/vc_column][\/vc_row][vc_row][vc_column][vc_empty_space][\/vc_column][\/vc_row][vc_row][vc_column width=&#8221;1\/3&#8243;][elx_heading font_container=&#8221;h4&#8243; text_color=&#8221;orange&#8221;]Cs\u00f6kkentse k\u00f6lts\u00e9geit a kiv\u00e1l\u00f3 m\u0171k\u00f6d\u00e9s r\u00e9v\u00e9n[\/elx_heading][vc_column_text]<strong>Ak\u00e1r\u00a060% energiamegtakar\u00edt\u00e1s.<\/strong><\/p>\n<p><strong>R\u00f6vid, mind\u00f6ssze 51 perces ciklusid\u0151 (teljes t\u00f6ltettel) a hat\u00e9kony elp\u00e1rologtat\u00e1snak k\u00f6sz\u00f6nhet\u0151en.<\/strong>\u00a0Ez biztos\u00edtja a val\u00f3di energia-, k\u00f6lts\u00e9g- \u00e9s id\u0151megtakar\u00edt\u00e1st.[\/vc_column_text][\/vc_column][vc_column width=&#8221;1\/3&#8243;][elx_heading font_container=&#8221;h4&#8243; text_color=&#8221;orange&#8221;]Takar\u00edtson meg id\u0151t \u00e9s el\u0151zze meg a le\u00e1ll\u00e1sokat [\/elx_heading][vc_column_text]<strong>A T5190LE sz\u00e1r\u00edt\u00f3g\u00e9pet nagyon k\u00f6nny\u0171\u00a0kezelni. <\/strong><\/p>\n<p><strong>A h\u0151szivatty\u00fa egys\u00e9g k\u00f6nnyen lev\u00e1laszthat\u00f3 a g\u00e9pr\u0151l, \u00edgy a f\u0151 darabok k\u00e9nyelmesen hozz\u00e1f\u00e9rhet\u0151k.<\/strong>\u00a0Ezzel a megold\u00e1ssal a szervizel\u00e9s gyorsabb lehet, mint eddig b\u00e1rmikor.[\/vc_column_text][\/vc_column][vc_column width=&#8221;1\/3&#8243;][elx_heading font_container=&#8221;h4&#8243; text_color=&#8221;orange&#8221;]Kisebb helyen nagyobb hat\u00e9konys\u00e1g[\/elx_heading][vc_column_text]<strong>A g\u00e9p a kis helyen elf\u00e9r.<\/strong><\/p>\n<p>Nincs sz\u00fcks\u00e9g p\u00e1r\u00e1s leveg\u0151 elvezet\u00e9sre vagy leveg\u0151bemenetre, csak csatlakoztatni kell az elektromos h\u00e1l\u00f3zatra \u00e9s b\u00e1rhol m\u0171k\u00f6dhet.<strong>\u00a0A terem h\u0151terhel\u00e9se minim\u00e1lis, a g\u00e9p alapter\u00fclete ugyanakkora, mint egy h\u00e1ztart\u00e1si sz\u00e1r\u00edt\u00f3g\u00e9p\u00e9.<\/strong>[\/vc_column_text][\/vc_column][\/vc_row][vc_row][vc_column width=&#8221;1\/3&#8243;][elx_image_block background_image=&#8221;671&#8243; minimum_height=&#8221;500px&#8221;][\/vc_column][vc_column width=&#8221;1\/3&#8243;][elx_image_block background_image=&#8221;1643&#8243; minimum_height=&#8221;500px&#8221;][\/vc_column][vc_column width=&#8221;1\/3&#8243;][vc_empty_space][elx_heading font_size=&#8221;h3&#8243; text_color=&#8221;inherit&#8221;]K\u00f6nny\u0171 hozz\u00e1f\u00e9rni a pihesz\u0171r\u0151h\u00f6z, az egyedi v\u00edzszintes elhelyez\u00e9se miatt.[\/elx_heading][vc_column_text]A h\u0151cser\u00e9l\u0151 egys\u00e9g k\u00f6nnyen lev\u00e1laszthat\u00f3 a sz\u00e1r\u00edt\u00f3g\u00e9pr\u0151l az egyszer\u0171 szervizel\u00e9s \u00e9rdek\u00e9ben.[\/vc_column_text][\/vc_column][\/vc_row][vc_row][vc_column][vc_empty_space height=&#8221;50px&#8221;][\/vc_column][\/vc_row][vc_row][vc_column width=&#8221;2\/3&#8243;][elx_video_block background_image=&#8221;732&#8243; video_link=&#8221;https:\/\/www.youtube.com\/watch?v=agTB9lzil5c&#8221; minimum_height=&#8221;260px&#8221;][vc_column_text]F\u0171t\u0151pump\u00e1s sz\u00e1r\u00edt\u00f3g\u00e9pek[\/vc_column_text][\/vc_column][vc_column width=&#8221;1\/3&#8243;][elx_download_block text=&#8221;Fedezze fel a komplett<br \/>\nsz\u00e1r\u00edt\u00f3g\u00e9p k\u00edn\u00e1latot&#8221; link_target=&#8221;self&#8221; link=&#8221;https:\/\/www.electroluxprofessional.com\/hu\/commercial-laundry-equipment\/tumble-dyers\/&#8221; reveal_effect=&#8221;&#8221; reveal_duration=&#8221;&#8221; reveal_delay=&#8221;&#8221; background_image=&#8221;820&#8243;][\/vc_column][\/vc_row][vc_row][vc_column][vc_empty_space height=&#8221;50px&#8221;][elx_heading font_size=&#8221;h3&#8243; text_color=&#8221;inherit&#8221; text_align=&#8221;text-center&#8221;]Tal\u00e1lja meg az ide\u00e1lis megold\u00e1st mosod\u00e1j\u00e1nak![\/elx_heading][\/vc_column][\/vc_row][vc_row][vc_column][elx_heading font_size=&#8221;h2&#8243; text_color=&#8221;inherit&#8221; text_align=&#8221;text-center&#8221;]Fedezze fel a h\u0151szivatty\u00fas sz\u00e1r\u00edt\u00f3g\u00e9pek el\u0151nyeit![\/elx_heading][elx_o2000_contact_us r=&#8221;Szeretn\u00e9k t\u00f6bb inform\u00e1ci\u00f3t kapni err\u0151l a term\u00e9kr\u0151l H\u0151szivatty\u00fas sz\u00e1r\u00edt\u00f3g\u00e9p. K\u00e9rem, vegy\u00e9k fel velem a kapcsolatot.&#8221; s=&#8221;Inform\u00e1ci\u00f3 k\u00e9r\u00e9s err\u0151l a term\u00e9kr\u0151l H\u0151szivatty\u00fas sz\u00e1r\u00edt\u00f3g\u00e9p&#8221; country=&#8221;Hungary&#8221; l=&#8221;hu&#8221; b=&#8221;laundry&#8221; container=&#8221;elxcontactus1466429561&#8243;][\/vc_column][\/vc_row][vc_row][vc_column][vc_empty_space height=&#8221;50px&#8221;][\/vc_column][\/vc_row]<\/p>\n","protected":false},"excerpt":{"rendered":"<p>[vc_row full_width=&#8221;electroluxpro-full-width-no-padding&#8221;][vc_column][elx_hero_slider label_text_color=&#8221;inherit&#8221; images=&#8221;664&#8243;][elx_heading font_container=&#8221;h1&#8243; font_size=&#8221;h2&#8243; text_color=&#8221;inherit&#8221;]H\u0151szivatty\u00fas sz\u00e1r\u00edt\u00f3g\u00e9p (T5190LE)[\/elx_heading][\/elx_hero_slider][\/vc_column][\/vc_row][vc_row][vc_column css=&#8221;.vc_custom_1464253016404{padding-top: 30px !important;}&#8221;][vc_empty_space][\/vc_column][\/vc_row][vc_row equal_height=&#8221;yes&#8221;][vc_column width=&#8221;1\/2&#8243;][vc_empty_space][elx_heading font_container=&#8221;h3&#8243; text_color=&#8221;inherit&#8221;]A professzion\u00e1lis mosod\u00e1knak energia- \u00e9s k\u00f6lts\u00e9gtakar\u00e9kos megold\u00e1sra van sz\u00fcks\u00e9g\u00fck.[\/elx_heading][vc_empty_space][vc_column_text css=&#8221;.vc_custom_1497615640282{margin-bottom: 0px !important;border-bottom-width: 0px !important;padding-bottom: 0px !important;}&#8221;]A T5190LE t\u00edpus\u00fa h\u0151szivatty\u00fas sz\u00e1r\u00edt\u00f3g\u00e9p seg\u00edts\u00e9g\u00e9vel a megrendel\u0151k a saj\u00e1t mosod\u00e1jukban, illetve a lak\u00f3k az apartmanh\u00e1zi mosod\u00e1kban ak\u00e1r 60%-os energia megtakar\u00edt\u00e1st is el\u00e9rhetnek a k\u00f6lts\u00e9ghat\u00e9kony [&hellip;]<\/p>\n","protected":false},"author":3,"featured_media":390,"parent":0,"menu_order":0,"comment_status":"closed","ping_status":"closed","template":"","meta":{"footnotes":""},"class_list":["post-3800","page","type-page","status-publish","has-post-thumbnail","hentry"],"yoast_head":"<!-- This site is optimized with the Yoast SEO plugin v23.3 - https:\/\/yoast.com\/wordpress\/plugins\/seo\/ -->\n<title>Heat Pump Dryers - Electrolux Professional<\/title>\n<meta name=\"description\" content=\"Heat Pump Dryers by Electrolux Professional allow customers at on-premise-laundries and apartment house laundries to save up to 60% energy.\" \/>\n<meta name=\"robots\" content=\"index, follow, max-snippet:-1, max-image-preview:large, max-video-preview:-1\" \/>\n<link rel=\"canonical\" href=\"https:\/\/www.electroluxprofessional.com\/hu\/heat-pump-dryers-2\/\" \/>\n<meta property=\"og:locale\" content=\"hu_HU\" \/>\n<meta property=\"og:type\" content=\"article\" \/>\n<meta property=\"og:title\" content=\"Heat Pump Dryers - Electrolux Professional\" \/>\n<meta property=\"og:description\" content=\"Heat Pump Dryers by Electrolux Professional allow customers at on-premise-laundries and apartment house laundries to save up to 60% energy.\" \/>\n<meta property=\"og:url\" content=\"https:\/\/www.electroluxprofessional.com\/hu\/heat-pump-dryers-2\/\" \/>\n<meta property=\"og:site_name\" content=\"Electrolux Professional Magyarorsz\u00e1g\" \/>\n<meta property=\"article:modified_time\" content=\"2025-11-05T14:57:23+00:00\" \/>\n<meta property=\"og:image\" content=\"https:\/\/www.electroluxprofessional.com\/hu\/wp-content\/uploads\/2016\/11\/heat-pump-dryer-quadro.jpg\" \/>\n\t<meta property=\"og:image:width\" content=\"700\" \/>\n\t<meta property=\"og:image:height\" content=\"700\" \/>\n\t<meta property=\"og:image:type\" content=\"image\/jpeg\" \/>\n<meta name=\"twitter:card\" content=\"summary_large_image\" \/>\n<meta name=\"twitter:label1\" content=\"Becs\u00fclt olvas\u00e1si id\u0151\" \/>\n\t<meta name=\"twitter:data1\" content=\"2 perc\" \/>\n<script type=\"application\/ld+json\" class=\"yoast-schema-graph\">{\"@context\":\"https:\/\/schema.org\",\"@graph\":[{\"@type\":\"WebPage\",\"@id\":\"https:\/\/www.electroluxprofessional.com\/hu\/heat-pump-dryers-2\/\",\"url\":\"https:\/\/www.electroluxprofessional.com\/hu\/heat-pump-dryers-2\/\",\"name\":\"Heat Pump Dryers - Electrolux Professional\",\"isPartOf\":{\"@id\":\"https:\/\/www.electroluxprofessional.com\/hu\/#website\"},\"primaryImageOfPage\":{\"@id\":\"https:\/\/www.electroluxprofessional.com\/hu\/heat-pump-dryers-2\/#primaryimage\"},\"image\":{\"@id\":\"https:\/\/www.electroluxprofessional.com\/hu\/heat-pump-dryers-2\/#primaryimage\"},\"thumbnailUrl\":\"https:\/\/www.electroluxprofessional.com\/hu\/wp-content\/uploads\/2016\/11\/heat-pump-dryer-quadro.jpg\",\"datePublished\":\"2016-05-24T12:20:54+00:00\",\"dateModified\":\"2025-11-05T14:57:23+00:00\",\"description\":\"Heat Pump Dryers by Electrolux Professional allow customers at on-premise-laundries and apartment house laundries to save up to 60% energy.\",\"breadcrumb\":{\"@id\":\"https:\/\/www.electroluxprofessional.com\/hu\/heat-pump-dryers-2\/#breadcrumb\"},\"inLanguage\":\"hu\",\"potentialAction\":[{\"@type\":\"ReadAction\",\"target\":[\"https:\/\/www.electroluxprofessional.com\/hu\/heat-pump-dryers-2\/\"]}]},{\"@type\":\"ImageObject\",\"inLanguage\":\"hu\",\"@id\":\"https:\/\/www.electroluxprofessional.com\/hu\/heat-pump-dryers-2\/#primaryimage\",\"url\":\"https:\/\/www.electroluxprofessional.com\/hu\/wp-content\/uploads\/2016\/11\/heat-pump-dryer-quadro.jpg\",\"contentUrl\":\"https:\/\/www.electroluxprofessional.com\/hu\/wp-content\/uploads\/2016\/11\/heat-pump-dryer-quadro.jpg\",\"width\":700,\"height\":700,\"caption\":\"heat pump dryer\"},{\"@type\":\"BreadcrumbList\",\"@id\":\"https:\/\/www.electroluxprofessional.com\/hu\/heat-pump-dryers-2\/#breadcrumb\",\"itemListElement\":[{\"@type\":\"ListItem\",\"position\":1,\"name\":\"Home\",\"item\":\"https:\/\/www.electroluxprofessional.com\/hu\/\"},{\"@type\":\"ListItem\",\"position\":2,\"name\":\"F\u0171t\u0151pump\u00e1s sz\u00e1r\u00edt\u00f3g\u00e9pek\"}]},{\"@type\":\"WebSite\",\"@id\":\"https:\/\/www.electroluxprofessional.com\/hu\/#website\",\"url\":\"https:\/\/www.electroluxprofessional.com\/hu\/\",\"name\":\"Electrolux Professional Magyarorsz\u00e1g\",\"description\":\"\",\"potentialAction\":[{\"@type\":\"SearchAction\",\"target\":{\"@type\":\"EntryPoint\",\"urlTemplate\":\"https:\/\/www.electroluxprofessional.com\/hu\/?src={search_term_string}\"},\"query-input\":\"required name=search_term_string\"}],\"inLanguage\":\"hu\"}]}<\/script>\n<!-- \/ Yoast SEO plugin. -->","yoast_head_json":{"title":"Heat Pump Dryers - Electrolux Professional","description":"Heat Pump Dryers by Electrolux Professional allow customers at on-premise-laundries and apartment house laundries to save up to 60% energy.","robots":{"index":"index","follow":"follow","max-snippet":"max-snippet:-1","max-image-preview":"max-image-preview:large","max-video-preview":"max-video-preview:-1"},"canonical":"https:\/\/www.electroluxprofessional.com\/hu\/heat-pump-dryers-2\/","og_locale":"hu_HU","og_type":"article","og_title":"Heat Pump Dryers - Electrolux Professional","og_description":"Heat Pump Dryers by Electrolux Professional allow customers at on-premise-laundries and apartment house laundries to save up to 60% energy.","og_url":"https:\/\/www.electroluxprofessional.com\/hu\/heat-pump-dryers-2\/","og_site_name":"Electrolux Professional Magyarorsz\u00e1g","article_modified_time":"2025-11-05T14:57:23+00:00","og_image":[{"width":700,"height":700,"url":"https:\/\/www.electroluxprofessional.com\/hu\/wp-content\/uploads\/2016\/11\/heat-pump-dryer-quadro.jpg","type":"image\/jpeg"}],"twitter_card":"summary_large_image","twitter_misc":{"Becs\u00fclt olvas\u00e1si id\u0151":"2 perc"},"schema":{"@context":"https:\/\/schema.org","@graph":[{"@type":"WebPage","@id":"https:\/\/www.electroluxprofessional.com\/hu\/heat-pump-dryers-2\/","url":"https:\/\/www.electroluxprofessional.com\/hu\/heat-pump-dryers-2\/","name":"Heat Pump Dryers - Electrolux Professional","isPartOf":{"@id":"https:\/\/www.electroluxprofessional.com\/hu\/#website"},"primaryImageOfPage":{"@id":"https:\/\/www.electroluxprofessional.com\/hu\/heat-pump-dryers-2\/#primaryimage"},"image":{"@id":"https:\/\/www.electroluxprofessional.com\/hu\/heat-pump-dryers-2\/#primaryimage"},"thumbnailUrl":"https:\/\/www.electroluxprofessional.com\/hu\/wp-content\/uploads\/2016\/11\/heat-pump-dryer-quadro.jpg","datePublished":"2016-05-24T12:20:54+00:00","dateModified":"2025-11-05T14:57:23+00:00","description":"Heat Pump Dryers by Electrolux Professional allow customers at on-premise-laundries and apartment house laundries to save up to 60% energy.","breadcrumb":{"@id":"https:\/\/www.electroluxprofessional.com\/hu\/heat-pump-dryers-2\/#breadcrumb"},"inLanguage":"hu","potentialAction":[{"@type":"ReadAction","target":["https:\/\/www.electroluxprofessional.com\/hu\/heat-pump-dryers-2\/"]}]},{"@type":"ImageObject","inLanguage":"hu","@id":"https:\/\/www.electroluxprofessional.com\/hu\/heat-pump-dryers-2\/#primaryimage","url":"https:\/\/www.electroluxprofessional.com\/hu\/wp-content\/uploads\/2016\/11\/heat-pump-dryer-quadro.jpg","contentUrl":"https:\/\/www.electroluxprofessional.com\/hu\/wp-content\/uploads\/2016\/11\/heat-pump-dryer-quadro.jpg","width":700,"height":700,"caption":"heat pump dryer"},{"@type":"BreadcrumbList","@id":"https:\/\/www.electroluxprofessional.com\/hu\/heat-pump-dryers-2\/#breadcrumb","itemListElement":[{"@type":"ListItem","position":1,"name":"Home","item":"https:\/\/www.electroluxprofessional.com\/hu\/"},{"@type":"ListItem","position":2,"name":"F\u0171t\u0151pump\u00e1s sz\u00e1r\u00edt\u00f3g\u00e9pek"}]},{"@type":"WebSite","@id":"https:\/\/www.electroluxprofessional.com\/hu\/#website","url":"https:\/\/www.electroluxprofessional.com\/hu\/","name":"Electrolux Professional Magyarorsz\u00e1g","description":"","potentialAction":[{"@type":"SearchAction","target":{"@type":"EntryPoint","urlTemplate":"https:\/\/www.electroluxprofessional.com\/hu\/?src={search_term_string}"},"query-input":"required name=search_term_string"}],"inLanguage":"hu"}]}},"_links":{"self":[{"href":"https:\/\/www.electroluxprofessional.com\/hu\/wp-json\/wp\/v2\/pages\/3800"}],"collection":[{"href":"https:\/\/www.electroluxprofessional.com\/hu\/wp-json\/wp\/v2\/pages"}],"about":[{"href":"https:\/\/www.electroluxprofessional.com\/hu\/wp-json\/wp\/v2\/types\/page"}],"author":[{"embeddable":true,"href":"https:\/\/www.electroluxprofessional.com\/hu\/wp-json\/wp\/v2\/users\/3"}],"replies":[{"embeddable":true,"href":"https:\/\/www.electroluxprofessional.com\/hu\/wp-json\/wp\/v2\/comments?post=3800"}],"version-history":[{"count":9,"href":"https:\/\/www.electroluxprofessional.com\/hu\/wp-json\/wp\/v2\/pages\/3800\/revisions"}],"predecessor-version":[{"id":9337,"href":"https:\/\/www.electroluxprofessional.com\/hu\/wp-json\/wp\/v2\/pages\/3800\/revisions\/9337"}],"wp:featuredmedia":[{"embeddable":true,"href":"https:\/\/www.electroluxprofessional.com\/hu\/wp-json\/wp\/v2\/media\/390"}],"wp:attachment":[{"href":"https:\/\/www.electroluxprofessional.com\/hu\/wp-json\/wp\/v2\/media?parent=3800"}],"curies":[{"name":"wp","href":"https:\/\/api.w.org\/{rel}","templated":true}]}}