{"id":3785,"date":"2016-04-28T15:37:22","date_gmt":"2016-04-28T15:37:22","guid":{"rendered":"https:\/\/www.electroluxprofessional.com\/?page_id=402"},"modified":"2025-11-05T15:02:02","modified_gmt":"2025-11-05T15:02:02","slug":"hospitals","status":"publish","type":"page","link":"https:\/\/www.electroluxprofessional.com\/hu\/hospitals\/","title":{"rendered":"K\u00f3rh\u00e1zak"},"content":{"rendered":"<p>[vc_row full_width=&#8221;electroluxpro-full-width-no-padding&#8221; equal_height=&#8221;yes&#8221; content_placement=&#8221;top&#8221;][vc_column reveal_effect=&#8221;&#8221; width=&#8221;1\/2&#8243;][elx_citation name=&#8221;Daniel Bertrand &#8211; Laundry Operator&#8221; company=&#8221;Bourges, France&#8221;][elx_heading font_container=&#8221;h1&#8243; font_size=&#8221;h2&#8243; text_color=&#8221;inherit&#8221;]L\u00e1tjuk a k\u00fcl\u00f6nbs\u00e9get. Betegeink \u00e9rzik. Egyik m\u00e1s mosodai g\u00e9pgy\u00e1rt\u00f3 sem \u00e9rti jobban az \u00e1gazat speci\u00e1lis eg\u00e9szs\u00e9g\u00fcgyi folyamatait \u00e9s egyik sem tud ilyen kiv\u00e1l\u00f3 megold\u00e1st k\u00edn\u00e1lni.[\/elx_heading][\/elx_citation][\/vc_column][vc_column reveal_effect=&#8221;&#8221; width=&#8221;1\/2&#8243;][elx_image_block background_image=&#8221;573&#8243; minimum_height=&#8221;670px&#8221;][\/vc_column][\/vc_row][vc_row full_width=&#8221;electroluxpro-container-no-padding&#8221;][vc_column][elx_heading text_color=&#8221;inherit&#8221; text_align=&#8221;text-center&#8221;]<strong>K\u00f3rh\u00e1zak:<\/strong> teljesen cs\u00edramentes k\u00f6rnyezet \u00e9s<br \/>\nhigi\u00e9nia, kompromisszumok n\u00e9lk\u00fcl<br \/>\n[\/elx_heading][vc_column_text]<\/p>\n<p style=\"text-align: center;\">A k\u00f3rh\u00e1zak \u00e9s klinik\u00e1k csak\u00a0nagyon szigor\u00fa higi\u00e9niai el\u0151\u00edr\u00e1sok betart\u00e1s\u00e1val m\u0171k\u00f6dhetnek,<br \/>\namelybe beletartozik a textilkezel\u00e9s \u00e9s a\u00a0textilek, \u00e1gynem\u0171k, t\u00f6r\u00f6lk\u00f6z\u0151k \u00e9s a szem\u00e9lyzet ruh\u00e1j\u00e1nak tiszt\u00edt\u00e1sa.<\/p>\n<p>[\/vc_column_text][vc_empty_space height=&#8221;50px&#8221;][\/vc_column][\/vc_row][vc_row full_width=&#8221;electroluxpro-full-width-no-padding&#8221; equal_height=&#8221;yes&#8221; content_placement=&#8221;middle&#8221; video_bg=&#8221;yes&#8221; video_bg_parallax=&#8221;content-moving&#8221;][vc_column reveal_effect=&#8221;&#8221; width=&#8221;1\/2&#8243;][elx_image_block background_image=&#8221;1528&#8243; minimum_height=&#8221;600px&#8221;][\/vc_column][vc_column width=&#8221;1\/2&#8243;][elx_simple_block background_color=&#8221;inherit&#8221;][vc_column_text]<\/p>\n<ul>\n<li>A professzion\u00e1lis mosodai megold\u00e1sok, amelyek m\u00e9g a<strong>\u00a0hermetikus elszigetel\u00e9s <\/strong>legszigor\u00fabb el\u0151\u00edr\u00e1sainak is megfelelnek<strong><br \/>\n<\/strong><\/li>\n<li>Glob\u00e1lis piacvezet\u0151 a\u00a0<strong>higi\u00e9nikus mosod\u00e1k ter\u00fclet\u00e9n<\/strong>\u00a0\u00e9vente t\u00f6bb mint 500 install\u00e1ci\u00f3val<br \/>\n<strong>\u00a0\u00a0<\/strong><\/li>\n<li>Intelligens megold\u00e1sok, mint az egyed\u00fcl\u00e1ll\u00f3 Certus Management\u2122 inform\u00e1ci\u00f3s rendszer r\u00e9v\u00e9n maxim\u00e1lis<strong>\u00a0ir\u00e1ny\u00edthat\u00f3s\u00e1g \u00e9s nyomon k\u00f6vethet\u0151s\u00e9g<\/strong>\u00a0a teljes mosodai folyamat sor\u00e1n<br \/>\n<strong>\u00a0\u00a0<\/strong><\/li>\n<li>Javul\u00f3 hat\u00e9konys\u00e1g \u00e9s termel\u00e9kenys\u00e9g, mivel n\u0151 a napi ciklusok sz\u00e1ma<br \/>\n<strong>\u00a0\u00a0<\/strong><\/li>\n<li><strong>Kiv\u00e1l\u00f3 szervizh\u00e1tt\u00e9r: <\/strong>a vil\u00e1g legkiterjedtebb szerviz h\u00e1l\u00f3zata, telep\u00edt\u00e9s, alkatr\u00e9szell\u00e1t\u00e1s, karbantart\u00e1s<\/li>\n<\/ul>\n<p>[\/vc_column_text][\/elx_simple_block][\/vc_column][\/vc_row][vc_row full_width=&#8221;electroluxpro-full-width-no-padding&#8221; equal_height=&#8221;yes&#8221;][vc_column width=&#8221;1\/2&#8243;][elx_simple_block background_color=&#8221;inherit&#8221;][elx_heading font_container=&#8221;h3&#8243; text_color=&#8221;inherit&#8221;]Egyetemi K\u00f3rh\u00e1z (PUMCH), Peking, K\u00edna[\/elx_heading][vc_column_text]Az orsz\u00e1gszerte zajl\u00f3 gyors \u00fctem\u0171 t\u00e1rsadalmi fejl\u0151d\u00e9s \u00e9s v\u00e1rosiasod\u00e1s sor\u00e1n a PUMCH megmaradt \u00e9lelmez\u00e9sben a technol\u00f3giai halad\u00e1s \u00e9lvonal\u00e1ban, a mosodai h\u00e1tt\u00e9r seg\u00edts\u00e9g\u00e9vel.[\/vc_column_text][\/elx_simple_block][\/vc_column][vc_column width=&#8221;1\/2&#8243;][elx_video_block background_image=&#8221;575&#8243; video_link=&#8221;https:\/\/www.youtube.com\/watch?v=dsOhbvScsz8&#8243; minimum_height=&#8221;600px&#8221;][\/vc_column][\/vc_row][vc_row][vc_column][vc_empty_space height=&#8221;100px&#8221;][elx_heading font_container=&#8221;h3&#8243; text_color=&#8221;inherit&#8221; text_align=&#8221;text-center&#8221;]<strong>Mosodai textil \u00fatvonala<\/strong>[\/elx_heading][vc_empty_space height=&#8221;20px&#8221;][vc_column_text]<\/p>\n<h4><strong>Hat\u00e9kony textilkezel\u00e9s. K\u00e9nyelmes \u00e9letst\u00edlus p\u00e1cienseknek \u00e9s vend\u00e9geknek<\/strong>.<\/h4>\n<p>Biztos\u00edtsa bentlak\u00f3inak a kateg\u00f3ri\u00e1j\u00e1ban a legmagasabb fok\u00fa\u00a0<strong>k\u00e9nyelmet<\/strong>,\u00a0<strong>biztons\u00e1got <\/strong>\u00e9s\u00a0<strong>hi<\/strong><strong>gi\u00e9ni\u00e1t<\/strong>\u00a0 mik\u00f6zben k\u00e9zben tartja a k\u00f6lts\u00e9geket. \u00c1gynem\u0171k, t\u00f6r\u00f6lk\u00f6z\u0151k, szalv\u00e9t\u00e1k \u00e9s a szem\u00e9lyes ruh\u00e1zat speci\u00e1lis kezel\u00e9st ig\u00e9nyel, amellyel kiz\u00e1rhat\u00f3 a fert\u0151z\u00e9s kock\u00e1zata.[\/vc_column_text][vc_empty_space][vc_column_text][laundry-cycle-management][\/vc_column_text][elx_heading font_container=&#8221;h4&#8243; font_size=&#8221;h4&#8243; text_color=&#8221;inherit&#8221;]L\u00e9pjen vel\u00fcnk kapcsolatba[\/elx_heading][elx_o2000_contact_us r=&#8221;Szeretn\u00e9k t\u00f6bb inform\u00e1ci\u00f3t kapni err\u0151l a term\u00e9kr\u0151l K\u00f3rh\u00e1zak. K\u00e9rem, vegy\u00e9k fel velem a kapcsolatot.&#8221; s=&#8221;Inform\u00e1ci\u00f3 k\u00e9r\u00e9s err\u0151l a term\u00e9kr\u0151l K\u00f3rh\u00e1zak&#8221; country=&#8221;Hungary&#8221; l=&#8221;hu&#8221; b=&#8221;laundry&#8221; container=&#8221;elxcontactus1480952722&#8243;][\/vc_column][\/vc_row][vc_row][vc_column][\/vc_column][\/vc_row][vc_row][vc_column][vc_empty_space height=&#8221;100px&#8221;][elx_heading font_container=&#8221;h3&#8243; text_color=&#8221;inherit&#8221; text_align=&#8221;text-center&#8221;]<strong>\u00c9tel el\u0151k\u00e9sz\u00edt\u00e9s \u00e9s sz\u00e9toszt\u00e1s<\/strong>[\/elx_heading][vc_empty_space height=&#8221;20px&#8221;][vc_column_text]<\/p>\n<h4 style=\"text-align: left;\">Az Electrolux Professional kiv\u00e1l\u00f3 besz\u00e1ll\u00edt\u00f3ja a kock\u00e1zatos k\u00f6rnyezetben t\u00f6rt\u00e9n\u0151 \u00e9lelmiszer el\u0151\u00e1ll\u00edt\u00e1snak \u00e9s sz\u00e9toszt\u00e1s\u00e1nak.<\/h4>\n<p style=\"text-align: left;\">A k\u00f3rh\u00e1zi k\u00f3rtermek gyakran messze vannak a konyh\u00e1t\u00f3l, s ez megnehez\u00edti a logisztik\u00e1t \u00e9s n\u00f6veli az el\u0151k\u00e9sz\u00edt\u00e9s, felszolg\u00e1l\u00e1s, sz\u00e1ll\u00edt\u00e1s \u00e9s fogyaszt\u00e1s k\u00f6zti k\u00e9s\u00e9seket.<\/p>\n<p style=\"text-align: left;\">Tapasztalt szak\u00e9rt\u0151ink seg\u00edtenek \u00d6nnek megtervezni az ide\u00e1lis munkafolyamatot, kik\u00fcsz\u00f6b\u00f6lve a f\u0151bb ter\u00fcleteket \u00e9rinthet\u0151 kock\u00e1zatokat (t\u00e1rol\u00e1s, h\u0171t\u00e9s, \u00e9tel felszolg\u00e1l\u00e1s).<\/p>\n<h4><\/h4>\n<p>[\/vc_column_text][vc_empty_space height=&#8221;20px&#8221;][vc_single_image image=&#8221;1624&#8243; img_size=&#8221;full&#8221; alignment=&#8221;center&#8221;][elx_heading font_container=&#8221;h4&#8243; text_color=&#8221;inherit&#8221;]L\u00e9pjen vel\u00fcnk kapcsolatba[\/elx_heading][elx_o2000_contact_us r=&#8221;I would like to find out more about your food service solutions for Hospitals.&#8221; s=&#8221;Request of information about food service solutions for Hospitals&#8221; container=&#8221;elxcontactus14809527222&#8243;][\/vc_column][\/vc_row][vc_row][vc_column][vc_empty_space height=&#8221;50px&#8221;][\/vc_column][\/vc_row][vc_row][vc_column][vc_tta_tabs active_section=&#8221;1&#8243; title=&#8221;Megold\u00e1sok k\u00f3rh\u00e1zak sz\u00e1m\u00e1ra&#8221;][vc_tta_section title=&#8221;Mosoda&#8221; tab_id=&#8221;1465542896542-38a9f91e-2d02&#8243;][vc_row_inner][vc_column_inner width=&#8221;1\/2&#8243;][vc_single_image image=&#8221;1437&#8243; img_size=&#8221;large&#8221;][\/vc_column_inner][vc_column_inner width=&#8221;1\/2&#8243;][elx_heading font_container=&#8221;h3&#8243; text_color=&#8221;orange&#8221;]Beijing Union K\u00f3rh\u00e1z, K\u00edna[\/elx_heading][vc_column_text]M\u0171szakonk\u00e9nt 7 &#8211; 10\u00a0tonna textil<\/p>\n<p>Az install\u00e1ci\u00f3 tartalma:<\/p>\n<ul>\n<li>13 db Pullman higi\u00e9nikus mos\u00f3g\u00e9p\u00a0(110kg)<\/li>\n<li>15 db sz\u00e1r\u00edt\u00f3g\u00e9p\u00a0(60kg)<\/li>\n<li>2 db C-Flex 930-2 Flatwork\u00a0vasal\u00f3<\/li>\n<\/ul>\n<p>[\/vc_column_text][\/vc_column_inner][\/vc_row_inner][\/vc_tta_section][vc_tta_section title=&#8221;Konyha&#8221; tab_id=&#8221;hospital-kitchen-package&#8221;][vc_row_inner][vc_column_inner width=&#8221;1\/2&#8243;][vc_single_image image=&#8221;578&#8243; img_size=&#8221;large&#8221;][\/vc_column_inner][vc_column_inner width=&#8221;1\/2&#8243;][elx_heading font_container=&#8221;h3&#8243; text_color=&#8221;orange&#8221;]Burgos, Spanyolorsz\u00e1g[\/elx_heading][vc_column_text]1000\u00a0\u00e1gy<\/p>\n<p>Az install\u00e1ci\u00f3 tartalmaz:<\/p>\n<ul>\n<li>XP f\u0151z\u0151sor<\/li>\n<li>Electrolux air-o-steam Touchline s\u00fct\u0151k, mindegyik 40 t\u00e1lc\u00e1val, \u00edgy m\u0171szakonk\u00e9nt 800 men\u00fct k\u00e9pesek elk\u00e9sz\u00edteni<\/li>\n<\/ul>\n<p>[\/vc_column_text][\/vc_column_inner][\/vc_row_inner][\/vc_tta_section][\/vc_tta_tabs][\/vc_column][\/vc_row][vc_row][vc_column][elx_heading text_color=&#8221;inherit&#8221;]L\u00e9pjen vel\u00fcnk kapcsolatba[\/elx_heading][elx_o2000_contact_us r=&#8221;I would like to find the best solution for my Hospital. Please get in touch with me.&#8221; s=&#8221;Your request: solutions for hospitals&#8221; container=&#8221;elxcontactus1466429981&#8243;][\/vc_column][\/vc_row][vc_row][vc_column][vc_empty_space height=&#8221;50px&#8221;][\/vc_column][\/vc_row][vc_row][vc_column][elx_heading font_container=&#8221;h3&#8243; font_size=&#8221;h3&#8243; text_color=&#8221;inherit&#8221;]Tov\u00e1bbi inform\u00e1ci\u00f3k a k\u00f3rh\u00e1zi megold\u00e1sainkr\u00f3l[\/elx_heading][\/vc_column][\/vc_row][vc_row][vc_column width=&#8221;1\/3&#8243;][elx_download_block text=&#8221;Healthcare Laundry<br \/>\nBrochure&#8221; link=&#8221;http:\/\/files.professional.electrolux.com\/docs\/?n=A0004&amp;t=BR&amp;l=1&#8243; background_color=&#8221;electrolux-blue&#8221; reveal_effect=&#8221;fadeIn&#8221; reveal_duration=&#8221;&#8221; reveal_delay=&#8221;&#8221;][\/vc_column][vc_column width=&#8221;1\/3&#8243;][elx_download_block text=&#8221;Hyvolution Barrier Washer Brochure&#8221; link=&#8221;files.professional.electrolux.com\/docs\/?n=A0016&amp;t=BR&amp;l=1&#8243; background_color=&#8221;electrolux-blue&#8221; reveal_effect=&#8221;fadeIn&#8221; reveal_duration=&#8221;&#8221; reveal_delay=&#8221;&#8221;][\/vc_column][vc_column width=&#8221;1\/3&#8243;][elx_download_block text=&#8221;Range Overview<br \/>\nHygiene Laundry&#8221; link=&#8221;http:\/\/tools.professional.electrolux.com\/Mirror\/Doc\/ELS\/RO\/RO_Hygiene%20Laundry_ENG_lo.pdf&#8221; background_color=&#8221;electrolux-blue&#8221; reveal_effect=&#8221;fadeIn&#8221; reveal_duration=&#8221;&#8221; reveal_delay=&#8221;&#8221;][\/vc_column][\/vc_row]<\/p>\n","protected":false},"excerpt":{"rendered":"<p>[vc_row full_width=&#8221;electroluxpro-full-width-no-padding&#8221; equal_height=&#8221;yes&#8221; content_placement=&#8221;top&#8221;][vc_column reveal_effect=&#8221;&#8221; width=&#8221;1\/2&#8243;][elx_citation name=&#8221;Daniel Bertrand &#8211; Laundry Operator&#8221; company=&#8221;Bourges, France&#8221;][elx_heading font_container=&#8221;h1&#8243; font_size=&#8221;h2&#8243; text_color=&#8221;inherit&#8221;]L\u00e1tjuk a k\u00fcl\u00f6nbs\u00e9get. Betegeink \u00e9rzik. Egyik m\u00e1s mosodai g\u00e9pgy\u00e1rt\u00f3 sem \u00e9rti jobban az \u00e1gazat speci\u00e1lis eg\u00e9szs\u00e9g\u00fcgyi folyamatait \u00e9s egyik sem tud ilyen kiv\u00e1l\u00f3 megold\u00e1st k\u00edn\u00e1lni.[\/elx_heading][\/elx_citation][\/vc_column][vc_column reveal_effect=&#8221;&#8221; width=&#8221;1\/2&#8243;][elx_image_block background_image=&#8221;573&#8243; minimum_height=&#8221;670px&#8221;][\/vc_column][\/vc_row][vc_row full_width=&#8221;electroluxpro-container-no-padding&#8221;][vc_column][elx_heading text_color=&#8221;inherit&#8221; text_align=&#8221;text-center&#8221;]K\u00f3rh\u00e1zak: teljesen cs\u00edramentes k\u00f6rnyezet \u00e9s higi\u00e9nia, kompromisszumok n\u00e9lk\u00fcl [\/elx_heading][vc_column_text] [&hellip;]<\/p>\n","protected":false},"author":3,"featured_media":574,"parent":0,"menu_order":0,"comment_status":"closed","ping_status":"closed","template":"","meta":{"footnotes":""},"class_list":["post-3785","page","type-page","status-publish","has-post-thumbnail","hentry"],"yoast_head":"<!-- This site is optimized with the Yoast SEO plugin v23.3 - https:\/\/yoast.com\/wordpress\/plugins\/seo\/ -->\n<title>Hospitals - Electrolux Professional<\/title>\n<meta name=\"description\" content=\"Hospitals and clinics need to respect very strict hygiene regulations, for this reason Electrolux Professional solutions meet the strictest requirements.\" \/>\n<meta name=\"robots\" content=\"index, follow, max-snippet:-1, max-image-preview:large, max-video-preview:-1\" \/>\n<link rel=\"canonical\" href=\"https:\/\/www.electroluxprofessional.com\/hu\/hospitals\/\" \/>\n<meta property=\"og:locale\" content=\"hu_HU\" \/>\n<meta property=\"og:type\" content=\"article\" \/>\n<meta property=\"og:title\" content=\"Hospitals - Electrolux Professional\" \/>\n<meta property=\"og:description\" content=\"Hospitals and clinics need to respect very strict hygiene regulations, for this reason Electrolux Professional solutions meet the strictest requirements.\" \/>\n<meta property=\"og:url\" content=\"https:\/\/www.electroluxprofessional.com\/hu\/hospitals\/\" \/>\n<meta property=\"og:site_name\" content=\"Electrolux Professional Magyarorsz\u00e1g\" \/>\n<meta property=\"article:modified_time\" content=\"2025-11-05T15:02:02+00:00\" \/>\n<meta property=\"og:image\" content=\"https:\/\/www.electroluxprofessional.com\/hu\/wp-content\/uploads\/2016\/05\/doctor-hospital-hands.jpg\" \/>\n\t<meta property=\"og:image:width\" content=\"667\" \/>\n\t<meta property=\"og:image:height\" content=\"500\" \/>\n\t<meta property=\"og:image:type\" content=\"image\/jpeg\" \/>\n<meta name=\"twitter:card\" content=\"summary_large_image\" \/>\n<meta name=\"twitter:label1\" content=\"Becs\u00fclt olvas\u00e1si id\u0151\" \/>\n\t<meta name=\"twitter:data1\" content=\"3 perc\" \/>\n<script type=\"application\/ld+json\" class=\"yoast-schema-graph\">{\"@context\":\"https:\/\/schema.org\",\"@graph\":[{\"@type\":\"WebPage\",\"@id\":\"https:\/\/www.electroluxprofessional.com\/hu\/hospitals\/\",\"url\":\"https:\/\/www.electroluxprofessional.com\/hu\/hospitals\/\",\"name\":\"Hospitals - Electrolux Professional\",\"isPartOf\":{\"@id\":\"https:\/\/www.electroluxprofessional.com\/hu\/#website\"},\"primaryImageOfPage\":{\"@id\":\"https:\/\/www.electroluxprofessional.com\/hu\/hospitals\/#primaryimage\"},\"image\":{\"@id\":\"https:\/\/www.electroluxprofessional.com\/hu\/hospitals\/#primaryimage\"},\"thumbnailUrl\":\"https:\/\/www.electroluxprofessional.com\/hu\/wp-content\/uploads\/2016\/05\/doctor-hospital-hands.jpg\",\"datePublished\":\"2016-04-28T15:37:22+00:00\",\"dateModified\":\"2025-11-05T15:02:02+00:00\",\"description\":\"Hospitals and clinics need to respect very strict hygiene regulations, for this reason Electrolux Professional solutions meet the strictest requirements.\",\"breadcrumb\":{\"@id\":\"https:\/\/www.electroluxprofessional.com\/hu\/hospitals\/#breadcrumb\"},\"inLanguage\":\"hu\",\"potentialAction\":[{\"@type\":\"ReadAction\",\"target\":[\"https:\/\/www.electroluxprofessional.com\/hu\/hospitals\/\"]}]},{\"@type\":\"ImageObject\",\"inLanguage\":\"hu\",\"@id\":\"https:\/\/www.electroluxprofessional.com\/hu\/hospitals\/#primaryimage\",\"url\":\"https:\/\/www.electroluxprofessional.com\/hu\/wp-content\/uploads\/2016\/05\/doctor-hospital-hands.jpg\",\"contentUrl\":\"https:\/\/www.electroluxprofessional.com\/hu\/wp-content\/uploads\/2016\/05\/doctor-hospital-hands.jpg\",\"width\":667,\"height\":500,\"caption\":\"hospital and care homes\"},{\"@type\":\"BreadcrumbList\",\"@id\":\"https:\/\/www.electroluxprofessional.com\/hu\/hospitals\/#breadcrumb\",\"itemListElement\":[{\"@type\":\"ListItem\",\"position\":1,\"name\":\"Home\",\"item\":\"https:\/\/www.electroluxprofessional.com\/hu\/\"},{\"@type\":\"ListItem\",\"position\":2,\"name\":\"K\u00f3rh\u00e1zak\"}]},{\"@type\":\"WebSite\",\"@id\":\"https:\/\/www.electroluxprofessional.com\/hu\/#website\",\"url\":\"https:\/\/www.electroluxprofessional.com\/hu\/\",\"name\":\"Electrolux Professional Magyarorsz\u00e1g\",\"description\":\"\",\"potentialAction\":[{\"@type\":\"SearchAction\",\"target\":{\"@type\":\"EntryPoint\",\"urlTemplate\":\"https:\/\/www.electroluxprofessional.com\/hu\/?src={search_term_string}\"},\"query-input\":\"required name=search_term_string\"}],\"inLanguage\":\"hu\"}]}<\/script>\n<!-- \/ Yoast SEO plugin. -->","yoast_head_json":{"title":"Hospitals - Electrolux Professional","description":"Hospitals and clinics need to respect very strict hygiene regulations, for this reason Electrolux Professional solutions meet the strictest requirements.","robots":{"index":"index","follow":"follow","max-snippet":"max-snippet:-1","max-image-preview":"max-image-preview:large","max-video-preview":"max-video-preview:-1"},"canonical":"https:\/\/www.electroluxprofessional.com\/hu\/hospitals\/","og_locale":"hu_HU","og_type":"article","og_title":"Hospitals - Electrolux Professional","og_description":"Hospitals and clinics need to respect very strict hygiene regulations, for this reason Electrolux Professional solutions meet the strictest requirements.","og_url":"https:\/\/www.electroluxprofessional.com\/hu\/hospitals\/","og_site_name":"Electrolux Professional Magyarorsz\u00e1g","article_modified_time":"2025-11-05T15:02:02+00:00","og_image":[{"width":667,"height":500,"url":"https:\/\/www.electroluxprofessional.com\/hu\/wp-content\/uploads\/2016\/05\/doctor-hospital-hands.jpg","type":"image\/jpeg"}],"twitter_card":"summary_large_image","twitter_misc":{"Becs\u00fclt olvas\u00e1si id\u0151":"3 perc"},"schema":{"@context":"https:\/\/schema.org","@graph":[{"@type":"WebPage","@id":"https:\/\/www.electroluxprofessional.com\/hu\/hospitals\/","url":"https:\/\/www.electroluxprofessional.com\/hu\/hospitals\/","name":"Hospitals - Electrolux Professional","isPartOf":{"@id":"https:\/\/www.electroluxprofessional.com\/hu\/#website"},"primaryImageOfPage":{"@id":"https:\/\/www.electroluxprofessional.com\/hu\/hospitals\/#primaryimage"},"image":{"@id":"https:\/\/www.electroluxprofessional.com\/hu\/hospitals\/#primaryimage"},"thumbnailUrl":"https:\/\/www.electroluxprofessional.com\/hu\/wp-content\/uploads\/2016\/05\/doctor-hospital-hands.jpg","datePublished":"2016-04-28T15:37:22+00:00","dateModified":"2025-11-05T15:02:02+00:00","description":"Hospitals and clinics need to respect very strict hygiene regulations, for this reason Electrolux Professional solutions meet the strictest requirements.","breadcrumb":{"@id":"https:\/\/www.electroluxprofessional.com\/hu\/hospitals\/#breadcrumb"},"inLanguage":"hu","potentialAction":[{"@type":"ReadAction","target":["https:\/\/www.electroluxprofessional.com\/hu\/hospitals\/"]}]},{"@type":"ImageObject","inLanguage":"hu","@id":"https:\/\/www.electroluxprofessional.com\/hu\/hospitals\/#primaryimage","url":"https:\/\/www.electroluxprofessional.com\/hu\/wp-content\/uploads\/2016\/05\/doctor-hospital-hands.jpg","contentUrl":"https:\/\/www.electroluxprofessional.com\/hu\/wp-content\/uploads\/2016\/05\/doctor-hospital-hands.jpg","width":667,"height":500,"caption":"hospital and care homes"},{"@type":"BreadcrumbList","@id":"https:\/\/www.electroluxprofessional.com\/hu\/hospitals\/#breadcrumb","itemListElement":[{"@type":"ListItem","position":1,"name":"Home","item":"https:\/\/www.electroluxprofessional.com\/hu\/"},{"@type":"ListItem","position":2,"name":"K\u00f3rh\u00e1zak"}]},{"@type":"WebSite","@id":"https:\/\/www.electroluxprofessional.com\/hu\/#website","url":"https:\/\/www.electroluxprofessional.com\/hu\/","name":"Electrolux Professional Magyarorsz\u00e1g","description":"","potentialAction":[{"@type":"SearchAction","target":{"@type":"EntryPoint","urlTemplate":"https:\/\/www.electroluxprofessional.com\/hu\/?src={search_term_string}"},"query-input":"required name=search_term_string"}],"inLanguage":"hu"}]}},"_links":{"self":[{"href":"https:\/\/www.electroluxprofessional.com\/hu\/wp-json\/wp\/v2\/pages\/3785"}],"collection":[{"href":"https:\/\/www.electroluxprofessional.com\/hu\/wp-json\/wp\/v2\/pages"}],"about":[{"href":"https:\/\/www.electroluxprofessional.com\/hu\/wp-json\/wp\/v2\/types\/page"}],"author":[{"embeddable":true,"href":"https:\/\/www.electroluxprofessional.com\/hu\/wp-json\/wp\/v2\/users\/3"}],"replies":[{"embeddable":true,"href":"https:\/\/www.electroluxprofessional.com\/hu\/wp-json\/wp\/v2\/comments?post=3785"}],"version-history":[{"count":16,"href":"https:\/\/www.electroluxprofessional.com\/hu\/wp-json\/wp\/v2\/pages\/3785\/revisions"}],"predecessor-version":[{"id":9353,"href":"https:\/\/www.electroluxprofessional.com\/hu\/wp-json\/wp\/v2\/pages\/3785\/revisions\/9353"}],"wp:featuredmedia":[{"embeddable":true,"href":"https:\/\/www.electroluxprofessional.com\/hu\/wp-json\/wp\/v2\/media\/574"}],"wp:attachment":[{"href":"https:\/\/www.electroluxprofessional.com\/hu\/wp-json\/wp\/v2\/media?parent=3785"}],"curies":[{"name":"wp","href":"https:\/\/api.w.org\/{rel}","templated":true}]}}