{"id":3762,"date":"2016-11-10T07:50:23","date_gmt":"2016-11-10T07:50:23","guid":{"rendered":"https:\/\/www.electroluxprofessional.com\/?page_id=4780"},"modified":"2025-11-05T14:58:44","modified_gmt":"2025-11-05T14:58:44","slug":"payment-systems","status":"publish","type":"page","link":"https:\/\/www.electroluxprofessional.com\/hu\/payment-systems\/","title":{"rendered":"Fizet\u0151rendszerek"},"content":{"rendered":"<p>[vc_row full_width=&#8221;electroluxpro-full-width-no-padding&#8221;][vc_column][elx_hero_slider text_position=&#8221;hero_slider_text_align_right&#8221; label_text_color=&#8221;inherit&#8221; images=&#8221;904&#8243;][elx_heading font_container=&#8221;h1&#8243; font_size=&#8221;h3&#8243; text_color=&#8221;inherit&#8221;]Fizet\u0151rendszerek[\/elx_heading][vc_column_text]<\/p>\n<h4><strong>Kezdve a g\u00e9pn\u00e9l t\u00f6rt\u00e9n\u0151 k\u00e1rty\u00e1s, \u00e9rm\u00e9s vagy zsetonos fizet\u00e9st\u0151l, eg\u00e9szen a k\u00f6zponti fizet\u0151rendszerekhez val\u00f3 csatlakoz\u00e1sig<\/strong>.<\/h4>\n<p>[\/vc_column_text][\/elx_hero_slider][\/vc_column][\/vc_row][vc_row][vc_column][vc_empty_space][elx_heading font_size=&#8221;h3&#8243; text_color=&#8221;inherit&#8221;]Fizet\u0151rendszerek sz\u00e9les sk\u00e1l\u00e1ja [\/elx_heading][vc_empty_space][\/vc_column][\/vc_row][vc_row][vc_column width=&#8221;1\/2&#8243;][vc_column_text]A fizet\u0151rendszerek a mos\u00f3g\u00e9pekhez \u00e9s a sz\u00e1r\u00edt\u00f3g\u00e9pekhez rendelhet\u0151k csak \u00e9rmevez\u00e9rl\u0151vel, csak persellyel vagy komplett k\u00e9szletk\u00e9nt \u00e9rmevez\u00e9rl\u0151vel \u00e9s persellyel egyar\u00e1nt.<\/p>\n<p>Mos\u00f3g\u00e9peink \u00e9s sz\u00e1r\u00edt\u00f3g\u00e9peink rendelhet\u0151k a vil\u00e1gon jelenleg fellelhet\u0151 b\u00e1rmilyen fizet\u00e9si rendszerrel kompatibilis csatlakoz\u00e1ssal.<\/p>\n<p>L\u00e9pjen vel\u00fcnk kapcsolatba, fizet\u0151rendszerek sz\u00e9les sk\u00e1l\u00e1j\u00e1t tudjuk k\u00edn\u00e1lni.[\/vc_column_text][\/vc_column][vc_column width=&#8221;1\/2&#8243;][vc_single_image image=&#8221;903&#8243; img_size=&#8221;large&#8221;][\/vc_column][\/vc_row][vc_row][vc_column][vc_empty_space][\/vc_column][\/vc_row][vc_row][vc_column width=&#8221;1\/3&#8243;][elx_maylike_box id_box=&#8221;3760&#8243; matched_labels=&#8221;&#8221;][\/vc_column][vc_column width=&#8221;1\/3&#8243;][elx_maylike_box id_box=&#8221;3761&#8243; matched_labels=&#8221;&#8221;][\/vc_column][vc_column width=&#8221;1\/3&#8243;][elx_maylike_box id_box=&#8221;3673&#8243; matched_labels=&#8221;&#8221;][\/vc_column][\/vc_row][vc_row][vc_column][vc_empty_space][elx_heading font_container=&#8221;h3&#8243; text_color=&#8221;inherit&#8221; text_align=&#8221;text-center&#8221;]Fedezze fel a fizet\u0151rendszereink el\u0151nyeit![\/elx_heading][elx_o2000_contact_us r=&#8221;Szeretn\u00e9k t\u00f6bb inform\u00e1ci\u00f3t kapni err\u0151l a term\u00e9kr\u0151l Fizet\u0151rendszerek. K\u00e9rem, vegy\u00e9k fel velem a kapcsolatot.&#8221; s=&#8221;Inform\u00e1ci\u00f3 k\u00e9r\u00e9s err\u0151l a term\u00e9kr\u0151l Fizet\u0151rendszerek&#8221; country=&#8221;Hungary&#8221; l=&#8221;hu&#8221; b=&#8221;laundry&#8221; container=&#8221;elxcontactus1478764167&#8243;][vc_empty_space][\/vc_column][\/vc_row][vc_row][vc_column][elx_heading font_size=&#8221;h3&#8243; text_color=&#8221;inherit&#8221; text_align=&#8221;text-center&#8221;]Tal\u00e1lja meg a t\u00f6k\u00e9letes megold\u00e1st! [\/elx_heading][\/vc_column][\/vc_row][vc_row][vc_column][vc_empty_space height=&#8221;50px&#8221;][\/vc_column][\/vc_row]<\/p>\n","protected":false},"excerpt":{"rendered":"<p>[vc_row full_width=&#8221;electroluxpro-full-width-no-padding&#8221;][vc_column][elx_hero_slider text_position=&#8221;hero_slider_text_align_right&#8221; label_text_color=&#8221;inherit&#8221; images=&#8221;904&#8243;][elx_heading font_container=&#8221;h1&#8243; font_size=&#8221;h3&#8243; text_color=&#8221;inherit&#8221;]Fizet\u0151rendszerek[\/elx_heading][vc_column_text] Kezdve a g\u00e9pn\u00e9l t\u00f6rt\u00e9n\u0151 k\u00e1rty\u00e1s, \u00e9rm\u00e9s vagy zsetonos fizet\u00e9st\u0151l, eg\u00e9szen a k\u00f6zponti fizet\u0151rendszerekhez val\u00f3 csatlakoz\u00e1sig. [\/vc_column_text][\/elx_hero_slider][\/vc_column][\/vc_row][vc_row][vc_column][vc_empty_space][elx_heading font_size=&#8221;h3&#8243; text_color=&#8221;inherit&#8221;]Fizet\u0151rendszerek sz\u00e9les sk\u00e1l\u00e1ja [\/elx_heading][vc_empty_space][\/vc_column][\/vc_row][vc_row][vc_column width=&#8221;1\/2&#8243;][vc_column_text]A fizet\u0151rendszerek a mos\u00f3g\u00e9pekhez \u00e9s a sz\u00e1r\u00edt\u00f3g\u00e9pekhez rendelhet\u0151k csak \u00e9rmevez\u00e9rl\u0151vel, csak persellyel vagy komplett k\u00e9szletk\u00e9nt \u00e9rmevez\u00e9rl\u0151vel \u00e9s persellyel egyar\u00e1nt. Mos\u00f3g\u00e9peink \u00e9s sz\u00e1r\u00edt\u00f3g\u00e9peink rendelhet\u0151k a vil\u00e1gon jelenleg [&hellip;]<\/p>\n","protected":false},"author":3,"featured_media":935,"parent":0,"menu_order":0,"comment_status":"closed","ping_status":"closed","template":"","meta":{"footnotes":""},"class_list":["post-3762","page","type-page","status-publish","has-post-thumbnail","hentry"],"yoast_head":"<!-- This site is optimized with the Yoast SEO plugin v23.3 - https:\/\/yoast.com\/wordpress\/plugins\/seo\/ -->\n<title>Payment systems for laundry solutions - Electrolux Professional<\/title>\n<meta name=\"description\" content=\"From payment at the machine with card, coin or token to the possibility of connecting the machines to central payment systems.\" \/>\n<meta name=\"robots\" content=\"index, follow, max-snippet:-1, max-image-preview:large, max-video-preview:-1\" \/>\n<link rel=\"canonical\" href=\"https:\/\/www.electroluxprofessional.com\/hu\/payment-systems\/\" \/>\n<meta property=\"og:locale\" content=\"hu_HU\" \/>\n<meta property=\"og:type\" content=\"article\" \/>\n<meta property=\"og:title\" content=\"Payment systems for laundry solutions - Electrolux Professional\" \/>\n<meta property=\"og:description\" content=\"From payment at the machine with card, coin or token to the possibility of connecting the machines to central payment systems.\" \/>\n<meta property=\"og:url\" content=\"https:\/\/www.electroluxprofessional.com\/hu\/payment-systems\/\" \/>\n<meta property=\"og:site_name\" content=\"Electrolux Professional Magyarorsz\u00e1g\" \/>\n<meta property=\"article:modified_time\" content=\"2025-11-05T14:58:44+00:00\" \/>\n<meta property=\"og:image\" content=\"https:\/\/www.electroluxprofessional.com\/hu\/wp-content\/uploads\/2016\/11\/payment-quadro.jpg\" \/>\n\t<meta property=\"og:image:width\" content=\"700\" \/>\n\t<meta property=\"og:image:height\" content=\"700\" \/>\n\t<meta property=\"og:image:type\" content=\"image\/jpeg\" \/>\n<meta name=\"twitter:card\" content=\"summary_large_image\" \/>\n<meta name=\"twitter:label1\" content=\"Becs\u00fclt olvas\u00e1si id\u0151\" \/>\n\t<meta name=\"twitter:data1\" content=\"2 perc\" \/>\n<script type=\"application\/ld+json\" class=\"yoast-schema-graph\">{\"@context\":\"https:\/\/schema.org\",\"@graph\":[{\"@type\":\"WebPage\",\"@id\":\"https:\/\/www.electroluxprofessional.com\/hu\/payment-systems\/\",\"url\":\"https:\/\/www.electroluxprofessional.com\/hu\/payment-systems\/\",\"name\":\"Payment systems for laundry solutions - Electrolux Professional\",\"isPartOf\":{\"@id\":\"https:\/\/www.electroluxprofessional.com\/hu\/#website\"},\"primaryImageOfPage\":{\"@id\":\"https:\/\/www.electroluxprofessional.com\/hu\/payment-systems\/#primaryimage\"},\"image\":{\"@id\":\"https:\/\/www.electroluxprofessional.com\/hu\/payment-systems\/#primaryimage\"},\"thumbnailUrl\":\"https:\/\/www.electroluxprofessional.com\/hu\/wp-content\/uploads\/2016\/11\/payment-quadro.jpg\",\"datePublished\":\"2016-11-10T07:50:23+00:00\",\"dateModified\":\"2025-11-05T14:58:44+00:00\",\"description\":\"From payment at the machine with card, coin or token to the possibility of connecting the machines to central payment systems.\",\"breadcrumb\":{\"@id\":\"https:\/\/www.electroluxprofessional.com\/hu\/payment-systems\/#breadcrumb\"},\"inLanguage\":\"hu\",\"potentialAction\":[{\"@type\":\"ReadAction\",\"target\":[\"https:\/\/www.electroluxprofessional.com\/hu\/payment-systems\/\"]}]},{\"@type\":\"ImageObject\",\"inLanguage\":\"hu\",\"@id\":\"https:\/\/www.electroluxprofessional.com\/hu\/payment-systems\/#primaryimage\",\"url\":\"https:\/\/www.electroluxprofessional.com\/hu\/wp-content\/uploads\/2016\/11\/payment-quadro.jpg\",\"contentUrl\":\"https:\/\/www.electroluxprofessional.com\/hu\/wp-content\/uploads\/2016\/11\/payment-quadro.jpg\",\"width\":700,\"height\":700,\"caption\":\"Payment Systems\"},{\"@type\":\"BreadcrumbList\",\"@id\":\"https:\/\/www.electroluxprofessional.com\/hu\/payment-systems\/#breadcrumb\",\"itemListElement\":[{\"@type\":\"ListItem\",\"position\":1,\"name\":\"Home\",\"item\":\"https:\/\/www.electroluxprofessional.com\/hu\/\"},{\"@type\":\"ListItem\",\"position\":2,\"name\":\"Fizet\u0151rendszerek\"}]},{\"@type\":\"WebSite\",\"@id\":\"https:\/\/www.electroluxprofessional.com\/hu\/#website\",\"url\":\"https:\/\/www.electroluxprofessional.com\/hu\/\",\"name\":\"Electrolux Professional Magyarorsz\u00e1g\",\"description\":\"\",\"potentialAction\":[{\"@type\":\"SearchAction\",\"target\":{\"@type\":\"EntryPoint\",\"urlTemplate\":\"https:\/\/www.electroluxprofessional.com\/hu\/?src={search_term_string}\"},\"query-input\":\"required name=search_term_string\"}],\"inLanguage\":\"hu\"}]}<\/script>\n<!-- \/ Yoast SEO plugin. -->","yoast_head_json":{"title":"Payment systems for laundry solutions - Electrolux Professional","description":"From payment at the machine with card, coin or token to the possibility of connecting the machines to central payment systems.","robots":{"index":"index","follow":"follow","max-snippet":"max-snippet:-1","max-image-preview":"max-image-preview:large","max-video-preview":"max-video-preview:-1"},"canonical":"https:\/\/www.electroluxprofessional.com\/hu\/payment-systems\/","og_locale":"hu_HU","og_type":"article","og_title":"Payment systems for laundry solutions - Electrolux Professional","og_description":"From payment at the machine with card, coin or token to the possibility of connecting the machines to central payment systems.","og_url":"https:\/\/www.electroluxprofessional.com\/hu\/payment-systems\/","og_site_name":"Electrolux Professional Magyarorsz\u00e1g","article_modified_time":"2025-11-05T14:58:44+00:00","og_image":[{"width":700,"height":700,"url":"https:\/\/www.electroluxprofessional.com\/hu\/wp-content\/uploads\/2016\/11\/payment-quadro.jpg","type":"image\/jpeg"}],"twitter_card":"summary_large_image","twitter_misc":{"Becs\u00fclt olvas\u00e1si id\u0151":"2 perc"},"schema":{"@context":"https:\/\/schema.org","@graph":[{"@type":"WebPage","@id":"https:\/\/www.electroluxprofessional.com\/hu\/payment-systems\/","url":"https:\/\/www.electroluxprofessional.com\/hu\/payment-systems\/","name":"Payment systems for laundry solutions - Electrolux Professional","isPartOf":{"@id":"https:\/\/www.electroluxprofessional.com\/hu\/#website"},"primaryImageOfPage":{"@id":"https:\/\/www.electroluxprofessional.com\/hu\/payment-systems\/#primaryimage"},"image":{"@id":"https:\/\/www.electroluxprofessional.com\/hu\/payment-systems\/#primaryimage"},"thumbnailUrl":"https:\/\/www.electroluxprofessional.com\/hu\/wp-content\/uploads\/2016\/11\/payment-quadro.jpg","datePublished":"2016-11-10T07:50:23+00:00","dateModified":"2025-11-05T14:58:44+00:00","description":"From payment at the machine with card, coin or token to the possibility of connecting the machines to central payment systems.","breadcrumb":{"@id":"https:\/\/www.electroluxprofessional.com\/hu\/payment-systems\/#breadcrumb"},"inLanguage":"hu","potentialAction":[{"@type":"ReadAction","target":["https:\/\/www.electroluxprofessional.com\/hu\/payment-systems\/"]}]},{"@type":"ImageObject","inLanguage":"hu","@id":"https:\/\/www.electroluxprofessional.com\/hu\/payment-systems\/#primaryimage","url":"https:\/\/www.electroluxprofessional.com\/hu\/wp-content\/uploads\/2016\/11\/payment-quadro.jpg","contentUrl":"https:\/\/www.electroluxprofessional.com\/hu\/wp-content\/uploads\/2016\/11\/payment-quadro.jpg","width":700,"height":700,"caption":"Payment Systems"},{"@type":"BreadcrumbList","@id":"https:\/\/www.electroluxprofessional.com\/hu\/payment-systems\/#breadcrumb","itemListElement":[{"@type":"ListItem","position":1,"name":"Home","item":"https:\/\/www.electroluxprofessional.com\/hu\/"},{"@type":"ListItem","position":2,"name":"Fizet\u0151rendszerek"}]},{"@type":"WebSite","@id":"https:\/\/www.electroluxprofessional.com\/hu\/#website","url":"https:\/\/www.electroluxprofessional.com\/hu\/","name":"Electrolux Professional Magyarorsz\u00e1g","description":"","potentialAction":[{"@type":"SearchAction","target":{"@type":"EntryPoint","urlTemplate":"https:\/\/www.electroluxprofessional.com\/hu\/?src={search_term_string}"},"query-input":"required name=search_term_string"}],"inLanguage":"hu"}]}},"_links":{"self":[{"href":"https:\/\/www.electroluxprofessional.com\/hu\/wp-json\/wp\/v2\/pages\/3762"}],"collection":[{"href":"https:\/\/www.electroluxprofessional.com\/hu\/wp-json\/wp\/v2\/pages"}],"about":[{"href":"https:\/\/www.electroluxprofessional.com\/hu\/wp-json\/wp\/v2\/types\/page"}],"author":[{"embeddable":true,"href":"https:\/\/www.electroluxprofessional.com\/hu\/wp-json\/wp\/v2\/users\/3"}],"replies":[{"embeddable":true,"href":"https:\/\/www.electroluxprofessional.com\/hu\/wp-json\/wp\/v2\/comments?post=3762"}],"version-history":[{"count":8,"href":"https:\/\/www.electroluxprofessional.com\/hu\/wp-json\/wp\/v2\/pages\/3762\/revisions"}],"predecessor-version":[{"id":9342,"href":"https:\/\/www.electroluxprofessional.com\/hu\/wp-json\/wp\/v2\/pages\/3762\/revisions\/9342"}],"wp:featuredmedia":[{"embeddable":true,"href":"https:\/\/www.electroluxprofessional.com\/hu\/wp-json\/wp\/v2\/media\/935"}],"wp:attachment":[{"href":"https:\/\/www.electroluxprofessional.com\/hu\/wp-json\/wp\/v2\/media?parent=3762"}],"curies":[{"name":"wp","href":"https:\/\/api.w.org\/{rel}","templated":true}]}}