{"id":3756,"date":"2016-11-09T16:41:43","date_gmt":"2016-11-09T16:41:43","guid":{"rendered":"https:\/\/www.electroluxprofessional.com\/?page_id=4765"},"modified":"2025-11-05T14:58:56","modified_gmt":"2025-11-05T14:58:56","slug":"management-systems-software","status":"publish","type":"page","link":"https:\/\/www.electroluxprofessional.com\/hu\/management-systems-software\/","title":{"rendered":"Fel\u00fcgyeleti rendszer \u00e9s szoftver"},"content":{"rendered":"<p>[vc_row full_width=&#8221;electroluxpro-full-width-no-padding&#8221;][vc_column][elx_hero_slider text_position=&#8221;hero_slider_text_align_right&#8221; label_text_color=&#8221;inherit&#8221; images=&#8221;901&#8243;][elx_heading font_container=&#8221;h1&#8243; font_size=&#8221;h2&#8243; text_color=&#8221;inherit&#8221;]Fel\u00fcgyeleti rendszer \u00e9s szoftver[\/elx_heading][vc_column_text]Az Electrolux Professional fel\u00fcgyeleti rendszerek \u00e9s szoftverek sz\u00e9les sk\u00e1l\u00e1j\u00e1t tudja k\u00edn\u00e1lni, amelyek a legmagasabb szint\u0171 min\u0151s\u00e9gi k\u00f6vetelm\u00e9nyeknek is megfelelnek, ez\u00e1ltal speci\u00e1lis hozz\u00e1adott \u00e9rt\u00e9ket ny\u00fajtanak minden egyes ig\u00e9nyes felhaszn\u00e1l\u00f3nak.[\/vc_column_text][\/elx_hero_slider][\/vc_column][\/vc_row][vc_row][vc_column][vc_empty_space][\/vc_column][\/vc_row][vc_row][vc_column width=&#8221;1\/2&#8243;][vc_column_text]<\/p>\n<h3>Laundry Program Manager<\/h3>\n<p>Sokoldal\u00fa, k\u00f6nnyen kezelhet\u0151 PC-n futtathat\u00f3 szoftver, Electrolux mos\u00f3g\u00e9pek \u00e9s sz\u00e1r\u00edt\u00f3g\u00e9pek programjainak meg\u00edr\u00e1s\u00e1hoz \u00e9s testreszab\u00e1s\u00e1hoz ak\u00e1r PC-r\u0151l is. Kompatibilis a Compass Control, Compass Pro, Clarus Control \u00e9s Clarus TS vez\u00e9rl\u00e9s\u0171 mos\u00f3g\u00e9pekkel, valamint a Compass Pro vez\u00e9rl\u00e9s\u0171 sz\u00e1r\u00edt\u00f3g\u00e9pekkel.<\/p>\n<h3><\/h3>\n<p>[\/vc_column_text][vc_empty_space height=&#8221;20px&#8221;][vc_column_text]<\/p>\n<h3>Certus Management Information System\u2122<\/h3>\n<p>A CMIS (Certus Management Information System\u2122) egy olyan program, amely fontos inform\u00e1ci\u00f3kkal l\u00e1tja el a felhaszn\u00e1l\u00f3kat a g\u00e9peik m\u0171k\u00f6d\u00e9s\u00e9r\u0151l. Mindezt abb\u00f3l a c\u00e9lb\u00f3l, hogy minimaliz\u00e1lja a k\u00f6lts\u00e9geket \u00e9s maximaliz\u00e1lja a berendez\u00e9sek \u00fczemidej\u00e9t.[\/vc_column_text][vc_empty_space height=&#8221;20px&#8221;][\/vc_column][vc_column width=&#8221;1\/2&#8243;][elx_image_block background_image=&#8221;900&#8243; minimum_height=&#8221;700px&#8221;][\/vc_column][\/vc_row][vc_row][vc_column][vc_empty_space height=&#8221;50px&#8221;][\/vc_column][\/vc_row][vc_row][vc_column][vc_empty_space height=&#8221;50px&#8221;][\/vc_column][\/vc_row][vc_row][vc_column width=&#8221;1\/3&#8243;][elx_download_block text=&#8221;Laundry Program Manager&#8221; link=&#8221;http:\/\/tools.professional.electrolux.com\/Mirror\/Doc\/ELS\/PDS\/PS_438919528EN_LPM_EN.pdf&#8221; background_color=&#8221;laundry-solutions&#8221; reveal_effect=&#8221;&#8221; reveal_duration=&#8221;&#8221; reveal_delay=&#8221;&#8221;][\/vc_column][vc_column width=&#8221;1\/3&#8243;][elx_download_block text=&#8221;CMIS&#8221; link=&#8221;http:\/\/tools.professional.electrolux.com\/Mirror\/Doc\/ELS\/PDS\/PS_438919493EN_CMIS%205_EN.pdf&#8221; background_color=&#8221;laundry-solutions&#8221; reveal_effect=&#8221;&#8221; reveal_duration=&#8221;&#8221; reveal_delay=&#8221;&#8221;][\/vc_column][vc_column width=&#8221;1\/3&#8243;][\/vc_column][\/vc_row][vc_row][vc_column][vc_empty_space height=&#8221;50px&#8221;][elx_heading font_size=&#8221;h2&#8243; text_color=&#8221;inherit&#8221; text_align=&#8221;text-center&#8221;]Fedezze fel a fel\u00fcgyeleti rendszerek el\u0151nyeit[\/elx_heading][elx_o2000_contact_us r=&#8221;Szeretn\u00e9k t\u00f6bb inform\u00e1ci\u00f3t kapni err\u0151l a term\u00e9kr\u0151l Fel\u00fcgyeleti rendszer \u00e9s szoftver. K\u00e9rem, vegy\u00e9k fel velem a kapcsolatot.&#8221; s=&#8221;Inform\u00e1ci\u00f3 k\u00e9r\u00e9s err\u0151l a term\u00e9kr\u0151l Fel\u00fcgyeleti rendszer \u00e9s szoftver&#8221; country=&#8221;Hungary&#8221; l=&#8221;hu&#8221; b=&#8221;laundry&#8221; container=&#8221;elxcontactus1478709536&#8243;][vc_empty_space height=&#8221;50px&#8221;][elx_heading font_size=&#8221;h3&#8243; text_color=&#8221;inherit&#8221; text_align=&#8221;text-center&#8221;]Tal\u00e1lja meg a t\u00f6k\u00e9letes megold\u00e1st![\/elx_heading][\/vc_column][\/vc_row][vc_row][vc_column width=&#8221;1\/3&#8243;][elx_maylike_box id_box=&#8221;3672&#8243; matched_labels=&#8221;&#8221;][\/vc_column][vc_column width=&#8221;1\/3&#8243;][elx_maylike_box id_box=&#8221;3674&#8243; matched_labels=&#8221;&#8221;][\/vc_column][vc_column width=&#8221;1\/3&#8243;][elx_maylike_box id_box=&#8221;3673&#8243; matched_labels=&#8221;&#8221;][\/vc_column][\/vc_row]<\/p>\n","protected":false},"excerpt":{"rendered":"<p>[vc_row full_width=&#8221;electroluxpro-full-width-no-padding&#8221;][vc_column][elx_hero_slider text_position=&#8221;hero_slider_text_align_right&#8221; label_text_color=&#8221;inherit&#8221; images=&#8221;901&#8243;][elx_heading font_container=&#8221;h1&#8243; font_size=&#8221;h2&#8243; text_color=&#8221;inherit&#8221;]Fel\u00fcgyeleti rendszer \u00e9s szoftver[\/elx_heading][vc_column_text]Az Electrolux Professional fel\u00fcgyeleti rendszerek \u00e9s szoftverek sz\u00e9les sk\u00e1l\u00e1j\u00e1t tudja k\u00edn\u00e1lni, amelyek a legmagasabb szint\u0171 min\u0151s\u00e9gi k\u00f6vetelm\u00e9nyeknek is megfelelnek, ez\u00e1ltal speci\u00e1lis hozz\u00e1adott \u00e9rt\u00e9ket ny\u00fajtanak minden egyes ig\u00e9nyes felhaszn\u00e1l\u00f3nak.[\/vc_column_text][\/elx_hero_slider][\/vc_column][\/vc_row][vc_row][vc_column][vc_empty_space][\/vc_column][\/vc_row][vc_row][vc_column width=&#8221;1\/2&#8243;][vc_column_text] Laundry Program Manager Sokoldal\u00fa, k\u00f6nnyen kezelhet\u0151 PC-n futtathat\u00f3 szoftver, Electrolux mos\u00f3g\u00e9pek \u00e9s sz\u00e1r\u00edt\u00f3g\u00e9pek programjainak meg\u00edr\u00e1s\u00e1hoz \u00e9s [&hellip;]<\/p>\n","protected":false},"author":3,"featured_media":735,"parent":0,"menu_order":0,"comment_status":"closed","ping_status":"closed","template":"","meta":{"footnotes":""},"class_list":["post-3756","page","type-page","status-publish","has-post-thumbnail","hentry"],"yoast_head":"<!-- This site is optimized with the Yoast SEO plugin v23.3 - https:\/\/yoast.com\/wordpress\/plugins\/seo\/ -->\n<title>Fel\u00fcgyeleti rendszer \u00e9s szoftver - Electrolux Professional Magyarorsz\u00e1g<\/title>\n<meta name=\"description\" content=\"Discover the wide range of management systems and softwares in order to minimize costs and maximize uptime of the equipment.\" \/>\n<meta name=\"robots\" content=\"index, follow, max-snippet:-1, max-image-preview:large, max-video-preview:-1\" \/>\n<link rel=\"canonical\" href=\"https:\/\/www.electroluxprofessional.com\/hu\/management-systems-software\/\" \/>\n<meta property=\"og:locale\" content=\"hu_HU\" \/>\n<meta property=\"og:type\" content=\"article\" \/>\n<meta property=\"og:title\" content=\"Fel\u00fcgyeleti rendszer \u00e9s szoftver - Electrolux Professional Magyarorsz\u00e1g\" \/>\n<meta property=\"og:description\" content=\"Discover the wide range of management systems and softwares in order to minimize costs and maximize uptime of the equipment.\" \/>\n<meta property=\"og:url\" content=\"https:\/\/www.electroluxprofessional.com\/hu\/management-systems-software\/\" \/>\n<meta property=\"og:site_name\" content=\"Electrolux Professional Magyarorsz\u00e1g\" \/>\n<meta property=\"article:modified_time\" content=\"2025-11-05T14:58:56+00:00\" \/>\n<meta property=\"og:image\" content=\"https:\/\/www.electroluxprofessional.com\/hu\/wp-content\/uploads\/2016\/11\/management-quadro.jpg\" \/>\n\t<meta property=\"og:image:width\" content=\"700\" \/>\n\t<meta property=\"og:image:height\" content=\"700\" \/>\n\t<meta property=\"og:image:type\" content=\"image\/jpeg\" \/>\n<meta name=\"twitter:card\" content=\"summary_large_image\" \/>\n<meta name=\"twitter:label1\" content=\"Becs\u00fclt olvas\u00e1si id\u0151\" \/>\n\t<meta name=\"twitter:data1\" content=\"2 perc\" \/>\n<script type=\"application\/ld+json\" class=\"yoast-schema-graph\">{\"@context\":\"https:\/\/schema.org\",\"@graph\":[{\"@type\":\"WebPage\",\"@id\":\"https:\/\/www.electroluxprofessional.com\/hu\/management-systems-software\/\",\"url\":\"https:\/\/www.electroluxprofessional.com\/hu\/management-systems-software\/\",\"name\":\"Fel\u00fcgyeleti rendszer \u00e9s szoftver - Electrolux Professional Magyarorsz\u00e1g\",\"isPartOf\":{\"@id\":\"https:\/\/www.electroluxprofessional.com\/hu\/#website\"},\"primaryImageOfPage\":{\"@id\":\"https:\/\/www.electroluxprofessional.com\/hu\/management-systems-software\/#primaryimage\"},\"image\":{\"@id\":\"https:\/\/www.electroluxprofessional.com\/hu\/management-systems-software\/#primaryimage\"},\"thumbnailUrl\":\"https:\/\/www.electroluxprofessional.com\/hu\/wp-content\/uploads\/2016\/11\/management-quadro.jpg\",\"datePublished\":\"2016-11-09T16:41:43+00:00\",\"dateModified\":\"2025-11-05T14:58:56+00:00\",\"description\":\"Discover the wide range of management systems and softwares in order to minimize costs and maximize uptime of the equipment.\",\"breadcrumb\":{\"@id\":\"https:\/\/www.electroluxprofessional.com\/hu\/management-systems-software\/#breadcrumb\"},\"inLanguage\":\"hu\",\"potentialAction\":[{\"@type\":\"ReadAction\",\"target\":[\"https:\/\/www.electroluxprofessional.com\/hu\/management-systems-software\/\"]}]},{\"@type\":\"ImageObject\",\"inLanguage\":\"hu\",\"@id\":\"https:\/\/www.electroluxprofessional.com\/hu\/management-systems-software\/#primaryimage\",\"url\":\"https:\/\/www.electroluxprofessional.com\/hu\/wp-content\/uploads\/2016\/11\/management-quadro.jpg\",\"contentUrl\":\"https:\/\/www.electroluxprofessional.com\/hu\/wp-content\/uploads\/2016\/11\/management-quadro.jpg\",\"width\":700,\"height\":700,\"caption\":\"Management systems and software\"},{\"@type\":\"BreadcrumbList\",\"@id\":\"https:\/\/www.electroluxprofessional.com\/hu\/management-systems-software\/#breadcrumb\",\"itemListElement\":[{\"@type\":\"ListItem\",\"position\":1,\"name\":\"Home\",\"item\":\"https:\/\/www.electroluxprofessional.com\/hu\/\"},{\"@type\":\"ListItem\",\"position\":2,\"name\":\"Fel\u00fcgyeleti rendszer \u00e9s szoftver\"}]},{\"@type\":\"WebSite\",\"@id\":\"https:\/\/www.electroluxprofessional.com\/hu\/#website\",\"url\":\"https:\/\/www.electroluxprofessional.com\/hu\/\",\"name\":\"Electrolux Professional Magyarorsz\u00e1g\",\"description\":\"\",\"potentialAction\":[{\"@type\":\"SearchAction\",\"target\":{\"@type\":\"EntryPoint\",\"urlTemplate\":\"https:\/\/www.electroluxprofessional.com\/hu\/?src={search_term_string}\"},\"query-input\":\"required name=search_term_string\"}],\"inLanguage\":\"hu\"}]}<\/script>\n<!-- \/ Yoast SEO plugin. -->","yoast_head_json":{"title":"Fel\u00fcgyeleti rendszer \u00e9s szoftver - Electrolux Professional Magyarorsz\u00e1g","description":"Discover the wide range of management systems and softwares in order to minimize costs and maximize uptime of the equipment.","robots":{"index":"index","follow":"follow","max-snippet":"max-snippet:-1","max-image-preview":"max-image-preview:large","max-video-preview":"max-video-preview:-1"},"canonical":"https:\/\/www.electroluxprofessional.com\/hu\/management-systems-software\/","og_locale":"hu_HU","og_type":"article","og_title":"Fel\u00fcgyeleti rendszer \u00e9s szoftver - Electrolux Professional Magyarorsz\u00e1g","og_description":"Discover the wide range of management systems and softwares in order to minimize costs and maximize uptime of the equipment.","og_url":"https:\/\/www.electroluxprofessional.com\/hu\/management-systems-software\/","og_site_name":"Electrolux Professional Magyarorsz\u00e1g","article_modified_time":"2025-11-05T14:58:56+00:00","og_image":[{"width":700,"height":700,"url":"https:\/\/www.electroluxprofessional.com\/hu\/wp-content\/uploads\/2016\/11\/management-quadro.jpg","type":"image\/jpeg"}],"twitter_card":"summary_large_image","twitter_misc":{"Becs\u00fclt olvas\u00e1si id\u0151":"2 perc"},"schema":{"@context":"https:\/\/schema.org","@graph":[{"@type":"WebPage","@id":"https:\/\/www.electroluxprofessional.com\/hu\/management-systems-software\/","url":"https:\/\/www.electroluxprofessional.com\/hu\/management-systems-software\/","name":"Fel\u00fcgyeleti rendszer \u00e9s szoftver - Electrolux Professional Magyarorsz\u00e1g","isPartOf":{"@id":"https:\/\/www.electroluxprofessional.com\/hu\/#website"},"primaryImageOfPage":{"@id":"https:\/\/www.electroluxprofessional.com\/hu\/management-systems-software\/#primaryimage"},"image":{"@id":"https:\/\/www.electroluxprofessional.com\/hu\/management-systems-software\/#primaryimage"},"thumbnailUrl":"https:\/\/www.electroluxprofessional.com\/hu\/wp-content\/uploads\/2016\/11\/management-quadro.jpg","datePublished":"2016-11-09T16:41:43+00:00","dateModified":"2025-11-05T14:58:56+00:00","description":"Discover the wide range of management systems and softwares in order to minimize costs and maximize uptime of the equipment.","breadcrumb":{"@id":"https:\/\/www.electroluxprofessional.com\/hu\/management-systems-software\/#breadcrumb"},"inLanguage":"hu","potentialAction":[{"@type":"ReadAction","target":["https:\/\/www.electroluxprofessional.com\/hu\/management-systems-software\/"]}]},{"@type":"ImageObject","inLanguage":"hu","@id":"https:\/\/www.electroluxprofessional.com\/hu\/management-systems-software\/#primaryimage","url":"https:\/\/www.electroluxprofessional.com\/hu\/wp-content\/uploads\/2016\/11\/management-quadro.jpg","contentUrl":"https:\/\/www.electroluxprofessional.com\/hu\/wp-content\/uploads\/2016\/11\/management-quadro.jpg","width":700,"height":700,"caption":"Management systems and software"},{"@type":"BreadcrumbList","@id":"https:\/\/www.electroluxprofessional.com\/hu\/management-systems-software\/#breadcrumb","itemListElement":[{"@type":"ListItem","position":1,"name":"Home","item":"https:\/\/www.electroluxprofessional.com\/hu\/"},{"@type":"ListItem","position":2,"name":"Fel\u00fcgyeleti rendszer \u00e9s szoftver"}]},{"@type":"WebSite","@id":"https:\/\/www.electroluxprofessional.com\/hu\/#website","url":"https:\/\/www.electroluxprofessional.com\/hu\/","name":"Electrolux Professional Magyarorsz\u00e1g","description":"","potentialAction":[{"@type":"SearchAction","target":{"@type":"EntryPoint","urlTemplate":"https:\/\/www.electroluxprofessional.com\/hu\/?src={search_term_string}"},"query-input":"required name=search_term_string"}],"inLanguage":"hu"}]}},"_links":{"self":[{"href":"https:\/\/www.electroluxprofessional.com\/hu\/wp-json\/wp\/v2\/pages\/3756"}],"collection":[{"href":"https:\/\/www.electroluxprofessional.com\/hu\/wp-json\/wp\/v2\/pages"}],"about":[{"href":"https:\/\/www.electroluxprofessional.com\/hu\/wp-json\/wp\/v2\/types\/page"}],"author":[{"embeddable":true,"href":"https:\/\/www.electroluxprofessional.com\/hu\/wp-json\/wp\/v2\/users\/3"}],"replies":[{"embeddable":true,"href":"https:\/\/www.electroluxprofessional.com\/hu\/wp-json\/wp\/v2\/comments?post=3756"}],"version-history":[{"count":7,"href":"https:\/\/www.electroluxprofessional.com\/hu\/wp-json\/wp\/v2\/pages\/3756\/revisions"}],"predecessor-version":[{"id":9343,"href":"https:\/\/www.electroluxprofessional.com\/hu\/wp-json\/wp\/v2\/pages\/3756\/revisions\/9343"}],"wp:featuredmedia":[{"embeddable":true,"href":"https:\/\/www.electroluxprofessional.com\/hu\/wp-json\/wp\/v2\/media\/735"}],"wp:attachment":[{"href":"https:\/\/www.electroluxprofessional.com\/hu\/wp-json\/wp\/v2\/media?parent=3756"}],"curies":[{"name":"wp","href":"https:\/\/api.w.org\/{rel}","templated":true}]}}