{"id":3733,"date":"2016-11-30T10:42:25","date_gmt":"2016-11-30T10:42:25","guid":{"rendered":"https:\/\/www.electroluxprofessional.com\/?page_id=6144"},"modified":"2025-11-05T14:58:30","modified_gmt":"2025-11-05T14:58:30","slug":"lagoon-advanced-care","status":"publish","type":"page","link":"https:\/\/www.electroluxprofessional.com\/hu\/lagoon-advanced-care\/","title":{"rendered":"Lagoon Advanced Care"},"content":{"rendered":"<p>[vc_row full_width=&#8221;electroluxpro-full-width-no-padding&#8221;][vc_column][elx_hero_title label=&#8221;&#8221; label_background_color=&#8221;inherit&#8221; video_link=&#8221;https:\/\/www.youtube.com\/watch?v=Bmra-TGZPng&#8221; background_image=&#8221;628&#8243;][elx_heading font_container=&#8221;h1&#8243; text_color=&#8221;inherit&#8221;]Komplett tiszt\u00edt\u00e1s 55 perc alatt [\/elx_heading][\/elx_hero_title][\/vc_column][\/vc_row][vc_row][vc_column][vc_empty_space][elx_heading font_size=&#8221;h2&#8243; text_color=&#8221;inherit&#8221; text_align=&#8221;text-center&#8221;]<strong>lagoon\u00ae Advanced Care<\/strong><br \/>\nGyors, egyszer\u0171 \u00e9s k\u00f6rnyezetbar\u00e1t.[\/elx_heading][vc_empty_space][\/vc_column][\/vc_row][vc_row full_width=&#8221;electroluxpro-container-no-padding&#8221;][vc_column width=&#8221;2\/3&#8243;][elx_simple_block text_align=&#8221;text-center&#8221; text_color=&#8221;white&#8221; background_color=&#8221;electrolux-blue&#8221;][vc_column_text]<\/p>\n<h2 style=\"text-align: center;\">A v\u00edz ereje<\/h2>\n<h4 style=\"text-align: center;\">Egy tiszta kezd\u00e9s<\/h4>\n<p style=\"text-align: center;\">V\u00e1s\u00e1rl\u00f3inak szok\u00e1sai v\u00e1ltoznak!<\/p>\n<p>[\/vc_column_text][\/elx_simple_block][\/vc_column][\/vc_row][vc_row][vc_column][vc_empty_space][\/vc_column][\/vc_row][vc_row][vc_column width=&#8221;1\/2&#8243;][vc_empty_space][vc_column_text css_animation=&#8221;left-to-right&#8221;]<\/p>\n<h3><strong>Fenntarthat\u00f3<\/strong><\/h3>\n<p>K\u00f6rnyezetbar\u00e1t technol\u00f3gia, nem alkalmaz m\u00e9rgez\u0151, szerves old\u00f3szereket, mivel a v\u00edz az old\u00f3szer.<\/p>\n<h3><strong>K\u00edm\u00e9l\u0151 a k\u00edm\u00e9lend\u0151vel<\/strong><\/h3>\n<p>Kiemelked\u0151 eredm\u00e9nyek a min\u0151s\u00e9gi textilekkel \u00e9s az elvileg kiz\u00e1r\u00f3lag vegytiszt\u00edtand\u00f3 finom gyapj\u00faval.<\/p>\n<h3><strong>Igazi nyer\u0151 megold\u00e1s<\/strong><\/h3>\n<p>Egyszer\u0171 vizes tiszt\u00edt\u00e1s, k\u00f6nnyen elsaj\u00e1t\u00edthat\u00f3 technol\u00f3gia, nincs sz\u0171k keresztmetszet.[\/vc_column_text][\/vc_column][vc_column width=&#8221;1\/2&#8243;][elx_image_block background_image=&#8221;629&#8243; minimum_height=&#8221;500px&#8221;][\/vc_column][\/vc_row][vc_row full_width=&#8221;electroluxpro-full-width&#8221;][vc_column][vc_empty_space][elx_heading font_size=&#8221;h2&#8243; text_color=&#8221;inherit&#8221; text_align=&#8221;text-center&#8221;]A v\u00edz minden el\u0151ny\u00e9vel<br \/>\n\u00e9s a mos\u00f3szeres tiszt\u00edt\u00e1s gyorsas\u00e1g\u00e1val \u00e9s egyszer\u0171s\u00e9g\u00e9vel.[\/elx_heading][\/vc_column][\/vc_row][vc_row][vc_column][vc_empty_space height=&#8221;50px&#8221;][vc_single_image image=&#8221;635&#8243; img_size=&#8221;full&#8221; alignment=&#8221;center&#8221; css=&#8221;.vc_custom_1491216216129{margin-bottom: 0px !important;border-bottom-width: 0px !important;padding-bottom: 0px !important;}&#8221;][\/vc_column][\/vc_row][vc_row][vc_column][vc_empty_space][\/vc_column][\/vc_row][vc_row equal_height=&#8221;yes&#8221;][vc_column width=&#8221;1\/2&#8243;][elx_heading text_color=&#8221;inherit&#8221;]<span style=\"color: #37c0c9;\">\u201cAkik gondolnak a j\u00f6v\u0151re a lagoon\u00ae Advanced Care-t v\u00e1lasztj\u00e1k\u201d<\/span>[\/elx_heading][vc_column_text css_animation=&#8221;left-to-right&#8221;]A lagoon\u00ae Advanced Care-nek k\u00f6sz\u00f6nhet\u0151en v\u00edzzel b\u00e1rmit megtehet\u00fcnk.\u00a0\u00a0A ruh\u00e1k a folyamat v\u00e9g\u00e9n nagyon tiszt\u00e1k \u00e9s az eredeti alakjuk vissza\u00e1ll\u00edt\u00e1sa\u00a0k\u00f6nny\u0171 feladat.\u00a0T\u00f6bb\u00e9 nem kell szerves old\u00f3szereket haszn\u00e1lnunk.<br \/>\n<strong>A lagoon\u00ae Advanced Care csak v\u00edzzel tiszt\u00edt.\u00a0V\u00edzzel dolgozni biztons\u00e1gosabb \u00e9s nem szennyezz\u00fck a\u00a0k\u00f6rnyezetet<\/strong>.<\/p>\n<p>A ruh\u00e1k nemcsak nagyon tiszt\u00e1k, hanem friss illat\u00faak \u00e9s kellemes a tapint\u00e1suk.<br \/>\n<strong>Csak egy \u00f3r\u00e1ra van sz\u00fcks\u00e9g egy t\u00f6k\u00e9letesen tiszt\u00edtott ruh\u00e1hoz. Ig\u00e9ny szerint <\/strong>tudunk aj\u00e1nlani expressz szolg\u00e1ltat\u00e1st. Mi el\u00e9gedettek vagyunk a g\u00e9pek m\u0171k\u00f6d\u00e9s\u00e9vel, az \u00fcgyfeleink pedig az eredm\u00e9nnyel!\u201d<\/p>\n<p>James Leat \u2018ideal CLEANERS\u2019\u00a0tulajdonos[\/vc_column_text][\/vc_column][vc_column width=&#8221;1\/2&#8243;][elx_video_block background_image=&#8221;1636&#8243; video_link=&#8221;https:\/\/www.youtube.com\/watch?v=QdkA0xDSqqY&#8221; minimum_height=&#8221;600px&#8221;][\/vc_column][\/vc_row][vc_row][vc_column width=&#8221;1\/2&#8243;][elx_image_block background_image=&#8221;531&#8243; minimum_height=&#8221;500px&#8221;][\/vc_column][vc_column width=&#8221;1\/2&#8243;][vc_empty_space][elx_heading text_color=&#8221;duck-egg&#8221;]A.Roma Lifestyle Hotel[\/elx_heading][vc_column_text css_animation=&#8221;left-to-right&#8221;]Ha egy sz\u00e1llod\u00e1nak saj\u00e1t mosod\u00e1ja van, ezzel megn\u00f6veli a t\u00f6r\u00f6lk\u00f6z\u0151i \u00e9lettartam\u00e1t \u00e9s cs\u00f6kkenti a k\u00f6lts\u00e9geket. A vend\u00e9gekre n\u00e9zve ez <strong>t\u00f6k\u00e9letesen tiszt\u00edtott l\u00e1gy tapint\u00e1s\u00fa \u00e9s illatos<\/strong> f\u00fcrd\u0151k\u00f6penyeket \u00e9s t\u00f6r\u00f6lk\u00f6z\u0151ket jelent, m\u00e9lt\u00f3an egy luxussz\u00e1ll\u00f3hoz.[\/vc_column_text][\/vc_column][\/vc_row][vc_row][vc_column][vc_empty_space][\/vc_column][\/vc_row][vc_row][vc_column][elx_heading text_color=&#8221;inherit&#8221;]Keresse irod\u00e1nkat \u00e9s tal\u00e1ljuk meg, mivel tudja az Electrolux fejleszteni v\u00e1llalkoz\u00e1s\u00e1t![\/elx_heading][elx_o2000_contact_us r=&#8221;Szeretn\u00e9k t\u00f6bb inform\u00e1ci\u00f3t kapni err\u0151l a term\u00e9kr\u0151l lagoon Advanced Care. K\u00e9rem, vegy\u00e9k fel velem a kapcsolatot.&#8221; s=&#8221;Inform\u00e1ci\u00f3 k\u00e9r\u00e9s err\u0151l a term\u00e9kr\u0151l lagoon Advanced Care&#8221; country=&#8221;Hungary&#8221; l=&#8221;hu&#8221; b=&#8221;laundry&#8221; container=&#8221;elxcontactus1466432885&#8243;][\/vc_column][\/vc_row][vc_row][vc_column][vc_empty_space][elx_heading text_color=&#8221;inherit&#8221;]Szak\u00e9rt\u0151k \u00e1ltal igazolva[\/elx_heading][vc_empty_space][vc_row_inner][vc_column_inner width=&#8221;1\/2&#8243;][vc_column_text]A textil nem kopik, a sz\u00ednek nem fakulnak, a m\u00e9retek nem v\u00e1ltoznak t\u00f6bbsz\u00f6ri tiszt\u00edt\u00e1s ut\u00e1n sem \u2013 \u00e9rt\u00e9kelt a Hohenstein Institute.[\/vc_column_text][\/vc_column_inner][vc_column_inner width=&#8221;1\/2&#8243; css=&#8221;.vc_custom_1484731309853{margin-top: 0px !important;border-top-width: 0px !important;padding-top: 0px !important;}&#8221;][vc_single_image image=&#8221;1879&#8243; img_size=&#8221;full&#8221;][\/vc_column_inner][\/vc_row_inner][vc_row_inner][vc_column_inner width=&#8221;1\/2&#8243;][vc_empty_space][vc_column_text]A lagoon\u00ae technol\u00f3gi\u00e1r\u00f3l a The Woolmark Company igazolta, hogy alkalmas m\u00e9g a legfinomabb, kiz\u00e1r\u00f3lag vegytiszt\u00edtand\u00f3 gyapj\u00fak v\u00edzalap\u00fa tiszt\u00edt\u00e1s\u00e1ra.[\/vc_column_text][\/vc_column_inner][vc_column_inner width=&#8221;1\/2&#8243;][vc_single_image image=&#8221;1880&#8243; img_size=&#8221;full&#8221;][\/vc_column_inner][\/vc_row_inner][\/vc_column][\/vc_row][vc_row][vc_column][vc_empty_space height=&#8221;50px&#8221;][elx_heading font_size=&#8221;h2&#8243; text_color=&#8221;inherit&#8221;]Flexibilis, modulokb\u00f3l \u00e1ll\u00f3, az \u00d6n ig\u00e9nyeire szabhat\u00f3 megold\u00e1s[\/elx_heading][vc_row_inner][vc_column_inner width=&#8221;1\/2&#8243;][elx_heading font_container=&#8221;h3&#8243; font_size=&#8221;h2&#8243; text_color=&#8221;inherit&#8221; text_align=&#8221;text-left&#8221;]<strong>Alap k\u00e9szlet<\/strong>[\/elx_heading][elx_heading font_container=&#8221;h4&#8243; font_size=&#8221;h4&#8243; text_color=&#8221;inherit&#8221; text_align=&#8221;text-left&#8221;]70 kis t\u00e9tel naponta[\/elx_heading][vc_column_text]L\u00e9pjen be a nedves tiszt\u00edt\u00e1si \u00fczlet\u00e1gba egy professzion\u00e1lis megold\u00e1ssal, amely t\u00f6k\u00e9letesen helyettes\u00edt b\u00e1rmilyen l\u00e9tez\u0151\u00a0vegytiszt\u00edt\u00e1si m\u0171veletet. Kateg\u00f3ri\u00e1j\u00e1ban a legjobb\u00a0kis alapter\u00fcleten elf\u00e9r: ez a lagoon\u00ae Advanced Care.<\/p>\n<p><strong>Tiszt\u00edt\u00f3kapacit\u00e1s<\/strong><br \/>\n6-8 kis darab ciklusonk\u00e9nt.[\/vc_column_text][\/vc_column_inner][vc_column_inner width=&#8221;1\/2&#8243;][elx_heading font_container=&#8221;h3&#8243; font_size=&#8221;h2&#8243; text_color=&#8221;inherit&#8221; text_align=&#8221;text-left&#8221;]<strong>Abszol\u00fat k\u00e9szlet<\/strong>[\/elx_heading][elx_heading font_container=&#8221;h4&#8243; font_size=&#8221;h4&#8243; text_color=&#8221;inherit&#8221; text_align=&#8221;text-left&#8221;]250 kis t\u00e9tel naponta[\/elx_heading][vc_column_text]Az ide\u00e1lis megold\u00e1s egy 15 kg-os vegytiszt\u00edt\u00f3 kiv\u00e1lt\u00e1s\u00e1ra<br \/>\n\u00e9s teljesen flexibisen<br \/>\nb\u0151v\u00edthet\u0151 a kapacit\u00e1s. Mivel az Abszol\u00fat k\u00e9szlet tartalmazza<br \/>\naz Alapk\u00e9szletet, ez\u00e9rt szint\u00e9n fel lehet aj\u00e1nlani az expressz<br \/>\ntiszt\u00edt\u00e1st. Nagy paplanokat lehet kimosni h\u00e1zon bel\u00fcl<br \/>\naz Abszol\u00fat k\u00e9szlettel.<\/p>\n<p><strong>Tiszt\u00edt\u00f3kapacit\u00e1s<\/strong><br \/>\n6-8 kis darab ciklusonk\u00e9nt + 18-27 darab ciklusonk\u00e9nt.[\/vc_column_text][\/vc_column_inner][\/vc_row_inner][\/vc_column][\/vc_row][vc_row][vc_column][elx_heading font_size=&#8221;h2&#8243; text_color=&#8221;inherit&#8221; text_align=&#8221;text-center&#8221;]Fogy\u00f3eszk\u00f6z\u00f6k[\/elx_heading][\/vc_column][\/vc_row][vc_row][vc_column width=&#8221;1\/4&#8243;][vc_single_image image=&#8221;1881&#8243; img_size=&#8221;full&#8221;][\/vc_column][vc_column width=&#8221;3\/4&#8243;][vc_column_text]<\/p>\n<p style=\"text-align: left;\">lagoon\u00ae Advanced Care rendszer:\u00a0k\u00edm\u00e9l\u0151 a textilekkel, k\u00f6rnyezetbar\u00e1t \u00e9s min\u0151s\u00e9gi v\u00e1ltoz\u00e1st hoz a piacot. Mint v\u00edzalap\u00fa tiszt\u00edt\u00e1si technol\u00f3gia a egyszer\u0171 mos\u00f3szeres mos\u00e1s, k\u00f6rnyezetk\u00edm\u00e9l\u0151 m\u00f3don.<\/p>\n<p>[\/vc_column_text][elx_heading font_container=&#8221;h3&#8243; font_size=&#8221;h4&#8243; text_color=&#8221;inherit&#8221;]Mos\u00f3szerek [\/elx_heading][vc_column_text css=&#8221;.vc_custom_1497356631020{margin-bottom: 0px !important;border-bottom-width: 0px !important;padding-bottom: 0px !important;}&#8221;]\u00daj gener\u00e1ci\u00f3s mos\u00f3szerek komplett sk\u00e1l\u00e1ja, el\u0151zm\u00e9nyek n\u00e9lk\u00fcli tiszt\u00edt\u00e1si eredm\u00e9nyekkel[\/vc_column_text][elx_heading font_container=&#8221;h3&#8243; font_size=&#8221;h4&#8243; text_color=&#8221;inherit&#8221; css=&#8221;.vc_custom_1497356642217{margin-top: 0px !important;border-top-width: 0px !important;padding-top: 0px !important;}&#8221;]Kef\u00e9s fellaz\u00edt\u00e1s \u00e9s foltkezel\u00e9s[\/elx_heading][vc_column_text css=&#8221;.vc_custom_1497356652907{margin-bottom: 5px !important;border-bottom-width: 5px !important;padding-bottom: 5px !important;}&#8221;]Foltkezel\u0151 szerek komplett sk\u00e1l\u00e1ja garant\u00e1lt eredm\u00e9nnyel[\/vc_column_text][elx_button button_text=&#8221;Tartoz\u00e9kok \u00e9s fogy\u00f3eszk\u00f6z\u00f6k&#8221; button_style=&#8221;icon&#8221; css=&#8221;.vc_custom_1497356663070{margin-top: 0px !important;border-top-width: 0px !important;padding-top: 0px !important;}&#8221; button_link=&#8221;url:https%3A%2F%2Fprofessional.electrolux.hu%2Faccessories-consumables%2Flaundry%2F|title:Accessories%20and%20consumables%20for%20laundry%20solutions||&#8221;][\/vc_column][\/vc_row][vc_row][vc_column][vc_empty_space][\/vc_column][\/vc_row][vc_row][vc_column width=&#8221;1\/2&#8243;][elx_download_block text=&#8221;Lagoon Advanced Care Brochure&#8221; link=&#8221;http:\/\/tools.professional.electrolux.com\/Mirror\/Doc\/ELS\/BRO\/2015173EI-02-FOLDER2ANTE-REVTESTO_LOW.pdf&#8221; background_color=&#8221;laundry-solutions&#8221; reveal_effect=&#8221;&#8221; reveal_duration=&#8221;&#8221; reveal_delay=&#8221;&#8221;][\/vc_column][\/vc_row][vc_row][vc_column][vc_empty_space][elx_heading text_color=&#8221;inherit&#8221;]L\u00e9pjen vel\u00fcnk kapcsolatba[\/elx_heading][elx_o2000_contact_us r=&#8221;I would like to find out more about lagoon Advanced Care. Please get in touch with me.&#8221; s=&#8221;Request for information: lagoon\u00ae Advanced Care&#8221; b=&#8221;laundry&#8221; container=&#8221;elxcontactus1466431453&#8243;][\/vc_column][\/vc_row]<\/p>\n","protected":false},"excerpt":{"rendered":"<p>[vc_row full_width=&#8221;electroluxpro-full-width-no-padding&#8221;][vc_column][elx_hero_title label=&#8221;&#8221; label_background_color=&#8221;inherit&#8221; video_link=&#8221;https:\/\/www.youtube.com\/watch?v=Bmra-TGZPng&#8221; background_image=&#8221;628&#8243;][elx_heading font_container=&#8221;h1&#8243; text_color=&#8221;inherit&#8221;]Komplett tiszt\u00edt\u00e1s 55 perc alatt [\/elx_heading][\/elx_hero_title][\/vc_column][\/vc_row][vc_row][vc_column][vc_empty_space][elx_heading font_size=&#8221;h2&#8243; text_color=&#8221;inherit&#8221; text_align=&#8221;text-center&#8221;]lagoon\u00ae Advanced Care Gyors, egyszer\u0171 \u00e9s k\u00f6rnyezetbar\u00e1t.[\/elx_heading][vc_empty_space][\/vc_column][\/vc_row][vc_row full_width=&#8221;electroluxpro-container-no-padding&#8221;][vc_column width=&#8221;2\/3&#8243;][elx_simple_block text_align=&#8221;text-center&#8221; text_color=&#8221;white&#8221; background_color=&#8221;electrolux-blue&#8221;][vc_column_text] A v\u00edz ereje Egy tiszta kezd\u00e9s V\u00e1s\u00e1rl\u00f3inak szok\u00e1sai v\u00e1ltoznak! [\/vc_column_text][\/elx_simple_block][\/vc_column][\/vc_row][vc_row][vc_column][vc_empty_space][\/vc_column][\/vc_row][vc_row][vc_column width=&#8221;1\/2&#8243;][vc_empty_space][vc_column_text css_animation=&#8221;left-to-right&#8221;] Fenntarthat\u00f3 K\u00f6rnyezetbar\u00e1t technol\u00f3gia, nem alkalmaz m\u00e9rgez\u0151, szerves old\u00f3szereket, mivel a v\u00edz az old\u00f3szer. K\u00edm\u00e9l\u0151 a k\u00edm\u00e9lend\u0151vel [&hellip;]<\/p>\n","protected":false},"author":3,"featured_media":629,"parent":0,"menu_order":0,"comment_status":"closed","ping_status":"closed","template":"","meta":{"footnotes":""},"class_list":["post-3733","page","type-page","status-publish","has-post-thumbnail","hentry"],"yoast_head":"<!-- This site is optimized with the Yoast SEO plugin v23.3 - https:\/\/yoast.com\/wordpress\/plugins\/seo\/ -->\n<title>Wet cleaning for delicate clothes - Electrolux Professional<\/title>\n<meta name=\"description\" content=\"Wet cleaning by lagoon Advanced Care for professional textile care and delicate clothes is the right solution for laundry shops.\" \/>\n<meta name=\"robots\" content=\"index, follow, max-snippet:-1, max-image-preview:large, max-video-preview:-1\" \/>\n<link rel=\"canonical\" href=\"https:\/\/www.electroluxprofessional.com\/hu\/lagoon-advanced-care\/\" \/>\n<meta property=\"og:locale\" content=\"hu_HU\" \/>\n<meta property=\"og:type\" content=\"article\" \/>\n<meta property=\"og:title\" content=\"Wet cleaning for delicate clothes - Electrolux Professional\" \/>\n<meta property=\"og:description\" content=\"Wet cleaning by lagoon Advanced Care for professional textile care and delicate clothes is the right solution for laundry shops.\" \/>\n<meta property=\"og:url\" content=\"https:\/\/www.electroluxprofessional.com\/hu\/lagoon-advanced-care\/\" \/>\n<meta property=\"og:site_name\" content=\"Electrolux Professional Magyarorsz\u00e1g\" \/>\n<meta property=\"article:modified_time\" content=\"2025-11-05T14:58:30+00:00\" \/>\n<meta property=\"og:image\" content=\"https:\/\/www.electroluxprofessional.com\/hu\/wp-content\/uploads\/2016\/05\/lagoon-delicate-clothes.jpg\" \/>\n\t<meta property=\"og:image:width\" content=\"600\" \/>\n\t<meta property=\"og:image:height\" content=\"848\" \/>\n\t<meta property=\"og:image:type\" content=\"image\/jpeg\" \/>\n<meta name=\"twitter:card\" content=\"summary_large_image\" \/>\n<meta name=\"twitter:label1\" content=\"Becs\u00fclt olvas\u00e1si id\u0151\" \/>\n\t<meta name=\"twitter:data1\" content=\"4 perc\" \/>\n<script type=\"application\/ld+json\" class=\"yoast-schema-graph\">{\"@context\":\"https:\/\/schema.org\",\"@graph\":[{\"@type\":\"WebPage\",\"@id\":\"https:\/\/www.electroluxprofessional.com\/hu\/lagoon-advanced-care\/\",\"url\":\"https:\/\/www.electroluxprofessional.com\/hu\/lagoon-advanced-care\/\",\"name\":\"Wet cleaning for delicate clothes - Electrolux Professional\",\"isPartOf\":{\"@id\":\"https:\/\/www.electroluxprofessional.com\/hu\/#website\"},\"primaryImageOfPage\":{\"@id\":\"https:\/\/www.electroluxprofessional.com\/hu\/lagoon-advanced-care\/#primaryimage\"},\"image\":{\"@id\":\"https:\/\/www.electroluxprofessional.com\/hu\/lagoon-advanced-care\/#primaryimage\"},\"thumbnailUrl\":\"https:\/\/www.electroluxprofessional.com\/hu\/wp-content\/uploads\/2016\/05\/lagoon-delicate-clothes.jpg\",\"datePublished\":\"2016-11-30T10:42:25+00:00\",\"dateModified\":\"2025-11-05T14:58:30+00:00\",\"description\":\"Wet cleaning by lagoon Advanced Care for professional textile care and delicate clothes is the right solution for laundry shops.\",\"breadcrumb\":{\"@id\":\"https:\/\/www.electroluxprofessional.com\/hu\/lagoon-advanced-care\/#breadcrumb\"},\"inLanguage\":\"hu\",\"potentialAction\":[{\"@type\":\"ReadAction\",\"target\":[\"https:\/\/www.electroluxprofessional.com\/hu\/lagoon-advanced-care\/\"]}]},{\"@type\":\"ImageObject\",\"inLanguage\":\"hu\",\"@id\":\"https:\/\/www.electroluxprofessional.com\/hu\/lagoon-advanced-care\/#primaryimage\",\"url\":\"https:\/\/www.electroluxprofessional.com\/hu\/wp-content\/uploads\/2016\/05\/lagoon-delicate-clothes.jpg\",\"contentUrl\":\"https:\/\/www.electroluxprofessional.com\/hu\/wp-content\/uploads\/2016\/05\/lagoon-delicate-clothes.jpg\",\"width\":600,\"height\":848,\"caption\":\"lagoon advanced care delicate clothes\"},{\"@type\":\"BreadcrumbList\",\"@id\":\"https:\/\/www.electroluxprofessional.com\/hu\/lagoon-advanced-care\/#breadcrumb\",\"itemListElement\":[{\"@type\":\"ListItem\",\"position\":1,\"name\":\"Home\",\"item\":\"https:\/\/www.electroluxprofessional.com\/hu\/\"},{\"@type\":\"ListItem\",\"position\":2,\"name\":\"Lagoon Advanced Care\"}]},{\"@type\":\"WebSite\",\"@id\":\"https:\/\/www.electroluxprofessional.com\/hu\/#website\",\"url\":\"https:\/\/www.electroluxprofessional.com\/hu\/\",\"name\":\"Electrolux Professional Magyarorsz\u00e1g\",\"description\":\"\",\"potentialAction\":[{\"@type\":\"SearchAction\",\"target\":{\"@type\":\"EntryPoint\",\"urlTemplate\":\"https:\/\/www.electroluxprofessional.com\/hu\/?src={search_term_string}\"},\"query-input\":\"required name=search_term_string\"}],\"inLanguage\":\"hu\"}]}<\/script>\n<!-- \/ Yoast SEO plugin. -->","yoast_head_json":{"title":"Wet cleaning for delicate clothes - Electrolux Professional","description":"Wet cleaning by lagoon Advanced Care for professional textile care and delicate clothes is the right solution for laundry shops.","robots":{"index":"index","follow":"follow","max-snippet":"max-snippet:-1","max-image-preview":"max-image-preview:large","max-video-preview":"max-video-preview:-1"},"canonical":"https:\/\/www.electroluxprofessional.com\/hu\/lagoon-advanced-care\/","og_locale":"hu_HU","og_type":"article","og_title":"Wet cleaning for delicate clothes - Electrolux Professional","og_description":"Wet cleaning by lagoon Advanced Care for professional textile care and delicate clothes is the right solution for laundry shops.","og_url":"https:\/\/www.electroluxprofessional.com\/hu\/lagoon-advanced-care\/","og_site_name":"Electrolux Professional Magyarorsz\u00e1g","article_modified_time":"2025-11-05T14:58:30+00:00","og_image":[{"width":600,"height":848,"url":"https:\/\/www.electroluxprofessional.com\/hu\/wp-content\/uploads\/2016\/05\/lagoon-delicate-clothes.jpg","type":"image\/jpeg"}],"twitter_card":"summary_large_image","twitter_misc":{"Becs\u00fclt olvas\u00e1si id\u0151":"4 perc"},"schema":{"@context":"https:\/\/schema.org","@graph":[{"@type":"WebPage","@id":"https:\/\/www.electroluxprofessional.com\/hu\/lagoon-advanced-care\/","url":"https:\/\/www.electroluxprofessional.com\/hu\/lagoon-advanced-care\/","name":"Wet cleaning for delicate clothes - Electrolux Professional","isPartOf":{"@id":"https:\/\/www.electroluxprofessional.com\/hu\/#website"},"primaryImageOfPage":{"@id":"https:\/\/www.electroluxprofessional.com\/hu\/lagoon-advanced-care\/#primaryimage"},"image":{"@id":"https:\/\/www.electroluxprofessional.com\/hu\/lagoon-advanced-care\/#primaryimage"},"thumbnailUrl":"https:\/\/www.electroluxprofessional.com\/hu\/wp-content\/uploads\/2016\/05\/lagoon-delicate-clothes.jpg","datePublished":"2016-11-30T10:42:25+00:00","dateModified":"2025-11-05T14:58:30+00:00","description":"Wet cleaning by lagoon Advanced Care for professional textile care and delicate clothes is the right solution for laundry shops.","breadcrumb":{"@id":"https:\/\/www.electroluxprofessional.com\/hu\/lagoon-advanced-care\/#breadcrumb"},"inLanguage":"hu","potentialAction":[{"@type":"ReadAction","target":["https:\/\/www.electroluxprofessional.com\/hu\/lagoon-advanced-care\/"]}]},{"@type":"ImageObject","inLanguage":"hu","@id":"https:\/\/www.electroluxprofessional.com\/hu\/lagoon-advanced-care\/#primaryimage","url":"https:\/\/www.electroluxprofessional.com\/hu\/wp-content\/uploads\/2016\/05\/lagoon-delicate-clothes.jpg","contentUrl":"https:\/\/www.electroluxprofessional.com\/hu\/wp-content\/uploads\/2016\/05\/lagoon-delicate-clothes.jpg","width":600,"height":848,"caption":"lagoon advanced care delicate clothes"},{"@type":"BreadcrumbList","@id":"https:\/\/www.electroluxprofessional.com\/hu\/lagoon-advanced-care\/#breadcrumb","itemListElement":[{"@type":"ListItem","position":1,"name":"Home","item":"https:\/\/www.electroluxprofessional.com\/hu\/"},{"@type":"ListItem","position":2,"name":"Lagoon Advanced Care"}]},{"@type":"WebSite","@id":"https:\/\/www.electroluxprofessional.com\/hu\/#website","url":"https:\/\/www.electroluxprofessional.com\/hu\/","name":"Electrolux Professional Magyarorsz\u00e1g","description":"","potentialAction":[{"@type":"SearchAction","target":{"@type":"EntryPoint","urlTemplate":"https:\/\/www.electroluxprofessional.com\/hu\/?src={search_term_string}"},"query-input":"required name=search_term_string"}],"inLanguage":"hu"}]}},"_links":{"self":[{"href":"https:\/\/www.electroluxprofessional.com\/hu\/wp-json\/wp\/v2\/pages\/3733"}],"collection":[{"href":"https:\/\/www.electroluxprofessional.com\/hu\/wp-json\/wp\/v2\/pages"}],"about":[{"href":"https:\/\/www.electroluxprofessional.com\/hu\/wp-json\/wp\/v2\/types\/page"}],"author":[{"embeddable":true,"href":"https:\/\/www.electroluxprofessional.com\/hu\/wp-json\/wp\/v2\/users\/3"}],"replies":[{"embeddable":true,"href":"https:\/\/www.electroluxprofessional.com\/hu\/wp-json\/wp\/v2\/comments?post=3733"}],"version-history":[{"count":17,"href":"https:\/\/www.electroluxprofessional.com\/hu\/wp-json\/wp\/v2\/pages\/3733\/revisions"}],"predecessor-version":[{"id":9341,"href":"https:\/\/www.electroluxprofessional.com\/hu\/wp-json\/wp\/v2\/pages\/3733\/revisions\/9341"}],"wp:featuredmedia":[{"embeddable":true,"href":"https:\/\/www.electroluxprofessional.com\/hu\/wp-json\/wp\/v2\/media\/629"}],"wp:attachment":[{"href":"https:\/\/www.electroluxprofessional.com\/hu\/wp-json\/wp\/v2\/media?parent=3733"}],"curies":[{"name":"wp","href":"https:\/\/api.w.org\/{rel}","templated":true}]}}