{"id":3705,"date":"2016-09-13T13:07:29","date_gmt":"2016-09-13T13:07:29","guid":{"rendered":"https:\/\/www.electroluxprofessional.com\/?page_id=3144"},"modified":"2020-04-21T09:04:04","modified_gmt":"2020-04-21T09:04:04","slug":"tumble-dyers","status":"publish","type":"page","link":"https:\/\/www.electroluxprofessional.com\/hu\/tumble-dyers\/","title":{"rendered":"Sz\u00e1r\u00edt\u00f3g\u00e9pek"},"content":{"rendered":"<p>[vc_row full_width=&#8221;electroluxpro-full-width-no-padding&#8221;][vc_column][elx_hero_slider label_text_color=&#8221;inherit&#8221; images=&#8221;820&#8243;][elx_heading font_container=&#8221;h1&#8243; font_size=&#8221;h2&#8243; text_color=&#8221;inherit&#8221;]Sz\u00e1r\u00edt\u00f3g\u00e9pek[\/elx_heading][elx_heading font_container=&#8221;h4&#8243; text_color=&#8221;inherit&#8221;]Gyorsabb, k\u00f6rnyezetk\u00edm\u00e9l\u0151bb, k\u00f6nnyebben kezelhet\u0151 [\/elx_heading][\/elx_hero_slider][vc_empty_space][\/vc_column][\/vc_row][vc_row][vc_column][elx_heading font_size=&#8221;h3&#8243; text_color=&#8221;inherit&#8221;]Electrolux Line 5000.<br \/>\nSzak\u00e9rt\u0151k tervezt\u00e9k. \u00d6n\u00f6k inspir\u00e1lt\u00e1k.[\/elx_heading][vc_empty_space][vc_column_text]Az Electrolux egyenletes min\u0151s\u00e9g\u0171 fels\u0151fok\u00fa term\u00e9keket gy\u00e1rt \u00e9s a vev\u0151i ig\u00e9nyekhez igazod\u00f3 szolg\u00e1ltat\u00e1sokat biztos\u00edt. Egy tov\u00e1bbi l\u00e9p\u00e9s, ami a g\u00e9pet megold\u00e1ss\u00e1 alak\u00edtja. Ez folyamatos meg\u00fajul\u00e1st jelent, hogy egy l\u00e9p\u00e9ssel mindig a vev\u0151k el\u0151tt j\u00e1rjunk.[\/vc_column_text][\/vc_column][\/vc_row][vc_row][vc_column width=&#8221;1\/3&#8243;][elx_heading font_size=&#8221;h4&#8243; text_color=&#8221;inherit&#8221;]Alapvet\u0151 tart\u00f3ss\u00e1g [\/elx_heading][vc_column_text]Robosztus konstrukci\u00f3juknak k\u00f6sz\u00f6nhet\u0151en a g\u00e9peink kevesebb karbantart\u00e1st ig\u00e9nyelnek \u00e9s optim\u00e1lis berendez\u00e9sek mindenfajta alkalmaz\u00e1sra b\u00e1rmilyen k\u00f6rnyezetben.[\/vc_column_text][\/vc_column][vc_column width=&#8221;1\/3&#8243;][elx_heading font_size=&#8221;h4&#8243; text_color=&#8221;inherit&#8221;]Fokozottan \u201eZ\u00f6ld\u201d m\u0171k\u00f6d\u00e9s [\/elx_heading][vc_column_text]A m\u0171k\u00f6d\u00e9si k\u00f6lts\u00e9geket \u00fagy is lehet cs\u00f6kkenteni, hogy nem kell engedni a min\u0151s\u00e9gb\u0151l.<br \/>\nOlyan megold\u00e1st k\u00edn\u00e1lunk, amely kevesebb vizet, energi\u00e1t \u00e9s mos\u00f3szert haszn\u00e1l, hogy a mos\u00e1si \u00e9s sz\u00e1r\u00edt\u00e1si ciklusokat m\u00e9g hat\u00e9konyabb\u00e1 tegye.[\/vc_column_text][\/vc_column][vc_column width=&#8221;1\/3&#8243;][elx_heading font_size=&#8221;h4&#8243; text_color=&#8221;inherit&#8221;]Maxim\u00e1lis flexibilit\u00e1s [\/elx_heading][vc_column_text]Az \u00faj Compass Pro\u00ae vez\u00e9rl\u00e9s maximaliz\u00e1lja a m\u0171k\u00f6d\u00e9st \u00e9s minden lehets\u00e9ges flexibilit\u00e1st megad, amit a vev\u0151 k\u00edv\u00e1n. A kezel\u00e9st megk\u00f6nny\u00edtend\u0151 egyed\u00fcl\u00e1ll\u00f3 ergon\u00f3mikus kivitel m\u00e1r a bet\u00f6lt\u00e9s el\u00f6tt is sokat seg\u00edt.[\/vc_column_text][\/vc_column][\/vc_row][vc_row][vc_column][vc_empty_space][\/vc_column][\/vc_row][vc_row][vc_column width=&#8221;1\/2&#8243;][vc_empty_space][elx_heading text_color=&#8221;inherit&#8221;]Fedezze fel az \u00faj h\u0151szivatty\u00fas sz\u00e1r\u00edt\u00f3g\u00e9p el\u0151nyeit[\/elx_heading][vc_empty_space][vc_column_text]<\/p>\n<ul>\n<li><strong>Takar\u00edtson meg p\u00e9nzt <\/strong>a kit\u0171n\u0151 teljes\u00edtm\u00e9nynek k\u00f6sz\u00f6nhet\u0151en<\/li>\n<li><strong>Takar\u00edtson meg id\u0151t <\/strong>\u00e9s el\u0151zze meg a le\u00e1ll\u00e1sokat<\/li>\n<li><strong>Takar\u00edtson meg helyet<\/strong>\u00a0\u00e9s nyerjen flexibilit\u00e1st<\/li>\n<\/ul>\n<p>[\/vc_column_text][elx_button button_text=&#8221;H\u0151szivatty\u00fas sz\u00e1r\u00edt\u00f3g\u00e9p&#8221; button_style=&#8221;icon&#8221; button_link=&#8221;url:https%3A%2F%2Fprofessional.electrolux.hu%2Fcommercial-laundry-equipment%2Fheat-pump-dryers%2F|||&#8221;][\/vc_column][vc_column width=&#8221;1\/2&#8243;][vc_single_image image=&#8221;390&#8243; img_size=&#8221;large&#8221; onclick=&#8221;custom_link&#8221; link=&#8221;https:\/\/www.electroluxprofessional.com\/hu\/commercial-laundry-equipment\/heat-pump-dryers\/&#8221;][\/vc_column][\/vc_row][vc_row][vc_column][vc_empty_space height=&#8221;50px&#8221;][\/vc_column][\/vc_row][vc_row][vc_column width=&#8221;1\/2&#8243;][elx_video_block background_image=&#8221;1688&#8243; video_link=&#8221;https:\/\/www.youtube.com\/watch?v=0hFNKTAL5YE&#8221; minimum_height=&#8221;260px&#8221;][vc_column_text]Line 5000[\/vc_column_text][\/vc_column][vc_column width=&#8221;1\/2&#8243;][elx_video_block background_image=&#8221;732&#8243; video_link=&#8221;https:\/\/www.youtube.com\/watch?v=agTB9lzil5c&#8221; minimum_height=&#8221;260px&#8221;][vc_column_text]H\u0151szivatty\u00fas sz\u00e1r\u00edt\u00f3g\u00e9p[\/vc_column_text][\/vc_column][\/vc_row][vc_row][vc_column][vc_empty_space height=&#8221;50px&#8221;][elx_heading font_size=&#8221;h3&#8243; text_color=&#8221;inherit&#8221; text_align=&#8221;text-center&#8221;]Tal\u00e1lja meg az \u00d6n sz\u00e1m\u00e1ra ide\u00e1lis csomagot![\/elx_heading][\/vc_column][\/vc_row][vc_row][vc_column][vc_empty_space height=&#8221;50px&#8221;][elx_heading font_size=&#8221;h2&#8243; text_color=&#8221;inherit&#8221; text_align=&#8221;text-center&#8221;]L\u00e9pjen vel\u00fcnk kapcsolatba[\/elx_heading][elx_o2000_contact_us r=&#8221;Szeretn\u00e9k t\u00f6bb inform\u00e1ci\u00f3t kapni err\u0151l a term\u00e9kr\u0151l Sz\u00e1r\u00edt\u00f3g\u00e9pek. K\u00e9rem, vegy\u00e9k fel velem a kapcsolatot.&#8221; s=&#8221;Inform\u00e1ci\u00f3 k\u00e9r\u00e9s err\u0151l a term\u00e9kr\u0151l Sz\u00e1r\u00edt\u00f3g\u00e9pek&#8221; country=&#8221;Hungary&#8221; l=&#8221;hu&#8221; b=&#8221;laundry&#8221; container=&#8221;elxcontactus1478766512&#8243;][\/vc_column][\/vc_row][vc_row][vc_column][vc_empty_space height=&#8221;50px&#8221;][\/vc_column][\/vc_row]<\/p>\n","protected":false},"excerpt":{"rendered":"<p>[vc_row full_width=&#8221;electroluxpro-full-width-no-padding&#8221;][vc_column][elx_hero_slider label_text_color=&#8221;inherit&#8221; images=&#8221;820&#8243;][elx_heading font_container=&#8221;h1&#8243; font_size=&#8221;h2&#8243; text_color=&#8221;inherit&#8221;]Sz\u00e1r\u00edt\u00f3g\u00e9pek[\/elx_heading][elx_heading font_container=&#8221;h4&#8243; text_color=&#8221;inherit&#8221;]Gyorsabb, k\u00f6rnyezetk\u00edm\u00e9l\u0151bb, k\u00f6nnyebben kezelhet\u0151 [\/elx_heading][\/elx_hero_slider][vc_empty_space][\/vc_column][\/vc_row][vc_row][vc_column][elx_heading font_size=&#8221;h3&#8243; text_color=&#8221;inherit&#8221;]Electrolux Line 5000. Szak\u00e9rt\u0151k tervezt\u00e9k. \u00d6n\u00f6k inspir\u00e1lt\u00e1k.[\/elx_heading][vc_empty_space][vc_column_text]Az Electrolux egyenletes min\u0151s\u00e9g\u0171 fels\u0151fok\u00fa term\u00e9keket gy\u00e1rt \u00e9s a vev\u0151i ig\u00e9nyekhez igazod\u00f3 szolg\u00e1ltat\u00e1sokat biztos\u00edt. Egy tov\u00e1bbi l\u00e9p\u00e9s, ami a g\u00e9pet megold\u00e1ss\u00e1 alak\u00edtja. Ez folyamatos meg\u00fajul\u00e1st jelent, hogy egy l\u00e9p\u00e9ssel mindig a vev\u0151k el\u0151tt j\u00e1rjunk.[\/vc_column_text][\/vc_column][\/vc_row][vc_row][vc_column width=&#8221;1\/3&#8243;][elx_heading [&hellip;]<\/p>\n","protected":false},"author":3,"featured_media":820,"parent":0,"menu_order":0,"comment_status":"closed","ping_status":"closed","template":"","meta":{"footnotes":""},"class_list":["post-3705","page","type-page","status-publish","has-post-thumbnail","hentry"],"yoast_head":"<!-- This site is optimized with the Yoast SEO plugin v23.3 - https:\/\/yoast.com\/wordpress\/plugins\/seo\/ -->\n<title>Sz\u00e1r\u00edt\u00f3g\u00e9pek - Electrolux Professional Magyarorsz\u00e1g<\/title>\n<meta name=\"description\" content=\"Ultimate durability and low operation costs with our tumble dryers. Use less water, energy and detergent in order to make wash and dry cycles more efficient\" \/>\n<meta name=\"robots\" content=\"index, follow, max-snippet:-1, max-image-preview:large, max-video-preview:-1\" \/>\n<link rel=\"canonical\" href=\"https:\/\/www.electroluxprofessional.com\/hu\/tumble-dyers\/\" \/>\n<meta property=\"og:locale\" content=\"hu_HU\" \/>\n<meta property=\"og:type\" content=\"article\" \/>\n<meta property=\"og:title\" content=\"Sz\u00e1r\u00edt\u00f3g\u00e9pek - Electrolux Professional Magyarorsz\u00e1g\" \/>\n<meta property=\"og:description\" content=\"Ultimate durability and low operation costs with our tumble dryers. Use less water, energy and detergent in order to make wash and dry cycles more efficient\" \/>\n<meta property=\"og:url\" content=\"https:\/\/www.electroluxprofessional.com\/hu\/tumble-dyers\/\" \/>\n<meta property=\"og:site_name\" content=\"Electrolux Professional Magyarorsz\u00e1g\" \/>\n<meta property=\"article:modified_time\" content=\"2020-04-21T09:04:04+00:00\" \/>\n<meta property=\"og:image\" content=\"https:\/\/www.electroluxprofessional.com\/hu\/wp-content\/uploads\/2016\/09\/td-tumbledryers-banner.jpg\" \/>\n\t<meta property=\"og:image:width\" content=\"900\" \/>\n\t<meta property=\"og:image:height\" content=\"773\" \/>\n\t<meta property=\"og:image:type\" content=\"image\/jpeg\" \/>\n<meta name=\"twitter:card\" content=\"summary_large_image\" \/>\n<meta name=\"twitter:label1\" content=\"Becs\u00fclt olvas\u00e1si id\u0151\" \/>\n\t<meta name=\"twitter:data1\" content=\"4 perc\" \/>\n<script type=\"application\/ld+json\" class=\"yoast-schema-graph\">{\"@context\":\"https:\/\/schema.org\",\"@graph\":[{\"@type\":\"WebPage\",\"@id\":\"https:\/\/www.electroluxprofessional.com\/hu\/tumble-dyers\/\",\"url\":\"https:\/\/www.electroluxprofessional.com\/hu\/tumble-dyers\/\",\"name\":\"Sz\u00e1r\u00edt\u00f3g\u00e9pek - Electrolux Professional Magyarorsz\u00e1g\",\"isPartOf\":{\"@id\":\"https:\/\/www.electroluxprofessional.com\/hu\/#website\"},\"primaryImageOfPage\":{\"@id\":\"https:\/\/www.electroluxprofessional.com\/hu\/tumble-dyers\/#primaryimage\"},\"image\":{\"@id\":\"https:\/\/www.electroluxprofessional.com\/hu\/tumble-dyers\/#primaryimage\"},\"thumbnailUrl\":\"https:\/\/www.electroluxprofessional.com\/hu\/wp-content\/uploads\/2016\/09\/td-tumbledryers-banner.jpg\",\"datePublished\":\"2016-09-13T13:07:29+00:00\",\"dateModified\":\"2020-04-21T09:04:04+00:00\",\"description\":\"Ultimate durability and low operation costs with our tumble dryers. Use less water, energy and detergent in order to make wash and dry cycles more efficient\",\"breadcrumb\":{\"@id\":\"https:\/\/www.electroluxprofessional.com\/hu\/tumble-dyers\/#breadcrumb\"},\"inLanguage\":\"hu\",\"potentialAction\":[{\"@type\":\"ReadAction\",\"target\":[\"https:\/\/www.electroluxprofessional.com\/hu\/tumble-dyers\/\"]}]},{\"@type\":\"ImageObject\",\"inLanguage\":\"hu\",\"@id\":\"https:\/\/www.electroluxprofessional.com\/hu\/tumble-dyers\/#primaryimage\",\"url\":\"https:\/\/www.electroluxprofessional.com\/hu\/wp-content\/uploads\/2016\/09\/td-tumbledryers-banner.jpg\",\"contentUrl\":\"https:\/\/www.electroluxprofessional.com\/hu\/wp-content\/uploads\/2016\/09\/td-tumbledryers-banner.jpg\",\"width\":900,\"height\":773,\"caption\":\"tumble dryers\"},{\"@type\":\"BreadcrumbList\",\"@id\":\"https:\/\/www.electroluxprofessional.com\/hu\/tumble-dyers\/#breadcrumb\",\"itemListElement\":[{\"@type\":\"ListItem\",\"position\":1,\"name\":\"Home\",\"item\":\"https:\/\/www.electroluxprofessional.com\/hu\/\"},{\"@type\":\"ListItem\",\"position\":2,\"name\":\"Sz\u00e1r\u00edt\u00f3g\u00e9pek\"}]},{\"@type\":\"WebSite\",\"@id\":\"https:\/\/www.electroluxprofessional.com\/hu\/#website\",\"url\":\"https:\/\/www.electroluxprofessional.com\/hu\/\",\"name\":\"Electrolux Professional Magyarorsz\u00e1g\",\"description\":\"\",\"potentialAction\":[{\"@type\":\"SearchAction\",\"target\":{\"@type\":\"EntryPoint\",\"urlTemplate\":\"https:\/\/www.electroluxprofessional.com\/hu\/?src={search_term_string}\"},\"query-input\":\"required name=search_term_string\"}],\"inLanguage\":\"hu\"}]}<\/script>\n<!-- \/ Yoast SEO plugin. -->","yoast_head_json":{"title":"Sz\u00e1r\u00edt\u00f3g\u00e9pek - Electrolux Professional Magyarorsz\u00e1g","description":"Ultimate durability and low operation costs with our tumble dryers. Use less water, energy and detergent in order to make wash and dry cycles more efficient","robots":{"index":"index","follow":"follow","max-snippet":"max-snippet:-1","max-image-preview":"max-image-preview:large","max-video-preview":"max-video-preview:-1"},"canonical":"https:\/\/www.electroluxprofessional.com\/hu\/tumble-dyers\/","og_locale":"hu_HU","og_type":"article","og_title":"Sz\u00e1r\u00edt\u00f3g\u00e9pek - Electrolux Professional Magyarorsz\u00e1g","og_description":"Ultimate durability and low operation costs with our tumble dryers. Use less water, energy and detergent in order to make wash and dry cycles more efficient","og_url":"https:\/\/www.electroluxprofessional.com\/hu\/tumble-dyers\/","og_site_name":"Electrolux Professional Magyarorsz\u00e1g","article_modified_time":"2020-04-21T09:04:04+00:00","og_image":[{"width":900,"height":773,"url":"https:\/\/www.electroluxprofessional.com\/hu\/wp-content\/uploads\/2016\/09\/td-tumbledryers-banner.jpg","type":"image\/jpeg"}],"twitter_card":"summary_large_image","twitter_misc":{"Becs\u00fclt olvas\u00e1si id\u0151":"4 perc"},"schema":{"@context":"https:\/\/schema.org","@graph":[{"@type":"WebPage","@id":"https:\/\/www.electroluxprofessional.com\/hu\/tumble-dyers\/","url":"https:\/\/www.electroluxprofessional.com\/hu\/tumble-dyers\/","name":"Sz\u00e1r\u00edt\u00f3g\u00e9pek - Electrolux Professional Magyarorsz\u00e1g","isPartOf":{"@id":"https:\/\/www.electroluxprofessional.com\/hu\/#website"},"primaryImageOfPage":{"@id":"https:\/\/www.electroluxprofessional.com\/hu\/tumble-dyers\/#primaryimage"},"image":{"@id":"https:\/\/www.electroluxprofessional.com\/hu\/tumble-dyers\/#primaryimage"},"thumbnailUrl":"https:\/\/www.electroluxprofessional.com\/hu\/wp-content\/uploads\/2016\/09\/td-tumbledryers-banner.jpg","datePublished":"2016-09-13T13:07:29+00:00","dateModified":"2020-04-21T09:04:04+00:00","description":"Ultimate durability and low operation costs with our tumble dryers. Use less water, energy and detergent in order to make wash and dry cycles more efficient","breadcrumb":{"@id":"https:\/\/www.electroluxprofessional.com\/hu\/tumble-dyers\/#breadcrumb"},"inLanguage":"hu","potentialAction":[{"@type":"ReadAction","target":["https:\/\/www.electroluxprofessional.com\/hu\/tumble-dyers\/"]}]},{"@type":"ImageObject","inLanguage":"hu","@id":"https:\/\/www.electroluxprofessional.com\/hu\/tumble-dyers\/#primaryimage","url":"https:\/\/www.electroluxprofessional.com\/hu\/wp-content\/uploads\/2016\/09\/td-tumbledryers-banner.jpg","contentUrl":"https:\/\/www.electroluxprofessional.com\/hu\/wp-content\/uploads\/2016\/09\/td-tumbledryers-banner.jpg","width":900,"height":773,"caption":"tumble dryers"},{"@type":"BreadcrumbList","@id":"https:\/\/www.electroluxprofessional.com\/hu\/tumble-dyers\/#breadcrumb","itemListElement":[{"@type":"ListItem","position":1,"name":"Home","item":"https:\/\/www.electroluxprofessional.com\/hu\/"},{"@type":"ListItem","position":2,"name":"Sz\u00e1r\u00edt\u00f3g\u00e9pek"}]},{"@type":"WebSite","@id":"https:\/\/www.electroluxprofessional.com\/hu\/#website","url":"https:\/\/www.electroluxprofessional.com\/hu\/","name":"Electrolux Professional Magyarorsz\u00e1g","description":"","potentialAction":[{"@type":"SearchAction","target":{"@type":"EntryPoint","urlTemplate":"https:\/\/www.electroluxprofessional.com\/hu\/?src={search_term_string}"},"query-input":"required name=search_term_string"}],"inLanguage":"hu"}]}},"_links":{"self":[{"href":"https:\/\/www.electroluxprofessional.com\/hu\/wp-json\/wp\/v2\/pages\/3705"}],"collection":[{"href":"https:\/\/www.electroluxprofessional.com\/hu\/wp-json\/wp\/v2\/pages"}],"about":[{"href":"https:\/\/www.electroluxprofessional.com\/hu\/wp-json\/wp\/v2\/types\/page"}],"author":[{"embeddable":true,"href":"https:\/\/www.electroluxprofessional.com\/hu\/wp-json\/wp\/v2\/users\/3"}],"replies":[{"embeddable":true,"href":"https:\/\/www.electroluxprofessional.com\/hu\/wp-json\/wp\/v2\/comments?post=3705"}],"version-history":[{"count":6,"href":"https:\/\/www.electroluxprofessional.com\/hu\/wp-json\/wp\/v2\/pages\/3705\/revisions"}],"predecessor-version":[{"id":5137,"href":"https:\/\/www.electroluxprofessional.com\/hu\/wp-json\/wp\/v2\/pages\/3705\/revisions\/5137"}],"wp:featuredmedia":[{"embeddable":true,"href":"https:\/\/www.electroluxprofessional.com\/hu\/wp-json\/wp\/v2\/media\/820"}],"wp:attachment":[{"href":"https:\/\/www.electroluxprofessional.com\/hu\/wp-json\/wp\/v2\/media?parent=3705"}],"curies":[{"name":"wp","href":"https:\/\/api.w.org\/{rel}","templated":true}]}}