{"id":3683,"date":"2016-11-09T11:24:51","date_gmt":"2016-11-09T11:24:51","guid":{"rendered":"https:\/\/www.electroluxprofessional.com\/?page_id=4576"},"modified":"2025-11-05T14:56:53","modified_gmt":"2025-11-05T14:56:53","slug":"barrier-washers","status":"publish","type":"page","link":"https:\/\/www.electroluxprofessional.com\/hu\/barrier-washers\/","title":{"rendered":"Higi\u00e9nikus mos\u00f3g\u00e9pek"},"content":{"rendered":"<p>[vc_row full_width=&#8221;electroluxpro-full-width-no-padding&#8221;][vc_column][elx_hero_slider label_text_color=&#8221;inherit&#8221; images=&#8221;823&#8243;][elx_heading font_container=&#8221;h1&#8243; font_size=&#8221;h2&#8243; text_color=&#8221;inherit&#8221;]Higi\u00e9nikus mos\u00f3g\u00e9pek[\/elx_heading][vc_column_text]Az \u00d6n megb\u00edzhat\u00f3 partnere[\/vc_column_text][\/elx_hero_slider][\/vc_column][\/vc_row][vc_row][vc_column][vc_empty_space][elx_heading text_color=&#8221;inherit&#8221;]A min\u0151s\u00e9gre van sz\u00fcks\u00e9ge a higi\u00e9nikus mosod\u00e1ban[\/elx_heading][vc_empty_space][\/vc_column][\/vc_row][vc_row][vc_column width=&#8221;1\/3&#8243;][elx_image_block background_image=&#8221;3295&#8243; minimum_height=&#8221;420px&#8221;][\/vc_column][vc_column width=&#8221;2\/3&#8243;][vc_row_inner css=&#8221;.vc_custom_1484574766001{margin-left: 0px !important;border-left-width: 0px !important;padding-left: 0px !important;}&#8221;][vc_column_inner width=&#8221;1\/2&#8243; css=&#8221;.vc_custom_1484574783915{margin-left: 0px !important;border-left-width: 0px !important;padding-left: 0px !important;}&#8221;][vc_column_text]<\/p>\n<div>\n<h4>Garant\u00e1lt higi\u00e9nia<\/h4>\n<p>Az Electrolux higi\u00e9nikus \u0151re (HW) biztos\u00edtja a legjobb v\u00e9delmet a mikroorganizmusok terjed\u00e9se \u00e9s a keresztfert\u0151z\u00e9sek ellen.<\/p>\n<h4>Ergonomikus kivitel<\/h4>\n<p>Automatikus bels\u0151 dob nyit\u00e1s, a piacon a legk\u00f6nnyebb \u00e9s legnagyobb ajt\u00f3k, ez\u00e1ltal a legk\u00f6nnyebben \u00e9s legbiztons\u00e1gosabban kezelhet\u0151 g\u00e9p.<\/p>\n<h4><\/h4>\n<\/div>\n<p>[\/vc_column_text][\/vc_column_inner][vc_column_inner width=&#8221;1\/2&#8243;][vc_column_text]<\/p>\n<div>\n<h4>Alacsony \u00fczemeltet\u00e9si k\u00f6lts\u00e9gek<\/h4>\n<p>A g\u00e9p dobj\u00e1nak optim\u00e1lis tervez\u00e9se kombin\u00e1lva az\u00a0<strong>Electrolux intelligens adagol\u00f3 rendszer\u00e9vel nagym\u00e9rt\u00e9k\u0171 v\u00edz- \u00e9s mos\u00f3szer megtakar\u00edt\u00e1st \u00e9rhet el<\/strong>.<\/p>\n<h4>Kontroll \u00e9s nyomon k\u00f6vet\u00e9si lehet\u0151s\u00e9g<\/h4>\n<p>A Certus Management\u00ae Information System (CMIS) biztos\u00edtja a legmagasabb szint\u0171 kontrollt \u00e9s nyomon k\u00f6vethet\u0151s\u00e9get a teljes higi\u00e9nikus mos\u00e1si folyamat sor\u00e1n.<\/p>\n<\/div>\n<p>[\/vc_column_text][\/vc_column_inner][\/vc_row_inner][elx_button button_text=&#8221;Tartoz\u00e9kok \u00e9s fogy\u00f3eszk\u00f6z\u00f6k&#8221; button_style=&#8221;icon&#8221; button_link=&#8221;url:https%3A%2F%2Fprofessional.electrolux.hu%2Faccessories-consumables%2Flaundry%2F|title:Accessories%20and%20consumables%20for%20laundry%20solutions||&#8221;][\/vc_column][\/vc_row][vc_row][vc_column][vc_empty_space height=&#8221;50px&#8221;][\/vc_column][\/vc_row][vc_row][vc_column width=&#8221;1\/2&#8243;][elx_heading text_color=&#8221;inherit&#8221;]Hyvolution higi\u00e9nikus mos\u00f3g\u00e9p[\/elx_heading][vc_empty_space height=&#8221;20px&#8221;][vc_column_text]<\/p>\n<h4><\/h4>\n<h4>Ergonomikus kivitel \u00e9s a klasszikus<br \/>\nPullman\u00a0forma tal\u00e1lkoz\u00e1sa<\/h4>\n<p>Az Electrolux Professional bevezeti a hat\u00e9kony t\u00f6lt\u0151-\u00fcr\u00edt\u0151 rendszer\u00e9t, amelyet felhaszn\u00e1l\u00f3i tapasztalatok alapj\u00e1n fejlesztett ki, f\u0151 szempont a k\u00f6nny\u0171 kezel\u00e9s volt.<\/p>\n<h4>K\u00f6nny\u0171 hozz\u00e1f\u00e9rhet\u0151s\u00e9g<\/h4>\n<p>Egyed\u00fcl\u00e1ll\u00f3an nagym\u00e9ret\u0171\u00a0<strong>ERGO ajt\u00f3<\/strong>\u00a0biztos\u00edtja a textilekhez val\u00f3 k\u00f6nny\u0171 hozz\u00e1f\u00e9r\u00e9st.<\/p>\n<h4><\/h4>\n<h4>Biztons\u00e1gos \u00e9s er\u0151kifejt\u00e9s n\u00e9lk\u00fcli haszn\u00e1lat<\/h4>\n<p>Automatikus nyit\u00f3 opci\u00f3k \u00e9s pneumatikus rendszer biztons\u00e1gos \u00e9s k\u00f6nny\u0171 haszn\u00e1latot tesz lehet\u0151v\u00e9.<\/p>\n<h4>Kapacit\u00e1s n\u00f6vel\u00e9se<\/h4>\n<p>A keskeny \u00e9s kompakt kivitel n\u00f6veli az alapter\u00fcletre jut\u00f3 kapacit\u00e1st.[\/vc_column_text][vc_empty_space height=&#8221;50px&#8221;][\/vc_column][vc_column width=&#8221;1\/2&#8243;][vc_empty_space height=&#8221;20px&#8221;][elx_video_block background_image=&#8221;1737&#8243; video_link=&#8221;https:\/\/www.youtube.com\/watch?v=tB5mADKVF_o&#8221; minimum_height=&#8221;550px&#8221;][elx_heading font_size=&#8221;h3&#8243; text_color=&#8221;inherit&#8221;]Kateg\u00f3ri\u00e1j\u00e1ban a legjobb 50 kg kapacit\u00e1s\u00fa higi\u00e9nikus mos\u00f3g\u00e9p a piacon[\/elx_heading][\/vc_column][\/vc_row][vc_row][vc_column width=&#8221;1\/2&#8243;][vc_empty_space height=&#8221;20px&#8221;][elx_video_block background_image=&#8221;1738&#8243; video_link=&#8221;https:\/\/www.youtube.com\/watch?v=_bxuiX-PHbw&#8221; minimum_height=&#8221;300px&#8221;][\/vc_column][vc_column width=&#8221;1\/2&#8243;][elx_heading text_color=&#8221;inherit&#8221;]\u00daj Evolution higi\u00e9nikus mos\u00f3g\u00e9p[\/elx_heading][vc_empty_space][vc_column_text]<\/p>\n<h4>Ergon\u00f3mikus kivitel, sz\u00edvb\u0151l j\u00f6v\u0151 higi\u00e9nia<\/h4>\n<p>Higi\u00e9nikus mos\u00f3g\u00e9p az els\u0151 mind\u00f6ssze 20 kg-os kapacit\u00e1s\u00fa, amelyet a Pullman-kivitel ihletett. Speci\u00e1lisan saj\u00e1t mosod\u00e1nak tervezve, vele visszakapja az ir\u00e1ny\u00edt\u00e1st a min\u0151s\u00e9g \u00e9s higi\u00e9nia felett.[\/vc_column_text][\/vc_column][\/vc_row][vc_row][vc_column][vc_empty_space height=&#8221;50px&#8221;][\/vc_column][\/vc_row][vc_row][vc_column width=&#8221;1\/3&#8243;][elx_download_block text=&#8221;New Evolution Barrier Washer&#8221; link=&#8221;files.professional.electrolux.com\/docs\/?n=CLF-9JE00064&amp;b=5&amp;l=1&#8243; reveal_effect=&#8221;&#8221; reveal_duration=&#8221;&#8221; reveal_delay=&#8221;&#8221;][\/vc_column][vc_column width=&#8221;1\/3&#8243;][elx_download_block text=&#8221;Hyvolution Barrier Washer&#8221; link=&#8221;http:\/\/tools.professional.electrolux.com\/Mirror\/Doc\/ELS\/BRO\/ELS_Launch_flyer_Hyvolution_6pager_LR.pdf&#8221; reveal_effect=&#8221;&#8221; reveal_duration=&#8221;&#8221; reveal_delay=&#8221;&#8221;][\/vc_column][vc_column width=&#8221;1\/3&#8243;][elx_download_block text=&#8221;Pullman Barrier Washer&#8221; link=&#8221;http:\/\/tools.professional.electrolux.com\/Mirror\/Doc\/ELS\/PDS\/PS_438903381_WPB4700-41100_EN.pdf&#8221; reveal_effect=&#8221;&#8221; reveal_duration=&#8221;&#8221; reveal_delay=&#8221;&#8221;][\/vc_column][\/vc_row][vc_row][vc_column][elx_heading font_container=&#8221;h3&#8243; text_color=&#8221;inherit&#8221;]Fedezze fel a higi\u00e9nikus mos\u00f3g\u00e9pek el\u0151nyeit [\/elx_heading][elx_o2000_contact_us r=&#8221;Szeretn\u00e9k t\u00f6bb inform\u00e1ci\u00f3t kapni err\u0151l a term\u00e9kr\u0151l Higi\u00e9nikus mos\u00f3g\u00e9pek. K\u00e9rem, vegy\u00e9k fel velem a kapcsolatot.&#8221; s=&#8221;Inform\u00e1ci\u00f3 k\u00e9r\u00e9s err\u0151l a term\u00e9kr\u0151l Higi\u00e9nikus mos\u00f3g\u00e9pek&#8221; country=&#8221;Hungary&#8221; l=&#8221;hu&#8221; b=&#8221;laundry&#8221; container=&#8221;elxcontactus1478690541&#8243;][vc_empty_space height=&#8221;50px&#8221;][\/vc_column][\/vc_row][vc_row][vc_column width=&#8221;1\/3&#8243;][elx_maylike_box id_box=&#8221;3680&#8243; matched_labels=&#8221;&#8221;][\/vc_column][vc_column width=&#8221;1\/3&#8243;][elx_maylike_box id_box=&#8221;3674&#8243; matched_labels=&#8221;&#8221;][\/vc_column][vc_column width=&#8221;1\/3&#8243;][elx_maylike_box id_box=&#8221;3682&#8243; matched_labels=&#8221;&#8221;][\/vc_column][\/vc_row]<\/p>\n","protected":false},"excerpt":{"rendered":"<p>[vc_row full_width=&#8221;electroluxpro-full-width-no-padding&#8221;][vc_column][elx_hero_slider label_text_color=&#8221;inherit&#8221; images=&#8221;823&#8243;][elx_heading font_container=&#8221;h1&#8243; font_size=&#8221;h2&#8243; text_color=&#8221;inherit&#8221;]Higi\u00e9nikus mos\u00f3g\u00e9pek[\/elx_heading][vc_column_text]Az \u00d6n megb\u00edzhat\u00f3 partnere[\/vc_column_text][\/elx_hero_slider][\/vc_column][\/vc_row][vc_row][vc_column][vc_empty_space][elx_heading text_color=&#8221;inherit&#8221;]A min\u0151s\u00e9gre van sz\u00fcks\u00e9ge a higi\u00e9nikus mosod\u00e1ban[\/elx_heading][vc_empty_space][\/vc_column][\/vc_row][vc_row][vc_column width=&#8221;1\/3&#8243;][elx_image_block background_image=&#8221;3295&#8243; minimum_height=&#8221;420px&#8221;][\/vc_column][vc_column width=&#8221;2\/3&#8243;][vc_row_inner css=&#8221;.vc_custom_1484574766001{margin-left: 0px !important;border-left-width: 0px !important;padding-left: 0px !important;}&#8221;][vc_column_inner width=&#8221;1\/2&#8243; css=&#8221;.vc_custom_1484574783915{margin-left: 0px !important;border-left-width: 0px !important;padding-left: 0px !important;}&#8221;][vc_column_text] Garant\u00e1lt higi\u00e9nia Az Electrolux higi\u00e9nikus \u0151re (HW) biztos\u00edtja a legjobb v\u00e9delmet a mikroorganizmusok terjed\u00e9se \u00e9s a keresztfert\u0151z\u00e9sek ellen. [&hellip;]<\/p>\n","protected":false},"author":3,"featured_media":823,"parent":0,"menu_order":0,"comment_status":"closed","ping_status":"closed","template":"","meta":{"footnotes":""},"class_list":["post-3683","page","type-page","status-publish","has-post-thumbnail","hentry"],"yoast_head":"<!-- This site is optimized with the Yoast SEO plugin v23.3 - https:\/\/yoast.com\/wordpress\/plugins\/seo\/ -->\n<title>Higi\u00e9nikus mos\u00f3g\u00e9pek - Electrolux Professional Magyarorsz\u00e1g<\/title>\n<meta name=\"description\" content=\"Guaranteed hygiene, low operation costs, top ergonomics and more with Electrolux barrier washer, your reliable hygiene partner.\" \/>\n<meta name=\"robots\" content=\"index, follow, max-snippet:-1, max-image-preview:large, max-video-preview:-1\" \/>\n<link rel=\"canonical\" href=\"https:\/\/www.electroluxprofessional.com\/hu\/barrier-washers\/\" \/>\n<meta property=\"og:locale\" content=\"hu_HU\" \/>\n<meta property=\"og:type\" content=\"article\" \/>\n<meta property=\"og:title\" content=\"Higi\u00e9nikus mos\u00f3g\u00e9pek - Electrolux Professional Magyarorsz\u00e1g\" \/>\n<meta property=\"og:description\" content=\"Guaranteed hygiene, low operation costs, top ergonomics and more with Electrolux barrier washer, your reliable hygiene partner.\" \/>\n<meta property=\"og:url\" content=\"https:\/\/www.electroluxprofessional.com\/hu\/barrier-washers\/\" \/>\n<meta property=\"og:site_name\" content=\"Electrolux Professional Magyarorsz\u00e1g\" \/>\n<meta property=\"article:modified_time\" content=\"2025-11-05T14:56:53+00:00\" \/>\n<meta property=\"og:image\" content=\"https:\/\/www.electroluxprofessional.com\/hu\/wp-content\/uploads\/2016\/09\/side-load-barrier-washer-banner.jpg\" \/>\n\t<meta property=\"og:image:width\" content=\"1200\" \/>\n\t<meta property=\"og:image:height\" content=\"799\" \/>\n\t<meta property=\"og:image:type\" content=\"image\/jpeg\" \/>\n<meta name=\"twitter:card\" content=\"summary_large_image\" \/>\n<meta name=\"twitter:label1\" content=\"Becs\u00fclt olvas\u00e1si id\u0151\" \/>\n\t<meta name=\"twitter:data1\" content=\"3 perc\" \/>\n<script type=\"application\/ld+json\" class=\"yoast-schema-graph\">{\"@context\":\"https:\/\/schema.org\",\"@graph\":[{\"@type\":\"WebPage\",\"@id\":\"https:\/\/www.electroluxprofessional.com\/hu\/barrier-washers\/\",\"url\":\"https:\/\/www.electroluxprofessional.com\/hu\/barrier-washers\/\",\"name\":\"Higi\u00e9nikus mos\u00f3g\u00e9pek - Electrolux Professional Magyarorsz\u00e1g\",\"isPartOf\":{\"@id\":\"https:\/\/www.electroluxprofessional.com\/hu\/#website\"},\"primaryImageOfPage\":{\"@id\":\"https:\/\/www.electroluxprofessional.com\/hu\/barrier-washers\/#primaryimage\"},\"image\":{\"@id\":\"https:\/\/www.electroluxprofessional.com\/hu\/barrier-washers\/#primaryimage\"},\"thumbnailUrl\":\"https:\/\/www.electroluxprofessional.com\/hu\/wp-content\/uploads\/2016\/09\/side-load-barrier-washer-banner.jpg\",\"datePublished\":\"2016-11-09T11:24:51+00:00\",\"dateModified\":\"2025-11-05T14:56:53+00:00\",\"description\":\"Guaranteed hygiene, low operation costs, top ergonomics and more with Electrolux barrier washer, your reliable hygiene partner.\",\"breadcrumb\":{\"@id\":\"https:\/\/www.electroluxprofessional.com\/hu\/barrier-washers\/#breadcrumb\"},\"inLanguage\":\"hu\",\"potentialAction\":[{\"@type\":\"ReadAction\",\"target\":[\"https:\/\/www.electroluxprofessional.com\/hu\/barrier-washers\/\"]}]},{\"@type\":\"ImageObject\",\"inLanguage\":\"hu\",\"@id\":\"https:\/\/www.electroluxprofessional.com\/hu\/barrier-washers\/#primaryimage\",\"url\":\"https:\/\/www.electroluxprofessional.com\/hu\/wp-content\/uploads\/2016\/09\/side-load-barrier-washer-banner.jpg\",\"contentUrl\":\"https:\/\/www.electroluxprofessional.com\/hu\/wp-content\/uploads\/2016\/09\/side-load-barrier-washer-banner.jpg\",\"width\":1200,\"height\":799,\"caption\":\"side load barrier washer\"},{\"@type\":\"BreadcrumbList\",\"@id\":\"https:\/\/www.electroluxprofessional.com\/hu\/barrier-washers\/#breadcrumb\",\"itemListElement\":[{\"@type\":\"ListItem\",\"position\":1,\"name\":\"Home\",\"item\":\"https:\/\/www.electroluxprofessional.com\/hu\/\"},{\"@type\":\"ListItem\",\"position\":2,\"name\":\"Higi\u00e9nikus mos\u00f3g\u00e9pek\"}]},{\"@type\":\"WebSite\",\"@id\":\"https:\/\/www.electroluxprofessional.com\/hu\/#website\",\"url\":\"https:\/\/www.electroluxprofessional.com\/hu\/\",\"name\":\"Electrolux Professional Magyarorsz\u00e1g\",\"description\":\"\",\"potentialAction\":[{\"@type\":\"SearchAction\",\"target\":{\"@type\":\"EntryPoint\",\"urlTemplate\":\"https:\/\/www.electroluxprofessional.com\/hu\/?src={search_term_string}\"},\"query-input\":\"required name=search_term_string\"}],\"inLanguage\":\"hu\"}]}<\/script>\n<!-- \/ Yoast SEO plugin. -->","yoast_head_json":{"title":"Higi\u00e9nikus mos\u00f3g\u00e9pek - Electrolux Professional Magyarorsz\u00e1g","description":"Guaranteed hygiene, low operation costs, top ergonomics and more with Electrolux barrier washer, your reliable hygiene partner.","robots":{"index":"index","follow":"follow","max-snippet":"max-snippet:-1","max-image-preview":"max-image-preview:large","max-video-preview":"max-video-preview:-1"},"canonical":"https:\/\/www.electroluxprofessional.com\/hu\/barrier-washers\/","og_locale":"hu_HU","og_type":"article","og_title":"Higi\u00e9nikus mos\u00f3g\u00e9pek - Electrolux Professional Magyarorsz\u00e1g","og_description":"Guaranteed hygiene, low operation costs, top ergonomics and more with Electrolux barrier washer, your reliable hygiene partner.","og_url":"https:\/\/www.electroluxprofessional.com\/hu\/barrier-washers\/","og_site_name":"Electrolux Professional Magyarorsz\u00e1g","article_modified_time":"2025-11-05T14:56:53+00:00","og_image":[{"width":1200,"height":799,"url":"https:\/\/www.electroluxprofessional.com\/hu\/wp-content\/uploads\/2016\/09\/side-load-barrier-washer-banner.jpg","type":"image\/jpeg"}],"twitter_card":"summary_large_image","twitter_misc":{"Becs\u00fclt olvas\u00e1si id\u0151":"3 perc"},"schema":{"@context":"https:\/\/schema.org","@graph":[{"@type":"WebPage","@id":"https:\/\/www.electroluxprofessional.com\/hu\/barrier-washers\/","url":"https:\/\/www.electroluxprofessional.com\/hu\/barrier-washers\/","name":"Higi\u00e9nikus mos\u00f3g\u00e9pek - Electrolux Professional Magyarorsz\u00e1g","isPartOf":{"@id":"https:\/\/www.electroluxprofessional.com\/hu\/#website"},"primaryImageOfPage":{"@id":"https:\/\/www.electroluxprofessional.com\/hu\/barrier-washers\/#primaryimage"},"image":{"@id":"https:\/\/www.electroluxprofessional.com\/hu\/barrier-washers\/#primaryimage"},"thumbnailUrl":"https:\/\/www.electroluxprofessional.com\/hu\/wp-content\/uploads\/2016\/09\/side-load-barrier-washer-banner.jpg","datePublished":"2016-11-09T11:24:51+00:00","dateModified":"2025-11-05T14:56:53+00:00","description":"Guaranteed hygiene, low operation costs, top ergonomics and more with Electrolux barrier washer, your reliable hygiene partner.","breadcrumb":{"@id":"https:\/\/www.electroluxprofessional.com\/hu\/barrier-washers\/#breadcrumb"},"inLanguage":"hu","potentialAction":[{"@type":"ReadAction","target":["https:\/\/www.electroluxprofessional.com\/hu\/barrier-washers\/"]}]},{"@type":"ImageObject","inLanguage":"hu","@id":"https:\/\/www.electroluxprofessional.com\/hu\/barrier-washers\/#primaryimage","url":"https:\/\/www.electroluxprofessional.com\/hu\/wp-content\/uploads\/2016\/09\/side-load-barrier-washer-banner.jpg","contentUrl":"https:\/\/www.electroluxprofessional.com\/hu\/wp-content\/uploads\/2016\/09\/side-load-barrier-washer-banner.jpg","width":1200,"height":799,"caption":"side load barrier washer"},{"@type":"BreadcrumbList","@id":"https:\/\/www.electroluxprofessional.com\/hu\/barrier-washers\/#breadcrumb","itemListElement":[{"@type":"ListItem","position":1,"name":"Home","item":"https:\/\/www.electroluxprofessional.com\/hu\/"},{"@type":"ListItem","position":2,"name":"Higi\u00e9nikus mos\u00f3g\u00e9pek"}]},{"@type":"WebSite","@id":"https:\/\/www.electroluxprofessional.com\/hu\/#website","url":"https:\/\/www.electroluxprofessional.com\/hu\/","name":"Electrolux Professional Magyarorsz\u00e1g","description":"","potentialAction":[{"@type":"SearchAction","target":{"@type":"EntryPoint","urlTemplate":"https:\/\/www.electroluxprofessional.com\/hu\/?src={search_term_string}"},"query-input":"required name=search_term_string"}],"inLanguage":"hu"}]}},"_links":{"self":[{"href":"https:\/\/www.electroluxprofessional.com\/hu\/wp-json\/wp\/v2\/pages\/3683"}],"collection":[{"href":"https:\/\/www.electroluxprofessional.com\/hu\/wp-json\/wp\/v2\/pages"}],"about":[{"href":"https:\/\/www.electroluxprofessional.com\/hu\/wp-json\/wp\/v2\/types\/page"}],"author":[{"embeddable":true,"href":"https:\/\/www.electroluxprofessional.com\/hu\/wp-json\/wp\/v2\/users\/3"}],"replies":[{"embeddable":true,"href":"https:\/\/www.electroluxprofessional.com\/hu\/wp-json\/wp\/v2\/comments?post=3683"}],"version-history":[{"count":11,"href":"https:\/\/www.electroluxprofessional.com\/hu\/wp-json\/wp\/v2\/pages\/3683\/revisions"}],"predecessor-version":[{"id":9335,"href":"https:\/\/www.electroluxprofessional.com\/hu\/wp-json\/wp\/v2\/pages\/3683\/revisions\/9335"}],"wp:featuredmedia":[{"embeddable":true,"href":"https:\/\/www.electroluxprofessional.com\/hu\/wp-json\/wp\/v2\/media\/823"}],"wp:attachment":[{"href":"https:\/\/www.electroluxprofessional.com\/hu\/wp-json\/wp\/v2\/media?parent=3683"}],"curies":[{"name":"wp","href":"https:\/\/api.w.org\/{rel}","templated":true}]}}