{"id":3660,"date":"2017-05-23T09:40:35","date_gmt":"2017-05-23T09:40:35","guid":{"rendered":"https:\/\/www.electroluxprofessional.com\/hu\/?page_id=3660"},"modified":"2025-03-06T07:18:15","modified_gmt":"2025-03-06T07:18:15","slug":"laundry","status":"publish","type":"page","link":"https:\/\/www.electroluxprofessional.com\/hu\/laundry\/","title":{"rendered":"Mosodatechnika"},"content":{"rendered":"<p>[vc_row full_width=&#8221;electroluxpro-full-width-no-padding&#8221;][vc_column][elx_hero_slider label_text_color=&#8221;inherit&#8221; images=&#8221;3252&#8243;][elx_heading font_container=&#8221;h1&#8243; font_size=&#8221;h3&#8243; text_color=&#8221;inherit&#8221; text_align=&#8221;text-left&#8221;]Mosodatechnika[\/elx_heading][vc_column_text]Az Electrolux Professional fejleszti a vil\u00e1g legfenntarthat\u00f3bb \u00e9s legrugalmasabb mosodai megold\u00e1sait a felhaszn\u00e1l\u00f3i tapasztalatok figyelembe v\u00e9tel\u00e9vel, jav\u00edtva a funkcionalit\u00e1st, a termel\u00e9kenys\u00e9get \u00e9s az ergon\u00f3mi\u00e1t.<br \/>\nMagyarorsz\u00e1gon a Polizo Kft. foglalkozik az Electrolux Professional mosodatechnikai berendez\u00e9sek \u00e9rt\u00e9kes\u00edt\u00e9s\u00e9vel \u00e9s szervizel\u00e9s\u00e9vel. El\u00e9rhet\u0151s\u00e9g\u00fcket megtal\u00e1lja weboldalunkon, az \u00e9rt\u00e9kes\u00edt\u00e9si \u00e9s szerviz lok\u00e1tor men\u00fcben.[\/vc_column_text][\/elx_hero_slider][\/vc_column][\/vc_row][vc_row full_width=&#8221;electroluxpro-full-width-no-padding&#8221;][vc_column][vc_empty_space height=&#8221;80px&#8221;][\/vc_column][\/vc_row][vc_row][vc_column width=&#8221;1\/4&#8243;][elx_navigation_branch image=&#8221;8422&#8243; menu_list=&#8221;8200&#8243;][\/vc_column][vc_column width=&#8221;1\/4&#8243;][elx_navigation_branch image=&#8221;8428&#8243; menu_list=&#8221;8203&#8243;][\/vc_column][vc_column width=&#8221;1\/4&#8243;][elx_navigation_branch menu_list=&#8221;8207&#8243; image=&#8221;8426&#8243;][\/vc_column][vc_column width=&#8221;1\/4&#8243;][elx_navigation_branch image=&#8221;8421&#8243; menu_list=&#8221;8210&#8243;][\/vc_column][\/vc_row][vc_row][vc_column][vc_empty_space height=&#8221;80px&#8221;][\/vc_column][\/vc_row][vc_row][vc_column width=&#8221;1\/4&#8243;][elx_navigation_branch image=&#8221;8423&#8243; menu_list=&#8221;8212&#8243;][\/vc_column][vc_column width=&#8221;1\/4&#8243;][\/vc_column][vc_column width=&#8221;1\/4&#8243;][\/vc_column][vc_column width=&#8221;1\/4&#8243;][\/vc_column][\/vc_row][vc_row][vc_column][vc_empty_space height=&#8221;70px&#8221;][\/vc_column][\/vc_row][vc_row][vc_column][elx_heading font_size=&#8221;h3&#8243; text_color=&#8221;inherit&#8221; text_align=&#8221;text-center&#8221;]Tal\u00e1ja meg a t\u00f6k\u00e9letes megold\u00e1st![\/elx_heading][elx_o2000_contact_us s=&#8221;Inform\u00e1ci\u00f3k\u00e9r\u00e9s az Electrolux Professional mosodai megold\u00e1sair\u00f3l&#8221; country=&#8221;Hungary&#8221; b=&#8221;laundry&#8221; r=&#8221;Szeretn\u00e9k b\u0151vebb inform\u00e1ci\u00f3t kapni az Electrolux professzion\u00e1lis mosodai k\u00e9sz\u00fcl\u00e9keir\u0151l.<br \/>\nK\u00e9rem, vegy\u00e9k fel velem a kapcsolatot!&#8221; l=&#8221;hu&#8221;][\/vc_column][\/vc_row][vc_row][vc_column width=&#8221;1\/3&#8243;][elx_maylike_box id_box=&#8221;3673&#8243;][\/vc_column][vc_column width=&#8221;1\/3&#8243;][elx_maylike_box id_box=&#8221;3680&#8243;][\/vc_column][vc_column width=&#8221;1\/3&#8243;][elx_maylike_box id_box=&#8221;3682&#8243;][\/vc_column][\/vc_row]<\/p>\n","protected":false},"excerpt":{"rendered":"<p>[vc_row full_width=&#8221;electroluxpro-full-width-no-padding&#8221;][vc_column][elx_hero_slider label_text_color=&#8221;inherit&#8221; images=&#8221;3252&#8243;][elx_heading font_container=&#8221;h1&#8243; font_size=&#8221;h3&#8243; text_color=&#8221;inherit&#8221; text_align=&#8221;text-left&#8221;]Mosodatechnika[\/elx_heading][vc_column_text]Az Electrolux Professional fejleszti a vil\u00e1g legfenntarthat\u00f3bb \u00e9s legrugalmasabb mosodai megold\u00e1sait a felhaszn\u00e1l\u00f3i tapasztalatok figyelembe v\u00e9tel\u00e9vel, jav\u00edtva a funkcionalit\u00e1st, a termel\u00e9kenys\u00e9get \u00e9s az ergon\u00f3mi\u00e1t. Magyarorsz\u00e1gon a Polizo Kft. foglalkozik az Electrolux Professional mosodatechnikai berendez\u00e9sek \u00e9rt\u00e9kes\u00edt\u00e9s\u00e9vel \u00e9s szervizel\u00e9s\u00e9vel. El\u00e9rhet\u0151s\u00e9g\u00fcket megtal\u00e1lja weboldalunkon, az \u00e9rt\u00e9kes\u00edt\u00e9si \u00e9s szerviz lok\u00e1tor men\u00fcben.[\/vc_column_text][\/elx_hero_slider][\/vc_column][\/vc_row][vc_row full_width=&#8221;electroluxpro-full-width-no-padding&#8221;][vc_column][vc_empty_space height=&#8221;80px&#8221;][\/vc_column][\/vc_row][vc_row][vc_column [&hellip;]<\/p>\n","protected":false},"author":4,"featured_media":0,"parent":0,"menu_order":0,"comment_status":"closed","ping_status":"closed","template":"","meta":{"footnotes":""},"class_list":["post-3660","page","type-page","status-publish","hentry"],"yoast_head":"<!-- This site is optimized with the Yoast SEO plugin v23.3 - https:\/\/yoast.com\/wordpress\/plugins\/seo\/ -->\n<title>Mosodatechnika - Electrolux Professional Magyarorsz\u00e1g<\/title>\n<meta name=\"robots\" content=\"index, follow, max-snippet:-1, max-image-preview:large, max-video-preview:-1\" \/>\n<link rel=\"canonical\" href=\"https:\/\/www.electroluxprofessional.com\/hu\/laundry\/\" \/>\n<meta property=\"og:locale\" content=\"hu_HU\" \/>\n<meta property=\"og:type\" content=\"article\" \/>\n<meta property=\"og:title\" content=\"Mosodatechnika - Electrolux Professional Magyarorsz\u00e1g\" \/>\n<meta property=\"og:description\" content=\"[vc_row full_width=&#8221;electroluxpro-full-width-no-padding&#8221;][vc_column][elx_hero_slider label_text_color=&#8221;inherit&#8221; images=&#8221;3252&#8243;][elx_heading font_container=&#8221;h1&#8243; font_size=&#8221;h3&#8243; text_color=&#8221;inherit&#8221; text_align=&#8221;text-left&#8221;]Mosodatechnika[\/elx_heading][vc_column_text]Az Electrolux Professional fejleszti a vil\u00e1g legfenntarthat\u00f3bb \u00e9s legrugalmasabb mosodai megold\u00e1sait a felhaszn\u00e1l\u00f3i tapasztalatok figyelembe v\u00e9tel\u00e9vel, jav\u00edtva a funkcionalit\u00e1st, a termel\u00e9kenys\u00e9get \u00e9s az ergon\u00f3mi\u00e1t. Magyarorsz\u00e1gon a Polizo Kft. foglalkozik az Electrolux Professional mosodatechnikai berendez\u00e9sek \u00e9rt\u00e9kes\u00edt\u00e9s\u00e9vel \u00e9s szervizel\u00e9s\u00e9vel. El\u00e9rhet\u0151s\u00e9g\u00fcket megtal\u00e1lja weboldalunkon, az \u00e9rt\u00e9kes\u00edt\u00e9si \u00e9s szerviz lok\u00e1tor men\u00fcben.[\/vc_column_text][\/elx_hero_slider][\/vc_column][\/vc_row][vc_row full_width=&#8221;electroluxpro-full-width-no-padding&#8221;][vc_column][vc_empty_space height=&#8221;80px&#8221;][\/vc_column][\/vc_row][vc_row][vc_column [&hellip;]\" \/>\n<meta property=\"og:url\" content=\"https:\/\/www.electroluxprofessional.com\/hu\/laundry\/\" \/>\n<meta property=\"og:site_name\" content=\"Electrolux Professional Magyarorsz\u00e1g\" \/>\n<meta property=\"article:modified_time\" content=\"2025-03-06T07:18:15+00:00\" \/>\n<meta name=\"twitter:card\" content=\"summary_large_image\" \/>\n<meta name=\"twitter:label1\" content=\"Becs\u00fclt olvas\u00e1si id\u0151\" \/>\n\t<meta name=\"twitter:data1\" content=\"1 perc\" \/>\n<script type=\"application\/ld+json\" class=\"yoast-schema-graph\">{\"@context\":\"https:\/\/schema.org\",\"@graph\":[{\"@type\":\"WebPage\",\"@id\":\"https:\/\/www.electroluxprofessional.com\/hu\/laundry\/\",\"url\":\"https:\/\/www.electroluxprofessional.com\/hu\/laundry\/\",\"name\":\"Mosodatechnika - Electrolux Professional Magyarorsz\u00e1g\",\"isPartOf\":{\"@id\":\"https:\/\/www.electroluxprofessional.com\/hu\/#website\"},\"datePublished\":\"2017-05-23T09:40:35+00:00\",\"dateModified\":\"2025-03-06T07:18:15+00:00\",\"breadcrumb\":{\"@id\":\"https:\/\/www.electroluxprofessional.com\/hu\/laundry\/#breadcrumb\"},\"inLanguage\":\"hu\",\"potentialAction\":[{\"@type\":\"ReadAction\",\"target\":[\"https:\/\/www.electroluxprofessional.com\/hu\/laundry\/\"]}]},{\"@type\":\"BreadcrumbList\",\"@id\":\"https:\/\/www.electroluxprofessional.com\/hu\/laundry\/#breadcrumb\",\"itemListElement\":[{\"@type\":\"ListItem\",\"position\":1,\"name\":\"Home\",\"item\":\"https:\/\/www.electroluxprofessional.com\/hu\/\"},{\"@type\":\"ListItem\",\"position\":2,\"name\":\"Mosodatechnika\"}]},{\"@type\":\"WebSite\",\"@id\":\"https:\/\/www.electroluxprofessional.com\/hu\/#website\",\"url\":\"https:\/\/www.electroluxprofessional.com\/hu\/\",\"name\":\"Electrolux Professional Magyarorsz\u00e1g\",\"description\":\"\",\"potentialAction\":[{\"@type\":\"SearchAction\",\"target\":{\"@type\":\"EntryPoint\",\"urlTemplate\":\"https:\/\/www.electroluxprofessional.com\/hu\/?src={search_term_string}\"},\"query-input\":\"required name=search_term_string\"}],\"inLanguage\":\"hu\"}]}<\/script>\n<!-- \/ Yoast SEO plugin. -->","yoast_head_json":{"title":"Mosodatechnika - Electrolux Professional Magyarorsz\u00e1g","robots":{"index":"index","follow":"follow","max-snippet":"max-snippet:-1","max-image-preview":"max-image-preview:large","max-video-preview":"max-video-preview:-1"},"canonical":"https:\/\/www.electroluxprofessional.com\/hu\/laundry\/","og_locale":"hu_HU","og_type":"article","og_title":"Mosodatechnika - Electrolux Professional Magyarorsz\u00e1g","og_description":"[vc_row full_width=&#8221;electroluxpro-full-width-no-padding&#8221;][vc_column][elx_hero_slider label_text_color=&#8221;inherit&#8221; images=&#8221;3252&#8243;][elx_heading font_container=&#8221;h1&#8243; font_size=&#8221;h3&#8243; text_color=&#8221;inherit&#8221; text_align=&#8221;text-left&#8221;]Mosodatechnika[\/elx_heading][vc_column_text]Az Electrolux Professional fejleszti a vil\u00e1g legfenntarthat\u00f3bb \u00e9s legrugalmasabb mosodai megold\u00e1sait a felhaszn\u00e1l\u00f3i tapasztalatok figyelembe v\u00e9tel\u00e9vel, jav\u00edtva a funkcionalit\u00e1st, a termel\u00e9kenys\u00e9get \u00e9s az ergon\u00f3mi\u00e1t. Magyarorsz\u00e1gon a Polizo Kft. foglalkozik az Electrolux Professional mosodatechnikai berendez\u00e9sek \u00e9rt\u00e9kes\u00edt\u00e9s\u00e9vel \u00e9s szervizel\u00e9s\u00e9vel. El\u00e9rhet\u0151s\u00e9g\u00fcket megtal\u00e1lja weboldalunkon, az \u00e9rt\u00e9kes\u00edt\u00e9si \u00e9s szerviz lok\u00e1tor men\u00fcben.[\/vc_column_text][\/elx_hero_slider][\/vc_column][\/vc_row][vc_row full_width=&#8221;electroluxpro-full-width-no-padding&#8221;][vc_column][vc_empty_space height=&#8221;80px&#8221;][\/vc_column][\/vc_row][vc_row][vc_column [&hellip;]","og_url":"https:\/\/www.electroluxprofessional.com\/hu\/laundry\/","og_site_name":"Electrolux Professional Magyarorsz\u00e1g","article_modified_time":"2025-03-06T07:18:15+00:00","twitter_card":"summary_large_image","twitter_misc":{"Becs\u00fclt olvas\u00e1si id\u0151":"1 perc"},"schema":{"@context":"https:\/\/schema.org","@graph":[{"@type":"WebPage","@id":"https:\/\/www.electroluxprofessional.com\/hu\/laundry\/","url":"https:\/\/www.electroluxprofessional.com\/hu\/laundry\/","name":"Mosodatechnika - Electrolux Professional Magyarorsz\u00e1g","isPartOf":{"@id":"https:\/\/www.electroluxprofessional.com\/hu\/#website"},"datePublished":"2017-05-23T09:40:35+00:00","dateModified":"2025-03-06T07:18:15+00:00","breadcrumb":{"@id":"https:\/\/www.electroluxprofessional.com\/hu\/laundry\/#breadcrumb"},"inLanguage":"hu","potentialAction":[{"@type":"ReadAction","target":["https:\/\/www.electroluxprofessional.com\/hu\/laundry\/"]}]},{"@type":"BreadcrumbList","@id":"https:\/\/www.electroluxprofessional.com\/hu\/laundry\/#breadcrumb","itemListElement":[{"@type":"ListItem","position":1,"name":"Home","item":"https:\/\/www.electroluxprofessional.com\/hu\/"},{"@type":"ListItem","position":2,"name":"Mosodatechnika"}]},{"@type":"WebSite","@id":"https:\/\/www.electroluxprofessional.com\/hu\/#website","url":"https:\/\/www.electroluxprofessional.com\/hu\/","name":"Electrolux Professional Magyarorsz\u00e1g","description":"","potentialAction":[{"@type":"SearchAction","target":{"@type":"EntryPoint","urlTemplate":"https:\/\/www.electroluxprofessional.com\/hu\/?src={search_term_string}"},"query-input":"required name=search_term_string"}],"inLanguage":"hu"}]}},"_links":{"self":[{"href":"https:\/\/www.electroluxprofessional.com\/hu\/wp-json\/wp\/v2\/pages\/3660"}],"collection":[{"href":"https:\/\/www.electroluxprofessional.com\/hu\/wp-json\/wp\/v2\/pages"}],"about":[{"href":"https:\/\/www.electroluxprofessional.com\/hu\/wp-json\/wp\/v2\/types\/page"}],"author":[{"embeddable":true,"href":"https:\/\/www.electroluxprofessional.com\/hu\/wp-json\/wp\/v2\/users\/4"}],"replies":[{"embeddable":true,"href":"https:\/\/www.electroluxprofessional.com\/hu\/wp-json\/wp\/v2\/comments?post=3660"}],"version-history":[{"count":27,"href":"https:\/\/www.electroluxprofessional.com\/hu\/wp-json\/wp\/v2\/pages\/3660\/revisions"}],"predecessor-version":[{"id":8429,"href":"https:\/\/www.electroluxprofessional.com\/hu\/wp-json\/wp\/v2\/pages\/3660\/revisions\/8429"}],"wp:attachment":[{"href":"https:\/\/www.electroluxprofessional.com\/hu\/wp-json\/wp\/v2\/media?parent=3660"}],"curies":[{"name":"wp","href":"https:\/\/api.w.org\/{rel}","templated":true}]}}