{"id":3640,"date":"2017-05-22T17:18:19","date_gmt":"2017-05-22T17:18:19","guid":{"rendered":"https:\/\/www.electroluxprofessional.com\/hu\/?page_id=3640"},"modified":"2024-06-19T09:42:07","modified_gmt":"2024-06-19T09:42:07","slug":"userdoc","status":"publish","type":"page","link":"https:\/\/www.electroluxprofessional.com\/hu\/my-professional\/userdoc\/","title":{"rendered":"Haszn\u00e1lati utas\u00edt\u00e1sok"},"content":{"rendered":"<div class=\"members-access-error\">\n<p style=\"text-align: center;margin-top: 100px;margin-bottom: 100px\"><a href=\"https:\/\/www.electroluxprofessional.com\/hu\/login\/?redirect_to=https%3A%2F%2Fwww.electroluxprofessional.com%3A443%2Fhu%2Fwp-json%2Fwp%2Fv2%2Fpages%2F3640\"><br \/>\n<img src=\"https:\/\/www.electroluxprofessional.com\/hu\/wp-content\/uploads\/2018\/01\/image001.jpg\" \/><br \/>\nHey! Your are just 1 step away from your content!<br \/>\nLogin to MyProfessional space.<br \/>\n<\/a><\/p>\n<\/div>\n","protected":false},"excerpt":{"rendered":"<div class=\"members-access-error\">\n<p style=\"text-align: center;margin-top: 100px;margin-bottom: 100px\"><a href=\"https:\/\/www.electroluxprofessional.com\/hu\/login\/?redirect_to=https%3A%2F%2Fwww.electroluxprofessional.com%3A443%2Fhu%2Fwp-json%2Fwp%2Fv2%2Fpages%2F3640\"><br \/>\n<img src=\"https:\/\/www.electroluxprofessional.com\/hu\/wp-content\/uploads\/2018\/01\/image001.jpg\" \/><br \/>\nHey! Your are just 1 step away from your content!<br \/>\nLogin to MyProfessional space.<br \/>\n<\/a><\/p>\n<\/div>\n","protected":false},"author":1,"featured_media":0,"parent":3635,"menu_order":0,"comment_status":"closed","ping_status":"closed","template":"","meta":{"footnotes":""},"class_list":["post-3640","page","type-page","status-publish","hentry"],"yoast_head":"<!-- This site is optimized with the Yoast SEO plugin v23.3 - https:\/\/yoast.com\/wordpress\/plugins\/seo\/ -->\n<title>Haszn\u00e1lati utas\u00edt\u00e1sok - Electrolux Professional Magyarorsz\u00e1g<\/title>\n<meta name=\"robots\" content=\"index, follow, max-snippet:-1, max-image-preview:large, max-video-preview:-1\" \/>\n<link rel=\"canonical\" href=\"https:\/\/www.electroluxprofessional.com\/hu\/my-professional\/userdoc\/\" \/>\n<meta property=\"og:locale\" content=\"hu_HU\" \/>\n<meta property=\"og:type\" content=\"article\" \/>\n<meta property=\"og:title\" content=\"Haszn\u00e1lati utas\u00edt\u00e1sok - Electrolux Professional Magyarorsz\u00e1g\" \/>\n<meta property=\"og:description\" content=\"Hey! Your are just 1 step away from your content! Login to MyProfessional space.\" \/>\n<meta property=\"og:url\" content=\"https:\/\/www.electroluxprofessional.com\/hu\/my-professional\/userdoc\/\" \/>\n<meta property=\"og:site_name\" content=\"Electrolux Professional Magyarorsz\u00e1g\" \/>\n<meta property=\"article:modified_time\" content=\"2024-06-19T09:42:07+00:00\" \/>\n<meta name=\"twitter:card\" content=\"summary_large_image\" \/>\n<meta name=\"twitter:label1\" content=\"Becs\u00fclt olvas\u00e1si id\u0151\" \/>\n\t<meta name=\"twitter:data1\" content=\"1 perc\" \/>\n<script type=\"application\/ld+json\" class=\"yoast-schema-graph\">{\"@context\":\"https:\/\/schema.org\",\"@graph\":[{\"@type\":\"WebPage\",\"@id\":\"https:\/\/www.electroluxprofessional.com\/hu\/my-professional\/userdoc\/\",\"url\":\"https:\/\/www.electroluxprofessional.com\/hu\/my-professional\/userdoc\/\",\"name\":\"Haszn\u00e1lati utas\u00edt\u00e1sok - Electrolux Professional Magyarorsz\u00e1g\",\"isPartOf\":{\"@id\":\"https:\/\/www.electroluxprofessional.com\/hu\/#website\"},\"datePublished\":\"2017-05-22T17:18:19+00:00\",\"dateModified\":\"2024-06-19T09:42:07+00:00\",\"breadcrumb\":{\"@id\":\"https:\/\/www.electroluxprofessional.com\/hu\/my-professional\/userdoc\/#breadcrumb\"},\"inLanguage\":\"hu\",\"potentialAction\":[{\"@type\":\"ReadAction\",\"target\":[\"https:\/\/www.electroluxprofessional.com\/hu\/my-professional\/userdoc\/\"]}]},{\"@type\":\"BreadcrumbList\",\"@id\":\"https:\/\/www.electroluxprofessional.com\/hu\/my-professional\/userdoc\/#breadcrumb\",\"itemListElement\":[{\"@type\":\"ListItem\",\"position\":1,\"name\":\"Home\",\"item\":\"https:\/\/www.electroluxprofessional.com\/hu\/\"},{\"@type\":\"ListItem\",\"position\":2,\"name\":\"MyProfessional\",\"item\":\"https:\/\/www.electroluxprofessional.com\/hu\/my-professional\/\"},{\"@type\":\"ListItem\",\"position\":3,\"name\":\"Haszn\u00e1lati utas\u00edt\u00e1sok\"}]},{\"@type\":\"WebSite\",\"@id\":\"https:\/\/www.electroluxprofessional.com\/hu\/#website\",\"url\":\"https:\/\/www.electroluxprofessional.com\/hu\/\",\"name\":\"Electrolux Professional Magyarorsz\u00e1g\",\"description\":\"\",\"potentialAction\":[{\"@type\":\"SearchAction\",\"target\":{\"@type\":\"EntryPoint\",\"urlTemplate\":\"https:\/\/www.electroluxprofessional.com\/hu\/?src={search_term_string}\"},\"query-input\":\"required name=search_term_string\"}],\"inLanguage\":\"hu\"}]}<\/script>\n<!-- \/ Yoast SEO plugin. -->","yoast_head_json":{"title":"Haszn\u00e1lati utas\u00edt\u00e1sok - Electrolux Professional Magyarorsz\u00e1g","robots":{"index":"index","follow":"follow","max-snippet":"max-snippet:-1","max-image-preview":"max-image-preview:large","max-video-preview":"max-video-preview:-1"},"canonical":"https:\/\/www.electroluxprofessional.com\/hu\/my-professional\/userdoc\/","og_locale":"hu_HU","og_type":"article","og_title":"Haszn\u00e1lati utas\u00edt\u00e1sok - Electrolux Professional Magyarorsz\u00e1g","og_description":"Hey! Your are just 1 step away from your content! Login to MyProfessional space.","og_url":"https:\/\/www.electroluxprofessional.com\/hu\/my-professional\/userdoc\/","og_site_name":"Electrolux Professional Magyarorsz\u00e1g","article_modified_time":"2024-06-19T09:42:07+00:00","twitter_card":"summary_large_image","twitter_misc":{"Becs\u00fclt olvas\u00e1si id\u0151":"1 perc"},"schema":{"@context":"https:\/\/schema.org","@graph":[{"@type":"WebPage","@id":"https:\/\/www.electroluxprofessional.com\/hu\/my-professional\/userdoc\/","url":"https:\/\/www.electroluxprofessional.com\/hu\/my-professional\/userdoc\/","name":"Haszn\u00e1lati utas\u00edt\u00e1sok - Electrolux Professional Magyarorsz\u00e1g","isPartOf":{"@id":"https:\/\/www.electroluxprofessional.com\/hu\/#website"},"datePublished":"2017-05-22T17:18:19+00:00","dateModified":"2024-06-19T09:42:07+00:00","breadcrumb":{"@id":"https:\/\/www.electroluxprofessional.com\/hu\/my-professional\/userdoc\/#breadcrumb"},"inLanguage":"hu","potentialAction":[{"@type":"ReadAction","target":["https:\/\/www.electroluxprofessional.com\/hu\/my-professional\/userdoc\/"]}]},{"@type":"BreadcrumbList","@id":"https:\/\/www.electroluxprofessional.com\/hu\/my-professional\/userdoc\/#breadcrumb","itemListElement":[{"@type":"ListItem","position":1,"name":"Home","item":"https:\/\/www.electroluxprofessional.com\/hu\/"},{"@type":"ListItem","position":2,"name":"MyProfessional","item":"https:\/\/www.electroluxprofessional.com\/hu\/my-professional\/"},{"@type":"ListItem","position":3,"name":"Haszn\u00e1lati utas\u00edt\u00e1sok"}]},{"@type":"WebSite","@id":"https:\/\/www.electroluxprofessional.com\/hu\/#website","url":"https:\/\/www.electroluxprofessional.com\/hu\/","name":"Electrolux Professional Magyarorsz\u00e1g","description":"","potentialAction":[{"@type":"SearchAction","target":{"@type":"EntryPoint","urlTemplate":"https:\/\/www.electroluxprofessional.com\/hu\/?src={search_term_string}"},"query-input":"required name=search_term_string"}],"inLanguage":"hu"}]}},"_links":{"self":[{"href":"https:\/\/www.electroluxprofessional.com\/hu\/wp-json\/wp\/v2\/pages\/3640"}],"collection":[{"href":"https:\/\/www.electroluxprofessional.com\/hu\/wp-json\/wp\/v2\/pages"}],"about":[{"href":"https:\/\/www.electroluxprofessional.com\/hu\/wp-json\/wp\/v2\/types\/page"}],"author":[{"embeddable":true,"href":"https:\/\/www.electroluxprofessional.com\/hu\/wp-json\/wp\/v2\/users\/1"}],"replies":[{"embeddable":true,"href":"https:\/\/www.electroluxprofessional.com\/hu\/wp-json\/wp\/v2\/comments?post=3640"}],"version-history":[{"count":10,"href":"https:\/\/www.electroluxprofessional.com\/hu\/wp-json\/wp\/v2\/pages\/3640\/revisions"}],"predecessor-version":[{"id":8017,"href":"https:\/\/www.electroluxprofessional.com\/hu\/wp-json\/wp\/v2\/pages\/3640\/revisions\/8017"}],"up":[{"embeddable":true,"href":"https:\/\/www.electroluxprofessional.com\/hu\/wp-json\/wp\/v2\/pages\/3635"}],"wp:attachment":[{"href":"https:\/\/www.electroluxprofessional.com\/hu\/wp-json\/wp\/v2\/media?parent=3640"}],"curies":[{"name":"wp","href":"https:\/\/api.w.org\/{rel}","templated":true}]}}