{"id":3059,"date":"2020-04-20T09:13:03","date_gmt":"2020-04-20T09:13:03","guid":{"rendered":"https:\/\/www.electroluxprofessional.com\/hu\/?page_id=3059"},"modified":"2025-11-05T15:01:00","modified_gmt":"2025-11-05T15:01:00","slug":"letesitmenyuzemeltetes","status":"publish","type":"page","link":"https:\/\/www.electroluxprofessional.com\/hu\/letesitmenyuzemeltetes\/","title":{"rendered":"L\u00e9tes\u00edtm\u00e9ny\u00fczemeltet\u00e9s"},"content":{"rendered":"<p>[vc_row full_width=&#8221;electroluxpro-full-width-no-padding&#8221; equal_height=&#8221;yes&#8221;][vc_column width=&#8221;1\/2&#8243;][elx_citation name=&#8221;Ralph Thomas, Cleaner&#8221; company=&#8221;&#8221;][elx_heading font_container=&#8221;h1&#8243; font_size=&#8221;h2&#8243; text_color=&#8221;inherit&#8221;]A mikrosz\u00e1las anyagok tiszt\u00edt\u00e1s\u00e1nak szak\u00e9rt\u0151j\u00e9vel a kiv\u00e1l\u00f3 min\u0151s\u00e9g bor\u00edt\u00e9kolhat\u00f3.[\/elx_heading][\/elx_citation][\/vc_column][vc_column width=&#8221;1\/2&#8243;][elx_image_block background_image=&#8221;566&#8243; minimum_height=&#8221;650px&#8221;][\/vc_column][\/vc_row][vc_row full_width=&#8221;electroluxpro-container-no-padding&#8221; css=&#8221;.vc_custom_1473071163127{padding-top: 60px !important;padding-bottom: 60px !important;}&#8221;][vc_column][elx_heading font_container=&#8221;h3&#8243; text_color=&#8221;inherit&#8221; text_align=&#8221;text-center&#8221;]Teljes flexibilit\u00e1s a legmagasabb szint\u0171 min\u0151s\u00e9g mellett.<br \/>\nMegold\u00e1st k\u00edn\u00e1lunk mindenfajta l\u00e9tes\u00edtm\u00e9ny\u00fczemeltet\u00e9si szolg\u00e1ltat\u00e1shoz.[\/elx_heading][\/vc_column][\/vc_row][vc_row][vc_column width=&#8221;1\/2&#8243;][elx_image_block background_image=&#8221;621&#8243; minimum_height=&#8221;460px&#8221;][elx_simple_block background_color=&#8221;inherit&#8221;][elx_heading font_container=&#8221;h4&#8243; text_color=&#8221;inherit&#8221;]Mi vigy\u00e1zunk a vagyon\u00e1ra[\/elx_heading][vc_column_text]Szak\u00e9rtelm\u00fcnk a mikrosz\u00e1las anyagok tiszt\u00edt\u00e1sa ter\u00e9n seg\u00edt teljes\u00edteni a lehet\u0151 legmagasabb szint\u0171 higi\u00e9niai elv\u00e1r\u00e1sokat, mik\u00f6zben a k\u00f6lts\u00e9gszint \u00e9s az \u00fczemid\u0151 minim\u00e1lis.[\/vc_column_text][\/elx_simple_block][\/vc_column][vc_column width=&#8221;1\/2&#8243;][elx_image_block background_image=&#8221;622&#8243; minimum_height=&#8221;460px&#8221;][elx_simple_block background_color=&#8221;inherit&#8221;][elx_heading font_container=&#8221;h4&#8243; text_color=&#8221;inherit&#8221;]Hat\u00e9kony padl\u00f3tiszt\u00edt\u00e1s[\/elx_heading][vc_column_text]A speci\u00e1lis mop-mos\u00f3g\u00e9p k\u00fcl\u00f6n erre a c\u00e9lra kifejlesztett programcsomaggal m\u0171k\u00f6dik (3 mop, \u00e9s 4 \u00e1ltal\u00e1nos program), egyedi f\u0171t\u0151bet\u00e9tekkel, k\u00fcl\u00f6nleges bels\u0151 dobbal, valamint elektromos v\u00edzleereszt\u0151 szeleppel, a gyors \u00fcr\u00edt\u00e9s \u00e9rdek\u00e9ben.[\/vc_column_text][\/elx_simple_block][\/vc_column][\/vc_row][vc_row][vc_column width=&#8221;1\/2&#8243;][elx_simple_block background_color=&#8221;inherit&#8221;][elx_heading font_container=&#8221;h4&#8243; text_color=&#8221;inherit&#8221;]Hat\u00e9kony padl\u00f3tiszt\u00edt\u00e1s, megold\u00e1s[\/elx_heading][vc_column_text]Mindaz, amire \u00f6nnek sz\u00fcks\u00e9ge van: egy mopk\u00e9szlet, egy Electrolux Professional mop mos\u00f3g\u00e9p \u00e9s egy intelligens mos\u00f3szeradagol\u00f3 vez\u00e9rl\u00e9s (EDS).<\/p>\n<p>Ha ink\u00e1bb sz\u00e1raz mopokat haszn\u00e1lna, megsz\u00e1r\u00edthatja a frissen kimosott mopokat Electrolux Professional sz\u00e1r\u00edt\u00f3g\u00e9pben.<\/p>\n<ul>\n<li>Tegye be a haszn\u00e1lt mopfejeket a mop mos\u00f3g\u00e9pbe.<\/li>\n<li>V\u00e1lassza ki a k\u00edv\u00e1nt mop programot \u00e9s ind\u00edtsa el a mos\u00e1st.<\/li>\n<li>A mopfejek kimos\u00e1sa \u00e9s el\u0151k\u00e9sz\u00edt\u00e9se pontosan a vev\u0151 ig\u00e9nyei szerint t\u00f6rt\u00e9nik, bele\u00e9rtve az impregn\u00e1l\u00e1st is a kiv\u00e1lasztott anyaggal.<\/li>\n<\/ul>\n<p>[\/vc_column_text][\/elx_simple_block][\/vc_column][vc_column width=&#8221;1\/2&#8243;][vc_single_image image=&#8221;1634&#8243; img_size=&#8221;full&#8221;][\/vc_column][\/vc_row][vc_row css=&#8221;.vc_custom_1473071764748{padding-top: 50px !important;padding-bottom: 50px !important;}&#8221;][vc_column][elx_heading font_container=&#8221;h3&#8243; text_color=&#8221;inherit&#8221; text_align=&#8221;text-center&#8221;]Testreszabott megold\u00e1sok[\/elx_heading][\/vc_column][\/vc_row][vc_row][vc_column][vc_tta_tabs][vc_tta_section title=&#8221;On-site&#8221; tab_id=&#8221;1473088626791-81487cab-288c&#8221;][vc_row_inner][vc_column_inner width=&#8221;1\/2&#8243;][vc_single_image image=&#8221;624&#8243; img_size=&#8221;full&#8221;][\/vc_column_inner][vc_column_inner width=&#8221;1\/2&#8243;][elx_heading font_container=&#8221;h4&#8243; text_color=&#8221;inherit&#8221;]ISS Facility Services<br \/>\nKarlstadt, Sv\u00e9dorsz\u00e1g[\/elx_heading][vc_column_text]Napi 1500 mop \u00e9s mikrosz\u00e1las felmos\u00f3rongy tiszt\u00edt\u00e1sa. T\u00f6r\u00f6lk\u00f6z\u0151ket \u00e9s sz\u0151nyegeket hetente mosnak.[\/vc_column_text][elx_heading font_container=&#8221;h4&#8243; font_size=&#8221;h4&#8243; text_color=&#8221;inherit&#8221;]G\u00e9plista[\/elx_heading][vc_column_text]2 db El\u00f6lt\u00f6lt\u0151s mop mos\u00f3g\u00e9p (14 kg)<br \/>\n1 db Sz\u00e1r\u00edt\u00f3g\u00e9p (19,4 kg)[\/vc_column_text][\/vc_column_inner][\/vc_row_inner][\/vc_tta_section][vc_tta_section title=&#8221;Hospital&#8221; tab_id=&#8221;1473088626874-85a65eef-528a&#8221;][vc_row_inner][vc_column_inner width=&#8221;1\/2&#8243;][vc_single_image image=&#8221;625&#8243; img_size=&#8221;full&#8221;][\/vc_column_inner][vc_column_inner width=&#8221;1\/2&#8243;][elx_heading font_container=&#8221;h4&#8243; text_color=&#8221;inherit&#8221;]St. Thomas k\u00f3rh\u00e1z<br \/>\nLondon, Egyes\u00fcl Kir\u00e1lys\u00e1g[\/elx_heading][vc_column_text]Napi t\u00f6bb mint 850 kg mikrosz\u00e1las mop \u00e9s felmos\u00f3rongy tiszt\u00edt\u00e1sa. A mosodai folyamatok \u00e9s a fogyaszt\u00e1si adatok nyomonk\u00f6vet\u00e9se.[\/vc_column_text][elx_heading font_container=&#8221;h4&#8243; text_color=&#8221;inherit&#8221;]G\u00e9plista[\/elx_heading][vc_column_text]3 db Higi\u00e9nikus mos\u00f3g\u00e9p (70 kg)<br \/>\n3 db Sz\u00e1r\u00edt\u00f3g\u00e9p (67 kg)<br \/>\nCM \u2013 Certus Management<sup>TM<\/sup>\u00a0inform\u00e1ci\u00f3s rendszer[\/vc_column_text][\/vc_column_inner][\/vc_row_inner][\/vc_tta_section][vc_tta_section title=&#8221;Central laundry&#8221; tab_id=&#8221;1473088629051-162eecc0-9ef7&#8243;][vc_row_inner][vc_column_inner width=&#8221;1\/2&#8243;][vc_single_image image=&#8221;626&#8243; img_size=&#8221;full&#8221;][\/vc_column_inner][vc_column_inner width=&#8221;1\/2&#8243;][elx_heading font_container=&#8221;h4&#8243; text_color=&#8221;inherit&#8221;]U.D.O. Central Laundry<br \/>\nTubingen, N\u00e9metorsz\u00e1g[\/elx_heading][vc_column_text]Heti t\u00f6bb mint 9 tonna mop, felmos\u00f3rongy \u00e9s inkontinencia bet\u00e9t tiszt\u00edt\u00e1sa k\u00f3rh\u00e1z r\u00e9sz\u00e9re.[\/vc_column_text][elx_heading font_container=&#8221;h4&#8243; text_color=&#8221;inherit&#8221;]G\u00e9plista[\/elx_heading][vc_column_text]2 x Higi\u00e9nikus mos\u00f3g\u00e9p (70 kg +\u00a090 kg)<br \/>\n1 x El\u00f6lt\u00f6lt\u0151s mop mos\u00f3g\u00e9p (8 kg) mikrosz\u00e1las mopokhoz \u00e9s felmos\u00f3rongyokhoz<br \/>\n2 x Sz\u00e1r\u00edt\u00f3g\u00e9p (45 kg +\u00a060 kg)[\/vc_column_text][\/vc_column_inner][\/vc_row_inner][\/vc_tta_section][\/vc_tta_tabs][\/vc_column][\/vc_row][vc_row][vc_column][elx_heading font_container=&#8221;h3&#8243; text_color=&#8221;inherit&#8221;]Fedezze fel az Electrolux Professional el\u0151nyeit![\/elx_heading][elx_o2000_contact_us r=&#8221;Szeretn\u00e9k t\u00f6bb inform\u00e1ci\u00f3t kapni err\u0151l a term\u00e9kr\u0151l L\u00e9tes\u00edtm\u00e9ny\u00fczemeltet\u00e9s. K\u00e9rem, vegy\u00e9k fel velem a kapcsolatot.&#8221; s=&#8221;Inform\u00e1ci\u00f3 k\u00e9r\u00e9s err\u0151l a term\u00e9kr\u0151l L\u00e9tes\u00edtm\u00e9ny\u00fczemeltet\u00e9s&#8221; country=&#8221;Hungary&#8221; b=&#8221;laundry&#8221; l=&#8221;hu&#8221; container=&#8221;elxcontactus1473161992&#8243;][\/vc_column][\/vc_row][vc_row][vc_column][vc_empty_space][\/vc_column][\/vc_row][vc_row][vc_column][elx_heading font_container=&#8221;h4&#8243; text_color=&#8221;inherit&#8221;]Click on the boxes here below to download the brochure and the range overview. [\/elx_heading][\/vc_column][\/vc_row][vc_row][vc_column width=&#8221;1\/3&#8243;][elx_download_block text=&#8221;Facility Management Brochure&#8221; link=&#8221;files.professional.electrolux.com\/docs\/?n=A0003&amp;t=BR&amp;l=1&amp;B=5&#8243; background_color=&#8221;electrolux-blue&#8221; reveal_effect=&#8221;&#8221; reveal_duration=&#8221;&#8221; reveal_delay=&#8221;&#8221;][\/vc_column][vc_column width=&#8221;1\/3&#8243;][elx_download_block text=&#8221;Facility Management Range Overview&#8221; link=&#8221;http:\/\/files.professional.electrolux.com\/docs\/?n=Facility%20Laundry&amp;t=RO&amp;l=1&#8243; background_color=&#8221;electrolux-blue&#8221; reveal_effect=&#8221;&#8221; reveal_duration=&#8221;&#8221; reveal_delay=&#8221;&#8221;][\/vc_column][vc_column width=&#8221;1\/3&#8243;][\/vc_column][\/vc_row][vc_row][vc_column][vc_empty_space height=&#8221;50px&#8221;][\/vc_column][\/vc_row]<\/p>\n","protected":false},"excerpt":{"rendered":"<p>[vc_row full_width=&#8221;electroluxpro-full-width-no-padding&#8221; equal_height=&#8221;yes&#8221;][vc_column width=&#8221;1\/2&#8243;][elx_citation name=&#8221;Ralph Thomas, Cleaner&#8221; company=&#8221;&#8221;][elx_heading font_container=&#8221;h1&#8243; font_size=&#8221;h2&#8243; text_color=&#8221;inherit&#8221;]A mikrosz\u00e1las anyagok tiszt\u00edt\u00e1s\u00e1nak szak\u00e9rt\u0151j\u00e9vel a kiv\u00e1l\u00f3 min\u0151s\u00e9g bor\u00edt\u00e9kolhat\u00f3.[\/elx_heading][\/elx_citation][\/vc_column][vc_column width=&#8221;1\/2&#8243;][elx_image_block background_image=&#8221;566&#8243; minimum_height=&#8221;650px&#8221;][\/vc_column][\/vc_row][vc_row full_width=&#8221;electroluxpro-container-no-padding&#8221; css=&#8221;.vc_custom_1473071163127{padding-top: 60px !important;padding-bottom: 60px !important;}&#8221;][vc_column][elx_heading font_container=&#8221;h3&#8243; text_color=&#8221;inherit&#8221; text_align=&#8221;text-center&#8221;]Teljes flexibilit\u00e1s a legmagasabb szint\u0171 min\u0151s\u00e9g mellett. Megold\u00e1st k\u00edn\u00e1lunk mindenfajta l\u00e9tes\u00edtm\u00e9ny\u00fczemeltet\u00e9si szolg\u00e1ltat\u00e1shoz.[\/elx_heading][\/vc_column][\/vc_row][vc_row][vc_column width=&#8221;1\/2&#8243;][elx_image_block background_image=&#8221;621&#8243; minimum_height=&#8221;460px&#8221;][elx_simple_block background_color=&#8221;inherit&#8221;][elx_heading font_container=&#8221;h4&#8243; text_color=&#8221;inherit&#8221;]Mi vigy\u00e1zunk a vagyon\u00e1ra[\/elx_heading][vc_column_text]Szak\u00e9rtelm\u00fcnk a mikrosz\u00e1las anyagok tiszt\u00edt\u00e1sa [&hellip;]<\/p>\n","protected":false},"author":3,"featured_media":0,"parent":0,"menu_order":0,"comment_status":"closed","ping_status":"closed","template":"","meta":{"footnotes":""},"class_list":["post-3059","page","type-page","status-publish","hentry"],"yoast_head":"<!-- This site is optimized with the Yoast SEO plugin v23.3 - https:\/\/yoast.com\/wordpress\/plugins\/seo\/ -->\n<title>L\u00e9tes\u00edtm\u00e9ny\u00fczemeltet\u00e9s - Electrolux Professional Magyarorsz\u00e1g<\/title>\n<meta name=\"robots\" content=\"index, follow, max-snippet:-1, max-image-preview:large, max-video-preview:-1\" \/>\n<link rel=\"canonical\" href=\"https:\/\/www.electroluxprofessional.com\/hu\/letesitmenyuzemeltetes\/\" \/>\n<meta property=\"og:locale\" content=\"hu_HU\" \/>\n<meta property=\"og:type\" content=\"article\" \/>\n<meta property=\"og:title\" content=\"L\u00e9tes\u00edtm\u00e9ny\u00fczemeltet\u00e9s - Electrolux Professional Magyarorsz\u00e1g\" \/>\n<meta property=\"og:description\" content=\"[vc_row full_width=&#8221;electroluxpro-full-width-no-padding&#8221; equal_height=&#8221;yes&#8221;][vc_column width=&#8221;1\/2&#8243;][elx_citation name=&#8221;Ralph Thomas, Cleaner&#8221; company=&#8221;&#8221;][elx_heading font_container=&#8221;h1&#8243; font_size=&#8221;h2&#8243; text_color=&#8221;inherit&#8221;]A mikrosz\u00e1las anyagok tiszt\u00edt\u00e1s\u00e1nak szak\u00e9rt\u0151j\u00e9vel a kiv\u00e1l\u00f3 min\u0151s\u00e9g bor\u00edt\u00e9kolhat\u00f3.[\/elx_heading][\/elx_citation][\/vc_column][vc_column width=&#8221;1\/2&#8243;][elx_image_block background_image=&#8221;566&#8243; minimum_height=&#8221;650px&#8221;][\/vc_column][\/vc_row][vc_row full_width=&#8221;electroluxpro-container-no-padding&#8221; css=&#8221;.vc_custom_1473071163127{padding-top: 60px !important;padding-bottom: 60px !important;}&#8221;][vc_column][elx_heading font_container=&#8221;h3&#8243; text_color=&#8221;inherit&#8221; text_align=&#8221;text-center&#8221;]Teljes flexibilit\u00e1s a legmagasabb szint\u0171 min\u0151s\u00e9g mellett. Megold\u00e1st k\u00edn\u00e1lunk mindenfajta l\u00e9tes\u00edtm\u00e9ny\u00fczemeltet\u00e9si szolg\u00e1ltat\u00e1shoz.[\/elx_heading][\/vc_column][\/vc_row][vc_row][vc_column width=&#8221;1\/2&#8243;][elx_image_block background_image=&#8221;621&#8243; minimum_height=&#8221;460px&#8221;][elx_simple_block background_color=&#8221;inherit&#8221;][elx_heading font_container=&#8221;h4&#8243; text_color=&#8221;inherit&#8221;]Mi vigy\u00e1zunk a vagyon\u00e1ra[\/elx_heading][vc_column_text]Szak\u00e9rtelm\u00fcnk a mikrosz\u00e1las anyagok tiszt\u00edt\u00e1sa [&hellip;]\" \/>\n<meta property=\"og:url\" content=\"https:\/\/www.electroluxprofessional.com\/hu\/letesitmenyuzemeltetes\/\" \/>\n<meta property=\"og:site_name\" content=\"Electrolux Professional Magyarorsz\u00e1g\" \/>\n<meta property=\"article:modified_time\" content=\"2025-11-05T15:01:00+00:00\" \/>\n<meta name=\"twitter:card\" content=\"summary_large_image\" \/>\n<meta name=\"twitter:label1\" content=\"Becs\u00fclt olvas\u00e1si id\u0151\" \/>\n\t<meta name=\"twitter:data1\" content=\"3 perc\" \/>\n<script type=\"application\/ld+json\" class=\"yoast-schema-graph\">{\"@context\":\"https:\/\/schema.org\",\"@graph\":[{\"@type\":\"WebPage\",\"@id\":\"https:\/\/www.electroluxprofessional.com\/hu\/letesitmenyuzemeltetes\/\",\"url\":\"https:\/\/www.electroluxprofessional.com\/hu\/letesitmenyuzemeltetes\/\",\"name\":\"L\u00e9tes\u00edtm\u00e9ny\u00fczemeltet\u00e9s - Electrolux Professional Magyarorsz\u00e1g\",\"isPartOf\":{\"@id\":\"https:\/\/www.electroluxprofessional.com\/hu\/#website\"},\"datePublished\":\"2020-04-20T09:13:03+00:00\",\"dateModified\":\"2025-11-05T15:01:00+00:00\",\"breadcrumb\":{\"@id\":\"https:\/\/www.electroluxprofessional.com\/hu\/letesitmenyuzemeltetes\/#breadcrumb\"},\"inLanguage\":\"hu\",\"potentialAction\":[{\"@type\":\"ReadAction\",\"target\":[\"https:\/\/www.electroluxprofessional.com\/hu\/letesitmenyuzemeltetes\/\"]}]},{\"@type\":\"BreadcrumbList\",\"@id\":\"https:\/\/www.electroluxprofessional.com\/hu\/letesitmenyuzemeltetes\/#breadcrumb\",\"itemListElement\":[{\"@type\":\"ListItem\",\"position\":1,\"name\":\"Home\",\"item\":\"https:\/\/www.electroluxprofessional.com\/hu\/\"},{\"@type\":\"ListItem\",\"position\":2,\"name\":\"L\u00e9tes\u00edtm\u00e9ny\u00fczemeltet\u00e9s\"}]},{\"@type\":\"WebSite\",\"@id\":\"https:\/\/www.electroluxprofessional.com\/hu\/#website\",\"url\":\"https:\/\/www.electroluxprofessional.com\/hu\/\",\"name\":\"Electrolux Professional Magyarorsz\u00e1g\",\"description\":\"\",\"potentialAction\":[{\"@type\":\"SearchAction\",\"target\":{\"@type\":\"EntryPoint\",\"urlTemplate\":\"https:\/\/www.electroluxprofessional.com\/hu\/?src={search_term_string}\"},\"query-input\":\"required name=search_term_string\"}],\"inLanguage\":\"hu\"}]}<\/script>\n<!-- \/ Yoast SEO plugin. -->","yoast_head_json":{"title":"L\u00e9tes\u00edtm\u00e9ny\u00fczemeltet\u00e9s - Electrolux Professional Magyarorsz\u00e1g","robots":{"index":"index","follow":"follow","max-snippet":"max-snippet:-1","max-image-preview":"max-image-preview:large","max-video-preview":"max-video-preview:-1"},"canonical":"https:\/\/www.electroluxprofessional.com\/hu\/letesitmenyuzemeltetes\/","og_locale":"hu_HU","og_type":"article","og_title":"L\u00e9tes\u00edtm\u00e9ny\u00fczemeltet\u00e9s - Electrolux Professional Magyarorsz\u00e1g","og_description":"[vc_row full_width=&#8221;electroluxpro-full-width-no-padding&#8221; equal_height=&#8221;yes&#8221;][vc_column width=&#8221;1\/2&#8243;][elx_citation name=&#8221;Ralph Thomas, Cleaner&#8221; company=&#8221;&#8221;][elx_heading font_container=&#8221;h1&#8243; font_size=&#8221;h2&#8243; text_color=&#8221;inherit&#8221;]A mikrosz\u00e1las anyagok tiszt\u00edt\u00e1s\u00e1nak szak\u00e9rt\u0151j\u00e9vel a kiv\u00e1l\u00f3 min\u0151s\u00e9g bor\u00edt\u00e9kolhat\u00f3.[\/elx_heading][\/elx_citation][\/vc_column][vc_column width=&#8221;1\/2&#8243;][elx_image_block background_image=&#8221;566&#8243; minimum_height=&#8221;650px&#8221;][\/vc_column][\/vc_row][vc_row full_width=&#8221;electroluxpro-container-no-padding&#8221; css=&#8221;.vc_custom_1473071163127{padding-top: 60px !important;padding-bottom: 60px !important;}&#8221;][vc_column][elx_heading font_container=&#8221;h3&#8243; text_color=&#8221;inherit&#8221; text_align=&#8221;text-center&#8221;]Teljes flexibilit\u00e1s a legmagasabb szint\u0171 min\u0151s\u00e9g mellett. Megold\u00e1st k\u00edn\u00e1lunk mindenfajta l\u00e9tes\u00edtm\u00e9ny\u00fczemeltet\u00e9si szolg\u00e1ltat\u00e1shoz.[\/elx_heading][\/vc_column][\/vc_row][vc_row][vc_column width=&#8221;1\/2&#8243;][elx_image_block background_image=&#8221;621&#8243; minimum_height=&#8221;460px&#8221;][elx_simple_block background_color=&#8221;inherit&#8221;][elx_heading font_container=&#8221;h4&#8243; text_color=&#8221;inherit&#8221;]Mi vigy\u00e1zunk a vagyon\u00e1ra[\/elx_heading][vc_column_text]Szak\u00e9rtelm\u00fcnk a mikrosz\u00e1las anyagok tiszt\u00edt\u00e1sa [&hellip;]","og_url":"https:\/\/www.electroluxprofessional.com\/hu\/letesitmenyuzemeltetes\/","og_site_name":"Electrolux Professional Magyarorsz\u00e1g","article_modified_time":"2025-11-05T15:01:00+00:00","twitter_card":"summary_large_image","twitter_misc":{"Becs\u00fclt olvas\u00e1si id\u0151":"3 perc"},"schema":{"@context":"https:\/\/schema.org","@graph":[{"@type":"WebPage","@id":"https:\/\/www.electroluxprofessional.com\/hu\/letesitmenyuzemeltetes\/","url":"https:\/\/www.electroluxprofessional.com\/hu\/letesitmenyuzemeltetes\/","name":"L\u00e9tes\u00edtm\u00e9ny\u00fczemeltet\u00e9s - Electrolux Professional Magyarorsz\u00e1g","isPartOf":{"@id":"https:\/\/www.electroluxprofessional.com\/hu\/#website"},"datePublished":"2020-04-20T09:13:03+00:00","dateModified":"2025-11-05T15:01:00+00:00","breadcrumb":{"@id":"https:\/\/www.electroluxprofessional.com\/hu\/letesitmenyuzemeltetes\/#breadcrumb"},"inLanguage":"hu","potentialAction":[{"@type":"ReadAction","target":["https:\/\/www.electroluxprofessional.com\/hu\/letesitmenyuzemeltetes\/"]}]},{"@type":"BreadcrumbList","@id":"https:\/\/www.electroluxprofessional.com\/hu\/letesitmenyuzemeltetes\/#breadcrumb","itemListElement":[{"@type":"ListItem","position":1,"name":"Home","item":"https:\/\/www.electroluxprofessional.com\/hu\/"},{"@type":"ListItem","position":2,"name":"L\u00e9tes\u00edtm\u00e9ny\u00fczemeltet\u00e9s"}]},{"@type":"WebSite","@id":"https:\/\/www.electroluxprofessional.com\/hu\/#website","url":"https:\/\/www.electroluxprofessional.com\/hu\/","name":"Electrolux Professional Magyarorsz\u00e1g","description":"","potentialAction":[{"@type":"SearchAction","target":{"@type":"EntryPoint","urlTemplate":"https:\/\/www.electroluxprofessional.com\/hu\/?src={search_term_string}"},"query-input":"required name=search_term_string"}],"inLanguage":"hu"}]}},"_links":{"self":[{"href":"https:\/\/www.electroluxprofessional.com\/hu\/wp-json\/wp\/v2\/pages\/3059"}],"collection":[{"href":"https:\/\/www.electroluxprofessional.com\/hu\/wp-json\/wp\/v2\/pages"}],"about":[{"href":"https:\/\/www.electroluxprofessional.com\/hu\/wp-json\/wp\/v2\/types\/page"}],"author":[{"embeddable":true,"href":"https:\/\/www.electroluxprofessional.com\/hu\/wp-json\/wp\/v2\/users\/3"}],"replies":[{"embeddable":true,"href":"https:\/\/www.electroluxprofessional.com\/hu\/wp-json\/wp\/v2\/comments?post=3059"}],"version-history":[{"count":15,"href":"https:\/\/www.electroluxprofessional.com\/hu\/wp-json\/wp\/v2\/pages\/3059\/revisions"}],"predecessor-version":[{"id":9349,"href":"https:\/\/www.electroluxprofessional.com\/hu\/wp-json\/wp\/v2\/pages\/3059\/revisions\/9349"}],"wp:attachment":[{"href":"https:\/\/www.electroluxprofessional.com\/hu\/wp-json\/wp\/v2\/media?parent=3059"}],"curies":[{"name":"wp","href":"https:\/\/api.w.org\/{rel}","templated":true}]}}