{"id":3048,"date":"2017-05-19T11:43:18","date_gmt":"2017-05-19T11:43:18","guid":{"rendered":"https:\/\/www.electroluxprofessional.com\/hu\/?page_id=3048"},"modified":"2020-04-20T21:31:17","modified_gmt":"2020-04-20T21:31:17","slug":"intelligens-mososzeradagolo-vezerles","status":"publish","type":"page","link":"https:\/\/www.electroluxprofessional.com\/hu\/intelligens-mososzeradagolo-vezerles\/","title":{"rendered":"Intelligens mos\u00f3szeradagol\u00f3 vez\u00e9rl\u00e9s"},"content":{"rendered":"<p>[vc_row full_width=&#8221;electroluxpro-full-width-no-padding&#8221;][vc_column][elx_hero_slider label_text_color=&#8221;inherit&#8221; images=&#8221;815&#8243;][elx_heading font_container=&#8221;h1&#8243; font_size=&#8221;h3&#8243; text_color=&#8221;inherit&#8221;]Intelligens mos\u00f3szeradagol\u00f3 vez\u00e9rl\u00e9s (EDS)[\/elx_heading][vc_column_text]<\/p>\n<h4>Ak\u00e1r 40%-os mos\u00f3szer megtakar\u00edt\u00e1s is el\u00e9rhet\u0151.<\/h4>\n<h4>El\u0151ny\u00f6s a textileknek, k\u00edm\u00e9l\u0151 a p\u00e9nzt\u00e1rc\u00e1j\u00e1nak.<\/h4>\n<p>[\/vc_column_text][\/elx_hero_slider][\/vc_column][\/vc_row][vc_row][vc_column][vc_empty_space height=&#8221;50px&#8221;][\/vc_column][\/vc_row][vc_row][vc_column width=&#8221;1\/2&#8243;][vc_empty_space][elx_heading font_container=&#8221;h3&#8243; font_size=&#8221;h3&#8243; text_color=&#8221;inherit&#8221; css=&#8221;.vc_custom_1495193908812{margin-bottom: 0px !important;border-bottom-width: 0px !important;padding-bottom: 0px !important;}&#8221;]P\u00f6rgesse fel \u00fczlet\u00e9t jelent\u0151s megtakar\u00edt\u00e1ssal[\/elx_heading][vc_empty_space][vc_column_text]Az Electrolux Professional intelligens mos\u00f3szeradagol\u00f3 vez\u00e9rl\u00e9s\u00e9vel (EDS) a mosod\u00e1ja k\u00f6lts\u00e9ghat\u00e9konyabb lesz, mint eddig b\u00e1rmikor.<\/p>\n<p>Teljesen k\u00e9zben tarthatja a mos\u00e1si folyamatot \u00e9s a kiv\u00e1l\u00f3 min\u0151s\u00e9g\u0171 eredm\u00e9ny garant\u00e1lja, hogy v\u00e9ge a mos\u00f3szer t\u00faladagol\u00e1s miatti textilk\u00e1rosod\u00e1snak \u00e9s b\u0151r irrit\u00e1ci\u00f3nak.[\/vc_column_text][\/vc_column][vc_column width=&#8221;1\/2&#8243;][vc_single_image image=&#8221;813&#8243; img_size=&#8221;full&#8221;][\/vc_column][\/vc_row][vc_row][vc_column][vc_empty_space height=&#8221;50px&#8221;][elx_heading font_size=&#8221;h3&#8243; text_color=&#8221;inherit&#8221;]Az Intelligens mos\u00f3szeradagol\u00f3 vez\u00e9rl\u00e9s (EDS) biztos\u00edtja a legjobb min\u0151s\u00e9g\u0171 mos\u00e1st a legolcs\u00f3bb mos\u00e1si ciklussal.[\/elx_heading][\/vc_column][\/vc_row][vc_row content_placement=&#8221;middle&#8221;][vc_column width=&#8221;1\/2&#8243; css=&#8221;.vc_custom_1473755632352{padding-top: 50px !important;}&#8221;][vc_column_text]<\/p>\n<h4>A pontos t\u00f6ltets\u00faly ismerete n\u00e9lk\u00fcl\u00f6zhetetlen<\/h4>\n<p>Az automatikus s\u00falym\u00e9r\u0151 rendszer (ASS) meghat\u00e1rozza a t\u00f6ltet s\u00faly\u00e1t mindegyik mos\u00e1si ciklus kezdet\u00e9n, majd megfelel\u0151 mennyis\u00e9g\u0171 vizet adagol hozz\u00e1.<\/p>\n<h4>Intelligens mos\u00f3szeradagol\u00f3 vez\u00e9rl\u00e9s (EDS)<\/h4>\n<p>Hat\u00e9kony kommunik\u00e1ci\u00f3t tesz lehet\u0151v\u00e9 a mos\u00f3g\u00e9p \u00e9s a mos\u00f3szer adagol\u00f3 k\u00f6z\u00f6tt. Kisz\u00e1m\u00edtja a mos\u00f3szer pontos mennyis\u00e9g\u00e9t a t\u00f6ltets\u00falyt\u00f3l \u00e9s a kiv\u00e1lasztott mos\u00f3programt\u00f3l f\u00fcgg\u0151en.<\/p>\n<h4>Statisztik\u00e1k \u00e9s k\u00f6lts\u00e9gek nyomon k\u00f6vet\u00e9se<\/h4>\n<p>A rendszer hozz\u00e1f\u00e9r\u00e9st biztos\u00edt a statisztik\u00e1khoz seg\u00edtve a k\u00f6lts\u00e9gek nyomon k\u00f6vet\u00e9s\u00e9t USB csatlakoz\u00f3n kereszt\u00fcl.[\/vc_column_text][\/vc_column][vc_column width=&#8221;1\/2&#8243; css=&#8221;.vc_custom_1473758266855{padding-top: 50px !important;}&#8221;][vc_single_image image=&#8221;814&#8243; img_size=&#8221;full&#8221;][\/vc_column][\/vc_row][vc_row][vc_column][vc_empty_space height=&#8221;50px&#8221;][\/vc_column][\/vc_row][vc_row][vc_column width=&#8221;1\/3&#8243;][elx_download_block text=&#8221; Adagol\u00f3rendszer sz\u00f3r\u00f3lap&#8221; link=&#8221;files.professional.electrolux.com\/docs\/?n=CLF-9JE00056&amp;b=5&amp;l=1&#8243; reveal_effect=&#8221;&#8221; reveal_duration=&#8221;&#8221; reveal_delay=&#8221;&#8221;][\/vc_column][vc_column width=&#8221;1\/3&#8243;][elx_download_block text=&#8221;Term\u00e9k adatlap&#8221; link=&#8221;http:\/\/tools.professional.electrolux.com\/Mirror\/Doc\/ELS\/PDS\/PS_438919468EN_EDS%20Efficient%20Dosing%20System_EN.pdf&#8221; reveal_effect=&#8221;&#8221; reveal_duration=&#8221;&#8221; reveal_delay=&#8221;&#8221;][\/vc_column][vc_column width=&#8221;1\/3&#8243;][elx_video_block background_image=&#8221;1681&#8243; video_link=&#8221;https:\/\/www.youtube.com\/watch?v=6-wCdqDR9I8&#8243; minimum_height=&#8221;260px&#8221;][vc_column_text]<\/p>\n<div id=\"watch7-headline\" class=\"clearfix\">\n<div id=\"watch-headline-title\">\n<p class=\"watch-title-container\">Intelligens mos\u00f3szeradagol\u00f3 vez\u00e9rl\u00e9s (EDS)<\/p>\n<\/div>\n<\/div>\n<p>[\/vc_column_text][\/vc_column][\/vc_row][vc_row][vc_column][elx_heading text_color=&#8221;inherit&#8221; text_align=&#8221;text-center&#8221;]Fedezze fel az intelligens mos\u00f3szeradagol\u00f3 vez\u00e9rl\u00e9s el\u0151nyeit![\/elx_heading][elx_o2000_contact_us r=&#8221;Szeretn\u00e9k t\u00f6bb inform\u00e1ci\u00f3t kapni err\u0151l a term\u00e9kr\u0151l Intelligens mos\u00f3szeradagol\u00f3 vez\u00e9rl\u00e9s. K\u00e9rem, vegy\u00e9k fel velem a kapcsolatot.&#8221; s=&#8221;Inform\u00e1ci\u00f3 k\u00e9r\u00e9s err\u0151l a term\u00e9kr\u0151l Intelligens mos\u00f3szeradagol\u00f3 vez\u00e9rl\u00e9s&#8221; country=&#8221;Hungary&#8221; l=&#8221;hu&#8221; b=&#8221;laundry&#8221; container=&#8221;elxcontactus1473756279&#8243;][vc_empty_space height=&#8221;50px&#8221;][\/vc_column][\/vc_row][vc_row][vc_column][vc_empty_space height=&#8221;50px&#8221;][\/vc_column][\/vc_row]<\/p>\n","protected":false},"excerpt":{"rendered":"<p>[vc_row full_width=&#8221;electroluxpro-full-width-no-padding&#8221;][vc_column][elx_hero_slider label_text_color=&#8221;inherit&#8221; images=&#8221;815&#8243;][elx_heading font_container=&#8221;h1&#8243; font_size=&#8221;h3&#8243; text_color=&#8221;inherit&#8221;]Intelligens mos\u00f3szeradagol\u00f3 vez\u00e9rl\u00e9s (EDS)[\/elx_heading][vc_column_text] Ak\u00e1r 40%-os mos\u00f3szer megtakar\u00edt\u00e1s is el\u00e9rhet\u0151. El\u0151ny\u00f6s a textileknek, k\u00edm\u00e9l\u0151 a p\u00e9nzt\u00e1rc\u00e1j\u00e1nak. [\/vc_column_text][\/elx_hero_slider][\/vc_column][\/vc_row][vc_row][vc_column][vc_empty_space height=&#8221;50px&#8221;][\/vc_column][\/vc_row][vc_row][vc_column width=&#8221;1\/2&#8243;][vc_empty_space][elx_heading font_container=&#8221;h3&#8243; font_size=&#8221;h3&#8243; text_color=&#8221;inherit&#8221; css=&#8221;.vc_custom_1495193908812{margin-bottom: 0px !important;border-bottom-width: 0px !important;padding-bottom: 0px !important;}&#8221;]P\u00f6rgesse fel \u00fczlet\u00e9t jelent\u0151s megtakar\u00edt\u00e1ssal[\/elx_heading][vc_empty_space][vc_column_text]Az Electrolux Professional intelligens mos\u00f3szeradagol\u00f3 vez\u00e9rl\u00e9s\u00e9vel (EDS) a mosod\u00e1ja k\u00f6lts\u00e9ghat\u00e9konyabb lesz, mint eddig b\u00e1rmikor. Teljesen k\u00e9zben tarthatja [&hellip;]<\/p>\n","protected":false},"author":3,"featured_media":0,"parent":0,"menu_order":0,"comment_status":"closed","ping_status":"closed","template":"","meta":{"footnotes":""},"class_list":["post-3048","page","type-page","status-publish","hentry"],"yoast_head":"<!-- This site is optimized with the Yoast SEO plugin v23.3 - https:\/\/yoast.com\/wordpress\/plugins\/seo\/ -->\n<title>Intelligens mos\u00f3szeradagol\u00f3 vez\u00e9rl\u00e9s - Electrolux Professional Magyarorsz\u00e1g<\/title>\n<meta name=\"robots\" content=\"index, follow, max-snippet:-1, max-image-preview:large, max-video-preview:-1\" \/>\n<link rel=\"canonical\" href=\"https:\/\/www.electroluxprofessional.com\/hu\/intelligens-mososzeradagolo-vezerles\/\" \/>\n<meta property=\"og:locale\" content=\"hu_HU\" \/>\n<meta property=\"og:type\" content=\"article\" \/>\n<meta property=\"og:title\" content=\"Intelligens mos\u00f3szeradagol\u00f3 vez\u00e9rl\u00e9s - Electrolux Professional Magyarorsz\u00e1g\" \/>\n<meta property=\"og:description\" content=\"[vc_row full_width=&#8221;electroluxpro-full-width-no-padding&#8221;][vc_column][elx_hero_slider label_text_color=&#8221;inherit&#8221; images=&#8221;815&#8243;][elx_heading font_container=&#8221;h1&#8243; font_size=&#8221;h3&#8243; text_color=&#8221;inherit&#8221;]Intelligens mos\u00f3szeradagol\u00f3 vez\u00e9rl\u00e9s (EDS)[\/elx_heading][vc_column_text] Ak\u00e1r 40%-os mos\u00f3szer megtakar\u00edt\u00e1s is el\u00e9rhet\u0151. El\u0151ny\u00f6s a textileknek, k\u00edm\u00e9l\u0151 a p\u00e9nzt\u00e1rc\u00e1j\u00e1nak. [\/vc_column_text][\/elx_hero_slider][\/vc_column][\/vc_row][vc_row][vc_column][vc_empty_space height=&#8221;50px&#8221;][\/vc_column][\/vc_row][vc_row][vc_column width=&#8221;1\/2&#8243;][vc_empty_space][elx_heading font_container=&#8221;h3&#8243; font_size=&#8221;h3&#8243; text_color=&#8221;inherit&#8221; css=&#8221;.vc_custom_1495193908812{margin-bottom: 0px !important;border-bottom-width: 0px !important;padding-bottom: 0px !important;}&#8221;]P\u00f6rgesse fel \u00fczlet\u00e9t jelent\u0151s megtakar\u00edt\u00e1ssal[\/elx_heading][vc_empty_space][vc_column_text]Az Electrolux Professional intelligens mos\u00f3szeradagol\u00f3 vez\u00e9rl\u00e9s\u00e9vel (EDS) a mosod\u00e1ja k\u00f6lts\u00e9ghat\u00e9konyabb lesz, mint eddig b\u00e1rmikor. Teljesen k\u00e9zben tarthatja [&hellip;]\" \/>\n<meta property=\"og:url\" content=\"https:\/\/www.electroluxprofessional.com\/hu\/intelligens-mososzeradagolo-vezerles\/\" \/>\n<meta property=\"og:site_name\" content=\"Electrolux Professional Magyarorsz\u00e1g\" \/>\n<meta property=\"article:modified_time\" content=\"2020-04-20T21:31:17+00:00\" \/>\n<meta name=\"twitter:card\" content=\"summary_large_image\" \/>\n<meta name=\"twitter:label1\" content=\"Becs\u00fclt olvas\u00e1si id\u0151\" \/>\n\t<meta name=\"twitter:data1\" content=\"3 perc\" \/>\n<script type=\"application\/ld+json\" class=\"yoast-schema-graph\">{\"@context\":\"https:\/\/schema.org\",\"@graph\":[{\"@type\":\"WebPage\",\"@id\":\"https:\/\/www.electroluxprofessional.com\/hu\/intelligens-mososzeradagolo-vezerles\/\",\"url\":\"https:\/\/www.electroluxprofessional.com\/hu\/intelligens-mososzeradagolo-vezerles\/\",\"name\":\"Intelligens mos\u00f3szeradagol\u00f3 vez\u00e9rl\u00e9s - Electrolux Professional Magyarorsz\u00e1g\",\"isPartOf\":{\"@id\":\"https:\/\/www.electroluxprofessional.com\/hu\/#website\"},\"datePublished\":\"2017-05-19T11:43:18+00:00\",\"dateModified\":\"2020-04-20T21:31:17+00:00\",\"breadcrumb\":{\"@id\":\"https:\/\/www.electroluxprofessional.com\/hu\/intelligens-mososzeradagolo-vezerles\/#breadcrumb\"},\"inLanguage\":\"hu\",\"potentialAction\":[{\"@type\":\"ReadAction\",\"target\":[\"https:\/\/www.electroluxprofessional.com\/hu\/intelligens-mososzeradagolo-vezerles\/\"]}]},{\"@type\":\"BreadcrumbList\",\"@id\":\"https:\/\/www.electroluxprofessional.com\/hu\/intelligens-mososzeradagolo-vezerles\/#breadcrumb\",\"itemListElement\":[{\"@type\":\"ListItem\",\"position\":1,\"name\":\"Home\",\"item\":\"https:\/\/www.electroluxprofessional.com\/hu\/\"},{\"@type\":\"ListItem\",\"position\":2,\"name\":\"Intelligens mos\u00f3szeradagol\u00f3 vez\u00e9rl\u00e9s\"}]},{\"@type\":\"WebSite\",\"@id\":\"https:\/\/www.electroluxprofessional.com\/hu\/#website\",\"url\":\"https:\/\/www.electroluxprofessional.com\/hu\/\",\"name\":\"Electrolux Professional Magyarorsz\u00e1g\",\"description\":\"\",\"potentialAction\":[{\"@type\":\"SearchAction\",\"target\":{\"@type\":\"EntryPoint\",\"urlTemplate\":\"https:\/\/www.electroluxprofessional.com\/hu\/?src={search_term_string}\"},\"query-input\":\"required name=search_term_string\"}],\"inLanguage\":\"hu\"}]}<\/script>\n<!-- \/ Yoast SEO plugin. -->","yoast_head_json":{"title":"Intelligens mos\u00f3szeradagol\u00f3 vez\u00e9rl\u00e9s - Electrolux Professional Magyarorsz\u00e1g","robots":{"index":"index","follow":"follow","max-snippet":"max-snippet:-1","max-image-preview":"max-image-preview:large","max-video-preview":"max-video-preview:-1"},"canonical":"https:\/\/www.electroluxprofessional.com\/hu\/intelligens-mososzeradagolo-vezerles\/","og_locale":"hu_HU","og_type":"article","og_title":"Intelligens mos\u00f3szeradagol\u00f3 vez\u00e9rl\u00e9s - Electrolux Professional Magyarorsz\u00e1g","og_description":"[vc_row full_width=&#8221;electroluxpro-full-width-no-padding&#8221;][vc_column][elx_hero_slider label_text_color=&#8221;inherit&#8221; images=&#8221;815&#8243;][elx_heading font_container=&#8221;h1&#8243; font_size=&#8221;h3&#8243; text_color=&#8221;inherit&#8221;]Intelligens mos\u00f3szeradagol\u00f3 vez\u00e9rl\u00e9s (EDS)[\/elx_heading][vc_column_text] Ak\u00e1r 40%-os mos\u00f3szer megtakar\u00edt\u00e1s is el\u00e9rhet\u0151. El\u0151ny\u00f6s a textileknek, k\u00edm\u00e9l\u0151 a p\u00e9nzt\u00e1rc\u00e1j\u00e1nak. [\/vc_column_text][\/elx_hero_slider][\/vc_column][\/vc_row][vc_row][vc_column][vc_empty_space height=&#8221;50px&#8221;][\/vc_column][\/vc_row][vc_row][vc_column width=&#8221;1\/2&#8243;][vc_empty_space][elx_heading font_container=&#8221;h3&#8243; font_size=&#8221;h3&#8243; text_color=&#8221;inherit&#8221; css=&#8221;.vc_custom_1495193908812{margin-bottom: 0px !important;border-bottom-width: 0px !important;padding-bottom: 0px !important;}&#8221;]P\u00f6rgesse fel \u00fczlet\u00e9t jelent\u0151s megtakar\u00edt\u00e1ssal[\/elx_heading][vc_empty_space][vc_column_text]Az Electrolux Professional intelligens mos\u00f3szeradagol\u00f3 vez\u00e9rl\u00e9s\u00e9vel (EDS) a mosod\u00e1ja k\u00f6lts\u00e9ghat\u00e9konyabb lesz, mint eddig b\u00e1rmikor. Teljesen k\u00e9zben tarthatja [&hellip;]","og_url":"https:\/\/www.electroluxprofessional.com\/hu\/intelligens-mososzeradagolo-vezerles\/","og_site_name":"Electrolux Professional Magyarorsz\u00e1g","article_modified_time":"2020-04-20T21:31:17+00:00","twitter_card":"summary_large_image","twitter_misc":{"Becs\u00fclt olvas\u00e1si id\u0151":"3 perc"},"schema":{"@context":"https:\/\/schema.org","@graph":[{"@type":"WebPage","@id":"https:\/\/www.electroluxprofessional.com\/hu\/intelligens-mososzeradagolo-vezerles\/","url":"https:\/\/www.electroluxprofessional.com\/hu\/intelligens-mososzeradagolo-vezerles\/","name":"Intelligens mos\u00f3szeradagol\u00f3 vez\u00e9rl\u00e9s - Electrolux Professional Magyarorsz\u00e1g","isPartOf":{"@id":"https:\/\/www.electroluxprofessional.com\/hu\/#website"},"datePublished":"2017-05-19T11:43:18+00:00","dateModified":"2020-04-20T21:31:17+00:00","breadcrumb":{"@id":"https:\/\/www.electroluxprofessional.com\/hu\/intelligens-mososzeradagolo-vezerles\/#breadcrumb"},"inLanguage":"hu","potentialAction":[{"@type":"ReadAction","target":["https:\/\/www.electroluxprofessional.com\/hu\/intelligens-mososzeradagolo-vezerles\/"]}]},{"@type":"BreadcrumbList","@id":"https:\/\/www.electroluxprofessional.com\/hu\/intelligens-mososzeradagolo-vezerles\/#breadcrumb","itemListElement":[{"@type":"ListItem","position":1,"name":"Home","item":"https:\/\/www.electroluxprofessional.com\/hu\/"},{"@type":"ListItem","position":2,"name":"Intelligens mos\u00f3szeradagol\u00f3 vez\u00e9rl\u00e9s"}]},{"@type":"WebSite","@id":"https:\/\/www.electroluxprofessional.com\/hu\/#website","url":"https:\/\/www.electroluxprofessional.com\/hu\/","name":"Electrolux Professional Magyarorsz\u00e1g","description":"","potentialAction":[{"@type":"SearchAction","target":{"@type":"EntryPoint","urlTemplate":"https:\/\/www.electroluxprofessional.com\/hu\/?src={search_term_string}"},"query-input":"required name=search_term_string"}],"inLanguage":"hu"}]}},"_links":{"self":[{"href":"https:\/\/www.electroluxprofessional.com\/hu\/wp-json\/wp\/v2\/pages\/3048"}],"collection":[{"href":"https:\/\/www.electroluxprofessional.com\/hu\/wp-json\/wp\/v2\/pages"}],"about":[{"href":"https:\/\/www.electroluxprofessional.com\/hu\/wp-json\/wp\/v2\/types\/page"}],"author":[{"embeddable":true,"href":"https:\/\/www.electroluxprofessional.com\/hu\/wp-json\/wp\/v2\/users\/3"}],"replies":[{"embeddable":true,"href":"https:\/\/www.electroluxprofessional.com\/hu\/wp-json\/wp\/v2\/comments?post=3048"}],"version-history":[{"count":12,"href":"https:\/\/www.electroluxprofessional.com\/hu\/wp-json\/wp\/v2\/pages\/3048\/revisions"}],"predecessor-version":[{"id":5070,"href":"https:\/\/www.electroluxprofessional.com\/hu\/wp-json\/wp\/v2\/pages\/3048\/revisions\/5070"}],"wp:attachment":[{"href":"https:\/\/www.electroluxprofessional.com\/hu\/wp-json\/wp\/v2\/media?parent=3048"}],"curies":[{"name":"wp","href":"https:\/\/api.w.org\/{rel}","templated":true}]}}