{"id":3033,"date":"2017-05-19T11:32:32","date_gmt":"2017-05-19T11:32:32","guid":{"rendered":"https:\/\/www.electroluxprofessional.com\/hu\/?page_id=3033"},"modified":"2025-11-05T14:57:37","modified_gmt":"2025-11-05T14:57:37","slug":"szaritoszekrenyek","status":"publish","type":"page","link":"https:\/\/www.electroluxprofessional.com\/hu\/szaritoszekrenyek\/","title":{"rendered":"Sz\u00e1r\u00edt\u00f3szekr\u00e9nyek"},"content":{"rendered":"<p>[vc_row full_width=&#8221;electroluxpro-full-width-no-padding&#8221;][vc_column][elx_hero_slider label_text_color=&#8221;inherit&#8221; images=&#8221;1745&#8243;][elx_heading font_container=&#8221;h1&#8243; font_size=&#8221;h4&#8243; text_color=&#8221;inherit&#8221;]Sz\u00e1r\u00edt\u00f3szekr\u00e9nyek[\/elx_heading][vc_column_text]<\/p>\n<h3>Rendk\u00edv\u00fcli rugalmass\u00e1g a sz\u00e1r\u00edt\u00e1sban<\/h3>\n<p>[\/vc_column_text][\/elx_hero_slider][\/vc_column][\/vc_row][vc_row][vc_column][vc_empty_space][\/vc_column][\/vc_row][vc_row][vc_column width=&#8221;1\/2&#8243;][vc_empty_space][elx_image_block background_image=&#8221;875&#8243; minimum_height=&#8221;700px&#8221;][\/vc_column][vc_column width=&#8221;1\/2&#8243;][elx_heading text_color=&#8221;inherit&#8221;]Sz\u00e1r\u00edt\u00f3szekr\u00e9nyek min\u0151s\u00e9gi textilkezel\u00e9shez, b\u00e1rmilyen alkalmaz\u00e1sra[\/elx_heading][vc_empty_space height=&#8221;10px&#8221;][vc_column_text]K\u00e9nyes textilek k\u00edm\u00e9l\u0151 sz\u00e1r\u00edt\u00e1sa, mint p\u00e9ld\u00e1ul a gyapj\u00fa, b\u00e1rsony, selyem, \u00e9s m\u00e1s neh\u00e9z anyagok.<br \/>\nOlyan esetekben \u00e9rdemes alkalmazni, amikor a g\u00e9pi sz\u00e1r\u00edt\u00e1s a mechanikai hat\u00e1sok miatt nem javasolt, mint v\u00e9d\u0151ruha \u00e9s sportruh\u00e1zat, valamint csizm\u00e1k \u00e9s keszty\u0171k sz\u00e1r\u00edt\u00e1sakor.<\/p>\n<p>\u00dcgyfelei megnyugodhatnak.[\/vc_column_text][elx_image_block background_image=&#8221;1742&#8243; minimum_height=&#8221;320px&#8221;][\/vc_column][\/vc_row][vc_row][vc_column][vc_empty_space][elx_heading text_color=&#8221;inherit&#8221;]K\u00e9nyes ruh\u00e1zat sz\u00e1r\u00edt\u00e1sa mechanikai hat\u00e1s n\u00e9lk\u00fcl[\/elx_heading][\/vc_column][\/vc_row][vc_row][vc_column width=&#8221;1\/2&#8243;][vc_column_text]<\/p>\n<h3>Rendk\u00edv\u00fcli rugalmass\u00e1g<\/h3>\n<p>K\u00e9nyes ruh\u00e1zat, v\u00e9d\u0151ruh\u00e1k, szabadt\u00e9ri viselet \u00e9s nagym\u00e9ret\u0171 anyagok sz\u00e1r\u00edt\u00e1s\u00e1ra tervezt\u00e9k.<\/p>\n<h3>Min\u0151s\u00e9g \u00e9s k\u00edm\u00e9l\u0151 kezel\u00e9s<\/h3>\n<p>Cs\u00facsmin\u0151s\u00e9g\u0171 sz\u00e1r\u00edt\u00e1s \u00e9s textilkezel\u00e9s, a mechanikai hat\u00e1s n\u00e9lk\u00fcli k\u00edm\u00e9l\u0151 sz\u00e1r\u00edt\u00e1snak k\u00f6sz\u00f6nhet\u0151en.<\/p>\n<h3>Id\u0151t \u00e9s p\u00e9nzt takar\u00edt meg<\/h3>\n<p>Gyors \u00e9s k\u00edm\u00e9l\u0151 sz\u00e1r\u00edt\u00e1s, gyorsabb \u00e9s hat\u00e9konyabb, mint fogasra akasztva vagy fektetve. Ez\u00e1ltal megn\u0151 a ruh\u00e1zat \u00e9lettartama.<\/p>\n<h3>Kieg\u00e9sz\u00edt\u0151k<\/h3>\n<p>A legjobb helykihaszn\u00e1l\u00e1s<br \/>\n\u00e9s t\u00f6k\u00e9letes sz\u00e1r\u00edt\u00e1s \u00e9rdek\u00e9ben:<br \/>\n\u2013 Fogasok<br \/>\n\u2013 Cip\u0151tart\u00f3 polcok<br \/>\n\u2013 Keszty\u0171tart\u00f3k[\/vc_column_text][\/vc_column][vc_column width=&#8221;1\/2&#8243;][elx_image_block background_image=&#8221;874&#8243; minimum_height=&#8221;640px&#8221;][\/vc_column][\/vc_row][vc_row][vc_column width=&#8221;1\/2&#8243;][elx_image_block background_image=&#8221;1743&#8243; minimum_height=&#8221;300px&#8221;][\/vc_column][vc_column width=&#8221;1\/2&#8243;][elx_image_block background_image=&#8221;1744&#8243; minimum_height=&#8221;300px&#8221;][\/vc_column][\/vc_row][vc_row][vc_column][vc_empty_space height=&#8221;50px&#8221;][elx_heading text_color=&#8221;inherit&#8221; text_align=&#8221;text-center&#8221;]Fedezze fel a sz\u00e1r\u00edt\u00f3szekr\u00e9nyek el\u0151nyeit![\/elx_heading][elx_o2000_contact_us r=&#8221;I would like to find out more about Drying Cabinets. Please get in touch with me.&#8221; s=&#8221;Request of information about Drying Cabinets&#8221; b=&#8221;laundry&#8221; container=&#8221;elxcontactus1478698480&#8243;][vc_empty_space height=&#8221;50px&#8221;][\/vc_column][\/vc_row][vc_row][vc_column][vc_empty_space height=&#8221;50px&#8221;][\/vc_column][\/vc_row][vc_row][vc_column width=&#8221;1\/3&#8243;][elx_maylike_box id_box=&#8221;3710&#8243; matched_labels=&#8221;&#8221;][\/vc_column][vc_column width=&#8221;1\/3&#8243;][elx_maylike_box id_box=&#8221;3693&#8243; matched_labels=&#8221;&#8221;][\/vc_column][vc_column width=&#8221;1\/3&#8243;][elx_maylike_box id_box=&#8221;3674&#8243; matched_labels=&#8221;&#8221;][\/vc_column][\/vc_row]<\/p>\n","protected":false},"excerpt":{"rendered":"<p>[vc_row full_width=&#8221;electroluxpro-full-width-no-padding&#8221;][vc_column][elx_hero_slider label_text_color=&#8221;inherit&#8221; images=&#8221;1745&#8243;][elx_heading font_container=&#8221;h1&#8243; font_size=&#8221;h4&#8243; text_color=&#8221;inherit&#8221;]Sz\u00e1r\u00edt\u00f3szekr\u00e9nyek[\/elx_heading][vc_column_text] Rendk\u00edv\u00fcli rugalmass\u00e1g a sz\u00e1r\u00edt\u00e1sban [\/vc_column_text][\/elx_hero_slider][\/vc_column][\/vc_row][vc_row][vc_column][vc_empty_space][\/vc_column][\/vc_row][vc_row][vc_column width=&#8221;1\/2&#8243;][vc_empty_space][elx_image_block background_image=&#8221;875&#8243; minimum_height=&#8221;700px&#8221;][\/vc_column][vc_column width=&#8221;1\/2&#8243;][elx_heading text_color=&#8221;inherit&#8221;]Sz\u00e1r\u00edt\u00f3szekr\u00e9nyek min\u0151s\u00e9gi textilkezel\u00e9shez, b\u00e1rmilyen alkalmaz\u00e1sra[\/elx_heading][vc_empty_space height=&#8221;10px&#8221;][vc_column_text]K\u00e9nyes textilek k\u00edm\u00e9l\u0151 sz\u00e1r\u00edt\u00e1sa, mint p\u00e9ld\u00e1ul a gyapj\u00fa, b\u00e1rsony, selyem, \u00e9s m\u00e1s neh\u00e9z anyagok. Olyan esetekben \u00e9rdemes alkalmazni, amikor a g\u00e9pi sz\u00e1r\u00edt\u00e1s a mechanikai hat\u00e1sok miatt nem javasolt, mint v\u00e9d\u0151ruha \u00e9s sportruh\u00e1zat, valamint csizm\u00e1k [&hellip;]<\/p>\n","protected":false},"author":3,"featured_media":0,"parent":0,"menu_order":0,"comment_status":"closed","ping_status":"closed","template":"","meta":{"footnotes":""},"class_list":["post-3033","page","type-page","status-publish","hentry"],"yoast_head":"<!-- This site is optimized with the Yoast SEO plugin v23.3 - https:\/\/yoast.com\/wordpress\/plugins\/seo\/ -->\n<title>Sz\u00e1r\u00edt\u00f3szekr\u00e9nyek - Electrolux Professional Magyarorsz\u00e1g<\/title>\n<meta name=\"robots\" content=\"index, follow, max-snippet:-1, max-image-preview:large, max-video-preview:-1\" \/>\n<link rel=\"canonical\" href=\"https:\/\/www.electroluxprofessional.com\/hu\/szaritoszekrenyek\/\" \/>\n<meta property=\"og:locale\" content=\"hu_HU\" \/>\n<meta property=\"og:type\" content=\"article\" \/>\n<meta property=\"og:title\" content=\"Sz\u00e1r\u00edt\u00f3szekr\u00e9nyek - Electrolux Professional Magyarorsz\u00e1g\" \/>\n<meta property=\"og:description\" content=\"[vc_row full_width=&#8221;electroluxpro-full-width-no-padding&#8221;][vc_column][elx_hero_slider label_text_color=&#8221;inherit&#8221; images=&#8221;1745&#8243;][elx_heading font_container=&#8221;h1&#8243; font_size=&#8221;h4&#8243; text_color=&#8221;inherit&#8221;]Sz\u00e1r\u00edt\u00f3szekr\u00e9nyek[\/elx_heading][vc_column_text] Rendk\u00edv\u00fcli rugalmass\u00e1g a sz\u00e1r\u00edt\u00e1sban [\/vc_column_text][\/elx_hero_slider][\/vc_column][\/vc_row][vc_row][vc_column][vc_empty_space][\/vc_column][\/vc_row][vc_row][vc_column width=&#8221;1\/2&#8243;][vc_empty_space][elx_image_block background_image=&#8221;875&#8243; minimum_height=&#8221;700px&#8221;][\/vc_column][vc_column width=&#8221;1\/2&#8243;][elx_heading text_color=&#8221;inherit&#8221;]Sz\u00e1r\u00edt\u00f3szekr\u00e9nyek min\u0151s\u00e9gi textilkezel\u00e9shez, b\u00e1rmilyen alkalmaz\u00e1sra[\/elx_heading][vc_empty_space height=&#8221;10px&#8221;][vc_column_text]K\u00e9nyes textilek k\u00edm\u00e9l\u0151 sz\u00e1r\u00edt\u00e1sa, mint p\u00e9ld\u00e1ul a gyapj\u00fa, b\u00e1rsony, selyem, \u00e9s m\u00e1s neh\u00e9z anyagok. Olyan esetekben \u00e9rdemes alkalmazni, amikor a g\u00e9pi sz\u00e1r\u00edt\u00e1s a mechanikai hat\u00e1sok miatt nem javasolt, mint v\u00e9d\u0151ruha \u00e9s sportruh\u00e1zat, valamint csizm\u00e1k [&hellip;]\" \/>\n<meta property=\"og:url\" content=\"https:\/\/www.electroluxprofessional.com\/hu\/szaritoszekrenyek\/\" \/>\n<meta property=\"og:site_name\" content=\"Electrolux Professional Magyarorsz\u00e1g\" \/>\n<meta property=\"article:modified_time\" content=\"2025-11-05T14:57:37+00:00\" \/>\n<meta name=\"twitter:card\" content=\"summary_large_image\" \/>\n<meta name=\"twitter:label1\" content=\"Becs\u00fclt olvas\u00e1si id\u0151\" \/>\n\t<meta name=\"twitter:data1\" content=\"1 perc\" \/>\n<script type=\"application\/ld+json\" class=\"yoast-schema-graph\">{\"@context\":\"https:\/\/schema.org\",\"@graph\":[{\"@type\":\"WebPage\",\"@id\":\"https:\/\/www.electroluxprofessional.com\/hu\/szaritoszekrenyek\/\",\"url\":\"https:\/\/www.electroluxprofessional.com\/hu\/szaritoszekrenyek\/\",\"name\":\"Sz\u00e1r\u00edt\u00f3szekr\u00e9nyek - Electrolux Professional Magyarorsz\u00e1g\",\"isPartOf\":{\"@id\":\"https:\/\/www.electroluxprofessional.com\/hu\/#website\"},\"datePublished\":\"2017-05-19T11:32:32+00:00\",\"dateModified\":\"2025-11-05T14:57:37+00:00\",\"breadcrumb\":{\"@id\":\"https:\/\/www.electroluxprofessional.com\/hu\/szaritoszekrenyek\/#breadcrumb\"},\"inLanguage\":\"hu\",\"potentialAction\":[{\"@type\":\"ReadAction\",\"target\":[\"https:\/\/www.electroluxprofessional.com\/hu\/szaritoszekrenyek\/\"]}]},{\"@type\":\"BreadcrumbList\",\"@id\":\"https:\/\/www.electroluxprofessional.com\/hu\/szaritoszekrenyek\/#breadcrumb\",\"itemListElement\":[{\"@type\":\"ListItem\",\"position\":1,\"name\":\"Home\",\"item\":\"https:\/\/www.electroluxprofessional.com\/hu\/\"},{\"@type\":\"ListItem\",\"position\":2,\"name\":\"Sz\u00e1r\u00edt\u00f3szekr\u00e9nyek\"}]},{\"@type\":\"WebSite\",\"@id\":\"https:\/\/www.electroluxprofessional.com\/hu\/#website\",\"url\":\"https:\/\/www.electroluxprofessional.com\/hu\/\",\"name\":\"Electrolux Professional Magyarorsz\u00e1g\",\"description\":\"\",\"potentialAction\":[{\"@type\":\"SearchAction\",\"target\":{\"@type\":\"EntryPoint\",\"urlTemplate\":\"https:\/\/www.electroluxprofessional.com\/hu\/?src={search_term_string}\"},\"query-input\":\"required name=search_term_string\"}],\"inLanguage\":\"hu\"}]}<\/script>\n<!-- \/ Yoast SEO plugin. -->","yoast_head_json":{"title":"Sz\u00e1r\u00edt\u00f3szekr\u00e9nyek - Electrolux Professional Magyarorsz\u00e1g","robots":{"index":"index","follow":"follow","max-snippet":"max-snippet:-1","max-image-preview":"max-image-preview:large","max-video-preview":"max-video-preview:-1"},"canonical":"https:\/\/www.electroluxprofessional.com\/hu\/szaritoszekrenyek\/","og_locale":"hu_HU","og_type":"article","og_title":"Sz\u00e1r\u00edt\u00f3szekr\u00e9nyek - Electrolux Professional Magyarorsz\u00e1g","og_description":"[vc_row full_width=&#8221;electroluxpro-full-width-no-padding&#8221;][vc_column][elx_hero_slider label_text_color=&#8221;inherit&#8221; images=&#8221;1745&#8243;][elx_heading font_container=&#8221;h1&#8243; font_size=&#8221;h4&#8243; text_color=&#8221;inherit&#8221;]Sz\u00e1r\u00edt\u00f3szekr\u00e9nyek[\/elx_heading][vc_column_text] Rendk\u00edv\u00fcli rugalmass\u00e1g a sz\u00e1r\u00edt\u00e1sban [\/vc_column_text][\/elx_hero_slider][\/vc_column][\/vc_row][vc_row][vc_column][vc_empty_space][\/vc_column][\/vc_row][vc_row][vc_column width=&#8221;1\/2&#8243;][vc_empty_space][elx_image_block background_image=&#8221;875&#8243; minimum_height=&#8221;700px&#8221;][\/vc_column][vc_column width=&#8221;1\/2&#8243;][elx_heading text_color=&#8221;inherit&#8221;]Sz\u00e1r\u00edt\u00f3szekr\u00e9nyek min\u0151s\u00e9gi textilkezel\u00e9shez, b\u00e1rmilyen alkalmaz\u00e1sra[\/elx_heading][vc_empty_space height=&#8221;10px&#8221;][vc_column_text]K\u00e9nyes textilek k\u00edm\u00e9l\u0151 sz\u00e1r\u00edt\u00e1sa, mint p\u00e9ld\u00e1ul a gyapj\u00fa, b\u00e1rsony, selyem, \u00e9s m\u00e1s neh\u00e9z anyagok. Olyan esetekben \u00e9rdemes alkalmazni, amikor a g\u00e9pi sz\u00e1r\u00edt\u00e1s a mechanikai hat\u00e1sok miatt nem javasolt, mint v\u00e9d\u0151ruha \u00e9s sportruh\u00e1zat, valamint csizm\u00e1k [&hellip;]","og_url":"https:\/\/www.electroluxprofessional.com\/hu\/szaritoszekrenyek\/","og_site_name":"Electrolux Professional Magyarorsz\u00e1g","article_modified_time":"2025-11-05T14:57:37+00:00","twitter_card":"summary_large_image","twitter_misc":{"Becs\u00fclt olvas\u00e1si id\u0151":"1 perc"},"schema":{"@context":"https:\/\/schema.org","@graph":[{"@type":"WebPage","@id":"https:\/\/www.electroluxprofessional.com\/hu\/szaritoszekrenyek\/","url":"https:\/\/www.electroluxprofessional.com\/hu\/szaritoszekrenyek\/","name":"Sz\u00e1r\u00edt\u00f3szekr\u00e9nyek - Electrolux Professional Magyarorsz\u00e1g","isPartOf":{"@id":"https:\/\/www.electroluxprofessional.com\/hu\/#website"},"datePublished":"2017-05-19T11:32:32+00:00","dateModified":"2025-11-05T14:57:37+00:00","breadcrumb":{"@id":"https:\/\/www.electroluxprofessional.com\/hu\/szaritoszekrenyek\/#breadcrumb"},"inLanguage":"hu","potentialAction":[{"@type":"ReadAction","target":["https:\/\/www.electroluxprofessional.com\/hu\/szaritoszekrenyek\/"]}]},{"@type":"BreadcrumbList","@id":"https:\/\/www.electroluxprofessional.com\/hu\/szaritoszekrenyek\/#breadcrumb","itemListElement":[{"@type":"ListItem","position":1,"name":"Home","item":"https:\/\/www.electroluxprofessional.com\/hu\/"},{"@type":"ListItem","position":2,"name":"Sz\u00e1r\u00edt\u00f3szekr\u00e9nyek"}]},{"@type":"WebSite","@id":"https:\/\/www.electroluxprofessional.com\/hu\/#website","url":"https:\/\/www.electroluxprofessional.com\/hu\/","name":"Electrolux Professional Magyarorsz\u00e1g","description":"","potentialAction":[{"@type":"SearchAction","target":{"@type":"EntryPoint","urlTemplate":"https:\/\/www.electroluxprofessional.com\/hu\/?src={search_term_string}"},"query-input":"required name=search_term_string"}],"inLanguage":"hu"}]}},"_links":{"self":[{"href":"https:\/\/www.electroluxprofessional.com\/hu\/wp-json\/wp\/v2\/pages\/3033"}],"collection":[{"href":"https:\/\/www.electroluxprofessional.com\/hu\/wp-json\/wp\/v2\/pages"}],"about":[{"href":"https:\/\/www.electroluxprofessional.com\/hu\/wp-json\/wp\/v2\/types\/page"}],"author":[{"embeddable":true,"href":"https:\/\/www.electroluxprofessional.com\/hu\/wp-json\/wp\/v2\/users\/3"}],"replies":[{"embeddable":true,"href":"https:\/\/www.electroluxprofessional.com\/hu\/wp-json\/wp\/v2\/comments?post=3033"}],"version-history":[{"count":11,"href":"https:\/\/www.electroluxprofessional.com\/hu\/wp-json\/wp\/v2\/pages\/3033\/revisions"}],"predecessor-version":[{"id":9338,"href":"https:\/\/www.electroluxprofessional.com\/hu\/wp-json\/wp\/v2\/pages\/3033\/revisions\/9338"}],"wp:attachment":[{"href":"https:\/\/www.electroluxprofessional.com\/hu\/wp-json\/wp\/v2\/media?parent=3033"}],"curies":[{"name":"wp","href":"https:\/\/api.w.org\/{rel}","templated":true}]}}