{"id":3011,"date":"2017-05-19T11:25:54","date_gmt":"2017-05-19T11:25:54","guid":{"rendered":"https:\/\/www.electroluxprofessional.com\/hu\/?page_id=3011"},"modified":"2025-11-05T15:01:52","modified_gmt":"2025-11-05T15:01:52","slug":"ermebedobos-mosoda","status":"publish","type":"page","link":"https:\/\/www.electroluxprofessional.com\/hu\/ermebedobos-mosoda\/","title":{"rendered":"\u00c9rmebedob\u00f3s mosoda"},"content":{"rendered":"<p>[vc_row full_width=&#8221;electroluxpro-full-width-no-padding&#8221; equal_height=&#8221;yes&#8221;][vc_column width=&#8221;1\/2&#8243;][elx_citation name=&#8221;Susie Boyd, owner of <b>Mr. Bubbles<\/b>&#8221; company=&#8221;Tacoma Washington, USA&#8221;][elx_heading text_color=&#8221;inherit&#8221;]Az Electrolux Professional mosodai berendez\u00e9sei bizony\u00edtottan cs\u00facstart\u00f3k tart\u00f3ss\u00e1gban \u00e9s energiamegtakar\u00edt\u00e1sban.[\/elx_heading][\/elx_citation][\/vc_column][vc_column width=&#8221;1\/2&#8243;][elx_image_block background_image=&#8221;1294&#8243; minimum_height=&#8221;550px&#8221;][\/vc_column][\/vc_row][vc_row][vc_column][vc_empty_space][\/vc_column][\/vc_row][vc_row][vc_column][elx_heading font_container=&#8221;h1&#8243; font_size=&#8221;h2&#8243; text_color=&#8221;inherit&#8221; text_align=&#8221;text-center&#8221;]<strong>\u00c9rmebedob\u00f3s mosoda<\/strong>[\/elx_heading][vc_empty_space][vc_row_inner][vc_column_inner width=&#8221;1\/4&#8243;][elx_heading font_size=&#8221;h5&#8243; text_color=&#8221;inherit&#8221;]Mos\u00f3szalonok[\/elx_heading][\/vc_column_inner][vc_column_inner width=&#8221;1\/4&#8243;][elx_heading font_size=&#8221;h5&#8243; text_color=&#8221;inherit&#8221;]Mobil mosod\u00e1k[\/elx_heading][\/vc_column_inner][vc_column_inner width=&#8221;1\/4&#8243;][elx_heading font_size=&#8221;h5&#8243; text_color=&#8221;inherit&#8221;]Kempingek, tengerj\u00e1r\u00f3k[\/elx_heading][\/vc_column_inner][vc_column_inner width=&#8221;1\/4&#8243;][elx_heading font_size=&#8221;h5&#8243; text_color=&#8221;inherit&#8221;]Mened\u00e9kh\u00e1zak[\/elx_heading][\/vc_column_inner][\/vc_row_inner][vc_row_inner][vc_column_inner width=&#8221;1\/4&#8243;][elx_heading font_size=&#8221;h5&#8243; text_color=&#8221;inherit&#8221;]Aut\u00f3mos\u00f3k, benzinkutak[\/elx_heading][\/vc_column_inner][vc_column_inner width=&#8221;1\/4&#8243;][elx_heading font_size=&#8221;h5&#8243; text_color=&#8221;inherit&#8221;]Szupermarketek[\/elx_heading][\/vc_column_inner][vc_column_inner width=&#8221;1\/4&#8243;][elx_heading font_size=&#8221;h5&#8243; text_color=&#8221;inherit&#8221;]\u00c9ttermek, k\u00e1v\u00e9z\u00f3k[\/elx_heading][\/vc_column_inner][vc_column_inner width=&#8221;1\/4&#8243;][elx_heading font_size=&#8221;h5&#8243; text_color=&#8221;inherit&#8221;]Koll\u00e9giumok[\/elx_heading][\/vc_column_inner][\/vc_row_inner][vc_empty_space][\/vc_column][\/vc_row][vc_row][vc_column width=&#8221;1\/2&#8243;][elx_image_block background_image=&#8221;1936&#8243; minimum_height=&#8221;650px&#8221;][\/vc_column][vc_column width=&#8221;1\/2&#8243;][vc_empty_space][elx_heading font_size=&#8221;h3&#8243; text_color=&#8221;inherit&#8221;]Tervez\u00e9s, telep\u00edt\u00e9s, szerviz, marketing.<\/p>\n<p>V\u00e1llalkoz\u00e1sfejleszt\u00e9s fels\u0151fokon.[\/elx_heading][elx_heading font_size=&#8221;h3&#8243; text_color=&#8221;inherit&#8221;]T\u00f6bbet k\u00edn\u00e1lunk, mint egyszer\u0171en csak g\u00e9peket.[\/elx_heading][vc_empty_space][vc_column_text]<\/p>\n<ul>\n<li><strong>Hat\u00e9kony \u00e9s gyors<\/strong><\/li>\n<li><strong>Kiv\u00e1l\u00f3 min\u0151s\u00e9g<\/strong><\/li>\n<li><strong>Nagyobb kapacit\u00e1s<\/strong><\/li>\n<li><strong>Biztons\u00e1gos mosodai helyis\u00e9g<\/strong><\/li>\n<\/ul>\n<p>[\/vc_column_text][\/vc_column][\/vc_row][vc_row][vc_column][vc_empty_space][\/vc_column][\/vc_row][vc_row equal_height=&#8221;yes&#8221;][vc_column width=&#8221;1\/2&#8243;][vc_row_inner][vc_column_inner width=&#8221;1\/2&#8243;][vc_column_text]<\/p>\n<h4><strong>V\u00edz- \u00e9s energia-<\/strong><\/h4>\n<h4><strong>megtakar\u00edt\u00e1s<\/strong><\/h4>\n<p>Mos\u00f3g\u00e9peink\u00a0<strong>Automatic Saving (AS)<\/strong>\u00a0 rendszerrel vannak felszerelve, amely m\u00e9ri a t\u00f6ltet t\u00f6meg\u00e9t \u00e9s meghat\u00e1rozza az adagolt v\u00edz pontos mennyis\u00e9g\u00e9t.[\/vc_column_text][\/vc_column_inner][vc_column_inner width=&#8221;1\/2&#8243;][vc_column_text]<\/p>\n<h4><strong>Cs\u00f6kkentett zaj \u00e9s vibr\u00e1ci\u00f3<\/strong><\/h4>\n<p>A Super Balance prec\u00edzi\u00f3s rendszer automatikusan \u00e9rz\u00e9keli \u00e9s korrig\u00e1lja a mos\u00e1s sor\u00e1n a dobban fell\u00e9p\u0151 kiegyens\u00falyozatlans\u00e1got.[\/vc_column_text][\/vc_column_inner][\/vc_row_inner][vc_row_inner][vc_column_inner width=&#8221;1\/2&#8243;][vc_column_text]<\/p>\n<h4>Biztons\u00e1g \u00e9s megb\u00edzhat\u00f3s\u00e1g<\/h4>\n<p>A mos\u00f3g\u00e9p ajtaj\u00e1nak foganty\u00faja k\u00f6rbefordul, ha valaki megpr\u00f3b\u00e1lja mos\u00e1si ciklus k\u00f6zben kinyitni az ajt\u00f3t.[\/vc_column_text][\/vc_column_inner][vc_column_inner width=&#8221;1\/2&#8243;][vc_column_text]<\/p>\n<h4>Rugalmass\u00e1g \u00e9s kontroll<\/h4>\n<p>A<strong> vez\u00e9rl\u00e9si rendszer\u00fcnk lehet\u0151v\u00e9 teszi a testre szab\u00e1st<\/strong>\u00a0\u00e9s a g\u00e9p programoz\u00e1s\u00e1t a nagyobb rugalmass\u00e1g \u00e9s hat\u00e9konys\u00e1g, valamint az alacsonyabb k\u00f6lts\u00e9gek \u00e9rdek\u00e9ben.[\/vc_column_text][\/vc_column_inner][\/vc_row_inner][\/vc_column][vc_column width=&#8221;1\/2&#8243;][elx_image_block background_image=&#8221;770&#8243; minimum_height=&#8221;500px&#8221;][\/vc_column][\/vc_row][vc_row][vc_column][vc_empty_space][\/vc_column][\/vc_row][vc_row][vc_column width=&#8221;1\/2&#8243;][elx_heading text_color=&#8221;inherit&#8221;]Fizet\u00e9si rendszerek<br \/>\nsz\u00e9les sk\u00e1l\u00e1ja[\/elx_heading][vc_empty_space height=&#8221;15px&#8221;][vc_column_text]<strong>Kezdve a g\u00e9pn\u00e9l t\u00f6rt\u00e9n\u0151 k\u00e1rty\u00e1s, \u00e9rm\u00e9s vagy zsetonos fizet\u00e9st\u0151l, eg\u00e9szen a k\u00f6zponti fizet\u0151rendszerekhez val\u00f3 csatlakoz\u00e1sig.<\/strong>[\/vc_column_text][vc_column_text]A fizet\u0151rendszerek a mos\u00f3g\u00e9pekhez \u00e9s a sz\u00e1r\u00edt\u00f3g\u00e9pekhez rendelhet\u0151k csak \u00e9rmevez\u00e9rl\u0151vel, csak persellyel vagy komplett k\u00e9szletk\u00e9nt \u00e9rmevez\u00e9rl\u0151vel \u00e9s persellyel egyar\u00e1nt.<\/p>\n<p>Mos\u00f3g\u00e9peink \u00e9s sz\u00e1r\u00edt\u00f3g\u00e9peink rendelhet\u0151k a vil\u00e1gon jelenleg fellelhet\u0151 b\u00e1rmilyen fizet\u00e9si rendszerrel kompatibilis csatlakoz\u00e1ssal.[\/vc_column_text][elx_button button_text=&#8221;Tov\u00e1bbi r\u00e9szletek&#8221; button_link=&#8221;url:https%3A%2F%2Fprofessional.electrolux.hu%2Fpayment-systems%2F||target:%20_blank|&#8221;][\/vc_column][vc_column width=&#8221;1\/2&#8243;][elx_image_block background_image=&#8221;771&#8243; minimum_height=&#8221;550px&#8221;][\/vc_column][\/vc_row][vc_row][vc_column][vc_empty_space][\/vc_column][\/vc_row][vc_row][vc_column width=&#8221;1\/2&#8243;][elx_image_block background_image=&#8221;772&#8243; minimum_height=&#8221;500px&#8221;][\/vc_column][vc_column width=&#8221;1\/2&#8243;][elx_heading text_color=&#8221;inherit&#8221;]Sz\u00f6veges inform\u00e1ci\u00f3s rendszer.<br \/>\nTartsa k\u00e9zben az ir\u00e1ny\u00edt\u00e1st![\/elx_heading][vc_empty_space height=&#8221;15px&#8221;][vc_column_text]<strong>A felhaszn\u00e1l\u00f3bar\u00e1t mosoda \u00f6tlet\u00e9nek t\u00f6k\u00e9letes\u00edt\u00e9se.<\/strong>[\/vc_column_text][vc_column_text]A k\u00f6lts\u00e9ges \u00e1ll\u00e1sid\u0151 cs\u00f6kkenthet\u0151 \u00e9s a tervszer\u0171 megel\u0151z\u0151 karbantart\u00e1s is k\u00f6nnyebben tervezhet\u0151, mivel a g\u00e9p m\u0171k\u00f6d\u00e9si \u00e9s szerviz statisztik\u00e1i k\u00f6zvetlen\u00fcl hozz\u00e1f\u00e9rhet\u0151k.<\/p>\n<p>Jobban tudja kontroll\u00e1lni a g\u00e9peit \u00e9s k\u00f6nnyebben tudja beosztani az idej\u00e9t, mivel a rendszer inform\u00e1ci\u00f3t k\u00fcld a g\u00e9p meghib\u00e1sod\u00e1s\u00e1r\u00f3l vagy a karbantart\u00e1s id\u0151szer\u0171s\u00e9g\u00e9r\u0151l.[\/vc_column_text][\/vc_column][\/vc_row][vc_row][vc_column][vc_empty_space height=&#8221;50px&#8221;][\/vc_column][\/vc_row][vc_row][vc_column width=&#8221;1\/3&#8243;][elx_heading font_size=&#8221;h4&#8243; text_color=&#8221;inherit&#8221;]Szabadid\u0151park &#8211; kemping[\/elx_heading][elx_image_block background_image=&#8221;1352&#8243; minimum_height=&#8221;300px&#8221;][elx_heading font_size=&#8221;h5&#8243; text_color=&#8221;inherit&#8221;]<strong>Strandpark De Zeeuwse Kust<\/strong>[\/elx_heading][vc_column_text]<strong>Renesse,\u00a0Hollandia<\/strong><\/p>\n<p>\u201c<em>Kihaszn\u00e1ltuk az Electrolux PayperWash rendszer\u00e9nek el\u0151nyeit. Nem kellett g\u00e9pekbe beruh\u00e1zni, ugyanakkor mi \u00e9s \u00fcgyfeleink is fix d\u00edjat fizet\u00fcnk a mos\u00e1si \u00e9s sz\u00e1r\u00edt\u00e1si ciklusok\u00e9rt. Ez a megold\u00e1s a tart\u00f3s, k\u00f6nnyen kezelhet\u0151 \u00e9s \u00f6sszess\u00e9g\u00e9ben kiv\u00e1l\u00f3 min\u0151s\u00e9g\u0171 g\u00e9pekkel, megk\u00f6nny\u00edtette a d\u00f6nt\u00e9st, hogy az Electrolux-ot v\u00e1lasszuk.<\/em>\u201d<\/p>\n<p>Mr. Marc Ruijtenberg[\/vc_column_text][\/vc_column][vc_column width=&#8221;1\/3&#8243;][elx_heading font_size=&#8221;h4&#8243; text_color=&#8221;inherit&#8221;]Mos\u00f3szalon[\/elx_heading][elx_image_block background_image=&#8221;1484&#8243; minimum_height=&#8221;300px&#8221;][elx_heading font_size=&#8221;h5&#8243; text_color=&#8221;inherit&#8221;]<strong>La Sir\u00e8ne<\/strong>[\/elx_heading][vc_column_text]<strong>Charleroi, Belgium<\/strong><\/p>\n<p>\u201c<em>Vil\u00e1gos k\u00e9pet kaptak k\u00e9r\u00e9seinkr\u0151l, ig\u00e9nyeinkr\u0151l \u00e9s terveinkr\u0151l. A tervez\u00e9s \u00e9s kivitelez\u00e9s, valamint az \u00fczembe helyez\u00e9s sor\u00e1n figyelembe vett\u00e9k lehet\u0151s\u00e9geinket \u00e9s korl\u00e1tainkat. \u00cdgy ez a k\u00f6z\u00f6sen v\u00e9grehajtott \u00e1talak\u00edt\u00e1s egy nagyon sikeres v\u00e1llalkoz\u00e1st ind\u00edtott el.<\/em>\u201c<\/p>\n<p>Anis Nedjari and Adeline Marquet, tulajdonosok[\/vc_column_text][\/vc_column][vc_column width=&#8221;1\/3&#8243;][elx_heading font_size=&#8221;h4&#8243; text_color=&#8221;inherit&#8221;]Mos\u00f3szalon[\/elx_heading][elx_image_block background_image=&#8221;1472&#8243; vert_back_position=&#8221;top&#8221; minimum_height=&#8221;300px&#8221;][elx_heading font_size=&#8221;h5&#8243; text_color=&#8221;inherit&#8221;]<strong>Lucy\u2019s Laundry<\/strong>[\/elx_heading][vc_column_text]<strong>Palmdale, Kalifornia, USA<\/strong><\/p>\n<p>\u201c<em>M\u00e1s m\u00e1rka beszerz\u00e9se fel sem mer\u00fclt. Az Electrolux Professional mos\u00f3g\u00e9pek hihetetlen\u00fcl testreszabott programozhat\u00f3s\u00e1ga, amellyel ciklusonk\u00e9nt lehet a k\u00f6zm\u0171 k\u00f6lts\u00e9geket szab\u00e1lyozni, a v\u00edzfogyaszt\u00e1sban 30%-os megtakar\u00edt\u00e1st jelent.<\/em><\/p>\n<p>Sterling Phillips, tulajdonos[\/vc_column_text][\/vc_column][\/vc_row][vc_row][vc_column][vc_empty_space][elx_heading font_container=&#8221;h3&#8243; text_color=&#8221;inherit&#8221;]Tov\u00e1bbi inform\u00e1ci\u00f3k\u00e9rt l\u00e9pjen vel\u00fcnk kapcsolatba.[\/elx_heading][elx_o2000_contact_us r=&#8221;Szeretn\u00e9k t\u00f6bb inform\u00e1ci\u00f3t kapni err\u0151l a term\u00e9kr\u0151l \u00c9rmebedob\u00f3s mosoda. K\u00e9rem, vegy\u00e9k fel velem a kapcsolatot. &#8221; s=&#8221;Inform\u00e1ci\u00f3 k\u00e9r\u00e9s err\u0151l a term\u00e9kr\u0151l \u00c9rmebedob\u00f3s mosoda&#8221; country=&#8221;Hungary&#8221; l=&#8221;hu&#8221; b=&#8221;laundry&#8221; container=&#8221;elxcontactus1482234363&#8243;][vc_empty_space][\/vc_column][\/vc_row]<\/p>\n","protected":false},"excerpt":{"rendered":"<p>[vc_row full_width=&#8221;electroluxpro-full-width-no-padding&#8221; equal_height=&#8221;yes&#8221;][vc_column width=&#8221;1\/2&#8243;][elx_citation name=&#8221;Susie Boyd, owner of Mr. Bubbles&#8221; company=&#8221;Tacoma Washington, USA&#8221;][elx_heading text_color=&#8221;inherit&#8221;]Az Electrolux Professional mosodai berendez\u00e9sei bizony\u00edtottan cs\u00facstart\u00f3k tart\u00f3ss\u00e1gban \u00e9s energiamegtakar\u00edt\u00e1sban.[\/elx_heading][\/elx_citation][\/vc_column][vc_column width=&#8221;1\/2&#8243;][elx_image_block background_image=&#8221;1294&#8243; minimum_height=&#8221;550px&#8221;][\/vc_column][\/vc_row][vc_row][vc_column][vc_empty_space][\/vc_column][\/vc_row][vc_row][vc_column][elx_heading font_container=&#8221;h1&#8243; font_size=&#8221;h2&#8243; text_color=&#8221;inherit&#8221; text_align=&#8221;text-center&#8221;]\u00c9rmebedob\u00f3s mosoda[\/elx_heading][vc_empty_space][vc_row_inner][vc_column_inner width=&#8221;1\/4&#8243;][elx_heading font_size=&#8221;h5&#8243; text_color=&#8221;inherit&#8221;]Mos\u00f3szalonok[\/elx_heading][\/vc_column_inner][vc_column_inner width=&#8221;1\/4&#8243;][elx_heading font_size=&#8221;h5&#8243; text_color=&#8221;inherit&#8221;]Mobil mosod\u00e1k[\/elx_heading][\/vc_column_inner][vc_column_inner width=&#8221;1\/4&#8243;][elx_heading font_size=&#8221;h5&#8243; text_color=&#8221;inherit&#8221;]Kempingek, tengerj\u00e1r\u00f3k[\/elx_heading][\/vc_column_inner][vc_column_inner width=&#8221;1\/4&#8243;][elx_heading font_size=&#8221;h5&#8243; text_color=&#8221;inherit&#8221;]Mened\u00e9kh\u00e1zak[\/elx_heading][\/vc_column_inner][\/vc_row_inner][vc_row_inner][vc_column_inner width=&#8221;1\/4&#8243;][elx_heading font_size=&#8221;h5&#8243; text_color=&#8221;inherit&#8221;]Aut\u00f3mos\u00f3k, benzinkutak[\/elx_heading][\/vc_column_inner][vc_column_inner width=&#8221;1\/4&#8243;][elx_heading font_size=&#8221;h5&#8243; text_color=&#8221;inherit&#8221;]Szupermarketek[\/elx_heading][\/vc_column_inner][vc_column_inner width=&#8221;1\/4&#8243;][elx_heading font_size=&#8221;h5&#8243; text_color=&#8221;inherit&#8221;]\u00c9ttermek, [&hellip;]<\/p>\n","protected":false},"author":3,"featured_media":0,"parent":0,"menu_order":0,"comment_status":"closed","ping_status":"closed","template":"","meta":{"footnotes":""},"class_list":["post-3011","page","type-page","status-publish","hentry"],"yoast_head":"<!-- This site is optimized with the Yoast SEO plugin v23.3 - https:\/\/yoast.com\/wordpress\/plugins\/seo\/ -->\n<title>\u00c9rmebedob\u00f3s mosoda - Electrolux Professional Magyarorsz\u00e1g<\/title>\n<meta name=\"robots\" content=\"index, follow, max-snippet:-1, max-image-preview:large, max-video-preview:-1\" \/>\n<link rel=\"canonical\" href=\"https:\/\/www.electroluxprofessional.com\/hu\/ermebedobos-mosoda\/\" \/>\n<meta property=\"og:locale\" content=\"hu_HU\" \/>\n<meta property=\"og:type\" content=\"article\" \/>\n<meta property=\"og:title\" content=\"\u00c9rmebedob\u00f3s mosoda - Electrolux Professional Magyarorsz\u00e1g\" \/>\n<meta property=\"og:description\" content=\"[vc_row full_width=&#8221;electroluxpro-full-width-no-padding&#8221; equal_height=&#8221;yes&#8221;][vc_column width=&#8221;1\/2&#8243;][elx_citation name=&#8221;Susie Boyd, owner of Mr. Bubbles&#8221; company=&#8221;Tacoma Washington, USA&#8221;][elx_heading text_color=&#8221;inherit&#8221;]Az Electrolux Professional mosodai berendez\u00e9sei bizony\u00edtottan cs\u00facstart\u00f3k tart\u00f3ss\u00e1gban \u00e9s energiamegtakar\u00edt\u00e1sban.[\/elx_heading][\/elx_citation][\/vc_column][vc_column width=&#8221;1\/2&#8243;][elx_image_block background_image=&#8221;1294&#8243; minimum_height=&#8221;550px&#8221;][\/vc_column][\/vc_row][vc_row][vc_column][vc_empty_space][\/vc_column][\/vc_row][vc_row][vc_column][elx_heading font_container=&#8221;h1&#8243; font_size=&#8221;h2&#8243; text_color=&#8221;inherit&#8221; text_align=&#8221;text-center&#8221;]\u00c9rmebedob\u00f3s mosoda[\/elx_heading][vc_empty_space][vc_row_inner][vc_column_inner width=&#8221;1\/4&#8243;][elx_heading font_size=&#8221;h5&#8243; text_color=&#8221;inherit&#8221;]Mos\u00f3szalonok[\/elx_heading][\/vc_column_inner][vc_column_inner width=&#8221;1\/4&#8243;][elx_heading font_size=&#8221;h5&#8243; text_color=&#8221;inherit&#8221;]Mobil mosod\u00e1k[\/elx_heading][\/vc_column_inner][vc_column_inner width=&#8221;1\/4&#8243;][elx_heading font_size=&#8221;h5&#8243; text_color=&#8221;inherit&#8221;]Kempingek, tengerj\u00e1r\u00f3k[\/elx_heading][\/vc_column_inner][vc_column_inner width=&#8221;1\/4&#8243;][elx_heading font_size=&#8221;h5&#8243; text_color=&#8221;inherit&#8221;]Mened\u00e9kh\u00e1zak[\/elx_heading][\/vc_column_inner][\/vc_row_inner][vc_row_inner][vc_column_inner width=&#8221;1\/4&#8243;][elx_heading font_size=&#8221;h5&#8243; text_color=&#8221;inherit&#8221;]Aut\u00f3mos\u00f3k, benzinkutak[\/elx_heading][\/vc_column_inner][vc_column_inner width=&#8221;1\/4&#8243;][elx_heading font_size=&#8221;h5&#8243; text_color=&#8221;inherit&#8221;]Szupermarketek[\/elx_heading][\/vc_column_inner][vc_column_inner width=&#8221;1\/4&#8243;][elx_heading font_size=&#8221;h5&#8243; text_color=&#8221;inherit&#8221;]\u00c9ttermek, [&hellip;]\" \/>\n<meta property=\"og:url\" content=\"https:\/\/www.electroluxprofessional.com\/hu\/ermebedobos-mosoda\/\" \/>\n<meta property=\"og:site_name\" content=\"Electrolux Professional Magyarorsz\u00e1g\" \/>\n<meta property=\"article:modified_time\" content=\"2025-11-05T15:01:52+00:00\" \/>\n<meta name=\"twitter:card\" content=\"summary_large_image\" \/>\n<meta name=\"twitter:label1\" content=\"Becs\u00fclt olvas\u00e1si id\u0151\" \/>\n\t<meta name=\"twitter:data1\" content=\"3 perc\" \/>\n<script type=\"application\/ld+json\" class=\"yoast-schema-graph\">{\"@context\":\"https:\/\/schema.org\",\"@graph\":[{\"@type\":\"WebPage\",\"@id\":\"https:\/\/www.electroluxprofessional.com\/hu\/ermebedobos-mosoda\/\",\"url\":\"https:\/\/www.electroluxprofessional.com\/hu\/ermebedobos-mosoda\/\",\"name\":\"\u00c9rmebedob\u00f3s mosoda - Electrolux Professional Magyarorsz\u00e1g\",\"isPartOf\":{\"@id\":\"https:\/\/www.electroluxprofessional.com\/hu\/#website\"},\"datePublished\":\"2017-05-19T11:25:54+00:00\",\"dateModified\":\"2025-11-05T15:01:52+00:00\",\"breadcrumb\":{\"@id\":\"https:\/\/www.electroluxprofessional.com\/hu\/ermebedobos-mosoda\/#breadcrumb\"},\"inLanguage\":\"hu\",\"potentialAction\":[{\"@type\":\"ReadAction\",\"target\":[\"https:\/\/www.electroluxprofessional.com\/hu\/ermebedobos-mosoda\/\"]}]},{\"@type\":\"BreadcrumbList\",\"@id\":\"https:\/\/www.electroluxprofessional.com\/hu\/ermebedobos-mosoda\/#breadcrumb\",\"itemListElement\":[{\"@type\":\"ListItem\",\"position\":1,\"name\":\"Home\",\"item\":\"https:\/\/www.electroluxprofessional.com\/hu\/\"},{\"@type\":\"ListItem\",\"position\":2,\"name\":\"\u00c9rmebedob\u00f3s mosoda\"}]},{\"@type\":\"WebSite\",\"@id\":\"https:\/\/www.electroluxprofessional.com\/hu\/#website\",\"url\":\"https:\/\/www.electroluxprofessional.com\/hu\/\",\"name\":\"Electrolux Professional Magyarorsz\u00e1g\",\"description\":\"\",\"potentialAction\":[{\"@type\":\"SearchAction\",\"target\":{\"@type\":\"EntryPoint\",\"urlTemplate\":\"https:\/\/www.electroluxprofessional.com\/hu\/?src={search_term_string}\"},\"query-input\":\"required name=search_term_string\"}],\"inLanguage\":\"hu\"}]}<\/script>\n<!-- \/ Yoast SEO plugin. -->","yoast_head_json":{"title":"\u00c9rmebedob\u00f3s mosoda - Electrolux Professional Magyarorsz\u00e1g","robots":{"index":"index","follow":"follow","max-snippet":"max-snippet:-1","max-image-preview":"max-image-preview:large","max-video-preview":"max-video-preview:-1"},"canonical":"https:\/\/www.electroluxprofessional.com\/hu\/ermebedobos-mosoda\/","og_locale":"hu_HU","og_type":"article","og_title":"\u00c9rmebedob\u00f3s mosoda - Electrolux Professional Magyarorsz\u00e1g","og_description":"[vc_row full_width=&#8221;electroluxpro-full-width-no-padding&#8221; equal_height=&#8221;yes&#8221;][vc_column width=&#8221;1\/2&#8243;][elx_citation name=&#8221;Susie Boyd, owner of Mr. Bubbles&#8221; company=&#8221;Tacoma Washington, USA&#8221;][elx_heading text_color=&#8221;inherit&#8221;]Az Electrolux Professional mosodai berendez\u00e9sei bizony\u00edtottan cs\u00facstart\u00f3k tart\u00f3ss\u00e1gban \u00e9s energiamegtakar\u00edt\u00e1sban.[\/elx_heading][\/elx_citation][\/vc_column][vc_column width=&#8221;1\/2&#8243;][elx_image_block background_image=&#8221;1294&#8243; minimum_height=&#8221;550px&#8221;][\/vc_column][\/vc_row][vc_row][vc_column][vc_empty_space][\/vc_column][\/vc_row][vc_row][vc_column][elx_heading font_container=&#8221;h1&#8243; font_size=&#8221;h2&#8243; text_color=&#8221;inherit&#8221; text_align=&#8221;text-center&#8221;]\u00c9rmebedob\u00f3s mosoda[\/elx_heading][vc_empty_space][vc_row_inner][vc_column_inner width=&#8221;1\/4&#8243;][elx_heading font_size=&#8221;h5&#8243; text_color=&#8221;inherit&#8221;]Mos\u00f3szalonok[\/elx_heading][\/vc_column_inner][vc_column_inner width=&#8221;1\/4&#8243;][elx_heading font_size=&#8221;h5&#8243; text_color=&#8221;inherit&#8221;]Mobil mosod\u00e1k[\/elx_heading][\/vc_column_inner][vc_column_inner width=&#8221;1\/4&#8243;][elx_heading font_size=&#8221;h5&#8243; text_color=&#8221;inherit&#8221;]Kempingek, tengerj\u00e1r\u00f3k[\/elx_heading][\/vc_column_inner][vc_column_inner width=&#8221;1\/4&#8243;][elx_heading font_size=&#8221;h5&#8243; text_color=&#8221;inherit&#8221;]Mened\u00e9kh\u00e1zak[\/elx_heading][\/vc_column_inner][\/vc_row_inner][vc_row_inner][vc_column_inner width=&#8221;1\/4&#8243;][elx_heading font_size=&#8221;h5&#8243; text_color=&#8221;inherit&#8221;]Aut\u00f3mos\u00f3k, benzinkutak[\/elx_heading][\/vc_column_inner][vc_column_inner width=&#8221;1\/4&#8243;][elx_heading font_size=&#8221;h5&#8243; text_color=&#8221;inherit&#8221;]Szupermarketek[\/elx_heading][\/vc_column_inner][vc_column_inner width=&#8221;1\/4&#8243;][elx_heading font_size=&#8221;h5&#8243; text_color=&#8221;inherit&#8221;]\u00c9ttermek, [&hellip;]","og_url":"https:\/\/www.electroluxprofessional.com\/hu\/ermebedobos-mosoda\/","og_site_name":"Electrolux Professional Magyarorsz\u00e1g","article_modified_time":"2025-11-05T15:01:52+00:00","twitter_card":"summary_large_image","twitter_misc":{"Becs\u00fclt olvas\u00e1si id\u0151":"3 perc"},"schema":{"@context":"https:\/\/schema.org","@graph":[{"@type":"WebPage","@id":"https:\/\/www.electroluxprofessional.com\/hu\/ermebedobos-mosoda\/","url":"https:\/\/www.electroluxprofessional.com\/hu\/ermebedobos-mosoda\/","name":"\u00c9rmebedob\u00f3s mosoda - Electrolux Professional Magyarorsz\u00e1g","isPartOf":{"@id":"https:\/\/www.electroluxprofessional.com\/hu\/#website"},"datePublished":"2017-05-19T11:25:54+00:00","dateModified":"2025-11-05T15:01:52+00:00","breadcrumb":{"@id":"https:\/\/www.electroluxprofessional.com\/hu\/ermebedobos-mosoda\/#breadcrumb"},"inLanguage":"hu","potentialAction":[{"@type":"ReadAction","target":["https:\/\/www.electroluxprofessional.com\/hu\/ermebedobos-mosoda\/"]}]},{"@type":"BreadcrumbList","@id":"https:\/\/www.electroluxprofessional.com\/hu\/ermebedobos-mosoda\/#breadcrumb","itemListElement":[{"@type":"ListItem","position":1,"name":"Home","item":"https:\/\/www.electroluxprofessional.com\/hu\/"},{"@type":"ListItem","position":2,"name":"\u00c9rmebedob\u00f3s mosoda"}]},{"@type":"WebSite","@id":"https:\/\/www.electroluxprofessional.com\/hu\/#website","url":"https:\/\/www.electroluxprofessional.com\/hu\/","name":"Electrolux Professional Magyarorsz\u00e1g","description":"","potentialAction":[{"@type":"SearchAction","target":{"@type":"EntryPoint","urlTemplate":"https:\/\/www.electroluxprofessional.com\/hu\/?src={search_term_string}"},"query-input":"required name=search_term_string"}],"inLanguage":"hu"}]}},"_links":{"self":[{"href":"https:\/\/www.electroluxprofessional.com\/hu\/wp-json\/wp\/v2\/pages\/3011"}],"collection":[{"href":"https:\/\/www.electroluxprofessional.com\/hu\/wp-json\/wp\/v2\/pages"}],"about":[{"href":"https:\/\/www.electroluxprofessional.com\/hu\/wp-json\/wp\/v2\/types\/page"}],"author":[{"embeddable":true,"href":"https:\/\/www.electroluxprofessional.com\/hu\/wp-json\/wp\/v2\/users\/3"}],"replies":[{"embeddable":true,"href":"https:\/\/www.electroluxprofessional.com\/hu\/wp-json\/wp\/v2\/comments?post=3011"}],"version-history":[{"count":25,"href":"https:\/\/www.electroluxprofessional.com\/hu\/wp-json\/wp\/v2\/pages\/3011\/revisions"}],"predecessor-version":[{"id":9352,"href":"https:\/\/www.electroluxprofessional.com\/hu\/wp-json\/wp\/v2\/pages\/3011\/revisions\/9352"}],"wp:attachment":[{"href":"https:\/\/www.electroluxprofessional.com\/hu\/wp-json\/wp\/v2\/media?parent=3011"}],"curies":[{"name":"wp","href":"https:\/\/api.w.org\/{rel}","templated":true}]}}