{"id":3003,"date":"2017-05-19T11:05:06","date_gmt":"2017-05-19T11:05:06","guid":{"rendered":"https:\/\/www.electroluxprofessional.com\/hu\/?page_id=3003"},"modified":"2025-11-05T15:02:13","modified_gmt":"2025-11-05T15:02:13","slug":"care-homes","status":"publish","type":"page","link":"https:\/\/www.electroluxprofessional.com\/hu\/care-homes\/","title":{"rendered":"Care Homes"},"content":{"rendered":"<p>[vc_row full_width=&#8221;electroluxpro-full-width-no-padding&#8221; equal_height=&#8221;yes&#8221;][vc_column reveal_effect=&#8221;&#8221; width=&#8221;1\/2&#8243;][elx_citation name=&#8221;Elke Nekes, Laundry Manager&#8221; company=&#8221;Carolinenhohe &#8211; Ingelhelm, Germany&#8221;][elx_heading font_container=&#8221;h1&#8243; font_size=&#8221;h2&#8243; text_color=&#8221;inherit&#8221;]A legt\u00f6bb int\u00e9zm\u00e9nynek robosztus, felhaszn\u00e1l\u00f3bar\u00e1t g\u00e9pre van sz\u00fcks\u00e9ge, amely min\u0151s\u00e9gi tiszt\u00edt\u00e1st biztos\u00edt. [\/elx_heading][\/elx_citation][\/vc_column][vc_column reveal_effect=&#8221;&#8221; width=&#8221;1\/2&#8243;][elx_image_block background_image=&#8221;585&#8243; minimum_height=&#8221;650px&#8221;][\/vc_column][\/vc_row][vc_row full_width=&#8221;electroluxpro-container-no-padding&#8221; parallax=&#8221;content-moving-fade&#8221;][vc_column reveal_effect=&#8221;&#8221;][vc_empty_space][elx_heading text_color=&#8221;inherit&#8221; text_align=&#8221;text-center&#8221;]<strong>Id\u0151sotthonok:<\/strong> teljes k\u00f6r\u0171 higi\u00e9niai kontroll[\/elx_heading][vc_column_text]<\/p>\n<h5 style=\"text-align: center;\"><\/h5>\n<h5 style=\"margin-top: 7.5pt; text-align: center; background: white;\" align=\"center\"><b><span style=\"font-family: 'Arial',sans-serif; color: blue;\">A teljes k\u00f6r\u0171 higi\u00e9niai kontroll a mosodai folyamatokban els\u0151dleges fontoss\u00e1g\u00fa id\u0151sotthonok eset\u00e9n. <\/span><\/b><\/h5>\n<p>[\/vc_column_text][\/vc_column][\/vc_row][vc_row full_width=&#8221;electroluxpro-full-width-no-padding&#8221;][vc_column width=&#8221;1\/2&#8243;][elx_image_block background_image=&#8221;1256&#8243; minimum_height=&#8221;500px&#8221;][\/vc_column][vc_column width=&#8221;1\/2&#8243;][elx_simple_block background_color=&#8221;inherit&#8221;][vc_column_text css_animation=&#8221;left-to-right&#8221; css=&#8221;.vc_custom_1495191515716{padding-top: 20px !important;}&#8221;]<\/p>\n<ul>\n<li>T\u00f6bb mint 500 higi\u00e9nikus mos\u00f3g\u00e9p \u00fczembe helyez\u00e9se \u00e9vente<\/li>\n<li>Testreszabott higi\u00e9nikus mosodai megold\u00e1sok egy\u00e9ni ig\u00e9nyek szerint<\/li>\n<li>Maxim\u00e1lis kontroll \u00e9s nyomon k\u00f6vethet\u0151s\u00e9g minden mosodai folyamatban<\/li>\n<li>A legszigor\u00fabb higi\u00e9niai el\u0151\u00edr\u00e1sok maxim\u00e1lis teljes\u00edt\u00e9se<\/li>\n<li>K\u00e9nyes textilek finom kezel\u00e9se a lagoon\u00ae, az els\u0151 The Woolmark\u00ae Company \u00e1ltal elismert teljesen v\u00edzalap\u00fa tiszt\u00edt\u00e1si rendszerrel<\/li>\n<\/ul>\n<p>[\/vc_column_text][\/elx_simple_block][\/vc_column][\/vc_row][vc_row full_width=&#8221;electroluxpro-full-width-no-padding&#8221; equal_height=&#8221;yes&#8221;][vc_column width=&#8221;1\/2&#8243;][elx_simple_block background_color=&#8221;inherit&#8221;][elx_heading font_container=&#8221;h3&#8243; text_color=&#8221;inherit&#8221;]Jo Watson, h\u00e1zvezet\u0151, Belong Warrington[\/elx_heading][vc_column_text]<em>&#8220;A g\u00e9p legjobb tulajdons\u00e1ga, hogy k\u00f6nnyen kezelhet\u0151. Noha a folyamatokat ir\u00e1ny\u00edt\u00f3 technol\u00f3gia nagyon korszer\u0171, a kezel\u00e9s egyszer\u0171, egy mos\u00e1si ciklust n\u00e9h\u00e1ny gomb lenyom\u00e1s\u00e1val el lehet ind\u00edtani&#8221;.<\/em>[\/vc_column_text][\/elx_simple_block][\/vc_column][vc_column width=&#8221;1\/2&#8243;][elx_video_block background_image=&#8221;587&#8243; src=&#8221;&#8220;https:\/\/www.youtube.com\/embed\/sbx4q3sJ_Uk&#8220;&#8221; width=&#8221;300&#8243; height=&#8221;&#8220;600&#8220;&#8221; frameborder=&#8221;&#8220;0&#8220;&#8221; minimum_height=&#8221;600px&#8221; video_link=&#8221;https:\/\/www.youtube.com\/watch?v=sbx4q3sJ_Uk&#8221;][\/vc_column][\/vc_row][vc_row][vc_column][vc_empty_space height=&#8221;100px&#8221;][\/vc_column][\/vc_row][vc_row][vc_column][elx_heading font_container=&#8221;h3&#8243; text_color=&#8221;inherit&#8221; text_align=&#8221;text-center&#8221;]<strong>Mosodai textil k\u00f6rforg\u00e1sa<\/strong><\/p>\n<p>[\/elx_heading][vc_column_text]<\/p>\n<h4><strong>Hat\u00e9kony textilkezel\u00e9s. K\u00e9nyelmes \u00e9letst\u00edlus a bentlak\u00f3knak \u00e9s a vend\u00e9geknek.<\/strong><\/h4>\n<h4>Biztos\u00edtsa otthona bentlak\u00f3inak a l\u00e9tez\u0151 legnagyobb \u00a0k\u00e9nyelmet,\u00a0biztons\u00e1got\u00a0\u00e9s a legmagasabb szint\u0171 higi\u00e9ni\u00e1t\u00a0 mik\u00f6zben a k\u00f6lts\u00e9geket is biztosan k\u00e9zben tudja tartani. \u00c1gynem\u0171k, t\u00f6r\u00f6lk\u00f6z\u0151k, szalv\u00e9t\u00e1k valamint a lak\u00f3k ruh\u00e1i speci\u00e1lis tiszt\u00edt\u00e1st ig\u00e9nyelnek, hogy a fert\u0151z\u00e9s kock\u00e1zat\u00e1t kiz\u00e1rhassuk.<\/h4>\n<p>[\/vc_column_text][vc_empty_space height=&#8221;15px&#8221;][vc_row_inner][vc_column_inner][vc_empty_space height=&#8221;70px&#8221;][\/vc_column_inner][\/vc_row_inner][\/vc_column][\/vc_row][vc_row][vc_column][elx_heading text_color=&#8221;inherit&#8221;]L\u00e9pjen vel\u00fcnk kapcsolatba[\/elx_heading][elx_o2000_contact_us r=&#8221;I would like to get in touch with you and find out solutions for my business.&#8221; s=&#8221;Your request: solutions for care homes&#8221; b=&#8221;laundry&#8221; container=&#8221;elxcontactus1466166272&#8243;][\/vc_column][\/vc_row][vc_row][vc_column][vc_empty_space height=&#8221;60px&#8221;][\/vc_column][\/vc_row][vc_row][vc_column width=&#8221;1\/3&#8243;][elx_download_block text=&#8221;Care Homes Brochure&#8221; link=&#8221;files.professional.electrolux.com\/docs\/?n=A0022&amp;t=BR&amp;l=1&#8243; background_color=&#8221;electrolux-blue&#8221; reveal_effect=&#8221;fadeIn&#8221; reveal_duration=&#8221;&#8221; reveal_delay=&#8221;&#8221;][\/vc_column][vc_column width=&#8221;1\/3&#8243;][elx_download_block text=&#8221;Care Homes Commercial Leaflet&#8221; link=&#8221;files.professional.electrolux.com\/docs\/?n=CLF-9JE00054&amp;t=clf&amp;l=1&#8243; background_color=&#8221;electrolux-blue&#8221; reveal_effect=&#8221;&#8221; reveal_duration=&#8221;&#8221; reveal_delay=&#8221;&#8221;][\/vc_column][vc_column width=&#8221;1\/3&#8243;][elx_download_block text=&#8221;Hyvolution Barrier Washer Brochure&#8221; link=&#8221;files.professional.electrolux.com\/docs\/?n=A0016&amp;t=BR&amp;l=1&#8243; background_color=&#8221;electrolux-blue&#8221; reveal_effect=&#8221;fadeIn&#8221; reveal_duration=&#8221;&#8221; reveal_delay=&#8221;&#8221;][\/vc_column][\/vc_row][vc_row][vc_column][\/vc_column][\/vc_row]<\/p>\n","protected":false},"excerpt":{"rendered":"<p>[vc_row full_width=&#8221;electroluxpro-full-width-no-padding&#8221; equal_height=&#8221;yes&#8221;][vc_column reveal_effect=&#8221;&#8221; width=&#8221;1\/2&#8243;][elx_citation name=&#8221;Elke Nekes, Laundry Manager&#8221; company=&#8221;Carolinenhohe &#8211; Ingelhelm, Germany&#8221;][elx_heading font_container=&#8221;h1&#8243; font_size=&#8221;h2&#8243; text_color=&#8221;inherit&#8221;]A legt\u00f6bb int\u00e9zm\u00e9nynek robosztus, felhaszn\u00e1l\u00f3bar\u00e1t g\u00e9pre van sz\u00fcks\u00e9ge, amely min\u0151s\u00e9gi tiszt\u00edt\u00e1st biztos\u00edt. [\/elx_heading][\/elx_citation][\/vc_column][vc_column reveal_effect=&#8221;&#8221; width=&#8221;1\/2&#8243;][elx_image_block background_image=&#8221;585&#8243; minimum_height=&#8221;650px&#8221;][\/vc_column][\/vc_row][vc_row full_width=&#8221;electroluxpro-container-no-padding&#8221; parallax=&#8221;content-moving-fade&#8221;][vc_column reveal_effect=&#8221;&#8221;][vc_empty_space][elx_heading text_color=&#8221;inherit&#8221; text_align=&#8221;text-center&#8221;]Id\u0151sotthonok: teljes k\u00f6r\u0171 higi\u00e9niai kontroll[\/elx_heading][vc_column_text] A teljes k\u00f6r\u0171 higi\u00e9niai kontroll a mosodai folyamatokban els\u0151dleges fontoss\u00e1g\u00fa id\u0151sotthonok eset\u00e9n. [\/vc_column_text][\/vc_column][\/vc_row][vc_row full_width=&#8221;electroluxpro-full-width-no-padding&#8221;][vc_column [&hellip;]<\/p>\n","protected":false},"author":3,"featured_media":0,"parent":0,"menu_order":0,"comment_status":"closed","ping_status":"closed","template":"","meta":{"footnotes":""},"class_list":["post-3003","page","type-page","status-publish","hentry"],"yoast_head":"<!-- This site is optimized with the Yoast SEO plugin v23.3 - https:\/\/yoast.com\/wordpress\/plugins\/seo\/ -->\n<title>Care Homes - Electrolux Professional Magyarorsz\u00e1g<\/title>\n<meta name=\"robots\" content=\"index, follow, max-snippet:-1, max-image-preview:large, max-video-preview:-1\" \/>\n<link rel=\"canonical\" href=\"https:\/\/www.electroluxprofessional.com\/hu\/care-homes\/\" \/>\n<meta property=\"og:locale\" content=\"hu_HU\" \/>\n<meta property=\"og:type\" content=\"article\" \/>\n<meta property=\"og:title\" content=\"Care Homes - Electrolux Professional Magyarorsz\u00e1g\" \/>\n<meta property=\"og:description\" content=\"[vc_row full_width=&#8221;electroluxpro-full-width-no-padding&#8221; equal_height=&#8221;yes&#8221;][vc_column reveal_effect=&#8221;&#8221; width=&#8221;1\/2&#8243;][elx_citation name=&#8221;Elke Nekes, Laundry Manager&#8221; company=&#8221;Carolinenhohe &#8211; Ingelhelm, Germany&#8221;][elx_heading font_container=&#8221;h1&#8243; font_size=&#8221;h2&#8243; text_color=&#8221;inherit&#8221;]A legt\u00f6bb int\u00e9zm\u00e9nynek robosztus, felhaszn\u00e1l\u00f3bar\u00e1t g\u00e9pre van sz\u00fcks\u00e9ge, amely min\u0151s\u00e9gi tiszt\u00edt\u00e1st biztos\u00edt. [\/elx_heading][\/elx_citation][\/vc_column][vc_column reveal_effect=&#8221;&#8221; width=&#8221;1\/2&#8243;][elx_image_block background_image=&#8221;585&#8243; minimum_height=&#8221;650px&#8221;][\/vc_column][\/vc_row][vc_row full_width=&#8221;electroluxpro-container-no-padding&#8221; parallax=&#8221;content-moving-fade&#8221;][vc_column reveal_effect=&#8221;&#8221;][vc_empty_space][elx_heading text_color=&#8221;inherit&#8221; text_align=&#8221;text-center&#8221;]Id\u0151sotthonok: teljes k\u00f6r\u0171 higi\u00e9niai kontroll[\/elx_heading][vc_column_text] A teljes k\u00f6r\u0171 higi\u00e9niai kontroll a mosodai folyamatokban els\u0151dleges fontoss\u00e1g\u00fa id\u0151sotthonok eset\u00e9n. [\/vc_column_text][\/vc_column][\/vc_row][vc_row full_width=&#8221;electroluxpro-full-width-no-padding&#8221;][vc_column [&hellip;]\" \/>\n<meta property=\"og:url\" content=\"https:\/\/www.electroluxprofessional.com\/hu\/care-homes\/\" \/>\n<meta property=\"og:site_name\" content=\"Electrolux Professional Magyarorsz\u00e1g\" \/>\n<meta property=\"article:modified_time\" content=\"2025-11-05T15:02:13+00:00\" \/>\n<meta name=\"twitter:card\" content=\"summary_large_image\" \/>\n<meta name=\"twitter:label1\" content=\"Becs\u00fclt olvas\u00e1si id\u0151\" \/>\n\t<meta name=\"twitter:data1\" content=\"2 perc\" \/>\n<script type=\"application\/ld+json\" class=\"yoast-schema-graph\">{\"@context\":\"https:\/\/schema.org\",\"@graph\":[{\"@type\":\"WebPage\",\"@id\":\"https:\/\/www.electroluxprofessional.com\/hu\/care-homes\/\",\"url\":\"https:\/\/www.electroluxprofessional.com\/hu\/care-homes\/\",\"name\":\"Care Homes - Electrolux Professional Magyarorsz\u00e1g\",\"isPartOf\":{\"@id\":\"https:\/\/www.electroluxprofessional.com\/hu\/#website\"},\"datePublished\":\"2017-05-19T11:05:06+00:00\",\"dateModified\":\"2025-11-05T15:02:13+00:00\",\"breadcrumb\":{\"@id\":\"https:\/\/www.electroluxprofessional.com\/hu\/care-homes\/#breadcrumb\"},\"inLanguage\":\"hu\",\"potentialAction\":[{\"@type\":\"ReadAction\",\"target\":[\"https:\/\/www.electroluxprofessional.com\/hu\/care-homes\/\"]}]},{\"@type\":\"BreadcrumbList\",\"@id\":\"https:\/\/www.electroluxprofessional.com\/hu\/care-homes\/#breadcrumb\",\"itemListElement\":[{\"@type\":\"ListItem\",\"position\":1,\"name\":\"Home\",\"item\":\"https:\/\/www.electroluxprofessional.com\/hu\/\"},{\"@type\":\"ListItem\",\"position\":2,\"name\":\"Care Homes\"}]},{\"@type\":\"WebSite\",\"@id\":\"https:\/\/www.electroluxprofessional.com\/hu\/#website\",\"url\":\"https:\/\/www.electroluxprofessional.com\/hu\/\",\"name\":\"Electrolux Professional Magyarorsz\u00e1g\",\"description\":\"\",\"potentialAction\":[{\"@type\":\"SearchAction\",\"target\":{\"@type\":\"EntryPoint\",\"urlTemplate\":\"https:\/\/www.electroluxprofessional.com\/hu\/?src={search_term_string}\"},\"query-input\":\"required name=search_term_string\"}],\"inLanguage\":\"hu\"}]}<\/script>\n<!-- \/ Yoast SEO plugin. -->","yoast_head_json":{"title":"Care Homes - Electrolux Professional Magyarorsz\u00e1g","robots":{"index":"index","follow":"follow","max-snippet":"max-snippet:-1","max-image-preview":"max-image-preview:large","max-video-preview":"max-video-preview:-1"},"canonical":"https:\/\/www.electroluxprofessional.com\/hu\/care-homes\/","og_locale":"hu_HU","og_type":"article","og_title":"Care Homes - Electrolux Professional Magyarorsz\u00e1g","og_description":"[vc_row full_width=&#8221;electroluxpro-full-width-no-padding&#8221; equal_height=&#8221;yes&#8221;][vc_column reveal_effect=&#8221;&#8221; width=&#8221;1\/2&#8243;][elx_citation name=&#8221;Elke Nekes, Laundry Manager&#8221; company=&#8221;Carolinenhohe &#8211; Ingelhelm, Germany&#8221;][elx_heading font_container=&#8221;h1&#8243; font_size=&#8221;h2&#8243; text_color=&#8221;inherit&#8221;]A legt\u00f6bb int\u00e9zm\u00e9nynek robosztus, felhaszn\u00e1l\u00f3bar\u00e1t g\u00e9pre van sz\u00fcks\u00e9ge, amely min\u0151s\u00e9gi tiszt\u00edt\u00e1st biztos\u00edt. [\/elx_heading][\/elx_citation][\/vc_column][vc_column reveal_effect=&#8221;&#8221; width=&#8221;1\/2&#8243;][elx_image_block background_image=&#8221;585&#8243; minimum_height=&#8221;650px&#8221;][\/vc_column][\/vc_row][vc_row full_width=&#8221;electroluxpro-container-no-padding&#8221; parallax=&#8221;content-moving-fade&#8221;][vc_column reveal_effect=&#8221;&#8221;][vc_empty_space][elx_heading text_color=&#8221;inherit&#8221; text_align=&#8221;text-center&#8221;]Id\u0151sotthonok: teljes k\u00f6r\u0171 higi\u00e9niai kontroll[\/elx_heading][vc_column_text] A teljes k\u00f6r\u0171 higi\u00e9niai kontroll a mosodai folyamatokban els\u0151dleges fontoss\u00e1g\u00fa id\u0151sotthonok eset\u00e9n. [\/vc_column_text][\/vc_column][\/vc_row][vc_row full_width=&#8221;electroluxpro-full-width-no-padding&#8221;][vc_column [&hellip;]","og_url":"https:\/\/www.electroluxprofessional.com\/hu\/care-homes\/","og_site_name":"Electrolux Professional Magyarorsz\u00e1g","article_modified_time":"2025-11-05T15:02:13+00:00","twitter_card":"summary_large_image","twitter_misc":{"Becs\u00fclt olvas\u00e1si id\u0151":"2 perc"},"schema":{"@context":"https:\/\/schema.org","@graph":[{"@type":"WebPage","@id":"https:\/\/www.electroluxprofessional.com\/hu\/care-homes\/","url":"https:\/\/www.electroluxprofessional.com\/hu\/care-homes\/","name":"Care Homes - Electrolux Professional Magyarorsz\u00e1g","isPartOf":{"@id":"https:\/\/www.electroluxprofessional.com\/hu\/#website"},"datePublished":"2017-05-19T11:05:06+00:00","dateModified":"2025-11-05T15:02:13+00:00","breadcrumb":{"@id":"https:\/\/www.electroluxprofessional.com\/hu\/care-homes\/#breadcrumb"},"inLanguage":"hu","potentialAction":[{"@type":"ReadAction","target":["https:\/\/www.electroluxprofessional.com\/hu\/care-homes\/"]}]},{"@type":"BreadcrumbList","@id":"https:\/\/www.electroluxprofessional.com\/hu\/care-homes\/#breadcrumb","itemListElement":[{"@type":"ListItem","position":1,"name":"Home","item":"https:\/\/www.electroluxprofessional.com\/hu\/"},{"@type":"ListItem","position":2,"name":"Care Homes"}]},{"@type":"WebSite","@id":"https:\/\/www.electroluxprofessional.com\/hu\/#website","url":"https:\/\/www.electroluxprofessional.com\/hu\/","name":"Electrolux Professional Magyarorsz\u00e1g","description":"","potentialAction":[{"@type":"SearchAction","target":{"@type":"EntryPoint","urlTemplate":"https:\/\/www.electroluxprofessional.com\/hu\/?src={search_term_string}"},"query-input":"required name=search_term_string"}],"inLanguage":"hu"}]}},"_links":{"self":[{"href":"https:\/\/www.electroluxprofessional.com\/hu\/wp-json\/wp\/v2\/pages\/3003"}],"collection":[{"href":"https:\/\/www.electroluxprofessional.com\/hu\/wp-json\/wp\/v2\/pages"}],"about":[{"href":"https:\/\/www.electroluxprofessional.com\/hu\/wp-json\/wp\/v2\/types\/page"}],"author":[{"embeddable":true,"href":"https:\/\/www.electroluxprofessional.com\/hu\/wp-json\/wp\/v2\/users\/3"}],"replies":[{"embeddable":true,"href":"https:\/\/www.electroluxprofessional.com\/hu\/wp-json\/wp\/v2\/comments?post=3003"}],"version-history":[{"count":9,"href":"https:\/\/www.electroluxprofessional.com\/hu\/wp-json\/wp\/v2\/pages\/3003\/revisions"}],"predecessor-version":[{"id":9354,"href":"https:\/\/www.electroluxprofessional.com\/hu\/wp-json\/wp\/v2\/pages\/3003\/revisions\/9354"}],"wp:attachment":[{"href":"https:\/\/www.electroluxprofessional.com\/hu\/wp-json\/wp\/v2\/media?parent=3003"}],"curies":[{"name":"wp","href":"https:\/\/api.w.org\/{rel}","templated":true}]}}