{"id":2712,"date":"2017-05-15T08:38:38","date_gmt":"2017-05-15T08:38:38","guid":{"rendered":"https:\/\/www.electroluxprofessional.com\/hu\/?page_id=2712"},"modified":"2020-04-20T18:30:45","modified_gmt":"2020-04-20T18:30:45","slug":"center-excellence-szingapur","status":"publish","type":"page","link":"https:\/\/www.electroluxprofessional.com\/hu\/center-excellence-szingapur\/","title":{"rendered":"Center of Excellence &#8211; Szingap\u00far"},"content":{"rendered":"<p>[vc_row full_width=&#8221;electroluxpro-full-width-no-padding&#8221;][vc_column][elx_hero_title label=&#8221;&#8221; background_image=&#8221;598&#8243;][elx_heading font_container=&#8221;h1&#8243; text_color=&#8221;white&#8221;]Center of Excellence &#8211; Szingap\u00far[\/elx_heading][\/elx_hero_title][\/vc_column][\/vc_row][vc_row][vc_column][elx_heading text_color=&#8221;inherit&#8221;]Moszkv\u00e1ban \u00faj bemutat\u00f3terem ny\u00edlik, amely a professzion\u00e1lis \u00e9s h\u00e1ztart\u00e1si k\u00e9sz\u00fcl\u00e9keket kombin\u00e1lja[\/elx_heading][\/vc_column][\/vc_row][vc_row][vc_column][vc_column_text]J\u00fanius 23-\u00e1n a moszkvai Electrolux Professional iroda megnyitotta az \u00faj bemutat\u00f3term\u00e9t, amely a OneElectrolux Professional koncepci\u00f3t t\u00fckr\u00f6zi.<\/p>\n<p>Ez az egyedi helysz\u00edn kombin\u00e1lja a professzion\u00e1lis \u00e9s a h\u00e1ztart\u00e1si k\u00e9sz\u00fcl\u00e9k\u00e9ket &#8211; az Electrolux Professional k\u00e9t f\u0151 pill\u00e9r\u00e9t.[\/vc_column_text][\/vc_column][\/vc_row][vc_row][vc_column width=&#8221;1\/3&#8243;][vc_column_text]Kett\u0151 akt\u00edv konyha (professzion\u00e1lis \u00e9s h\u00e1ztart\u00e1si), egy professzion\u00e1lis mosodatechnikai z\u00f3na, egy el\u0151ad\u00f3terem \u00e9s egy sz\u00e9lesk\u00f6r\u0171, h\u00e1ztart\u00e1si berendez\u00e9sekre (sz\u00f6vet tiszt\u00edt\u00e1s, \u00e9tel el\u0151k\u00e9sz\u00edt\u00e9s, takar\u00edt\u00e1s) vonatkoz\u00f3\u00a0ki\u00e1ll\u00edt\u00e1s ker\u00fclt kialak\u00edt\u00e1sra egy 421 n\u00e9gyzetm\u00e9teres ter\u00fcleten, az Electrolux Professional iroda mellett, amely seg\u00edti az Electrolux Professional bemutat\u00e1s\u00e1t a v\u00e1s\u00e1rl\u00f3k \u00e9s a fogyaszt\u00f3k sz\u00e1m\u00e1ra.[\/vc_column_text][\/vc_column][vc_column width=&#8221;2\/3&#8243;][vc_row_inner css=&#8221;.vc_custom_1482327757942{margin-right: 0px !important;margin-left: 0px !important;border-right-width: 0px !important;border-left-width: 0px !important;padding-right: 0px !important;padding-left: 0px !important;}&#8221;][vc_column_inner width=&#8221;1\/2&#8243; css=&#8221;.vc_custom_1482327773047{margin-left: 0px !important;border-left-width: 0px !important;padding-left: 0px !important;}&#8221;][elx_image_block background_image=&#8221;1928&#8243; minimum_height=&#8221;266px&#8221;][\/vc_column_inner][vc_column_inner width=&#8221;1\/2&#8243; css=&#8221;.vc_custom_1482327779077{margin-right: 0px !important;border-right-width: 0px !important;padding-right: 0px !important;}&#8221;][elx_image_block background_image=&#8221;1929&#8243; minimum_height=&#8221;266px&#8221;][\/vc_column_inner][\/vc_row_inner][\/vc_column][\/vc_row][vc_row][vc_column][vc_column_text]A megnyit\u00f3 cerem\u00f3ni\u00e1n Harri Paivaniemi, az oroszorsz\u00e1gi Electrolux vez\u00e9rigazgat\u00f3ja kiemelte a k\u00e9t f\u0151 Electrolux\u00a0Professional \u00fczlet\u00e1g &#8211; a professzion\u00e1lis \u00e9s h\u00e1ztart\u00e1si k\u00e9sz\u00fcl\u00e9kgy\u00e1rt\u00e1s &#8211; egy\u00fcttm\u0171k\u00f6d\u00e9s\u00e9nek alapvet\u0151, strat\u00e9giai fontoss\u00e1g\u00e1t.[\/vc_column_text][\/vc_column][\/vc_row][vc_row][vc_column width=&#8221;1\/3&#8243;][vc_column_text]A OneElectrolux Professional Bemutat\u00f3terem a legjobb m\u00f3dszer a partnereink \u00e9s v\u00e1s\u00e1rl\u00f3ink inspir\u00e1l\u00e1s\u00e1ra professzion\u00e1lis tapasztalattal, innov\u00e1ci\u00f3val \u00e9s szak\u00e9rtelemmel, az Electrolux Professional \u00f6sszes term\u00e9kkateg\u00f3ri\u00e1j\u00e1t \u00e9rintve.[\/vc_column_text][\/vc_column][vc_column width=&#8221;2\/3&#8243;][elx_image_block background_image=&#8221;1930&#8243; minimum_height=&#8221;297px&#8221;][\/vc_column][\/vc_row][vc_row][vc_column][vc_empty_space][elx_heading text_color=&#8221;inherit&#8221;]Nonprofit esem\u00e9ny a CoE-n, Szingap\u00farban[\/elx_heading][vc_empty_space height=&#8221;15px&#8221;][\/vc_column][\/vc_row][vc_row][vc_column width=&#8221;1\/2&#8243;][vc_column_text]A szingap\u00fari Center of Excellence ter\u00fclet\u00e9n ker\u00fclt megrendez\u00e9sre az els\u0151 nonprofit rendezv\u00e9ny\u00fcnk a DOT Singapore-al egy\u00fcttm\u0171k\u00f6dve.<\/p>\n<p>A Daughters of Tomorrow (DOT) egy szingap\u00fari szervezet, amely \u00f6nbizalom n\u00f6vel\u00e9ssel, k\u00e9szs\u00e9gfejleszt\u00e9ssel \u00e9s foglalkoztat\u00e1sbeli seg\u00edts\u00e9gny\u00fajt\u00e1ssal t\u00e1mogatja a h\u00e1tr\u00e1nyos helyzet\u0171 n\u0151ket.<\/p>\n<p>Ez egy nagyszer\u0171 tal\u00e1lkoz\u00f3 \u00e9s jelent\u0151s lehet\u0151s\u00e9g volt arra, hogy visszaadjanak valamit a t\u00e1rsadalomnak.<\/p>\n<p>Ek\u00f6zben a Royal Catering \u00e9s a Kate&#8217;s Catering vez\u00e9rigazgat\u00f3i megl\u00e1togatt\u00e1k a CoE-t a Cook&amp;Chill technol\u00f3gia \u00e9s a t\u00falnyom\u00e1s alatti f\u0151z\u0151\u00fcst\u00f6k ir\u00e1nt \u00e9rdekl\u0151dve.[\/vc_column_text][\/vc_column][vc_column width=&#8221;1\/2&#8243;][elx_image_block background_image=&#8221;1931&#8243; minimum_height=&#8221;400px&#8221;][\/vc_column][\/vc_row][vc_row][vc_column][vc_column_text]Az Electrolux Professional \u00e1ltal biztos\u00edtott k\u00e9sz\u00fcl\u00e9kek seg\u00edtett\u00e9k \u0151ket a produktivit\u00e1s n\u00f6vel\u00e9s\u00e9ben \u00e9s a r\u00e1ford\u00edtott id\u0151 \u00e9s stressz cs\u00f6kkent\u00e9s\u00e9ben.<\/p>\n<p>Az innov\u00e1ci\u00f3 \u00e9s a technol\u00f3gia teszi az Electroluxot Professional leny\u0171g\u00f6z\u0151v\u00e9.[\/vc_column_text][\/vc_column][\/vc_row][vc_row][vc_column][elx_heading font_container=&#8221;h3&#8243; font_size=&#8221;h2&#8243; text_color=&#8221;inherit&#8221;]20 Centers of Excellence terem vil\u00e1gszerte. T\u00f6bb, mint 15.000 l\u00e1togat\u00f3 \u00e9vente.[\/elx_heading][vc_column_text]T\u00f6bb, mint 60 s\u00e9f tev\u00e9kenykedik akt\u00edvan az egyedi <strong>Electrolux Professional Chef Akad\u00e9mi\u00e1<\/strong>b\u00f3l, \u00e9s sz\u00e1mos mosodatechnikai szakember ny\u00fajt tr\u00e9ningeket \u00e9s ad tan\u00e1csokat a v\u00e1s\u00e1rl\u00f3knak a glob\u00e1lis tapasztalatokra \u00e9s a legmagasabb szint\u0171 hozz\u00e1\u00e9rt\u00e9sre alapozva mind professzion\u00e1lis mosodatechnika, mind konyhatechnol\u00f3gia ter\u00e9n.[\/vc_column_text][vc_single_image image=&#8221;1932&#8243; img_size=&#8221;full&#8221;][\/vc_column][\/vc_row][vc_row][vc_column][elx_heading text_color=&#8221;inherit&#8221;]Az olaszorsz\u00e1gi Center of Excellence[\/elx_heading][\/vc_column][\/vc_row][vc_row][vc_column width=&#8221;2\/3&#8243;][vc_column_text]A k\u00f6zpontunkban l\u00e9v\u0151 Center of Excellence egy modern \u00e9s funkcion\u00e1lis bemutat\u00f3terem, amely professzion\u00e1lis megold\u00e1sokat k\u00edn\u00e1l a vend\u00e9gl\u00e1t\u00e1sban tev\u00e9kenyked\u0151k sz\u00e1m\u00e1ra. Egyedi oktat\u00e1si \u00e9lm\u00e9nyt ny\u00fajt.[\/vc_column_text][\/vc_column][vc_column width=&#8221;1\/3&#8243;][vc_single_image image=&#8221;1933&#8243; img_size=&#8221;full&#8221;][\/vc_column][\/vc_row][vc_row][vc_column][vc_column_text]<\/p>\n<ul>\n<li>3.500 m2 szemin\u00e1riumok, tanfolyamok, workshopok \u00e9s egy\u00e9b esem\u00e9nyek r\u00e9sz\u00e9re<\/li>\n<li><a href=\"https:\/\/www.electroluxprofessional.com\/hu\/chef-s-hub\/electrolux-chef-academy\/\">Electrolux\u00a0 Professional Chef Academy<\/a><\/li>\n<li>4 oktat\u00f3 konyha<\/li>\n<li>v\u00e1llalati \u00e9tterem &#8220;vizu\u00e1lis laborat\u00f3riummal&#8221;<\/li>\n<li>a legjobb kulin\u00e1ris iskol\u00e1k tanfolyamai \u00e1ltal inspir\u00e1lt szemin\u00e1riumok \u00f3rarendje<\/li>\n<li>t\u00f6bb, mint 6,000 vend\u00e9g \u00e9vente<\/li>\n<\/ul>\n<p>[\/vc_column_text][\/vc_column][\/vc_row][vc_row][vc_column][elx_heading font_container=&#8221;h3&#8243; text_color=&#8221;inherit&#8221;]Tegyen egy virtu\u00e1lis s\u00e9t\u00e1t az olaszorsz\u00e1gi Center of Excellence-ben[\/elx_heading][vc_column_text]<span style=\"color: #ff6600;\">Virtu\u00e1lis t\u00fara<\/span>[\/vc_column_text][\/vc_column][\/vc_row]<\/p>\n","protected":false},"excerpt":{"rendered":"<p>[vc_row full_width=&#8221;electroluxpro-full-width-no-padding&#8221;][vc_column][elx_hero_title label=&#8221;&#8221; background_image=&#8221;598&#8243;][elx_heading font_container=&#8221;h1&#8243; text_color=&#8221;white&#8221;]Center of Excellence &#8211; Szingap\u00far[\/elx_heading][\/elx_hero_title][\/vc_column][\/vc_row][vc_row][vc_column][elx_heading text_color=&#8221;inherit&#8221;]Moszkv\u00e1ban \u00faj bemutat\u00f3terem ny\u00edlik, amely a professzion\u00e1lis \u00e9s h\u00e1ztart\u00e1si k\u00e9sz\u00fcl\u00e9keket kombin\u00e1lja[\/elx_heading][\/vc_column][\/vc_row][vc_row][vc_column][vc_column_text]J\u00fanius 23-\u00e1n a moszkvai Electrolux Professional iroda megnyitotta az \u00faj bemutat\u00f3term\u00e9t, amely a OneElectrolux Professional koncepci\u00f3t t\u00fckr\u00f6zi. Ez az egyedi helysz\u00edn kombin\u00e1lja a professzion\u00e1lis \u00e9s a h\u00e1ztart\u00e1si k\u00e9sz\u00fcl\u00e9k\u00e9ket &#8211; az Electrolux Professional k\u00e9t f\u0151 pill\u00e9r\u00e9t.[\/vc_column_text][\/vc_column][\/vc_row][vc_row][vc_column [&hellip;]<\/p>\n","protected":false},"author":3,"featured_media":0,"parent":0,"menu_order":0,"comment_status":"closed","ping_status":"closed","template":"","meta":{"footnotes":""},"class_list":["post-2712","page","type-page","status-publish","hentry"],"yoast_head":"<!-- This site is optimized with the Yoast SEO plugin v23.3 - https:\/\/yoast.com\/wordpress\/plugins\/seo\/ -->\n<title>Center of Excellence - Szingap\u00far - Electrolux Professional Magyarorsz\u00e1g<\/title>\n<meta name=\"robots\" content=\"index, follow, max-snippet:-1, max-image-preview:large, max-video-preview:-1\" \/>\n<link rel=\"canonical\" href=\"https:\/\/www.electroluxprofessional.com\/hu\/center-excellence-szingapur\/\" \/>\n<meta property=\"og:locale\" content=\"hu_HU\" \/>\n<meta property=\"og:type\" content=\"article\" \/>\n<meta property=\"og:title\" content=\"Center of Excellence - Szingap\u00far - Electrolux Professional Magyarorsz\u00e1g\" \/>\n<meta property=\"og:description\" content=\"[vc_row full_width=&#8221;electroluxpro-full-width-no-padding&#8221;][vc_column][elx_hero_title label=&#8221;&#8221; background_image=&#8221;598&#8243;][elx_heading font_container=&#8221;h1&#8243; text_color=&#8221;white&#8221;]Center of Excellence &#8211; Szingap\u00far[\/elx_heading][\/elx_hero_title][\/vc_column][\/vc_row][vc_row][vc_column][elx_heading text_color=&#8221;inherit&#8221;]Moszkv\u00e1ban \u00faj bemutat\u00f3terem ny\u00edlik, amely a professzion\u00e1lis \u00e9s h\u00e1ztart\u00e1si k\u00e9sz\u00fcl\u00e9keket kombin\u00e1lja[\/elx_heading][\/vc_column][\/vc_row][vc_row][vc_column][vc_column_text]J\u00fanius 23-\u00e1n a moszkvai Electrolux Professional iroda megnyitotta az \u00faj bemutat\u00f3term\u00e9t, amely a OneElectrolux Professional koncepci\u00f3t t\u00fckr\u00f6zi. Ez az egyedi helysz\u00edn kombin\u00e1lja a professzion\u00e1lis \u00e9s a h\u00e1ztart\u00e1si k\u00e9sz\u00fcl\u00e9k\u00e9ket &#8211; az Electrolux Professional k\u00e9t f\u0151 pill\u00e9r\u00e9t.[\/vc_column_text][\/vc_column][\/vc_row][vc_row][vc_column [&hellip;]\" \/>\n<meta property=\"og:url\" content=\"https:\/\/www.electroluxprofessional.com\/hu\/center-excellence-szingapur\/\" \/>\n<meta property=\"og:site_name\" content=\"Electrolux Professional Magyarorsz\u00e1g\" \/>\n<meta property=\"article:modified_time\" content=\"2020-04-20T18:30:45+00:00\" \/>\n<meta name=\"twitter:card\" content=\"summary_large_image\" \/>\n<meta name=\"twitter:label1\" content=\"Becs\u00fclt olvas\u00e1si id\u0151\" \/>\n\t<meta name=\"twitter:data1\" content=\"5 perc\" \/>\n<script type=\"application\/ld+json\" class=\"yoast-schema-graph\">{\"@context\":\"https:\/\/schema.org\",\"@graph\":[{\"@type\":\"WebPage\",\"@id\":\"https:\/\/www.electroluxprofessional.com\/hu\/center-excellence-szingapur\/\",\"url\":\"https:\/\/www.electroluxprofessional.com\/hu\/center-excellence-szingapur\/\",\"name\":\"Center of Excellence - Szingap\u00far - Electrolux Professional Magyarorsz\u00e1g\",\"isPartOf\":{\"@id\":\"https:\/\/www.electroluxprofessional.com\/hu\/#website\"},\"datePublished\":\"2017-05-15T08:38:38+00:00\",\"dateModified\":\"2020-04-20T18:30:45+00:00\",\"breadcrumb\":{\"@id\":\"https:\/\/www.electroluxprofessional.com\/hu\/center-excellence-szingapur\/#breadcrumb\"},\"inLanguage\":\"hu\",\"potentialAction\":[{\"@type\":\"ReadAction\",\"target\":[\"https:\/\/www.electroluxprofessional.com\/hu\/center-excellence-szingapur\/\"]}]},{\"@type\":\"BreadcrumbList\",\"@id\":\"https:\/\/www.electroluxprofessional.com\/hu\/center-excellence-szingapur\/#breadcrumb\",\"itemListElement\":[{\"@type\":\"ListItem\",\"position\":1,\"name\":\"Home\",\"item\":\"https:\/\/www.electroluxprofessional.com\/hu\/\"},{\"@type\":\"ListItem\",\"position\":2,\"name\":\"Center of Excellence &#8211; Szingap\u00far\"}]},{\"@type\":\"WebSite\",\"@id\":\"https:\/\/www.electroluxprofessional.com\/hu\/#website\",\"url\":\"https:\/\/www.electroluxprofessional.com\/hu\/\",\"name\":\"Electrolux Professional Magyarorsz\u00e1g\",\"description\":\"\",\"potentialAction\":[{\"@type\":\"SearchAction\",\"target\":{\"@type\":\"EntryPoint\",\"urlTemplate\":\"https:\/\/www.electroluxprofessional.com\/hu\/?src={search_term_string}\"},\"query-input\":\"required name=search_term_string\"}],\"inLanguage\":\"hu\"}]}<\/script>\n<!-- \/ Yoast SEO plugin. -->","yoast_head_json":{"title":"Center of Excellence - Szingap\u00far - Electrolux Professional Magyarorsz\u00e1g","robots":{"index":"index","follow":"follow","max-snippet":"max-snippet:-1","max-image-preview":"max-image-preview:large","max-video-preview":"max-video-preview:-1"},"canonical":"https:\/\/www.electroluxprofessional.com\/hu\/center-excellence-szingapur\/","og_locale":"hu_HU","og_type":"article","og_title":"Center of Excellence - Szingap\u00far - Electrolux Professional Magyarorsz\u00e1g","og_description":"[vc_row full_width=&#8221;electroluxpro-full-width-no-padding&#8221;][vc_column][elx_hero_title label=&#8221;&#8221; background_image=&#8221;598&#8243;][elx_heading font_container=&#8221;h1&#8243; text_color=&#8221;white&#8221;]Center of Excellence &#8211; Szingap\u00far[\/elx_heading][\/elx_hero_title][\/vc_column][\/vc_row][vc_row][vc_column][elx_heading text_color=&#8221;inherit&#8221;]Moszkv\u00e1ban \u00faj bemutat\u00f3terem ny\u00edlik, amely a professzion\u00e1lis \u00e9s h\u00e1ztart\u00e1si k\u00e9sz\u00fcl\u00e9keket kombin\u00e1lja[\/elx_heading][\/vc_column][\/vc_row][vc_row][vc_column][vc_column_text]J\u00fanius 23-\u00e1n a moszkvai Electrolux Professional iroda megnyitotta az \u00faj bemutat\u00f3term\u00e9t, amely a OneElectrolux Professional koncepci\u00f3t t\u00fckr\u00f6zi. Ez az egyedi helysz\u00edn kombin\u00e1lja a professzion\u00e1lis \u00e9s a h\u00e1ztart\u00e1si k\u00e9sz\u00fcl\u00e9k\u00e9ket &#8211; az Electrolux Professional k\u00e9t f\u0151 pill\u00e9r\u00e9t.[\/vc_column_text][\/vc_column][\/vc_row][vc_row][vc_column [&hellip;]","og_url":"https:\/\/www.electroluxprofessional.com\/hu\/center-excellence-szingapur\/","og_site_name":"Electrolux Professional Magyarorsz\u00e1g","article_modified_time":"2020-04-20T18:30:45+00:00","twitter_card":"summary_large_image","twitter_misc":{"Becs\u00fclt olvas\u00e1si id\u0151":"5 perc"},"schema":{"@context":"https:\/\/schema.org","@graph":[{"@type":"WebPage","@id":"https:\/\/www.electroluxprofessional.com\/hu\/center-excellence-szingapur\/","url":"https:\/\/www.electroluxprofessional.com\/hu\/center-excellence-szingapur\/","name":"Center of Excellence - Szingap\u00far - Electrolux Professional Magyarorsz\u00e1g","isPartOf":{"@id":"https:\/\/www.electroluxprofessional.com\/hu\/#website"},"datePublished":"2017-05-15T08:38:38+00:00","dateModified":"2020-04-20T18:30:45+00:00","breadcrumb":{"@id":"https:\/\/www.electroluxprofessional.com\/hu\/center-excellence-szingapur\/#breadcrumb"},"inLanguage":"hu","potentialAction":[{"@type":"ReadAction","target":["https:\/\/www.electroluxprofessional.com\/hu\/center-excellence-szingapur\/"]}]},{"@type":"BreadcrumbList","@id":"https:\/\/www.electroluxprofessional.com\/hu\/center-excellence-szingapur\/#breadcrumb","itemListElement":[{"@type":"ListItem","position":1,"name":"Home","item":"https:\/\/www.electroluxprofessional.com\/hu\/"},{"@type":"ListItem","position":2,"name":"Center of Excellence &#8211; Szingap\u00far"}]},{"@type":"WebSite","@id":"https:\/\/www.electroluxprofessional.com\/hu\/#website","url":"https:\/\/www.electroluxprofessional.com\/hu\/","name":"Electrolux Professional Magyarorsz\u00e1g","description":"","potentialAction":[{"@type":"SearchAction","target":{"@type":"EntryPoint","urlTemplate":"https:\/\/www.electroluxprofessional.com\/hu\/?src={search_term_string}"},"query-input":"required name=search_term_string"}],"inLanguage":"hu"}]}},"_links":{"self":[{"href":"https:\/\/www.electroluxprofessional.com\/hu\/wp-json\/wp\/v2\/pages\/2712"}],"collection":[{"href":"https:\/\/www.electroluxprofessional.com\/hu\/wp-json\/wp\/v2\/pages"}],"about":[{"href":"https:\/\/www.electroluxprofessional.com\/hu\/wp-json\/wp\/v2\/types\/page"}],"author":[{"embeddable":true,"href":"https:\/\/www.electroluxprofessional.com\/hu\/wp-json\/wp\/v2\/users\/3"}],"replies":[{"embeddable":true,"href":"https:\/\/www.electroluxprofessional.com\/hu\/wp-json\/wp\/v2\/comments?post=2712"}],"version-history":[{"count":26,"href":"https:\/\/www.electroluxprofessional.com\/hu\/wp-json\/wp\/v2\/pages\/2712\/revisions"}],"predecessor-version":[{"id":5008,"href":"https:\/\/www.electroluxprofessional.com\/hu\/wp-json\/wp\/v2\/pages\/2712\/revisions\/5008"}],"wp:attachment":[{"href":"https:\/\/www.electroluxprofessional.com\/hu\/wp-json\/wp\/v2\/media?parent=2712"}],"curies":[{"name":"wp","href":"https:\/\/api.w.org\/{rel}","templated":true}]}}