{"id":2681,"date":"2017-05-15T08:34:52","date_gmt":"2017-05-15T08:34:52","guid":{"rendered":"https:\/\/www.electroluxprofessional.com\/hu\/?page_id=2681"},"modified":"2025-11-05T15:00:15","modified_gmt":"2025-11-05T15:00:15","slug":"hotel-lancok","status":"publish","type":"page","link":"https:\/\/www.electroluxprofessional.com\/hu\/hotel-lancok\/","title":{"rendered":"Hotel l\u00e1ncok"},"content":{"rendered":"<p>[vc_row full_width=&#8221;electroluxpro-full-width-no-padding&#8221;][vc_column][elx_hero_slider label_text_color=&#8221;inherit&#8221; images=&#8221;1181&#8243;][elx_heading text_color=&#8221;orange&#8221; text_align=&#8221;text-left&#8221;]A h\u00e1l\u00f3zat \u00e9p\u00edt\u00e9se.<br \/>\nEgy\u00fctt.[\/elx_heading][\/elx_hero_slider][\/vc_column][\/vc_row][vc_row full_width=&#8221;electroluxpro-container-no-padding&#8221; full_height=&#8221;yes&#8221; parallax=&#8221;content-moving&#8221;][vc_column css=&#8221;.vc_custom_1472030236138{padding-top: 20px !important;}&#8221;][elx_heading font_container=&#8221;h1&#8243; font_size=&#8221;h3&#8243; text_color=&#8221;inherit&#8221; text_align=&#8221;text-center&#8221;]Az Electrolux Professional hotell\u00e1ncokra<br \/>\nszakosodott csapata<br \/>\ntudja, mire van \u00d6nnek sz\u00fcks\u00e9ge.[\/elx_heading][\/vc_column][\/vc_row][vc_row][vc_column width=&#8221;1\/2&#8243;][elx_simple_block background_color=&#8221;inherit&#8221;][vc_column_text drop_caps=&#8221;big-first-letter&#8221;]<\/p>\n<p style=\"text-align: left;\">Az Electrolux Professional ugyanazt az <strong>innov\u00e1ci\u00f3t<\/strong>, <strong>fenntarthat\u00f3s\u00e1got<\/strong>, <strong>biztons\u00e1got<\/strong> \u00e9s <strong>egyszer\u0171s\u00e9get<\/strong> biztos\u00edtja minden, adott l\u00e1nchoz tartoz\u00f3 konyh\u00e1n \u00e9s mosod\u00e1ban.<\/p>\n<p>A glob\u00e1lis tapasztalatunknak \u00e9s a kiv\u00e1l\u00f3s\u00e1g ir\u00e1nti elk\u00f6telezetts\u00e9g\u00fcnknek, valamint az \u00d6n amb\u00edci\u00f3j\u00e1nak k\u00f6sz\u00f6nhet\u0151en fel tudjuk \u00e9p\u00edteni a sikeres h\u00e1l\u00f3zat\u00e1t, k\u00f6z\u00f6sen.[\/vc_column_text][\/elx_simple_block][\/vc_column][vc_column width=&#8221;1\/2&#8243;][elx_simple_block background_color=&#8221;inherit&#8221;][\/elx_simple_block][\/vc_column][\/vc_row][vc_row][vc_column][elx_heading text_color=&#8221;inherit&#8221; text_align=&#8221;text-center&#8221;]Hogyan val\u00f3s\u00edtjuk meg az \u00e9rz\u00e9kelhet\u0151 k\u00fcl\u00f6nbs\u00e9get?[\/elx_heading][vc_empty_space height=&#8221;50px&#8221;][\/vc_column][\/vc_row][vc_row][vc_column width=&#8221;1\/2&#8243;][elx_simple_block background_color=&#8221;inherit&#8221;][vc_single_image image=&#8221;1888&#8243; img_size=&#8221;full&#8221; style=&#8221;vc_box_circle_2&#8243;][\/elx_simple_block][\/vc_column][vc_column width=&#8221;1\/2&#8243;][elx_simple_block background_color=&#8221;inherit&#8221;][vc_column_text drop_caps=&#8221;big-first-letter&#8221;]<\/p>\n<h3>Mandarin Oriental<\/h3>\n<p>Mil\u00e1n\u00f3,\u00a0Olaszorsz\u00e1g<\/p>\n<h4>Fels\u0151kateg\u00f3ri\u00e1s megold\u00e1sok,\u00a0kifog\u00e1stalan szerviz<\/h4>\n<p><strong>Egy komplett konyha \u00e9s mosoda<\/strong><br \/>\nA Mil\u00e1n\u00f3 k\u00f6zpontj\u00e1ban l\u00e9v\u0151 exkluz\u00edv Mandarin Oriental hotel a legmagasabb szint\u0171, innovat\u00edv k\u00e9sz\u00fcl\u00e9keket fogadja el.<br \/>\nEz\u00e9rt a\u00a0Mandarin Oriental az Electrolux Professional megold\u00e1sait v\u00e1lasztotta n\u00e9gy konyh\u00e1j\u00e1nak \u00e9s a bels\u0151 mosod\u00e1j\u00e1nak berendez\u00e9s\u00e9hez.[\/vc_column_text][\/elx_simple_block][\/vc_column][\/vc_row][vc_row][vc_column width=&#8221;1\/2&#8243;][elx_simple_block background_color=&#8221;inherit&#8221;][vc_column_text drop_caps=&#8221;big-first-letter&#8221;]<\/p>\n<h3>Sofitel So<\/h3>\n<p>Szingap\u00far<\/p>\n<h4>Luxus kateg\u00f3ri\u00e1s\u00a0boutique hotel<\/h4>\n<p><em>&#8220;A konyh\u00e1m az, ahol a professzion\u00e1lis \u00e9letem zajlik. Ahol alkotok, improviz\u00e1lok \u00e9s l\u00e9trehozok, \u00e9s ahol <strong>a Molteni a lehet\u0151 legjobb<\/strong> t\u0171zhely. Ez a darab a leg\u00e9rt\u00e9kesebb, legprofesszion\u00e1lisabb berendez\u00e9s az \u00edzletes \u00e9telek elk\u00e9sz\u00edt\u00e9s\u00e9hez, ez az \u00e9tterem legjobb egy\u00fcttm\u0171k\u00f6d\u0151 partnere \u00e9s legjobb bar\u00e1tja is egyben.\u201d<\/em><br \/>\n<strong>Anne-Cecile Degenne<\/strong>, Executive Chef[\/vc_column_text][\/elx_simple_block][\/vc_column][vc_column width=&#8221;1\/2&#8243;][elx_simple_block background_color=&#8221;inherit&#8221;][vc_single_image image=&#8221;435&#8243; img_size=&#8221;full&#8221; style=&#8221;vc_box_circle_2&#8243;][\/elx_simple_block][\/vc_column][\/vc_row][vc_row][vc_column width=&#8221;1\/2&#8243;][elx_simple_block background_color=&#8221;inherit&#8221;][vc_single_image image=&#8221;1184&#8243; img_size=&#8221;full&#8221; style=&#8221;vc_box_circle_2&#8243;][\/elx_simple_block][\/vc_column][vc_column width=&#8221;1\/2&#8243;][elx_simple_block background_color=&#8221;inherit&#8221;][vc_column_text drop_caps=&#8221;big-first-letter&#8221;]<\/p>\n<h3>Hilton Bomonti Hotel<\/h3>\n<p>Isztambul<\/p>\n<p>A chef feladata az \u00edzek szimf\u00f3ni\u00e1j\u00e1nak megalkot\u00e1sa a men\u00fcj\u00e9ben l\u00e9v\u0151 \u00f6sszes \u00e9tel\u00e9re vonatkoz\u00f3an. \u0150 a karmester; a konyh\u00e1ja a zenekara \u00e9s minden egys\u00e9g a l\u00e9tfontoss\u00e1g\u00fa f\u0151z\u0151berendez\u00e9seib\u0151l \u00e1ll, melyek alapvet\u0151 c\u00e9lja a v\u00e9gs\u0151 remekm\u0171ben t\u00f6rt\u00e9n\u0151 szerepl\u00e9s.<br \/>\nT\u00f6r\u00f6korsz\u00e1gban, az \u00faj, legnagyobb, 5 csillagos Hilton Bomonti Hotelben \u00e9s Kongresszusi K\u00f6zpontban a chefek gasztron\u00f3miai szimf\u00f3ni\u00e1it az Electrolux Professional inspir\u00e1lja.[\/vc_column_text][\/elx_simple_block][\/vc_column][\/vc_row][vc_row][vc_column width=&#8221;1\/2&#8243;][elx_simple_block background_color=&#8221;inherit&#8221;][vc_column_text drop_caps=&#8221;big-first-letter&#8221;]<\/p>\n<h3>Rome Cavalieri, Waldorf Astoria Hotels and Resorts<\/h3>\n<p>R\u00f3ma,\u00a0Olaszorsz\u00e1g<\/p>\n<p>A Rome Cavalieri executive chefje, Franco Verucci olyan megold\u00e1st keresett, amely k\u00e9pes helyt\u00e1llni a legnehezebb szitu\u00e1ci\u00f3kban, mik\u00f6zben a a legjobb min\u0151s\u00e9g\u0171 eredm\u00e9nyeket biztos\u00edtja, maxim\u00e1lis hat\u00e9konys\u00e1g mellett. A t\u00f6bb konyha \u00e9s egy hatalmas recepci\u00f3 kiszolg\u00e1l\u00e1s\u00e1ra a legmegfelel\u0151bb partnernek az Electrolux Professional bizonyult, aki k\u00e9pes volt annak a t\u00f6k\u00e9letes megold\u00e1snak a biztos\u00edt\u00e1s\u00e1ra, amely megk\u00f6nny\u00edti a chef munk\u00e1j\u00e1t \u00e9s profitot termel a hotel sz\u00e1m\u00e1ra.[\/vc_column_text][\/elx_simple_block][\/vc_column][vc_column width=&#8221;1\/2&#8243;][elx_simple_block background_color=&#8221;inherit&#8221;][vc_single_image image=&#8221;1287&#8243; img_size=&#8221;full&#8221; style=&#8221;vc_box_circle_2&#8243;][\/elx_simple_block][\/vc_column][\/vc_row][vc_row full_width=&#8221;electroluxpro-container-no-padding&#8221;][vc_column][vc_empty_space][elx_heading font_container=&#8221;h3&#8243; text_color=&#8221;inherit&#8221; text_align=&#8221;text-center&#8221;]Val\u00f3s\u00edtsunk meg egy\u00fctt egy nyer\u0151 energia cser\u00e9t[\/elx_heading][vc_empty_space height=&#8221;50px&#8221;][\/vc_column][\/vc_row][vc_row][vc_column width=&#8221;1\/2&#8243;][elx_simple_block background_color=&#8221;inherit&#8221;][elx_heading font_container=&#8221;h3&#8243; font_size=&#8221;h4&#8243; text_color=&#8221;inherit&#8221; text_align=&#8221;text-left&#8221;]Glob\u00e1lis R&amp;D csapat[\/elx_heading][vc_column_text drop_caps=&#8221;big-first-letter&#8221;]A glob\u00e1lis R&amp;D csapatok kihaszn\u00e1lj\u00e1k a tervez\u0151 szektorok k\u00f6z\u00f6tti egy\u00fcttm\u0171k\u00f6d\u00e9si lehet\u0151s\u00e9geket, ezzel cs\u00f6kkentik a piacra ker\u00fcl\u00e9si id\u0151t, mik\u00f6zben piackutat\u00e1st v\u00e9geznek.[\/vc_column_text][\/elx_simple_block][\/vc_column][vc_column width=&#8221;1\/2&#8243;][elx_simple_block background_color=&#8221;inherit&#8221;][elx_heading font_container=&#8221;h3&#8243; font_size=&#8221;h4&#8243; text_color=&#8221;inherit&#8221; text_align=&#8221;text-left&#8221;]A vil\u00e1g legkiterjedtebb \u00fcgyf\u00e9lszolg\u00e1lati h\u00e1l\u00f3zata[\/elx_heading][vc_column_text drop_caps=&#8221;big-first-letter&#8221;]Az Electrolux Professional a vil\u00e1g legkiterjedtebb \u00fcgyf\u00e9lszolg\u00e1lati h\u00e1l\u00f3zat\u00e1t m\u0171k\u00f6dteti, k\u00e9pes kiel\u00e9g\u00edteni a v\u00e1s\u00e1rl\u00e1s el\u0151tt, v\u00e1s\u00e1rl\u00e1s k\u00f6zbeni \u00e9s v\u00e1s\u00e1rl\u00e1s ut\u00e1n felmer\u00fcl\u0151 \u00f6sszes ig\u00e9ny\u00e9t.[\/vc_column_text][\/elx_simple_block][\/vc_column][\/vc_row][vc_row][vc_column][vc_empty_space height=&#8221;50px&#8221;][elx_heading font_size=&#8221;h2&#8243; text_color=&#8221;inherit&#8221;]L\u00e9pjen kapcsolatba kiv\u00e1l\u00f3 csapatunkkal[\/elx_heading][elx_o2000_contact_us s=&#8221;Inform\u00e1ci\u00f3 k\u00e9r\u00e9s err\u0151l a term\u00e9kr\u0151l Hotel l\u00e1ncok&#8221; country=&#8221;Hungary&#8221; container=&#8221;elxcontactus1472110569&#8243; r=&#8221;Szeretn\u00e9k t\u00f6bb inform\u00e1ci\u00f3t kapni err\u0151l a term\u00e9kr\u0151l Hotel l\u00e1ncok. K\u00e9rem, vegy\u00e9k fel velem a kapcsolatot.&#8221; l=&#8221;hu&#8221;][\/vc_column][\/vc_row]<\/p>\n","protected":false},"excerpt":{"rendered":"<p>[vc_row full_width=&#8221;electroluxpro-full-width-no-padding&#8221;][vc_column][elx_hero_slider label_text_color=&#8221;inherit&#8221; images=&#8221;1181&#8243;][elx_heading text_color=&#8221;orange&#8221; text_align=&#8221;text-left&#8221;]A h\u00e1l\u00f3zat \u00e9p\u00edt\u00e9se. Egy\u00fctt.[\/elx_heading][\/elx_hero_slider][\/vc_column][\/vc_row][vc_row full_width=&#8221;electroluxpro-container-no-padding&#8221; full_height=&#8221;yes&#8221; parallax=&#8221;content-moving&#8221;][vc_column css=&#8221;.vc_custom_1472030236138{padding-top: 20px !important;}&#8221;][elx_heading font_container=&#8221;h1&#8243; font_size=&#8221;h3&#8243; text_color=&#8221;inherit&#8221; text_align=&#8221;text-center&#8221;]Az Electrolux Professional hotell\u00e1ncokra szakosodott csapata tudja, mire van \u00d6nnek sz\u00fcks\u00e9ge.[\/elx_heading][\/vc_column][\/vc_row][vc_row][vc_column width=&#8221;1\/2&#8243;][elx_simple_block background_color=&#8221;inherit&#8221;][vc_column_text drop_caps=&#8221;big-first-letter&#8221;] Az Electrolux Professional ugyanazt az innov\u00e1ci\u00f3t, fenntarthat\u00f3s\u00e1got, biztons\u00e1got \u00e9s egyszer\u0171s\u00e9get biztos\u00edtja minden, adott l\u00e1nchoz tartoz\u00f3 konyh\u00e1n \u00e9s mosod\u00e1ban. A glob\u00e1lis tapasztalatunknak \u00e9s a [&hellip;]<\/p>\n","protected":false},"author":3,"featured_media":0,"parent":0,"menu_order":0,"comment_status":"closed","ping_status":"closed","template":"","meta":{"footnotes":""},"class_list":["post-2681","page","type-page","status-publish","hentry"],"yoast_head":"<!-- This site is optimized with the Yoast SEO plugin v23.3 - https:\/\/yoast.com\/wordpress\/plugins\/seo\/ -->\n<title>Hotel l\u00e1ncok - Electrolux Professional Magyarorsz\u00e1g<\/title>\n<meta name=\"robots\" content=\"index, follow, max-snippet:-1, max-image-preview:large, max-video-preview:-1\" \/>\n<link rel=\"canonical\" href=\"https:\/\/www.electroluxprofessional.com\/hu\/hotel-lancok\/\" \/>\n<meta property=\"og:locale\" content=\"hu_HU\" \/>\n<meta property=\"og:type\" content=\"article\" \/>\n<meta property=\"og:title\" content=\"Hotel l\u00e1ncok - Electrolux Professional Magyarorsz\u00e1g\" \/>\n<meta property=\"og:description\" content=\"[vc_row full_width=&#8221;electroluxpro-full-width-no-padding&#8221;][vc_column][elx_hero_slider label_text_color=&#8221;inherit&#8221; images=&#8221;1181&#8243;][elx_heading text_color=&#8221;orange&#8221; text_align=&#8221;text-left&#8221;]A h\u00e1l\u00f3zat \u00e9p\u00edt\u00e9se. Egy\u00fctt.[\/elx_heading][\/elx_hero_slider][\/vc_column][\/vc_row][vc_row full_width=&#8221;electroluxpro-container-no-padding&#8221; full_height=&#8221;yes&#8221; parallax=&#8221;content-moving&#8221;][vc_column css=&#8221;.vc_custom_1472030236138{padding-top: 20px !important;}&#8221;][elx_heading font_container=&#8221;h1&#8243; font_size=&#8221;h3&#8243; text_color=&#8221;inherit&#8221; text_align=&#8221;text-center&#8221;]Az Electrolux Professional hotell\u00e1ncokra szakosodott csapata tudja, mire van \u00d6nnek sz\u00fcks\u00e9ge.[\/elx_heading][\/vc_column][\/vc_row][vc_row][vc_column width=&#8221;1\/2&#8243;][elx_simple_block background_color=&#8221;inherit&#8221;][vc_column_text drop_caps=&#8221;big-first-letter&#8221;] Az Electrolux Professional ugyanazt az innov\u00e1ci\u00f3t, fenntarthat\u00f3s\u00e1got, biztons\u00e1got \u00e9s egyszer\u0171s\u00e9get biztos\u00edtja minden, adott l\u00e1nchoz tartoz\u00f3 konyh\u00e1n \u00e9s mosod\u00e1ban. A glob\u00e1lis tapasztalatunknak \u00e9s a [&hellip;]\" \/>\n<meta property=\"og:url\" content=\"https:\/\/www.electroluxprofessional.com\/hu\/hotel-lancok\/\" \/>\n<meta property=\"og:site_name\" content=\"Electrolux Professional Magyarorsz\u00e1g\" \/>\n<meta property=\"article:modified_time\" content=\"2025-11-05T15:00:15+00:00\" \/>\n<meta name=\"twitter:card\" content=\"summary_large_image\" \/>\n<meta name=\"twitter:label1\" content=\"Becs\u00fclt olvas\u00e1si id\u0151\" \/>\n\t<meta name=\"twitter:data1\" content=\"3 perc\" \/>\n<script type=\"application\/ld+json\" class=\"yoast-schema-graph\">{\"@context\":\"https:\/\/schema.org\",\"@graph\":[{\"@type\":\"WebPage\",\"@id\":\"https:\/\/www.electroluxprofessional.com\/hu\/hotel-lancok\/\",\"url\":\"https:\/\/www.electroluxprofessional.com\/hu\/hotel-lancok\/\",\"name\":\"Hotel l\u00e1ncok - Electrolux Professional Magyarorsz\u00e1g\",\"isPartOf\":{\"@id\":\"https:\/\/www.electroluxprofessional.com\/hu\/#website\"},\"datePublished\":\"2017-05-15T08:34:52+00:00\",\"dateModified\":\"2025-11-05T15:00:15+00:00\",\"breadcrumb\":{\"@id\":\"https:\/\/www.electroluxprofessional.com\/hu\/hotel-lancok\/#breadcrumb\"},\"inLanguage\":\"hu\",\"potentialAction\":[{\"@type\":\"ReadAction\",\"target\":[\"https:\/\/www.electroluxprofessional.com\/hu\/hotel-lancok\/\"]}]},{\"@type\":\"BreadcrumbList\",\"@id\":\"https:\/\/www.electroluxprofessional.com\/hu\/hotel-lancok\/#breadcrumb\",\"itemListElement\":[{\"@type\":\"ListItem\",\"position\":1,\"name\":\"Home\",\"item\":\"https:\/\/www.electroluxprofessional.com\/hu\/\"},{\"@type\":\"ListItem\",\"position\":2,\"name\":\"Hotel l\u00e1ncok\"}]},{\"@type\":\"WebSite\",\"@id\":\"https:\/\/www.electroluxprofessional.com\/hu\/#website\",\"url\":\"https:\/\/www.electroluxprofessional.com\/hu\/\",\"name\":\"Electrolux Professional Magyarorsz\u00e1g\",\"description\":\"\",\"potentialAction\":[{\"@type\":\"SearchAction\",\"target\":{\"@type\":\"EntryPoint\",\"urlTemplate\":\"https:\/\/www.electroluxprofessional.com\/hu\/?src={search_term_string}\"},\"query-input\":\"required name=search_term_string\"}],\"inLanguage\":\"hu\"}]}<\/script>\n<!-- \/ Yoast SEO plugin. -->","yoast_head_json":{"title":"Hotel l\u00e1ncok - Electrolux Professional Magyarorsz\u00e1g","robots":{"index":"index","follow":"follow","max-snippet":"max-snippet:-1","max-image-preview":"max-image-preview:large","max-video-preview":"max-video-preview:-1"},"canonical":"https:\/\/www.electroluxprofessional.com\/hu\/hotel-lancok\/","og_locale":"hu_HU","og_type":"article","og_title":"Hotel l\u00e1ncok - Electrolux Professional Magyarorsz\u00e1g","og_description":"[vc_row full_width=&#8221;electroluxpro-full-width-no-padding&#8221;][vc_column][elx_hero_slider label_text_color=&#8221;inherit&#8221; images=&#8221;1181&#8243;][elx_heading text_color=&#8221;orange&#8221; text_align=&#8221;text-left&#8221;]A h\u00e1l\u00f3zat \u00e9p\u00edt\u00e9se. Egy\u00fctt.[\/elx_heading][\/elx_hero_slider][\/vc_column][\/vc_row][vc_row full_width=&#8221;electroluxpro-container-no-padding&#8221; full_height=&#8221;yes&#8221; parallax=&#8221;content-moving&#8221;][vc_column css=&#8221;.vc_custom_1472030236138{padding-top: 20px !important;}&#8221;][elx_heading font_container=&#8221;h1&#8243; font_size=&#8221;h3&#8243; text_color=&#8221;inherit&#8221; text_align=&#8221;text-center&#8221;]Az Electrolux Professional hotell\u00e1ncokra szakosodott csapata tudja, mire van \u00d6nnek sz\u00fcks\u00e9ge.[\/elx_heading][\/vc_column][\/vc_row][vc_row][vc_column width=&#8221;1\/2&#8243;][elx_simple_block background_color=&#8221;inherit&#8221;][vc_column_text drop_caps=&#8221;big-first-letter&#8221;] Az Electrolux Professional ugyanazt az innov\u00e1ci\u00f3t, fenntarthat\u00f3s\u00e1got, biztons\u00e1got \u00e9s egyszer\u0171s\u00e9get biztos\u00edtja minden, adott l\u00e1nchoz tartoz\u00f3 konyh\u00e1n \u00e9s mosod\u00e1ban. A glob\u00e1lis tapasztalatunknak \u00e9s a [&hellip;]","og_url":"https:\/\/www.electroluxprofessional.com\/hu\/hotel-lancok\/","og_site_name":"Electrolux Professional Magyarorsz\u00e1g","article_modified_time":"2025-11-05T15:00:15+00:00","twitter_card":"summary_large_image","twitter_misc":{"Becs\u00fclt olvas\u00e1si id\u0151":"3 perc"},"schema":{"@context":"https:\/\/schema.org","@graph":[{"@type":"WebPage","@id":"https:\/\/www.electroluxprofessional.com\/hu\/hotel-lancok\/","url":"https:\/\/www.electroluxprofessional.com\/hu\/hotel-lancok\/","name":"Hotel l\u00e1ncok - Electrolux Professional Magyarorsz\u00e1g","isPartOf":{"@id":"https:\/\/www.electroluxprofessional.com\/hu\/#website"},"datePublished":"2017-05-15T08:34:52+00:00","dateModified":"2025-11-05T15:00:15+00:00","breadcrumb":{"@id":"https:\/\/www.electroluxprofessional.com\/hu\/hotel-lancok\/#breadcrumb"},"inLanguage":"hu","potentialAction":[{"@type":"ReadAction","target":["https:\/\/www.electroluxprofessional.com\/hu\/hotel-lancok\/"]}]},{"@type":"BreadcrumbList","@id":"https:\/\/www.electroluxprofessional.com\/hu\/hotel-lancok\/#breadcrumb","itemListElement":[{"@type":"ListItem","position":1,"name":"Home","item":"https:\/\/www.electroluxprofessional.com\/hu\/"},{"@type":"ListItem","position":2,"name":"Hotel l\u00e1ncok"}]},{"@type":"WebSite","@id":"https:\/\/www.electroluxprofessional.com\/hu\/#website","url":"https:\/\/www.electroluxprofessional.com\/hu\/","name":"Electrolux Professional Magyarorsz\u00e1g","description":"","potentialAction":[{"@type":"SearchAction","target":{"@type":"EntryPoint","urlTemplate":"https:\/\/www.electroluxprofessional.com\/hu\/?src={search_term_string}"},"query-input":"required name=search_term_string"}],"inLanguage":"hu"}]}},"_links":{"self":[{"href":"https:\/\/www.electroluxprofessional.com\/hu\/wp-json\/wp\/v2\/pages\/2681"}],"collection":[{"href":"https:\/\/www.electroluxprofessional.com\/hu\/wp-json\/wp\/v2\/pages"}],"about":[{"href":"https:\/\/www.electroluxprofessional.com\/hu\/wp-json\/wp\/v2\/types\/page"}],"author":[{"embeddable":true,"href":"https:\/\/www.electroluxprofessional.com\/hu\/wp-json\/wp\/v2\/users\/3"}],"replies":[{"embeddable":true,"href":"https:\/\/www.electroluxprofessional.com\/hu\/wp-json\/wp\/v2\/comments?post=2681"}],"version-history":[{"count":34,"href":"https:\/\/www.electroluxprofessional.com\/hu\/wp-json\/wp\/v2\/pages\/2681\/revisions"}],"predecessor-version":[{"id":9347,"href":"https:\/\/www.electroluxprofessional.com\/hu\/wp-json\/wp\/v2\/pages\/2681\/revisions\/9347"}],"wp:attachment":[{"href":"https:\/\/www.electroluxprofessional.com\/hu\/wp-json\/wp\/v2\/media?parent=2681"}],"curies":[{"name":"wp","href":"https:\/\/api.w.org\/{rel}","templated":true}]}}