{"id":2636,"date":"2017-05-15T08:33:29","date_gmt":"2017-05-15T08:33:29","guid":{"rendered":"https:\/\/www.electroluxprofessional.com\/hu\/?page_id=2636"},"modified":"2021-04-16T11:01:43","modified_gmt":"2021-04-16T11:01:43","slug":"elelmiszer-uzletek","status":"publish","type":"page","link":"https:\/\/www.electroluxprofessional.com\/hu\/elelmiszer-uzletek\/","title":{"rendered":"\u00c9lelmiszer \u00fczletek"},"content":{"rendered":"<p>[vc_row full_width=&#8221;electroluxpro-full-width-no-padding&#8221; equal_height=&#8221;yes&#8221;][vc_column reveal_effect=&#8221;&#8221; width=&#8221;1\/2&#8243;][elx_citation name=&#8221;Kenneth Vansina, Head of Customer Experience&#8221; company=&#8221;Makro Cash &amp; Carry Belgium&#8221;][elx_heading font_size=&#8221;h2&#8243; text_color=&#8221;inherit&#8221;]\u201cNagy j\u00e1t\u00e9kosk\u00e9nt a kiskereskedelmi piacon folyamatosan azon dolgozunk, hogy meglepj\u00fck a v\u00e1s\u00e1rl\u00f3inkat az\u00e1ltal, hogy mindig valami pluszt k\u00edn\u00e1lunk nekik. 15 \u00fczlet\u00fcnkbe helyezt\u00fcnk Libero Point l\u00e1tv\u00e1nykonyh\u00e1t, ezzel n\u00f6velve a v\u00e1s\u00e1rl\u00e1s k\u00f6zbeni \u00e9lm\u00e9nyeket. Most m\u00e1r nem csak a j\u00f3 min\u0151s\u00e9g\u0171 alapanyagokat tudjuk k\u00edn\u00e1lni, hanem magas sz\u00ednvonal\u00fa inspir\u00e1ci\u00f3t is.\u201c[\/elx_heading][\/elx_citation][\/vc_column][vc_column reveal_effect=&#8221;&#8221; width=&#8221;1\/2&#8243;][elx_image_block background_image=&#8221;326&#8243; vert_back_position=&#8221;top&#8221; minimum_height=&#8221;700px&#8221;][\/vc_column][\/vc_row][vc_row][vc_column][vc_empty_space height=&#8221;50px&#8221;][\/vc_column][\/vc_row][vc_row][vc_column][elx_heading font_container=&#8221;h1&#8243; font_size=&#8221;h1&#8243; text_color=&#8221;retail&#8221; text_align=&#8221;text-center&#8221;]Professzion\u00e1lis konyhai megold\u00e1sok \u00e9lelmiszer kiskeresked\u0151k sz\u00e1m\u00e1ra<\/p>\n<p>[\/elx_heading][\/vc_column][\/vc_row][vc_row][vc_column][vc_empty_space height=&#8221;50px&#8221;][\/vc_column][\/vc_row][vc_row css=&#8221;.vc_custom_1465562028814{padding-bottom: 30px !important;}&#8221;][vc_column width=&#8221;1\/2&#8243;][elx_image_block background_image=&#8221;548&#8243; vert_back_position=&#8221;top&#8221; minimum_height=&#8221;600px&#8221;][\/vc_column][vc_column width=&#8221;1\/2&#8243;][elx_heading font_size=&#8221;h2&#8243; text_color=&#8221;inherit&#8221;]A NaturaS\u00ec[\/elx_heading][elx_heading font_container=&#8221;h4&#8243; font_size=&#8221;h4&#8243; text_color=&#8221;inherit&#8221;]megnyitja az els\u0151 bio-Bistro-j\u00e1t az Electrolux Professional-el[\/elx_heading][vc_column_text]Az olaszorsz\u00e1gi Treviso k\u00f6zpontj\u00e1ban, p\u00e1r l\u00e9p\u00e9sre a Vittoria Square-t\u0151l tal\u00e1lhat\u00f3 a NaturaS\u00ec: a szupermarket l\u00e1nc, amely kiz\u00e1r\u00f3lag bio term\u00e9kekre f\u00f3kusz\u00e1l.<\/p>\n<p><em>\u201cC\u00e9lunk, hogy eljuttassuk ezt a koncepci\u00f3t egy\u00e9b olaszorsz\u00e1gi \u00e9s eur\u00f3pai v\u00e1rosokba is, az Electrolux Professional-el egy\u00fctt dolgozva, aki t\u00f6k\u00e9letesen meg\u00e9rtette az ig\u00e9nyeinket.\u201d<\/em><\/p>\n<p><strong>Andrea Frizzarin<\/strong>,\u00a0\u00dczletfejleszt\u00e9si manager[\/vc_column_text][\/vc_column][\/vc_row][vc_row css=&#8221;.vc_custom_1465562028814{padding-bottom: 30px !important;}&#8221;][vc_column width=&#8221;1\/2&#8243;][elx_heading font_size=&#8221;h2&#8243; text_color=&#8221;inherit&#8221;]Eataly[\/elx_heading][elx_heading font_container=&#8221;h4&#8243; font_size=&#8221;h4&#8243; text_color=&#8221;inherit&#8221;]\u201cSoha ne v\u00e1ltoztass a nyer\u0151 csapaton!\u201d[\/elx_heading][vc_column_text]Ez a mott\u00f3 fejezi ki a legjobban az Electrolux Professional \u00e9s az Eataly kapcsolat\u00e1t &#8211; k\u00e9t v\u00e1llalat, amely minden tev\u00e9kenys\u00e9g\u00e9t a kiv\u00e1l\u00f3s\u00e1g elv\u00e9re alapozza.<\/p>\n<p>Az egy\u00fcttm\u0171k\u00f6d\u00e9s 2007-ben kezd\u0151d\u00f6tt, amikor az Eataly meg\u00e9rtette, hogy az Electrolux Professional nem egy egyszer\u0171 besz\u00e1ll\u00edt\u00f3, hanem egy olyan technikai partner, aki k\u00e9pes az \u00f6sszes ig\u00e9ny\u00e9t kiel\u00e9g\u00edteni.[\/vc_column_text][elx_button button_text=&#8221;L\u00e1ncok: hogyan val\u00f3s\u00edtjuk meg a k\u00fcl\u00f6nbs\u00e9get?&#8221; button_link=&#8221;url:https%3A%2F%2Fprofessional.electrolux.hu%2Fyour-business%2Frestaurant-chains%2F|||&#8221;][\/vc_column][vc_column width=&#8221;1\/2&#8243;][elx_image_block background_image=&#8221;332&#8243; minimum_height=&#8221;500px&#8221;][\/vc_column][\/vc_row][vc_row][vc_column][vc_empty_space height=&#8221;50px&#8221;][\/vc_column][\/vc_row][vc_row][vc_column][elx_heading font_size=&#8221;h3&#8243; text_color=&#8221;inherit&#8221; text_align=&#8221;text-center&#8221;]Megold\u00e1sok \u00e9s javaslatok kiskereskedelmi \u00fczletek sz\u00e1m\u00e1ra<br \/>\n[\/elx_heading][\/vc_column][\/vc_row][vc_row][vc_column width=&#8221;1\/2&#8243;][vc_single_image image=&#8221;844&#8243; img_size=&#8221;full&#8221; alignment=&#8221;center&#8221;][elx_simple_block background_color=&#8221;inherit&#8221;][vc_single_image image=&#8221;1705&#8243; img_size=&#8221;full&#8221;][\/elx_simple_block][elx_simple_block][elx_heading font_container=&#8221;h3&#8243; font_size=&#8221;h3&#8243; text_color=&#8221;inherit&#8221;]Csirke el\u0151k\u00e9sz\u00edt\u0151 konyha[\/elx_heading][vc_column_text]<strong>\u00c9lelmiszer-pazarl\u00e1s cs\u00f6kkent\u00e9se<\/strong><br \/>\nH\u0171tse le \u00e9s regener\u00e1lja az \u00e9telt naponta, vagy hosszabb\u00edtsa meg a szavatoss\u00e1gi idej\u00e9t egy\u00e9b, alternat\u00edv megold\u00e1sokkal (pl. sal\u00e1t\u00e1k).<\/p>\n<p><strong>\u00c9telbiztons\u00e1g<\/strong><br \/>\nGarant\u00e1lja a biztons\u00e1got v\u00e1s\u00e1rl\u00f3i sz\u00e1m\u00e1ra.<\/p>\n<p><strong>Garant\u00e1lt min\u0151s\u00e9g<\/strong><br \/>\nAlkalmazza a <em>cook&amp;chill<\/em> folyamatot naponta, megakad\u00e1lyozva ezzel az \u00e9telek min\u0151s\u00e9g\u00e9nek leroml\u00e1s\u00e1t a leh\u0171t\u00e9si f\u00e1zis alatt.<\/p>\n<p><strong>Id\u0151megtakar\u00edt\u00e1s<\/strong><br \/>\nCs\u00f6kken a leh\u0171t\u00e9si id\u0151.[\/vc_column_text][\/elx_simple_block][\/vc_column][vc_column width=&#8221;1\/2&#8243;][vc_single_image image=&#8221;1706&#8243; img_size=&#8221;full&#8221; alignment=&#8221;center&#8221;][elx_simple_block background_color=&#8221;inherit&#8221;][vc_single_image image=&#8221;1707&#8243; img_size=&#8221;full&#8221;][\/elx_simple_block][elx_simple_block][elx_heading font_container=&#8221;h3&#8243; font_size=&#8221;h3&#8243; text_color=&#8221;inherit&#8221;]Szendvics el\u0151k\u00e9sz\u00edt\u0151 konyha[\/elx_heading][vc_column_text]<b>A leggyorsabb\u00a0Panini Grill<br \/>\n<\/b>Meleg panini\u00a0<b>30 m\u00e1sodperc alatt<\/b>: ak\u00e1r 6-szor gyorsabb, mint egy hagyom\u00e1nyos panini grills\u00fct\u0151, a 3 k\u00fcl\u00f6nb\u00f6z\u0151 h\u0151forr\u00e1snak k\u00f6sz\u00f6nhet\u0151en.<\/p>\n<p><b>Kompakt<br \/>\n<\/b>Szendvicsei kis helyen is elk\u00e9sz\u00edthet\u0151ek: v\u00e1gjon, keverjen, t\u00e1roljon \u00e9s grillezzen.<\/p>\n<p><b>Munkaer\u0151 megtakar\u00edt\u00e1s<br \/>\n<\/b>Az automata programokkal k\u00fcl\u00f6nb\u00f6z\u0151 t\u00edpus\u00fa szendvicsek k\u00e9sz\u00edthet\u0151ek el.[\/vc_column_text][\/elx_simple_block][\/vc_column][\/vc_row][vc_row][vc_column][vc_empty_space height=&#8221;50px&#8221;][\/vc_column][\/vc_row][vc_row][vc_column][elx_heading font_size=&#8221;h2&#8243; text_color=&#8221;inherit&#8221; text_align=&#8221;text-center&#8221;]L\u00e9pjen vel\u00fcnk kapcsolatba[\/elx_heading][elx_o2000_contact_us r=&#8221;Szeretn\u00e9k t\u00f6bb inform\u00e1ci\u00f3t kapni err\u0151l a term\u00e9kr\u0151l \u00c9lelmiszer \u00fczletek. K\u00e9rem, vegy\u00e9k fel velem a kapcsolatot.&#8221; s=&#8221;Inform\u00e1ci\u00f3 k\u00e9r\u00e9s err\u0151l a term\u00e9kr\u0151l \u00c9lelmiszer \u00fczletek&#8221; country=&#8221;Hungary&#8221; l=&#8221;hu&#8221; container=&#8221;elxcontactus1466430938&#8243;][vc_empty_space height=&#8221;50px&#8221;][\/vc_column][\/vc_row]<\/p>\n","protected":false},"excerpt":{"rendered":"<p>[vc_row full_width=&#8221;electroluxpro-full-width-no-padding&#8221; equal_height=&#8221;yes&#8221;][vc_column reveal_effect=&#8221;&#8221; width=&#8221;1\/2&#8243;][elx_citation name=&#8221;Kenneth Vansina, Head of Customer Experience&#8221; company=&#8221;Makro Cash &amp; Carry Belgium&#8221;][elx_heading font_size=&#8221;h2&#8243; text_color=&#8221;inherit&#8221;]\u201cNagy j\u00e1t\u00e9kosk\u00e9nt a kiskereskedelmi piacon folyamatosan azon dolgozunk, hogy meglepj\u00fck a v\u00e1s\u00e1rl\u00f3inkat az\u00e1ltal, hogy mindig valami pluszt k\u00edn\u00e1lunk nekik. 15 \u00fczlet\u00fcnkbe helyezt\u00fcnk Libero Point l\u00e1tv\u00e1nykonyh\u00e1t, ezzel n\u00f6velve a v\u00e1s\u00e1rl\u00e1s k\u00f6zbeni \u00e9lm\u00e9nyeket. Most m\u00e1r nem csak a j\u00f3 min\u0151s\u00e9g\u0171 [&hellip;]<\/p>\n","protected":false},"author":3,"featured_media":0,"parent":0,"menu_order":0,"comment_status":"closed","ping_status":"closed","template":"","meta":{"footnotes":""},"class_list":["post-2636","page","type-page","status-publish","hentry"],"yoast_head":"<!-- This site is optimized with the Yoast SEO plugin v23.3 - https:\/\/yoast.com\/wordpress\/plugins\/seo\/ -->\n<title>\u00c9lelmiszer \u00fczletek - Electrolux Professional Magyarorsz\u00e1g<\/title>\n<meta name=\"robots\" content=\"index, follow, max-snippet:-1, max-image-preview:large, max-video-preview:-1\" \/>\n<link rel=\"canonical\" href=\"https:\/\/www.electroluxprofessional.com\/hu\/elelmiszer-uzletek\/\" \/>\n<meta property=\"og:locale\" content=\"hu_HU\" \/>\n<meta property=\"og:type\" content=\"article\" \/>\n<meta property=\"og:title\" content=\"\u00c9lelmiszer \u00fczletek - Electrolux Professional Magyarorsz\u00e1g\" \/>\n<meta property=\"og:description\" content=\"[vc_row full_width=&#8221;electroluxpro-full-width-no-padding&#8221; equal_height=&#8221;yes&#8221;][vc_column reveal_effect=&#8221;&#8221; width=&#8221;1\/2&#8243;][elx_citation name=&#8221;Kenneth Vansina, Head of Customer Experience&#8221; company=&#8221;Makro Cash &amp; Carry Belgium&#8221;][elx_heading font_size=&#8221;h2&#8243; text_color=&#8221;inherit&#8221;]\u201cNagy j\u00e1t\u00e9kosk\u00e9nt a kiskereskedelmi piacon folyamatosan azon dolgozunk, hogy meglepj\u00fck a v\u00e1s\u00e1rl\u00f3inkat az\u00e1ltal, hogy mindig valami pluszt k\u00edn\u00e1lunk nekik. 15 \u00fczlet\u00fcnkbe helyezt\u00fcnk Libero Point l\u00e1tv\u00e1nykonyh\u00e1t, ezzel n\u00f6velve a v\u00e1s\u00e1rl\u00e1s k\u00f6zbeni \u00e9lm\u00e9nyeket. Most m\u00e1r nem csak a j\u00f3 min\u0151s\u00e9g\u0171 [&hellip;]\" \/>\n<meta property=\"og:url\" content=\"https:\/\/www.electroluxprofessional.com\/hu\/elelmiszer-uzletek\/\" \/>\n<meta property=\"og:site_name\" content=\"Electrolux Professional Magyarorsz\u00e1g\" \/>\n<meta property=\"article:modified_time\" content=\"2021-04-16T11:01:43+00:00\" \/>\n<meta name=\"twitter:card\" content=\"summary_large_image\" \/>\n<meta name=\"twitter:label1\" content=\"Becs\u00fclt olvas\u00e1si id\u0151\" \/>\n\t<meta name=\"twitter:data1\" content=\"5 perc\" \/>\n<script type=\"application\/ld+json\" class=\"yoast-schema-graph\">{\"@context\":\"https:\/\/schema.org\",\"@graph\":[{\"@type\":\"WebPage\",\"@id\":\"https:\/\/www.electroluxprofessional.com\/hu\/elelmiszer-uzletek\/\",\"url\":\"https:\/\/www.electroluxprofessional.com\/hu\/elelmiszer-uzletek\/\",\"name\":\"\u00c9lelmiszer \u00fczletek - Electrolux Professional Magyarorsz\u00e1g\",\"isPartOf\":{\"@id\":\"https:\/\/www.electroluxprofessional.com\/hu\/#website\"},\"datePublished\":\"2017-05-15T08:33:29+00:00\",\"dateModified\":\"2021-04-16T11:01:43+00:00\",\"breadcrumb\":{\"@id\":\"https:\/\/www.electroluxprofessional.com\/hu\/elelmiszer-uzletek\/#breadcrumb\"},\"inLanguage\":\"hu\",\"potentialAction\":[{\"@type\":\"ReadAction\",\"target\":[\"https:\/\/www.electroluxprofessional.com\/hu\/elelmiszer-uzletek\/\"]}]},{\"@type\":\"BreadcrumbList\",\"@id\":\"https:\/\/www.electroluxprofessional.com\/hu\/elelmiszer-uzletek\/#breadcrumb\",\"itemListElement\":[{\"@type\":\"ListItem\",\"position\":1,\"name\":\"Home\",\"item\":\"https:\/\/www.electroluxprofessional.com\/hu\/\"},{\"@type\":\"ListItem\",\"position\":2,\"name\":\"\u00c9lelmiszer \u00fczletek\"}]},{\"@type\":\"WebSite\",\"@id\":\"https:\/\/www.electroluxprofessional.com\/hu\/#website\",\"url\":\"https:\/\/www.electroluxprofessional.com\/hu\/\",\"name\":\"Electrolux Professional Magyarorsz\u00e1g\",\"description\":\"\",\"potentialAction\":[{\"@type\":\"SearchAction\",\"target\":{\"@type\":\"EntryPoint\",\"urlTemplate\":\"https:\/\/www.electroluxprofessional.com\/hu\/?src={search_term_string}\"},\"query-input\":\"required name=search_term_string\"}],\"inLanguage\":\"hu\"}]}<\/script>\n<!-- \/ Yoast SEO plugin. -->","yoast_head_json":{"title":"\u00c9lelmiszer \u00fczletek - Electrolux Professional Magyarorsz\u00e1g","robots":{"index":"index","follow":"follow","max-snippet":"max-snippet:-1","max-image-preview":"max-image-preview:large","max-video-preview":"max-video-preview:-1"},"canonical":"https:\/\/www.electroluxprofessional.com\/hu\/elelmiszer-uzletek\/","og_locale":"hu_HU","og_type":"article","og_title":"\u00c9lelmiszer \u00fczletek - Electrolux Professional Magyarorsz\u00e1g","og_description":"[vc_row full_width=&#8221;electroluxpro-full-width-no-padding&#8221; equal_height=&#8221;yes&#8221;][vc_column reveal_effect=&#8221;&#8221; width=&#8221;1\/2&#8243;][elx_citation name=&#8221;Kenneth Vansina, Head of Customer Experience&#8221; company=&#8221;Makro Cash &amp; Carry Belgium&#8221;][elx_heading font_size=&#8221;h2&#8243; text_color=&#8221;inherit&#8221;]\u201cNagy j\u00e1t\u00e9kosk\u00e9nt a kiskereskedelmi piacon folyamatosan azon dolgozunk, hogy meglepj\u00fck a v\u00e1s\u00e1rl\u00f3inkat az\u00e1ltal, hogy mindig valami pluszt k\u00edn\u00e1lunk nekik. 15 \u00fczlet\u00fcnkbe helyezt\u00fcnk Libero Point l\u00e1tv\u00e1nykonyh\u00e1t, ezzel n\u00f6velve a v\u00e1s\u00e1rl\u00e1s k\u00f6zbeni \u00e9lm\u00e9nyeket. Most m\u00e1r nem csak a j\u00f3 min\u0151s\u00e9g\u0171 [&hellip;]","og_url":"https:\/\/www.electroluxprofessional.com\/hu\/elelmiszer-uzletek\/","og_site_name":"Electrolux Professional Magyarorsz\u00e1g","article_modified_time":"2021-04-16T11:01:43+00:00","twitter_card":"summary_large_image","twitter_misc":{"Becs\u00fclt olvas\u00e1si id\u0151":"5 perc"},"schema":{"@context":"https:\/\/schema.org","@graph":[{"@type":"WebPage","@id":"https:\/\/www.electroluxprofessional.com\/hu\/elelmiszer-uzletek\/","url":"https:\/\/www.electroluxprofessional.com\/hu\/elelmiszer-uzletek\/","name":"\u00c9lelmiszer \u00fczletek - Electrolux Professional Magyarorsz\u00e1g","isPartOf":{"@id":"https:\/\/www.electroluxprofessional.com\/hu\/#website"},"datePublished":"2017-05-15T08:33:29+00:00","dateModified":"2021-04-16T11:01:43+00:00","breadcrumb":{"@id":"https:\/\/www.electroluxprofessional.com\/hu\/elelmiszer-uzletek\/#breadcrumb"},"inLanguage":"hu","potentialAction":[{"@type":"ReadAction","target":["https:\/\/www.electroluxprofessional.com\/hu\/elelmiszer-uzletek\/"]}]},{"@type":"BreadcrumbList","@id":"https:\/\/www.electroluxprofessional.com\/hu\/elelmiszer-uzletek\/#breadcrumb","itemListElement":[{"@type":"ListItem","position":1,"name":"Home","item":"https:\/\/www.electroluxprofessional.com\/hu\/"},{"@type":"ListItem","position":2,"name":"\u00c9lelmiszer \u00fczletek"}]},{"@type":"WebSite","@id":"https:\/\/www.electroluxprofessional.com\/hu\/#website","url":"https:\/\/www.electroluxprofessional.com\/hu\/","name":"Electrolux Professional Magyarorsz\u00e1g","description":"","potentialAction":[{"@type":"SearchAction","target":{"@type":"EntryPoint","urlTemplate":"https:\/\/www.electroluxprofessional.com\/hu\/?src={search_term_string}"},"query-input":"required name=search_term_string"}],"inLanguage":"hu"}]}},"_links":{"self":[{"href":"https:\/\/www.electroluxprofessional.com\/hu\/wp-json\/wp\/v2\/pages\/2636"}],"collection":[{"href":"https:\/\/www.electroluxprofessional.com\/hu\/wp-json\/wp\/v2\/pages"}],"about":[{"href":"https:\/\/www.electroluxprofessional.com\/hu\/wp-json\/wp\/v2\/types\/page"}],"author":[{"embeddable":true,"href":"https:\/\/www.electroluxprofessional.com\/hu\/wp-json\/wp\/v2\/users\/3"}],"replies":[{"embeddable":true,"href":"https:\/\/www.electroluxprofessional.com\/hu\/wp-json\/wp\/v2\/comments?post=2636"}],"version-history":[{"count":20,"href":"https:\/\/www.electroluxprofessional.com\/hu\/wp-json\/wp\/v2\/pages\/2636\/revisions"}],"predecessor-version":[{"id":5671,"href":"https:\/\/www.electroluxprofessional.com\/hu\/wp-json\/wp\/v2\/pages\/2636\/revisions\/5671"}],"wp:attachment":[{"href":"https:\/\/www.electroluxprofessional.com\/hu\/wp-json\/wp\/v2\/media?parent=2636"}],"curies":[{"name":"wp","href":"https:\/\/api.w.org\/{rel}","templated":true}]}}