{"id":2585,"date":"2017-05-15T08:36:50","date_gmt":"2017-05-15T08:36:50","guid":{"rendered":"https:\/\/www.electroluxprofessional.com\/hu\/?page_id=2585"},"modified":"2024-07-02T12:55:43","modified_gmt":"2024-07-02T12:55:43","slug":"biztonsag","status":"publish","type":"page","link":"https:\/\/www.electroluxprofessional.com\/hu\/a-jobbert\/biztonsag\/","title":{"rendered":"Biztons\u00e1g"},"content":{"rendered":"<p>[vc_row full_width=&#8221;electroluxpro-full-width-no-padding&#8221;][vc_column][elx_hero_slider label_text_color=&#8221;inherit&#8221; images=&#8221;652&#8243;][elx_heading font_container=&#8221;h1&#8243; font_size=&#8221;h2&#8243; text_color=&#8221;inherit&#8221;]A\u00a0garant\u00e1lt biztons\u00e1g<br \/>\n[\/elx_heading][vc_column_text]Az Electrolux Professional megb\u00edzhat\u00f3, p\u00e1ratlan, vil\u00e1gsz\u00ednvonal\u00fa biztons\u00e1got ny\u00fajt, mely t\u00fckr\u00f6zi a konkr\u00e9t \u00e9s m\u00e9rhet\u0151 elk\u00f6telezetts\u00e9g\u00e9t az eg\u00e9szs\u00e9g \u00e9s biztons\u00e1g ir\u00e1nt.[\/vc_column_text][\/elx_hero_slider][\/vc_column][\/vc_row][vc_row][vc_column][elx_heading text_color=&#8221;inherit&#8221;]<\/p>\n<p style=\"text-align: center;\">Eg\u00e9szs\u00e9gesen n\u00f6vekedni, b\u00e9k\u00e9sen dolgozni, biztons\u00e1got \u00e9rezni \u00e9s v\u00e9dettnek lenni.<\/p>\n<p>[\/elx_heading][\/vc_column][\/vc_row][vc_row full_width=&#8221;electroluxpro-full-width-no-padding&#8221; equal_height=&#8221;yes&#8221;][vc_column width=&#8221;1\/2&#8243;][elx_image_block background_image=&#8221;646&#8243; minimum_height=&#8221;666px&#8221;][\/vc_column][vc_column width=&#8221;1\/2&#8243;][elx_simple_block background_color=&#8221;inherit&#8221;][elx_heading font_container=&#8221;h3&#8243; text_color=&#8221;inherit&#8221;]A biztons\u00e1g nem egy &#8220;j\u00f3, ha van&#8221; opci\u00f3, amikor \u00e9tkeztet\u00e9sr\u0151l van sz\u00f3.[\/elx_heading][vc_column_text drop_caps=&#8221;big-first-letter&#8221;]Az \u00fajsz\u00fcl\u00f6ttek \u00e9s az \u00f6t \u00e9v alatti gyermekek kifejezetten nagy kock\u00e1zatnak vannak kit\u00e9ve az <strong>\u00e9telm\u00e9rgez\u00e9s<\/strong> okozta komplik\u00e1ci\u00f3k eset\u00e9n.<\/p>\n<p>Mi itt, az Electrolux Professionaln\u00e9l \u00f3vni szeretn\u00e9k \u00d6nt, a gyermekeit \u00e9s csal\u00e1dj\u00e1t az\u00e1ltal, hogy <strong>mindent megtesz\u00fcnk az \u00e9telbiztons\u00e1g\u00e9rt<\/strong>. Megold\u00e1saink megakad\u00e1lyozz\u00e1k az \u00e9telm\u00e9rgez\u00e9s\u00e9rt felel\u0151s bakt\u00e9riumok elszaporod\u00e1s\u00e1t, az el\u0151k\u00e9sz\u00edt\u00e9st\u0151l kezdve a t\u00e1rol\u00e1sig.[\/vc_column_text][\/elx_simple_block][\/vc_column][\/vc_row][vc_row][vc_column][vc_empty_space][\/vc_column][\/vc_row][vc_row css=&#8221;.vc_custom_1464184974732{padding-top: 20px !important;padding-bottom: 20px !important;background-color: #eaeef2 !important;}&#8221;][vc_column][\/vc_column][vc_column width=&#8221;1\/2&#8243;][vc_single_image image=&#8221;651&#8243; img_size=&#8221;medium&#8221; alignment=&#8221;center&#8221;][\/vc_column][vc_column width=&#8221;1\/2&#8243;][elx_heading text_color=&#8221;inherit&#8221;]<span style=\"color: #3fb12d;\">\u00c9telbiztons\u00e1g &#8211; nincs keresztfert\u0151z\u00e9s. Legjobb teljes\u00edtm\u00e9ny.<\/span>[\/elx_heading][vc_column_text drop_caps=&#8221;big-first-letter&#8221;]<span style=\"color: #000000;\">Az Electrolux Professional BPA (Bisphenol A) mentes m\u0171anyagokat haszn\u00e1l.<\/span>[\/vc_column_text][\/vc_column][\/vc_row][vc_row][vc_column][vc_empty_space][\/vc_column][\/vc_row][vc_row full_width=&#8221;electroluxpro-full-width-no-padding&#8221;][vc_column width=&#8221;1\/2&#8243;][elx_image_block background_image=&#8221;567&#8243; minimum_height=&#8221;666px&#8221;][\/vc_column][vc_column width=&#8221;1\/2&#8243;][elx_simple_block background_color=&#8221;inherit&#8221;][elx_heading font_container=&#8221;h3&#8243; text_color=&#8221;inherit&#8221;]Az Electrolux Professional \u00e9vente ak\u00e1r 1 milli\u00f3 euro \u00f6sszeget fizet harmadik f\u00e9lnek tan\u00fas\u00edtv\u00e1nyok\u00e9rt.[\/elx_heading][vc_column_text drop_caps=&#8221;big-first-letter&#8221;]<\/p>\n<p class=\"bm4 tm4 rm40\">A harmadik f\u00e9l \u00e1ltali tan\u00fas\u00edtv\u00e1ny tiszt\u00e1n mutatja a <strong>megb\u00edzhat\u00f3, p\u00e1ratlan \u00e9s vil\u00e1gszint\u0171 biztons\u00e1g<\/strong> ir\u00e1nti elk\u00f6telezetts\u00e9g\u00fcnket.<\/p>\n<p class=\"bm4 tm4 rm40\">Az \u00e9lvonalban vagyunk, ha <strong>biztons\u00e1gi<\/strong> \u00e9s <strong>teljes\u00edtm\u00e9nyi<\/strong> <strong>szabv\u00e1nyok<\/strong> meghat\u00e1roz\u00e1s\u00e1r\u00f3l van sz\u00f3 mind nemzeti, mind nemzetk\u00f6zi szinten. Akt\u00edvan r\u00e9szt vesz\u00fcnk a piacon l\u00e9v\u0151 term\u00e9kek biztons\u00e1gra \u00e9s energiamegtakar\u00edt\u00e1sra vonatkoz\u00f3 el\u0151\u00edr\u00e1sainak fokoz\u00e1s\u00e1ban.<\/p>\n<p>[\/vc_column_text][\/elx_simple_block][\/vc_column][\/vc_row][vc_row full_width=&#8221;electroluxpro-full-width-no-padding&#8221;][vc_column width=&#8221;1\/2&#8243;][elx_simple_block][elx_heading font_container=&#8221;h3&#8243; text_color=&#8221;inherit&#8221;]Az Electrolux Professionaln\u00e9l sz\u00fcks\u00e9g\u00e9t \u00e9rezz\u00fck annak, hogy <strong>megv\u00e9dj\u00fck \u00d6nt \u00e9s szeretteit<\/strong> az\u00e1ltal, hogy minimaliz\u00e1ljuk a fert\u0151z\u00e9sek kock\u00e1zat\u00e1t.[\/elx_heading][vc_column_text drop_caps=&#8221;big-first-letter&#8221;]<strong>A k\u00f3rh\u00e1zakban, \u00e1pol\u00f3otthonokban \u00e9s az egy\u00e9b eg\u00e9szs\u00e9g\u00fcgyi int\u00e9zm\u00e9nyekben a fert\u0151z\u00e9sek kock\u00e1zata igen magas.\u00a0<\/strong><\/p>\n<p>A maxim\u00e1lis biztons\u00e1g biztos\u00edt\u00e1sa \u00e9rdek\u00e9ben a mos\u00f3g\u00e9peink rendk\u00edv\u00fcl hat\u00e9konyak, folyamatosan 100%-os higi\u00e9ni\u00e1t ny\u00fajtanak.[\/vc_column_text][elx_button button_text=&#8221;Eg\u00e9szs\u00e9g\u00fcgy&#8221; button_style=&#8221;icon&#8221; button_link=&#8221;url:https%3A%2F%2Fprofessional.electrolux.hu%2Fhospitals%2F|title:health%20care||&#8221;][\/elx_simple_block][\/vc_column][vc_column width=&#8221;1\/2&#8243;][elx_image_block background_image=&#8221;647&#8243; minimum_height=&#8221;666px&#8221;][\/vc_column][\/vc_row][vc_row full_width=&#8221;electroluxpro-full-width-no-padding&#8221;][vc_column width=&#8221;1\/2&#8243;][elx_image_block background_image=&#8221;648&#8243; minimum_height=&#8221;666px&#8221;][\/vc_column][vc_column width=&#8221;1\/2&#8243;][elx_simple_block background_color=&#8221;inherit&#8221;][elx_heading font_container=&#8221;h3&#8243; text_color=&#8221;inherit&#8221;]Az eg\u00e9szs\u00e9ges \u00e9s biztons\u00e1gos munkahelyek alapvet\u0151 fontoss\u00e1g\u00faak a produkt\u00edv \u00e9s magas min\u0151s\u00e9g\u0171 munkav\u00e9gz\u00e9s tekintet\u00e9ben.[\/elx_heading][vc_column_text drop_caps=&#8221;big-first-letter&#8221;]Az Electrolux Professionaln\u00e9l a <strong>biztons\u00e1g mindenki napirendj\u00e9n<\/strong> ott van, minden projekt alkot\u00f3elemek\u00e9nt, az \u00f6sszes v\u00e1llalati funkci\u00f3 eset\u00e9n,\u00a0a k\u00fcls\u0151 partnereket \u00e9s a vezet\u0151ket is bele\u00e9rtve.<\/p>\n<p>A c\u00e9l a munkahelyi biztons\u00e1g v\u00e9delme \u00e9s jav\u00edt\u00e1sa, &#8220;nulla kock\u00e1zati szintet&#8221; el\u00e9rve <strong>minden gy\u00e1rban \u00e9s telephelyen a vil\u00e1gon<\/strong>.[\/vc_column_text][\/elx_simple_block][\/vc_column][\/vc_row][vc_row][vc_column][vc_column_text]<\/p>\n<p>[\/vc_column_text][\/vc_column][\/vc_row][vc_row full_width=&#8221;electroluxpro-container-no-padding&#8221; equal_height=&#8221;yes&#8221; css=&#8221;.vc_custom_1464275874297{padding-top: 50px !important;padding-bottom: 50px !important;}&#8221;][vc_column width=&#8221;1\/3&#8243;][elx_image_block background_image=&#8221;649&#8243; minimum_height=&#8221;380px&#8221;][\/vc_column][vc_column width=&#8221;1\/3&#8243; css=&#8221;.vc_custom_1464275824218{background-color: #e2e2e2 !important;}&#8221;][elx_simple_block text_align=&#8221;text-center&#8221; background_color=&#8221;inherit&#8221;][elx_heading text_color=&#8221;inherit&#8221;]A jobb\u00e9rt[\/elx_heading][vc_column_text]Pozit\u00edv, mindennapi k\u00fcl\u00f6nbs\u00e9get szeretn\u00e9k okozni bolyg\u00f3nk \u00e9s lak\u00f3i \u00e9let\u00e9ben.[\/vc_column_text][elx_button button_text=&#8221;Tov\u00e1bbi inform\u00e1ci\u00f3k&#8221; button_link=&#8221;url:https%3A%2F%2Fwww.electroluxprofessional.com%2Fhu%2Fa-jobbert%2F|title:Find%20out%20more||&#8221;][\/elx_simple_block][\/vc_column][vc_column width=&#8221;1\/3&#8243;][elx_image_block background_image=&#8221;650&#8243; minimum_height=&#8221;380px&#8221;][\/vc_column][\/vc_row][vc_row][vc_column][elx_heading font_container=&#8221;h3&#8243; text_color=&#8221;inherit&#8221;]<\/p>\n<p style=\"text-align: center;\">Els\u0151 a biztons\u00e1g. 2016-ban egy \u00faj eur\u00f3pai szab\u00e1lyoz\u00e1s l\u00e9p \u00e9letbe, de mi nem szeretn\u00e9nk addig v\u00e1rni.<\/p>\n<p>[\/elx_heading][\/vc_column][\/vc_row][vc_row full_width=&#8221;electroluxpro-container-no-padding&#8221;][vc_column][elx_download_block text=&#8221;Els\u0151 a biztons\u00e1g &#8211; Habver\u0151 kever\u0151g\u00e9pek&#8221; link=&#8221;files.professional.electrolux.com\/docs\/?n=CLF-9JE00066&amp;t=CLF&amp;l=1&#8243; background_color=&#8221;orange&#8221; reveal_effect=&#8221;&#8221; reveal_duration=&#8221;&#8221; reveal_delay=&#8221;&#8221;][\/vc_column][\/vc_row]<\/p>\n","protected":false},"excerpt":{"rendered":"<p>[vc_row full_width=&#8221;electroluxpro-full-width-no-padding&#8221;][vc_column][elx_hero_slider label_text_color=&#8221;inherit&#8221; images=&#8221;652&#8243;][elx_heading font_container=&#8221;h1&#8243; font_size=&#8221;h2&#8243; text_color=&#8221;inherit&#8221;]A\u00a0garant\u00e1lt biztons\u00e1g [\/elx_heading][vc_column_text]Az Electrolux Professional megb\u00edzhat\u00f3, p\u00e1ratlan, vil\u00e1gsz\u00ednvonal\u00fa biztons\u00e1got ny\u00fajt, mely t\u00fckr\u00f6zi a konkr\u00e9t \u00e9s m\u00e9rhet\u0151 elk\u00f6telezetts\u00e9g\u00e9t az eg\u00e9szs\u00e9g \u00e9s biztons\u00e1g ir\u00e1nt.[\/vc_column_text][\/elx_hero_slider][\/vc_column][\/vc_row][vc_row][vc_column][elx_heading text_color=&#8221;inherit&#8221;] Eg\u00e9szs\u00e9gesen n\u00f6vekedni, b\u00e9k\u00e9sen dolgozni, biztons\u00e1got \u00e9rezni \u00e9s v\u00e9dettnek lenni. [\/elx_heading][\/vc_column][\/vc_row][vc_row full_width=&#8221;electroluxpro-full-width-no-padding&#8221; equal_height=&#8221;yes&#8221;][vc_column width=&#8221;1\/2&#8243;][elx_image_block background_image=&#8221;646&#8243; minimum_height=&#8221;666px&#8221;][\/vc_column][vc_column width=&#8221;1\/2&#8243;][elx_simple_block background_color=&#8221;inherit&#8221;][elx_heading font_container=&#8221;h3&#8243; text_color=&#8221;inherit&#8221;]A biztons\u00e1g nem egy &#8220;j\u00f3, ha van&#8221; opci\u00f3, [&hellip;]<\/p>\n","protected":false},"author":3,"featured_media":0,"parent":2406,"menu_order":0,"comment_status":"closed","ping_status":"closed","template":"","meta":{"footnotes":""},"class_list":["post-2585","page","type-page","status-publish","hentry"],"yoast_head":"<!-- This site is optimized with the Yoast SEO plugin v23.3 - https:\/\/yoast.com\/wordpress\/plugins\/seo\/ -->\n<title>Biztons\u00e1g - Electrolux Professional Magyarorsz\u00e1g<\/title>\n<meta name=\"robots\" content=\"index, follow, max-snippet:-1, max-image-preview:large, max-video-preview:-1\" \/>\n<link rel=\"canonical\" href=\"https:\/\/www.electroluxprofessional.com\/hu\/a-jobbert\/biztonsag\/\" \/>\n<meta property=\"og:locale\" content=\"hu_HU\" \/>\n<meta property=\"og:type\" content=\"article\" \/>\n<meta property=\"og:title\" content=\"Biztons\u00e1g - Electrolux Professional Magyarorsz\u00e1g\" \/>\n<meta property=\"og:description\" content=\"[vc_row full_width=&#8221;electroluxpro-full-width-no-padding&#8221;][vc_column][elx_hero_slider label_text_color=&#8221;inherit&#8221; images=&#8221;652&#8243;][elx_heading font_container=&#8221;h1&#8243; font_size=&#8221;h2&#8243; text_color=&#8221;inherit&#8221;]A\u00a0garant\u00e1lt biztons\u00e1g [\/elx_heading][vc_column_text]Az Electrolux Professional megb\u00edzhat\u00f3, p\u00e1ratlan, vil\u00e1gsz\u00ednvonal\u00fa biztons\u00e1got ny\u00fajt, mely t\u00fckr\u00f6zi a konkr\u00e9t \u00e9s m\u00e9rhet\u0151 elk\u00f6telezetts\u00e9g\u00e9t az eg\u00e9szs\u00e9g \u00e9s biztons\u00e1g ir\u00e1nt.[\/vc_column_text][\/elx_hero_slider][\/vc_column][\/vc_row][vc_row][vc_column][elx_heading text_color=&#8221;inherit&#8221;] Eg\u00e9szs\u00e9gesen n\u00f6vekedni, b\u00e9k\u00e9sen dolgozni, biztons\u00e1got \u00e9rezni \u00e9s v\u00e9dettnek lenni. [\/elx_heading][\/vc_column][\/vc_row][vc_row full_width=&#8221;electroluxpro-full-width-no-padding&#8221; equal_height=&#8221;yes&#8221;][vc_column width=&#8221;1\/2&#8243;][elx_image_block background_image=&#8221;646&#8243; minimum_height=&#8221;666px&#8221;][\/vc_column][vc_column width=&#8221;1\/2&#8243;][elx_simple_block background_color=&#8221;inherit&#8221;][elx_heading font_container=&#8221;h3&#8243; text_color=&#8221;inherit&#8221;]A biztons\u00e1g nem egy &#8220;j\u00f3, ha van&#8221; opci\u00f3, [&hellip;]\" \/>\n<meta property=\"og:url\" content=\"https:\/\/www.electroluxprofessional.com\/hu\/a-jobbert\/biztonsag\/\" \/>\n<meta property=\"og:site_name\" content=\"Electrolux Professional Magyarorsz\u00e1g\" \/>\n<meta property=\"article:modified_time\" content=\"2024-07-02T12:55:43+00:00\" \/>\n<meta name=\"twitter:card\" content=\"summary_large_image\" \/>\n<meta name=\"twitter:label1\" content=\"Becs\u00fclt olvas\u00e1si id\u0151\" \/>\n\t<meta name=\"twitter:data1\" content=\"5 perc\" \/>\n<script type=\"application\/ld+json\" class=\"yoast-schema-graph\">{\"@context\":\"https:\/\/schema.org\",\"@graph\":[{\"@type\":\"WebPage\",\"@id\":\"https:\/\/www.electroluxprofessional.com\/hu\/a-jobbert\/biztonsag\/\",\"url\":\"https:\/\/www.electroluxprofessional.com\/hu\/a-jobbert\/biztonsag\/\",\"name\":\"Biztons\u00e1g - Electrolux Professional Magyarorsz\u00e1g\",\"isPartOf\":{\"@id\":\"https:\/\/www.electroluxprofessional.com\/hu\/#website\"},\"datePublished\":\"2017-05-15T08:36:50+00:00\",\"dateModified\":\"2024-07-02T12:55:43+00:00\",\"breadcrumb\":{\"@id\":\"https:\/\/www.electroluxprofessional.com\/hu\/a-jobbert\/biztonsag\/#breadcrumb\"},\"inLanguage\":\"hu\",\"potentialAction\":[{\"@type\":\"ReadAction\",\"target\":[\"https:\/\/www.electroluxprofessional.com\/hu\/a-jobbert\/biztonsag\/\"]}]},{\"@type\":\"BreadcrumbList\",\"@id\":\"https:\/\/www.electroluxprofessional.com\/hu\/a-jobbert\/biztonsag\/#breadcrumb\",\"itemListElement\":[{\"@type\":\"ListItem\",\"position\":1,\"name\":\"Home\",\"item\":\"https:\/\/www.electroluxprofessional.com\/hu\/\"},{\"@type\":\"ListItem\",\"position\":2,\"name\":\"A jobb \u00e9let\u00e9rt\",\"item\":\"https:\/\/www.electroluxprofessional.com\/hu\/a-jobbert\/\"},{\"@type\":\"ListItem\",\"position\":3,\"name\":\"Biztons\u00e1g\"}]},{\"@type\":\"WebSite\",\"@id\":\"https:\/\/www.electroluxprofessional.com\/hu\/#website\",\"url\":\"https:\/\/www.electroluxprofessional.com\/hu\/\",\"name\":\"Electrolux Professional Magyarorsz\u00e1g\",\"description\":\"\",\"potentialAction\":[{\"@type\":\"SearchAction\",\"target\":{\"@type\":\"EntryPoint\",\"urlTemplate\":\"https:\/\/www.electroluxprofessional.com\/hu\/?src={search_term_string}\"},\"query-input\":\"required name=search_term_string\"}],\"inLanguage\":\"hu\"}]}<\/script>\n<!-- \/ Yoast SEO plugin. -->","yoast_head_json":{"title":"Biztons\u00e1g - Electrolux Professional Magyarorsz\u00e1g","robots":{"index":"index","follow":"follow","max-snippet":"max-snippet:-1","max-image-preview":"max-image-preview:large","max-video-preview":"max-video-preview:-1"},"canonical":"https:\/\/www.electroluxprofessional.com\/hu\/a-jobbert\/biztonsag\/","og_locale":"hu_HU","og_type":"article","og_title":"Biztons\u00e1g - Electrolux Professional Magyarorsz\u00e1g","og_description":"[vc_row full_width=&#8221;electroluxpro-full-width-no-padding&#8221;][vc_column][elx_hero_slider label_text_color=&#8221;inherit&#8221; images=&#8221;652&#8243;][elx_heading font_container=&#8221;h1&#8243; font_size=&#8221;h2&#8243; text_color=&#8221;inherit&#8221;]A\u00a0garant\u00e1lt biztons\u00e1g [\/elx_heading][vc_column_text]Az Electrolux Professional megb\u00edzhat\u00f3, p\u00e1ratlan, vil\u00e1gsz\u00ednvonal\u00fa biztons\u00e1got ny\u00fajt, mely t\u00fckr\u00f6zi a konkr\u00e9t \u00e9s m\u00e9rhet\u0151 elk\u00f6telezetts\u00e9g\u00e9t az eg\u00e9szs\u00e9g \u00e9s biztons\u00e1g ir\u00e1nt.[\/vc_column_text][\/elx_hero_slider][\/vc_column][\/vc_row][vc_row][vc_column][elx_heading text_color=&#8221;inherit&#8221;] Eg\u00e9szs\u00e9gesen n\u00f6vekedni, b\u00e9k\u00e9sen dolgozni, biztons\u00e1got \u00e9rezni \u00e9s v\u00e9dettnek lenni. [\/elx_heading][\/vc_column][\/vc_row][vc_row full_width=&#8221;electroluxpro-full-width-no-padding&#8221; equal_height=&#8221;yes&#8221;][vc_column width=&#8221;1\/2&#8243;][elx_image_block background_image=&#8221;646&#8243; minimum_height=&#8221;666px&#8221;][\/vc_column][vc_column width=&#8221;1\/2&#8243;][elx_simple_block background_color=&#8221;inherit&#8221;][elx_heading font_container=&#8221;h3&#8243; text_color=&#8221;inherit&#8221;]A biztons\u00e1g nem egy &#8220;j\u00f3, ha van&#8221; opci\u00f3, [&hellip;]","og_url":"https:\/\/www.electroluxprofessional.com\/hu\/a-jobbert\/biztonsag\/","og_site_name":"Electrolux Professional Magyarorsz\u00e1g","article_modified_time":"2024-07-02T12:55:43+00:00","twitter_card":"summary_large_image","twitter_misc":{"Becs\u00fclt olvas\u00e1si id\u0151":"5 perc"},"schema":{"@context":"https:\/\/schema.org","@graph":[{"@type":"WebPage","@id":"https:\/\/www.electroluxprofessional.com\/hu\/a-jobbert\/biztonsag\/","url":"https:\/\/www.electroluxprofessional.com\/hu\/a-jobbert\/biztonsag\/","name":"Biztons\u00e1g - Electrolux Professional Magyarorsz\u00e1g","isPartOf":{"@id":"https:\/\/www.electroluxprofessional.com\/hu\/#website"},"datePublished":"2017-05-15T08:36:50+00:00","dateModified":"2024-07-02T12:55:43+00:00","breadcrumb":{"@id":"https:\/\/www.electroluxprofessional.com\/hu\/a-jobbert\/biztonsag\/#breadcrumb"},"inLanguage":"hu","potentialAction":[{"@type":"ReadAction","target":["https:\/\/www.electroluxprofessional.com\/hu\/a-jobbert\/biztonsag\/"]}]},{"@type":"BreadcrumbList","@id":"https:\/\/www.electroluxprofessional.com\/hu\/a-jobbert\/biztonsag\/#breadcrumb","itemListElement":[{"@type":"ListItem","position":1,"name":"Home","item":"https:\/\/www.electroluxprofessional.com\/hu\/"},{"@type":"ListItem","position":2,"name":"A jobb \u00e9let\u00e9rt","item":"https:\/\/www.electroluxprofessional.com\/hu\/a-jobbert\/"},{"@type":"ListItem","position":3,"name":"Biztons\u00e1g"}]},{"@type":"WebSite","@id":"https:\/\/www.electroluxprofessional.com\/hu\/#website","url":"https:\/\/www.electroluxprofessional.com\/hu\/","name":"Electrolux Professional Magyarorsz\u00e1g","description":"","potentialAction":[{"@type":"SearchAction","target":{"@type":"EntryPoint","urlTemplate":"https:\/\/www.electroluxprofessional.com\/hu\/?src={search_term_string}"},"query-input":"required name=search_term_string"}],"inLanguage":"hu"}]}},"_links":{"self":[{"href":"https:\/\/www.electroluxprofessional.com\/hu\/wp-json\/wp\/v2\/pages\/2585"}],"collection":[{"href":"https:\/\/www.electroluxprofessional.com\/hu\/wp-json\/wp\/v2\/pages"}],"about":[{"href":"https:\/\/www.electroluxprofessional.com\/hu\/wp-json\/wp\/v2\/types\/page"}],"author":[{"embeddable":true,"href":"https:\/\/www.electroluxprofessional.com\/hu\/wp-json\/wp\/v2\/users\/3"}],"replies":[{"embeddable":true,"href":"https:\/\/www.electroluxprofessional.com\/hu\/wp-json\/wp\/v2\/comments?post=2585"}],"version-history":[{"count":26,"href":"https:\/\/www.electroluxprofessional.com\/hu\/wp-json\/wp\/v2\/pages\/2585\/revisions"}],"predecessor-version":[{"id":8004,"href":"https:\/\/www.electroluxprofessional.com\/hu\/wp-json\/wp\/v2\/pages\/2585\/revisions\/8004"}],"up":[{"embeddable":true,"href":"https:\/\/www.electroluxprofessional.com\/hu\/wp-json\/wp\/v2\/pages\/2406"}],"wp:attachment":[{"href":"https:\/\/www.electroluxprofessional.com\/hu\/wp-json\/wp\/v2\/media?parent=2585"}],"curies":[{"name":"wp","href":"https:\/\/api.w.org\/{rel}","templated":true}]}}