{"id":2560,"date":"2017-05-15T08:35:24","date_gmt":"2017-05-15T08:35:24","guid":{"rendered":"https:\/\/www.electroluxprofessional.com\/hu\/?page_id=2560"},"modified":"2025-11-05T15:00:02","modified_gmt":"2025-11-05T15:00:02","slug":"hotelek","status":"publish","type":"page","link":"https:\/\/www.electroluxprofessional.com\/hu\/hotelek\/","title":{"rendered":"Hotelek"},"content":{"rendered":"<p>[vc_row full_width=&#8221;electroluxpro-full-width-no-padding&#8221; equal_height=&#8221;yes&#8221;][vc_column reveal_effect=&#8221;&#8221; width=&#8221;1\/2&#8243;][elx_citation name=&#8221;Davinder Kumar, Vice President F&amp;B Production &amp; Executive Chef Le M\u00e9ridien&#8221; company=&#8221;New Delhi, India&#8221;][elx_heading font_container=&#8221;h1&#8243; font_size=&#8221;h2&#8243; text_color=&#8221;inherit&#8221;]&#8221;Az Electrolux Professional komplett megold\u00e1sokat k\u00edn\u00e1l. Ez nagy haszn\u00e1ra v\u00e1lik a felt\u00f6rekv\u0151 s\u00e9feknek, mert a legt\u00f6bbet hozhatj\u00e1k \u00edgy ki a v\u00e1llalat szak\u00e9rtelm\u00e9b\u0151l.&#8221;[\/elx_heading][\/elx_citation][\/vc_column][vc_column reveal_effect=&#8221;&#8221; width=&#8221;1\/2&#8243;][elx_image_block background_image=&#8221;452&#8243; minimum_height=&#8221;700px&#8221;][\/vc_column][\/vc_row][vc_row][vc_column][elx_heading text_color=&#8221;inherit&#8221;]<\/p>\n<p style=\"text-align: center;\"><span style=\"color: #bed143;\">Hotelek<\/span><\/p>\n<p>[\/elx_heading][\/vc_column][\/vc_row][vc_row][vc_column][vc_empty_space height=&#8221;50px&#8221;][\/vc_column][\/vc_row][vc_row full_width=&#8221;electroluxpro-full-width-no-padding&#8221; equal_height=&#8221;yes&#8221; css=&#8221;.vc_custom_1465551113072{background-color: #edeff2 !important;}&#8221;][vc_column width=&#8221;1\/2&#8243;][elx_simple_block background_color=&#8221;inherit&#8221;][vc_column_text]<\/p>\n<h3 style=\"text-align: left;\">Tudta, hogy l\u00e9tezik\u00a05 csillagos szerviz pazarl\u00e1s n\u00e9lk\u00fcl is?<\/h3>\n<p>[\/vc_column_text][vc_column_text]B\u00e1rmire is legyen sz\u00fcks\u00e9ge a konyh\u00e1j\u00e1nak, az Electrolux Professional \u00e1tfog\u00f3 megold\u00e1st tud k\u00edn\u00e1lni, mellyel n\u00f6veli a termel\u00e9kenys\u00e9get \u00e9s a fenntarthat\u00f3s\u00e1got.<\/p>\n<p><strong>Gondolunk a sz\u00e1llodal\u00e1ncokra \u00e9s a f\u00fcggetlen hotelekre is.<\/strong>[\/vc_column_text][\/elx_simple_block][\/vc_column][vc_column width=&#8221;1\/2&#8243;][elx_image_block background_image=&#8221;746&#8243; minimum_height=&#8221;600px&#8221;][\/vc_column][\/vc_row][vc_row][vc_column][vc_empty_space height=&#8221;50px&#8221;][\/vc_column][\/vc_row][vc_row full_width=&#8221;electroluxpro-full-width-no-padding&#8221; equal_height=&#8221;yes&#8221; css=&#8221;.vc_custom_1465563192639{background-color: #edeff2 !important;}&#8221;][vc_column width=&#8221;1\/2&#8243;][elx_image_block background_image=&#8221;747&#8243; minimum_height=&#8221;600px&#8221;][\/vc_column][vc_column width=&#8221;1\/2&#8243;][elx_simple_block background_color=&#8221;inherit&#8221;][vc_column_text]<\/p>\n<h3 style=\"text-align: left;\">Tudja, hogy mi sz\u00e1m\u00edt igaz\u00e1n a hotel vend\u00e9gei sz\u00e1m\u00e1ra?<\/h3>\n<p>[\/vc_column_text][vc_column_text]A legfrissebb ipari kutat\u00e1s az al\u00e1bbiakat mutatja:<\/p>\n<ul>\n<li>a megk\u00e9rdezettek 99%-a \u00fagy gondolja, hogy a magas min\u0151s\u00e9g\u0171 t\u00f6r\u00fclk\u00f6z\u0151k \u00e9s \u00e1gynem\u0171k nagyon fontosak<\/li>\n<li>96%-uk azt mondta, hogy nem t\u00e9rn\u00e9nek vissza a hotelbe, ahol a t\u00f6r\u00fclk\u00f6z\u0151k \u00e9s az \u00e1gynem\u0171k rossz min\u0151s\u00e9g\u0171ek vagy foltosak.<\/li>\n<\/ul>\n<p>Ne hagyja, hogy ez megt\u00f6rt\u00e9njen \u00d6nnel, vegye kez\u00e9be az ir\u00e1ny\u00edt\u00e1st \u00e9s biztos\u00edtsa a t\u00f6k\u00e9letes higi\u00e9ni\u00e1t \u00e9s tisztas\u00e1got <strong>h\u00e1zon bel\u00fcl<\/strong> az Electrolux Professional seg\u00edts\u00e9g\u00e9vel.[\/vc_column_text][\/elx_simple_block][\/vc_column][\/vc_row][vc_row][vc_column][vc_empty_space height=&#8221;50px&#8221;][\/vc_column][\/vc_row][vc_row][vc_column][elx_heading font_size=&#8221;h3&#8243; text_color=&#8221;inherit&#8221;]<\/p>\n<p style=\"text-align: center;\">Megold\u00e1saink hotelek konyh\u00e1i sz\u00e1m\u00e1ra<\/p>\n<p>[\/elx_heading][\/vc_column][\/vc_row][vc_row css=&#8221;.vc_custom_1465550821993{padding-top: 20px !important;padding-bottom: 20px !important;background-color: #f7f6f6 !important;}&#8221;][vc_column width=&#8221;1\/3&#8243;][vc_single_image image=&#8221;748&#8243; img_size=&#8221;full&#8221; alignment=&#8221;center&#8221;][elx_heading font_container=&#8221;h3&#8243; text_color=&#8221;inherit&#8221; text_align=&#8221;text-left&#8221;]therma<em>line<\/em><br \/>\n[\/elx_heading][vc_column_text]<\/p>\n<ul>\n<li>Ak\u00e1r 60%-os energia megtakar\u00edt\u00e1s\u00a0teljes\u00edtm\u00e9ny n\u00f6vel\u00e9s k\u00f6zben &#8211; a therma<em>line<\/em> pr\u00e9mium f\u0151z\u0151berendez\u00e9sekkel.<\/li>\n<li>A teljes fel\u00fclet\u0171 indukci\u00f3s asztali f\u0151z\u0151lap k\u00e9nyelmes haszn\u00e1latot biztos\u00edt.<\/li>\n<\/ul>\n<p>[\/vc_column_text][elx_button button_text=&#8221;thermaline&#8221; button_style=&#8221;icon&#8221; button_link=&#8221;url:https%3A%2F%2Fwww.electroluxprofessional.com%2Fhu%2Fthermaline-fozosorok%2F|title:thermaline||&#8221;][\/vc_column][vc_column width=&#8221;1\/3&#8243;][vc_single_image image=&#8221;749&#8243; img_size=&#8221;large&#8221; alignment=&#8221;center&#8221;][elx_heading font_container=&#8221;h3&#8243; text_color=&#8221;inherit&#8221; text_align=&#8221;text-center&#8221;]Cook&amp;Chill<br \/>\n[\/elx_heading][vc_column_text]<\/p>\n<ul>\n<li>F\u0151zz\u00f6n k\u00f6rnyezetbar\u00e1t m\u00f3don a Touchline air-o-steam s\u00fct\u0151vel, amely jelenleg a legk\u00f6rnyezetbar\u00e1tabb kombis\u00fct\u0151 a piacon.<\/li>\n<li>Flexibilisebb men\u00fck, egyszer\u0171bb munkafolyamatok, k\u00f6lts\u00e9g \u00e9s energiamegtakar\u00edt\u00e1s, kevesebb elpazarolt plusz id\u0151.<\/li>\n<\/ul>\n<p>[\/vc_column_text][elx_button button_text=&#8221;Cook&amp;Chill&#8221; button_style=&#8221;icon&#8221; button_link=&#8221;url:https%3A%2F%2Fwww.electroluxprofessional.com%2Fhu%2Fkonyhatechnologia%2Fcook-and-chill%2Fskyline%2F|title:Cook%20and%20Chill||&#8221;][\/vc_column][vc_column width=&#8221;1\/3&#8243;][vc_single_image image=&#8221;750&#8243; img_size=&#8221;large&#8221;][elx_heading font_container=&#8221;h3&#8243; text_color=&#8221;inherit&#8221; text_align=&#8221;text-center&#8221;]H\u0171t\u00e9s<br \/>\n[\/elx_heading][vc_column_text]<\/p>\n<ul>\n<li>H\u0171tse \u00e9teleit a legmagasabb energiahat\u00e9konys\u00e1g\u00fa ecostore h\u0171t\u0151szekr\u00e9nyekben.<\/li>\n<li>Tegye konyh\u00e1j\u00e1t m\u00e9g termel\u00e9kenyebb\u00e9 \u00e9s fenntarthat\u00f3bb\u00e1.<\/li>\n<\/ul>\n<p>[\/vc_column_text][elx_button button_text=&#8221;H\u0171t\u00e9stechnika&#8221; button_style=&#8221;icon&#8221; button_link=&#8221;url:https%3A%2F%2Fwww.electroluxprofessional.com%2Fhu%2Fhutoszekrenyek%2F|title:Refrigeration%20equipment||&#8221;][\/vc_column][\/vc_row][vc_row][vc_column][\/vc_column][\/vc_row][vc_row][vc_column][elx_o2000_contact_us r=&#8221;Szeretn\u00e9k t\u00f6bb inform\u00e1ci\u00f3t kapni err\u0151l a term\u00e9kr\u0151l Hotelek. K\u00e9rem, vegy\u00e9k fel velem a kapcsolatot.&#8221; s=&#8221;Inform\u00e1ci\u00f3 k\u00e9r\u00e9s err\u0151l a term\u00e9kr\u0151l Hotelek&#8221; country=&#8221;Hungary&#8221; l=&#8221;hu&#8221; container=&#8221;elxcontactus1466430938&#8243;][\/vc_column][\/vc_row]<\/p>\n","protected":false},"excerpt":{"rendered":"<p>[vc_row full_width=&#8221;electroluxpro-full-width-no-padding&#8221; equal_height=&#8221;yes&#8221;][vc_column reveal_effect=&#8221;&#8221; width=&#8221;1\/2&#8243;][elx_citation name=&#8221;Davinder Kumar, Vice President F&amp;B Production &amp; Executive Chef Le M\u00e9ridien&#8221; company=&#8221;New Delhi, India&#8221;][elx_heading font_container=&#8221;h1&#8243; font_size=&#8221;h2&#8243; text_color=&#8221;inherit&#8221;]&#8221;Az Electrolux Professional komplett megold\u00e1sokat k\u00edn\u00e1l. Ez nagy haszn\u00e1ra v\u00e1lik a felt\u00f6rekv\u0151 s\u00e9feknek, mert a legt\u00f6bbet hozhatj\u00e1k \u00edgy ki a v\u00e1llalat szak\u00e9rtelm\u00e9b\u0151l.&#8221;[\/elx_heading][\/elx_citation][\/vc_column][vc_column reveal_effect=&#8221;&#8221; width=&#8221;1\/2&#8243;][elx_image_block background_image=&#8221;452&#8243; minimum_height=&#8221;700px&#8221;][\/vc_column][\/vc_row][vc_row][vc_column][elx_heading text_color=&#8221;inherit&#8221;] Hotelek [\/elx_heading][\/vc_column][\/vc_row][vc_row][vc_column][vc_empty_space height=&#8221;50px&#8221;][\/vc_column][\/vc_row][vc_row full_width=&#8221;electroluxpro-full-width-no-padding&#8221; equal_height=&#8221;yes&#8221; css=&#8221;.vc_custom_1465551113072{background-color: #edeff2 [&hellip;]<\/p>\n","protected":false},"author":3,"featured_media":0,"parent":0,"menu_order":0,"comment_status":"closed","ping_status":"closed","template":"","meta":{"footnotes":""},"class_list":["post-2560","page","type-page","status-publish","hentry"],"yoast_head":"<!-- This site is optimized with the Yoast SEO plugin v23.3 - https:\/\/yoast.com\/wordpress\/plugins\/seo\/ -->\n<title>Hotelek - Electrolux Professional Magyarorsz\u00e1g<\/title>\n<meta name=\"robots\" content=\"index, follow, max-snippet:-1, max-image-preview:large, max-video-preview:-1\" \/>\n<link rel=\"canonical\" href=\"https:\/\/www.electroluxprofessional.com\/hu\/hotelek\/\" \/>\n<meta property=\"og:locale\" content=\"hu_HU\" \/>\n<meta property=\"og:type\" content=\"article\" \/>\n<meta property=\"og:title\" content=\"Hotelek - Electrolux Professional Magyarorsz\u00e1g\" \/>\n<meta property=\"og:description\" content=\"[vc_row full_width=&#8221;electroluxpro-full-width-no-padding&#8221; equal_height=&#8221;yes&#8221;][vc_column reveal_effect=&#8221;&#8221; width=&#8221;1\/2&#8243;][elx_citation name=&#8221;Davinder Kumar, Vice President F&amp;B Production &amp; Executive Chef Le M\u00e9ridien&#8221; company=&#8221;New Delhi, India&#8221;][elx_heading font_container=&#8221;h1&#8243; font_size=&#8221;h2&#8243; text_color=&#8221;inherit&#8221;]&#8221;Az Electrolux Professional komplett megold\u00e1sokat k\u00edn\u00e1l. Ez nagy haszn\u00e1ra v\u00e1lik a felt\u00f6rekv\u0151 s\u00e9feknek, mert a legt\u00f6bbet hozhatj\u00e1k \u00edgy ki a v\u00e1llalat szak\u00e9rtelm\u00e9b\u0151l.&#8221;[\/elx_heading][\/elx_citation][\/vc_column][vc_column reveal_effect=&#8221;&#8221; width=&#8221;1\/2&#8243;][elx_image_block background_image=&#8221;452&#8243; minimum_height=&#8221;700px&#8221;][\/vc_column][\/vc_row][vc_row][vc_column][elx_heading text_color=&#8221;inherit&#8221;] Hotelek [\/elx_heading][\/vc_column][\/vc_row][vc_row][vc_column][vc_empty_space height=&#8221;50px&#8221;][\/vc_column][\/vc_row][vc_row full_width=&#8221;electroluxpro-full-width-no-padding&#8221; equal_height=&#8221;yes&#8221; css=&#8221;.vc_custom_1465551113072{background-color: #edeff2 [&hellip;]\" \/>\n<meta property=\"og:url\" content=\"https:\/\/www.electroluxprofessional.com\/hu\/hotelek\/\" \/>\n<meta property=\"og:site_name\" content=\"Electrolux Professional Magyarorsz\u00e1g\" \/>\n<meta property=\"article:modified_time\" content=\"2025-11-05T15:00:02+00:00\" \/>\n<meta name=\"twitter:card\" content=\"summary_large_image\" \/>\n<meta name=\"twitter:label1\" content=\"Becs\u00fclt olvas\u00e1si id\u0151\" \/>\n\t<meta name=\"twitter:data1\" content=\"2 perc\" \/>\n<script type=\"application\/ld+json\" class=\"yoast-schema-graph\">{\"@context\":\"https:\/\/schema.org\",\"@graph\":[{\"@type\":\"WebPage\",\"@id\":\"https:\/\/www.electroluxprofessional.com\/hu\/hotelek\/\",\"url\":\"https:\/\/www.electroluxprofessional.com\/hu\/hotelek\/\",\"name\":\"Hotelek - Electrolux Professional Magyarorsz\u00e1g\",\"isPartOf\":{\"@id\":\"https:\/\/www.electroluxprofessional.com\/hu\/#website\"},\"datePublished\":\"2017-05-15T08:35:24+00:00\",\"dateModified\":\"2025-11-05T15:00:02+00:00\",\"breadcrumb\":{\"@id\":\"https:\/\/www.electroluxprofessional.com\/hu\/hotelek\/#breadcrumb\"},\"inLanguage\":\"hu\",\"potentialAction\":[{\"@type\":\"ReadAction\",\"target\":[\"https:\/\/www.electroluxprofessional.com\/hu\/hotelek\/\"]}]},{\"@type\":\"BreadcrumbList\",\"@id\":\"https:\/\/www.electroluxprofessional.com\/hu\/hotelek\/#breadcrumb\",\"itemListElement\":[{\"@type\":\"ListItem\",\"position\":1,\"name\":\"Home\",\"item\":\"https:\/\/www.electroluxprofessional.com\/hu\/\"},{\"@type\":\"ListItem\",\"position\":2,\"name\":\"Hotelek\"}]},{\"@type\":\"WebSite\",\"@id\":\"https:\/\/www.electroluxprofessional.com\/hu\/#website\",\"url\":\"https:\/\/www.electroluxprofessional.com\/hu\/\",\"name\":\"Electrolux Professional Magyarorsz\u00e1g\",\"description\":\"\",\"potentialAction\":[{\"@type\":\"SearchAction\",\"target\":{\"@type\":\"EntryPoint\",\"urlTemplate\":\"https:\/\/www.electroluxprofessional.com\/hu\/?src={search_term_string}\"},\"query-input\":\"required name=search_term_string\"}],\"inLanguage\":\"hu\"}]}<\/script>\n<!-- \/ Yoast SEO plugin. -->","yoast_head_json":{"title":"Hotelek - Electrolux Professional Magyarorsz\u00e1g","robots":{"index":"index","follow":"follow","max-snippet":"max-snippet:-1","max-image-preview":"max-image-preview:large","max-video-preview":"max-video-preview:-1"},"canonical":"https:\/\/www.electroluxprofessional.com\/hu\/hotelek\/","og_locale":"hu_HU","og_type":"article","og_title":"Hotelek - Electrolux Professional Magyarorsz\u00e1g","og_description":"[vc_row full_width=&#8221;electroluxpro-full-width-no-padding&#8221; equal_height=&#8221;yes&#8221;][vc_column reveal_effect=&#8221;&#8221; width=&#8221;1\/2&#8243;][elx_citation name=&#8221;Davinder Kumar, Vice President F&amp;B Production &amp; Executive Chef Le M\u00e9ridien&#8221; company=&#8221;New Delhi, India&#8221;][elx_heading font_container=&#8221;h1&#8243; font_size=&#8221;h2&#8243; text_color=&#8221;inherit&#8221;]&#8221;Az Electrolux Professional komplett megold\u00e1sokat k\u00edn\u00e1l. Ez nagy haszn\u00e1ra v\u00e1lik a felt\u00f6rekv\u0151 s\u00e9feknek, mert a legt\u00f6bbet hozhatj\u00e1k \u00edgy ki a v\u00e1llalat szak\u00e9rtelm\u00e9b\u0151l.&#8221;[\/elx_heading][\/elx_citation][\/vc_column][vc_column reveal_effect=&#8221;&#8221; width=&#8221;1\/2&#8243;][elx_image_block background_image=&#8221;452&#8243; minimum_height=&#8221;700px&#8221;][\/vc_column][\/vc_row][vc_row][vc_column][elx_heading text_color=&#8221;inherit&#8221;] Hotelek [\/elx_heading][\/vc_column][\/vc_row][vc_row][vc_column][vc_empty_space height=&#8221;50px&#8221;][\/vc_column][\/vc_row][vc_row full_width=&#8221;electroluxpro-full-width-no-padding&#8221; equal_height=&#8221;yes&#8221; css=&#8221;.vc_custom_1465551113072{background-color: #edeff2 [&hellip;]","og_url":"https:\/\/www.electroluxprofessional.com\/hu\/hotelek\/","og_site_name":"Electrolux Professional Magyarorsz\u00e1g","article_modified_time":"2025-11-05T15:00:02+00:00","twitter_card":"summary_large_image","twitter_misc":{"Becs\u00fclt olvas\u00e1si id\u0151":"2 perc"},"schema":{"@context":"https:\/\/schema.org","@graph":[{"@type":"WebPage","@id":"https:\/\/www.electroluxprofessional.com\/hu\/hotelek\/","url":"https:\/\/www.electroluxprofessional.com\/hu\/hotelek\/","name":"Hotelek - Electrolux Professional Magyarorsz\u00e1g","isPartOf":{"@id":"https:\/\/www.electroluxprofessional.com\/hu\/#website"},"datePublished":"2017-05-15T08:35:24+00:00","dateModified":"2025-11-05T15:00:02+00:00","breadcrumb":{"@id":"https:\/\/www.electroluxprofessional.com\/hu\/hotelek\/#breadcrumb"},"inLanguage":"hu","potentialAction":[{"@type":"ReadAction","target":["https:\/\/www.electroluxprofessional.com\/hu\/hotelek\/"]}]},{"@type":"BreadcrumbList","@id":"https:\/\/www.electroluxprofessional.com\/hu\/hotelek\/#breadcrumb","itemListElement":[{"@type":"ListItem","position":1,"name":"Home","item":"https:\/\/www.electroluxprofessional.com\/hu\/"},{"@type":"ListItem","position":2,"name":"Hotelek"}]},{"@type":"WebSite","@id":"https:\/\/www.electroluxprofessional.com\/hu\/#website","url":"https:\/\/www.electroluxprofessional.com\/hu\/","name":"Electrolux Professional Magyarorsz\u00e1g","description":"","potentialAction":[{"@type":"SearchAction","target":{"@type":"EntryPoint","urlTemplate":"https:\/\/www.electroluxprofessional.com\/hu\/?src={search_term_string}"},"query-input":"required name=search_term_string"}],"inLanguage":"hu"}]}},"_links":{"self":[{"href":"https:\/\/www.electroluxprofessional.com\/hu\/wp-json\/wp\/v2\/pages\/2560"}],"collection":[{"href":"https:\/\/www.electroluxprofessional.com\/hu\/wp-json\/wp\/v2\/pages"}],"about":[{"href":"https:\/\/www.electroluxprofessional.com\/hu\/wp-json\/wp\/v2\/types\/page"}],"author":[{"embeddable":true,"href":"https:\/\/www.electroluxprofessional.com\/hu\/wp-json\/wp\/v2\/users\/3"}],"replies":[{"embeddable":true,"href":"https:\/\/www.electroluxprofessional.com\/hu\/wp-json\/wp\/v2\/comments?post=2560"}],"version-history":[{"count":19,"href":"https:\/\/www.electroluxprofessional.com\/hu\/wp-json\/wp\/v2\/pages\/2560\/revisions"}],"predecessor-version":[{"id":9346,"href":"https:\/\/www.electroluxprofessional.com\/hu\/wp-json\/wp\/v2\/pages\/2560\/revisions\/9346"}],"wp:attachment":[{"href":"https:\/\/www.electroluxprofessional.com\/hu\/wp-json\/wp\/v2\/media?parent=2560"}],"curies":[{"name":"wp","href":"https:\/\/api.w.org\/{rel}","templated":true}]}}