{"id":2525,"date":"2017-05-15T08:40:30","date_gmt":"2017-05-15T08:40:30","guid":{"rendered":"https:\/\/www.electroluxprofessional.com\/hu\/?page_id=2525"},"modified":"2025-02-13T13:51:36","modified_gmt":"2025-02-13T13:51:36","slug":"ertekesitesi-es-szerviz-lokator","status":"publish","type":"page","link":"https:\/\/www.electroluxprofessional.com\/hu\/ertekesitesi-es-szerviz-lokator\/","title":{"rendered":"\u00c9rt\u00e9kes\u00edt\u00e9si \u00e9s szerviz lok\u00e1tor"},"content":{"rendered":"<p>[vc_row][vc_column][vc_single_image image=&#8221;6203&#8243; img_size=&#8221;2000*580&#8243;][\/vc_column][\/vc_row][vc_row][vc_column][elx_heading font_container=&#8221;h1&#8243; font_size=&#8221;h2&#8243; text_color=&#8221;inherit&#8221;]\u00c9rt\u00e9kes\u00edt\u00e9si \u00e9s szerviz lok\u00e1tor[\/elx_heading][\/vc_column][\/vc_row][vc_row][vc_column][vc_empty_space][elx_o2000_locator cf=&#8221;Hungary&#8221; country_cluster=&#8221;&#8221; l=&#8221;hu&#8221; request=&#8221;Tov\u00e1bbi inform\u00e1ci\u00f3t szeretn\u00e9k k\u00e9rni a {{acs}}&#8221;][vc_empty_space][\/vc_column][\/vc_row][vc_row custom_color_row=&#8221;bg-row-light-blue&#8221; css=&#8221;.vc_custom_1739176875824{background-color: #e9eff5 !important;}&#8221;][vc_column][vc_empty_space][elx_heading font_size=&#8221;h4&#8243; text_color=&#8221;electrolux-blue&#8221; text_align=&#8221;text-left&#8221;]Legyen tan\u00fas\u00edtott szolg\u00e1ltat\u00e1si partner!  [\/elx_heading][vc_empty_space height=&#8221;10px&#8221;][vc_column_text]<span class=\"TextRun SCXW173876594 BCX0\" data-contrast=\"none\"><span class=\"NormalTextRun SCXW173876594 BCX0\">Csatlakozzon a tan\u00fas\u00edtott szolg\u00e1ltat\u00e1si h\u00e1l\u00f3zatunkhoz! B\u0151v\u00edtse v\u00e1llalkoz\u00e1s\u00e1t az\u00e1ltal, hogy hivatalos szolg\u00e1ltat\u00e1si partnerr\u00e9 v\u00e1lik. Exkluz\u00edv k\u00e9pz\u00e9sekhez, t\u00e1mogat\u00e1shoz \u00e9s n\u00f6veked\u00e9si lehet\u0151s\u00e9gekhez f\u00e9rhet hozz\u00e1.\u00a0<\/span><\/span><span class=\"EOP SCXW173876594 BCX0\" data-ccp-props=\"{&quot;134233117&quot;:true,&quot;201341983&quot;:0,&quot;335557856&quot;:16777215,&quot;335559739&quot;:0,&quot;335559740&quot;:240}\">\u00a0<\/span>[\/vc_column_text][vc_empty_space height=&#8221;25px&#8221;][elx_o2000_contact_us request_type=&#8221;Customer support&#8221; button_mode=&#8221;true&#8221; button_style=&#8221;secondary&#8221; postion_button=&#8221;text-left&#8221; postion_button_mobile=&#8221;text-left-mobile&#8221; text_btn_contact=&#8221;Jelentkezzen m\u00e9g ma! &#8221; r=&#8221;Szeretn\u00e9m, ha kapcsolatba l\u00e9pn\u00e9nek velem, hogy szolg\u00e1ltat\u00e1si partner\u00fck lehessek. K\u00f6sz\u00f6n\u00f6m.&#8221;][vc_empty_space height=&#8221;40px&#8221;][\/vc_column][\/vc_row]<\/p>\n","protected":false},"excerpt":{"rendered":"<p>[vc_row][vc_column][vc_single_image image=&#8221;6203&#8243; img_size=&#8221;2000*580&#8243;][\/vc_column][\/vc_row][vc_row][vc_column][elx_heading font_container=&#8221;h1&#8243; font_size=&#8221;h2&#8243; text_color=&#8221;inherit&#8221;]\u00c9rt\u00e9kes\u00edt\u00e9si \u00e9s szerviz lok\u00e1tor[\/elx_heading][\/vc_column][\/vc_row][vc_row][vc_column][vc_empty_space][elx_o2000_locator cf=&#8221;Hungary&#8221; country_cluster=&#8221;&#8221; l=&#8221;hu&#8221; request=&#8221;Tov\u00e1bbi inform\u00e1ci\u00f3t szeretn\u00e9k k\u00e9rni a {{acs}}&#8221;][vc_empty_space][\/vc_column][\/vc_row][vc_row custom_color_row=&#8221;bg-row-light-blue&#8221; css=&#8221;.vc_custom_1739176875824{background-color: #e9eff5 !important;}&#8221;][vc_column][vc_empty_space][elx_heading font_size=&#8221;h4&#8243; text_color=&#8221;electrolux-blue&#8221; text_align=&#8221;text-left&#8221;]Legyen tan\u00fas\u00edtott szolg\u00e1ltat\u00e1si partner! [\/elx_heading][vc_empty_space height=&#8221;10px&#8221;][vc_column_text]Csatlakozzon a tan\u00fas\u00edtott szolg\u00e1ltat\u00e1si h\u00e1l\u00f3zatunkhoz! B\u0151v\u00edtse v\u00e1llalkoz\u00e1s\u00e1t az\u00e1ltal, hogy hivatalos szolg\u00e1ltat\u00e1si partnerr\u00e9 v\u00e1lik. Exkluz\u00edv k\u00e9pz\u00e9sekhez, t\u00e1mogat\u00e1shoz \u00e9s n\u00f6veked\u00e9si lehet\u0151s\u00e9gekhez f\u00e9rhet hozz\u00e1.\u00a0\u00a0[\/vc_column_text][vc_empty_space height=&#8221;25px&#8221;][elx_o2000_contact_us request_type=&#8221;Customer support&#8221; button_mode=&#8221;true&#8221; button_style=&#8221;secondary&#8221; [&hellip;]<\/p>\n","protected":false},"author":3,"featured_media":0,"parent":0,"menu_order":0,"comment_status":"closed","ping_status":"closed","template":"","meta":{"footnotes":""},"class_list":["post-2525","page","type-page","status-publish","hentry"],"yoast_head":"<!-- This site is optimized with the Yoast SEO plugin v23.3 - https:\/\/yoast.com\/wordpress\/plugins\/seo\/ -->\n<title>\u00c9rt\u00e9kes\u00edt\u00e9si \u00e9s szerviz lok\u00e1tor - Electrolux Professional Magyarorsz\u00e1g<\/title>\n<meta name=\"robots\" content=\"index, follow, max-snippet:-1, max-image-preview:large, max-video-preview:-1\" \/>\n<link rel=\"canonical\" href=\"https:\/\/www.electroluxprofessional.com\/hu\/ertekesitesi-es-szerviz-lokator\/\" \/>\n<meta property=\"og:locale\" content=\"hu_HU\" \/>\n<meta property=\"og:type\" content=\"article\" \/>\n<meta property=\"og:title\" content=\"\u00c9rt\u00e9kes\u00edt\u00e9si \u00e9s szerviz lok\u00e1tor - Electrolux Professional Magyarorsz\u00e1g\" \/>\n<meta property=\"og:description\" content=\"[vc_row][vc_column][vc_single_image image=&#8221;6203&#8243; img_size=&#8221;2000*580&#8243;][\/vc_column][\/vc_row][vc_row][vc_column][elx_heading font_container=&#8221;h1&#8243; font_size=&#8221;h2&#8243; text_color=&#8221;inherit&#8221;]\u00c9rt\u00e9kes\u00edt\u00e9si \u00e9s szerviz lok\u00e1tor[\/elx_heading][\/vc_column][\/vc_row][vc_row][vc_column][vc_empty_space][elx_o2000_locator cf=&#8221;Hungary&#8221; country_cluster=&#8221;&#8221; l=&#8221;hu&#8221; request=&#8221;Tov\u00e1bbi inform\u00e1ci\u00f3t szeretn\u00e9k k\u00e9rni a {{acs}}&#8221;][vc_empty_space][\/vc_column][\/vc_row][vc_row custom_color_row=&#8221;bg-row-light-blue&#8221; css=&#8221;.vc_custom_1739176875824{background-color: #e9eff5 !important;}&#8221;][vc_column][vc_empty_space][elx_heading font_size=&#8221;h4&#8243; text_color=&#8221;electrolux-blue&#8221; text_align=&#8221;text-left&#8221;]Legyen tan\u00fas\u00edtott szolg\u00e1ltat\u00e1si partner! [\/elx_heading][vc_empty_space height=&#8221;10px&#8221;][vc_column_text]Csatlakozzon a tan\u00fas\u00edtott szolg\u00e1ltat\u00e1si h\u00e1l\u00f3zatunkhoz! B\u0151v\u00edtse v\u00e1llalkoz\u00e1s\u00e1t az\u00e1ltal, hogy hivatalos szolg\u00e1ltat\u00e1si partnerr\u00e9 v\u00e1lik. Exkluz\u00edv k\u00e9pz\u00e9sekhez, t\u00e1mogat\u00e1shoz \u00e9s n\u00f6veked\u00e9si lehet\u0151s\u00e9gekhez f\u00e9rhet hozz\u00e1.\u00a0\u00a0[\/vc_column_text][vc_empty_space height=&#8221;25px&#8221;][elx_o2000_contact_us request_type=&#8221;Customer support&#8221; button_mode=&#8221;true&#8221; button_style=&#8221;secondary&#8221; [&hellip;]\" \/>\n<meta property=\"og:url\" content=\"https:\/\/www.electroluxprofessional.com\/hu\/ertekesitesi-es-szerviz-lokator\/\" \/>\n<meta property=\"og:site_name\" content=\"Electrolux Professional Magyarorsz\u00e1g\" \/>\n<meta property=\"article:modified_time\" content=\"2025-02-13T13:51:36+00:00\" \/>\n<meta name=\"twitter:card\" content=\"summary_large_image\" \/>\n<meta name=\"twitter:label1\" content=\"Becs\u00fclt olvas\u00e1si id\u0151\" \/>\n\t<meta name=\"twitter:data1\" content=\"1 perc\" \/>\n<script type=\"application\/ld+json\" class=\"yoast-schema-graph\">{\"@context\":\"https:\/\/schema.org\",\"@graph\":[{\"@type\":\"WebPage\",\"@id\":\"https:\/\/www.electroluxprofessional.com\/hu\/ertekesitesi-es-szerviz-lokator\/\",\"url\":\"https:\/\/www.electroluxprofessional.com\/hu\/ertekesitesi-es-szerviz-lokator\/\",\"name\":\"\u00c9rt\u00e9kes\u00edt\u00e9si \u00e9s szerviz lok\u00e1tor - Electrolux Professional Magyarorsz\u00e1g\",\"isPartOf\":{\"@id\":\"https:\/\/www.electroluxprofessional.com\/hu\/#website\"},\"datePublished\":\"2017-05-15T08:40:30+00:00\",\"dateModified\":\"2025-02-13T13:51:36+00:00\",\"breadcrumb\":{\"@id\":\"https:\/\/www.electroluxprofessional.com\/hu\/ertekesitesi-es-szerviz-lokator\/#breadcrumb\"},\"inLanguage\":\"hu\",\"potentialAction\":[{\"@type\":\"ReadAction\",\"target\":[\"https:\/\/www.electroluxprofessional.com\/hu\/ertekesitesi-es-szerviz-lokator\/\"]}]},{\"@type\":\"BreadcrumbList\",\"@id\":\"https:\/\/www.electroluxprofessional.com\/hu\/ertekesitesi-es-szerviz-lokator\/#breadcrumb\",\"itemListElement\":[{\"@type\":\"ListItem\",\"position\":1,\"name\":\"Home\",\"item\":\"https:\/\/www.electroluxprofessional.com\/hu\/\"},{\"@type\":\"ListItem\",\"position\":2,\"name\":\"\u00c9rt\u00e9kes\u00edt\u00e9si \u00e9s szerviz lok\u00e1tor\"}]},{\"@type\":\"WebSite\",\"@id\":\"https:\/\/www.electroluxprofessional.com\/hu\/#website\",\"url\":\"https:\/\/www.electroluxprofessional.com\/hu\/\",\"name\":\"Electrolux Professional Magyarorsz\u00e1g\",\"description\":\"\",\"potentialAction\":[{\"@type\":\"SearchAction\",\"target\":{\"@type\":\"EntryPoint\",\"urlTemplate\":\"https:\/\/www.electroluxprofessional.com\/hu\/?src={search_term_string}\"},\"query-input\":\"required name=search_term_string\"}],\"inLanguage\":\"hu\"}]}<\/script>\n<!-- \/ Yoast SEO plugin. -->","yoast_head_json":{"title":"\u00c9rt\u00e9kes\u00edt\u00e9si \u00e9s szerviz lok\u00e1tor - Electrolux Professional Magyarorsz\u00e1g","robots":{"index":"index","follow":"follow","max-snippet":"max-snippet:-1","max-image-preview":"max-image-preview:large","max-video-preview":"max-video-preview:-1"},"canonical":"https:\/\/www.electroluxprofessional.com\/hu\/ertekesitesi-es-szerviz-lokator\/","og_locale":"hu_HU","og_type":"article","og_title":"\u00c9rt\u00e9kes\u00edt\u00e9si \u00e9s szerviz lok\u00e1tor - Electrolux Professional Magyarorsz\u00e1g","og_description":"[vc_row][vc_column][vc_single_image image=&#8221;6203&#8243; img_size=&#8221;2000*580&#8243;][\/vc_column][\/vc_row][vc_row][vc_column][elx_heading font_container=&#8221;h1&#8243; font_size=&#8221;h2&#8243; text_color=&#8221;inherit&#8221;]\u00c9rt\u00e9kes\u00edt\u00e9si \u00e9s szerviz lok\u00e1tor[\/elx_heading][\/vc_column][\/vc_row][vc_row][vc_column][vc_empty_space][elx_o2000_locator cf=&#8221;Hungary&#8221; country_cluster=&#8221;&#8221; l=&#8221;hu&#8221; request=&#8221;Tov\u00e1bbi inform\u00e1ci\u00f3t szeretn\u00e9k k\u00e9rni a {{acs}}&#8221;][vc_empty_space][\/vc_column][\/vc_row][vc_row custom_color_row=&#8221;bg-row-light-blue&#8221; css=&#8221;.vc_custom_1739176875824{background-color: #e9eff5 !important;}&#8221;][vc_column][vc_empty_space][elx_heading font_size=&#8221;h4&#8243; text_color=&#8221;electrolux-blue&#8221; text_align=&#8221;text-left&#8221;]Legyen tan\u00fas\u00edtott szolg\u00e1ltat\u00e1si partner! [\/elx_heading][vc_empty_space height=&#8221;10px&#8221;][vc_column_text]Csatlakozzon a tan\u00fas\u00edtott szolg\u00e1ltat\u00e1si h\u00e1l\u00f3zatunkhoz! B\u0151v\u00edtse v\u00e1llalkoz\u00e1s\u00e1t az\u00e1ltal, hogy hivatalos szolg\u00e1ltat\u00e1si partnerr\u00e9 v\u00e1lik. Exkluz\u00edv k\u00e9pz\u00e9sekhez, t\u00e1mogat\u00e1shoz \u00e9s n\u00f6veked\u00e9si lehet\u0151s\u00e9gekhez f\u00e9rhet hozz\u00e1.\u00a0\u00a0[\/vc_column_text][vc_empty_space height=&#8221;25px&#8221;][elx_o2000_contact_us request_type=&#8221;Customer support&#8221; button_mode=&#8221;true&#8221; button_style=&#8221;secondary&#8221; [&hellip;]","og_url":"https:\/\/www.electroluxprofessional.com\/hu\/ertekesitesi-es-szerviz-lokator\/","og_site_name":"Electrolux Professional Magyarorsz\u00e1g","article_modified_time":"2025-02-13T13:51:36+00:00","twitter_card":"summary_large_image","twitter_misc":{"Becs\u00fclt olvas\u00e1si id\u0151":"1 perc"},"schema":{"@context":"https:\/\/schema.org","@graph":[{"@type":"WebPage","@id":"https:\/\/www.electroluxprofessional.com\/hu\/ertekesitesi-es-szerviz-lokator\/","url":"https:\/\/www.electroluxprofessional.com\/hu\/ertekesitesi-es-szerviz-lokator\/","name":"\u00c9rt\u00e9kes\u00edt\u00e9si \u00e9s szerviz lok\u00e1tor - Electrolux Professional Magyarorsz\u00e1g","isPartOf":{"@id":"https:\/\/www.electroluxprofessional.com\/hu\/#website"},"datePublished":"2017-05-15T08:40:30+00:00","dateModified":"2025-02-13T13:51:36+00:00","breadcrumb":{"@id":"https:\/\/www.electroluxprofessional.com\/hu\/ertekesitesi-es-szerviz-lokator\/#breadcrumb"},"inLanguage":"hu","potentialAction":[{"@type":"ReadAction","target":["https:\/\/www.electroluxprofessional.com\/hu\/ertekesitesi-es-szerviz-lokator\/"]}]},{"@type":"BreadcrumbList","@id":"https:\/\/www.electroluxprofessional.com\/hu\/ertekesitesi-es-szerviz-lokator\/#breadcrumb","itemListElement":[{"@type":"ListItem","position":1,"name":"Home","item":"https:\/\/www.electroluxprofessional.com\/hu\/"},{"@type":"ListItem","position":2,"name":"\u00c9rt\u00e9kes\u00edt\u00e9si \u00e9s szerviz lok\u00e1tor"}]},{"@type":"WebSite","@id":"https:\/\/www.electroluxprofessional.com\/hu\/#website","url":"https:\/\/www.electroluxprofessional.com\/hu\/","name":"Electrolux Professional Magyarorsz\u00e1g","description":"","potentialAction":[{"@type":"SearchAction","target":{"@type":"EntryPoint","urlTemplate":"https:\/\/www.electroluxprofessional.com\/hu\/?src={search_term_string}"},"query-input":"required name=search_term_string"}],"inLanguage":"hu"}]}},"_links":{"self":[{"href":"https:\/\/www.electroluxprofessional.com\/hu\/wp-json\/wp\/v2\/pages\/2525"}],"collection":[{"href":"https:\/\/www.electroluxprofessional.com\/hu\/wp-json\/wp\/v2\/pages"}],"about":[{"href":"https:\/\/www.electroluxprofessional.com\/hu\/wp-json\/wp\/v2\/types\/page"}],"author":[{"embeddable":true,"href":"https:\/\/www.electroluxprofessional.com\/hu\/wp-json\/wp\/v2\/users\/3"}],"replies":[{"embeddable":true,"href":"https:\/\/www.electroluxprofessional.com\/hu\/wp-json\/wp\/v2\/comments?post=2525"}],"version-history":[{"count":7,"href":"https:\/\/www.electroluxprofessional.com\/hu\/wp-json\/wp\/v2\/pages\/2525\/revisions"}],"predecessor-version":[{"id":8350,"href":"https:\/\/www.electroluxprofessional.com\/hu\/wp-json\/wp\/v2\/pages\/2525\/revisions\/8350"}],"wp:attachment":[{"href":"https:\/\/www.electroluxprofessional.com\/hu\/wp-json\/wp\/v2\/media?parent=2525"}],"curies":[{"name":"wp","href":"https:\/\/api.w.org\/{rel}","templated":true}]}}