{"id":2500,"date":"2017-05-15T08:41:36","date_gmt":"2017-05-15T08:41:36","guid":{"rendered":"https:\/\/www.electroluxprofessional.com\/hu\/?page_id=2500"},"modified":"2021-04-16T11:18:29","modified_gmt":"2021-04-16T11:18:29","slug":"etterem-lancok","status":"publish","type":"page","link":"https:\/\/www.electroluxprofessional.com\/hu\/etterem-lancok\/","title":{"rendered":"\u00c9tterem l\u00e1ncok"},"content":{"rendered":"<p>[vc_row full_width=&#8221;electroluxpro-full-width-no-padding&#8221;][vc_column][elx_hero_slider label_text_color=&#8221;inherit&#8221; images=&#8221;786&#8243;][elx_heading text_color=&#8221;orange&#8221; text_align=&#8221;text-left&#8221;]H\u00e1l\u00f3zat\u00e1nak \u00e9p\u00edt\u00e9se.<br \/>\nEgy\u00fctt[\/elx_heading][\/elx_hero_slider][\/vc_column][\/vc_row][vc_row full_width=&#8221;electroluxpro-container-no-padding&#8221; full_height=&#8221;yes&#8221; parallax=&#8221;content-moving&#8221;][vc_column css=&#8221;.vc_custom_1472030236138{padding-top: 20px !important;}&#8221;][elx_heading font_container=&#8221;h1&#8243; font_size=&#8221;h3&#8243; text_color=&#8221;inherit&#8221; text_align=&#8221;text-center&#8221;]Az Electrolux Professional szakk\u00e9pzett csoportja felismeri az \u00d6n ig\u00e9nyeit.[\/elx_heading][\/vc_column][\/vc_row][vc_row][vc_column width=&#8221;1\/2&#8243;][elx_simple_block background_color=&#8221;inherit&#8221;][vc_column_text drop_caps=&#8221;big-first-letter&#8221;]<\/p>\n<p style=\"text-align: left;\">V\u00e1llalkoz\u00e1sa legyen ak\u00e1r egy hotel vagy \u00e9ttereml\u00e1nc, eg\u00e9szs\u00e9g\u00fcgyi szolg\u00e1ltat\u00f3 vagy egy szabadid\u0151s csoport, az Electrolux Professional mindig k\u00e9zn\u00e9l van, hogy biztos\u00edtsa az <strong>innov\u00e1ci\u00f3t<\/strong>, a <strong>fenntarthat\u00f3s\u00e1got<\/strong>, a <strong>biztons\u00e1got<\/strong> \u00e9s az <strong>egyszer\u0171s\u00e9get<\/strong>.<\/p>\n<p>A glob\u00e1lis tapasztalatunknak \u00e9s a kiv\u00e1l\u00f3s\u00e1g ir\u00e1nti elk\u00f6telezetts\u00e9g\u00fcnknek, valamint az \u00f6n amb\u00edci\u00f3j\u00e1nak k\u00f6sz\u00f6nhet\u0151en fel\u00e9p\u00edthetj\u00fck egy\u00fctt az \u00d6n sikeres h\u00e1l\u00f3zat\u00e1t.[\/vc_column_text][\/elx_simple_block][\/vc_column][vc_column width=&#8221;1\/2&#8243;][elx_simple_block background_color=&#8221;inherit&#8221;][vc_single_image image=&#8221;776&#8243; img_size=&#8221;full&#8221; style=&#8221;vc_box_circle_2&#8243;][\/elx_simple_block][\/vc_column][\/vc_row][vc_row][vc_column][elx_heading text_color=&#8221;inherit&#8221; text_align=&#8221;text-center&#8221;]Hogyan tesz\u00fcnk k\u00fcl\u00f6nbs\u00e9get?[\/elx_heading][vc_empty_space height=&#8221;50px&#8221;][\/vc_column][\/vc_row][vc_row full_width=&#8221;electroluxpro-container-no-padding&#8221; equal_height=&#8221;yes&#8221;][vc_column width=&#8221;1\/2&#8243;][elx_simple_block background_color=&#8221;inherit&#8221;][vc_single_image image=&#8221;777&#8243; img_size=&#8221;185&#215;185&#8243; alignment=&#8221;center&#8221;][elx_heading font_container=&#8221;h3&#8243; text_color=&#8221;inherit&#8221;]Innovat\u00edv megold\u00e1sok az ig\u00e9nyeinek megfelel\u0151en[\/elx_heading][vc_column_text]A l\u00e1ncokra szakosodott csoportunk sz\u00e1mtalan \u00fczlet amb\u00edci\u00f3zus elk\u00e9pzel\u00e9seit val\u00f3s\u00edtotta meg.<\/p>\n<p><!--Electrolux innovations respond quickly to the specific challenges your business faces, which is possible thanks to a team of experts who actively listen to your requests and transform them into tailored solutions.-->[\/vc_column_text][\/elx_simple_block][\/vc_column][vc_column width=&#8221;1\/2&#8243;][elx_simple_block background_color=&#8221;inherit&#8221;][vc_single_image image=&#8221;778&#8243; img_size=&#8221;185&#215;185&#8243; alignment=&#8221;center&#8221;][elx_heading font_container=&#8221;h3&#8243; text_color=&#8221;inherit&#8221;]K\u00f6rnyezetbar\u00e1t megold\u00e1sokat alkalmazunk[\/elx_heading][vc_column_text]Az \u00fczlet\u00e9nek fenntarthat\u00f3s\u00e1g\u00e1nak n\u00f6vel\u00e9s\u00e9vel n\u00f6veli a j\u00f6vedelmez\u0151s\u00e9g\u00e9t is.<\/p>\n<p><!--By pioneering and developing efficient solutions, we can help your business to save time, minimise waste, and make your staff\u2019s working lives easier. Our goal is to help you introduce a green thread which runs through your business.-->[\/vc_column_text][\/elx_simple_block][\/vc_column][\/vc_row][vc_row full_width=&#8221;electroluxpro-container-no-padding&#8221; equal_height=&#8221;yes&#8221;][vc_column width=&#8221;1\/2&#8243;][elx_simple_block][vc_single_image image=&#8221;779&#8243; img_size=&#8221;185&#215;185&#8243; alignment=&#8221;center&#8221;][elx_heading font_container=&#8221;h3&#8243; text_color=&#8221;inherit&#8221;]V\u00e1llalkoz\u00e1sa biztos kezekben van[\/elx_heading][vc_column_text]V\u00e1s\u00e1rl\u00f3inak biztons\u00e1gosan kell \u00e9tkezni\u00fck, szem\u00e9lyzet\u00e9nek pedig olyan konyhai \u00e9s mosodai berendez\u00e9sekre van sz\u00fcks\u00e9ge, melyekben megb\u00edznak.<\/p>\n<p><!--Our investments in extensive product testing and third party accreditations ensure Electrolux solutions overcome the day-to-day challenges of your business without compromising the health and safety of staff or customers.-->[\/vc_column_text][\/elx_simple_block][\/vc_column][vc_column width=&#8221;1\/2&#8243;][elx_simple_block background_color=&#8221;inherit&#8221;][vc_single_image image=&#8221;780&#8243; img_size=&#8221;185&#215;185&#8243; alignment=&#8221;center&#8221;][elx_heading font_container=&#8221;h3&#8243; text_color=&#8221;inherit&#8221;]Egyszer\u0171s\u00e9g[\/elx_heading][vc_column_text]<!--The best ideas are often the most simple.-->V\u00e1llalkoz\u00e1sa egyedi, s ebb\u0151l ad\u00f3d\u00f3an ergonomikus, \u00e1tt\u00f6r\u0151 technik\u00e1ra van sz\u00fcks\u00e9ge, amely a komplex folyamatot sokkal egyszer\u0171bb\u00e9 teszi.<\/p>\n<p><!--Your business is unique and with that comes a need for ergonomic, breakthrough technology which makes complex processes much simpler. Allow multi-functional appliances to increase efficiency and deliver consistent quality your customers can enjoy time after time.-->[\/vc_column_text][\/elx_simple_block][\/vc_column][\/vc_row][vc_row][vc_column][vc_empty_space][\/vc_column][\/vc_row][vc_row full_width=&#8221;electroluxpro-container-no-padding&#8221;][vc_column][elx_heading font_container=&#8221;h3&#8243; text_color=&#8221;inherit&#8221; text_align=&#8221;text-center&#8221;]Csin\u00e1ljunk egy\u00fctt egy nyer\u0151 energia cser\u00e9t[\/elx_heading][vc_empty_space height=&#8221;50px&#8221;][\/vc_column][\/vc_row][vc_row][vc_column width=&#8221;1\/2&#8243;][elx_simple_block background_color=&#8221;inherit&#8221;][vc_column_text]Sz\u00fcks\u00e9gleteinek meghallgat\u00e1sa lehet\u0151v\u00e9 teszi sz\u00e1munkra, hogy tov\u00e1bbi \u00e9rt\u00e9kekre f\u00f3kusz\u00e1ljunk, forradalmas\u00edtsuk v\u00e1llalkoz\u00e1s\u00e1t az eredm\u00e9nytelens\u00e9g cs\u00f6kkent\u00e9s\u00e9vel.<\/p>\n<p>Ez az <strong>Electrolux Professional m\u00f3dszere, <\/strong>egy strat\u00e9giai folyamatk\u00f6r, mely a j\u00e1tszma megnyer\u00e9s\u00e9re lett tervezve.[\/vc_column_text][\/elx_simple_block][\/vc_column][vc_column width=&#8221;1\/2&#8243;][elx_simple_block background_color=&#8221;inherit&#8221;][vc_single_image image=&#8221;781&#8243; img_size=&#8221;full&#8221; alignment=&#8221;center&#8221;][\/elx_simple_block][\/vc_column][\/vc_row][vc_row][vc_column][vc_empty_space height=&#8221;50px&#8221;][elx_heading font_container=&#8221;h3&#8243; text_color=&#8221;inherit&#8221; text_align=&#8221;text-center&#8221; css=&#8221;.vc_custom_1490357776962{padding-top: 50px !important;padding-bottom: 50px !important;}&#8221;]&#8230; tov\u00e1bb\u00e1, k\u00f6vetj\u00fck \u00d6nt a vil\u00e1g k\u00f6r\u00fcl is.[\/elx_heading][\/vc_column][\/vc_row][vc_row][vc_column width=&#8221;1\/2&#8243;][elx_simple_block background_color=&#8221;inherit&#8221;][elx_heading font_container=&#8221;h3&#8243; font_size=&#8221;h4&#8243; text_color=&#8221;inherit&#8221; text_align=&#8221;text-left&#8221;]Glob\u00e1lis R&amp;D csapat[\/elx_heading][vc_column_text drop_caps=&#8221;big-first-letter&#8221;]A glob\u00e1lis R&amp;D csapat a nemzetk\u00f6zi design szektorok egy\u00fcttm\u0171k\u00f6d\u00e9s\u00e9t kihaszn\u00e1lva cs\u00f6kkentik a piacra ker\u00fcl\u00e9si id\u0151t, mik\u00f6zben piackutat\u00e1st v\u00e9geznek, \u00e9s keresik az \u00faj lehet\u0151s\u00e9geket.[\/vc_column_text][\/elx_simple_block][\/vc_column][vc_column width=&#8221;1\/2&#8243;][elx_simple_block background_color=&#8221;inherit&#8221;][elx_heading font_container=&#8221;h3&#8243; font_size=&#8221;h4&#8243; text_color=&#8221;inherit&#8221; text_align=&#8221;text-left&#8221;]A vil\u00e1g legkiterjedtebb \u00fcgyf\u00e9lszolg\u00e1lati h\u00e1l\u00f3zata[\/elx_heading][vc_column_text drop_caps=&#8221;big-first-letter&#8221;]Az Electrolux Professional a vil\u00e1g legkiterjedtebb \u00fcgyf\u00e9lszolg\u00e1lati h\u00e1l\u00f3zat\u00e1t biztos\u00edtja, jelen van a v\u00e1s\u00e1rl\u00e1s el\u0151tt, alatt \u00e9s ut\u00e1n is.[\/vc_column_text][\/elx_simple_block][\/vc_column][\/vc_row][vc_row][vc_column][vc_empty_space][\/vc_column][\/vc_row][vc_row][vc_column width=&#8221;1\/2&#8243;][elx_simple_block background_color=&#8221;inherit&#8221;][elx_heading font_container=&#8221;h3&#8243; text_color=&#8221;inherit&#8221; text_align=&#8221;text-center&#8221; css=&#8221;.vc_custom_1490358435437{padding-top: 50px !important;padding-bottom: 50px !important;}&#8221;]Egy szem\u00e9lyre szabott,<br \/>\nj\u00e1t\u00e9kot megv\u00e1ltoztat\u00f3<br \/>\nmegold\u00e1s[\/elx_heading][vc_column_text drop_caps=&#8221;big-first-letter&#8221;]Az Electrolux Professional partnerek\u00e9nt, egy glob\u00e1lis \u00a0gyors\u00e9tterem l\u00e1nc k\u00e9pes volt jelent\u0151sen jav\u00edtani a konyhai munkafolyamatokon, egy kor\u00e1bban soha nem l\u00e1tott \u00e9tel el\u0151k\u00e9sz\u00edt\u00e9si koncepci\u00f3 bevezet\u00e9s\u00e9vel.<\/p>\n<p>Az Electrolux Professional a m\u00e1rka sz\u00e1mos \u00e9tterm\u00e9t megl\u00e1togatta, s egy m\u00e9lyrehat\u00f3 anal\u00edzist hajtott v\u00e9gre a kih\u00edv\u00e1sok \u00e9s a lehets\u00e9ges akad\u00e1lyok vonatkoz\u00e1s\u00e1ban, a gyorsabb kiszolg\u00e1l\u00e1s el\u00e9r\u00e9se \u00e9rdek\u00e9ben.<\/p>\n<p>Az eredm\u00e9ny egy protot\u00edpus volt, amely a t\u00f6bbfunkci\u00f3s el\u0151k\u00e9sz\u00edt\u0151 l\u00e9p\u00e9seket egyetlen g\u00e9pbe kombin\u00e1lta \u00f6ssze, ez\u00e1ltal <strong>n\u00f6velve a hat\u00e9konys\u00e1got, elker\u00fclve a hullad\u00e9k keletkez\u00e9st, s n\u00f6velve a j\u00f6vedelmez\u0151s\u00e9get.<\/strong>[\/vc_column_text][vc_single_image image=&#8221;782&#8243; alignment=&#8221;center&#8221;][\/elx_simple_block][\/vc_column][vc_column width=&#8221;1\/2&#8243;][elx_heading font_container=&#8221;h4&#8243; text_color=&#8221;inherit&#8221; text_align=&#8221;text-left&#8221; css=&#8221;.vc_custom_1490358381392{padding-top: 50px !important;padding-bottom: 50px !important;}&#8221;]Fedezzen fel t\u00f6bbet, l\u00e9pjen kapcsolatba csapatunkkal.[\/elx_heading][elx_o2000_contact_us r=&#8221;I would like to find out more about your solutions for restaurant chains. Please get in touch with me.&#8221; s=&#8221;Request of information about solutions for restaurant chains&#8221; container=&#8221;elxcontactus1476697611&#8243;][\/vc_column][\/vc_row][vc_row][vc_column][vc_empty_space height=&#8221;50px&#8221;][elx_heading font_container=&#8221;h3&#8243; text_color=&#8221;inherit&#8221; text_align=&#8221;text-center&#8221; css=&#8221;.vc_custom_1490358889056{padding-top: 50px !important;padding-bottom: 50px !important;}&#8221;]M\u00e9g t\u00f6bb innovat\u00edv megold\u00e1s a v\u00e1llalkoz\u00e1sa sz\u00e1m\u00e1ra[\/elx_heading][vc_empty_space height=&#8221;50px&#8221;][\/vc_column][\/vc_row][vc_row content_placement=&#8221;top&#8221;][vc_column width=&#8221;1\/3&#8243;][vc_single_image image=&#8221;783&#8243; img_size=&#8221;500&#215;354&#8243; alignment=&#8221;center&#8221;][elx_simple_block background_color=&#8221;inherit&#8221;][elx_heading font_container=&#8221;h4&#8243; text_color=&#8221;inherit&#8221; text_align=&#8221;text-center&#8221;]High Speed<br \/>\nPanini Grill[\/elx_heading][\/elx_simple_block][vc_column_text]<\/p>\n<ul>\n<li style=\"list-style-type: none;\">\n<ul>\n<li>Ler\u00f6vid\u00edthet\u0151 a munkafolyamat<\/li>\n<li><strong>30 mp<\/strong>. alatt k\u00e9sz<\/li>\n<li><strong>Els\u0151 oszt\u00e1ly\u00fa \u00edz <\/strong>\u00e9s\u00a0tetszet\u0151s megjelen\u00e9s<\/li>\n<\/ul>\n<\/li>\n<\/ul>\n<p>[\/vc_column_text][\/vc_column][vc_column width=&#8221;1\/3&#8243;][vc_single_image image=&#8221;784&#8243; img_size=&#8221;500&#215;354&#8243;][elx_simple_block background_color=&#8221;inherit&#8221;][elx_heading font_container=&#8221;h4&#8243; text_color=&#8221;inherit&#8221; text_align=&#8221;text-center&#8221;]Keleszt\u0151 szekr\u00e9ny[\/elx_heading][\/elx_simple_block][vc_column_text]<\/p>\n<ul>\n<li>A szem\u00e9lyre szabott keleszt\u0151 szekr\u00e9ny sokkal gyorsabban olvasztja fel a csirk\u00e9t<\/li>\n<li>Kit\u0171n\u0151 v\u00e1laszt\u00e1s a <strong>gyors<\/strong> \u00e9s <strong>nagy mennyis\u00e9g\u0171<\/strong> felszolg\u00e1l\u00e1sra<\/li>\n<\/ul>\n<p>[\/vc_column_text][\/vc_column][vc_column width=&#8221;1\/3&#8243;][vc_single_image image=&#8221;785&#8243; img_size=&#8221;500&#215;354&#8243;][elx_simple_block background_color=&#8221;inherit&#8221;][elx_heading font_container=&#8221;h4&#8243; text_color=&#8221;inherit&#8221; text_align=&#8221;text-center&#8221;]Carlsberg DraughtMaster[\/elx_heading][\/elx_simple_block][vc_column_text css=&#8221;.vc_custom_1490359421693{padding-bottom: 20px !important;}&#8221;]<\/p>\n<ul>\n<li>A Carlsberg sz\u00e1m\u00e1ra kifejlesztett innovat\u00edv\u00a0DraughtMaster\u2122 fenntarthat\u00f3 rendszere megtartja a <strong>legjobb \u00edzmin\u0151s\u00e9g<\/strong>et \u00e9s <strong>szavatoss\u00e1gi id\u0151<\/strong>t, mik\u00f6zben cs\u00f6kkenti a hullad\u00e9k keletkez\u00e9s\u00e9t \u00e9s a hord\u00f3k t\u00e1rol\u00e1si hely\u00e9t<\/li>\n<li>A rendszer k\u00fcls\u0151 nyom\u00e1st haszn\u00e1lt, elker\u00fclve az \u00edzm\u00f3dos\u00edt\u00f3 CO2 hozz\u00e1ad\u00e1s\u00e1t<\/li>\n<\/ul>\n<p>[\/vc_column_text][\/vc_column][\/vc_row][vc_row][vc_column][vc_empty_space height=&#8221;50px&#8221;][\/vc_column][\/vc_row][vc_row][vc_column][elx_heading font_container=&#8221;h4&#8243; text_color=&#8221;inherit&#8221;]L\u00e9pjen kapcsolatba szakembereinkkel[\/elx_heading][elx_o2000_contact_us r=&#8221;Szeretn\u00e9k t\u00f6bb inform\u00e1ci\u00f3t kapni err\u0151l a term\u00e9kr\u0151l \u00c9tterem l\u00e1ncok. K\u00e9rem, vegy\u00e9k fel velem a kapcsolatot.&#8221; s=&#8221;Inform\u00e1ci\u00f3 k\u00e9r\u00e9s err\u0151l a term\u00e9kr\u0151l \u00c9tterem l\u00e1ncok&#8221; country=&#8221;Hungary&#8221; l=&#8221;hu&#8221; container=&#8221;elxcontactus1472110569&#8243;][vc_empty_space height=&#8221;50px&#8221;][\/vc_column][\/vc_row]<\/p>\n","protected":false},"excerpt":{"rendered":"<p>[vc_row full_width=&#8221;electroluxpro-full-width-no-padding&#8221;][vc_column][elx_hero_slider label_text_color=&#8221;inherit&#8221; images=&#8221;786&#8243;][elx_heading text_color=&#8221;orange&#8221; text_align=&#8221;text-left&#8221;]H\u00e1l\u00f3zat\u00e1nak \u00e9p\u00edt\u00e9se. Egy\u00fctt[\/elx_heading][\/elx_hero_slider][\/vc_column][\/vc_row][vc_row full_width=&#8221;electroluxpro-container-no-padding&#8221; full_height=&#8221;yes&#8221; parallax=&#8221;content-moving&#8221;][vc_column css=&#8221;.vc_custom_1472030236138{padding-top: 20px !important;}&#8221;][elx_heading font_container=&#8221;h1&#8243; font_size=&#8221;h3&#8243; text_color=&#8221;inherit&#8221; text_align=&#8221;text-center&#8221;]Az Electrolux Professional szakk\u00e9pzett csoportja felismeri az \u00d6n ig\u00e9nyeit.[\/elx_heading][\/vc_column][\/vc_row][vc_row][vc_column width=&#8221;1\/2&#8243;][elx_simple_block background_color=&#8221;inherit&#8221;][vc_column_text drop_caps=&#8221;big-first-letter&#8221;] V\u00e1llalkoz\u00e1sa legyen ak\u00e1r egy hotel vagy \u00e9ttereml\u00e1nc, eg\u00e9szs\u00e9g\u00fcgyi szolg\u00e1ltat\u00f3 vagy egy szabadid\u0151s csoport, az Electrolux Professional mindig k\u00e9zn\u00e9l van, hogy biztos\u00edtsa az innov\u00e1ci\u00f3t, a fenntarthat\u00f3s\u00e1got, a [&hellip;]<\/p>\n","protected":false},"author":3,"featured_media":0,"parent":0,"menu_order":0,"comment_status":"closed","ping_status":"closed","template":"","meta":{"footnotes":""},"class_list":["post-2500","page","type-page","status-publish","hentry"],"yoast_head":"<!-- This site is optimized with the Yoast SEO plugin v23.3 - https:\/\/yoast.com\/wordpress\/plugins\/seo\/ -->\n<title>\u00c9tterem l\u00e1ncok - Electrolux Professional Magyarorsz\u00e1g<\/title>\n<meta name=\"robots\" content=\"index, follow, max-snippet:-1, max-image-preview:large, max-video-preview:-1\" \/>\n<link rel=\"canonical\" href=\"https:\/\/www.electroluxprofessional.com\/hu\/etterem-lancok\/\" \/>\n<meta property=\"og:locale\" content=\"hu_HU\" \/>\n<meta property=\"og:type\" content=\"article\" \/>\n<meta property=\"og:title\" content=\"\u00c9tterem l\u00e1ncok - Electrolux Professional Magyarorsz\u00e1g\" \/>\n<meta property=\"og:description\" content=\"[vc_row full_width=&#8221;electroluxpro-full-width-no-padding&#8221;][vc_column][elx_hero_slider label_text_color=&#8221;inherit&#8221; images=&#8221;786&#8243;][elx_heading text_color=&#8221;orange&#8221; text_align=&#8221;text-left&#8221;]H\u00e1l\u00f3zat\u00e1nak \u00e9p\u00edt\u00e9se. Egy\u00fctt[\/elx_heading][\/elx_hero_slider][\/vc_column][\/vc_row][vc_row full_width=&#8221;electroluxpro-container-no-padding&#8221; full_height=&#8221;yes&#8221; parallax=&#8221;content-moving&#8221;][vc_column css=&#8221;.vc_custom_1472030236138{padding-top: 20px !important;}&#8221;][elx_heading font_container=&#8221;h1&#8243; font_size=&#8221;h3&#8243; text_color=&#8221;inherit&#8221; text_align=&#8221;text-center&#8221;]Az Electrolux Professional szakk\u00e9pzett csoportja felismeri az \u00d6n ig\u00e9nyeit.[\/elx_heading][\/vc_column][\/vc_row][vc_row][vc_column width=&#8221;1\/2&#8243;][elx_simple_block background_color=&#8221;inherit&#8221;][vc_column_text drop_caps=&#8221;big-first-letter&#8221;] V\u00e1llalkoz\u00e1sa legyen ak\u00e1r egy hotel vagy \u00e9ttereml\u00e1nc, eg\u00e9szs\u00e9g\u00fcgyi szolg\u00e1ltat\u00f3 vagy egy szabadid\u0151s csoport, az Electrolux Professional mindig k\u00e9zn\u00e9l van, hogy biztos\u00edtsa az innov\u00e1ci\u00f3t, a fenntarthat\u00f3s\u00e1got, a [&hellip;]\" \/>\n<meta property=\"og:url\" content=\"https:\/\/www.electroluxprofessional.com\/hu\/etterem-lancok\/\" \/>\n<meta property=\"og:site_name\" content=\"Electrolux Professional Magyarorsz\u00e1g\" \/>\n<meta property=\"article:modified_time\" content=\"2021-04-16T11:18:29+00:00\" \/>\n<meta name=\"twitter:card\" content=\"summary_large_image\" \/>\n<meta name=\"twitter:label1\" content=\"Becs\u00fclt olvas\u00e1si id\u0151\" \/>\n\t<meta name=\"twitter:data1\" content=\"8 perc\" \/>\n<script type=\"application\/ld+json\" class=\"yoast-schema-graph\">{\"@context\":\"https:\/\/schema.org\",\"@graph\":[{\"@type\":\"WebPage\",\"@id\":\"https:\/\/www.electroluxprofessional.com\/hu\/etterem-lancok\/\",\"url\":\"https:\/\/www.electroluxprofessional.com\/hu\/etterem-lancok\/\",\"name\":\"\u00c9tterem l\u00e1ncok - Electrolux Professional Magyarorsz\u00e1g\",\"isPartOf\":{\"@id\":\"https:\/\/www.electroluxprofessional.com\/hu\/#website\"},\"datePublished\":\"2017-05-15T08:41:36+00:00\",\"dateModified\":\"2021-04-16T11:18:29+00:00\",\"breadcrumb\":{\"@id\":\"https:\/\/www.electroluxprofessional.com\/hu\/etterem-lancok\/#breadcrumb\"},\"inLanguage\":\"hu\",\"potentialAction\":[{\"@type\":\"ReadAction\",\"target\":[\"https:\/\/www.electroluxprofessional.com\/hu\/etterem-lancok\/\"]}]},{\"@type\":\"BreadcrumbList\",\"@id\":\"https:\/\/www.electroluxprofessional.com\/hu\/etterem-lancok\/#breadcrumb\",\"itemListElement\":[{\"@type\":\"ListItem\",\"position\":1,\"name\":\"Home\",\"item\":\"https:\/\/www.electroluxprofessional.com\/hu\/\"},{\"@type\":\"ListItem\",\"position\":2,\"name\":\"\u00c9tterem l\u00e1ncok\"}]},{\"@type\":\"WebSite\",\"@id\":\"https:\/\/www.electroluxprofessional.com\/hu\/#website\",\"url\":\"https:\/\/www.electroluxprofessional.com\/hu\/\",\"name\":\"Electrolux Professional Magyarorsz\u00e1g\",\"description\":\"\",\"potentialAction\":[{\"@type\":\"SearchAction\",\"target\":{\"@type\":\"EntryPoint\",\"urlTemplate\":\"https:\/\/www.electroluxprofessional.com\/hu\/?src={search_term_string}\"},\"query-input\":\"required name=search_term_string\"}],\"inLanguage\":\"hu\"}]}<\/script>\n<!-- \/ Yoast SEO plugin. -->","yoast_head_json":{"title":"\u00c9tterem l\u00e1ncok - Electrolux Professional Magyarorsz\u00e1g","robots":{"index":"index","follow":"follow","max-snippet":"max-snippet:-1","max-image-preview":"max-image-preview:large","max-video-preview":"max-video-preview:-1"},"canonical":"https:\/\/www.electroluxprofessional.com\/hu\/etterem-lancok\/","og_locale":"hu_HU","og_type":"article","og_title":"\u00c9tterem l\u00e1ncok - Electrolux Professional Magyarorsz\u00e1g","og_description":"[vc_row full_width=&#8221;electroluxpro-full-width-no-padding&#8221;][vc_column][elx_hero_slider label_text_color=&#8221;inherit&#8221; images=&#8221;786&#8243;][elx_heading text_color=&#8221;orange&#8221; text_align=&#8221;text-left&#8221;]H\u00e1l\u00f3zat\u00e1nak \u00e9p\u00edt\u00e9se. Egy\u00fctt[\/elx_heading][\/elx_hero_slider][\/vc_column][\/vc_row][vc_row full_width=&#8221;electroluxpro-container-no-padding&#8221; full_height=&#8221;yes&#8221; parallax=&#8221;content-moving&#8221;][vc_column css=&#8221;.vc_custom_1472030236138{padding-top: 20px !important;}&#8221;][elx_heading font_container=&#8221;h1&#8243; font_size=&#8221;h3&#8243; text_color=&#8221;inherit&#8221; text_align=&#8221;text-center&#8221;]Az Electrolux Professional szakk\u00e9pzett csoportja felismeri az \u00d6n ig\u00e9nyeit.[\/elx_heading][\/vc_column][\/vc_row][vc_row][vc_column width=&#8221;1\/2&#8243;][elx_simple_block background_color=&#8221;inherit&#8221;][vc_column_text drop_caps=&#8221;big-first-letter&#8221;] V\u00e1llalkoz\u00e1sa legyen ak\u00e1r egy hotel vagy \u00e9ttereml\u00e1nc, eg\u00e9szs\u00e9g\u00fcgyi szolg\u00e1ltat\u00f3 vagy egy szabadid\u0151s csoport, az Electrolux Professional mindig k\u00e9zn\u00e9l van, hogy biztos\u00edtsa az innov\u00e1ci\u00f3t, a fenntarthat\u00f3s\u00e1got, a [&hellip;]","og_url":"https:\/\/www.electroluxprofessional.com\/hu\/etterem-lancok\/","og_site_name":"Electrolux Professional Magyarorsz\u00e1g","article_modified_time":"2021-04-16T11:18:29+00:00","twitter_card":"summary_large_image","twitter_misc":{"Becs\u00fclt olvas\u00e1si id\u0151":"8 perc"},"schema":{"@context":"https:\/\/schema.org","@graph":[{"@type":"WebPage","@id":"https:\/\/www.electroluxprofessional.com\/hu\/etterem-lancok\/","url":"https:\/\/www.electroluxprofessional.com\/hu\/etterem-lancok\/","name":"\u00c9tterem l\u00e1ncok - Electrolux Professional Magyarorsz\u00e1g","isPartOf":{"@id":"https:\/\/www.electroluxprofessional.com\/hu\/#website"},"datePublished":"2017-05-15T08:41:36+00:00","dateModified":"2021-04-16T11:18:29+00:00","breadcrumb":{"@id":"https:\/\/www.electroluxprofessional.com\/hu\/etterem-lancok\/#breadcrumb"},"inLanguage":"hu","potentialAction":[{"@type":"ReadAction","target":["https:\/\/www.electroluxprofessional.com\/hu\/etterem-lancok\/"]}]},{"@type":"BreadcrumbList","@id":"https:\/\/www.electroluxprofessional.com\/hu\/etterem-lancok\/#breadcrumb","itemListElement":[{"@type":"ListItem","position":1,"name":"Home","item":"https:\/\/www.electroluxprofessional.com\/hu\/"},{"@type":"ListItem","position":2,"name":"\u00c9tterem l\u00e1ncok"}]},{"@type":"WebSite","@id":"https:\/\/www.electroluxprofessional.com\/hu\/#website","url":"https:\/\/www.electroluxprofessional.com\/hu\/","name":"Electrolux Professional Magyarorsz\u00e1g","description":"","potentialAction":[{"@type":"SearchAction","target":{"@type":"EntryPoint","urlTemplate":"https:\/\/www.electroluxprofessional.com\/hu\/?src={search_term_string}"},"query-input":"required name=search_term_string"}],"inLanguage":"hu"}]}},"_links":{"self":[{"href":"https:\/\/www.electroluxprofessional.com\/hu\/wp-json\/wp\/v2\/pages\/2500"}],"collection":[{"href":"https:\/\/www.electroluxprofessional.com\/hu\/wp-json\/wp\/v2\/pages"}],"about":[{"href":"https:\/\/www.electroluxprofessional.com\/hu\/wp-json\/wp\/v2\/types\/page"}],"author":[{"embeddable":true,"href":"https:\/\/www.electroluxprofessional.com\/hu\/wp-json\/wp\/v2\/users\/3"}],"replies":[{"embeddable":true,"href":"https:\/\/www.electroluxprofessional.com\/hu\/wp-json\/wp\/v2\/comments?post=2500"}],"version-history":[{"count":29,"href":"https:\/\/www.electroluxprofessional.com\/hu\/wp-json\/wp\/v2\/pages\/2500\/revisions"}],"predecessor-version":[{"id":5674,"href":"https:\/\/www.electroluxprofessional.com\/hu\/wp-json\/wp\/v2\/pages\/2500\/revisions\/5674"}],"wp:attachment":[{"href":"https:\/\/www.electroluxprofessional.com\/hu\/wp-json\/wp\/v2\/media?parent=2500"}],"curies":[{"name":"wp","href":"https:\/\/api.w.org\/{rel}","templated":true}]}}