{"id":2494,"date":"2017-05-15T09:02:37","date_gmt":"2017-05-15T09:02:37","guid":{"rendered":"https:\/\/www.electroluxprofessional.com\/hu\/?page_id=2494"},"modified":"2017-05-15T09:02:37","modified_gmt":"2017-05-15T09:02:37","slug":"receptek","status":"publish","type":"page","link":"https:\/\/www.electroluxprofessional.com\/hu\/chefs-hub\/receptek\/","title":{"rendered":"Receptek"},"content":{"rendered":"<p>[vc_row full_width=&#8221;electroluxpro-full-width-no-padding&#8221;][vc_column][elx_hero_video label=&#8221;&#8221; label_background_color=&#8221;restaurant&#8221; background_video_mp4=&#8221;https:\/\/www.electroluxprofessional.com\/hu\/wp-content\/uploads\/2016\/05\/video-test-recipe-MVI_6988-ok-vm.mp4&#8243;][elx_heading font_container=&#8221;h1&#8243; font_size=&#8221;h1&#8243; text_color=&#8221;white&#8221;]Chef Academy Recipes[\/elx_heading][\/elx_hero_video][\/vc_column][\/vc_row][vc_row][vc_column width=&#8221;1\/2&#8243;][vc_empty_space][elx_image_block background_image=&#8221;581&#8243; minimum_height=&#8221;500px&#8221;][vc_empty_space][\/vc_column][vc_column width=&#8221;1\/2&#8243;][vc_column_text]<\/p>\n<h2>\u00f6tletek \u00e9s bar\u00e1tok<br \/>\ninspir\u00e1lj \u00e9s inspir\u00e1l\u00f3dj<\/h2>\n<p>&nbsp;<\/p>\n<p>A Chef Academy az <strong>inspir\u00e1ci\u00f3<\/strong> egy csatorn\u00e1ja. A\u00a0vil\u00e1g \u00f6sszes pontj\u00e1r\u00f3l sz\u00e1rmaz\u00f3 tapasztalt kulin\u00e1ris mentorok ir\u00e1ny\u00edtj\u00e1k \u00a0ezt az <strong>egyedi \u00e9s glob\u00e1lis h\u00e1l\u00f3zatot<\/strong>, amely meghallgatja az \u00d6n \u00f6tlet\u00e9t is, majd a sz\u00fcks\u00e9gleteit a gyakorlatba teszik \u00e1t magabiztoss\u00e1gra \u00e9s professzionalizmusra alapozva.<\/p>\n<p>\u201c\u00f6tletek \u00e9s bar\u00e1tok\u201d \u00a0&#8211; ez a hozz\u00e1\u00e1ll\u00e1sunk. Mindenkit sz\u00edvesen l\u00e1tunk, aki meg szeretn\u00e9 osztani \u00f6tleteit, kih\u00edv\u00e1sait \u00e9s <strong>megold\u00e1sokat tesztelne<\/strong>. \u00c9p\u00edts\u00fcnk ki kapcsolatokat, amelyekkel meger\u0151s\u00edthetj\u00fck az \u00fczlet\u00e9t![\/vc_column_text][\/vc_column][\/vc_row]<\/p>\n","protected":false},"excerpt":{"rendered":"<p>[vc_row full_width=&#8221;electroluxpro-full-width-no-padding&#8221;][vc_column][elx_hero_video label=&#8221;&#8221; label_background_color=&#8221;restaurant&#8221; background_video_mp4=&#8221;https:\/\/www.electroluxprofessional.com\/hu\/wp-content\/uploads\/2016\/05\/video-test-recipe-MVI_6988-ok-vm.mp4&#8243;][elx_heading font_container=&#8221;h1&#8243; font_size=&#8221;h1&#8243; text_color=&#8221;white&#8221;]Chef Academy Recipes[\/elx_heading][\/elx_hero_video][\/vc_column][\/vc_row][vc_row][vc_column width=&#8221;1\/2&#8243;][vc_empty_space][elx_image_block background_image=&#8221;581&#8243; minimum_height=&#8221;500px&#8221;][vc_empty_space][\/vc_column][vc_column width=&#8221;1\/2&#8243;][vc_column_text] \u00f6tletek \u00e9s bar\u00e1tok inspir\u00e1lj \u00e9s inspir\u00e1l\u00f3dj &nbsp; A Chef Academy az inspir\u00e1ci\u00f3 egy csatorn\u00e1ja. A\u00a0vil\u00e1g \u00f6sszes pontj\u00e1r\u00f3l sz\u00e1rmaz\u00f3 tapasztalt kulin\u00e1ris mentorok ir\u00e1ny\u00edtj\u00e1k \u00a0ezt az egyedi \u00e9s glob\u00e1lis h\u00e1l\u00f3zatot, amely meghallgatja az \u00d6n \u00f6tlet\u00e9t is, majd a sz\u00fcks\u00e9gleteit a gyakorlatba teszik \u00e1t [&hellip;]<\/p>\n","protected":false},"author":3,"featured_media":0,"parent":2720,"menu_order":0,"comment_status":"closed","ping_status":"closed","template":"template-recipes.php","meta":{"footnotes":""},"class_list":["post-2494","page","type-page","status-publish","hentry"],"yoast_head":"<!-- This site is optimized with the Yoast SEO plugin v23.3 - https:\/\/yoast.com\/wordpress\/plugins\/seo\/ -->\n<title>Receptek - Electrolux Professional Magyarorsz\u00e1g<\/title>\n<meta name=\"robots\" content=\"index, follow, max-snippet:-1, max-image-preview:large, max-video-preview:-1\" \/>\n<link rel=\"canonical\" href=\"https:\/\/www.electroluxprofessional.com\/hu\/chefs-hub\/receptek\/\" \/>\n<meta property=\"og:locale\" content=\"hu_HU\" \/>\n<meta property=\"og:type\" content=\"article\" \/>\n<meta property=\"og:title\" content=\"Receptek - Electrolux Professional Magyarorsz\u00e1g\" \/>\n<meta property=\"og:description\" content=\"[vc_row full_width=&#8221;electroluxpro-full-width-no-padding&#8221;][vc_column][elx_hero_video label=&#8221;&#8221; label_background_color=&#8221;restaurant&#8221; background_video_mp4=&#8221;https:\/\/www.electroluxprofessional.com\/hu\/wp-content\/uploads\/2016\/05\/video-test-recipe-MVI_6988-ok-vm.mp4&#8243;][elx_heading font_container=&#8221;h1&#8243; font_size=&#8221;h1&#8243; text_color=&#8221;white&#8221;]Chef Academy Recipes[\/elx_heading][\/elx_hero_video][\/vc_column][\/vc_row][vc_row][vc_column width=&#8221;1\/2&#8243;][vc_empty_space][elx_image_block background_image=&#8221;581&#8243; minimum_height=&#8221;500px&#8221;][vc_empty_space][\/vc_column][vc_column width=&#8221;1\/2&#8243;][vc_column_text] \u00f6tletek \u00e9s bar\u00e1tok inspir\u00e1lj \u00e9s inspir\u00e1l\u00f3dj &nbsp; A Chef Academy az inspir\u00e1ci\u00f3 egy csatorn\u00e1ja. A\u00a0vil\u00e1g \u00f6sszes pontj\u00e1r\u00f3l sz\u00e1rmaz\u00f3 tapasztalt kulin\u00e1ris mentorok ir\u00e1ny\u00edtj\u00e1k \u00a0ezt az egyedi \u00e9s glob\u00e1lis h\u00e1l\u00f3zatot, amely meghallgatja az \u00d6n \u00f6tlet\u00e9t is, majd a sz\u00fcks\u00e9gleteit a gyakorlatba teszik \u00e1t [&hellip;]\" \/>\n<meta property=\"og:url\" content=\"https:\/\/www.electroluxprofessional.com\/hu\/chefs-hub\/receptek\/\" \/>\n<meta property=\"og:site_name\" content=\"Electrolux Professional Magyarorsz\u00e1g\" \/>\n<meta name=\"twitter:card\" content=\"summary_large_image\" \/>\n<meta name=\"twitter:label1\" content=\"Becs\u00fclt olvas\u00e1si id\u0151\" \/>\n\t<meta name=\"twitter:data1\" content=\"1 perc\" \/>\n<script type=\"application\/ld+json\" class=\"yoast-schema-graph\">{\"@context\":\"https:\/\/schema.org\",\"@graph\":[{\"@type\":\"WebPage\",\"@id\":\"https:\/\/www.electroluxprofessional.com\/hu\/chefs-hub\/receptek\/\",\"url\":\"https:\/\/www.electroluxprofessional.com\/hu\/chefs-hub\/receptek\/\",\"name\":\"Receptek - Electrolux Professional Magyarorsz\u00e1g\",\"isPartOf\":{\"@id\":\"https:\/\/www.electroluxprofessional.com\/hu\/#website\"},\"datePublished\":\"2017-05-15T09:02:37+00:00\",\"dateModified\":\"2017-05-15T09:02:37+00:00\",\"breadcrumb\":{\"@id\":\"https:\/\/www.electroluxprofessional.com\/hu\/chefs-hub\/receptek\/#breadcrumb\"},\"inLanguage\":\"hu\",\"potentialAction\":[{\"@type\":\"ReadAction\",\"target\":[\"https:\/\/www.electroluxprofessional.com\/hu\/chefs-hub\/receptek\/\"]}]},{\"@type\":\"BreadcrumbList\",\"@id\":\"https:\/\/www.electroluxprofessional.com\/hu\/chefs-hub\/receptek\/#breadcrumb\",\"itemListElement\":[{\"@type\":\"ListItem\",\"position\":1,\"name\":\"Home\",\"item\":\"https:\/\/www.electroluxprofessional.com\/hu\/\"},{\"@type\":\"ListItem\",\"position\":2,\"name\":\"Chef&#8217;s Hub\",\"item\":\"https:\/\/www.electroluxprofessional.com\/hu\/chefs-hub\/\"},{\"@type\":\"ListItem\",\"position\":3,\"name\":\"Receptek\"}]},{\"@type\":\"WebSite\",\"@id\":\"https:\/\/www.electroluxprofessional.com\/hu\/#website\",\"url\":\"https:\/\/www.electroluxprofessional.com\/hu\/\",\"name\":\"Electrolux Professional Magyarorsz\u00e1g\",\"description\":\"\",\"potentialAction\":[{\"@type\":\"SearchAction\",\"target\":{\"@type\":\"EntryPoint\",\"urlTemplate\":\"https:\/\/www.electroluxprofessional.com\/hu\/?src={search_term_string}\"},\"query-input\":\"required name=search_term_string\"}],\"inLanguage\":\"hu\"}]}<\/script>\n<!-- \/ Yoast SEO plugin. -->","yoast_head_json":{"title":"Receptek - Electrolux Professional Magyarorsz\u00e1g","robots":{"index":"index","follow":"follow","max-snippet":"max-snippet:-1","max-image-preview":"max-image-preview:large","max-video-preview":"max-video-preview:-1"},"canonical":"https:\/\/www.electroluxprofessional.com\/hu\/chefs-hub\/receptek\/","og_locale":"hu_HU","og_type":"article","og_title":"Receptek - Electrolux Professional Magyarorsz\u00e1g","og_description":"[vc_row full_width=&#8221;electroluxpro-full-width-no-padding&#8221;][vc_column][elx_hero_video label=&#8221;&#8221; label_background_color=&#8221;restaurant&#8221; background_video_mp4=&#8221;https:\/\/www.electroluxprofessional.com\/hu\/wp-content\/uploads\/2016\/05\/video-test-recipe-MVI_6988-ok-vm.mp4&#8243;][elx_heading font_container=&#8221;h1&#8243; font_size=&#8221;h1&#8243; text_color=&#8221;white&#8221;]Chef Academy Recipes[\/elx_heading][\/elx_hero_video][\/vc_column][\/vc_row][vc_row][vc_column width=&#8221;1\/2&#8243;][vc_empty_space][elx_image_block background_image=&#8221;581&#8243; minimum_height=&#8221;500px&#8221;][vc_empty_space][\/vc_column][vc_column width=&#8221;1\/2&#8243;][vc_column_text] \u00f6tletek \u00e9s bar\u00e1tok inspir\u00e1lj \u00e9s inspir\u00e1l\u00f3dj &nbsp; A Chef Academy az inspir\u00e1ci\u00f3 egy csatorn\u00e1ja. A\u00a0vil\u00e1g \u00f6sszes pontj\u00e1r\u00f3l sz\u00e1rmaz\u00f3 tapasztalt kulin\u00e1ris mentorok ir\u00e1ny\u00edtj\u00e1k \u00a0ezt az egyedi \u00e9s glob\u00e1lis h\u00e1l\u00f3zatot, amely meghallgatja az \u00d6n \u00f6tlet\u00e9t is, majd a sz\u00fcks\u00e9gleteit a gyakorlatba teszik \u00e1t [&hellip;]","og_url":"https:\/\/www.electroluxprofessional.com\/hu\/chefs-hub\/receptek\/","og_site_name":"Electrolux Professional Magyarorsz\u00e1g","twitter_card":"summary_large_image","twitter_misc":{"Becs\u00fclt olvas\u00e1si id\u0151":"1 perc"},"schema":{"@context":"https:\/\/schema.org","@graph":[{"@type":"WebPage","@id":"https:\/\/www.electroluxprofessional.com\/hu\/chefs-hub\/receptek\/","url":"https:\/\/www.electroluxprofessional.com\/hu\/chefs-hub\/receptek\/","name":"Receptek - Electrolux Professional Magyarorsz\u00e1g","isPartOf":{"@id":"https:\/\/www.electroluxprofessional.com\/hu\/#website"},"datePublished":"2017-05-15T09:02:37+00:00","dateModified":"2017-05-15T09:02:37+00:00","breadcrumb":{"@id":"https:\/\/www.electroluxprofessional.com\/hu\/chefs-hub\/receptek\/#breadcrumb"},"inLanguage":"hu","potentialAction":[{"@type":"ReadAction","target":["https:\/\/www.electroluxprofessional.com\/hu\/chefs-hub\/receptek\/"]}]},{"@type":"BreadcrumbList","@id":"https:\/\/www.electroluxprofessional.com\/hu\/chefs-hub\/receptek\/#breadcrumb","itemListElement":[{"@type":"ListItem","position":1,"name":"Home","item":"https:\/\/www.electroluxprofessional.com\/hu\/"},{"@type":"ListItem","position":2,"name":"Chef&#8217;s Hub","item":"https:\/\/www.electroluxprofessional.com\/hu\/chefs-hub\/"},{"@type":"ListItem","position":3,"name":"Receptek"}]},{"@type":"WebSite","@id":"https:\/\/www.electroluxprofessional.com\/hu\/#website","url":"https:\/\/www.electroluxprofessional.com\/hu\/","name":"Electrolux Professional Magyarorsz\u00e1g","description":"","potentialAction":[{"@type":"SearchAction","target":{"@type":"EntryPoint","urlTemplate":"https:\/\/www.electroluxprofessional.com\/hu\/?src={search_term_string}"},"query-input":"required name=search_term_string"}],"inLanguage":"hu"}]}},"_links":{"self":[{"href":"https:\/\/www.electroluxprofessional.com\/hu\/wp-json\/wp\/v2\/pages\/2494"}],"collection":[{"href":"https:\/\/www.electroluxprofessional.com\/hu\/wp-json\/wp\/v2\/pages"}],"about":[{"href":"https:\/\/www.electroluxprofessional.com\/hu\/wp-json\/wp\/v2\/types\/page"}],"author":[{"embeddable":true,"href":"https:\/\/www.electroluxprofessional.com\/hu\/wp-json\/wp\/v2\/users\/3"}],"replies":[{"embeddable":true,"href":"https:\/\/www.electroluxprofessional.com\/hu\/wp-json\/wp\/v2\/comments?post=2494"}],"version-history":[{"count":5,"href":"https:\/\/www.electroluxprofessional.com\/hu\/wp-json\/wp\/v2\/pages\/2494\/revisions"}],"predecessor-version":[{"id":8301,"href":"https:\/\/www.electroluxprofessional.com\/hu\/wp-json\/wp\/v2\/pages\/2494\/revisions\/8301"}],"up":[{"embeddable":true,"href":"https:\/\/www.electroluxprofessional.com\/hu\/wp-json\/wp\/v2\/pages\/2720"}],"wp:attachment":[{"href":"https:\/\/www.electroluxprofessional.com\/hu\/wp-json\/wp\/v2\/media?parent=2494"}],"curies":[{"name":"wp","href":"https:\/\/api.w.org\/{rel}","templated":true}]}}