{"id":2473,"date":"2017-05-15T08:40:02","date_gmt":"2017-05-15T08:40:02","guid":{"rendered":"https:\/\/www.electroluxprofessional.com\/hu\/?page_id=2473"},"modified":"2021-04-19T08:48:07","modified_gmt":"2021-04-19T08:48:07","slug":"egyeb-fozoustok-es-piritoserpenyok","status":"publish","type":"page","link":"https:\/\/www.electroluxprofessional.com\/hu\/fozoustok-es-billenoserpenyok\/egyeb-fozoustok-es-piritoserpenyok\/","title":{"rendered":"Egy\u00e9b f\u0151z\u0151\u00fcst\u00f6k \u00e9s pir\u00edt\u00f3serpeny\u0151k"},"content":{"rendered":"<p>[vc_row full_width=&#8221;electroluxpro-full-width-no-padding&#8221;][vc_column][elx_hero_slider text_position=&#8221;hero_slider_text_align_right&#8221; label_text_color=&#8221;inherit&#8221; images=&#8221;1735&#8243;][elx_heading font_container=&#8221;h1&#8243; font_size=&#8221;h2&#8243; text_color=&#8221;orange&#8221;]F\u0151z\u0151\u00fcst\u00f6k, pir\u00edt\u00f3serpeny\u0151k \u00e9s multifunkci\u00f3s f\u0151z\u0151berende-<br \/>\nz\u00e9sek[\/elx_heading][elx_heading font_size=&#8221;h4&#8243; text_color=&#8221;inherit&#8221;]Gyorsabb leh\u0171t\u00e9s, n\u00f6velt termel\u00e9kenys\u00e9g \u00e9s megtakar\u00edt\u00e1s.<br \/>\nH\u00e1rom fontos t\u00e9nyez\u0151 konyh\u00e1ja sz\u00e1m\u00e1ra.[\/elx_heading][\/elx_hero_slider][\/vc_column][\/vc_row][vc_row][vc_column][vc_empty_space height=&#8221;132px&#8221;][\/vc_column][\/vc_row][vc_row][vc_column width=&#8221;1\/2&#8243;][vc_single_image image=&#8221;1731&#8243; img_size=&#8221;full&#8221; style=&#8221;vc_box_circle_2&#8243;][\/vc_column][vc_column width=&#8221;1\/2&#8243;][elx_heading font_size=&#8221;h3&#8243; text_color=&#8221;inherit&#8221;]Egyszer\u0171bb munkafolyamat, megn\u00f6velt termel\u00e9kenys\u00e9g &#8211; kisebb helyen[\/elx_heading][vc_column_text]Az egyszer\u0171 munkafolyamat fontos t\u00e9nyez\u0151 azon konyh\u00e1k sz\u00e1m\u00e1ra, akik \u00e9teladagok ezreit \u00e1ll\u00edtj\u00e1k el\u0151 naponta.<\/p>\n<p>A higi\u00e9nia \u00e9s a biztons\u00e1g legyen integr\u00e1lt r\u00e9sze\u00a0a haszn\u00e1latban l\u00e9v\u0151 k\u00e9sz\u00fcl\u00e9k\u00e9nek.<\/p>\n<p>Meg\u00e9rtj\u00fck a kih\u00edv\u00e1sait, ez\u00e9rt ha a partner\u00e9v\u00e9 v\u00e1lhatunk, akkor a legfrissebb konyhai megold\u00e1sokat tudjuk ny\u00fajtani \u00d6nnek.<\/p>\n<ul>\n<li>Gyorsabb leh\u0171t\u00e9s<\/li>\n<li>Megn\u00f6velt termel\u00e9kenys\u00e9g<\/li>\n<li>Megtakar\u00edt\u00e1s<\/li>\n<\/ul>\n<p>H\u00e1rom fontos t\u00e9nyez\u0151 \u00fczlete sz\u00e1m\u00e1ra.[\/vc_column_text][\/vc_column][\/vc_row][vc_row][vc_column][vc_empty_space][\/vc_column][\/vc_row][vc_row][vc_column width=&#8221;1\/3&#8243;][vc_single_image image=&#8221;1732&#8243; img_size=&#8221;large&#8221; alignment=&#8221;center&#8221;][elx_heading font_size=&#8221;h4&#8243; text_color=&#8221;inherit&#8221; text_align=&#8221;text-center&#8221;]Leh\u0171t\u00e9s rekord id\u0151 alatt[\/elx_heading][vc_column_text]300 liter leh\u0171t\u00e9se mind\u00f6ssze 70 percen bel\u00fcl, 100\u00b0C-r\u00f3l 5\u00b0C-ra, jeges v\u00edzh\u0171t\u00e9ssel.[\/vc_column_text][\/vc_column][vc_column width=&#8221;1\/3&#8243;][vc_single_image image=&#8221;1733&#8243; img_size=&#8221;large&#8221; alignment=&#8221;center&#8221;][elx_heading font_size=&#8221;h4&#8243; text_color=&#8221;inherit&#8221; text_align=&#8221;text-center&#8221;]A termel\u00e9kenys\u00e9g n\u00f6vel\u00e9se[\/elx_heading][vc_column_text]kisebb helyen, a kompakt m\u00e9retnek k\u00f6sz\u00f6nhet\u0151en.[\/vc_column_text][\/vc_column][vc_column width=&#8221;1\/3&#8243;][vc_single_image image=&#8221;1734&#8243; img_size=&#8221;large&#8221; alignment=&#8221;center&#8221;][elx_heading font_size=&#8221;h4&#8243; text_color=&#8221;inherit&#8221; text_align=&#8221;text-center&#8221;]Cs\u00f6kkentse le az id\u0151t 50%-kal[\/elx_heading][vc_column_text]az extra er\u0151s Promix kever\u0151vel. S\u0171r\u0171 \u00e9telek, mint a t\u00f6rtburgonya gyors \u00e9s finom kever\u00e9se.[\/vc_column_text][\/vc_column][\/vc_row][vc_row][vc_column width=&#8221;2\/3&#8243;][elx_image_block background_image=&#8221;1730&#8243; minimum_height=&#8221;260px&#8221;][\/vc_column][vc_column width=&#8221;1\/3&#8243;][elx_download_block text=&#8221;Smart f\u0151z\u0151\u00fcst\u00f6k&#8221; link=&#8221;files.professional.electrolux.com\/docs\/?n=CLF-9JER08&amp;b=5&amp;l=1&#8243; background_color=&#8221;electrolux-blue&#8221; reveal_effect=&#8221;&#8221; reveal_duration=&#8221;&#8221; reveal_delay=&#8221;&#8221;][\/vc_column][\/vc_row][vc_row][vc_column][vc_empty_space height=&#8221;50px&#8221;][\/vc_column][\/vc_row][vc_row][vc_column width=&#8221;1\/3&#8243;][elx_maylike_box id_box=&#8221;3770&#8243; matched_labels=&#8221;&#8221;][\/vc_column][vc_column width=&#8221;1\/3&#8243;][elx_maylike_box id_box=&#8221;4031&#8243; matched_labels=&#8221;&#8221;][\/vc_column][vc_column width=&#8221;1\/3&#8243;][elx_maylike_box id_box=&#8221;3673&#8243; matched_labels=&#8221;&#8221;][\/vc_column][\/vc_row][vc_row][vc_column][vc_empty_space height=&#8221;50px&#8221;][elx_heading font_container=&#8221;h3&#8243; font_size=&#8221;h3&#8243; text_color=&#8221;inherit&#8221;]Seg\u00edts\u00e9gre van sz\u00fcks\u00e9ge?<br \/>\nL\u00e9pjen kapcsolatba szakembereinkkel![\/elx_heading][\/vc_column][\/vc_row][vc_row][vc_column][elx_o2000_contact_us r=&#8221;Szeretn\u00e9k t\u00f6bb inform\u00e1ci\u00f3t kapni err\u0151l a term\u00e9kr\u0151l Egy\u00e9b f\u0151z\u0151\u00fcst\u00f6k \u00e9s pir\u00edt\u00f3serpeny\u0151k. K\u00e9rem, vegy\u00e9k fel velem a kapcsolatot.&#8221; s=&#8221;Inform\u00e1ci\u00f3 k\u00e9r\u00e9s err\u0151l a term\u00e9kr\u0151l Egy\u00e9b f\u0151z\u0151\u00fcst\u00f6k \u00e9s pir\u00edt\u00f3serpeny\u0151k&#8221; country=&#8221;Hungary&#8221; l=&#8221;hu&#8221; container=&#8221;elxcontactus1478533364&#8243;][vc_empty_space height=&#8221;50px&#8221;][\/vc_column][\/vc_row]<\/p>\n","protected":false},"excerpt":{"rendered":"<p>[vc_row full_width=&#8221;electroluxpro-full-width-no-padding&#8221;][vc_column][elx_hero_slider text_position=&#8221;hero_slider_text_align_right&#8221; label_text_color=&#8221;inherit&#8221; images=&#8221;1735&#8243;][elx_heading font_container=&#8221;h1&#8243; font_size=&#8221;h2&#8243; text_color=&#8221;orange&#8221;]F\u0151z\u0151\u00fcst\u00f6k, pir\u00edt\u00f3serpeny\u0151k \u00e9s multifunkci\u00f3s f\u0151z\u0151berende- z\u00e9sek[\/elx_heading][elx_heading font_size=&#8221;h4&#8243; text_color=&#8221;inherit&#8221;]Gyorsabb leh\u0171t\u00e9s, n\u00f6velt termel\u00e9kenys\u00e9g \u00e9s megtakar\u00edt\u00e1s. H\u00e1rom fontos t\u00e9nyez\u0151 konyh\u00e1ja sz\u00e1m\u00e1ra.[\/elx_heading][\/elx_hero_slider][\/vc_column][\/vc_row][vc_row][vc_column][vc_empty_space height=&#8221;132px&#8221;][\/vc_column][\/vc_row][vc_row][vc_column width=&#8221;1\/2&#8243;][vc_single_image image=&#8221;1731&#8243; img_size=&#8221;full&#8221; style=&#8221;vc_box_circle_2&#8243;][\/vc_column][vc_column width=&#8221;1\/2&#8243;][elx_heading font_size=&#8221;h3&#8243; text_color=&#8221;inherit&#8221;]Egyszer\u0171bb munkafolyamat, megn\u00f6velt termel\u00e9kenys\u00e9g &#8211; kisebb helyen[\/elx_heading][vc_column_text]Az egyszer\u0171 munkafolyamat fontos t\u00e9nyez\u0151 azon konyh\u00e1k sz\u00e1m\u00e1ra, akik \u00e9teladagok ezreit \u00e1ll\u00edtj\u00e1k el\u0151 naponta. A higi\u00e9nia \u00e9s [&hellip;]<\/p>\n","protected":false},"author":3,"featured_media":0,"parent":2150,"menu_order":0,"comment_status":"closed","ping_status":"closed","template":"","meta":{"footnotes":""},"class_list":["post-2473","page","type-page","status-publish","hentry"],"yoast_head":"<!-- This site is optimized with the Yoast SEO plugin v23.3 - https:\/\/yoast.com\/wordpress\/plugins\/seo\/ -->\n<title>Egy\u00e9b f\u0151z\u0151\u00fcst\u00f6k \u00e9s pir\u00edt\u00f3serpeny\u0151k - Electrolux Professional Magyarorsz\u00e1g<\/title>\n<meta name=\"robots\" content=\"index, follow, max-snippet:-1, max-image-preview:large, max-video-preview:-1\" \/>\n<link rel=\"canonical\" href=\"https:\/\/www.electroluxprofessional.com\/hu\/fozoustok-es-billenoserpenyok\/egyeb-fozoustok-es-piritoserpenyok\/\" \/>\n<meta property=\"og:locale\" content=\"hu_HU\" \/>\n<meta property=\"og:type\" content=\"article\" \/>\n<meta property=\"og:title\" content=\"Egy\u00e9b f\u0151z\u0151\u00fcst\u00f6k \u00e9s pir\u00edt\u00f3serpeny\u0151k - Electrolux Professional Magyarorsz\u00e1g\" \/>\n<meta property=\"og:description\" content=\"[vc_row full_width=&#8221;electroluxpro-full-width-no-padding&#8221;][vc_column][elx_hero_slider text_position=&#8221;hero_slider_text_align_right&#8221; label_text_color=&#8221;inherit&#8221; images=&#8221;1735&#8243;][elx_heading font_container=&#8221;h1&#8243; font_size=&#8221;h2&#8243; text_color=&#8221;orange&#8221;]F\u0151z\u0151\u00fcst\u00f6k, pir\u00edt\u00f3serpeny\u0151k \u00e9s multifunkci\u00f3s f\u0151z\u0151berende- z\u00e9sek[\/elx_heading][elx_heading font_size=&#8221;h4&#8243; text_color=&#8221;inherit&#8221;]Gyorsabb leh\u0171t\u00e9s, n\u00f6velt termel\u00e9kenys\u00e9g \u00e9s megtakar\u00edt\u00e1s. H\u00e1rom fontos t\u00e9nyez\u0151 konyh\u00e1ja sz\u00e1m\u00e1ra.[\/elx_heading][\/elx_hero_slider][\/vc_column][\/vc_row][vc_row][vc_column][vc_empty_space height=&#8221;132px&#8221;][\/vc_column][\/vc_row][vc_row][vc_column width=&#8221;1\/2&#8243;][vc_single_image image=&#8221;1731&#8243; img_size=&#8221;full&#8221; style=&#8221;vc_box_circle_2&#8243;][\/vc_column][vc_column width=&#8221;1\/2&#8243;][elx_heading font_size=&#8221;h3&#8243; text_color=&#8221;inherit&#8221;]Egyszer\u0171bb munkafolyamat, megn\u00f6velt termel\u00e9kenys\u00e9g &#8211; kisebb helyen[\/elx_heading][vc_column_text]Az egyszer\u0171 munkafolyamat fontos t\u00e9nyez\u0151 azon konyh\u00e1k sz\u00e1m\u00e1ra, akik \u00e9teladagok ezreit \u00e1ll\u00edtj\u00e1k el\u0151 naponta. A higi\u00e9nia \u00e9s [&hellip;]\" \/>\n<meta property=\"og:url\" content=\"https:\/\/www.electroluxprofessional.com\/hu\/fozoustok-es-billenoserpenyok\/egyeb-fozoustok-es-piritoserpenyok\/\" \/>\n<meta property=\"og:site_name\" content=\"Electrolux Professional Magyarorsz\u00e1g\" \/>\n<meta property=\"article:modified_time\" content=\"2021-04-19T08:48:07+00:00\" \/>\n<meta name=\"twitter:card\" content=\"summary_large_image\" \/>\n<meta name=\"twitter:label1\" content=\"Becs\u00fclt olvas\u00e1si id\u0151\" \/>\n\t<meta name=\"twitter:data1\" content=\"3 perc\" \/>\n<script type=\"application\/ld+json\" class=\"yoast-schema-graph\">{\"@context\":\"https:\/\/schema.org\",\"@graph\":[{\"@type\":\"WebPage\",\"@id\":\"https:\/\/www.electroluxprofessional.com\/hu\/fozoustok-es-billenoserpenyok\/egyeb-fozoustok-es-piritoserpenyok\/\",\"url\":\"https:\/\/www.electroluxprofessional.com\/hu\/fozoustok-es-billenoserpenyok\/egyeb-fozoustok-es-piritoserpenyok\/\",\"name\":\"Egy\u00e9b f\u0151z\u0151\u00fcst\u00f6k \u00e9s pir\u00edt\u00f3serpeny\u0151k - Electrolux Professional Magyarorsz\u00e1g\",\"isPartOf\":{\"@id\":\"https:\/\/www.electroluxprofessional.com\/hu\/#website\"},\"datePublished\":\"2017-05-15T08:40:02+00:00\",\"dateModified\":\"2021-04-19T08:48:07+00:00\",\"breadcrumb\":{\"@id\":\"https:\/\/www.electroluxprofessional.com\/hu\/fozoustok-es-billenoserpenyok\/egyeb-fozoustok-es-piritoserpenyok\/#breadcrumb\"},\"inLanguage\":\"hu\",\"potentialAction\":[{\"@type\":\"ReadAction\",\"target\":[\"https:\/\/www.electroluxprofessional.com\/hu\/fozoustok-es-billenoserpenyok\/egyeb-fozoustok-es-piritoserpenyok\/\"]}]},{\"@type\":\"BreadcrumbList\",\"@id\":\"https:\/\/www.electroluxprofessional.com\/hu\/fozoustok-es-billenoserpenyok\/egyeb-fozoustok-es-piritoserpenyok\/#breadcrumb\",\"itemListElement\":[{\"@type\":\"ListItem\",\"position\":1,\"name\":\"Home\",\"item\":\"https:\/\/www.electroluxprofessional.com\/hu\/\"},{\"@type\":\"ListItem\",\"position\":2,\"name\":\"F\u0151z\u0151\u00fcst\u00f6k \u00e9s billen\u0151serpeny\u0151k\",\"item\":\"https:\/\/www.electroluxprofessional.com\/hu\/fozoustok-es-billenoserpenyok\/\"},{\"@type\":\"ListItem\",\"position\":3,\"name\":\"Egy\u00e9b f\u0151z\u0151\u00fcst\u00f6k \u00e9s pir\u00edt\u00f3serpeny\u0151k\"}]},{\"@type\":\"WebSite\",\"@id\":\"https:\/\/www.electroluxprofessional.com\/hu\/#website\",\"url\":\"https:\/\/www.electroluxprofessional.com\/hu\/\",\"name\":\"Electrolux Professional Magyarorsz\u00e1g\",\"description\":\"\",\"potentialAction\":[{\"@type\":\"SearchAction\",\"target\":{\"@type\":\"EntryPoint\",\"urlTemplate\":\"https:\/\/www.electroluxprofessional.com\/hu\/?src={search_term_string}\"},\"query-input\":\"required name=search_term_string\"}],\"inLanguage\":\"hu\"}]}<\/script>\n<!-- \/ Yoast SEO plugin. -->","yoast_head_json":{"title":"Egy\u00e9b f\u0151z\u0151\u00fcst\u00f6k \u00e9s pir\u00edt\u00f3serpeny\u0151k - Electrolux Professional Magyarorsz\u00e1g","robots":{"index":"index","follow":"follow","max-snippet":"max-snippet:-1","max-image-preview":"max-image-preview:large","max-video-preview":"max-video-preview:-1"},"canonical":"https:\/\/www.electroluxprofessional.com\/hu\/fozoustok-es-billenoserpenyok\/egyeb-fozoustok-es-piritoserpenyok\/","og_locale":"hu_HU","og_type":"article","og_title":"Egy\u00e9b f\u0151z\u0151\u00fcst\u00f6k \u00e9s pir\u00edt\u00f3serpeny\u0151k - Electrolux Professional Magyarorsz\u00e1g","og_description":"[vc_row full_width=&#8221;electroluxpro-full-width-no-padding&#8221;][vc_column][elx_hero_slider text_position=&#8221;hero_slider_text_align_right&#8221; label_text_color=&#8221;inherit&#8221; images=&#8221;1735&#8243;][elx_heading font_container=&#8221;h1&#8243; font_size=&#8221;h2&#8243; text_color=&#8221;orange&#8221;]F\u0151z\u0151\u00fcst\u00f6k, pir\u00edt\u00f3serpeny\u0151k \u00e9s multifunkci\u00f3s f\u0151z\u0151berende- z\u00e9sek[\/elx_heading][elx_heading font_size=&#8221;h4&#8243; text_color=&#8221;inherit&#8221;]Gyorsabb leh\u0171t\u00e9s, n\u00f6velt termel\u00e9kenys\u00e9g \u00e9s megtakar\u00edt\u00e1s. H\u00e1rom fontos t\u00e9nyez\u0151 konyh\u00e1ja sz\u00e1m\u00e1ra.[\/elx_heading][\/elx_hero_slider][\/vc_column][\/vc_row][vc_row][vc_column][vc_empty_space height=&#8221;132px&#8221;][\/vc_column][\/vc_row][vc_row][vc_column width=&#8221;1\/2&#8243;][vc_single_image image=&#8221;1731&#8243; img_size=&#8221;full&#8221; style=&#8221;vc_box_circle_2&#8243;][\/vc_column][vc_column width=&#8221;1\/2&#8243;][elx_heading font_size=&#8221;h3&#8243; text_color=&#8221;inherit&#8221;]Egyszer\u0171bb munkafolyamat, megn\u00f6velt termel\u00e9kenys\u00e9g &#8211; kisebb helyen[\/elx_heading][vc_column_text]Az egyszer\u0171 munkafolyamat fontos t\u00e9nyez\u0151 azon konyh\u00e1k sz\u00e1m\u00e1ra, akik \u00e9teladagok ezreit \u00e1ll\u00edtj\u00e1k el\u0151 naponta. A higi\u00e9nia \u00e9s [&hellip;]","og_url":"https:\/\/www.electroluxprofessional.com\/hu\/fozoustok-es-billenoserpenyok\/egyeb-fozoustok-es-piritoserpenyok\/","og_site_name":"Electrolux Professional Magyarorsz\u00e1g","article_modified_time":"2021-04-19T08:48:07+00:00","twitter_card":"summary_large_image","twitter_misc":{"Becs\u00fclt olvas\u00e1si id\u0151":"3 perc"},"schema":{"@context":"https:\/\/schema.org","@graph":[{"@type":"WebPage","@id":"https:\/\/www.electroluxprofessional.com\/hu\/fozoustok-es-billenoserpenyok\/egyeb-fozoustok-es-piritoserpenyok\/","url":"https:\/\/www.electroluxprofessional.com\/hu\/fozoustok-es-billenoserpenyok\/egyeb-fozoustok-es-piritoserpenyok\/","name":"Egy\u00e9b f\u0151z\u0151\u00fcst\u00f6k \u00e9s pir\u00edt\u00f3serpeny\u0151k - Electrolux Professional Magyarorsz\u00e1g","isPartOf":{"@id":"https:\/\/www.electroluxprofessional.com\/hu\/#website"},"datePublished":"2017-05-15T08:40:02+00:00","dateModified":"2021-04-19T08:48:07+00:00","breadcrumb":{"@id":"https:\/\/www.electroluxprofessional.com\/hu\/fozoustok-es-billenoserpenyok\/egyeb-fozoustok-es-piritoserpenyok\/#breadcrumb"},"inLanguage":"hu","potentialAction":[{"@type":"ReadAction","target":["https:\/\/www.electroluxprofessional.com\/hu\/fozoustok-es-billenoserpenyok\/egyeb-fozoustok-es-piritoserpenyok\/"]}]},{"@type":"BreadcrumbList","@id":"https:\/\/www.electroluxprofessional.com\/hu\/fozoustok-es-billenoserpenyok\/egyeb-fozoustok-es-piritoserpenyok\/#breadcrumb","itemListElement":[{"@type":"ListItem","position":1,"name":"Home","item":"https:\/\/www.electroluxprofessional.com\/hu\/"},{"@type":"ListItem","position":2,"name":"F\u0151z\u0151\u00fcst\u00f6k \u00e9s billen\u0151serpeny\u0151k","item":"https:\/\/www.electroluxprofessional.com\/hu\/fozoustok-es-billenoserpenyok\/"},{"@type":"ListItem","position":3,"name":"Egy\u00e9b f\u0151z\u0151\u00fcst\u00f6k \u00e9s pir\u00edt\u00f3serpeny\u0151k"}]},{"@type":"WebSite","@id":"https:\/\/www.electroluxprofessional.com\/hu\/#website","url":"https:\/\/www.electroluxprofessional.com\/hu\/","name":"Electrolux Professional Magyarorsz\u00e1g","description":"","potentialAction":[{"@type":"SearchAction","target":{"@type":"EntryPoint","urlTemplate":"https:\/\/www.electroluxprofessional.com\/hu\/?src={search_term_string}"},"query-input":"required name=search_term_string"}],"inLanguage":"hu"}]}},"_links":{"self":[{"href":"https:\/\/www.electroluxprofessional.com\/hu\/wp-json\/wp\/v2\/pages\/2473"}],"collection":[{"href":"https:\/\/www.electroluxprofessional.com\/hu\/wp-json\/wp\/v2\/pages"}],"about":[{"href":"https:\/\/www.electroluxprofessional.com\/hu\/wp-json\/wp\/v2\/types\/page"}],"author":[{"embeddable":true,"href":"https:\/\/www.electroluxprofessional.com\/hu\/wp-json\/wp\/v2\/users\/3"}],"replies":[{"embeddable":true,"href":"https:\/\/www.electroluxprofessional.com\/hu\/wp-json\/wp\/v2\/comments?post=2473"}],"version-history":[{"count":16,"href":"https:\/\/www.electroluxprofessional.com\/hu\/wp-json\/wp\/v2\/pages\/2473\/revisions"}],"predecessor-version":[{"id":5710,"href":"https:\/\/www.electroluxprofessional.com\/hu\/wp-json\/wp\/v2\/pages\/2473\/revisions\/5710"}],"up":[{"embeddable":true,"href":"https:\/\/www.electroluxprofessional.com\/hu\/wp-json\/wp\/v2\/pages\/2150"}],"wp:attachment":[{"href":"https:\/\/www.electroluxprofessional.com\/hu\/wp-json\/wp\/v2\/media?parent=2473"}],"curies":[{"name":"wp","href":"https:\/\/api.w.org\/{rel}","templated":true}]}}