{"id":2450,"date":"2017-05-15T08:34:10","date_gmt":"2017-05-15T08:34:10","guid":{"rendered":"https:\/\/www.electroluxprofessional.com\/hu\/?page_id=2450"},"modified":"2025-11-05T14:59:23","modified_gmt":"2025-11-05T14:59:23","slug":"ettermek","status":"publish","type":"page","link":"https:\/\/www.electroluxprofessional.com\/hu\/ettermek\/","title":{"rendered":"\u00c9ttermek"},"content":{"rendered":"<p>[vc_row full_width=&#8221;electroluxpro-full-width-no-padding&#8221; equal_height=&#8221;yes&#8221;][vc_column reveal_effect=&#8221;&#8221; width=&#8221;1\/2&#8243;][elx_citation name=&#8221;Simon Hulstone, Chef Proprietor&#8221; company=&#8221;The Elephant &#8211; Michelin star Restaurant Devon, United Kingdom&#8221;][elx_heading text_color=&#8221;inherit&#8221;]Az Electrolux Professional sokat seg\u00edtett nekem, \u00e9s a konyh\u00e1mat nagyon profin felszerelte. Sz\u00edvesen aj\u00e1nlom a term\u00e9keit m\u00e1soknak is.[\/elx_heading][\/elx_citation][\/vc_column][vc_column reveal_effect=&#8221;&#8221; width=&#8221;1\/2&#8243;][elx_image_block background_image=&#8221;595&#8243; minimum_height=&#8221;650px&#8221;][\/vc_column][\/vc_row][vc_row css=&#8221;.vc_custom_1464617547121{padding-bottom: 20px !important;}&#8221;][vc_column][elx_heading font_container=&#8221;h1&#8243; text_color=&#8221;inherit&#8221; text_align=&#8221;text-center&#8221;]<\/p>\n<h1 style=\"color: #ed6952; text-align: center;\">\u00c9ttermek<\/h1>\n<p>[\/elx_heading][vc_column_text]<\/p>\n<h3 style=\"text-align: center;\">N\u00e9ha egy \u00e9tterem \u00fczemeltet\u00e9se el\u00e9g kem\u00e9ny feladat. Ez\u00e9rt nagyon fontos, hogy legyen egy olyan bar\u00e1tod, aki sosem hagy cserben.<\/h3>\n<p>[\/vc_column_text][\/vc_column][\/vc_row][vc_row full_width=&#8221;electroluxpro-full-width-no-padding&#8221; equal_height=&#8221;yes&#8221; css=&#8221;.vc_custom_1464688891592{background-color: #f8f6f9 !important;}&#8221;][vc_column width=&#8221;1\/2&#8243; css=&#8221;.vc_custom_1464680696345{padding-top: 30px !important;}&#8221;][elx_simple_block background_color=&#8221;inherit&#8221;][elx_heading font_container=&#8221;h3&#8243; text_color=&#8221;inherit&#8221;]Az <strong>Electrolux Professional megold\u00e1sait<\/strong> v\u00e1lasztva pontosan azt a rugalmass\u00e1got, egyszer\u0171 kezelhet\u0151s\u00e9get \u00e9s nagy teljes\u00edtm\u00e9nyt fogja kapni, amit keres.[\/elx_heading][\/elx_simple_block][\/vc_column][vc_column width=&#8221;1\/2&#8243;][elx_image_block background_image=&#8221;596&#8243; minimum_height=&#8221;660px&#8221;][\/vc_column][\/vc_row][vc_row full_width=&#8221;electroluxpro-full-width-no-padding&#8221;][vc_column width=&#8221;1\/2&#8243;][elx_image_block background_image=&#8221;597&#8243; minimum_height=&#8221;700px&#8221;][\/vc_column][vc_column width=&#8221;1\/2&#8243;][elx_simple_block background_color=&#8221;inherit&#8221;][elx_heading font_container=&#8221;h3&#8243; text_color=&#8221;inherit&#8221;]<\/p>\n<h3>A konyha, mely seg\u00edt fel\u00fclm\u00falni<\/h3>\n<p>[\/elx_heading][vc_column_text css_animation=&#8221;right-to-left&#8221;]A legnagyobb s\u00e9feknek sz\u00e1m\u00e1ra tervezett <strong>therma<em>line<\/em><\/strong> \u00e9s <strong>Molteni<\/strong> k\u00e9sz\u00fcl\u00e9kek a <strong>fine dining \u00e9ttermek<\/strong> \u00f6sszes ig\u00e9ny\u00e9nek megfelelnek.[\/vc_column_text][\/elx_simple_block][\/vc_column][\/vc_row][vc_row full_width=&#8221;electroluxpro-full-width-no-padding&#8221; equal_height=&#8221;yes&#8221; css=&#8221;.vc_custom_1464688903664{background-color: #f8f6f9 !important;}&#8221;][vc_column width=&#8221;1\/2&#8243;][elx_simple_block background_color=&#8221;inherit&#8221;][elx_heading font_container=&#8221;h3&#8243; text_color=&#8221;inherit&#8221;]<\/p>\n<h3><strong>Minden ig\u00e9ny<\/strong> kiszolg\u00e1lva.<\/h3>\n<p>[\/elx_heading][vc_column_text css_animation=&#8221;left-to-right&#8221;]Ak\u00e1r <strong>\u00e9ttereml\u00e1ncot, gyors\u00e9ttermet, fine dining<\/strong> vagy <strong>teljes kiszolg\u00e1l\u00e1s\u00fa \u00e9ttermet<\/strong> \u00fczemeltet, az \u00a0Electrolux Professional rendelkezik azokkal a k\u00e9sz\u00fcl\u00e9kekkel, amelyek minden ig\u00e9ny\u00e9t kiel\u00e9g\u00edtik.[\/vc_column_text][\/elx_simple_block][\/vc_column][vc_column width=&#8221;1\/2&#8243;][elx_image_block background_image=&#8221;598&#8243; minimum_height=&#8221;700px&#8221;][\/vc_column][\/vc_row][vc_row][vc_column css=&#8221;.vc_custom_1464681276221{padding-top: 30px !important;padding-bottom: 30px !important;}&#8221;][elx_heading text_color=&#8221;inherit&#8221;]<\/p>\n<p style=\"text-align: center;\">Megold\u00e1saink az \u00d6n sz\u00e1m\u00e1ra<\/p>\n<p>[\/elx_heading][\/vc_column][\/vc_row][vc_row equal_height=&#8221;yes&#8221; css=&#8221;.vc_custom_1465215712914{padding-top: 20px !important;padding-bottom: 10px !important;background-color: #f7f6f6 !important;}&#8221;][vc_column width=&#8221;1\/3&#8243;][elx_image_block background_image=&#8221;599&#8243; minimum_height=&#8221;332px&#8221;][elx_heading text_color=&#8221;inherit&#8221;]Fine dining \u00e9ttermek[\/elx_heading][\/vc_column][vc_column width=&#8221;1\/3&#8243;][elx_image_block background_image=&#8221;600&#8243; minimum_height=&#8221;332px&#8221;][elx_heading text_color=&#8221;inherit&#8221;]Teljes kiszolg\u00e1l\u00e1s\u00fa \u00e9ttermek[\/elx_heading][\/vc_column][vc_column width=&#8221;1\/3&#8243;][elx_image_block background_image=&#8221;601&#8243; minimum_height=&#8221;332px&#8221;][elx_heading text_color=&#8221;inherit&#8221;]Gyors\u00e9ttermek[\/elx_heading][\/vc_column][\/vc_row][vc_row][vc_column][vc_empty_space][\/vc_column][\/vc_row][vc_row][vc_column][elx_heading text_color=&#8221;inherit&#8221;]\u00c9rdekl\u0151dj\u00f6n az Electrolux Professional ir\u00e1nt.[\/elx_heading][elx_o2000_contact_us s=&#8221;Inform\u00e1ci\u00f3 k\u00e9r\u00e9s err\u0151l a term\u00e9kr\u0151l \u00c9ttermek&#8221; country=&#8221;Hungary&#8221; container=&#8221;elxcontactus1466432017&#8243; r=&#8221;Szeretn\u00e9k t\u00f6bb inform\u00e1ci\u00f3t kapni err\u0151l a term\u00e9kr\u0151l \u00c9ttermek. K\u00e9rem, vegy\u00e9k fel velem a kapcsolatot.&#8221; l=&#8221;hu&#8221;][\/vc_column][\/vc_row][vc_row css=&#8221;.vc_custom_1464686680535{padding-bottom: 30px !important;}&#8221;][vc_column][elx_heading text_color=&#8221;inherit&#8221;]<\/p>\n<p style=\"text-align: center;\">V\u00e1s\u00e1rl\u00f3ink hangja<\/p>\n<p>[\/elx_heading][\/vc_column][\/vc_row][vc_row full_width=&#8221;electroluxpro-full-width-no-padding&#8221; equal_height=&#8221;yes&#8221; css=&#8221;.vc_custom_1464688913589{background-color: #f8f6f9 !important;}&#8221;][vc_column width=&#8221;1\/2&#8243;][elx_video_block background_image=&#8221;602&#8243; minimum_height=&#8221;700px&#8221;][\/vc_column][vc_column width=&#8221;1\/2&#8243;][elx_simple_block background_color=&#8221;inherit&#8221;][elx_heading text_color=&#8221;inherit&#8221;]Milano[\/elx_heading][vc_column_text]<em>&#8221; Sz\u00e1mos konyhai folyamat elv\u00e9gz\u00e9s\u00e9hez aj\u00e1nlan\u00e1m kolleg\u00e1imnak az Electrolux megold\u00e1sait, nem csak Olaszorsz\u00e1gban, hanem vil\u00e1gszerte.&#8221;\u00a0<\/em><\/p>\n<p><strong>Christian Pircher, JRE chef &#8211; Kirchsteiger \u00c9tterem, Foiana<\/strong>[\/vc_column_text][\/elx_simple_block][\/vc_column][\/vc_row][vc_row css=&#8221;.vc_custom_1464687597749{padding-top: 50px !important;}&#8221;][vc_column width=&#8221;1\/2&#8243;][vc_single_image image=&#8221;603&#8243; img_size=&#8221;large&#8221;][\/vc_column][vc_column width=&#8221;1\/2&#8243;][elx_heading text_color=&#8221;inherit&#8221;]IYO[\/elx_heading][vc_column_text css_animation=&#8221;right-to-left&#8221; css=&#8221;.vc_custom_1490345161927{padding-top: 15px !important;}&#8221;]&#8221;<em>Az Electrolux Professionalt v\u00e1lasztjuk, mert mind technol\u00f3gi\u00e1ban, mind funkcionalit\u00e1sban hat\u00e1rozottan egy l\u00e9p\u00e9ssel el\u0151bb j\u00e1rnak. A thermaline-t nagyon szeretj\u00fck, mert az egy olyan f\u0151z\u0151blokk, amely p\u00e1ratlan hat\u00e9konys\u00e1got \u00e9s tart\u00f3ss\u00e1got garant\u00e1l<\/em>.&#8221;<\/p>\n<p><strong>Claudio Liu,\u00a0Alap\u00edt\u00f3<\/strong><\/p>\n<p><strong>Iyo &#8211; Michelin csillagos \u00e9tterem,\u00a0Mil\u00e1n\u00f3,\u00a0Olaszorsz\u00e1g<\/strong>[\/vc_column_text][\/vc_column][\/vc_row][vc_row css=&#8221;.vc_custom_1464691641827{padding-top: 50px !important;padding-bottom: 50px !important;}&#8221;][vc_column width=&#8221;1\/2&#8243;][vc_single_image image=&#8221;1700&#8243; img_size=&#8221;large&#8221;][\/vc_column][vc_column width=&#8221;1\/2&#8243;][elx_heading text_color=&#8221;inherit&#8221;]Tiergarten[\/elx_heading][vc_column_text css_animation=&#8221;right-to-left&#8221; css=&#8221;.vc_custom_1490345319691{padding-top: 15px !important;}&#8221;]<em>&#8220;A d\u00f6nt\u00e9s, hogy az Electrolux Professional k\u00e9sz\u00fcl\u00e9keit v\u00e1lasztjuk, egy tender eredm\u00e9nye volt. Az Electrolux Professional mellett d\u00f6nt\u00f6tt\u00fcnk, k\u00f6sz\u00f6nhet\u0151en a megfelel\u0151 t\u00e1mogat\u00e1snak, a term\u00e9kek megb\u00edzhat\u00f3s\u00e1g\u00e1nak \u00e9s az \u00e1r\/teljes\u00edtm\u00e9ny ar\u00e1nynak.&#8221;\u00a0<\/em><\/p>\n<p><strong>Maikel Konrad, Head Chef<\/strong>\u00a0&#8211;<strong>\u00a0Tiergarten \u00c9tterem<\/strong>[\/vc_column_text][\/vc_column][\/vc_row][vc_row][vc_column][vc_empty_space][\/vc_column][\/vc_row][vc_row][vc_column][elx_heading text_color=&#8221;inherit&#8221;]\u00c9rdekl\u0151dj\u00f6n az Electrolux Professional ir\u00e1nt.[\/elx_heading][elx_o2000_contact_us s=&#8221;Inform\u00e1ci\u00f3 k\u00e9r\u00e9s err\u0151l a term\u00e9kr\u0151l \u00c9ttermek&#8221; country=&#8221;Hungary&#8221; container=&#8221;elxcontactus1466432174&#8243; r=&#8221;Szeretn\u00e9k t\u00f6bb inform\u00e1ci\u00f3t kapni err\u0151l a term\u00e9kr\u0151l \u00c9ttermek. K\u00e9rem, vegy\u00e9k fel velem a kapcsolatot.&#8221; l=&#8221;hu&#8221;][\/vc_column][\/vc_row][vc_row][vc_column][vc_empty_space][\/vc_column][\/vc_row]<\/p>\n","protected":false},"excerpt":{"rendered":"<p>[vc_row full_width=&#8221;electroluxpro-full-width-no-padding&#8221; equal_height=&#8221;yes&#8221;][vc_column reveal_effect=&#8221;&#8221; width=&#8221;1\/2&#8243;][elx_citation name=&#8221;Simon Hulstone, Chef Proprietor&#8221; company=&#8221;The Elephant &#8211; Michelin star Restaurant Devon, United Kingdom&#8221;][elx_heading text_color=&#8221;inherit&#8221;]Az Electrolux Professional sokat seg\u00edtett nekem, \u00e9s a konyh\u00e1mat nagyon profin felszerelte. Sz\u00edvesen aj\u00e1nlom a term\u00e9keit m\u00e1soknak is.[\/elx_heading][\/elx_citation][\/vc_column][vc_column reveal_effect=&#8221;&#8221; width=&#8221;1\/2&#8243;][elx_image_block background_image=&#8221;595&#8243; minimum_height=&#8221;650px&#8221;][\/vc_column][\/vc_row][vc_row css=&#8221;.vc_custom_1464617547121{padding-bottom: 20px !important;}&#8221;][vc_column][elx_heading font_container=&#8221;h1&#8243; text_color=&#8221;inherit&#8221; text_align=&#8221;text-center&#8221;] \u00c9ttermek [\/elx_heading][vc_column_text] N\u00e9ha egy \u00e9tterem \u00fczemeltet\u00e9se el\u00e9g kem\u00e9ny feladat. [&hellip;]<\/p>\n","protected":false},"author":3,"featured_media":0,"parent":0,"menu_order":0,"comment_status":"closed","ping_status":"closed","template":"","meta":{"footnotes":""},"class_list":["post-2450","page","type-page","status-publish","hentry"],"yoast_head":"<!-- This site is optimized with the Yoast SEO plugin v23.3 - https:\/\/yoast.com\/wordpress\/plugins\/seo\/ -->\n<title>\u00c9ttermek - Electrolux Professional Magyarorsz\u00e1g<\/title>\n<meta name=\"robots\" content=\"index, follow, max-snippet:-1, max-image-preview:large, max-video-preview:-1\" \/>\n<link rel=\"canonical\" href=\"https:\/\/www.electroluxprofessional.com\/hu\/ettermek\/\" \/>\n<meta property=\"og:locale\" content=\"hu_HU\" \/>\n<meta property=\"og:type\" content=\"article\" \/>\n<meta property=\"og:title\" content=\"\u00c9ttermek - Electrolux Professional Magyarorsz\u00e1g\" \/>\n<meta property=\"og:description\" content=\"[vc_row full_width=&#8221;electroluxpro-full-width-no-padding&#8221; equal_height=&#8221;yes&#8221;][vc_column reveal_effect=&#8221;&#8221; width=&#8221;1\/2&#8243;][elx_citation name=&#8221;Simon Hulstone, Chef Proprietor&#8221; company=&#8221;The Elephant &#8211; Michelin star Restaurant Devon, United Kingdom&#8221;][elx_heading text_color=&#8221;inherit&#8221;]Az Electrolux Professional sokat seg\u00edtett nekem, \u00e9s a konyh\u00e1mat nagyon profin felszerelte. Sz\u00edvesen aj\u00e1nlom a term\u00e9keit m\u00e1soknak is.[\/elx_heading][\/elx_citation][\/vc_column][vc_column reveal_effect=&#8221;&#8221; width=&#8221;1\/2&#8243;][elx_image_block background_image=&#8221;595&#8243; minimum_height=&#8221;650px&#8221;][\/vc_column][\/vc_row][vc_row css=&#8221;.vc_custom_1464617547121{padding-bottom: 20px !important;}&#8221;][vc_column][elx_heading font_container=&#8221;h1&#8243; text_color=&#8221;inherit&#8221; text_align=&#8221;text-center&#8221;] \u00c9ttermek [\/elx_heading][vc_column_text] N\u00e9ha egy \u00e9tterem \u00fczemeltet\u00e9se el\u00e9g kem\u00e9ny feladat. [&hellip;]\" \/>\n<meta property=\"og:url\" content=\"https:\/\/www.electroluxprofessional.com\/hu\/ettermek\/\" \/>\n<meta property=\"og:site_name\" content=\"Electrolux Professional Magyarorsz\u00e1g\" \/>\n<meta property=\"article:modified_time\" content=\"2025-11-05T14:59:23+00:00\" \/>\n<meta name=\"twitter:card\" content=\"summary_large_image\" \/>\n<meta name=\"twitter:label1\" content=\"Becs\u00fclt olvas\u00e1si id\u0151\" \/>\n\t<meta name=\"twitter:data1\" content=\"3 perc\" \/>\n<script type=\"application\/ld+json\" class=\"yoast-schema-graph\">{\"@context\":\"https:\/\/schema.org\",\"@graph\":[{\"@type\":\"WebPage\",\"@id\":\"https:\/\/www.electroluxprofessional.com\/hu\/ettermek\/\",\"url\":\"https:\/\/www.electroluxprofessional.com\/hu\/ettermek\/\",\"name\":\"\u00c9ttermek - Electrolux Professional Magyarorsz\u00e1g\",\"isPartOf\":{\"@id\":\"https:\/\/www.electroluxprofessional.com\/hu\/#website\"},\"datePublished\":\"2017-05-15T08:34:10+00:00\",\"dateModified\":\"2025-11-05T14:59:23+00:00\",\"breadcrumb\":{\"@id\":\"https:\/\/www.electroluxprofessional.com\/hu\/ettermek\/#breadcrumb\"},\"inLanguage\":\"hu\",\"potentialAction\":[{\"@type\":\"ReadAction\",\"target\":[\"https:\/\/www.electroluxprofessional.com\/hu\/ettermek\/\"]}]},{\"@type\":\"BreadcrumbList\",\"@id\":\"https:\/\/www.electroluxprofessional.com\/hu\/ettermek\/#breadcrumb\",\"itemListElement\":[{\"@type\":\"ListItem\",\"position\":1,\"name\":\"Home\",\"item\":\"https:\/\/www.electroluxprofessional.com\/hu\/\"},{\"@type\":\"ListItem\",\"position\":2,\"name\":\"\u00c9ttermek\"}]},{\"@type\":\"WebSite\",\"@id\":\"https:\/\/www.electroluxprofessional.com\/hu\/#website\",\"url\":\"https:\/\/www.electroluxprofessional.com\/hu\/\",\"name\":\"Electrolux Professional Magyarorsz\u00e1g\",\"description\":\"\",\"potentialAction\":[{\"@type\":\"SearchAction\",\"target\":{\"@type\":\"EntryPoint\",\"urlTemplate\":\"https:\/\/www.electroluxprofessional.com\/hu\/?src={search_term_string}\"},\"query-input\":\"required name=search_term_string\"}],\"inLanguage\":\"hu\"}]}<\/script>\n<!-- \/ Yoast SEO plugin. -->","yoast_head_json":{"title":"\u00c9ttermek - Electrolux Professional Magyarorsz\u00e1g","robots":{"index":"index","follow":"follow","max-snippet":"max-snippet:-1","max-image-preview":"max-image-preview:large","max-video-preview":"max-video-preview:-1"},"canonical":"https:\/\/www.electroluxprofessional.com\/hu\/ettermek\/","og_locale":"hu_HU","og_type":"article","og_title":"\u00c9ttermek - Electrolux Professional Magyarorsz\u00e1g","og_description":"[vc_row full_width=&#8221;electroluxpro-full-width-no-padding&#8221; equal_height=&#8221;yes&#8221;][vc_column reveal_effect=&#8221;&#8221; width=&#8221;1\/2&#8243;][elx_citation name=&#8221;Simon Hulstone, Chef Proprietor&#8221; company=&#8221;The Elephant &#8211; Michelin star Restaurant Devon, United Kingdom&#8221;][elx_heading text_color=&#8221;inherit&#8221;]Az Electrolux Professional sokat seg\u00edtett nekem, \u00e9s a konyh\u00e1mat nagyon profin felszerelte. Sz\u00edvesen aj\u00e1nlom a term\u00e9keit m\u00e1soknak is.[\/elx_heading][\/elx_citation][\/vc_column][vc_column reveal_effect=&#8221;&#8221; width=&#8221;1\/2&#8243;][elx_image_block background_image=&#8221;595&#8243; minimum_height=&#8221;650px&#8221;][\/vc_column][\/vc_row][vc_row css=&#8221;.vc_custom_1464617547121{padding-bottom: 20px !important;}&#8221;][vc_column][elx_heading font_container=&#8221;h1&#8243; text_color=&#8221;inherit&#8221; text_align=&#8221;text-center&#8221;] \u00c9ttermek [\/elx_heading][vc_column_text] N\u00e9ha egy \u00e9tterem \u00fczemeltet\u00e9se el\u00e9g kem\u00e9ny feladat. [&hellip;]","og_url":"https:\/\/www.electroluxprofessional.com\/hu\/ettermek\/","og_site_name":"Electrolux Professional Magyarorsz\u00e1g","article_modified_time":"2025-11-05T14:59:23+00:00","twitter_card":"summary_large_image","twitter_misc":{"Becs\u00fclt olvas\u00e1si id\u0151":"3 perc"},"schema":{"@context":"https:\/\/schema.org","@graph":[{"@type":"WebPage","@id":"https:\/\/www.electroluxprofessional.com\/hu\/ettermek\/","url":"https:\/\/www.electroluxprofessional.com\/hu\/ettermek\/","name":"\u00c9ttermek - Electrolux Professional Magyarorsz\u00e1g","isPartOf":{"@id":"https:\/\/www.electroluxprofessional.com\/hu\/#website"},"datePublished":"2017-05-15T08:34:10+00:00","dateModified":"2025-11-05T14:59:23+00:00","breadcrumb":{"@id":"https:\/\/www.electroluxprofessional.com\/hu\/ettermek\/#breadcrumb"},"inLanguage":"hu","potentialAction":[{"@type":"ReadAction","target":["https:\/\/www.electroluxprofessional.com\/hu\/ettermek\/"]}]},{"@type":"BreadcrumbList","@id":"https:\/\/www.electroluxprofessional.com\/hu\/ettermek\/#breadcrumb","itemListElement":[{"@type":"ListItem","position":1,"name":"Home","item":"https:\/\/www.electroluxprofessional.com\/hu\/"},{"@type":"ListItem","position":2,"name":"\u00c9ttermek"}]},{"@type":"WebSite","@id":"https:\/\/www.electroluxprofessional.com\/hu\/#website","url":"https:\/\/www.electroluxprofessional.com\/hu\/","name":"Electrolux Professional Magyarorsz\u00e1g","description":"","potentialAction":[{"@type":"SearchAction","target":{"@type":"EntryPoint","urlTemplate":"https:\/\/www.electroluxprofessional.com\/hu\/?src={search_term_string}"},"query-input":"required name=search_term_string"}],"inLanguage":"hu"}]}},"_links":{"self":[{"href":"https:\/\/www.electroluxprofessional.com\/hu\/wp-json\/wp\/v2\/pages\/2450"}],"collection":[{"href":"https:\/\/www.electroluxprofessional.com\/hu\/wp-json\/wp\/v2\/pages"}],"about":[{"href":"https:\/\/www.electroluxprofessional.com\/hu\/wp-json\/wp\/v2\/types\/page"}],"author":[{"embeddable":true,"href":"https:\/\/www.electroluxprofessional.com\/hu\/wp-json\/wp\/v2\/users\/3"}],"replies":[{"embeddable":true,"href":"https:\/\/www.electroluxprofessional.com\/hu\/wp-json\/wp\/v2\/comments?post=2450"}],"version-history":[{"count":27,"href":"https:\/\/www.electroluxprofessional.com\/hu\/wp-json\/wp\/v2\/pages\/2450\/revisions"}],"predecessor-version":[{"id":9344,"href":"https:\/\/www.electroluxprofessional.com\/hu\/wp-json\/wp\/v2\/pages\/2450\/revisions\/9344"}],"wp:attachment":[{"href":"https:\/\/www.electroluxprofessional.com\/hu\/wp-json\/wp\/v2\/media?parent=2450"}],"curies":[{"name":"wp","href":"https:\/\/api.w.org\/{rel}","templated":true}]}}