{"id":2436,"date":"2017-05-15T08:32:25","date_gmt":"2017-05-15T08:32:25","guid":{"rendered":"https:\/\/www.electroluxprofessional.com\/hu\/?page_id=2436"},"modified":"2025-11-05T14:48:05","modified_gmt":"2025-11-05T14:48:05","slug":"atado-rendszeru-mosogatogep","status":"publish","type":"page","link":"https:\/\/www.electroluxprofessional.com\/hu\/mosogatogepek\/atado-rendszeru-mosogatogep\/","title":{"rendered":"\u00c1tad\u00f3 rendszer\u0171 mosogat\u00f3g\u00e9p"},"content":{"rendered":"<p>[vc_row full_width=&#8221;electroluxpro-full-width-no-padding&#8221;][vc_column][elx_hero_slider label_text_color=&#8221;inherit&#8221; images=&#8221;677&#8243;][elx_heading font_container=&#8221;h1&#8243; font_size=&#8221;h2&#8243; text_color=&#8221;inherit&#8221;]<\/p>\n<h2>Green&amp;clean \u00e1tad\u00f3 rendszer\u0171 mosogat\u00f3g\u00e9p<\/h2>\n<h2><\/h2>\n<p>[\/elx_heading][vc_column_text]<\/p>\n<h3>ak\u00e1r \u00e9vi<br \/>\n1.040\u20ac megtakar\u00edt\u00e1s*<\/h3>\n<p>[\/vc_column_text][\/elx_hero_slider][\/vc_column][\/vc_row][vc_row][vc_column][vc_empty_space][elx_heading text_color=&#8221;inherit&#8221; text_align=&#8221;text-center&#8221;]Green&amp;Clean &#8211; mindig valami extr\u00e1val.<br \/>\n[\/elx_heading][vc_empty_space height=&#8221;50px&#8221;][\/vc_column][\/vc_row][vc_row][vc_column width=&#8221;1\/2&#8243;][elx_heading font_container=&#8221;h1&#8243; font_size=&#8221;h2&#8243; text_color=&#8221;inherit&#8221;]Green&amp;Clean \u00e1tad\u00f3 rendszer\u0171 mosogat\u00f3g\u00e9p[\/elx_heading][vc_column_text]Hat\u00e9konys\u00e1g, egyszer\u0171s\u00e9g, teljes\u00edtm\u00e9ny.<\/p>\n<p>Mindegy, hogy mit v\u00e1r el egy k\u00e9sz\u00fcl\u00e9kt\u0151l, az Electrolux Professional teljes\u00edti k\u00edv\u00e1ns\u00e1g\u00e1t. Mindig valami extr\u00e1val: hat\u00e9konys\u00e1g maxim\u00e1lis megb\u00edzhat\u00f3s\u00e1ggal; egyszer\u0171 haszn\u00e1lat az innovat\u00edv technol\u00f3gi\u00e1val egy\u00fctt; kimagasl\u00f3 teljes\u00edtm\u00e9ny v\u00edz, energia \u00e9s vegyszermegtakar\u00edt\u00e1ssal kombin\u00e1lva.<\/p>\n<p>A mosogat\u00e1stechnikai szaktud\u00e1sunk messzire ny\u00falik vissza, \u00e9s ezeken a ter\u00fcleteken a tapasztalat a kiv\u00e1l\u00f3s\u00e1g el\u00e9r\u00e9s\u00e9nek a kulcsa. A meghallgat\u00e1s az er\u0151ss\u00e9g\u00fcnk: az Electroluxn\u00e1l Professional hozz\u00e1szoktunk, hogy hallgatunk kell a v\u00e1s\u00e1rl\u00f3inkra, el\u0151re kell \u00e9rezn\u00fcnk a sz\u00fcks\u00e9gleteiket annak \u00e9rdek\u00e9ben, hogy ki tudjuk el\u00e9g\u00edteni k\u00edv\u00e1ns\u00e1gaikat, hezit\u00e1l\u00e1s n\u00e9lk\u00fcl.[\/vc_column_text][\/vc_column][vc_column width=&#8221;1\/2&#8243;][vc_single_image image=&#8221;675&#8243; img_size=&#8221;full&#8221; alignment=&#8221;center&#8221;][\/vc_column][\/vc_row][vc_row][vc_column][vc_empty_space height=&#8221;50px&#8221;][\/vc_column][\/vc_row][vc_row][vc_column width=&#8221;1\/4&#8243;][vc_single_image image=&#8221;683&#8243; img_size=&#8221;full&#8221; alignment=&#8221;center&#8221;][elx_heading font_size=&#8221;h4&#8243; text_color=&#8221;inherit&#8221; text_align=&#8221;text-center&#8221;]Z\u00f6ld[\/elx_heading][vc_column_text]Kevesebb v\u00edz, energia, mosogat\u00f3szer \u00e9s \u00f6bl\u00edt\u0151szer fogyaszt\u00e1s az alacsonyabb \u00fczemeltet\u00e9si k\u00f6lts\u00e9gek \u00e9s a k\u00f6rnyezet meg\u00f3v\u00e1sa \u00e9rdek\u00e9ben.[\/vc_column_text][\/vc_column][vc_column width=&#8221;1\/4&#8243;][vc_single_image image=&#8221;1645&#8243; img_size=&#8221;full&#8221; alignment=&#8221;center&#8221;][elx_heading font_size=&#8221;h4&#8243; text_color=&#8221;inherit&#8221; text_align=&#8221;text-center&#8221;]Tiszta[\/elx_heading][vc_column_text]Cs\u00facsmin\u0151s\u00e9g\u0171 mosogat\u00e1si \u00e9s \u00f6bl\u00edt\u00e9si teljes\u00edtm\u00e9ny, a mosogat\u00f3szer teljes elt\u00e1vol\u00edt\u00e1s\u00e1val.[\/vc_column_text][\/vc_column][vc_column width=&#8221;1\/4&#8243;][vc_single_image image=&#8221;1646&#8243; img_size=&#8221;full&#8221; alignment=&#8221;center&#8221;][elx_heading font_size=&#8221;h4&#8243; text_color=&#8221;inherit&#8221; text_align=&#8221;text-center&#8221;]Biztons\u00e1gos[\/elx_heading][vc_column_text]Egyedi WASH\u00b7SAFE CONTROL funkci\u00f3: az \u00e1lland\u00f3, nomin\u00e1lis 84\u00b0C-os \u00f6bl\u00edt\u0151v\u00edz h\u0151m\u00e9rs\u00e9klet\u00e9rt felel.[\/vc_column_text][\/vc_column][vc_column width=&#8221;1\/4&#8243;][vc_single_image image=&#8221;976&#8243; alignment=&#8221;center&#8221;][elx_heading font_size=&#8221;h4&#8243; text_color=&#8221;inherit&#8221; text_align=&#8221;text-center&#8221;]Egyszer\u0171[\/elx_heading][vc_column_text]Aggodalommentes m\u0171k\u00f6d\u00e9s \u00e9s karbantart\u00e1s.[\/vc_column_text][\/vc_column][\/vc_row][vc_row][vc_column][vc_empty_space height=&#8221;25px&#8221;][vc_single_image image=&#8221;1647&#8243; img_size=&#8221;full&#8221;][vc_empty_space height=&#8221;18px&#8221;][vc_column_text]<em>* a k\u00f6lts\u00e9gmegtakar\u00edt\u00e1s az IMQ \u00e9s INTERTEK \u00e1ltal igazolt Electrolux Professional LAB kalkul\u00e1ci\u00f3i alapj\u00e1n lettek meghat\u00e1rozva. Az \u00f6sszehasonl\u00edt\u00e1st egy green&amp;clean \u00e1tad\u00f3 rendszer\u0171 mosogat\u00f3g\u00e9p \u00e9s egy ezzel egyen\u00e9rt\u00e9k\u0171, hagyom\u00e1nyos mosogat\u00f3g\u00e9p k\u00f6z\u00f6tt v\u00e9gezt\u00e9k el, 3 liter\/ciklus \u00f6bl\u00edt\u0151v\u00edz fogyaszt\u00e1s, 100 ciklus\/nap, 300 munkanap\/\u00e9v \u00e9s 10\u00b0C-os bej\u00f6v\u0151 v\u00edz eset\u00e9n.<\/em>[\/vc_column_text][vc_empty_space][\/vc_column][\/vc_row][vc_row][vc_column width=&#8221;1\/4&#8243;][elx_video_block background_image=&#8221;482&#8243; video_link=&#8221;https:\/\/www.youtube.com\/watch?v=sXEMOOS6h4g&#8221; minimum_height=&#8221;260px&#8221;][\/vc_column][vc_column width=&#8221;1\/4&#8243;][elx_download_block text=&#8221;Green&amp;Clean \u00e1tad\u00f3 rendszer\u0171 mosogat\u00f3g\u00e9p katal\u00f3gus&#8221; link=&#8221;files.professional.electrolux.com\/docs\/?n=BR-9JEHC&amp;t=BR&amp;l=1&#8243; background_color=&#8221;cat-clean&#8221; reveal_effect=&#8221;fadeIn&#8221; reveal_duration=&#8221;&#8221; reveal_delay=&#8221;&#8221;][\/vc_column][vc_column width=&#8221;1\/4&#8243;][elx_download_block text=&#8221;Green&amp;Clean \u00e1tad\u00f3 rendszer\u0171 mosogat\u00f3g\u00e9p sz\u00f3r\u00f3lap&#8221; link=&#8221;files.professional.electrolux.com\/docs\/?n=CLF-9JEHM&amp;t=CLF&amp;l=1&#8243; background_color=&#8221;cat-clean&#8221; reveal_effect=&#8221;fadeIn&#8221; reveal_duration=&#8221;&#8221; reveal_delay=&#8221;&#8221;][\/vc_column][vc_column width=&#8221;1\/4&#8243;][elx_download_block text=&#8221;V\u00edzkezel\u00e9si megold\u00e1s&#8221; link=&#8221;files.professional.electrolux.com\/docs\/?n=CLF-9JER12&amp;b=5&amp;l=1&#8243; background_color=&#8221;cat-clean&#8221; reveal_effect=&#8221;&#8221; reveal_duration=&#8221;&#8221; reveal_delay=&#8221;&#8221;][\/vc_column][\/vc_row][vc_row][vc_column][vc_empty_space height=&#8221;50px&#8221;][\/vc_column][\/vc_row][vc_row][vc_column][elx_heading text_color=&#8221;inherit&#8221; text_align=&#8221;text-center&#8221;]\u00c9rdekl\u0151dj\u00f6n az Electrolux Professional \u00e1tad\u00f3 rendszer\u0171 mosogat\u00f3g\u00e9pei ut\u00e1n[\/elx_heading][elx_o2000_contact_us r=&#8221;Szeretn\u00e9k t\u00f6bb inform\u00e1ci\u00f3t kapni err\u0151l a term\u00e9kr\u0151l \u00c1tad\u00f3 rendszer\u0171 mosogat\u00f3g\u00e9p. K\u00e9rem, vegy\u00e9k fel velem a kapcsolatot.&#8221; s=&#8221;Inform\u00e1ci\u00f3 k\u00e9r\u00e9s err\u0151l a term\u00e9kr\u0151l \u00c1tad\u00f3 rendszer\u0171 mosogat\u00f3g\u00e9p&#8221; country=&#8221;Hungary&#8221; l=&#8221;hu&#8221; container=&#8221;elxcontactus1466429748&#8243;][vc_empty_space height=&#8221;50px&#8221;][\/vc_column][\/vc_row]<\/p>\n","protected":false},"excerpt":{"rendered":"<p>[vc_row full_width=&#8221;electroluxpro-full-width-no-padding&#8221;][vc_column][elx_hero_slider label_text_color=&#8221;inherit&#8221; images=&#8221;677&#8243;][elx_heading font_container=&#8221;h1&#8243; font_size=&#8221;h2&#8243; text_color=&#8221;inherit&#8221;] Green&amp;clean \u00e1tad\u00f3 rendszer\u0171 mosogat\u00f3g\u00e9p [\/elx_heading][vc_column_text] ak\u00e1r \u00e9vi 1.040\u20ac megtakar\u00edt\u00e1s* [\/vc_column_text][\/elx_hero_slider][\/vc_column][\/vc_row][vc_row][vc_column][vc_empty_space][elx_heading text_color=&#8221;inherit&#8221; text_align=&#8221;text-center&#8221;]Green&amp;Clean &#8211; mindig valami extr\u00e1val. [\/elx_heading][vc_empty_space height=&#8221;50px&#8221;][\/vc_column][\/vc_row][vc_row][vc_column width=&#8221;1\/2&#8243;][elx_heading font_container=&#8221;h1&#8243; font_size=&#8221;h2&#8243; text_color=&#8221;inherit&#8221;]Green&amp;Clean \u00e1tad\u00f3 rendszer\u0171 mosogat\u00f3g\u00e9p[\/elx_heading][vc_column_text]Hat\u00e9konys\u00e1g, egyszer\u0171s\u00e9g, teljes\u00edtm\u00e9ny. Mindegy, hogy mit v\u00e1r el egy k\u00e9sz\u00fcl\u00e9kt\u0151l, az Electrolux Professional teljes\u00edti k\u00edv\u00e1ns\u00e1g\u00e1t. Mindig valami extr\u00e1val: hat\u00e9konys\u00e1g maxim\u00e1lis megb\u00edzhat\u00f3s\u00e1ggal; egyszer\u0171 haszn\u00e1lat az [&hellip;]<\/p>\n","protected":false},"author":3,"featured_media":0,"parent":2223,"menu_order":0,"comment_status":"closed","ping_status":"closed","template":"","meta":{"footnotes":""},"class_list":["post-2436","page","type-page","status-publish","hentry"],"yoast_head":"<!-- This site is optimized with the Yoast SEO plugin v23.3 - https:\/\/yoast.com\/wordpress\/plugins\/seo\/ -->\n<title>\u00c1tad\u00f3 rendszer\u0171 mosogat\u00f3g\u00e9p - Electrolux Professional Magyarorsz\u00e1g<\/title>\n<meta name=\"robots\" content=\"index, follow, max-snippet:-1, max-image-preview:large, max-video-preview:-1\" \/>\n<link rel=\"canonical\" href=\"https:\/\/www.electroluxprofessional.com\/hu\/mosogatogepek\/atado-rendszeru-mosogatogep\/\" \/>\n<meta property=\"og:locale\" content=\"hu_HU\" \/>\n<meta property=\"og:type\" content=\"article\" \/>\n<meta property=\"og:title\" content=\"\u00c1tad\u00f3 rendszer\u0171 mosogat\u00f3g\u00e9p - Electrolux Professional Magyarorsz\u00e1g\" \/>\n<meta property=\"og:description\" content=\"[vc_row full_width=&#8221;electroluxpro-full-width-no-padding&#8221;][vc_column][elx_hero_slider label_text_color=&#8221;inherit&#8221; images=&#8221;677&#8243;][elx_heading font_container=&#8221;h1&#8243; font_size=&#8221;h2&#8243; text_color=&#8221;inherit&#8221;] Green&amp;clean \u00e1tad\u00f3 rendszer\u0171 mosogat\u00f3g\u00e9p [\/elx_heading][vc_column_text] ak\u00e1r \u00e9vi 1.040\u20ac megtakar\u00edt\u00e1s* [\/vc_column_text][\/elx_hero_slider][\/vc_column][\/vc_row][vc_row][vc_column][vc_empty_space][elx_heading text_color=&#8221;inherit&#8221; text_align=&#8221;text-center&#8221;]Green&amp;Clean &#8211; mindig valami extr\u00e1val. [\/elx_heading][vc_empty_space height=&#8221;50px&#8221;][\/vc_column][\/vc_row][vc_row][vc_column width=&#8221;1\/2&#8243;][elx_heading font_container=&#8221;h1&#8243; font_size=&#8221;h2&#8243; text_color=&#8221;inherit&#8221;]Green&amp;Clean \u00e1tad\u00f3 rendszer\u0171 mosogat\u00f3g\u00e9p[\/elx_heading][vc_column_text]Hat\u00e9konys\u00e1g, egyszer\u0171s\u00e9g, teljes\u00edtm\u00e9ny. Mindegy, hogy mit v\u00e1r el egy k\u00e9sz\u00fcl\u00e9kt\u0151l, az Electrolux Professional teljes\u00edti k\u00edv\u00e1ns\u00e1g\u00e1t. Mindig valami extr\u00e1val: hat\u00e9konys\u00e1g maxim\u00e1lis megb\u00edzhat\u00f3s\u00e1ggal; egyszer\u0171 haszn\u00e1lat az [&hellip;]\" \/>\n<meta property=\"og:url\" content=\"https:\/\/www.electroluxprofessional.com\/hu\/mosogatogepek\/atado-rendszeru-mosogatogep\/\" \/>\n<meta property=\"og:site_name\" content=\"Electrolux Professional Magyarorsz\u00e1g\" \/>\n<meta property=\"article:modified_time\" content=\"2025-11-05T14:48:05+00:00\" \/>\n<meta name=\"twitter:card\" content=\"summary_large_image\" \/>\n<meta name=\"twitter:label1\" content=\"Becs\u00fclt olvas\u00e1si id\u0151\" \/>\n\t<meta name=\"twitter:data1\" content=\"2 perc\" \/>\n<script type=\"application\/ld+json\" class=\"yoast-schema-graph\">{\"@context\":\"https:\/\/schema.org\",\"@graph\":[{\"@type\":\"WebPage\",\"@id\":\"https:\/\/www.electroluxprofessional.com\/hu\/mosogatogepek\/atado-rendszeru-mosogatogep\/\",\"url\":\"https:\/\/www.electroluxprofessional.com\/hu\/mosogatogepek\/atado-rendszeru-mosogatogep\/\",\"name\":\"\u00c1tad\u00f3 rendszer\u0171 mosogat\u00f3g\u00e9p - Electrolux Professional Magyarorsz\u00e1g\",\"isPartOf\":{\"@id\":\"https:\/\/www.electroluxprofessional.com\/hu\/#website\"},\"datePublished\":\"2017-05-15T08:32:25+00:00\",\"dateModified\":\"2025-11-05T14:48:05+00:00\",\"breadcrumb\":{\"@id\":\"https:\/\/www.electroluxprofessional.com\/hu\/mosogatogepek\/atado-rendszeru-mosogatogep\/#breadcrumb\"},\"inLanguage\":\"hu\",\"potentialAction\":[{\"@type\":\"ReadAction\",\"target\":[\"https:\/\/www.electroluxprofessional.com\/hu\/mosogatogepek\/atado-rendszeru-mosogatogep\/\"]}]},{\"@type\":\"BreadcrumbList\",\"@id\":\"https:\/\/www.electroluxprofessional.com\/hu\/mosogatogepek\/atado-rendszeru-mosogatogep\/#breadcrumb\",\"itemListElement\":[{\"@type\":\"ListItem\",\"position\":1,\"name\":\"Home\",\"item\":\"https:\/\/www.electroluxprofessional.com\/hu\/\"},{\"@type\":\"ListItem\",\"position\":2,\"name\":\"Mosogat\u00f3g\u00e9pek\",\"item\":\"https:\/\/www.electroluxprofessional.com\/hu\/mosogatogepek\/\"},{\"@type\":\"ListItem\",\"position\":3,\"name\":\"\u00c1tad\u00f3 rendszer\u0171 mosogat\u00f3g\u00e9p\"}]},{\"@type\":\"WebSite\",\"@id\":\"https:\/\/www.electroluxprofessional.com\/hu\/#website\",\"url\":\"https:\/\/www.electroluxprofessional.com\/hu\/\",\"name\":\"Electrolux Professional Magyarorsz\u00e1g\",\"description\":\"\",\"potentialAction\":[{\"@type\":\"SearchAction\",\"target\":{\"@type\":\"EntryPoint\",\"urlTemplate\":\"https:\/\/www.electroluxprofessional.com\/hu\/?src={search_term_string}\"},\"query-input\":\"required name=search_term_string\"}],\"inLanguage\":\"hu\"}]}<\/script>\n<!-- \/ Yoast SEO plugin. -->","yoast_head_json":{"title":"\u00c1tad\u00f3 rendszer\u0171 mosogat\u00f3g\u00e9p - Electrolux Professional Magyarorsz\u00e1g","robots":{"index":"index","follow":"follow","max-snippet":"max-snippet:-1","max-image-preview":"max-image-preview:large","max-video-preview":"max-video-preview:-1"},"canonical":"https:\/\/www.electroluxprofessional.com\/hu\/mosogatogepek\/atado-rendszeru-mosogatogep\/","og_locale":"hu_HU","og_type":"article","og_title":"\u00c1tad\u00f3 rendszer\u0171 mosogat\u00f3g\u00e9p - Electrolux Professional Magyarorsz\u00e1g","og_description":"[vc_row full_width=&#8221;electroluxpro-full-width-no-padding&#8221;][vc_column][elx_hero_slider label_text_color=&#8221;inherit&#8221; images=&#8221;677&#8243;][elx_heading font_container=&#8221;h1&#8243; font_size=&#8221;h2&#8243; text_color=&#8221;inherit&#8221;] Green&amp;clean \u00e1tad\u00f3 rendszer\u0171 mosogat\u00f3g\u00e9p [\/elx_heading][vc_column_text] ak\u00e1r \u00e9vi 1.040\u20ac megtakar\u00edt\u00e1s* [\/vc_column_text][\/elx_hero_slider][\/vc_column][\/vc_row][vc_row][vc_column][vc_empty_space][elx_heading text_color=&#8221;inherit&#8221; text_align=&#8221;text-center&#8221;]Green&amp;Clean &#8211; mindig valami extr\u00e1val. [\/elx_heading][vc_empty_space height=&#8221;50px&#8221;][\/vc_column][\/vc_row][vc_row][vc_column width=&#8221;1\/2&#8243;][elx_heading font_container=&#8221;h1&#8243; font_size=&#8221;h2&#8243; text_color=&#8221;inherit&#8221;]Green&amp;Clean \u00e1tad\u00f3 rendszer\u0171 mosogat\u00f3g\u00e9p[\/elx_heading][vc_column_text]Hat\u00e9konys\u00e1g, egyszer\u0171s\u00e9g, teljes\u00edtm\u00e9ny. Mindegy, hogy mit v\u00e1r el egy k\u00e9sz\u00fcl\u00e9kt\u0151l, az Electrolux Professional teljes\u00edti k\u00edv\u00e1ns\u00e1g\u00e1t. Mindig valami extr\u00e1val: hat\u00e9konys\u00e1g maxim\u00e1lis megb\u00edzhat\u00f3s\u00e1ggal; egyszer\u0171 haszn\u00e1lat az [&hellip;]","og_url":"https:\/\/www.electroluxprofessional.com\/hu\/mosogatogepek\/atado-rendszeru-mosogatogep\/","og_site_name":"Electrolux Professional Magyarorsz\u00e1g","article_modified_time":"2025-11-05T14:48:05+00:00","twitter_card":"summary_large_image","twitter_misc":{"Becs\u00fclt olvas\u00e1si id\u0151":"2 perc"},"schema":{"@context":"https:\/\/schema.org","@graph":[{"@type":"WebPage","@id":"https:\/\/www.electroluxprofessional.com\/hu\/mosogatogepek\/atado-rendszeru-mosogatogep\/","url":"https:\/\/www.electroluxprofessional.com\/hu\/mosogatogepek\/atado-rendszeru-mosogatogep\/","name":"\u00c1tad\u00f3 rendszer\u0171 mosogat\u00f3g\u00e9p - Electrolux Professional Magyarorsz\u00e1g","isPartOf":{"@id":"https:\/\/www.electroluxprofessional.com\/hu\/#website"},"datePublished":"2017-05-15T08:32:25+00:00","dateModified":"2025-11-05T14:48:05+00:00","breadcrumb":{"@id":"https:\/\/www.electroluxprofessional.com\/hu\/mosogatogepek\/atado-rendszeru-mosogatogep\/#breadcrumb"},"inLanguage":"hu","potentialAction":[{"@type":"ReadAction","target":["https:\/\/www.electroluxprofessional.com\/hu\/mosogatogepek\/atado-rendszeru-mosogatogep\/"]}]},{"@type":"BreadcrumbList","@id":"https:\/\/www.electroluxprofessional.com\/hu\/mosogatogepek\/atado-rendszeru-mosogatogep\/#breadcrumb","itemListElement":[{"@type":"ListItem","position":1,"name":"Home","item":"https:\/\/www.electroluxprofessional.com\/hu\/"},{"@type":"ListItem","position":2,"name":"Mosogat\u00f3g\u00e9pek","item":"https:\/\/www.electroluxprofessional.com\/hu\/mosogatogepek\/"},{"@type":"ListItem","position":3,"name":"\u00c1tad\u00f3 rendszer\u0171 mosogat\u00f3g\u00e9p"}]},{"@type":"WebSite","@id":"https:\/\/www.electroluxprofessional.com\/hu\/#website","url":"https:\/\/www.electroluxprofessional.com\/hu\/","name":"Electrolux Professional Magyarorsz\u00e1g","description":"","potentialAction":[{"@type":"SearchAction","target":{"@type":"EntryPoint","urlTemplate":"https:\/\/www.electroluxprofessional.com\/hu\/?src={search_term_string}"},"query-input":"required name=search_term_string"}],"inLanguage":"hu"}]}},"_links":{"self":[{"href":"https:\/\/www.electroluxprofessional.com\/hu\/wp-json\/wp\/v2\/pages\/2436"}],"collection":[{"href":"https:\/\/www.electroluxprofessional.com\/hu\/wp-json\/wp\/v2\/pages"}],"about":[{"href":"https:\/\/www.electroluxprofessional.com\/hu\/wp-json\/wp\/v2\/types\/page"}],"author":[{"embeddable":true,"href":"https:\/\/www.electroluxprofessional.com\/hu\/wp-json\/wp\/v2\/users\/3"}],"replies":[{"embeddable":true,"href":"https:\/\/www.electroluxprofessional.com\/hu\/wp-json\/wp\/v2\/comments?post=2436"}],"version-history":[{"count":17,"href":"https:\/\/www.electroluxprofessional.com\/hu\/wp-json\/wp\/v2\/pages\/2436\/revisions"}],"predecessor-version":[{"id":9305,"href":"https:\/\/www.electroluxprofessional.com\/hu\/wp-json\/wp\/v2\/pages\/2436\/revisions\/9305"}],"up":[{"embeddable":true,"href":"https:\/\/www.electroluxprofessional.com\/hu\/wp-json\/wp\/v2\/pages\/2223"}],"wp:attachment":[{"href":"https:\/\/www.electroluxprofessional.com\/hu\/wp-json\/wp\/v2\/media?parent=2436"}],"curies":[{"name":"wp","href":"https:\/\/api.w.org\/{rel}","templated":true}]}}