{"id":2406,"date":"2017-05-15T08:31:27","date_gmt":"2017-05-15T08:31:27","guid":{"rendered":"https:\/\/www.electroluxprofessional.com\/hu\/?page_id=2406"},"modified":"2024-07-02T12:54:10","modified_gmt":"2024-07-02T12:54:10","slug":"a-jobbert","status":"publish","type":"page","link":"https:\/\/www.electroluxprofessional.com\/hu\/a-jobbert\/","title":{"rendered":"A jobb \u00e9let\u00e9rt"},"content":{"rendered":"<p>[vc_row full_width=&#8221;electroluxpro-full-width-no-padding&#8221;][vc_column][elx_hero_title label=&#8221;&#8221; label_background_color=&#8221;inherit&#8221; background_image=&#8221;660&#8243;][\/elx_hero_title][\/vc_column][\/vc_row][vc_row][vc_column][elx_heading font_container=&#8221;h1&#8243; font_size=&#8221;h2&#8243; text_color=&#8221;inherit&#8221;]<\/p>\n<p style=\"text-align: center;\">A legjobb k\u00e9sz\u00fcl\u00e9kgy\u00e1rt\u00f3 v\u00e1llalatk\u00e9nt szeretn\u00e9nk tenni a jobb \u00e9let\u00e9rt, mindennapi, pozit\u00edv v\u00e1ltoz\u00e1st eredm\u00e9nyezve bolyg\u00f3nk, s annak lak\u00f3i \u00e9let\u00e9ben.<\/p>\n<p>[\/elx_heading][\/vc_column][\/vc_row][vc_row][vc_column][vc_empty_space height=&#8221;50px&#8221;][\/vc_column][\/vc_row][vc_row][vc_column css=&#8221;.vc_custom_1464253757950{padding-bottom: 30px !important;}&#8221;][vc_column_text css_animation=&#8221;appear&#8221;]<\/p>\n<h3 style=\"text-align: center;\">Elk\u00f6telezetts\u00e9g\u00fcnk<\/h3>\n<p>[\/vc_column_text][\/vc_column][\/vc_row][vc_row][vc_column width=&#8221;1\/2&#8243;][elx_simple_link_block link=&#8221;url:https%3A%2F%2Fprofessional.electrolux.hu%2Flaundry-shops%2F|title:Laundry%20Shops%20|&#8221; text_align=&#8221;text-left&#8221; text_color=&#8221;inherit&#8221; background_color=&#8221;inherit&#8221; background_hover_color=&#8221;darker-hover&#8221; extra_class=&#8221;&#8221; reveal_effect=&#8221;&#8221; reveal_duration=&#8221;&#8221; reveal_delay=&#8221;&#8221;][vc_single_image image=&#8221;663&#8243; img_size=&#8221;full&#8221; alignment=&#8221;center&#8221;][elx_heading font_container=&#8221;h3&#8243; text_color=&#8221;inherit&#8221;]<span style=\"color: #f08452;\">A k\u00e1ros alapanyagok megsz\u00fcntet\u00e9se<\/span>[\/elx_heading][vc_column_text]A<strong> Lagoon Advanced Care<\/strong>\u00a0egy k\u00f6rnyezetbar\u00e1t tiszt\u00edt\u00f3 megold\u00e1s, <strong>nem m\u00e9rgez\u0151 vegyszerek<\/strong> felhaszn\u00e1l\u00e1s\u00e1val. \u00a0A <strong>v\u00edz<\/strong> az old\u00f3szer.[\/vc_column_text][\/elx_simple_link_block][\/vc_column][vc_column width=&#8221;1\/2&#8243;][elx_simple_link_block link=&#8221;url:https%3A%2F%2Fprofessional.electrolux.hu%2Fheat-pump-dryers%2F|title:Heat%20pump%20dryer|&#8221; text_align=&#8221;text-left&#8221; text_color=&#8221;inherit&#8221; background_color=&#8221;inherit&#8221; background_hover_color=&#8221;darker-hover&#8221; extra_class=&#8221;&#8221; reveal_effect=&#8221;&#8221; reveal_duration=&#8221;&#8221; reveal_delay=&#8221;&#8221;][vc_single_image image=&#8221;664&#8243; img_size=&#8221;full&#8221; alignment=&#8221;center&#8221;][elx_heading font_container=&#8221;h3&#8243; text_color=&#8221;inherit&#8221;]<span style=\"color: #f08452;\">Takar\u00edtson meg ak\u00e1r 60%-nyi energiak\u00f6lts\u00e9get<\/span>[\/elx_heading][vc_column_text]<strong>F\u0171t\u0151pump\u00e1s sz\u00e1r\u00edt\u00f3g\u00e9peink<\/strong> forradalmi technol\u00f3gi\u00e1ja lehet\u0151v\u00e9 teszi a v\u00e1s\u00e1rl\u00f3k sz\u00e1m\u00e1ra az ak\u00e1r <strong>60%<\/strong>-os energia megtakar\u00edt\u00e1st, mik\u00f6zben magas termel\u00e9kenys\u00e9get \u00e9s <strong>kiv\u00e1l\u00f3 min\u0151s\u00e9get<\/strong> biztos\u00edtanak.[\/vc_column_text][\/elx_simple_link_block][\/vc_column][\/vc_row][vc_row][vc_column][vc_empty_space height=&#8221;100px&#8221;][\/vc_column][\/vc_row][vc_row][vc_column width=&#8221;1\/2&#8243;][elx_simple_link_block link=&#8221;url:https%3A%2F%2Fwww.electroluxprofessional.com%2Fhu%2Fhutoszekrenyek%2F|title:Refrigeration%20equipment||&#8221; text_align=&#8221;text-left&#8221; text_color=&#8221;inherit&#8221; background_color=&#8221;inherit&#8221; background_hover_color=&#8221;darker-hover&#8221; extra_class=&#8221;&#8221; reveal_effect=&#8221;&#8221; reveal_duration=&#8221;&#8221; reveal_delay=&#8221;&#8221;][vc_single_image image=&#8221;665&#8243; img_size=&#8221;full&#8221; alignment=&#8221;center&#8221;][elx_heading font_container=&#8221;h3&#8243; text_color=&#8221;inherit&#8221;]<span style=\"color: #f08452;\">V\u00e1lasszon megb\u00edzhat\u00f3 h\u0171t\u0151szekr\u00e9nyt<\/span>[\/elx_heading][vc_column_text]Az \u00faj h\u0171t\u0151szekr\u00e9nyeink haszn\u00e1lat\u00e1val <strong>megtakar\u00edthat ak\u00e1r 830 euro<\/strong>t (fagyaszt\u00f3szekr\u00e9ny) \u00e9s<strong> 300 eur\u00f3t<\/strong> (h\u0171t\u0151szekr\u00e9ny) <strong>\u00e9vente<\/strong>.[\/vc_column_text][\/elx_simple_link_block][\/vc_column][vc_column width=&#8221;1\/2&#8243;][elx_simple_link_block link=&#8221;url:https%3A%2F%2Fwww.electroluxprofessional.com%2Fhu%2Fmosogatogepek%2Fatado-rendszeru-mosogatogep%2F|title:Hood%20Type%20Dishwasher||&#8221; text_align=&#8221;text-left&#8221; text_color=&#8221;inherit&#8221; background_color=&#8221;inherit&#8221; background_hover_color=&#8221;darker-hover&#8221; extra_class=&#8221;&#8221; reveal_effect=&#8221;&#8221; reveal_duration=&#8221;&#8221; reveal_delay=&#8221;&#8221;][vc_single_image image=&#8221;666&#8243; img_size=&#8221;full&#8221;][elx_heading font_container=&#8221;h3&#8243; text_color=&#8221;inherit&#8221;]<span style=\"color: #f08452;\">Takar\u00edtson meg ak\u00e1r 1.040\u20ac \u00f6sszeget \u00e9vente<\/span>[\/elx_heading][vc_column_text]A Green&amp;clean fel\u00fcl ny\u00edl\u00f3 mosogat\u00f3g\u00e9pek <strong>maximaliz\u00e1lj\u00e1k a megtakar\u00edt\u00e1st<\/strong> az <strong>alacsony<\/strong> energia \u00e9s friss v\u00edz <strong>fogyaszt\u00e1snak<\/strong> k\u00f6sz\u00f6nhet\u0151en.[\/vc_column_text][\/elx_simple_link_block][\/vc_column][\/vc_row][vc_row][vc_column][vc_empty_space height=&#8221;100px&#8221;][\/vc_column][\/vc_row][vc_row][vc_column][vc_column_text css_animation=&#8221;appear&#8221;]<\/p>\n<h3 style=\"text-align: center;\">Jobb, ha gondolunk a biztons\u00e1gos munkak\u00f6r\u00fclm\u00e9nyekre<\/h3>\n<p>[\/vc_column_text][\/vc_column][\/vc_row][vc_row full_width=&#8221;electroluxpro-container-no-padding&#8221; equal_height=&#8221;yes&#8221; css=&#8221;.vc_custom_1464274220307{padding-top: 20px !important;padding-bottom: 20px !important;background-color: #f7f6f6 !important;}&#8221;][vc_column width=&#8221;1\/3&#8243;][elx_image_block background_image=&#8221;661&#8243; minimum_height=&#8221;200px&#8221;][\/vc_column][vc_column width=&#8221;1\/3&#8243;][elx_simple_block text_align=&#8221;text-center&#8221; text_color=&#8221;white&#8221; background_color=&#8221;electrolux-blue&#8221;][elx_heading font_container=&#8221;h3&#8243; text_color=&#8221;inherit&#8221;]<span style=\"color: #ffffff;\">K\u00e9pzeljen el egy kock\u00e1zatokt\u00f3l mentes munkahelyet<\/span>[\/elx_heading][vc_column_text]<\/p>\n<p class=\" inherit inherit inherit\" style=\"text-align: center;\">A biztons\u00e1g nem egy &#8220;j\u00f3, ha van&#8221; opci\u00f3<\/p>\n<p>[\/vc_column_text][elx_button button_text=&#8221;Tudjon meg t\u00f6bbet&#8221; button_link=&#8221;url:https%3A%2F%2Fwww.electroluxprofessional.com%2Fhu%2Fa-jobbert%2Fbiztonsag%2F|title:Find%20out%20more||&#8221;][\/elx_simple_block][\/vc_column][vc_column width=&#8221;1\/3&#8243;][elx_image_block background_image=&#8221;662&#8243; minimum_height=&#8221;200px&#8221;][\/vc_column][\/vc_row][vc_row][vc_column][vc_empty_space height=&#8221;50px&#8221;][\/vc_column][\/vc_row][vc_row][vc_column width=&#8221;1\/2&#8243;][elx_simple_link_block link=&#8221;Enter the link of the block&#8221; text_align=&#8221;text-left&#8221; text_color=&#8221;inherit&#8221; background_color=&#8221;inherit&#8221; background_hover_color=&#8221;darker-hover&#8221; extra_class=&#8221;&#8221; reveal_effect=&#8221;&#8221; reveal_duration=&#8221;&#8221; reveal_delay=&#8221;&#8221;][vc_single_image image=&#8221;667&#8243; img_size=&#8221;full&#8221; alignment=&#8221;center&#8221;][\/elx_simple_link_block][\/vc_column][vc_column width=&#8221;1\/2&#8243;][elx_simple_link_block link=&#8221;Enter the link of the block&#8221; text_align=&#8221;text-left&#8221; text_color=&#8221;inherit&#8221; background_color=&#8221;inherit&#8221; background_hover_color=&#8221;darker-hover&#8221; extra_class=&#8221;&#8221; reveal_effect=&#8221;&#8221; reveal_duration=&#8221;&#8221; reveal_delay=&#8221;&#8221;][elx_heading font_container=&#8221;h3&#8243; text_color=&#8221;inherit&#8221;]<span style=\"color: #f08452;\">A k\u00f6rnyezetbar\u00e1t alternat\u00edv\u00e1k fel\u00e9 mozdulva<\/span>[\/elx_heading][vc_column_text]A k\u00e9sz\u00fcl\u00e9keket el\u0151\u00e1ll\u00edt\u00f3 gy\u00e1raink Eur\u00f3p\u00e1ban \u00e9s Olaszorsz\u00e1gban csak olyan elektromoss\u00e1got fognak haszn\u00e1lni, amely <strong>meg\u00fajul\u00f3 forr\u00e1sb\u00f3l sz\u00e1rmazik.<\/strong>[\/vc_column_text][\/elx_simple_link_block][\/vc_column][\/vc_row][vc_row][vc_column][vc_column_text css_animation=&#8221;appear&#8221;]<\/p>\n<h3 style=\"text-align: center;\">Jobb, ha gondolunk az \u00e9telbiztons\u00e1gra<\/h3>\n<p>[\/vc_column_text][\/vc_column][\/vc_row][vc_row full_width=&#8221;electroluxpro-container-no-padding&#8221; equal_height=&#8221;yes&#8221; css=&#8221;.vc_custom_1464185384757{padding-top: 20px !important;padding-bottom: 20px !important;background-color: #f7f6f6 !important;}&#8221;][vc_column width=&#8221;1\/2&#8243;][vc_single_image image=&#8221;668&#8243; img_size=&#8221;full&#8221; alignment=&#8221;center&#8221;][\/vc_column][vc_column width=&#8221;1\/2&#8243;][elx_simple_block text_align=&#8221;text-center&#8221; background_color=&#8221;inherit&#8221;][elx_heading font_container=&#8221;h3&#8243; text_color=&#8221;inherit&#8221;]HACCP\u00a0nemzetk\u00f6zi tanus\u00edtv\u00e1ny[\/elx_heading][vc_column_text]Mit jelent ez?[\/vc_column_text][elx_button button_text=&#8221;Tov\u00e1bbi inform\u00e1ci\u00f3k&#8221; button_link=&#8221;url:https%3A%2F%2Fprofessional.electrolux.hu%2Fhaccp%2F|title:Find%20out%20more|&#8221;][\/elx_simple_block][\/vc_column][\/vc_row][vc_row][vc_column][vc_empty_space height=&#8221;50px&#8221;][\/vc_column][\/vc_row]<\/p>\n","protected":false},"excerpt":{"rendered":"<p>[vc_row full_width=&#8221;electroluxpro-full-width-no-padding&#8221;][vc_column][elx_hero_title label=&#8221;&#8221; label_background_color=&#8221;inherit&#8221; background_image=&#8221;660&#8243;][\/elx_hero_title][\/vc_column][\/vc_row][vc_row][vc_column][elx_heading font_container=&#8221;h1&#8243; font_size=&#8221;h2&#8243; text_color=&#8221;inherit&#8221;] A legjobb k\u00e9sz\u00fcl\u00e9kgy\u00e1rt\u00f3 v\u00e1llalatk\u00e9nt szeretn\u00e9nk tenni a jobb \u00e9let\u00e9rt, mindennapi, pozit\u00edv v\u00e1ltoz\u00e1st eredm\u00e9nyezve bolyg\u00f3nk, s annak lak\u00f3i \u00e9let\u00e9ben. [\/elx_heading][\/vc_column][\/vc_row][vc_row][vc_column][vc_empty_space height=&#8221;50px&#8221;][\/vc_column][\/vc_row][vc_row][vc_column css=&#8221;.vc_custom_1464253757950{padding-bottom: 30px !important;}&#8221;][vc_column_text css_animation=&#8221;appear&#8221;] Elk\u00f6telezetts\u00e9g\u00fcnk [\/vc_column_text][\/vc_column][\/vc_row][vc_row][vc_column width=&#8221;1\/2&#8243;][elx_simple_link_block link=&#8221;url:https%3A%2F%2Fprofessional.electrolux.hu%2Flaundry-shops%2F|title:Laundry%20Shops%20|&#8221; text_align=&#8221;text-left&#8221; text_color=&#8221;inherit&#8221; background_color=&#8221;inherit&#8221; background_hover_color=&#8221;darker-hover&#8221; extra_class=&#8221;&#8221; reveal_effect=&#8221;&#8221; reveal_duration=&#8221;&#8221; reveal_delay=&#8221;&#8221;][vc_single_image image=&#8221;663&#8243; img_size=&#8221;full&#8221; alignment=&#8221;center&#8221;][elx_heading font_container=&#8221;h3&#8243; text_color=&#8221;inherit&#8221;]A k\u00e1ros alapanyagok megsz\u00fcntet\u00e9se[\/elx_heading][vc_column_text]A Lagoon Advanced Care\u00a0egy [&hellip;]<\/p>\n","protected":false},"author":3,"featured_media":0,"parent":0,"menu_order":0,"comment_status":"closed","ping_status":"closed","template":"","meta":{"footnotes":""},"class_list":["post-2406","page","type-page","status-publish","hentry"],"yoast_head":"<!-- This site is optimized with the Yoast SEO plugin v23.3 - https:\/\/yoast.com\/wordpress\/plugins\/seo\/ -->\n<title>A jobb \u00e9let\u00e9rt - Electrolux Professional Magyarorsz\u00e1g<\/title>\n<meta name=\"robots\" content=\"index, follow, max-snippet:-1, max-image-preview:large, max-video-preview:-1\" \/>\n<link rel=\"canonical\" href=\"https:\/\/www.electroluxprofessional.com\/hu\/a-jobbert\/\" \/>\n<meta property=\"og:locale\" content=\"hu_HU\" \/>\n<meta property=\"og:type\" content=\"article\" \/>\n<meta property=\"og:title\" content=\"A jobb \u00e9let\u00e9rt - Electrolux Professional Magyarorsz\u00e1g\" \/>\n<meta property=\"og:description\" content=\"[vc_row full_width=&#8221;electroluxpro-full-width-no-padding&#8221;][vc_column][elx_hero_title label=&#8221;&#8221; label_background_color=&#8221;inherit&#8221; background_image=&#8221;660&#8243;][\/elx_hero_title][\/vc_column][\/vc_row][vc_row][vc_column][elx_heading font_container=&#8221;h1&#8243; font_size=&#8221;h2&#8243; text_color=&#8221;inherit&#8221;] A legjobb k\u00e9sz\u00fcl\u00e9kgy\u00e1rt\u00f3 v\u00e1llalatk\u00e9nt szeretn\u00e9nk tenni a jobb \u00e9let\u00e9rt, mindennapi, pozit\u00edv v\u00e1ltoz\u00e1st eredm\u00e9nyezve bolyg\u00f3nk, s annak lak\u00f3i \u00e9let\u00e9ben. [\/elx_heading][\/vc_column][\/vc_row][vc_row][vc_column][vc_empty_space height=&#8221;50px&#8221;][\/vc_column][\/vc_row][vc_row][vc_column css=&#8221;.vc_custom_1464253757950{padding-bottom: 30px !important;}&#8221;][vc_column_text css_animation=&#8221;appear&#8221;] Elk\u00f6telezetts\u00e9g\u00fcnk [\/vc_column_text][\/vc_column][\/vc_row][vc_row][vc_column width=&#8221;1\/2&#8243;][elx_simple_link_block link=&#8221;url:https%3A%2F%2Fprofessional.electrolux.hu%2Flaundry-shops%2F|title:Laundry%20Shops%20|&#8221; text_align=&#8221;text-left&#8221; text_color=&#8221;inherit&#8221; background_color=&#8221;inherit&#8221; background_hover_color=&#8221;darker-hover&#8221; extra_class=&#8221;&#8221; reveal_effect=&#8221;&#8221; reveal_duration=&#8221;&#8221; reveal_delay=&#8221;&#8221;][vc_single_image image=&#8221;663&#8243; img_size=&#8221;full&#8221; alignment=&#8221;center&#8221;][elx_heading font_container=&#8221;h3&#8243; text_color=&#8221;inherit&#8221;]A k\u00e1ros alapanyagok megsz\u00fcntet\u00e9se[\/elx_heading][vc_column_text]A Lagoon Advanced Care\u00a0egy [&hellip;]\" \/>\n<meta property=\"og:url\" content=\"https:\/\/www.electroluxprofessional.com\/hu\/a-jobbert\/\" \/>\n<meta property=\"og:site_name\" content=\"Electrolux Professional Magyarorsz\u00e1g\" \/>\n<meta property=\"article:modified_time\" content=\"2024-07-02T12:54:10+00:00\" \/>\n<meta name=\"twitter:card\" content=\"summary_large_image\" \/>\n<meta name=\"twitter:label1\" content=\"Becs\u00fclt olvas\u00e1si id\u0151\" \/>\n\t<meta name=\"twitter:data1\" content=\"2 perc\" \/>\n<script type=\"application\/ld+json\" class=\"yoast-schema-graph\">{\"@context\":\"https:\/\/schema.org\",\"@graph\":[{\"@type\":\"WebPage\",\"@id\":\"https:\/\/www.electroluxprofessional.com\/hu\/a-jobbert\/\",\"url\":\"https:\/\/www.electroluxprofessional.com\/hu\/a-jobbert\/\",\"name\":\"A jobb \u00e9let\u00e9rt - Electrolux Professional Magyarorsz\u00e1g\",\"isPartOf\":{\"@id\":\"https:\/\/www.electroluxprofessional.com\/hu\/#website\"},\"datePublished\":\"2017-05-15T08:31:27+00:00\",\"dateModified\":\"2024-07-02T12:54:10+00:00\",\"breadcrumb\":{\"@id\":\"https:\/\/www.electroluxprofessional.com\/hu\/a-jobbert\/#breadcrumb\"},\"inLanguage\":\"hu\",\"potentialAction\":[{\"@type\":\"ReadAction\",\"target\":[\"https:\/\/www.electroluxprofessional.com\/hu\/a-jobbert\/\"]}]},{\"@type\":\"BreadcrumbList\",\"@id\":\"https:\/\/www.electroluxprofessional.com\/hu\/a-jobbert\/#breadcrumb\",\"itemListElement\":[{\"@type\":\"ListItem\",\"position\":1,\"name\":\"Home\",\"item\":\"https:\/\/www.electroluxprofessional.com\/hu\/\"},{\"@type\":\"ListItem\",\"position\":2,\"name\":\"A jobb \u00e9let\u00e9rt\"}]},{\"@type\":\"WebSite\",\"@id\":\"https:\/\/www.electroluxprofessional.com\/hu\/#website\",\"url\":\"https:\/\/www.electroluxprofessional.com\/hu\/\",\"name\":\"Electrolux Professional Magyarorsz\u00e1g\",\"description\":\"\",\"potentialAction\":[{\"@type\":\"SearchAction\",\"target\":{\"@type\":\"EntryPoint\",\"urlTemplate\":\"https:\/\/www.electroluxprofessional.com\/hu\/?src={search_term_string}\"},\"query-input\":\"required name=search_term_string\"}],\"inLanguage\":\"hu\"}]}<\/script>\n<!-- \/ Yoast SEO plugin. -->","yoast_head_json":{"title":"A jobb \u00e9let\u00e9rt - Electrolux Professional Magyarorsz\u00e1g","robots":{"index":"index","follow":"follow","max-snippet":"max-snippet:-1","max-image-preview":"max-image-preview:large","max-video-preview":"max-video-preview:-1"},"canonical":"https:\/\/www.electroluxprofessional.com\/hu\/a-jobbert\/","og_locale":"hu_HU","og_type":"article","og_title":"A jobb \u00e9let\u00e9rt - Electrolux Professional Magyarorsz\u00e1g","og_description":"[vc_row full_width=&#8221;electroluxpro-full-width-no-padding&#8221;][vc_column][elx_hero_title label=&#8221;&#8221; label_background_color=&#8221;inherit&#8221; background_image=&#8221;660&#8243;][\/elx_hero_title][\/vc_column][\/vc_row][vc_row][vc_column][elx_heading font_container=&#8221;h1&#8243; font_size=&#8221;h2&#8243; text_color=&#8221;inherit&#8221;] A legjobb k\u00e9sz\u00fcl\u00e9kgy\u00e1rt\u00f3 v\u00e1llalatk\u00e9nt szeretn\u00e9nk tenni a jobb \u00e9let\u00e9rt, mindennapi, pozit\u00edv v\u00e1ltoz\u00e1st eredm\u00e9nyezve bolyg\u00f3nk, s annak lak\u00f3i \u00e9let\u00e9ben. [\/elx_heading][\/vc_column][\/vc_row][vc_row][vc_column][vc_empty_space height=&#8221;50px&#8221;][\/vc_column][\/vc_row][vc_row][vc_column css=&#8221;.vc_custom_1464253757950{padding-bottom: 30px !important;}&#8221;][vc_column_text css_animation=&#8221;appear&#8221;] Elk\u00f6telezetts\u00e9g\u00fcnk [\/vc_column_text][\/vc_column][\/vc_row][vc_row][vc_column width=&#8221;1\/2&#8243;][elx_simple_link_block link=&#8221;url:https%3A%2F%2Fprofessional.electrolux.hu%2Flaundry-shops%2F|title:Laundry%20Shops%20|&#8221; text_align=&#8221;text-left&#8221; text_color=&#8221;inherit&#8221; background_color=&#8221;inherit&#8221; background_hover_color=&#8221;darker-hover&#8221; extra_class=&#8221;&#8221; reveal_effect=&#8221;&#8221; reveal_duration=&#8221;&#8221; reveal_delay=&#8221;&#8221;][vc_single_image image=&#8221;663&#8243; img_size=&#8221;full&#8221; alignment=&#8221;center&#8221;][elx_heading font_container=&#8221;h3&#8243; text_color=&#8221;inherit&#8221;]A k\u00e1ros alapanyagok megsz\u00fcntet\u00e9se[\/elx_heading][vc_column_text]A Lagoon Advanced Care\u00a0egy [&hellip;]","og_url":"https:\/\/www.electroluxprofessional.com\/hu\/a-jobbert\/","og_site_name":"Electrolux Professional Magyarorsz\u00e1g","article_modified_time":"2024-07-02T12:54:10+00:00","twitter_card":"summary_large_image","twitter_misc":{"Becs\u00fclt olvas\u00e1si id\u0151":"2 perc"},"schema":{"@context":"https:\/\/schema.org","@graph":[{"@type":"WebPage","@id":"https:\/\/www.electroluxprofessional.com\/hu\/a-jobbert\/","url":"https:\/\/www.electroluxprofessional.com\/hu\/a-jobbert\/","name":"A jobb \u00e9let\u00e9rt - Electrolux Professional Magyarorsz\u00e1g","isPartOf":{"@id":"https:\/\/www.electroluxprofessional.com\/hu\/#website"},"datePublished":"2017-05-15T08:31:27+00:00","dateModified":"2024-07-02T12:54:10+00:00","breadcrumb":{"@id":"https:\/\/www.electroluxprofessional.com\/hu\/a-jobbert\/#breadcrumb"},"inLanguage":"hu","potentialAction":[{"@type":"ReadAction","target":["https:\/\/www.electroluxprofessional.com\/hu\/a-jobbert\/"]}]},{"@type":"BreadcrumbList","@id":"https:\/\/www.electroluxprofessional.com\/hu\/a-jobbert\/#breadcrumb","itemListElement":[{"@type":"ListItem","position":1,"name":"Home","item":"https:\/\/www.electroluxprofessional.com\/hu\/"},{"@type":"ListItem","position":2,"name":"A jobb \u00e9let\u00e9rt"}]},{"@type":"WebSite","@id":"https:\/\/www.electroluxprofessional.com\/hu\/#website","url":"https:\/\/www.electroluxprofessional.com\/hu\/","name":"Electrolux Professional Magyarorsz\u00e1g","description":"","potentialAction":[{"@type":"SearchAction","target":{"@type":"EntryPoint","urlTemplate":"https:\/\/www.electroluxprofessional.com\/hu\/?src={search_term_string}"},"query-input":"required name=search_term_string"}],"inLanguage":"hu"}]}},"_links":{"self":[{"href":"https:\/\/www.electroluxprofessional.com\/hu\/wp-json\/wp\/v2\/pages\/2406"}],"collection":[{"href":"https:\/\/www.electroluxprofessional.com\/hu\/wp-json\/wp\/v2\/pages"}],"about":[{"href":"https:\/\/www.electroluxprofessional.com\/hu\/wp-json\/wp\/v2\/types\/page"}],"author":[{"embeddable":true,"href":"https:\/\/www.electroluxprofessional.com\/hu\/wp-json\/wp\/v2\/users\/3"}],"replies":[{"embeddable":true,"href":"https:\/\/www.electroluxprofessional.com\/hu\/wp-json\/wp\/v2\/comments?post=2406"}],"version-history":[{"count":23,"href":"https:\/\/www.electroluxprofessional.com\/hu\/wp-json\/wp\/v2\/pages\/2406\/revisions"}],"predecessor-version":[{"id":8001,"href":"https:\/\/www.electroluxprofessional.com\/hu\/wp-json\/wp\/v2\/pages\/2406\/revisions\/8001"}],"wp:attachment":[{"href":"https:\/\/www.electroluxprofessional.com\/hu\/wp-json\/wp\/v2\/media?parent=2406"}],"curies":[{"name":"wp","href":"https:\/\/api.w.org\/{rel}","templated":true}]}}