{"id":2391,"date":"2017-05-15T08:58:31","date_gmt":"2017-05-15T08:58:31","guid":{"rendered":"https:\/\/www.electroluxprofessional.com\/hu\/?page_id=2391"},"modified":"2025-11-05T14:52:08","modified_gmt":"2025-11-05T14:52:08","slug":"vakuumcsomagolok","status":"publish","type":"page","link":"https:\/\/www.electroluxprofessional.com\/hu\/vakuumcsomagolok\/","title":{"rendered":"V\u00e1kuumcsomagol\u00f3k"},"content":{"rendered":"<p>[vc_row full_width=&#8221;electroluxpro-full-width-no-padding&#8221;][vc_column][elx_image_block background_image=&#8221;1854&#8243; minimum_height=&#8221;400px&#8221;][\/vc_column][\/vc_row][vc_row][vc_column][vc_empty_space][elx_heading font_container=&#8221;h1&#8243; font_size=&#8221;h2&#8243; text_color=&#8221;inherit&#8221; text_align=&#8221;text-center&#8221;]Olyan k\u00e9sz\u00fcl\u00e9kek \u00faj v\u00e1laszt\u00e9ka, melyek a legmagasabb min\u0151s\u00e9get \u00e9s higi\u00e9ni\u00e1t biztos\u00edtj\u00e1k minden professzion\u00e1lis konyh\u00e1ban.[\/elx_heading][vc_empty_space][elx_heading text_color=&#8221;inherit&#8221; text_align=&#8221;text-center&#8221;]<strong>V\u00e1kuumcsomagol\u00f3 k\u00e9sz\u00fcl\u00e9kek<\/strong>[\/elx_heading][vc_empty_space][\/vc_column][\/vc_row][vc_row][vc_column][vc_column_text]A <strong>v\u00e1kuumcsomagol\u00e1s<\/strong>\u00a0a csomagol\u00e1s egy olyan m\u00f3dja, amely elt\u00e1vol\u00edtja a leveg\u0151t a csomagb\u00f3l lehegeszt\u00e9s el\u0151tt. Elt\u00e1vol\u00edtja az oxig\u00e9nt, ennek k\u00f6sz\u00f6nhet\u0151en az \u00e9telek eltarthat\u00f3s\u00e1gi ideje hosszabbodik.[\/vc_column_text][\/vc_column][\/vc_row][vc_row][vc_column width=&#8221;2\/3&#8243;][vc_column_text]K\u00edn\u00e1lunk szabadon\u00e1ll\u00f3 \u00e9s asztali v\u00e1kuumcsomagol\u00f3 k\u00e9sz\u00fcl\u00e9ket, 10 &#8211; 60 m3\/\u00f3ra kapacit\u00e1ssal (100 &#8211; 800 adag \u00e9tel\/nap). Minden modell HACCP megfelel\u0151.<\/p>\n<ul>\n<li>Egyszer\u0171en programozhat\u00f3, digit\u00e1lis kezel\u0151i panel garant\u00e1lja az optim\u00e1lis v\u00e1kuumot \u00e9s a hegeszt\u00e9st<\/li>\n<li>N\u00e9melyik modell el\u0151 van k\u00e9sz\u00edtve inert g\u00e1zra t\u00f6rt\u00e9n\u0151 csatlakoztat\u00e1shoz, amely a k\u00e9nyes \u00e9telekhez ide\u00e1lis<\/li>\n<li>A lekerek\u00edtett sark\u00fa kamr\u00e1nak k\u00f6sz\u00f6nhet\u0151en a k\u00e9sz\u00fcl\u00e9k higi\u00e9nikus, egyszer\u0171en tiszt\u00edthat\u00f3<\/li>\n<li>A v\u00e1kuumoz\u00e1s ideje alatt esetlegesen fell\u00e9p\u0151 hib\u00e1t figyelmeztet\u0151 f\u00e9ny jelzi, tov\u00e1bb\u00e1 a k\u00e9sz\u00fcl\u00e9k le\u00e1ll\u00edtja a folyamatot m\u00e9g a hegeszt\u00e9s el\u0151tt.<\/li>\n<\/ul>\n<p>[\/vc_column_text][\/vc_column][vc_column width=&#8221;1\/3&#8243;][vc_single_image image=&#8221;1855&#8243; img_size=&#8221;full&#8221;][\/vc_column][\/vc_row][vc_row][vc_column][vc_empty_space height=&#8221;50px&#8221;][\/vc_column][\/vc_row][vc_row][vc_column width=&#8221;1\/3&#8243;][elx_download_block text=&#8221;\u00c9tel el\u0151k\u00e9sz\u00edt\u0151 g\u00e9pek<br \/>\nkatal\u00f3gusa&#8221; link=&#8221;files.professional.electrolux.com\/docs\/?n=BR-9JEEL&amp;b=5&amp;l=1&#8243; background_color=&#8221;hotels&#8221; reveal_effect=&#8221;&#8221; reveal_duration=&#8221;&#8221; reveal_delay=&#8221;&#8221;][\/vc_column][vc_column width=&#8221;1\/3&#8243;][elx_download_block text=&#8221;Fedezze fel aj\u00e1nlatainkat v\u00e1g\u00e1sra, kever\u00e9sre \u00e9s szeletel\u00e9sre vonatkoz\u00f3an&#8221; link=&#8221;https:\/\/www.electroluxprofessional.com\/hu\/vagjon-keverjen-szeleteljen\/&#8221; background_color=&#8221;hotels&#8221; reveal_effect=&#8221;&#8221; reveal_duration=&#8221;&#8221; reveal_delay=&#8221;&#8221;][\/vc_column][vc_column width=&#8221;1\/3&#8243;][elx_download_block text=&#8221;Fedezze fel h\u00e1moz\u00f3inkat, z\u00f6lds\u00e9gmos\u00f3 \u00e9s centrifug\u00e1inkat&#8221; link=&#8221;https:\/\/www.electroluxprofessional.com\/hu\/hamozas-tisztitas-es-szaritas\/&#8221; background_color=&#8221;hotels&#8221; reveal_effect=&#8221;&#8221; reveal_duration=&#8221;&#8221; reveal_delay=&#8221;&#8221;][\/vc_column][\/vc_row][vc_row][vc_column][vc_empty_space height=&#8221;50px&#8221;][\/vc_column][\/vc_row][vc_row][vc_column][elx_heading font_size=&#8221;h3&#8243; text_color=&#8221;inherit&#8221; text_align=&#8221;text-center&#8221;]Tal\u00e1lja meg az \u00d6n \u00fczlete sz\u00e1m\u00e1ra legide\u00e1lisabb csomagot[\/elx_heading][\/vc_column][\/vc_row][vc_row][vc_column width=&#8221;1\/3&#8243;][elx_maylike_box id_box=&#8221;3770&#8243;][\/vc_column][vc_column width=&#8221;1\/3&#8243;][elx_maylike_box id_box=&#8221;3673&#8243;][\/vc_column][vc_column width=&#8221;1\/3&#8243;][elx_maylike_box id_box=&#8221;4031&#8243;][\/vc_column][\/vc_row]<\/p>\n","protected":false},"excerpt":{"rendered":"<p>[vc_row full_width=&#8221;electroluxpro-full-width-no-padding&#8221;][vc_column][elx_image_block background_image=&#8221;1854&#8243; minimum_height=&#8221;400px&#8221;][\/vc_column][\/vc_row][vc_row][vc_column][vc_empty_space][elx_heading font_container=&#8221;h1&#8243; font_size=&#8221;h2&#8243; text_color=&#8221;inherit&#8221; text_align=&#8221;text-center&#8221;]Olyan k\u00e9sz\u00fcl\u00e9kek \u00faj v\u00e1laszt\u00e9ka, melyek a legmagasabb min\u0151s\u00e9get \u00e9s higi\u00e9ni\u00e1t biztos\u00edtj\u00e1k minden professzion\u00e1lis konyh\u00e1ban.[\/elx_heading][vc_empty_space][elx_heading text_color=&#8221;inherit&#8221; text_align=&#8221;text-center&#8221;]V\u00e1kuumcsomagol\u00f3 k\u00e9sz\u00fcl\u00e9kek[\/elx_heading][vc_empty_space][\/vc_column][\/vc_row][vc_row][vc_column][vc_column_text]A v\u00e1kuumcsomagol\u00e1s\u00a0a csomagol\u00e1s egy olyan m\u00f3dja, amely elt\u00e1vol\u00edtja a leveg\u0151t a csomagb\u00f3l lehegeszt\u00e9s el\u0151tt. Elt\u00e1vol\u00edtja az oxig\u00e9nt, ennek k\u00f6sz\u00f6nhet\u0151en az \u00e9telek eltarthat\u00f3s\u00e1gi ideje hosszabbodik.[\/vc_column_text][\/vc_column][\/vc_row][vc_row][vc_column width=&#8221;2\/3&#8243;][vc_column_text]K\u00edn\u00e1lunk szabadon\u00e1ll\u00f3 \u00e9s asztali v\u00e1kuumcsomagol\u00f3 k\u00e9sz\u00fcl\u00e9ket, 10 &#8211; [&hellip;]<\/p>\n","protected":false},"author":3,"featured_media":0,"parent":0,"menu_order":0,"comment_status":"closed","ping_status":"closed","template":"","meta":{"footnotes":""},"class_list":["post-2391","page","type-page","status-publish","hentry"],"yoast_head":"<!-- This site is optimized with the Yoast SEO plugin v23.3 - https:\/\/yoast.com\/wordpress\/plugins\/seo\/ -->\n<title>V\u00e1kuumcsomagol\u00f3k - Electrolux Professional Magyarorsz\u00e1g<\/title>\n<meta name=\"robots\" content=\"index, follow, max-snippet:-1, max-image-preview:large, max-video-preview:-1\" \/>\n<link rel=\"canonical\" href=\"https:\/\/www.electroluxprofessional.com\/hu\/vakuumcsomagolok\/\" \/>\n<meta property=\"og:locale\" content=\"hu_HU\" \/>\n<meta property=\"og:type\" content=\"article\" \/>\n<meta property=\"og:title\" content=\"V\u00e1kuumcsomagol\u00f3k - Electrolux Professional Magyarorsz\u00e1g\" \/>\n<meta property=\"og:description\" content=\"[vc_row full_width=&#8221;electroluxpro-full-width-no-padding&#8221;][vc_column][elx_image_block background_image=&#8221;1854&#8243; minimum_height=&#8221;400px&#8221;][\/vc_column][\/vc_row][vc_row][vc_column][vc_empty_space][elx_heading font_container=&#8221;h1&#8243; font_size=&#8221;h2&#8243; text_color=&#8221;inherit&#8221; text_align=&#8221;text-center&#8221;]Olyan k\u00e9sz\u00fcl\u00e9kek \u00faj v\u00e1laszt\u00e9ka, melyek a legmagasabb min\u0151s\u00e9get \u00e9s higi\u00e9ni\u00e1t biztos\u00edtj\u00e1k minden professzion\u00e1lis konyh\u00e1ban.[\/elx_heading][vc_empty_space][elx_heading text_color=&#8221;inherit&#8221; text_align=&#8221;text-center&#8221;]V\u00e1kuumcsomagol\u00f3 k\u00e9sz\u00fcl\u00e9kek[\/elx_heading][vc_empty_space][\/vc_column][\/vc_row][vc_row][vc_column][vc_column_text]A v\u00e1kuumcsomagol\u00e1s\u00a0a csomagol\u00e1s egy olyan m\u00f3dja, amely elt\u00e1vol\u00edtja a leveg\u0151t a csomagb\u00f3l lehegeszt\u00e9s el\u0151tt. Elt\u00e1vol\u00edtja az oxig\u00e9nt, ennek k\u00f6sz\u00f6nhet\u0151en az \u00e9telek eltarthat\u00f3s\u00e1gi ideje hosszabbodik.[\/vc_column_text][\/vc_column][\/vc_row][vc_row][vc_column width=&#8221;2\/3&#8243;][vc_column_text]K\u00edn\u00e1lunk szabadon\u00e1ll\u00f3 \u00e9s asztali v\u00e1kuumcsomagol\u00f3 k\u00e9sz\u00fcl\u00e9ket, 10 &#8211; [&hellip;]\" \/>\n<meta property=\"og:url\" content=\"https:\/\/www.electroluxprofessional.com\/hu\/vakuumcsomagolok\/\" \/>\n<meta property=\"og:site_name\" content=\"Electrolux Professional Magyarorsz\u00e1g\" \/>\n<meta property=\"article:modified_time\" content=\"2025-11-05T14:52:08+00:00\" \/>\n<meta name=\"twitter:card\" content=\"summary_large_image\" \/>\n<meta name=\"twitter:label1\" content=\"Becs\u00fclt olvas\u00e1si id\u0151\" \/>\n\t<meta name=\"twitter:data1\" content=\"1 perc\" \/>\n<script type=\"application\/ld+json\" class=\"yoast-schema-graph\">{\"@context\":\"https:\/\/schema.org\",\"@graph\":[{\"@type\":\"WebPage\",\"@id\":\"https:\/\/www.electroluxprofessional.com\/hu\/vakuumcsomagolok\/\",\"url\":\"https:\/\/www.electroluxprofessional.com\/hu\/vakuumcsomagolok\/\",\"name\":\"V\u00e1kuumcsomagol\u00f3k - Electrolux Professional Magyarorsz\u00e1g\",\"isPartOf\":{\"@id\":\"https:\/\/www.electroluxprofessional.com\/hu\/#website\"},\"datePublished\":\"2017-05-15T08:58:31+00:00\",\"dateModified\":\"2025-11-05T14:52:08+00:00\",\"breadcrumb\":{\"@id\":\"https:\/\/www.electroluxprofessional.com\/hu\/vakuumcsomagolok\/#breadcrumb\"},\"inLanguage\":\"hu\",\"potentialAction\":[{\"@type\":\"ReadAction\",\"target\":[\"https:\/\/www.electroluxprofessional.com\/hu\/vakuumcsomagolok\/\"]}]},{\"@type\":\"BreadcrumbList\",\"@id\":\"https:\/\/www.electroluxprofessional.com\/hu\/vakuumcsomagolok\/#breadcrumb\",\"itemListElement\":[{\"@type\":\"ListItem\",\"position\":1,\"name\":\"Home\",\"item\":\"https:\/\/www.electroluxprofessional.com\/hu\/\"},{\"@type\":\"ListItem\",\"position\":2,\"name\":\"V\u00e1kuumcsomagol\u00f3k\"}]},{\"@type\":\"WebSite\",\"@id\":\"https:\/\/www.electroluxprofessional.com\/hu\/#website\",\"url\":\"https:\/\/www.electroluxprofessional.com\/hu\/\",\"name\":\"Electrolux Professional Magyarorsz\u00e1g\",\"description\":\"\",\"potentialAction\":[{\"@type\":\"SearchAction\",\"target\":{\"@type\":\"EntryPoint\",\"urlTemplate\":\"https:\/\/www.electroluxprofessional.com\/hu\/?src={search_term_string}\"},\"query-input\":\"required name=search_term_string\"}],\"inLanguage\":\"hu\"}]}<\/script>\n<!-- \/ Yoast SEO plugin. -->","yoast_head_json":{"title":"V\u00e1kuumcsomagol\u00f3k - Electrolux Professional Magyarorsz\u00e1g","robots":{"index":"index","follow":"follow","max-snippet":"max-snippet:-1","max-image-preview":"max-image-preview:large","max-video-preview":"max-video-preview:-1"},"canonical":"https:\/\/www.electroluxprofessional.com\/hu\/vakuumcsomagolok\/","og_locale":"hu_HU","og_type":"article","og_title":"V\u00e1kuumcsomagol\u00f3k - Electrolux Professional Magyarorsz\u00e1g","og_description":"[vc_row full_width=&#8221;electroluxpro-full-width-no-padding&#8221;][vc_column][elx_image_block background_image=&#8221;1854&#8243; minimum_height=&#8221;400px&#8221;][\/vc_column][\/vc_row][vc_row][vc_column][vc_empty_space][elx_heading font_container=&#8221;h1&#8243; font_size=&#8221;h2&#8243; text_color=&#8221;inherit&#8221; text_align=&#8221;text-center&#8221;]Olyan k\u00e9sz\u00fcl\u00e9kek \u00faj v\u00e1laszt\u00e9ka, melyek a legmagasabb min\u0151s\u00e9get \u00e9s higi\u00e9ni\u00e1t biztos\u00edtj\u00e1k minden professzion\u00e1lis konyh\u00e1ban.[\/elx_heading][vc_empty_space][elx_heading text_color=&#8221;inherit&#8221; text_align=&#8221;text-center&#8221;]V\u00e1kuumcsomagol\u00f3 k\u00e9sz\u00fcl\u00e9kek[\/elx_heading][vc_empty_space][\/vc_column][\/vc_row][vc_row][vc_column][vc_column_text]A v\u00e1kuumcsomagol\u00e1s\u00a0a csomagol\u00e1s egy olyan m\u00f3dja, amely elt\u00e1vol\u00edtja a leveg\u0151t a csomagb\u00f3l lehegeszt\u00e9s el\u0151tt. Elt\u00e1vol\u00edtja az oxig\u00e9nt, ennek k\u00f6sz\u00f6nhet\u0151en az \u00e9telek eltarthat\u00f3s\u00e1gi ideje hosszabbodik.[\/vc_column_text][\/vc_column][\/vc_row][vc_row][vc_column width=&#8221;2\/3&#8243;][vc_column_text]K\u00edn\u00e1lunk szabadon\u00e1ll\u00f3 \u00e9s asztali v\u00e1kuumcsomagol\u00f3 k\u00e9sz\u00fcl\u00e9ket, 10 &#8211; [&hellip;]","og_url":"https:\/\/www.electroluxprofessional.com\/hu\/vakuumcsomagolok\/","og_site_name":"Electrolux Professional Magyarorsz\u00e1g","article_modified_time":"2025-11-05T14:52:08+00:00","twitter_card":"summary_large_image","twitter_misc":{"Becs\u00fclt olvas\u00e1si id\u0151":"1 perc"},"schema":{"@context":"https:\/\/schema.org","@graph":[{"@type":"WebPage","@id":"https:\/\/www.electroluxprofessional.com\/hu\/vakuumcsomagolok\/","url":"https:\/\/www.electroluxprofessional.com\/hu\/vakuumcsomagolok\/","name":"V\u00e1kuumcsomagol\u00f3k - Electrolux Professional Magyarorsz\u00e1g","isPartOf":{"@id":"https:\/\/www.electroluxprofessional.com\/hu\/#website"},"datePublished":"2017-05-15T08:58:31+00:00","dateModified":"2025-11-05T14:52:08+00:00","breadcrumb":{"@id":"https:\/\/www.electroluxprofessional.com\/hu\/vakuumcsomagolok\/#breadcrumb"},"inLanguage":"hu","potentialAction":[{"@type":"ReadAction","target":["https:\/\/www.electroluxprofessional.com\/hu\/vakuumcsomagolok\/"]}]},{"@type":"BreadcrumbList","@id":"https:\/\/www.electroluxprofessional.com\/hu\/vakuumcsomagolok\/#breadcrumb","itemListElement":[{"@type":"ListItem","position":1,"name":"Home","item":"https:\/\/www.electroluxprofessional.com\/hu\/"},{"@type":"ListItem","position":2,"name":"V\u00e1kuumcsomagol\u00f3k"}]},{"@type":"WebSite","@id":"https:\/\/www.electroluxprofessional.com\/hu\/#website","url":"https:\/\/www.electroluxprofessional.com\/hu\/","name":"Electrolux Professional Magyarorsz\u00e1g","description":"","potentialAction":[{"@type":"SearchAction","target":{"@type":"EntryPoint","urlTemplate":"https:\/\/www.electroluxprofessional.com\/hu\/?src={search_term_string}"},"query-input":"required name=search_term_string"}],"inLanguage":"hu"}]}},"_links":{"self":[{"href":"https:\/\/www.electroluxprofessional.com\/hu\/wp-json\/wp\/v2\/pages\/2391"}],"collection":[{"href":"https:\/\/www.electroluxprofessional.com\/hu\/wp-json\/wp\/v2\/pages"}],"about":[{"href":"https:\/\/www.electroluxprofessional.com\/hu\/wp-json\/wp\/v2\/types\/page"}],"author":[{"embeddable":true,"href":"https:\/\/www.electroluxprofessional.com\/hu\/wp-json\/wp\/v2\/users\/3"}],"replies":[{"embeddable":true,"href":"https:\/\/www.electroluxprofessional.com\/hu\/wp-json\/wp\/v2\/comments?post=2391"}],"version-history":[{"count":16,"href":"https:\/\/www.electroluxprofessional.com\/hu\/wp-json\/wp\/v2\/pages\/2391\/revisions"}],"predecessor-version":[{"id":9322,"href":"https:\/\/www.electroluxprofessional.com\/hu\/wp-json\/wp\/v2\/pages\/2391\/revisions\/9322"}],"wp:attachment":[{"href":"https:\/\/www.electroluxprofessional.com\/hu\/wp-json\/wp\/v2\/media?parent=2391"}],"curies":[{"name":"wp","href":"https:\/\/api.w.org\/{rel}","templated":true}]}}