{"id":2382,"date":"2017-05-15T08:56:11","date_gmt":"2017-05-15T08:56:11","guid":{"rendered":"https:\/\/www.electroluxprofessional.com\/hu\/?page_id=2382"},"modified":"2025-11-05T14:52:24","modified_gmt":"2025-11-05T14:52:24","slug":"rozsdamentes-acel-butorok","status":"publish","type":"page","link":"https:\/\/www.electroluxprofessional.com\/hu\/rozsdamentes-acel-butorok\/","title":{"rendered":"Rozsdamentes ac\u00e9l b\u00fatorok"},"content":{"rendered":"<p>[vc_row full_width=&#8221;electroluxpro-full-width-no-padding&#8221;][vc_column][elx_hero_slider label_text_color=&#8221;inherit&#8221; images=&#8221;1801&#8243;][elx_heading font_container=&#8221;h1&#8243; font_size=&#8221;h2&#8243; text_color=&#8221;inherit&#8221;]Rozsdamentes ac\u00e9l b\u00fatorok[\/elx_heading][elx_heading font_size=&#8221;h3&#8243; text_color=&#8221;inherit&#8221;]Minden fog\u00e1s az el\u0151k\u00e9sz\u00edt\u0151 ter\u00fcleten kezdi[\/elx_heading][\/elx_hero_slider][\/vc_column][\/vc_row][vc_row][vc_column][vc_empty_space][vc_column_text]<strong>A rozsdamentes ac\u00e9l b\u00fatorokkal <\/strong>az Electrolux Professional lehet\u0151s\u00e9get ad a hozz\u00e1\u00e9rt\u0151knek, hogy egy olyan el\u0151k\u00e9sz\u00edt\u0151 konyh\u00e1t alak\u00edtsanak ki, amely kiv\u00e1l\u00f3 termel\u00e9kenys\u00e9get, kimagasl\u00f3 higi\u00e9ni\u00e1t \u00e9s a lehet\u0151 legnagyobb flexibilit\u00e1st biztos\u00edt.<\/p>\n<p>Rozsdamentes ac\u00e9l strukt\u00far\u00e1j\u00e1nak k\u00f6sz\u00f6nhet\u0151en ezen\u00a0term\u00e9ksk\u00e1la hossz\u00fa \u00e9lettartamra \u00e9s nagy ig\u00e9nybev\u00e9telre lett megalkotva.<br \/>\n<strong>Szem\u00e9lyre szabott modul\u00e1ris<\/strong> elemeink az \u00d6n ig\u00e9nyeinek megfelel\u0151en \u00e1ll\u00edthat\u00f3ak \u00f6ssze. <strong>Statikus<\/strong> modelljeink \u00f6nmagukban is haszn\u00e1lhat\u00f3ak, de back-to-back (h\u00e1ttal egym\u00e1snak) konfigur\u00e1ci\u00f3ba is telep\u00edthet\u0151ek.[\/vc_column_text][elx_image_block background_image=&#8221;1800&#8243; minimum_height=&#8221;400px&#8221;][\/vc_column][\/vc_row][vc_row][vc_column][vc_empty_space height=&#8221;50px&#8221;][elx_heading text_color=&#8221;inherit&#8221; text_align=&#8221;text-center&#8221;]\u00c9rdekl\u0151dj\u00f6n az Electrolux Professional rozsdamentes b\u00fatorai ut\u00e1n[\/elx_heading][elx_o2000_contact_us s=&#8221;Inform\u00e1ci\u00f3k\u00e9r\u00e9s a rozsdamentes ac\u00e9l b\u00fatorokr\u00f3l.&#8221; country=&#8221;Hungary&#8221; container=&#8221;elxcontactus1479285607&#8243; r=&#8221;T\u00f6bbet szeretn\u00e9k tudni a rozsdamentes ac\u00e9l b\u00fatorokr\u00f3l. K\u00e9rem, vegy\u00e9k fel velem a kapcsolatot.&#8221; l=&#8221;hu&#8221;][vc_empty_space height=&#8221;50px&#8221;][\/vc_column][\/vc_row][vc_row][vc_column][elx_heading font_size=&#8221;h3&#8243; text_color=&#8221;inherit&#8221; text_align=&#8221;text-center&#8221;]Tal\u00e1lja meg az \u00d6n sz\u00e1m\u00e1ra legide\u00e1lisabb csomagot[\/elx_heading][\/vc_column][\/vc_row][vc_row][vc_column width=&#8221;1\/3&#8243;][elx_maylike_box id_box=&#8221;3673&#8243;][\/vc_column][vc_column width=&#8221;1\/3&#8243;][elx_maylike_box id_box=&#8221;3770&#8243;][\/vc_column][vc_column width=&#8221;1\/3&#8243;][elx_maylike_box id_box=&#8221;3771&#8243;][\/vc_column][\/vc_row][vc_row][vc_column][vc_empty_space height=&#8221;50px&#8221;][\/vc_column][\/vc_row]<\/p>\n","protected":false},"excerpt":{"rendered":"<p>[vc_row full_width=&#8221;electroluxpro-full-width-no-padding&#8221;][vc_column][elx_hero_slider label_text_color=&#8221;inherit&#8221; images=&#8221;1801&#8243;][elx_heading font_container=&#8221;h1&#8243; font_size=&#8221;h2&#8243; text_color=&#8221;inherit&#8221;]Rozsdamentes ac\u00e9l b\u00fatorok[\/elx_heading][elx_heading font_size=&#8221;h3&#8243; text_color=&#8221;inherit&#8221;]Minden fog\u00e1s az el\u0151k\u00e9sz\u00edt\u0151 ter\u00fcleten kezdi[\/elx_heading][\/elx_hero_slider][\/vc_column][\/vc_row][vc_row][vc_column][vc_empty_space][vc_column_text]A rozsdamentes ac\u00e9l b\u00fatorokkal az Electrolux Professional lehet\u0151s\u00e9get ad a hozz\u00e1\u00e9rt\u0151knek, hogy egy olyan el\u0151k\u00e9sz\u00edt\u0151 konyh\u00e1t alak\u00edtsanak ki, amely kiv\u00e1l\u00f3 termel\u00e9kenys\u00e9get, kimagasl\u00f3 higi\u00e9ni\u00e1t \u00e9s a lehet\u0151 legnagyobb flexibilit\u00e1st biztos\u00edt. Rozsdamentes ac\u00e9l strukt\u00far\u00e1j\u00e1nak k\u00f6sz\u00f6nhet\u0151en ezen\u00a0term\u00e9ksk\u00e1la hossz\u00fa \u00e9lettartamra \u00e9s nagy ig\u00e9nybev\u00e9telre lett [&hellip;]<\/p>\n","protected":false},"author":3,"featured_media":0,"parent":0,"menu_order":0,"comment_status":"closed","ping_status":"closed","template":"","meta":{"footnotes":""},"class_list":["post-2382","page","type-page","status-publish","hentry"],"yoast_head":"<!-- This site is optimized with the Yoast SEO plugin v23.3 - https:\/\/yoast.com\/wordpress\/plugins\/seo\/ -->\n<title>Rozsdamentes ac\u00e9l b\u00fatorok - Electrolux Professional Magyarorsz\u00e1g<\/title>\n<meta name=\"robots\" content=\"index, follow, max-snippet:-1, max-image-preview:large, max-video-preview:-1\" \/>\n<link rel=\"canonical\" href=\"https:\/\/www.electroluxprofessional.com\/hu\/rozsdamentes-acel-butorok\/\" \/>\n<meta property=\"og:locale\" content=\"hu_HU\" \/>\n<meta property=\"og:type\" content=\"article\" \/>\n<meta property=\"og:title\" content=\"Rozsdamentes ac\u00e9l b\u00fatorok - Electrolux Professional Magyarorsz\u00e1g\" \/>\n<meta property=\"og:description\" content=\"[vc_row full_width=&#8221;electroluxpro-full-width-no-padding&#8221;][vc_column][elx_hero_slider label_text_color=&#8221;inherit&#8221; images=&#8221;1801&#8243;][elx_heading font_container=&#8221;h1&#8243; font_size=&#8221;h2&#8243; text_color=&#8221;inherit&#8221;]Rozsdamentes ac\u00e9l b\u00fatorok[\/elx_heading][elx_heading font_size=&#8221;h3&#8243; text_color=&#8221;inherit&#8221;]Minden fog\u00e1s az el\u0151k\u00e9sz\u00edt\u0151 ter\u00fcleten kezdi[\/elx_heading][\/elx_hero_slider][\/vc_column][\/vc_row][vc_row][vc_column][vc_empty_space][vc_column_text]A rozsdamentes ac\u00e9l b\u00fatorokkal az Electrolux Professional lehet\u0151s\u00e9get ad a hozz\u00e1\u00e9rt\u0151knek, hogy egy olyan el\u0151k\u00e9sz\u00edt\u0151 konyh\u00e1t alak\u00edtsanak ki, amely kiv\u00e1l\u00f3 termel\u00e9kenys\u00e9get, kimagasl\u00f3 higi\u00e9ni\u00e1t \u00e9s a lehet\u0151 legnagyobb flexibilit\u00e1st biztos\u00edt. Rozsdamentes ac\u00e9l strukt\u00far\u00e1j\u00e1nak k\u00f6sz\u00f6nhet\u0151en ezen\u00a0term\u00e9ksk\u00e1la hossz\u00fa \u00e9lettartamra \u00e9s nagy ig\u00e9nybev\u00e9telre lett [&hellip;]\" \/>\n<meta property=\"og:url\" content=\"https:\/\/www.electroluxprofessional.com\/hu\/rozsdamentes-acel-butorok\/\" \/>\n<meta property=\"og:site_name\" content=\"Electrolux Professional Magyarorsz\u00e1g\" \/>\n<meta property=\"article:modified_time\" content=\"2025-11-05T14:52:24+00:00\" \/>\n<meta name=\"twitter:card\" content=\"summary_large_image\" \/>\n<meta name=\"twitter:label1\" content=\"Becs\u00fclt olvas\u00e1si id\u0151\" \/>\n\t<meta name=\"twitter:data1\" content=\"2 perc\" \/>\n<script type=\"application\/ld+json\" class=\"yoast-schema-graph\">{\"@context\":\"https:\/\/schema.org\",\"@graph\":[{\"@type\":\"WebPage\",\"@id\":\"https:\/\/www.electroluxprofessional.com\/hu\/rozsdamentes-acel-butorok\/\",\"url\":\"https:\/\/www.electroluxprofessional.com\/hu\/rozsdamentes-acel-butorok\/\",\"name\":\"Rozsdamentes ac\u00e9l b\u00fatorok - Electrolux Professional Magyarorsz\u00e1g\",\"isPartOf\":{\"@id\":\"https:\/\/www.electroluxprofessional.com\/hu\/#website\"},\"datePublished\":\"2017-05-15T08:56:11+00:00\",\"dateModified\":\"2025-11-05T14:52:24+00:00\",\"breadcrumb\":{\"@id\":\"https:\/\/www.electroluxprofessional.com\/hu\/rozsdamentes-acel-butorok\/#breadcrumb\"},\"inLanguage\":\"hu\",\"potentialAction\":[{\"@type\":\"ReadAction\",\"target\":[\"https:\/\/www.electroluxprofessional.com\/hu\/rozsdamentes-acel-butorok\/\"]}]},{\"@type\":\"BreadcrumbList\",\"@id\":\"https:\/\/www.electroluxprofessional.com\/hu\/rozsdamentes-acel-butorok\/#breadcrumb\",\"itemListElement\":[{\"@type\":\"ListItem\",\"position\":1,\"name\":\"Home\",\"item\":\"https:\/\/www.electroluxprofessional.com\/hu\/\"},{\"@type\":\"ListItem\",\"position\":2,\"name\":\"Rozsdamentes ac\u00e9l b\u00fatorok\"}]},{\"@type\":\"WebSite\",\"@id\":\"https:\/\/www.electroluxprofessional.com\/hu\/#website\",\"url\":\"https:\/\/www.electroluxprofessional.com\/hu\/\",\"name\":\"Electrolux Professional Magyarorsz\u00e1g\",\"description\":\"\",\"potentialAction\":[{\"@type\":\"SearchAction\",\"target\":{\"@type\":\"EntryPoint\",\"urlTemplate\":\"https:\/\/www.electroluxprofessional.com\/hu\/?src={search_term_string}\"},\"query-input\":\"required name=search_term_string\"}],\"inLanguage\":\"hu\"}]}<\/script>\n<!-- \/ Yoast SEO plugin. -->","yoast_head_json":{"title":"Rozsdamentes ac\u00e9l b\u00fatorok - Electrolux Professional Magyarorsz\u00e1g","robots":{"index":"index","follow":"follow","max-snippet":"max-snippet:-1","max-image-preview":"max-image-preview:large","max-video-preview":"max-video-preview:-1"},"canonical":"https:\/\/www.electroluxprofessional.com\/hu\/rozsdamentes-acel-butorok\/","og_locale":"hu_HU","og_type":"article","og_title":"Rozsdamentes ac\u00e9l b\u00fatorok - Electrolux Professional Magyarorsz\u00e1g","og_description":"[vc_row full_width=&#8221;electroluxpro-full-width-no-padding&#8221;][vc_column][elx_hero_slider label_text_color=&#8221;inherit&#8221; images=&#8221;1801&#8243;][elx_heading font_container=&#8221;h1&#8243; font_size=&#8221;h2&#8243; text_color=&#8221;inherit&#8221;]Rozsdamentes ac\u00e9l b\u00fatorok[\/elx_heading][elx_heading font_size=&#8221;h3&#8243; text_color=&#8221;inherit&#8221;]Minden fog\u00e1s az el\u0151k\u00e9sz\u00edt\u0151 ter\u00fcleten kezdi[\/elx_heading][\/elx_hero_slider][\/vc_column][\/vc_row][vc_row][vc_column][vc_empty_space][vc_column_text]A rozsdamentes ac\u00e9l b\u00fatorokkal az Electrolux Professional lehet\u0151s\u00e9get ad a hozz\u00e1\u00e9rt\u0151knek, hogy egy olyan el\u0151k\u00e9sz\u00edt\u0151 konyh\u00e1t alak\u00edtsanak ki, amely kiv\u00e1l\u00f3 termel\u00e9kenys\u00e9get, kimagasl\u00f3 higi\u00e9ni\u00e1t \u00e9s a lehet\u0151 legnagyobb flexibilit\u00e1st biztos\u00edt. Rozsdamentes ac\u00e9l strukt\u00far\u00e1j\u00e1nak k\u00f6sz\u00f6nhet\u0151en ezen\u00a0term\u00e9ksk\u00e1la hossz\u00fa \u00e9lettartamra \u00e9s nagy ig\u00e9nybev\u00e9telre lett [&hellip;]","og_url":"https:\/\/www.electroluxprofessional.com\/hu\/rozsdamentes-acel-butorok\/","og_site_name":"Electrolux Professional Magyarorsz\u00e1g","article_modified_time":"2025-11-05T14:52:24+00:00","twitter_card":"summary_large_image","twitter_misc":{"Becs\u00fclt olvas\u00e1si id\u0151":"2 perc"},"schema":{"@context":"https:\/\/schema.org","@graph":[{"@type":"WebPage","@id":"https:\/\/www.electroluxprofessional.com\/hu\/rozsdamentes-acel-butorok\/","url":"https:\/\/www.electroluxprofessional.com\/hu\/rozsdamentes-acel-butorok\/","name":"Rozsdamentes ac\u00e9l b\u00fatorok - Electrolux Professional Magyarorsz\u00e1g","isPartOf":{"@id":"https:\/\/www.electroluxprofessional.com\/hu\/#website"},"datePublished":"2017-05-15T08:56:11+00:00","dateModified":"2025-11-05T14:52:24+00:00","breadcrumb":{"@id":"https:\/\/www.electroluxprofessional.com\/hu\/rozsdamentes-acel-butorok\/#breadcrumb"},"inLanguage":"hu","potentialAction":[{"@type":"ReadAction","target":["https:\/\/www.electroluxprofessional.com\/hu\/rozsdamentes-acel-butorok\/"]}]},{"@type":"BreadcrumbList","@id":"https:\/\/www.electroluxprofessional.com\/hu\/rozsdamentes-acel-butorok\/#breadcrumb","itemListElement":[{"@type":"ListItem","position":1,"name":"Home","item":"https:\/\/www.electroluxprofessional.com\/hu\/"},{"@type":"ListItem","position":2,"name":"Rozsdamentes ac\u00e9l b\u00fatorok"}]},{"@type":"WebSite","@id":"https:\/\/www.electroluxprofessional.com\/hu\/#website","url":"https:\/\/www.electroluxprofessional.com\/hu\/","name":"Electrolux Professional Magyarorsz\u00e1g","description":"","potentialAction":[{"@type":"SearchAction","target":{"@type":"EntryPoint","urlTemplate":"https:\/\/www.electroluxprofessional.com\/hu\/?src={search_term_string}"},"query-input":"required name=search_term_string"}],"inLanguage":"hu"}]}},"_links":{"self":[{"href":"https:\/\/www.electroluxprofessional.com\/hu\/wp-json\/wp\/v2\/pages\/2382"}],"collection":[{"href":"https:\/\/www.electroluxprofessional.com\/hu\/wp-json\/wp\/v2\/pages"}],"about":[{"href":"https:\/\/www.electroluxprofessional.com\/hu\/wp-json\/wp\/v2\/types\/page"}],"author":[{"embeddable":true,"href":"https:\/\/www.electroluxprofessional.com\/hu\/wp-json\/wp\/v2\/users\/3"}],"replies":[{"embeddable":true,"href":"https:\/\/www.electroluxprofessional.com\/hu\/wp-json\/wp\/v2\/comments?post=2382"}],"version-history":[{"count":12,"href":"https:\/\/www.electroluxprofessional.com\/hu\/wp-json\/wp\/v2\/pages\/2382\/revisions"}],"predecessor-version":[{"id":9323,"href":"https:\/\/www.electroluxprofessional.com\/hu\/wp-json\/wp\/v2\/pages\/2382\/revisions\/9323"}],"wp:attachment":[{"href":"https:\/\/www.electroluxprofessional.com\/hu\/wp-json\/wp\/v2\/media?parent=2382"}],"curies":[{"name":"wp","href":"https:\/\/api.w.org\/{rel}","templated":true}]}}