{"id":2376,"date":"2017-05-15T08:57:02","date_gmt":"2017-05-15T08:57:02","guid":{"rendered":"https:\/\/www.electroluxprofessional.com\/hu\/?page_id=2376"},"modified":"2024-03-24T10:57:28","modified_gmt":"2024-03-24T10:57:28","slug":"speedelight-5","status":"publish","type":"page","link":"https:\/\/www.electroluxprofessional.com\/hu\/speedelight-5\/","title":{"rendered":"SpeeDelight"},"content":{"rendered":"<p>[vc_row full_width=&#8221;electroluxpro-full-width-no-padding&#8221;][vc_column][elx_image_block background_image=&#8221;1901&#8243; minimum_height=&#8221;500px&#8221;][\/vc_column][\/vc_row][vc_row][vc_column][vc_empty_space][\/vc_column][\/vc_row][vc_row][vc_column width=&#8221;1\/3&#8243;][vc_single_image image=&#8221;1902&#8243; img_size=&#8221;full&#8221; css_animation=&#8221;left-to-right&#8221;][\/vc_column][vc_column width=&#8221;2\/3&#8243; css=&#8221;.vc_custom_1481115738117{margin-left: 50px !important;}&#8221;][elx_heading font_container=&#8221;h1&#8243; text_color=&#8221;inherit&#8221;]<strong>SpeeDelight<\/strong>[\/elx_heading][elx_heading text_color=&#8221;inherit&#8221;]A gyors m\u00e9g sosem volt ennyire \u00edzletes![\/elx_heading][\/vc_column][\/vc_row][vc_row][vc_column][vc_empty_space][\/vc_column][\/vc_row][vc_row][vc_column width=&#8221;1\/3&#8243;][elx_heading font_size=&#8221;h3&#8243; text_color=&#8221;inherit&#8221;]H\u00c1ROMSZOROS J\u00c1TSZMA[\/elx_heading][vc_column_text]<\/p>\n<h4><strong>P\u00e1ratlan f\u0151z\u00e9si teljes\u00edtm\u00e9ny<\/strong><\/h4>\n<p>S\u00e9fhez m\u00e9lt\u00f3 falatok a 3 f\u0151z\u00e9si technol\u00f3gi\u00e1nak k\u00f6sz\u00f6nhet\u0151en: <strong>kontakt lapok, infrav\u00f6r\u00f6s sug\u00e1rz\u00e1s \u00e9s mikrohull\u00e1m.<\/strong><\/p>\n<p><strong>Az \u00d6n \u00e9tele:<\/strong><br \/>\nk\u00edv\u00fcl ropog\u00f3s, bel\u00fcl t\u00f6k\u00e9letesen \u00e1ts\u00fclt.[\/vc_column_text][\/vc_column][vc_column width=&#8221;1\/3&#8243;][elx_heading font_size=&#8221;h3&#8243; text_color=&#8221;inherit&#8221;]MINDIG FIGYEL[\/elx_heading][vc_column_text]<\/p>\n<h4><strong><br \/>\nAggodalommentes befejez\u00e9s<\/strong><\/h4>\n<p>Csak egy gombnyom\u00e1s, \u00e9s nincs t\u00f6bb feladata: a<strong> tet\u0151 automatikusan felemelkedik<\/strong>, ha az \u00e9tel elk\u00e9sz\u00fclt.<\/p>\n<p><strong>Az \u00d6n \u00e9tele:<br \/>\n<\/strong>nem lesz \u00e9gett, s\u00fct\u00e9s k\u00f6zben \u00d6n b\u00e1rmi m\u00e1st is csin\u00e1lhat![\/vc_column_text][\/vc_column][vc_column width=&#8221;1\/3&#8243;][elx_heading font_size=&#8221;h3&#8243; text_color=&#8221;inherit&#8221;]T\u00d6K\u00c9LETES PR\u00c9SEL\u00c9S[\/elx_heading][vc_column_text]<\/p>\n<h4><strong>Egy intelligens pr\u00e9s<\/strong><\/h4>\n<p>A fels\u0151 lap automatikusan, a megfelel\u0151 nyom\u00e1ssal helyezkedik r\u00e1 az \u00e9telre.<\/p>\n<p>&nbsp;<\/p>\n<p><strong>Az \u00d6n \u00e9tele:<\/strong><br \/>\nmondjon b\u00facs\u00fat a t\u00falzottan lapos \u00e9s nem el\u00e9gg\u00e9 ropog\u00f3s szendvicseknek![\/vc_column_text][\/vc_column][\/vc_row][vc_row][vc_column][vc_empty_space][\/vc_column][\/vc_row][vc_row][vc_column width=&#8221;1\/3&#8243;][elx_download_block text=&#8221;SpeeDelight<br \/>\nr\u00f6vid ismertet\u0151&#8221; link=&#8221;files.professional.electrolux.com\/docs\/?n=BR-9JE00054&amp;b=5&amp;l=1&#8243; background_color=&#8221;cat-cook&#8221; reveal_effect=&#8221;&#8221; reveal_duration=&#8221;&#8221; reveal_delay=&#8221;&#8221;][\/vc_column][vc_column width=&#8221;1\/3&#8243;][elx_download_block text=&#8221;SpeeDelight<br \/>\nsz\u00f3r\u00f3lap&#8221; link=&#8221;files.professional.electrolux.com\/docs\/?n=CLF-9JE00115&amp;b=5&amp;l=1&#8243; background_color=&#8221;cat-cook&#8221; reveal_effect=&#8221;&#8221; reveal_duration=&#8221;&#8221; reveal_delay=&#8221;&#8221;][\/vc_column][vc_column width=&#8221;1\/3&#8243;][vc_column_text]Vide\u00f3k[\/vc_column_text][\/vc_column][\/vc_row][vc_row][vc_column][vc_empty_space][\/vc_column][\/vc_row][vc_row][vc_column][vc_empty_space height=&#8221;50px&#8221;][elx_heading text_color=&#8221;inherit&#8221; text_align=&#8221;text-center&#8221;]\u00c9redekl\u0151dj\u00f6n a SpeeDelight k\u00e9sz\u00fcl\u00e9k\u00fcnk ut\u00e1n[\/elx_heading][elx_o2000_contact_us r=&#8221;Szeretn\u00e9k t\u00f6bb inform\u00e1ci\u00f3t kapni err\u0151l a term\u00e9kr\u0151l SpeeDelight. K\u00e9rem, vegy\u00e9k fel velem a kapcsolatot.&#8221; s=&#8221;Inform\u00e1ci\u00f3 k\u00e9r\u00e9s err\u0151l a term\u00e9kr\u0151l SpeeDelight&#8221; country=&#8221;Hungary&#8221; l=&#8221;hu&#8221; container=&#8221;elxcontactus1481115393&#8243;][vc_empty_space height=&#8221;50px&#8221;][\/vc_column][\/vc_row][vc_row][vc_column][elx_heading font_size=&#8221;h3&#8243; text_color=&#8221;inherit&#8221; text_align=&#8221;text-center&#8221;]Tal\u00e1lja meg az \u00d6n sz\u00e1m\u00e1ra legide\u00e1lisabb csomagot[\/elx_heading][\/vc_column][\/vc_row][vc_row][vc_column width=&#8221;1\/3&#8243;][elx_maylike_box id_box=&#8221;3771&#8243; matched_labels=&#8221;&#8221;][\/vc_column][vc_column width=&#8221;1\/3&#8243;][elx_maylike_box id_box=&#8221;3770&#8243; matched_labels=&#8221;&#8221;][\/vc_column][vc_column width=&#8221;1\/3&#8243;][elx_maylike_box id_box=&#8221;3682&#8243; matched_labels=&#8221;&#8221;][\/vc_column][\/vc_row][vc_row][vc_column][vc_empty_space height=&#8221;50px&#8221;][\/vc_column][\/vc_row]<\/p>\n","protected":false},"excerpt":{"rendered":"<p>[vc_row full_width=&#8221;electroluxpro-full-width-no-padding&#8221;][vc_column][elx_image_block background_image=&#8221;1901&#8243; minimum_height=&#8221;500px&#8221;][\/vc_column][\/vc_row][vc_row][vc_column][vc_empty_space][\/vc_column][\/vc_row][vc_row][vc_column width=&#8221;1\/3&#8243;][vc_single_image image=&#8221;1902&#8243; img_size=&#8221;full&#8221; css_animation=&#8221;left-to-right&#8221;][\/vc_column][vc_column width=&#8221;2\/3&#8243; css=&#8221;.vc_custom_1481115738117{margin-left: 50px !important;}&#8221;][elx_heading font_container=&#8221;h1&#8243; text_color=&#8221;inherit&#8221;]SpeeDelight[\/elx_heading][elx_heading text_color=&#8221;inherit&#8221;]A gyors m\u00e9g sosem volt ennyire \u00edzletes![\/elx_heading][\/vc_column][\/vc_row][vc_row][vc_column][vc_empty_space][\/vc_column][\/vc_row][vc_row][vc_column width=&#8221;1\/3&#8243;][elx_heading font_size=&#8221;h3&#8243; text_color=&#8221;inherit&#8221;]H\u00c1ROMSZOROS J\u00c1TSZMA[\/elx_heading][vc_column_text] P\u00e1ratlan f\u0151z\u00e9si teljes\u00edtm\u00e9ny S\u00e9fhez m\u00e9lt\u00f3 falatok a 3 f\u0151z\u00e9si technol\u00f3gi\u00e1nak k\u00f6sz\u00f6nhet\u0151en: kontakt lapok, infrav\u00f6r\u00f6s sug\u00e1rz\u00e1s \u00e9s mikrohull\u00e1m. Az \u00d6n \u00e9tele: k\u00edv\u00fcl ropog\u00f3s, bel\u00fcl t\u00f6k\u00e9letesen \u00e1ts\u00fclt.[\/vc_column_text][\/vc_column][vc_column width=&#8221;1\/3&#8243;][elx_heading font_size=&#8221;h3&#8243; text_color=&#8221;inherit&#8221;]MINDIG FIGYEL[\/elx_heading][vc_column_text] Aggodalommentes [&hellip;]<\/p>\n","protected":false},"author":3,"featured_media":0,"parent":0,"menu_order":0,"comment_status":"closed","ping_status":"closed","template":"","meta":{"footnotes":""},"class_list":["post-2376","page","type-page","status-publish","hentry"],"yoast_head":"<!-- This site is optimized with the Yoast SEO plugin v23.3 - https:\/\/yoast.com\/wordpress\/plugins\/seo\/ -->\n<title>SpeeDelight - Electrolux Professional Magyarorsz\u00e1g<\/title>\n<meta name=\"robots\" content=\"index, follow, max-snippet:-1, max-image-preview:large, max-video-preview:-1\" \/>\n<link rel=\"canonical\" href=\"https:\/\/www.electroluxprofessional.com\/hu\/speedelight-5\/\" \/>\n<meta property=\"og:locale\" content=\"hu_HU\" \/>\n<meta property=\"og:type\" content=\"article\" \/>\n<meta property=\"og:title\" content=\"SpeeDelight - Electrolux Professional Magyarorsz\u00e1g\" \/>\n<meta property=\"og:description\" content=\"[vc_row full_width=&#8221;electroluxpro-full-width-no-padding&#8221;][vc_column][elx_image_block background_image=&#8221;1901&#8243; minimum_height=&#8221;500px&#8221;][\/vc_column][\/vc_row][vc_row][vc_column][vc_empty_space][\/vc_column][\/vc_row][vc_row][vc_column width=&#8221;1\/3&#8243;][vc_single_image image=&#8221;1902&#8243; img_size=&#8221;full&#8221; css_animation=&#8221;left-to-right&#8221;][\/vc_column][vc_column width=&#8221;2\/3&#8243; css=&#8221;.vc_custom_1481115738117{margin-left: 50px !important;}&#8221;][elx_heading font_container=&#8221;h1&#8243; text_color=&#8221;inherit&#8221;]SpeeDelight[\/elx_heading][elx_heading text_color=&#8221;inherit&#8221;]A gyors m\u00e9g sosem volt ennyire \u00edzletes![\/elx_heading][\/vc_column][\/vc_row][vc_row][vc_column][vc_empty_space][\/vc_column][\/vc_row][vc_row][vc_column width=&#8221;1\/3&#8243;][elx_heading font_size=&#8221;h3&#8243; text_color=&#8221;inherit&#8221;]H\u00c1ROMSZOROS J\u00c1TSZMA[\/elx_heading][vc_column_text] P\u00e1ratlan f\u0151z\u00e9si teljes\u00edtm\u00e9ny S\u00e9fhez m\u00e9lt\u00f3 falatok a 3 f\u0151z\u00e9si technol\u00f3gi\u00e1nak k\u00f6sz\u00f6nhet\u0151en: kontakt lapok, infrav\u00f6r\u00f6s sug\u00e1rz\u00e1s \u00e9s mikrohull\u00e1m. Az \u00d6n \u00e9tele: k\u00edv\u00fcl ropog\u00f3s, bel\u00fcl t\u00f6k\u00e9letesen \u00e1ts\u00fclt.[\/vc_column_text][\/vc_column][vc_column width=&#8221;1\/3&#8243;][elx_heading font_size=&#8221;h3&#8243; text_color=&#8221;inherit&#8221;]MINDIG FIGYEL[\/elx_heading][vc_column_text] Aggodalommentes [&hellip;]\" \/>\n<meta property=\"og:url\" content=\"https:\/\/www.electroluxprofessional.com\/hu\/speedelight-5\/\" \/>\n<meta property=\"og:site_name\" content=\"Electrolux Professional Magyarorsz\u00e1g\" \/>\n<meta property=\"article:modified_time\" content=\"2024-03-24T10:57:28+00:00\" \/>\n<meta name=\"twitter:card\" content=\"summary_large_image\" \/>\n<meta name=\"twitter:label1\" content=\"Becs\u00fclt olvas\u00e1si id\u0151\" \/>\n\t<meta name=\"twitter:data1\" content=\"3 perc\" \/>\n<script type=\"application\/ld+json\" class=\"yoast-schema-graph\">{\"@context\":\"https:\/\/schema.org\",\"@graph\":[{\"@type\":\"WebPage\",\"@id\":\"https:\/\/www.electroluxprofessional.com\/hu\/speedelight-5\/\",\"url\":\"https:\/\/www.electroluxprofessional.com\/hu\/speedelight-5\/\",\"name\":\"SpeeDelight - Electrolux Professional Magyarorsz\u00e1g\",\"isPartOf\":{\"@id\":\"https:\/\/www.electroluxprofessional.com\/hu\/#website\"},\"datePublished\":\"2017-05-15T08:57:02+00:00\",\"dateModified\":\"2024-03-24T10:57:28+00:00\",\"breadcrumb\":{\"@id\":\"https:\/\/www.electroluxprofessional.com\/hu\/speedelight-5\/#breadcrumb\"},\"inLanguage\":\"hu\",\"potentialAction\":[{\"@type\":\"ReadAction\",\"target\":[\"https:\/\/www.electroluxprofessional.com\/hu\/speedelight-5\/\"]}]},{\"@type\":\"BreadcrumbList\",\"@id\":\"https:\/\/www.electroluxprofessional.com\/hu\/speedelight-5\/#breadcrumb\",\"itemListElement\":[{\"@type\":\"ListItem\",\"position\":1,\"name\":\"Home\",\"item\":\"https:\/\/www.electroluxprofessional.com\/hu\/\"},{\"@type\":\"ListItem\",\"position\":2,\"name\":\"SpeeDelight\"}]},{\"@type\":\"WebSite\",\"@id\":\"https:\/\/www.electroluxprofessional.com\/hu\/#website\",\"url\":\"https:\/\/www.electroluxprofessional.com\/hu\/\",\"name\":\"Electrolux Professional Magyarorsz\u00e1g\",\"description\":\"\",\"potentialAction\":[{\"@type\":\"SearchAction\",\"target\":{\"@type\":\"EntryPoint\",\"urlTemplate\":\"https:\/\/www.electroluxprofessional.com\/hu\/?src={search_term_string}\"},\"query-input\":\"required name=search_term_string\"}],\"inLanguage\":\"hu\"}]}<\/script>\n<!-- \/ Yoast SEO plugin. -->","yoast_head_json":{"title":"SpeeDelight - Electrolux Professional Magyarorsz\u00e1g","robots":{"index":"index","follow":"follow","max-snippet":"max-snippet:-1","max-image-preview":"max-image-preview:large","max-video-preview":"max-video-preview:-1"},"canonical":"https:\/\/www.electroluxprofessional.com\/hu\/speedelight-5\/","og_locale":"hu_HU","og_type":"article","og_title":"SpeeDelight - Electrolux Professional Magyarorsz\u00e1g","og_description":"[vc_row full_width=&#8221;electroluxpro-full-width-no-padding&#8221;][vc_column][elx_image_block background_image=&#8221;1901&#8243; minimum_height=&#8221;500px&#8221;][\/vc_column][\/vc_row][vc_row][vc_column][vc_empty_space][\/vc_column][\/vc_row][vc_row][vc_column width=&#8221;1\/3&#8243;][vc_single_image image=&#8221;1902&#8243; img_size=&#8221;full&#8221; css_animation=&#8221;left-to-right&#8221;][\/vc_column][vc_column width=&#8221;2\/3&#8243; css=&#8221;.vc_custom_1481115738117{margin-left: 50px !important;}&#8221;][elx_heading font_container=&#8221;h1&#8243; text_color=&#8221;inherit&#8221;]SpeeDelight[\/elx_heading][elx_heading text_color=&#8221;inherit&#8221;]A gyors m\u00e9g sosem volt ennyire \u00edzletes![\/elx_heading][\/vc_column][\/vc_row][vc_row][vc_column][vc_empty_space][\/vc_column][\/vc_row][vc_row][vc_column width=&#8221;1\/3&#8243;][elx_heading font_size=&#8221;h3&#8243; text_color=&#8221;inherit&#8221;]H\u00c1ROMSZOROS J\u00c1TSZMA[\/elx_heading][vc_column_text] P\u00e1ratlan f\u0151z\u00e9si teljes\u00edtm\u00e9ny S\u00e9fhez m\u00e9lt\u00f3 falatok a 3 f\u0151z\u00e9si technol\u00f3gi\u00e1nak k\u00f6sz\u00f6nhet\u0151en: kontakt lapok, infrav\u00f6r\u00f6s sug\u00e1rz\u00e1s \u00e9s mikrohull\u00e1m. Az \u00d6n \u00e9tele: k\u00edv\u00fcl ropog\u00f3s, bel\u00fcl t\u00f6k\u00e9letesen \u00e1ts\u00fclt.[\/vc_column_text][\/vc_column][vc_column width=&#8221;1\/3&#8243;][elx_heading font_size=&#8221;h3&#8243; text_color=&#8221;inherit&#8221;]MINDIG FIGYEL[\/elx_heading][vc_column_text] Aggodalommentes [&hellip;]","og_url":"https:\/\/www.electroluxprofessional.com\/hu\/speedelight-5\/","og_site_name":"Electrolux Professional Magyarorsz\u00e1g","article_modified_time":"2024-03-24T10:57:28+00:00","twitter_card":"summary_large_image","twitter_misc":{"Becs\u00fclt olvas\u00e1si id\u0151":"3 perc"},"schema":{"@context":"https:\/\/schema.org","@graph":[{"@type":"WebPage","@id":"https:\/\/www.electroluxprofessional.com\/hu\/speedelight-5\/","url":"https:\/\/www.electroluxprofessional.com\/hu\/speedelight-5\/","name":"SpeeDelight - Electrolux Professional Magyarorsz\u00e1g","isPartOf":{"@id":"https:\/\/www.electroluxprofessional.com\/hu\/#website"},"datePublished":"2017-05-15T08:57:02+00:00","dateModified":"2024-03-24T10:57:28+00:00","breadcrumb":{"@id":"https:\/\/www.electroluxprofessional.com\/hu\/speedelight-5\/#breadcrumb"},"inLanguage":"hu","potentialAction":[{"@type":"ReadAction","target":["https:\/\/www.electroluxprofessional.com\/hu\/speedelight-5\/"]}]},{"@type":"BreadcrumbList","@id":"https:\/\/www.electroluxprofessional.com\/hu\/speedelight-5\/#breadcrumb","itemListElement":[{"@type":"ListItem","position":1,"name":"Home","item":"https:\/\/www.electroluxprofessional.com\/hu\/"},{"@type":"ListItem","position":2,"name":"SpeeDelight"}]},{"@type":"WebSite","@id":"https:\/\/www.electroluxprofessional.com\/hu\/#website","url":"https:\/\/www.electroluxprofessional.com\/hu\/","name":"Electrolux Professional Magyarorsz\u00e1g","description":"","potentialAction":[{"@type":"SearchAction","target":{"@type":"EntryPoint","urlTemplate":"https:\/\/www.electroluxprofessional.com\/hu\/?src={search_term_string}"},"query-input":"required name=search_term_string"}],"inLanguage":"hu"}]}},"_links":{"self":[{"href":"https:\/\/www.electroluxprofessional.com\/hu\/wp-json\/wp\/v2\/pages\/2376"}],"collection":[{"href":"https:\/\/www.electroluxprofessional.com\/hu\/wp-json\/wp\/v2\/pages"}],"about":[{"href":"https:\/\/www.electroluxprofessional.com\/hu\/wp-json\/wp\/v2\/types\/page"}],"author":[{"embeddable":true,"href":"https:\/\/www.electroluxprofessional.com\/hu\/wp-json\/wp\/v2\/users\/3"}],"replies":[{"embeddable":true,"href":"https:\/\/www.electroluxprofessional.com\/hu\/wp-json\/wp\/v2\/comments?post=2376"}],"version-history":[{"count":10,"href":"https:\/\/www.electroluxprofessional.com\/hu\/wp-json\/wp\/v2\/pages\/2376\/revisions"}],"predecessor-version":[{"id":5790,"href":"https:\/\/www.electroluxprofessional.com\/hu\/wp-json\/wp\/v2\/pages\/2376\/revisions\/5790"}],"wp:attachment":[{"href":"https:\/\/www.electroluxprofessional.com\/hu\/wp-json\/wp\/v2\/media?parent=2376"}],"curies":[{"name":"wp","href":"https:\/\/api.w.org\/{rel}","templated":true}]}}