{"id":2313,"date":"2017-05-15T08:49:57","date_gmt":"2017-05-15T08:49:57","guid":{"rendered":"https:\/\/www.electroluxprofessional.com\/hu\/?page_id=2313"},"modified":"2025-11-05T14:51:32","modified_gmt":"2025-11-05T14:51:32","slug":"hamozas-tisztitas-es-szaritas","status":"publish","type":"page","link":"https:\/\/www.electroluxprofessional.com\/hu\/hamozas-tisztitas-es-szaritas\/","title":{"rendered":"H\u00e1moz\u00e1s, tiszt\u00edt\u00e1s \u00e9s sz\u00e1r\u00edt\u00e1s"},"content":{"rendered":"<p>[vc_row full_width=&#8221;electroluxpro-full-width-no-padding&#8221;][vc_column][elx_image_block background_image=&#8221;1844&#8243; minimum_height=&#8221;400px&#8221;][\/vc_column][\/vc_row][vc_row][vc_column][vc_empty_space][elx_heading font_container=&#8221;h1&#8243; font_size=&#8221;h2&#8243; text_color=&#8221;inherit&#8221; text_align=&#8221;text-center&#8221;]H\u00e1mozzon, tiszt\u00edtson \u00e9s sz\u00e1r\u00edtson k\u00e9sz\u00fcl\u00e9keinkkel[\/elx_heading][vc_empty_space][\/vc_column][\/vc_row][vc_row][vc_column][elx_heading text_color=&#8221;inherit&#8221; text_align=&#8221;text-center&#8221;]<strong>T\u00f6bbfunkci\u00f3s h\u00e1moz\u00f3 berendez\u00e9sek<\/strong>[\/elx_heading][\/vc_column][\/vc_row][vc_row][vc_column width=&#8221;1\/4&#8243;][vc_single_image image=&#8221;1845&#8243; img_size=&#8221;full&#8221;][\/vc_column][vc_column width=&#8221;3\/4&#8243;][vc_empty_space][vc_column_text]Az<strong> Electrolux Professional h\u00e1moz\u00f3 berendez\u00e9sei <\/strong>alkalmasak burgony\u00e1k, kagyl\u00f3k, z\u00f6lds\u00e9gek h\u00e1moz\u00e1s\u00e1ra, tiszt\u00edt\u00e1s\u00e1ra.<\/p>\n<p>D\u00f6rzst\u00e1rcsa sz\u00e1ll\u00edtott tartoz\u00e9kk\u00e9nt a magas min\u0151s\u00e9g\u0171 v\u00e9geredm\u00e9ny\u00e9rt.<\/p>\n<p>H\u00e1moz\u00f3 k\u00e9sz\u00fcl\u00e9keink <strong>k\u00fcl\u00f6nb\u00f6z\u0151 m\u00e9retben<\/strong> \u00e9rhet\u0151ek el: <strong>80 kg\/\u00f3ra<\/strong> kapacit\u00e1st\u00f3l <strong>400 kg\/\u00f3ra <\/strong>kapacit\u00e1sig.<\/p>\n<p><strong>A v\u00edz\u00e1ll\u00f3, \u00e9rint\u0151gombos kezel\u0151i panel <\/strong>egyszer\u0171 \u00e9s k\u00f6nnyen haszn\u00e1lhat\u00f3. Programozhat\u00f3 id\u0151z\u00edt\u0151vel \u00e9s \u00fajraind\u00edt\u00f3 gombbal ell\u00e1tott.<\/p>\n<div><\/div>\n<p>[\/vc_column_text][\/vc_column][\/vc_row][vc_row][vc_column][vc_empty_space][elx_heading text_color=&#8221;inherit&#8221; text_align=&#8221;text-center&#8221;]<strong>Z\u00f6lds\u00e9gmos\u00f3k, centrifug\u00e1k<\/strong>[\/elx_heading][\/vc_column][\/vc_row][vc_row][vc_column width=&#8221;3\/4&#8243;][vc_empty_space][vc_column_text]Az Electrolux Professional\u00a0<strong>z\u00f6lds\u00e9gmos\u00f3k, centrifug\u00e1k \u00e9s kombin\u00e1lt k\u00e9sz\u00fcl\u00e9kek <\/strong>(2 az 1-ben megold\u00e1s) sz\u00e9les v\u00e1laszt\u00e9k\u00e1t k\u00edn\u00e1lja b\u00e1rmely m\u00e9ret\u0171 konyha sz\u00e1m\u00e1ra. Ezen k\u00e9sz\u00fcl\u00e9kek hasznos berendez\u00e9sei a kicsi, k\u00f6zepes \u00e9s nagyobb konyh\u00e1knak.<\/p>\n<p>V\u00e1lassza ki az \u00d6n sz\u00e1m\u00e1ra legide\u00e1lisabb k\u00e9sz\u00fcl\u00e9ket, amellyel ak\u00e1r sal\u00e1t\u00e1t, spen\u00f3tot, p\u00f3r\u00e9hagym\u00e1t, petrezselymet, k\u00e1poszt\u00e1t, brokkolit \u00e9s artics\u00f3k\u00e1t tiszt\u00edthat \u00e9s sz\u00e1r\u00edthat rekord id\u0151 alatt, a legjobb \u00edzt garant\u00e1lva, a legmegfelel\u0151bb text\u00far\u00e1t megtartva.<\/p>\n<p>Minden k\u00e9sz\u00fcl\u00e9k\u00fcnk \u00fagy lett tervezve, hogy <strong>hat\u00e9konyan \u00e9s biztons\u00e1gosan<\/strong> kezelje az \u00f6sszes t\u00edpus\u00fa z\u00f6lds\u00e9get, garant\u00e1lja a <strong>higi\u00e9ni\u00e1t<\/strong> \u00e9s az <strong>egyszer\u0171 tiszt\u00edthat\u00f3s\u00e1g<\/strong>ot.<\/p>\n<div><\/div>\n<p>[\/vc_column_text][\/vc_column][vc_column width=&#8221;1\/4&#8243;][vc_single_image image=&#8221;8346&#8243; img_size=&#8221;full&#8221;][\/vc_column][\/vc_row][vc_row][vc_column][vc_empty_space][\/vc_column][\/vc_row][vc_row][vc_column width=&#8221;1\/3&#8243;][elx_download_block text=&#8221;El\u0151k\u00e9sz\u00edt\u0151 g\u00e9pek<br \/>\nterm\u00e9kkatal\u00f3gusa&#8221; link=&#8221;files.professional.electrolux.com\/docs\/?n=BR-9JEEL&amp;b=5&amp;l=1&#8243; background_color=&#8221;hotels&#8221; reveal_effect=&#8221;fadeIn&#8221; reveal_duration=&#8221;&#8221; reveal_delay=&#8221;&#8221;][\/vc_column][vc_column width=&#8221;1\/3&#8243;][elx_download_block text=&#8221;Fedezze fel k\u00edn\u00e1latunkat az apr\u00edt\u00e1s, kever\u00e9s \u00e9s szeletel\u00e9s tekintet\u00e9ben&#8221; link=&#8221;https:\/\/www.electroluxprofessional.com\/hu\/vagjon-keverjen-szeleteljen\/&#8221; background_color=&#8221;hotels&#8221; reveal_effect=&#8221;&#8221; reveal_duration=&#8221;&#8221; reveal_delay=&#8221;&#8221;][\/vc_column][vc_column width=&#8221;1\/3&#8243;][elx_download_block text=&#8221;Ismerje meg dagaszt\u00f3g\u00e9peinket, t\u00e9sztany\u00fajt\u00f3inkat&#8221; link=&#8221;https:\/\/www.electroluxprofessional.com\/hu\/dagasztas-habveres-tesztanyujtas\/&#8221; background_color=&#8221;hotels&#8221; reveal_effect=&#8221;&#8221; reveal_duration=&#8221;&#8221; reveal_delay=&#8221;&#8221;][\/vc_column][\/vc_row][vc_row][vc_column][vc_empty_space height=&#8221;50px&#8221;][\/vc_column][\/vc_row][vc_row][vc_column width=&#8221;1\/3&#8243;][elx_maylike_box id_box=&#8221;3770&#8243;][\/vc_column][vc_column width=&#8221;1\/3&#8243;][elx_maylike_box id_box=&#8221;3673&#8243;][\/vc_column][vc_column width=&#8221;1\/3&#8243;][elx_maylike_box id_box=&#8221;3710&#8243;][\/vc_column][\/vc_row][vc_row][vc_column][vc_empty_space height=&#8221;50px&#8221;][elx_heading text_color=&#8221;inherit&#8221; text_align=&#8221;text-center&#8221;]\u00c9rdekl\u0151dj\u00f6n h\u00e1moz\u00f3ink, z\u00f6lds\u00e9gmos\u00f3ink \u00e9s centrifug\u00e1ink ir\u00e1nt[\/elx_heading][elx_o2000_contact_us s=&#8221;Inform\u00e1ci\u00f3 k\u00e9r\u00e9s err\u0151l a term\u00e9kr\u0151l H\u00e1moz\u00e1s, tiszt\u00edt\u00e1s \u00e9s sz\u00e1r\u00edt\u00e1s&#8221; country=&#8221;Hungary&#8221; container=&#8221;elxcontactus1480070717&#8243; r=&#8221;Szeretn\u00e9k t\u00f6bb inform\u00e1ci\u00f3t kapni err\u0151l a term\u00e9kr\u0151l H\u00e1moz\u00e1s, tiszt\u00edt\u00e1s \u00e9s sz\u00e1r\u00edt\u00e1s. K\u00e9rem, vegy\u00e9k fel velem a kapcsolatot.&#8221; l=&#8221;hu&#8221;][vc_empty_space height=&#8221;50px&#8221;][\/vc_column][\/vc_row]<\/p>\n","protected":false},"excerpt":{"rendered":"<p>[vc_row full_width=&#8221;electroluxpro-full-width-no-padding&#8221;][vc_column][elx_image_block background_image=&#8221;1844&#8243; minimum_height=&#8221;400px&#8221;][\/vc_column][\/vc_row][vc_row][vc_column][vc_empty_space][elx_heading font_container=&#8221;h1&#8243; font_size=&#8221;h2&#8243; text_color=&#8221;inherit&#8221; text_align=&#8221;text-center&#8221;]H\u00e1mozzon, tiszt\u00edtson \u00e9s sz\u00e1r\u00edtson k\u00e9sz\u00fcl\u00e9keinkkel[\/elx_heading][vc_empty_space][\/vc_column][\/vc_row][vc_row][vc_column][elx_heading text_color=&#8221;inherit&#8221; text_align=&#8221;text-center&#8221;]T\u00f6bbfunkci\u00f3s h\u00e1moz\u00f3 berendez\u00e9sek[\/elx_heading][\/vc_column][\/vc_row][vc_row][vc_column width=&#8221;1\/4&#8243;][vc_single_image image=&#8221;1845&#8243; img_size=&#8221;full&#8221;][\/vc_column][vc_column width=&#8221;3\/4&#8243;][vc_empty_space][vc_column_text]Az Electrolux Professional h\u00e1moz\u00f3 berendez\u00e9sei alkalmasak burgony\u00e1k, kagyl\u00f3k, z\u00f6lds\u00e9gek h\u00e1moz\u00e1s\u00e1ra, tiszt\u00edt\u00e1s\u00e1ra. D\u00f6rzst\u00e1rcsa sz\u00e1ll\u00edtott tartoz\u00e9kk\u00e9nt a magas min\u0151s\u00e9g\u0171 v\u00e9geredm\u00e9ny\u00e9rt. H\u00e1moz\u00f3 k\u00e9sz\u00fcl\u00e9keink k\u00fcl\u00f6nb\u00f6z\u0151 m\u00e9retben \u00e9rhet\u0151ek el: 80 kg\/\u00f3ra kapacit\u00e1st\u00f3l 400 kg\/\u00f3ra kapacit\u00e1sig. A v\u00edz\u00e1ll\u00f3, \u00e9rint\u0151gombos kezel\u0151i panel egyszer\u0171 [&hellip;]<\/p>\n","protected":false},"author":3,"featured_media":0,"parent":0,"menu_order":0,"comment_status":"closed","ping_status":"closed","template":"","meta":{"footnotes":""},"class_list":["post-2313","page","type-page","status-publish","hentry"],"yoast_head":"<!-- This site is optimized with the Yoast SEO plugin v23.3 - https:\/\/yoast.com\/wordpress\/plugins\/seo\/ -->\n<title>H\u00e1moz\u00e1s, tiszt\u00edt\u00e1s \u00e9s sz\u00e1r\u00edt\u00e1s - Electrolux Professional Magyarorsz\u00e1g<\/title>\n<meta name=\"robots\" content=\"index, follow, max-snippet:-1, max-image-preview:large, max-video-preview:-1\" \/>\n<link rel=\"canonical\" href=\"https:\/\/www.electroluxprofessional.com\/hu\/hamozas-tisztitas-es-szaritas\/\" \/>\n<meta property=\"og:locale\" content=\"hu_HU\" \/>\n<meta property=\"og:type\" content=\"article\" \/>\n<meta property=\"og:title\" content=\"H\u00e1moz\u00e1s, tiszt\u00edt\u00e1s \u00e9s sz\u00e1r\u00edt\u00e1s - Electrolux Professional Magyarorsz\u00e1g\" \/>\n<meta property=\"og:description\" content=\"[vc_row full_width=&#8221;electroluxpro-full-width-no-padding&#8221;][vc_column][elx_image_block background_image=&#8221;1844&#8243; minimum_height=&#8221;400px&#8221;][\/vc_column][\/vc_row][vc_row][vc_column][vc_empty_space][elx_heading font_container=&#8221;h1&#8243; font_size=&#8221;h2&#8243; text_color=&#8221;inherit&#8221; text_align=&#8221;text-center&#8221;]H\u00e1mozzon, tiszt\u00edtson \u00e9s sz\u00e1r\u00edtson k\u00e9sz\u00fcl\u00e9keinkkel[\/elx_heading][vc_empty_space][\/vc_column][\/vc_row][vc_row][vc_column][elx_heading text_color=&#8221;inherit&#8221; text_align=&#8221;text-center&#8221;]T\u00f6bbfunkci\u00f3s h\u00e1moz\u00f3 berendez\u00e9sek[\/elx_heading][\/vc_column][\/vc_row][vc_row][vc_column width=&#8221;1\/4&#8243;][vc_single_image image=&#8221;1845&#8243; img_size=&#8221;full&#8221;][\/vc_column][vc_column width=&#8221;3\/4&#8243;][vc_empty_space][vc_column_text]Az Electrolux Professional h\u00e1moz\u00f3 berendez\u00e9sei alkalmasak burgony\u00e1k, kagyl\u00f3k, z\u00f6lds\u00e9gek h\u00e1moz\u00e1s\u00e1ra, tiszt\u00edt\u00e1s\u00e1ra. D\u00f6rzst\u00e1rcsa sz\u00e1ll\u00edtott tartoz\u00e9kk\u00e9nt a magas min\u0151s\u00e9g\u0171 v\u00e9geredm\u00e9ny\u00e9rt. H\u00e1moz\u00f3 k\u00e9sz\u00fcl\u00e9keink k\u00fcl\u00f6nb\u00f6z\u0151 m\u00e9retben \u00e9rhet\u0151ek el: 80 kg\/\u00f3ra kapacit\u00e1st\u00f3l 400 kg\/\u00f3ra kapacit\u00e1sig. A v\u00edz\u00e1ll\u00f3, \u00e9rint\u0151gombos kezel\u0151i panel egyszer\u0171 [&hellip;]\" \/>\n<meta property=\"og:url\" content=\"https:\/\/www.electroluxprofessional.com\/hu\/hamozas-tisztitas-es-szaritas\/\" \/>\n<meta property=\"og:site_name\" content=\"Electrolux Professional Magyarorsz\u00e1g\" \/>\n<meta property=\"article:modified_time\" content=\"2025-11-05T14:51:32+00:00\" \/>\n<meta name=\"twitter:card\" content=\"summary_large_image\" \/>\n<meta name=\"twitter:label1\" content=\"Becs\u00fclt olvas\u00e1si id\u0151\" \/>\n\t<meta name=\"twitter:data1\" content=\"2 perc\" \/>\n<script type=\"application\/ld+json\" class=\"yoast-schema-graph\">{\"@context\":\"https:\/\/schema.org\",\"@graph\":[{\"@type\":\"WebPage\",\"@id\":\"https:\/\/www.electroluxprofessional.com\/hu\/hamozas-tisztitas-es-szaritas\/\",\"url\":\"https:\/\/www.electroluxprofessional.com\/hu\/hamozas-tisztitas-es-szaritas\/\",\"name\":\"H\u00e1moz\u00e1s, tiszt\u00edt\u00e1s \u00e9s sz\u00e1r\u00edt\u00e1s - Electrolux Professional Magyarorsz\u00e1g\",\"isPartOf\":{\"@id\":\"https:\/\/www.electroluxprofessional.com\/hu\/#website\"},\"datePublished\":\"2017-05-15T08:49:57+00:00\",\"dateModified\":\"2025-11-05T14:51:32+00:00\",\"breadcrumb\":{\"@id\":\"https:\/\/www.electroluxprofessional.com\/hu\/hamozas-tisztitas-es-szaritas\/#breadcrumb\"},\"inLanguage\":\"hu\",\"potentialAction\":[{\"@type\":\"ReadAction\",\"target\":[\"https:\/\/www.electroluxprofessional.com\/hu\/hamozas-tisztitas-es-szaritas\/\"]}]},{\"@type\":\"BreadcrumbList\",\"@id\":\"https:\/\/www.electroluxprofessional.com\/hu\/hamozas-tisztitas-es-szaritas\/#breadcrumb\",\"itemListElement\":[{\"@type\":\"ListItem\",\"position\":1,\"name\":\"Home\",\"item\":\"https:\/\/www.electroluxprofessional.com\/hu\/\"},{\"@type\":\"ListItem\",\"position\":2,\"name\":\"H\u00e1moz\u00e1s, tiszt\u00edt\u00e1s \u00e9s sz\u00e1r\u00edt\u00e1s\"}]},{\"@type\":\"WebSite\",\"@id\":\"https:\/\/www.electroluxprofessional.com\/hu\/#website\",\"url\":\"https:\/\/www.electroluxprofessional.com\/hu\/\",\"name\":\"Electrolux Professional Magyarorsz\u00e1g\",\"description\":\"\",\"potentialAction\":[{\"@type\":\"SearchAction\",\"target\":{\"@type\":\"EntryPoint\",\"urlTemplate\":\"https:\/\/www.electroluxprofessional.com\/hu\/?src={search_term_string}\"},\"query-input\":\"required name=search_term_string\"}],\"inLanguage\":\"hu\"}]}<\/script>\n<!-- \/ Yoast SEO plugin. -->","yoast_head_json":{"title":"H\u00e1moz\u00e1s, tiszt\u00edt\u00e1s \u00e9s sz\u00e1r\u00edt\u00e1s - Electrolux Professional Magyarorsz\u00e1g","robots":{"index":"index","follow":"follow","max-snippet":"max-snippet:-1","max-image-preview":"max-image-preview:large","max-video-preview":"max-video-preview:-1"},"canonical":"https:\/\/www.electroluxprofessional.com\/hu\/hamozas-tisztitas-es-szaritas\/","og_locale":"hu_HU","og_type":"article","og_title":"H\u00e1moz\u00e1s, tiszt\u00edt\u00e1s \u00e9s sz\u00e1r\u00edt\u00e1s - Electrolux Professional Magyarorsz\u00e1g","og_description":"[vc_row full_width=&#8221;electroluxpro-full-width-no-padding&#8221;][vc_column][elx_image_block background_image=&#8221;1844&#8243; minimum_height=&#8221;400px&#8221;][\/vc_column][\/vc_row][vc_row][vc_column][vc_empty_space][elx_heading font_container=&#8221;h1&#8243; font_size=&#8221;h2&#8243; text_color=&#8221;inherit&#8221; text_align=&#8221;text-center&#8221;]H\u00e1mozzon, tiszt\u00edtson \u00e9s sz\u00e1r\u00edtson k\u00e9sz\u00fcl\u00e9keinkkel[\/elx_heading][vc_empty_space][\/vc_column][\/vc_row][vc_row][vc_column][elx_heading text_color=&#8221;inherit&#8221; text_align=&#8221;text-center&#8221;]T\u00f6bbfunkci\u00f3s h\u00e1moz\u00f3 berendez\u00e9sek[\/elx_heading][\/vc_column][\/vc_row][vc_row][vc_column width=&#8221;1\/4&#8243;][vc_single_image image=&#8221;1845&#8243; img_size=&#8221;full&#8221;][\/vc_column][vc_column width=&#8221;3\/4&#8243;][vc_empty_space][vc_column_text]Az Electrolux Professional h\u00e1moz\u00f3 berendez\u00e9sei alkalmasak burgony\u00e1k, kagyl\u00f3k, z\u00f6lds\u00e9gek h\u00e1moz\u00e1s\u00e1ra, tiszt\u00edt\u00e1s\u00e1ra. D\u00f6rzst\u00e1rcsa sz\u00e1ll\u00edtott tartoz\u00e9kk\u00e9nt a magas min\u0151s\u00e9g\u0171 v\u00e9geredm\u00e9ny\u00e9rt. H\u00e1moz\u00f3 k\u00e9sz\u00fcl\u00e9keink k\u00fcl\u00f6nb\u00f6z\u0151 m\u00e9retben \u00e9rhet\u0151ek el: 80 kg\/\u00f3ra kapacit\u00e1st\u00f3l 400 kg\/\u00f3ra kapacit\u00e1sig. A v\u00edz\u00e1ll\u00f3, \u00e9rint\u0151gombos kezel\u0151i panel egyszer\u0171 [&hellip;]","og_url":"https:\/\/www.electroluxprofessional.com\/hu\/hamozas-tisztitas-es-szaritas\/","og_site_name":"Electrolux Professional Magyarorsz\u00e1g","article_modified_time":"2025-11-05T14:51:32+00:00","twitter_card":"summary_large_image","twitter_misc":{"Becs\u00fclt olvas\u00e1si id\u0151":"2 perc"},"schema":{"@context":"https:\/\/schema.org","@graph":[{"@type":"WebPage","@id":"https:\/\/www.electroluxprofessional.com\/hu\/hamozas-tisztitas-es-szaritas\/","url":"https:\/\/www.electroluxprofessional.com\/hu\/hamozas-tisztitas-es-szaritas\/","name":"H\u00e1moz\u00e1s, tiszt\u00edt\u00e1s \u00e9s sz\u00e1r\u00edt\u00e1s - Electrolux Professional Magyarorsz\u00e1g","isPartOf":{"@id":"https:\/\/www.electroluxprofessional.com\/hu\/#website"},"datePublished":"2017-05-15T08:49:57+00:00","dateModified":"2025-11-05T14:51:32+00:00","breadcrumb":{"@id":"https:\/\/www.electroluxprofessional.com\/hu\/hamozas-tisztitas-es-szaritas\/#breadcrumb"},"inLanguage":"hu","potentialAction":[{"@type":"ReadAction","target":["https:\/\/www.electroluxprofessional.com\/hu\/hamozas-tisztitas-es-szaritas\/"]}]},{"@type":"BreadcrumbList","@id":"https:\/\/www.electroluxprofessional.com\/hu\/hamozas-tisztitas-es-szaritas\/#breadcrumb","itemListElement":[{"@type":"ListItem","position":1,"name":"Home","item":"https:\/\/www.electroluxprofessional.com\/hu\/"},{"@type":"ListItem","position":2,"name":"H\u00e1moz\u00e1s, tiszt\u00edt\u00e1s \u00e9s sz\u00e1r\u00edt\u00e1s"}]},{"@type":"WebSite","@id":"https:\/\/www.electroluxprofessional.com\/hu\/#website","url":"https:\/\/www.electroluxprofessional.com\/hu\/","name":"Electrolux Professional Magyarorsz\u00e1g","description":"","potentialAction":[{"@type":"SearchAction","target":{"@type":"EntryPoint","urlTemplate":"https:\/\/www.electroluxprofessional.com\/hu\/?src={search_term_string}"},"query-input":"required name=search_term_string"}],"inLanguage":"hu"}]}},"_links":{"self":[{"href":"https:\/\/www.electroluxprofessional.com\/hu\/wp-json\/wp\/v2\/pages\/2313"}],"collection":[{"href":"https:\/\/www.electroluxprofessional.com\/hu\/wp-json\/wp\/v2\/pages"}],"about":[{"href":"https:\/\/www.electroluxprofessional.com\/hu\/wp-json\/wp\/v2\/types\/page"}],"author":[{"embeddable":true,"href":"https:\/\/www.electroluxprofessional.com\/hu\/wp-json\/wp\/v2\/users\/3"}],"replies":[{"embeddable":true,"href":"https:\/\/www.electroluxprofessional.com\/hu\/wp-json\/wp\/v2\/comments?post=2313"}],"version-history":[{"count":16,"href":"https:\/\/www.electroluxprofessional.com\/hu\/wp-json\/wp\/v2\/pages\/2313\/revisions"}],"predecessor-version":[{"id":9743,"href":"https:\/\/www.electroluxprofessional.com\/hu\/wp-json\/wp\/v2\/pages\/2313\/revisions\/9743"}],"wp:attachment":[{"href":"https:\/\/www.electroluxprofessional.com\/hu\/wp-json\/wp\/v2\/media?parent=2313"}],"curies":[{"name":"wp","href":"https:\/\/api.w.org\/{rel}","templated":true}]}}