{"id":2292,"date":"2017-05-15T08:44:49","date_gmt":"2017-05-15T08:44:49","guid":{"rendered":"https:\/\/www.electroluxprofessional.com\/hu\/?page_id=2292"},"modified":"2025-11-05T14:51:55","modified_gmt":"2025-11-05T14:51:55","slug":"dagasztas-habveres-tesztanyujtas","status":"publish","type":"page","link":"https:\/\/www.electroluxprofessional.com\/hu\/dagasztas-habveres-tesztanyujtas\/","title":{"rendered":"Dagaszt\u00e1s, habver\u00e9s, t\u00e9sztany\u00fajt\u00e1s"},"content":{"rendered":"<p>[vc_row full_width=&#8221;electroluxpro-full-width-no-padding&#8221;][vc_column][elx_image_block background_image=&#8221;1849&#8243; minimum_height=&#8221;400px&#8221;][\/vc_column][\/vc_row][vc_row][vc_column][vc_empty_space][elx_heading font_container=&#8221;h1&#8243; font_size=&#8221;h2&#8243; text_color=&#8221;inherit&#8221; text_align=&#8221;text-center&#8221;]Az Electrolux Professional a t\u00e9sztadagaszt\u00f3k \u00e9s t\u00e9sztany\u00fajt\u00f3k sz\u00e9les sk\u00e1l\u00e1j\u00e1t k\u00edn\u00e1lja, melyek ide\u00e1lisak cukr\u00e1szd\u00e1k, p\u00e9ks\u00e9gek, pizz\u00e9ri\u00e1k sz\u00e1m\u00e1ra[\/elx_heading][vc_empty_space][elx_heading text_color=&#8221;inherit&#8221; text_align=&#8221;text-center&#8221;]<strong>Dagaszt\u00f3 g\u00e9pek<\/strong>[\/elx_heading][\/vc_column][\/vc_row][vc_row][vc_column width=&#8221;3\/4&#8243;][vc_column_text]A mindig t\u00f6k\u00e9letes t\u00e9szta.<\/p>\n<p><strong>A dagaszt\u00f3g\u00e9p <\/strong>a legjobb v\u00e1laszt\u00e1s a professzion\u00e1lis p\u00e9ks\u00e9gek \u00e9s pizz\u00e9ri\u00e1k sz\u00e1m\u00e1ra. <strong>Vill\u00e1s \u00e9s spir\u00e1lis dagaszt\u00f3g\u00e9pek<\/strong>et k\u00edn\u00e1lunk, kifejezetten keny\u00e9rf\u00e9l\u00e9k, pizzat\u00e9szt\u00e1k \u00e9s p\u00e9ks\u00fctem\u00e9nyek elk\u00e9sz\u00edt\u00e9s\u00e9hez.<\/p>\n<p>Az<strong> optim\u00e1lis min\u0151s\u00e9g <\/strong>el\u00e9r\u00e9s\u00e9hez v\u00e1laszthat az alacsony sebess\u00e9g (a trad\u00edcion\u00e1lis dagaszt\u00e1shoz) \u00e9s a gyorsabb sebess\u00e9g k\u00f6z\u00f6tt.<\/p>\n<p>A dagaszt\u00f3g\u00e9p kezel\u0151i panele felhaszn\u00e1l\u00f3bar\u00e1t, \u00e9rint\u0151gombos, s a <strong>prec\u00edz vez\u00e9rl\u00e9s<\/strong> \u00e9rdek\u00e9ben id\u0151z\u00edt\u0151vel ell\u00e1tott.<\/p>\n<p>Tov\u00e1bb\u00e1, egy <strong>biztons\u00e1gi egys\u00e9g<\/strong> le\u00e1ll\u00edtja a k\u00e9sz\u00fcl\u00e9ket, ha a v\u00e9d\u0151lemezt felnyitj\u00e1k.[\/vc_column_text][\/vc_column][vc_column width=&#8221;1\/4&#8243;][vc_single_image image=&#8221;1850&#8243; img_size=&#8221;full&#8221;][\/vc_column][\/vc_row][vc_row][vc_column][elx_heading text_color=&#8221;inherit&#8221; text_align=&#8221;text-center&#8221;]<strong>Habver\u0151 kever\u0151g\u00e9pek<\/strong>[\/elx_heading][vc_empty_space][\/vc_column][\/vc_row][vc_row][vc_column width=&#8221;1\/4&#8243;][vc_single_image image=&#8221;1851&#8243; img_size=&#8221;full&#8221;][\/vc_column][vc_column width=&#8221;3\/4&#8243;][vc_column_text]Maxim\u00e1lis teljes\u00edtm\u00e9ny. Kompakt \u00e9s er\u0151teljes. Tart\u00f3ss\u00e1g.<\/p>\n<p>Sz\u00e9les term\u00e9kk\u00edn\u00e1lat: 5 &#8211; 80 literes modellek.<br \/>\nAz alapanyagok m\u0171k\u00f6d\u00e9s k\u00f6zben is egyszer\u0171en adagolhat\u00f3ak.<br \/>\n\u201cClip\u201d rendszer: csavarok n\u00e9lk\u00fcli, mely egyszer\u0171v\u00e9 teszi a sz\u00e9tszerel\u00e9st \u00e9s tiszt\u00edt\u00e1st.<\/p>\n<p>Kiv\u00e1l\u00f3 dagaszt\u00e1si, kever\u00e9si \u00e9s habver\u00e9si teljes\u00edtm\u00e9ny az al\u00e1bbiaknak k\u00f6sz\u00f6nhet\u0151en:<\/p>\n<ul>\n<li>exkluz\u00edv k\u00fcls\u0151<\/li>\n<li>v\u00e1ltoztathat\u00f3 sebess\u00e9g<\/li>\n<li>a szersz\u00e1mok t\u00f6k\u00e9letesen illeszkednek az \u00fcst alakj\u00e1hoz, \u00edgy kisebb mennyis\u00e9g\u0171 \u00e9tel is elk\u00e9sz\u00edthet\u0151<\/li>\n<\/ul>\n<p>[\/vc_column_text][\/vc_column][\/vc_row][vc_row][vc_column][elx_heading text_color=&#8221;inherit&#8221; text_align=&#8221;text-center&#8221;]<strong>T\u00e9sztany\u00fajt\u00f3k<\/strong>[\/elx_heading][vc_empty_space][\/vc_column][\/vc_row][vc_row][vc_column width=&#8221;1\/3&#8243;][vc_column_text]<strong>Manu\u00e1lis t\u00e9sztany\u00fajt\u00f3<br \/>\n<\/strong><\/p>\n<ul>\n<li>Kompakt, egyszer\u0171 mozgatni<\/li>\n<li>Teflon bor\u00edt\u00e1s\u00fa hengerek (\u00d8 60 mm)<\/li>\n<li>M\u0171k\u00f6d\u00e9si sz\u00e9less\u00e9g: 400 mm<\/li>\n<li>Levehet\u0151, rozsdamentes ac\u00e9l oldallapok<\/li>\n<\/ul>\n<p>[\/vc_column_text][vc_single_image image=&#8221;1852&#8243; img_size=&#8221;full&#8221;][\/vc_column][vc_column width=&#8221;1\/3&#8243;][vc_column_text]<strong>Motoriz\u00e1lt t\u00e9sztany\u00fajt\u00f3<br \/>\n<\/strong><\/p>\n<ul>\n<li>Biztons\u00e1gi r\u00e1cs<\/li>\n<li>Teflon bor\u00edt\u00e1s\u00fa, levehet\u0151 oldallapok, melyen k\u00f6nnyed\u00e9n cs\u00faszik a t\u00e9szta<\/li>\n<li>Kr\u00f3mozott ac\u00e9l hengerek (\u00d8 60 mm), melyek<br \/>\n\u00e1ll\u00edthat\u00f3ak a k\u00edv\u00e1nt vastags\u00e1ghoz igaz\u00edtva<\/li>\n<li>Manu\u00e1lis kar a henger forg\u00e1s\u00e1nak megford\u00edt\u00e1s\u00e1hoz<\/li>\n<li>Liszttart\u00f3 ed\u00e9ny a k\u00e9sz\u00fcl\u00e9k tetej\u00e9n<\/li>\n<li>L\u00e1bped\u00e1l a forg\u00e1s ir\u00e1ny\u00e1nak megv\u00e1ltoztat\u00e1s\u00e1hoz (opcion\u00e1lis tartoz\u00e9k)<\/li>\n<\/ul>\n<p>[\/vc_column_text][\/vc_column][vc_column width=&#8221;1\/3&#8243;][vc_column_text]<strong>Motoriz\u00e1lt szalagos t\u00e9sztany\u00fajt\u00f3<br \/>\n<\/strong><\/p>\n<ul>\n<li>1 vagy v\u00e1ltoztathat\u00f3 sebess\u00e9g modellek<\/li>\n<li>Helymegtakar\u00edt\u00e1s c\u00e9lj\u00e1b\u00f3l az asztalok felnyithat\u00f3ak<\/li>\n<li>Huzalr\u00e1cs biztons\u00e1gi mikrokapcsol\u00f3val, amely le\u00e1ll\u00edtja a motort,<br \/>\nha egy bizonyos szint f\u00f6l\u00e9 nyitj\u00e1k az asztalt<\/li>\n<li>Manu\u00e1lis kar a henger forg\u00e1s\u00e1nak megford\u00edt\u00e1s\u00e1hoz<\/li>\n<li>M\u0171k\u00f6d\u00e9si sz\u00e9less\u00e9g: 500 mm vagy 600 mm<br \/>\n(modellt\u0151l f\u00fcgg)<\/li>\n<li>Liszttart\u00f3 ed\u00e9ny a k\u00e9sz\u00fcl\u00e9k tetej\u00e9n<\/li>\n<li>L\u00e1bped\u00e1l a forg\u00e1s ir\u00e1ny\u00e1nak megv\u00e1ltoztat\u00e1s\u00e1hoz<br \/>\n(opcion\u00e1lis tartoz\u00e9k)<\/li>\n<\/ul>\n<p>[\/vc_column_text][\/vc_column][\/vc_row][vc_row][vc_column][vc_empty_space height=&#8221;50px&#8221;][\/vc_column][\/vc_row][vc_row][vc_column width=&#8221;1\/3&#8243;][elx_download_block text=&#8221;Az el\u0151k\u00e9sz\u00edt\u0151 g\u00e9pek<br \/>\nkatal\u00f3gusa&#8221; link=&#8221;files.professional.electrolux.com\/docs\/?n=BR-9JEEL&amp;b=5&amp;l=1&#8243; background_color=&#8221;hotels&#8221; reveal_effect=&#8221;&#8221; reveal_duration=&#8221;&#8221; reveal_delay=&#8221;&#8221;][\/vc_column][vc_column width=&#8221;1\/3&#8243;][elx_download_block text=&#8221;EMIX<br \/>\n5,5 literes habver\u0151-kever\u0151g\u00e9pek&#8221; link=&#8221;files.professional.electrolux.com\/docs\/?n=CLF-9JE00086&amp;b=5&amp;l=1&#8243; background_color=&#8221;hotels&#8221; reveal_effect=&#8221;&#8221; reveal_duration=&#8221;&#8221; reveal_delay=&#8221;&#8221;][\/vc_column][vc_column width=&#8221;1\/3&#8243;][elx_download_block text=&#8221;BE5 &amp; BE8<br \/>\nhabver\u0151-kever\u0151g\u00e9pek&#8221; link=&#8221;files.professional.electrolux.com\/docs\/?n=CLF-9JEHF&amp;b=5&amp;l=1&#8243; background_color=&#8221;hotels&#8221; reveal_effect=&#8221;&#8221; reveal_duration=&#8221;&#8221; reveal_delay=&#8221;&#8221;][\/vc_column][\/vc_row][vc_row][vc_column][vc_empty_space height=&#8221;50px&#8221;][elx_heading font_size=&#8221;h3&#8243; text_color=&#8221;inherit&#8221; text_align=&#8221;text-center&#8221;]Tal\u00e1lja meg az \u00d6n \u00fczlete sz\u00e1m\u00e1ra ide\u00e1lis csomagot[\/elx_heading][\/vc_column][\/vc_row][vc_row][vc_column width=&#8221;1\/3&#8243;][elx_maylike_box id_box=&#8221;3770&#8243; matched_labels=&#8221;&#8221;][\/vc_column][vc_column width=&#8221;1\/3&#8243;][elx_maylike_box id_box=&#8221;4126&#8243; matched_labels=&#8221;&#8221;][\/vc_column][vc_column width=&#8221;1\/3&#8243;][elx_maylike_box id_box=&#8221;3673&#8243; matched_labels=&#8221;&#8221;][\/vc_column][\/vc_row][vc_row][vc_column][vc_empty_space height=&#8221;50px&#8221;][elx_heading text_color=&#8221;inherit&#8221; text_align=&#8221;text-center&#8221;]Fedezze fel az Electrolux Professional dagaszt\u00f3g\u00e9peit, t\u00e9sztany\u00fajt\u00f3it[\/elx_heading][elx_o2000_contact_us r=&#8221;Szeretn\u00e9k t\u00f6bb inform\u00e1ci\u00f3t kapni err\u0151l a term\u00e9kr\u0151l Dagaszt\u00e1s, habver\u00e9s, t\u00e9sztany\u00fajt\u00e1s. K\u00e9rem, vegy\u00e9k fel velem a kapcsolatot.&#8221; s=&#8221;Inform\u00e1ci\u00f3 k\u00e9r\u00e9s err\u0151l a term\u00e9kr\u0151l Dagaszt\u00e1s, habver\u00e9s, t\u00e9sztany\u00fajt\u00e1s&#8221; country=&#8221;Hungary&#8221; l=&#8221;hu&#8221; container=&#8221;elxcontactus1480081277&#8243;][vc_empty_space height=&#8221;50px&#8221;][\/vc_column][\/vc_row]<\/p>\n","protected":false},"excerpt":{"rendered":"<p>[vc_row full_width=&#8221;electroluxpro-full-width-no-padding&#8221;][vc_column][elx_image_block background_image=&#8221;1849&#8243; minimum_height=&#8221;400px&#8221;][\/vc_column][\/vc_row][vc_row][vc_column][vc_empty_space][elx_heading font_container=&#8221;h1&#8243; font_size=&#8221;h2&#8243; text_color=&#8221;inherit&#8221; text_align=&#8221;text-center&#8221;]Az Electrolux Professional a t\u00e9sztadagaszt\u00f3k \u00e9s t\u00e9sztany\u00fajt\u00f3k sz\u00e9les sk\u00e1l\u00e1j\u00e1t k\u00edn\u00e1lja, melyek ide\u00e1lisak cukr\u00e1szd\u00e1k, p\u00e9ks\u00e9gek, pizz\u00e9ri\u00e1k sz\u00e1m\u00e1ra[\/elx_heading][vc_empty_space][elx_heading text_color=&#8221;inherit&#8221; text_align=&#8221;text-center&#8221;]Dagaszt\u00f3 g\u00e9pek[\/elx_heading][\/vc_column][\/vc_row][vc_row][vc_column width=&#8221;3\/4&#8243;][vc_column_text]A mindig t\u00f6k\u00e9letes t\u00e9szta. A dagaszt\u00f3g\u00e9p a legjobb v\u00e1laszt\u00e1s a professzion\u00e1lis p\u00e9ks\u00e9gek \u00e9s pizz\u00e9ri\u00e1k sz\u00e1m\u00e1ra. Vill\u00e1s \u00e9s spir\u00e1lis dagaszt\u00f3g\u00e9peket k\u00edn\u00e1lunk, kifejezetten keny\u00e9rf\u00e9l\u00e9k, pizzat\u00e9szt\u00e1k \u00e9s p\u00e9ks\u00fctem\u00e9nyek elk\u00e9sz\u00edt\u00e9s\u00e9hez. Az optim\u00e1lis min\u0151s\u00e9g [&hellip;]<\/p>\n","protected":false},"author":3,"featured_media":0,"parent":0,"menu_order":0,"comment_status":"closed","ping_status":"closed","template":"","meta":{"footnotes":""},"class_list":["post-2292","page","type-page","status-publish","hentry"],"yoast_head":"<!-- This site is optimized with the Yoast SEO plugin v23.3 - https:\/\/yoast.com\/wordpress\/plugins\/seo\/ -->\n<title>Dagaszt\u00e1s, habver\u00e9s, t\u00e9sztany\u00fajt\u00e1s - Electrolux Professional Magyarorsz\u00e1g<\/title>\n<meta name=\"robots\" content=\"index, follow, max-snippet:-1, max-image-preview:large, max-video-preview:-1\" \/>\n<link rel=\"canonical\" href=\"https:\/\/www.electroluxprofessional.com\/hu\/dagasztas-habveres-tesztanyujtas\/\" \/>\n<meta property=\"og:locale\" content=\"hu_HU\" \/>\n<meta property=\"og:type\" content=\"article\" \/>\n<meta property=\"og:title\" content=\"Dagaszt\u00e1s, habver\u00e9s, t\u00e9sztany\u00fajt\u00e1s - Electrolux Professional Magyarorsz\u00e1g\" \/>\n<meta property=\"og:description\" content=\"[vc_row full_width=&#8221;electroluxpro-full-width-no-padding&#8221;][vc_column][elx_image_block background_image=&#8221;1849&#8243; minimum_height=&#8221;400px&#8221;][\/vc_column][\/vc_row][vc_row][vc_column][vc_empty_space][elx_heading font_container=&#8221;h1&#8243; font_size=&#8221;h2&#8243; text_color=&#8221;inherit&#8221; text_align=&#8221;text-center&#8221;]Az Electrolux Professional a t\u00e9sztadagaszt\u00f3k \u00e9s t\u00e9sztany\u00fajt\u00f3k sz\u00e9les sk\u00e1l\u00e1j\u00e1t k\u00edn\u00e1lja, melyek ide\u00e1lisak cukr\u00e1szd\u00e1k, p\u00e9ks\u00e9gek, pizz\u00e9ri\u00e1k sz\u00e1m\u00e1ra[\/elx_heading][vc_empty_space][elx_heading text_color=&#8221;inherit&#8221; text_align=&#8221;text-center&#8221;]Dagaszt\u00f3 g\u00e9pek[\/elx_heading][\/vc_column][\/vc_row][vc_row][vc_column width=&#8221;3\/4&#8243;][vc_column_text]A mindig t\u00f6k\u00e9letes t\u00e9szta. A dagaszt\u00f3g\u00e9p a legjobb v\u00e1laszt\u00e1s a professzion\u00e1lis p\u00e9ks\u00e9gek \u00e9s pizz\u00e9ri\u00e1k sz\u00e1m\u00e1ra. Vill\u00e1s \u00e9s spir\u00e1lis dagaszt\u00f3g\u00e9peket k\u00edn\u00e1lunk, kifejezetten keny\u00e9rf\u00e9l\u00e9k, pizzat\u00e9szt\u00e1k \u00e9s p\u00e9ks\u00fctem\u00e9nyek elk\u00e9sz\u00edt\u00e9s\u00e9hez. Az optim\u00e1lis min\u0151s\u00e9g [&hellip;]\" \/>\n<meta property=\"og:url\" content=\"https:\/\/www.electroluxprofessional.com\/hu\/dagasztas-habveres-tesztanyujtas\/\" \/>\n<meta property=\"og:site_name\" content=\"Electrolux Professional Magyarorsz\u00e1g\" \/>\n<meta property=\"article:modified_time\" content=\"2025-11-05T14:51:55+00:00\" \/>\n<meta name=\"twitter:card\" content=\"summary_large_image\" \/>\n<meta name=\"twitter:label1\" content=\"Becs\u00fclt olvas\u00e1si id\u0151\" \/>\n\t<meta name=\"twitter:data1\" content=\"3 perc\" \/>\n<script type=\"application\/ld+json\" class=\"yoast-schema-graph\">{\"@context\":\"https:\/\/schema.org\",\"@graph\":[{\"@type\":\"WebPage\",\"@id\":\"https:\/\/www.electroluxprofessional.com\/hu\/dagasztas-habveres-tesztanyujtas\/\",\"url\":\"https:\/\/www.electroluxprofessional.com\/hu\/dagasztas-habveres-tesztanyujtas\/\",\"name\":\"Dagaszt\u00e1s, habver\u00e9s, t\u00e9sztany\u00fajt\u00e1s - Electrolux Professional Magyarorsz\u00e1g\",\"isPartOf\":{\"@id\":\"https:\/\/www.electroluxprofessional.com\/hu\/#website\"},\"datePublished\":\"2017-05-15T08:44:49+00:00\",\"dateModified\":\"2025-11-05T14:51:55+00:00\",\"breadcrumb\":{\"@id\":\"https:\/\/www.electroluxprofessional.com\/hu\/dagasztas-habveres-tesztanyujtas\/#breadcrumb\"},\"inLanguage\":\"hu\",\"potentialAction\":[{\"@type\":\"ReadAction\",\"target\":[\"https:\/\/www.electroluxprofessional.com\/hu\/dagasztas-habveres-tesztanyujtas\/\"]}]},{\"@type\":\"BreadcrumbList\",\"@id\":\"https:\/\/www.electroluxprofessional.com\/hu\/dagasztas-habveres-tesztanyujtas\/#breadcrumb\",\"itemListElement\":[{\"@type\":\"ListItem\",\"position\":1,\"name\":\"Home\",\"item\":\"https:\/\/www.electroluxprofessional.com\/hu\/\"},{\"@type\":\"ListItem\",\"position\":2,\"name\":\"Dagaszt\u00e1s, habver\u00e9s, t\u00e9sztany\u00fajt\u00e1s\"}]},{\"@type\":\"WebSite\",\"@id\":\"https:\/\/www.electroluxprofessional.com\/hu\/#website\",\"url\":\"https:\/\/www.electroluxprofessional.com\/hu\/\",\"name\":\"Electrolux Professional Magyarorsz\u00e1g\",\"description\":\"\",\"potentialAction\":[{\"@type\":\"SearchAction\",\"target\":{\"@type\":\"EntryPoint\",\"urlTemplate\":\"https:\/\/www.electroluxprofessional.com\/hu\/?src={search_term_string}\"},\"query-input\":\"required name=search_term_string\"}],\"inLanguage\":\"hu\"}]}<\/script>\n<!-- \/ Yoast SEO plugin. -->","yoast_head_json":{"title":"Dagaszt\u00e1s, habver\u00e9s, t\u00e9sztany\u00fajt\u00e1s - Electrolux Professional Magyarorsz\u00e1g","robots":{"index":"index","follow":"follow","max-snippet":"max-snippet:-1","max-image-preview":"max-image-preview:large","max-video-preview":"max-video-preview:-1"},"canonical":"https:\/\/www.electroluxprofessional.com\/hu\/dagasztas-habveres-tesztanyujtas\/","og_locale":"hu_HU","og_type":"article","og_title":"Dagaszt\u00e1s, habver\u00e9s, t\u00e9sztany\u00fajt\u00e1s - Electrolux Professional Magyarorsz\u00e1g","og_description":"[vc_row full_width=&#8221;electroluxpro-full-width-no-padding&#8221;][vc_column][elx_image_block background_image=&#8221;1849&#8243; minimum_height=&#8221;400px&#8221;][\/vc_column][\/vc_row][vc_row][vc_column][vc_empty_space][elx_heading font_container=&#8221;h1&#8243; font_size=&#8221;h2&#8243; text_color=&#8221;inherit&#8221; text_align=&#8221;text-center&#8221;]Az Electrolux Professional a t\u00e9sztadagaszt\u00f3k \u00e9s t\u00e9sztany\u00fajt\u00f3k sz\u00e9les sk\u00e1l\u00e1j\u00e1t k\u00edn\u00e1lja, melyek ide\u00e1lisak cukr\u00e1szd\u00e1k, p\u00e9ks\u00e9gek, pizz\u00e9ri\u00e1k sz\u00e1m\u00e1ra[\/elx_heading][vc_empty_space][elx_heading text_color=&#8221;inherit&#8221; text_align=&#8221;text-center&#8221;]Dagaszt\u00f3 g\u00e9pek[\/elx_heading][\/vc_column][\/vc_row][vc_row][vc_column width=&#8221;3\/4&#8243;][vc_column_text]A mindig t\u00f6k\u00e9letes t\u00e9szta. A dagaszt\u00f3g\u00e9p a legjobb v\u00e1laszt\u00e1s a professzion\u00e1lis p\u00e9ks\u00e9gek \u00e9s pizz\u00e9ri\u00e1k sz\u00e1m\u00e1ra. Vill\u00e1s \u00e9s spir\u00e1lis dagaszt\u00f3g\u00e9peket k\u00edn\u00e1lunk, kifejezetten keny\u00e9rf\u00e9l\u00e9k, pizzat\u00e9szt\u00e1k \u00e9s p\u00e9ks\u00fctem\u00e9nyek elk\u00e9sz\u00edt\u00e9s\u00e9hez. Az optim\u00e1lis min\u0151s\u00e9g [&hellip;]","og_url":"https:\/\/www.electroluxprofessional.com\/hu\/dagasztas-habveres-tesztanyujtas\/","og_site_name":"Electrolux Professional Magyarorsz\u00e1g","article_modified_time":"2025-11-05T14:51:55+00:00","twitter_card":"summary_large_image","twitter_misc":{"Becs\u00fclt olvas\u00e1si id\u0151":"3 perc"},"schema":{"@context":"https:\/\/schema.org","@graph":[{"@type":"WebPage","@id":"https:\/\/www.electroluxprofessional.com\/hu\/dagasztas-habveres-tesztanyujtas\/","url":"https:\/\/www.electroluxprofessional.com\/hu\/dagasztas-habveres-tesztanyujtas\/","name":"Dagaszt\u00e1s, habver\u00e9s, t\u00e9sztany\u00fajt\u00e1s - Electrolux Professional Magyarorsz\u00e1g","isPartOf":{"@id":"https:\/\/www.electroluxprofessional.com\/hu\/#website"},"datePublished":"2017-05-15T08:44:49+00:00","dateModified":"2025-11-05T14:51:55+00:00","breadcrumb":{"@id":"https:\/\/www.electroluxprofessional.com\/hu\/dagasztas-habveres-tesztanyujtas\/#breadcrumb"},"inLanguage":"hu","potentialAction":[{"@type":"ReadAction","target":["https:\/\/www.electroluxprofessional.com\/hu\/dagasztas-habveres-tesztanyujtas\/"]}]},{"@type":"BreadcrumbList","@id":"https:\/\/www.electroluxprofessional.com\/hu\/dagasztas-habveres-tesztanyujtas\/#breadcrumb","itemListElement":[{"@type":"ListItem","position":1,"name":"Home","item":"https:\/\/www.electroluxprofessional.com\/hu\/"},{"@type":"ListItem","position":2,"name":"Dagaszt\u00e1s, habver\u00e9s, t\u00e9sztany\u00fajt\u00e1s"}]},{"@type":"WebSite","@id":"https:\/\/www.electroluxprofessional.com\/hu\/#website","url":"https:\/\/www.electroluxprofessional.com\/hu\/","name":"Electrolux Professional Magyarorsz\u00e1g","description":"","potentialAction":[{"@type":"SearchAction","target":{"@type":"EntryPoint","urlTemplate":"https:\/\/www.electroluxprofessional.com\/hu\/?src={search_term_string}"},"query-input":"required name=search_term_string"}],"inLanguage":"hu"}]}},"_links":{"self":[{"href":"https:\/\/www.electroluxprofessional.com\/hu\/wp-json\/wp\/v2\/pages\/2292"}],"collection":[{"href":"https:\/\/www.electroluxprofessional.com\/hu\/wp-json\/wp\/v2\/pages"}],"about":[{"href":"https:\/\/www.electroluxprofessional.com\/hu\/wp-json\/wp\/v2\/types\/page"}],"author":[{"embeddable":true,"href":"https:\/\/www.electroluxprofessional.com\/hu\/wp-json\/wp\/v2\/users\/3"}],"replies":[{"embeddable":true,"href":"https:\/\/www.electroluxprofessional.com\/hu\/wp-json\/wp\/v2\/comments?post=2292"}],"version-history":[{"count":17,"href":"https:\/\/www.electroluxprofessional.com\/hu\/wp-json\/wp\/v2\/pages\/2292\/revisions"}],"predecessor-version":[{"id":9321,"href":"https:\/\/www.electroluxprofessional.com\/hu\/wp-json\/wp\/v2\/pages\/2292\/revisions\/9321"}],"wp:attachment":[{"href":"https:\/\/www.electroluxprofessional.com\/hu\/wp-json\/wp\/v2\/media?parent=2292"}],"curies":[{"name":"wp","href":"https:\/\/api.w.org\/{rel}","templated":true}]}}