{"id":2286,"date":"2017-05-15T08:47:06","date_gmt":"2017-05-15T08:47:06","guid":{"rendered":"https:\/\/www.electroluxprofessional.com\/hu\/?page_id=2286"},"modified":"2021-04-16T11:13:49","modified_gmt":"2021-04-16T11:13:49","slug":"etjeg-keszito-gepek","status":"publish","type":"page","link":"https:\/\/www.electroluxprofessional.com\/hu\/etjeg-keszito-gepek\/","title":{"rendered":"\u00c9tj\u00e9g k\u00e9sz\u00edt\u0151 g\u00e9pek"},"content":{"rendered":"<p>[vc_row full_width=&#8221;electroluxpro-full-width-no-padding&#8221;][vc_column][elx_image_block background_image=&#8221;607&#8243; minimum_height=&#8221;400px&#8221;][\/vc_column][\/vc_row][vc_row][vc_column][vc_empty_space][elx_heading font_container=&#8221;h1&#8243; font_size=&#8221;h2&#8243; text_color=&#8221;inherit&#8221; text_align=&#8221;text-center&#8221;]\u00c9tj\u00e9g k\u00e9sz\u00edt\u0151 \u00e9s j\u00e9gk\u00e1sa k\u00e9sz\u00edt\u0151 berendez\u00e9sek[\/elx_heading][vc_empty_space height=&#8221;50px&#8221;][\/vc_column][\/vc_row][vc_row][vc_column width=&#8221;1\/2&#8243;][vc_column_text]Az Electrolux<strong> \u00e9tj\u00e9g k\u00e9sz\u00edt\u0151<\/strong> \u00e9s <strong>j\u00e9gk\u00e1sa k\u00e9sz\u00edt\u0151<\/strong> g\u00e9pei mindenf\u00e9le ig\u00e9nyt kiel\u00e9g\u00edtenek.<strong> 21<\/strong> k\u00fcl\u00f6nb\u00f6z\u0151 <strong>modell<\/strong>b\u0151l v\u00e1laszthatnak, <strong>21 &#8211; 200 kg\/nap<\/strong> kapacit\u00e1ssal (<strong>j\u00e9gkocka<\/strong>) vagy <strong>90 &#8211; 500 kg\/nap<\/strong> kapacit\u00e1ssal (<strong>j\u00e9gk\u00e1sa<\/strong>).<\/p>\n<p>A spray rendszer t\u00f6m\u00f6r, krist\u00e1lytiszta j\u00e9gkock\u00e1kat \u00e9s j\u00e9gk\u00e1s\u00e1t k\u00e9sz\u00edt, melyek lassan olvadnak el, \u00edgy nem hig\u00edtj\u00e1k fel azonnal az italt.<\/p>\n<p>Megfelel\u0151 teljes\u00edtm\u00e9ny kem\u00e9ny t\u00e1pv\u00edz eset\u00e9n is. V\u00edzk\u0151k\u00e9pz\u0151d\u00e9st\u0151l mentes j\u00e9gk\u00e9sz\u00edt\u00e9si folyamat.[\/vc_column_text][\/vc_column][vc_column width=&#8221;1\/2&#8243;][vc_single_image image=&#8221;1868&#8243; img_size=&#8221;full&#8221;][\/vc_column][\/vc_row][vc_row][vc_column][vc_empty_space height=&#8221;50px&#8221;][elx_heading font_size=&#8221;h3&#8243; text_color=&#8221;inherit&#8221; text_align=&#8221;text-center&#8221;]Tal\u00e1lja meg az \u00d6n \u00fczlete sz\u00e1m\u00e1ra legide\u00e1lisabb csomagot[\/elx_heading][\/vc_column][\/vc_row][vc_row][vc_column width=&#8221;1\/3&#8243;][elx_maylike_box id_box=&#8221;3770&#8243; matched_labels=&#8221;&#8221;][\/vc_column][vc_column width=&#8221;1\/3&#8243;][elx_maylike_box id_box=&#8221;3673&#8243; matched_labels=&#8221;&#8221;][\/vc_column][vc_column width=&#8221;1\/3&#8243;][elx_maylike_box id_box=&#8221;3771&#8243; matched_labels=&#8221;&#8221;][\/vc_column][\/vc_row][vc_row][vc_column][vc_empty_space height=&#8221;50px&#8221;][elx_heading text_color=&#8221;inherit&#8221; text_align=&#8221;text-center&#8221;]\u00c9rdekl\u0151dj\u00f6n az Electrolux \u00e9tj\u00e9g k\u00e9sz\u00edt\u0151 \u00e9s j\u00e9gk\u00e1sa k\u00e9sz\u00edt\u0151 berendez\u00e9sei ir\u00e1nt[\/elx_heading][elx_o2000_contact_us r=&#8221;Szeretn\u00e9k t\u00f6bb inform\u00e1ci\u00f3t kapni err\u0151l a term\u00e9kr\u0151l \u00c9tj\u00e9g k\u00e9sz\u00edt\u0151 g\u00e9pek. K\u00e9rem, vegy\u00e9k fel velem a kapcsolatot.&#8221; s=&#8221;Inform\u00e1ci\u00f3 k\u00e9r\u00e9s err\u0151l a term\u00e9kr\u0151l \u00c9tj\u00e9g k\u00e9sz\u00edt\u0151 g\u00e9pek&#8221; country=&#8221;Hungary&#8221; l=&#8221;hu&#8221; container=&#8221;elxcontactus1480429564&#8243;][vc_empty_space height=&#8221;50px&#8221;][\/vc_column][\/vc_row]<\/p>\n","protected":false},"excerpt":{"rendered":"<p>[vc_row full_width=&#8221;electroluxpro-full-width-no-padding&#8221;][vc_column][elx_image_block background_image=&#8221;607&#8243; minimum_height=&#8221;400px&#8221;][\/vc_column][\/vc_row][vc_row][vc_column][vc_empty_space][elx_heading font_container=&#8221;h1&#8243; font_size=&#8221;h2&#8243; text_color=&#8221;inherit&#8221; text_align=&#8221;text-center&#8221;]\u00c9tj\u00e9g k\u00e9sz\u00edt\u0151 \u00e9s j\u00e9gk\u00e1sa k\u00e9sz\u00edt\u0151 berendez\u00e9sek[\/elx_heading][vc_empty_space height=&#8221;50px&#8221;][\/vc_column][\/vc_row][vc_row][vc_column width=&#8221;1\/2&#8243;][vc_column_text]Az Electrolux \u00e9tj\u00e9g k\u00e9sz\u00edt\u0151 \u00e9s j\u00e9gk\u00e1sa k\u00e9sz\u00edt\u0151 g\u00e9pei mindenf\u00e9le ig\u00e9nyt kiel\u00e9g\u00edtenek. 21 k\u00fcl\u00f6nb\u00f6z\u0151 modellb\u0151l v\u00e1laszthatnak, 21 &#8211; 200 kg\/nap kapacit\u00e1ssal (j\u00e9gkocka) vagy 90 &#8211; 500 kg\/nap kapacit\u00e1ssal (j\u00e9gk\u00e1sa). A spray rendszer t\u00f6m\u00f6r, krist\u00e1lytiszta j\u00e9gkock\u00e1kat \u00e9s j\u00e9gk\u00e1s\u00e1t k\u00e9sz\u00edt, melyek lassan olvadnak el, [&hellip;]<\/p>\n","protected":false},"author":3,"featured_media":0,"parent":0,"menu_order":0,"comment_status":"closed","ping_status":"closed","template":"","meta":{"footnotes":""},"class_list":["post-2286","page","type-page","status-publish","hentry"],"yoast_head":"<!-- This site is optimized with the Yoast SEO plugin v23.3 - https:\/\/yoast.com\/wordpress\/plugins\/seo\/ -->\n<title>\u00c9tj\u00e9g k\u00e9sz\u00edt\u0151 g\u00e9pek - Electrolux Professional Magyarorsz\u00e1g<\/title>\n<meta name=\"robots\" content=\"index, follow, max-snippet:-1, max-image-preview:large, max-video-preview:-1\" \/>\n<link rel=\"canonical\" href=\"https:\/\/www.electroluxprofessional.com\/hu\/etjeg-keszito-gepek\/\" \/>\n<meta property=\"og:locale\" content=\"hu_HU\" \/>\n<meta property=\"og:type\" content=\"article\" \/>\n<meta property=\"og:title\" content=\"\u00c9tj\u00e9g k\u00e9sz\u00edt\u0151 g\u00e9pek - Electrolux Professional Magyarorsz\u00e1g\" \/>\n<meta property=\"og:description\" content=\"[vc_row full_width=&#8221;electroluxpro-full-width-no-padding&#8221;][vc_column][elx_image_block background_image=&#8221;607&#8243; minimum_height=&#8221;400px&#8221;][\/vc_column][\/vc_row][vc_row][vc_column][vc_empty_space][elx_heading font_container=&#8221;h1&#8243; font_size=&#8221;h2&#8243; text_color=&#8221;inherit&#8221; text_align=&#8221;text-center&#8221;]\u00c9tj\u00e9g k\u00e9sz\u00edt\u0151 \u00e9s j\u00e9gk\u00e1sa k\u00e9sz\u00edt\u0151 berendez\u00e9sek[\/elx_heading][vc_empty_space height=&#8221;50px&#8221;][\/vc_column][\/vc_row][vc_row][vc_column width=&#8221;1\/2&#8243;][vc_column_text]Az Electrolux \u00e9tj\u00e9g k\u00e9sz\u00edt\u0151 \u00e9s j\u00e9gk\u00e1sa k\u00e9sz\u00edt\u0151 g\u00e9pei mindenf\u00e9le ig\u00e9nyt kiel\u00e9g\u00edtenek. 21 k\u00fcl\u00f6nb\u00f6z\u0151 modellb\u0151l v\u00e1laszthatnak, 21 &#8211; 200 kg\/nap kapacit\u00e1ssal (j\u00e9gkocka) vagy 90 &#8211; 500 kg\/nap kapacit\u00e1ssal (j\u00e9gk\u00e1sa). A spray rendszer t\u00f6m\u00f6r, krist\u00e1lytiszta j\u00e9gkock\u00e1kat \u00e9s j\u00e9gk\u00e1s\u00e1t k\u00e9sz\u00edt, melyek lassan olvadnak el, [&hellip;]\" \/>\n<meta property=\"og:url\" content=\"https:\/\/www.electroluxprofessional.com\/hu\/etjeg-keszito-gepek\/\" \/>\n<meta property=\"og:site_name\" content=\"Electrolux Professional Magyarorsz\u00e1g\" \/>\n<meta property=\"article:modified_time\" content=\"2021-04-16T11:13:49+00:00\" \/>\n<meta name=\"twitter:card\" content=\"summary_large_image\" \/>\n<meta name=\"twitter:label1\" content=\"Becs\u00fclt olvas\u00e1si id\u0151\" \/>\n\t<meta name=\"twitter:data1\" content=\"2 perc\" \/>\n<script type=\"application\/ld+json\" class=\"yoast-schema-graph\">{\"@context\":\"https:\/\/schema.org\",\"@graph\":[{\"@type\":\"WebPage\",\"@id\":\"https:\/\/www.electroluxprofessional.com\/hu\/etjeg-keszito-gepek\/\",\"url\":\"https:\/\/www.electroluxprofessional.com\/hu\/etjeg-keszito-gepek\/\",\"name\":\"\u00c9tj\u00e9g k\u00e9sz\u00edt\u0151 g\u00e9pek - Electrolux Professional Magyarorsz\u00e1g\",\"isPartOf\":{\"@id\":\"https:\/\/www.electroluxprofessional.com\/hu\/#website\"},\"datePublished\":\"2017-05-15T08:47:06+00:00\",\"dateModified\":\"2021-04-16T11:13:49+00:00\",\"breadcrumb\":{\"@id\":\"https:\/\/www.electroluxprofessional.com\/hu\/etjeg-keszito-gepek\/#breadcrumb\"},\"inLanguage\":\"hu\",\"potentialAction\":[{\"@type\":\"ReadAction\",\"target\":[\"https:\/\/www.electroluxprofessional.com\/hu\/etjeg-keszito-gepek\/\"]}]},{\"@type\":\"BreadcrumbList\",\"@id\":\"https:\/\/www.electroluxprofessional.com\/hu\/etjeg-keszito-gepek\/#breadcrumb\",\"itemListElement\":[{\"@type\":\"ListItem\",\"position\":1,\"name\":\"Home\",\"item\":\"https:\/\/www.electroluxprofessional.com\/hu\/\"},{\"@type\":\"ListItem\",\"position\":2,\"name\":\"\u00c9tj\u00e9g k\u00e9sz\u00edt\u0151 g\u00e9pek\"}]},{\"@type\":\"WebSite\",\"@id\":\"https:\/\/www.electroluxprofessional.com\/hu\/#website\",\"url\":\"https:\/\/www.electroluxprofessional.com\/hu\/\",\"name\":\"Electrolux Professional Magyarorsz\u00e1g\",\"description\":\"\",\"potentialAction\":[{\"@type\":\"SearchAction\",\"target\":{\"@type\":\"EntryPoint\",\"urlTemplate\":\"https:\/\/www.electroluxprofessional.com\/hu\/?src={search_term_string}\"},\"query-input\":\"required name=search_term_string\"}],\"inLanguage\":\"hu\"}]}<\/script>\n<!-- \/ Yoast SEO plugin. -->","yoast_head_json":{"title":"\u00c9tj\u00e9g k\u00e9sz\u00edt\u0151 g\u00e9pek - Electrolux Professional Magyarorsz\u00e1g","robots":{"index":"index","follow":"follow","max-snippet":"max-snippet:-1","max-image-preview":"max-image-preview:large","max-video-preview":"max-video-preview:-1"},"canonical":"https:\/\/www.electroluxprofessional.com\/hu\/etjeg-keszito-gepek\/","og_locale":"hu_HU","og_type":"article","og_title":"\u00c9tj\u00e9g k\u00e9sz\u00edt\u0151 g\u00e9pek - Electrolux Professional Magyarorsz\u00e1g","og_description":"[vc_row full_width=&#8221;electroluxpro-full-width-no-padding&#8221;][vc_column][elx_image_block background_image=&#8221;607&#8243; minimum_height=&#8221;400px&#8221;][\/vc_column][\/vc_row][vc_row][vc_column][vc_empty_space][elx_heading font_container=&#8221;h1&#8243; font_size=&#8221;h2&#8243; text_color=&#8221;inherit&#8221; text_align=&#8221;text-center&#8221;]\u00c9tj\u00e9g k\u00e9sz\u00edt\u0151 \u00e9s j\u00e9gk\u00e1sa k\u00e9sz\u00edt\u0151 berendez\u00e9sek[\/elx_heading][vc_empty_space height=&#8221;50px&#8221;][\/vc_column][\/vc_row][vc_row][vc_column width=&#8221;1\/2&#8243;][vc_column_text]Az Electrolux \u00e9tj\u00e9g k\u00e9sz\u00edt\u0151 \u00e9s j\u00e9gk\u00e1sa k\u00e9sz\u00edt\u0151 g\u00e9pei mindenf\u00e9le ig\u00e9nyt kiel\u00e9g\u00edtenek. 21 k\u00fcl\u00f6nb\u00f6z\u0151 modellb\u0151l v\u00e1laszthatnak, 21 &#8211; 200 kg\/nap kapacit\u00e1ssal (j\u00e9gkocka) vagy 90 &#8211; 500 kg\/nap kapacit\u00e1ssal (j\u00e9gk\u00e1sa). A spray rendszer t\u00f6m\u00f6r, krist\u00e1lytiszta j\u00e9gkock\u00e1kat \u00e9s j\u00e9gk\u00e1s\u00e1t k\u00e9sz\u00edt, melyek lassan olvadnak el, [&hellip;]","og_url":"https:\/\/www.electroluxprofessional.com\/hu\/etjeg-keszito-gepek\/","og_site_name":"Electrolux Professional Magyarorsz\u00e1g","article_modified_time":"2021-04-16T11:13:49+00:00","twitter_card":"summary_large_image","twitter_misc":{"Becs\u00fclt olvas\u00e1si id\u0151":"2 perc"},"schema":{"@context":"https:\/\/schema.org","@graph":[{"@type":"WebPage","@id":"https:\/\/www.electroluxprofessional.com\/hu\/etjeg-keszito-gepek\/","url":"https:\/\/www.electroluxprofessional.com\/hu\/etjeg-keszito-gepek\/","name":"\u00c9tj\u00e9g k\u00e9sz\u00edt\u0151 g\u00e9pek - Electrolux Professional Magyarorsz\u00e1g","isPartOf":{"@id":"https:\/\/www.electroluxprofessional.com\/hu\/#website"},"datePublished":"2017-05-15T08:47:06+00:00","dateModified":"2021-04-16T11:13:49+00:00","breadcrumb":{"@id":"https:\/\/www.electroluxprofessional.com\/hu\/etjeg-keszito-gepek\/#breadcrumb"},"inLanguage":"hu","potentialAction":[{"@type":"ReadAction","target":["https:\/\/www.electroluxprofessional.com\/hu\/etjeg-keszito-gepek\/"]}]},{"@type":"BreadcrumbList","@id":"https:\/\/www.electroluxprofessional.com\/hu\/etjeg-keszito-gepek\/#breadcrumb","itemListElement":[{"@type":"ListItem","position":1,"name":"Home","item":"https:\/\/www.electroluxprofessional.com\/hu\/"},{"@type":"ListItem","position":2,"name":"\u00c9tj\u00e9g k\u00e9sz\u00edt\u0151 g\u00e9pek"}]},{"@type":"WebSite","@id":"https:\/\/www.electroluxprofessional.com\/hu\/#website","url":"https:\/\/www.electroluxprofessional.com\/hu\/","name":"Electrolux Professional Magyarorsz\u00e1g","description":"","potentialAction":[{"@type":"SearchAction","target":{"@type":"EntryPoint","urlTemplate":"https:\/\/www.electroluxprofessional.com\/hu\/?src={search_term_string}"},"query-input":"required name=search_term_string"}],"inLanguage":"hu"}]}},"_links":{"self":[{"href":"https:\/\/www.electroluxprofessional.com\/hu\/wp-json\/wp\/v2\/pages\/2286"}],"collection":[{"href":"https:\/\/www.electroluxprofessional.com\/hu\/wp-json\/wp\/v2\/pages"}],"about":[{"href":"https:\/\/www.electroluxprofessional.com\/hu\/wp-json\/wp\/v2\/types\/page"}],"author":[{"embeddable":true,"href":"https:\/\/www.electroluxprofessional.com\/hu\/wp-json\/wp\/v2\/users\/3"}],"replies":[{"embeddable":true,"href":"https:\/\/www.electroluxprofessional.com\/hu\/wp-json\/wp\/v2\/comments?post=2286"}],"version-history":[{"count":10,"href":"https:\/\/www.electroluxprofessional.com\/hu\/wp-json\/wp\/v2\/pages\/2286\/revisions"}],"predecessor-version":[{"id":5672,"href":"https:\/\/www.electroluxprofessional.com\/hu\/wp-json\/wp\/v2\/pages\/2286\/revisions\/5672"}],"wp:attachment":[{"href":"https:\/\/www.electroluxprofessional.com\/hu\/wp-json\/wp\/v2\/media?parent=2286"}],"curies":[{"name":"wp","href":"https:\/\/api.w.org\/{rel}","templated":true}]}}