{"id":2241,"date":"2017-05-15T08:55:30","date_gmt":"2017-05-15T08:55:30","guid":{"rendered":"https:\/\/www.electroluxprofessional.com\/hu\/?page_id=2241"},"modified":"2025-11-05T14:48:28","modified_gmt":"2025-11-05T14:48:28","slug":"rack-type-mosogatogepek","status":"publish","type":"page","link":"https:\/\/www.electroluxprofessional.com\/hu\/rack-type-mosogatogepek\/","title":{"rendered":"Rack Type mosogat\u00f3g\u00e9pek"},"content":{"rendered":"<p>[vc_row full_width=&#8221;electroluxpro-full-width-no-padding&#8221;][vc_column][elx_hero_slider label_text_color=&#8221;inherit&#8221; images=&#8221;1826&#8243;][elx_heading font_container=&#8221;h1&#8243; font_size=&#8221;h2&#8243; text_color=&#8221;inherit&#8221; text_align=&#8221;text-left&#8221;]\u00c1tmen\u0151 rendszer\u0171, kosaras<br \/>\nmosogat\u00f3g\u00e9pek[\/elx_heading][vc_column_text]<\/p>\n<h3>Takar\u00edtson meg vizet, energi\u00e1t \u00e9s vegyszert, kompro-<\/h3>\n<h3>misszumok n\u00e9lk\u00fcl<\/h3>\n<p>[\/vc_column_text][\/elx_hero_slider][\/vc_column][\/vc_row][vc_row][vc_column][vc_empty_space][elx_heading font_size=&#8221;h2&#8243; text_color=&#8221;inherit&#8221; text_align=&#8221;text-center&#8221;]Maxim\u00e1lis mosogat\u00e1si teljes\u00edtm\u00e9ny minim\u00e1lis v\u00edzfogyaszt\u00e1s mellett[\/elx_heading][vc_empty_space][\/vc_column][\/vc_row][vc_row][vc_column width=&#8221;1\/2&#8243;][vc_column_text]A hagyom\u00e1nyos mosogat\u00e1si rendszerekt\u0151l elt\u00e9r\u0151en, az Electrolux Professional Rack Type \u00e1tmen\u0151 rendszer\u0171 mosogat\u00f3g\u00e9pei rendelkeznek IWS egys\u00e9ggel, energia megtakar\u00edt\u00f3 egys\u00e9ggel (ESD) \u00e9s f\u0171t\u0151pump\u00e1val, amelyek kevesebb v\u00edz, energia \u00e9s vegyszerfogyaszt\u00e1st garant\u00e1lnak, ezzel nem gyeng\u00edtve a mosogat\u00e1si teljes\u00edtm\u00e9nyt.<\/p>\n<p>IWS (Ideal Wash System): a legjobb m\u0171k\u00f6d\u00e9si k\u00f6r\u00fclm\u00e9nyeket biztos\u00edtja a k\u00fcl\u00f6n\u00e1ll\u00f3 modulokban &#8211;\u00a0 el\u0151mos\u00f3, mos\u00f3 \u00e9s \u00f6bl\u00edt\u0151 z\u00f3na.<\/p>\n<p>A piszkos ed\u00e9nyt egyszer\u0171en csak be kell tenni a mosogat\u00f3g\u00e9p egyik oldal\u00e1n l\u00e9v\u0151 kos\u00e1rba, s a m\u00e1sik oldalon tiszt\u00e1n, csillog\u00f3an fogja azt megkapni.<\/p>\n<p>Rack Type mosogat\u00f3g\u00e9peink ide\u00e1lisak olyan hotelek, \u00e9ttermek, \u00e9tkezd\u00e9k, k\u00f3rh\u00e1zak sz\u00e1m\u00e1ra, ahol nagy ig\u00e9nybev\u00e9telnek vannak kit\u00e9ve a k\u00e9sz\u00fcl\u00e9kek.[\/vc_column_text][\/vc_column][vc_column width=&#8221;1\/2&#8243;][elx_image_block background_image=&#8221;1821&#8243; minimum_height=&#8221;500px&#8221;][\/vc_column][\/vc_row][vc_row][vc_column][vc_empty_space height=&#8221;50px&#8221;][\/vc_column][\/vc_row][vc_row][vc_column width=&#8221;1\/4&#8243;][elx_image_block background_image=&#8221;1822&#8243; minimum_height=&#8221;300px&#8221;][elx_heading font_size=&#8221;h4&#8243; text_color=&#8221;inherit&#8221; text_align=&#8221;text-center&#8221;]Mosogat\u00e1si teljes\u00edtm\u00e9ny[\/elx_heading][vc_column_text]<\/p>\n<ul>\n<li>\u00daj IWS rendszer az eredm\u00e9nyek optimaliz\u00e1l\u00e1s\u00e1\u00e9rt<\/li>\n<li>Mos\u00f3pumpa DUO konfigur\u00e1ci\u00f3val<\/li>\n<li>Maxim\u00e1lis kontaktidej\u0171 mos\u00f3karok (MWC)<\/li>\n<\/ul>\n<p>[\/vc_column_text][\/vc_column][vc_column width=&#8221;1\/4&#8243;][elx_image_block background_image=&#8221;1823&#8243; minimum_height=&#8221;300px&#8221;][elx_heading font_size=&#8221;h4&#8243; text_color=&#8221;inherit&#8221; text_align=&#8221;text-center&#8221;]A k\u00e9sz\u00fcl\u00e9k tiszt\u00edthat\u00f3s\u00e1ga[\/elx_heading][vc_column_text]<\/p>\n<ul>\n<li>\u00d6nle\u00fcr\u00edt\u0151 mos\u00f3pump\u00e1k<\/li>\n<li>Pr\u00e9selt el\u0151mos\u00f3, mos\u00f3 \u00e9s \u00f6bl\u00edt\u0151 tank<\/li>\n<li>Betekint\u0151 ajt\u00f3 minden modulon<\/li>\n<\/ul>\n<p>[\/vc_column_text][\/vc_column][vc_column width=&#8221;1\/4&#8243;][elx_image_block background_image=&#8221;1824&#8243; minimum_height=&#8221;300px&#8221;][elx_heading font_size=&#8221;h4&#8243; text_color=&#8221;inherit&#8221; text_align=&#8221;text-center&#8221;]K\u00f6lts\u00e9g megtakar\u00edt\u00e1s[\/elx_heading][vc_column_text]<\/p>\n<ul>\n<li>A Duo \u00f6bl\u00edt\u00e9s 50%-nyi v\u00edzfogyaszt\u00e1st takar\u00edt meg<\/li>\n<li>K\u00fcl\u00f6n\u00e1ll\u00f3 el\u0151mos\u00f3 z\u00f3na, nincs sz\u00fcks\u00e9g nagy mennyis\u00e9g\u0171 h\u0171t\u0151v\u00edzre<\/li>\n<li>Ak\u00e1r 75%-os vegyszer megtakar\u00edt\u00e1s<\/li>\n<\/ul>\n<p>[\/vc_column_text][\/vc_column][vc_column width=&#8221;1\/4&#8243;][elx_image_block background_image=&#8221;1825&#8243; minimum_height=&#8221;300px&#8221;][elx_heading font_size=&#8221;h4&#8243; text_color=&#8221;inherit&#8221; text_align=&#8221;text-center&#8221;]Ergon\u00f3mia[\/elx_heading][vc_column_text]<\/p>\n<ul>\n<li>Habos\u00edtott ajt\u00f3k<\/li>\n<li>Alacsony h\u0151m\u00e9rs\u00e9klet\u0171 sz\u00e1r\u00edt\u00e1s<\/li>\n<li>Nagy m\u00e9ret\u0171 ajt\u00f3foganty\u00fak<\/li>\n<\/ul>\n<p>[\/vc_column_text][\/vc_column][\/vc_row][vc_row][vc_column][vc_empty_space height=&#8221;50px&#8221;][\/vc_column][\/vc_row][vc_row][vc_column width=&#8221;1\/3&#8243;][elx_heading font_size=&#8221;h4&#8243; text_color=&#8221;inherit&#8221; text_align=&#8221;text-center&#8221;]El\u0151mos\u00f3 z\u00f3na[\/elx_heading][vc_column_text]Tipikusan ez tartalmazza a legkoszosabb vizet a mosogat\u00f3g\u00e9pben, \u00e9s ez biztos\u00edtja a t\u00f6k\u00e9letes mosogat\u00e1s alapj\u00e1t. Az Electrolux el\u0151mos\u00f3 z\u00f3n\u00e1ja teljesen f\u00fcggetlen a vegyszerrel ell\u00e1tott mos\u00f3z\u00f3n\u00e1ban l\u00e9v\u0151 v\u00edzt\u0151l, \u00e9s csak friss hideg vizet haszn\u00e1l, ezzel megakad\u00e1lyozva, hogy az \u00e9telmarad\u00e9kokban l\u00e9v\u0151 feh\u00e9rj\u00e9k r\u00e1\u00e9gjenek, r\u00e1ragadjanak a t\u00e1ny\u00e9rokra.[\/vc_column_text][\/vc_column][vc_column width=&#8221;1\/3&#8243;][elx_heading font_size=&#8221;h4&#8243; text_color=&#8221;inherit&#8221; text_align=&#8221;text-center&#8221;]Mos\u00f3 z\u00f3na[\/elx_heading][vc_column_text]K\u00fcl\u00f6n\u00e1ll az \u00f6bl\u00edt\u0151 \u00e9s az el\u0151mos\u00f3 z\u00f3n\u00e1t\u00f3l. \u00d6bl\u00edt\u0151szer mentes, amely az\u00e9rt j\u00f3, mert az \u00e1ltal\u00e1ban gyeng\u00edti a mosogat\u00f3szer hat\u00e9konys\u00e1g\u00e1t. Az eredm\u00e9ny a kevesebb vegyszerfogyaszt\u00e1s.[\/vc_column_text][\/vc_column][vc_column width=&#8221;1\/3&#8243;][elx_heading font_size=&#8221;h4&#8243; text_color=&#8221;inherit&#8221; text_align=&#8221;text-center&#8221;]\u00d6bl\u00edt\u0151 z\u00f3na[\/elx_heading][vc_column_text]Elt\u00e1vol\u00edtja az \u00f6sszes vegyszert, minim\u00e1lis v\u00edzfogyaszt\u00e1s mellett.[\/vc_column_text][\/vc_column][\/vc_row][vc_row][vc_column][vc_empty_space height=&#8221;50px&#8221;][\/vc_column][\/vc_row][vc_row][vc_column width=&#8221;1\/3&#8243;][elx_download_block text=&#8221;Modul\u00e1ris rack type&#8221; link=&#8221;files.professional.electrolux.com\/docs\/?n=BR-9JEB7&amp;b=5&amp;l=1&#8243; background_color=&#8221;cat-clean&#8221; reveal_effect=&#8221;&#8221; reveal_duration=&#8221;&#8221; reveal_delay=&#8221;&#8221;][\/vc_column][vc_column width=&#8221;1\/3&#8243;][elx_download_block text=&#8221;Kompakt rack type&#8221; link=&#8221;files.professional.electrolux.com\/docs\/?n=BR-9JEBQ&amp;b=5&amp;l=1&#8243; background_color=&#8221;cat-clean&#8221; reveal_effect=&#8221;&#8221; reveal_duration=&#8221;&#8221; reveal_delay=&#8221;&#8221;][\/vc_column][vc_column width=&#8221;1\/3&#8243;][elx_download_block text=&#8221;Megold\u00e1s v\u00edzkezel\u00e9sre&#8221; link=&#8221;files.professional.electrolux.com\/docs\/?n=CLF-9JER12&amp;b=5&amp;l=1&#8243; background_color=&#8221;cat-clean&#8221; reveal_effect=&#8221;&#8221; reveal_duration=&#8221;&#8221; reveal_delay=&#8221;&#8221;][\/vc_column][\/vc_row][vc_row][vc_column][vc_empty_space height=&#8221;50px&#8221;][\/vc_column][\/vc_row][vc_row][vc_column][elx_heading text_color=&#8221;inherit&#8221; text_align=&#8221;text-center&#8221;]\u00c9rdekl\u0151dj\u00f6n a Rack Type mosogat\u00f3g\u00e9peink ut\u00e1n[\/elx_heading][\/vc_column][\/vc_row][vc_row][vc_column][elx_o2000_contact_us r=&#8221;I would like to find out more about Rack Type dishwashers equipped with the Ideal Wash System (IWS), please get in touch with me.&#8221; s=&#8221;Request of information about Rack Type dishwashers&#8221; country=&#8221;Hungary&#8221; l=&#8221;hu&#8221; b=&#8221;food&#8221; container=&#8221;elxcontactus1479826860&#8243;][vc_empty_space height=&#8221;50px&#8221;][\/vc_column][\/vc_row][vc_row][vc_column][vc_empty_space height=&#8221;50px&#8221;][\/vc_column][\/vc_row][vc_row][vc_column width=&#8221;1\/3&#8243;][elx_maylike_box id_box=&#8221;3673&#8243;][\/vc_column][vc_column width=&#8221;1\/3&#8243;][elx_maylike_box id_box=&#8221;3682&#8243;][\/vc_column][vc_column width=&#8221;1\/3&#8243;][elx_maylike_box id_box=&#8221;3680&#8243;][\/vc_column][\/vc_row]<\/p>\n","protected":false},"excerpt":{"rendered":"<p>[vc_row full_width=&#8221;electroluxpro-full-width-no-padding&#8221;][vc_column][elx_hero_slider label_text_color=&#8221;inherit&#8221; images=&#8221;1826&#8243;][elx_heading font_container=&#8221;h1&#8243; font_size=&#8221;h2&#8243; text_color=&#8221;inherit&#8221; text_align=&#8221;text-left&#8221;]\u00c1tmen\u0151 rendszer\u0171, kosaras mosogat\u00f3g\u00e9pek[\/elx_heading][vc_column_text] Takar\u00edtson meg vizet, energi\u00e1t \u00e9s vegyszert, kompro- misszumok n\u00e9lk\u00fcl [\/vc_column_text][\/elx_hero_slider][\/vc_column][\/vc_row][vc_row][vc_column][vc_empty_space][elx_heading font_size=&#8221;h2&#8243; text_color=&#8221;inherit&#8221; text_align=&#8221;text-center&#8221;]Maxim\u00e1lis mosogat\u00e1si teljes\u00edtm\u00e9ny minim\u00e1lis v\u00edzfogyaszt\u00e1s mellett[\/elx_heading][vc_empty_space][\/vc_column][\/vc_row][vc_row][vc_column width=&#8221;1\/2&#8243;][vc_column_text]A hagyom\u00e1nyos mosogat\u00e1si rendszerekt\u0151l elt\u00e9r\u0151en, az Electrolux Professional Rack Type \u00e1tmen\u0151 rendszer\u0171 mosogat\u00f3g\u00e9pei rendelkeznek IWS egys\u00e9ggel, energia megtakar\u00edt\u00f3 egys\u00e9ggel (ESD) \u00e9s f\u0171t\u0151pump\u00e1val, amelyek kevesebb v\u00edz, energia [&hellip;]<\/p>\n","protected":false},"author":3,"featured_media":0,"parent":0,"menu_order":0,"comment_status":"closed","ping_status":"closed","template":"","meta":{"footnotes":""},"class_list":["post-2241","page","type-page","status-publish","hentry"],"yoast_head":"<!-- This site is optimized with the Yoast SEO plugin v23.3 - https:\/\/yoast.com\/wordpress\/plugins\/seo\/ -->\n<title>Rack Type mosogat\u00f3g\u00e9pek - Electrolux Professional Magyarorsz\u00e1g<\/title>\n<meta name=\"robots\" content=\"index, follow, max-snippet:-1, max-image-preview:large, max-video-preview:-1\" \/>\n<link rel=\"canonical\" href=\"https:\/\/www.electroluxprofessional.com\/hu\/rack-type-mosogatogepek\/\" \/>\n<meta property=\"og:locale\" content=\"hu_HU\" \/>\n<meta property=\"og:type\" content=\"article\" \/>\n<meta property=\"og:title\" content=\"Rack Type mosogat\u00f3g\u00e9pek - Electrolux Professional Magyarorsz\u00e1g\" \/>\n<meta property=\"og:description\" content=\"[vc_row full_width=&#8221;electroluxpro-full-width-no-padding&#8221;][vc_column][elx_hero_slider label_text_color=&#8221;inherit&#8221; images=&#8221;1826&#8243;][elx_heading font_container=&#8221;h1&#8243; font_size=&#8221;h2&#8243; text_color=&#8221;inherit&#8221; text_align=&#8221;text-left&#8221;]\u00c1tmen\u0151 rendszer\u0171, kosaras mosogat\u00f3g\u00e9pek[\/elx_heading][vc_column_text] Takar\u00edtson meg vizet, energi\u00e1t \u00e9s vegyszert, kompro- misszumok n\u00e9lk\u00fcl [\/vc_column_text][\/elx_hero_slider][\/vc_column][\/vc_row][vc_row][vc_column][vc_empty_space][elx_heading font_size=&#8221;h2&#8243; text_color=&#8221;inherit&#8221; text_align=&#8221;text-center&#8221;]Maxim\u00e1lis mosogat\u00e1si teljes\u00edtm\u00e9ny minim\u00e1lis v\u00edzfogyaszt\u00e1s mellett[\/elx_heading][vc_empty_space][\/vc_column][\/vc_row][vc_row][vc_column width=&#8221;1\/2&#8243;][vc_column_text]A hagyom\u00e1nyos mosogat\u00e1si rendszerekt\u0151l elt\u00e9r\u0151en, az Electrolux Professional Rack Type \u00e1tmen\u0151 rendszer\u0171 mosogat\u00f3g\u00e9pei rendelkeznek IWS egys\u00e9ggel, energia megtakar\u00edt\u00f3 egys\u00e9ggel (ESD) \u00e9s f\u0171t\u0151pump\u00e1val, amelyek kevesebb v\u00edz, energia [&hellip;]\" \/>\n<meta property=\"og:url\" content=\"https:\/\/www.electroluxprofessional.com\/hu\/rack-type-mosogatogepek\/\" \/>\n<meta property=\"og:site_name\" content=\"Electrolux Professional Magyarorsz\u00e1g\" \/>\n<meta property=\"article:modified_time\" content=\"2025-11-05T14:48:28+00:00\" \/>\n<meta name=\"twitter:card\" content=\"summary_large_image\" \/>\n<meta name=\"twitter:label1\" content=\"Becs\u00fclt olvas\u00e1si id\u0151\" \/>\n\t<meta name=\"twitter:data1\" content=\"3 perc\" \/>\n<script type=\"application\/ld+json\" class=\"yoast-schema-graph\">{\"@context\":\"https:\/\/schema.org\",\"@graph\":[{\"@type\":\"WebPage\",\"@id\":\"https:\/\/www.electroluxprofessional.com\/hu\/rack-type-mosogatogepek\/\",\"url\":\"https:\/\/www.electroluxprofessional.com\/hu\/rack-type-mosogatogepek\/\",\"name\":\"Rack Type mosogat\u00f3g\u00e9pek - Electrolux Professional Magyarorsz\u00e1g\",\"isPartOf\":{\"@id\":\"https:\/\/www.electroluxprofessional.com\/hu\/#website\"},\"datePublished\":\"2017-05-15T08:55:30+00:00\",\"dateModified\":\"2025-11-05T14:48:28+00:00\",\"breadcrumb\":{\"@id\":\"https:\/\/www.electroluxprofessional.com\/hu\/rack-type-mosogatogepek\/#breadcrumb\"},\"inLanguage\":\"hu\",\"potentialAction\":[{\"@type\":\"ReadAction\",\"target\":[\"https:\/\/www.electroluxprofessional.com\/hu\/rack-type-mosogatogepek\/\"]}]},{\"@type\":\"BreadcrumbList\",\"@id\":\"https:\/\/www.electroluxprofessional.com\/hu\/rack-type-mosogatogepek\/#breadcrumb\",\"itemListElement\":[{\"@type\":\"ListItem\",\"position\":1,\"name\":\"Home\",\"item\":\"https:\/\/www.electroluxprofessional.com\/hu\/\"},{\"@type\":\"ListItem\",\"position\":2,\"name\":\"Rack Type mosogat\u00f3g\u00e9pek\"}]},{\"@type\":\"WebSite\",\"@id\":\"https:\/\/www.electroluxprofessional.com\/hu\/#website\",\"url\":\"https:\/\/www.electroluxprofessional.com\/hu\/\",\"name\":\"Electrolux Professional Magyarorsz\u00e1g\",\"description\":\"\",\"potentialAction\":[{\"@type\":\"SearchAction\",\"target\":{\"@type\":\"EntryPoint\",\"urlTemplate\":\"https:\/\/www.electroluxprofessional.com\/hu\/?src={search_term_string}\"},\"query-input\":\"required name=search_term_string\"}],\"inLanguage\":\"hu\"}]}<\/script>\n<!-- \/ Yoast SEO plugin. -->","yoast_head_json":{"title":"Rack Type mosogat\u00f3g\u00e9pek - Electrolux Professional Magyarorsz\u00e1g","robots":{"index":"index","follow":"follow","max-snippet":"max-snippet:-1","max-image-preview":"max-image-preview:large","max-video-preview":"max-video-preview:-1"},"canonical":"https:\/\/www.electroluxprofessional.com\/hu\/rack-type-mosogatogepek\/","og_locale":"hu_HU","og_type":"article","og_title":"Rack Type mosogat\u00f3g\u00e9pek - Electrolux Professional Magyarorsz\u00e1g","og_description":"[vc_row full_width=&#8221;electroluxpro-full-width-no-padding&#8221;][vc_column][elx_hero_slider label_text_color=&#8221;inherit&#8221; images=&#8221;1826&#8243;][elx_heading font_container=&#8221;h1&#8243; font_size=&#8221;h2&#8243; text_color=&#8221;inherit&#8221; text_align=&#8221;text-left&#8221;]\u00c1tmen\u0151 rendszer\u0171, kosaras mosogat\u00f3g\u00e9pek[\/elx_heading][vc_column_text] Takar\u00edtson meg vizet, energi\u00e1t \u00e9s vegyszert, kompro- misszumok n\u00e9lk\u00fcl [\/vc_column_text][\/elx_hero_slider][\/vc_column][\/vc_row][vc_row][vc_column][vc_empty_space][elx_heading font_size=&#8221;h2&#8243; text_color=&#8221;inherit&#8221; text_align=&#8221;text-center&#8221;]Maxim\u00e1lis mosogat\u00e1si teljes\u00edtm\u00e9ny minim\u00e1lis v\u00edzfogyaszt\u00e1s mellett[\/elx_heading][vc_empty_space][\/vc_column][\/vc_row][vc_row][vc_column width=&#8221;1\/2&#8243;][vc_column_text]A hagyom\u00e1nyos mosogat\u00e1si rendszerekt\u0151l elt\u00e9r\u0151en, az Electrolux Professional Rack Type \u00e1tmen\u0151 rendszer\u0171 mosogat\u00f3g\u00e9pei rendelkeznek IWS egys\u00e9ggel, energia megtakar\u00edt\u00f3 egys\u00e9ggel (ESD) \u00e9s f\u0171t\u0151pump\u00e1val, amelyek kevesebb v\u00edz, energia [&hellip;]","og_url":"https:\/\/www.electroluxprofessional.com\/hu\/rack-type-mosogatogepek\/","og_site_name":"Electrolux Professional Magyarorsz\u00e1g","article_modified_time":"2025-11-05T14:48:28+00:00","twitter_card":"summary_large_image","twitter_misc":{"Becs\u00fclt olvas\u00e1si id\u0151":"3 perc"},"schema":{"@context":"https:\/\/schema.org","@graph":[{"@type":"WebPage","@id":"https:\/\/www.electroluxprofessional.com\/hu\/rack-type-mosogatogepek\/","url":"https:\/\/www.electroluxprofessional.com\/hu\/rack-type-mosogatogepek\/","name":"Rack Type mosogat\u00f3g\u00e9pek - Electrolux Professional Magyarorsz\u00e1g","isPartOf":{"@id":"https:\/\/www.electroluxprofessional.com\/hu\/#website"},"datePublished":"2017-05-15T08:55:30+00:00","dateModified":"2025-11-05T14:48:28+00:00","breadcrumb":{"@id":"https:\/\/www.electroluxprofessional.com\/hu\/rack-type-mosogatogepek\/#breadcrumb"},"inLanguage":"hu","potentialAction":[{"@type":"ReadAction","target":["https:\/\/www.electroluxprofessional.com\/hu\/rack-type-mosogatogepek\/"]}]},{"@type":"BreadcrumbList","@id":"https:\/\/www.electroluxprofessional.com\/hu\/rack-type-mosogatogepek\/#breadcrumb","itemListElement":[{"@type":"ListItem","position":1,"name":"Home","item":"https:\/\/www.electroluxprofessional.com\/hu\/"},{"@type":"ListItem","position":2,"name":"Rack Type mosogat\u00f3g\u00e9pek"}]},{"@type":"WebSite","@id":"https:\/\/www.electroluxprofessional.com\/hu\/#website","url":"https:\/\/www.electroluxprofessional.com\/hu\/","name":"Electrolux Professional Magyarorsz\u00e1g","description":"","potentialAction":[{"@type":"SearchAction","target":{"@type":"EntryPoint","urlTemplate":"https:\/\/www.electroluxprofessional.com\/hu\/?src={search_term_string}"},"query-input":"required name=search_term_string"}],"inLanguage":"hu"}]}},"_links":{"self":[{"href":"https:\/\/www.electroluxprofessional.com\/hu\/wp-json\/wp\/v2\/pages\/2241"}],"collection":[{"href":"https:\/\/www.electroluxprofessional.com\/hu\/wp-json\/wp\/v2\/pages"}],"about":[{"href":"https:\/\/www.electroluxprofessional.com\/hu\/wp-json\/wp\/v2\/types\/page"}],"author":[{"embeddable":true,"href":"https:\/\/www.electroluxprofessional.com\/hu\/wp-json\/wp\/v2\/users\/3"}],"replies":[{"embeddable":true,"href":"https:\/\/www.electroluxprofessional.com\/hu\/wp-json\/wp\/v2\/comments?post=2241"}],"version-history":[{"count":22,"href":"https:\/\/www.electroluxprofessional.com\/hu\/wp-json\/wp\/v2\/pages\/2241\/revisions"}],"predecessor-version":[{"id":9307,"href":"https:\/\/www.electroluxprofessional.com\/hu\/wp-json\/wp\/v2\/pages\/2241\/revisions\/9307"}],"wp:attachment":[{"href":"https:\/\/www.electroluxprofessional.com\/hu\/wp-json\/wp\/v2\/media?parent=2241"}],"curies":[{"name":"wp","href":"https:\/\/api.w.org\/{rel}","templated":true}]}}