{"id":2223,"date":"2017-05-15T08:54:32","date_gmt":"2017-05-15T08:54:32","guid":{"rendered":"https:\/\/www.electroluxprofessional.com\/hu\/?page_id=2223"},"modified":"2024-07-02T13:13:36","modified_gmt":"2024-07-02T13:13:36","slug":"mosogatogepek","status":"publish","type":"page","link":"https:\/\/www.electroluxprofessional.com\/hu\/mosogatogepek\/","title":{"rendered":"Mosogat\u00f3g\u00e9pek"},"content":{"rendered":"<p>[vc_row full_width=&#8221;electroluxpro-full-width-no-padding&#8221;][vc_column][elx_hero_slider label_text_color=&#8221;inherit&#8221; images=&#8221;1793&#8243;][elx_heading font_container=&#8221;h1&#8243; font_size=&#8221;h2&#8243; text_color=&#8221;inherit&#8221;]Mosogat\u00f3g\u00e9pek[\/elx_heading][elx_heading font_size=&#8221;h3&#8243; text_color=&#8221;inherit&#8221;]Tisztas\u00e1g mindenek felett[\/elx_heading][\/elx_hero_slider][\/vc_column][\/vc_row][vc_row][vc_column][vc_empty_space][\/vc_column][\/vc_row][vc_row][vc_column width=&#8221;2\/3&#8243;][vc_empty_space][vc_column_text]<\/p>\n<h4>Az Electrolux Professional mosogat\u00f3g\u00e9pei fel\u00fclm\u00falhatatlan mosogat\u00e1si \u00e9s \u00f6bl\u00edt\u00e9si lehet\u0151s\u00e9geket ny\u00fajtanak.<\/h4>\n<p>&nbsp;<\/p>\n<p>V\u00e1ltozatos term\u00e9kk\u00edn\u00e1latunkat poh\u00e1rmosogat\u00f3g\u00e9pek, pult alatti mosogat\u00f3g\u00e9pek, fel\u00fcl ny\u00edl\u00f3, \u00e1tmen\u0151 rendszer\u0171 mosogat\u00f3g\u00e9pek, ed\u00e9nymosogat\u00f3g\u00e9pek \u00e9s szalagos rendszer\u0171 mosogat\u00f3g\u00e9pek alkotj\u00e1k.<\/p>\n<p>Tov\u00e1bb\u00e1, tartoz\u00e9kok, kieg\u00e9sz\u00edt\u0151 rendszerek \u00e9s hullad\u00e9kkezel\u0151 rendszerek sz\u00e9les sk\u00e1l\u00e1j\u00e1t k\u00edn\u00e1ljuk, amelyek k\u00e9nyelmess\u00e9 \u00e9s bar\u00e1ts\u00e1goss\u00e1 teszik a munkak\u00f6r\u00fclm\u00e9nyeket.<\/p>\n<p>K\u00e9sz\u00fcl\u00e9keink s\u00faly alapj\u00e1n 98%-ban \u00fajrahasznos\u00edthat\u00f3ak.[\/vc_column_text][\/vc_column][vc_column width=&#8221;1\/3&#8243;][elx_image_block background_image=&#8221;1788&#8243; minimum_height=&#8221;500px&#8221;][\/vc_column][\/vc_row][vc_row][vc_column][vc_empty_space height=&#8221;50px&#8221;][elx_heading text_color=&#8221;inherit&#8221; text_align=&#8221;text-center&#8221;]Fedezze fel, hogy mosogat\u00f3g\u00e9peink mit tehetnek az \u00d6n \u00fczlet\u00e9\u00e9rt[\/elx_heading][elx_o2000_contact_us s=&#8221;Inform\u00e1ci\u00f3 k\u00e9r\u00e9s err\u0151l a term\u00e9kr\u0151l Mosogat\u00f3g\u00e9pek&#8221; country=&#8221;Hungary&#8221; container=&#8221;elxcontactus1479283732&#8243; r=&#8221;Szeretn\u00e9k t\u00f6bb inform\u00e1ci\u00f3t kapni err\u0151l a term\u00e9kr\u0151l Mosogat\u00f3g\u00e9pek. K\u00e9rem, vegy\u00e9k fel velem a kapcsolatot.&#8221; l=&#8221;hu&#8221;][\/vc_column][\/vc_row][vc_row][vc_column][vc_empty_space height=&#8221;50px&#8221;][\/vc_column][\/vc_row][vc_row][vc_column width=&#8221;1\/3&#8243;][elx_maylike_box id_box=&#8221;3771&#8243;][\/vc_column][vc_column width=&#8221;1\/3&#8243;][elx_maylike_box id_box=&#8221;3770&#8243;][\/vc_column][vc_column width=&#8221;1\/3&#8243;][elx_maylike_box id_box=&#8221;3710&#8243;][\/vc_column][\/vc_row]<\/p>\n","protected":false},"excerpt":{"rendered":"<p>[vc_row full_width=&#8221;electroluxpro-full-width-no-padding&#8221;][vc_column][elx_hero_slider label_text_color=&#8221;inherit&#8221; images=&#8221;1793&#8243;][elx_heading font_container=&#8221;h1&#8243; font_size=&#8221;h2&#8243; text_color=&#8221;inherit&#8221;]Mosogat\u00f3g\u00e9pek[\/elx_heading][elx_heading font_size=&#8221;h3&#8243; text_color=&#8221;inherit&#8221;]Tisztas\u00e1g mindenek felett[\/elx_heading][\/elx_hero_slider][\/vc_column][\/vc_row][vc_row][vc_column][vc_empty_space][\/vc_column][\/vc_row][vc_row][vc_column width=&#8221;2\/3&#8243;][vc_empty_space][vc_column_text] Az Electrolux Professional mosogat\u00f3g\u00e9pei fel\u00fclm\u00falhatatlan mosogat\u00e1si \u00e9s \u00f6bl\u00edt\u00e9si lehet\u0151s\u00e9geket ny\u00fajtanak. &nbsp; V\u00e1ltozatos term\u00e9kk\u00edn\u00e1latunkat poh\u00e1rmosogat\u00f3g\u00e9pek, pult alatti mosogat\u00f3g\u00e9pek, fel\u00fcl ny\u00edl\u00f3, \u00e1tmen\u0151 rendszer\u0171 mosogat\u00f3g\u00e9pek, ed\u00e9nymosogat\u00f3g\u00e9pek \u00e9s szalagos rendszer\u0171 mosogat\u00f3g\u00e9pek alkotj\u00e1k. Tov\u00e1bb\u00e1, tartoz\u00e9kok, kieg\u00e9sz\u00edt\u0151 rendszerek \u00e9s hullad\u00e9kkezel\u0151 rendszerek sz\u00e9les sk\u00e1l\u00e1j\u00e1t k\u00edn\u00e1ljuk, amelyek k\u00e9nyelmess\u00e9 \u00e9s bar\u00e1ts\u00e1goss\u00e1 teszik [&hellip;]<\/p>\n","protected":false},"author":3,"featured_media":0,"parent":0,"menu_order":0,"comment_status":"closed","ping_status":"closed","template":"","meta":{"footnotes":""},"class_list":["post-2223","page","type-page","status-publish","hentry"],"yoast_head":"<!-- This site is optimized with the Yoast SEO plugin v23.3 - https:\/\/yoast.com\/wordpress\/plugins\/seo\/ -->\n<title>Mosogat\u00f3g\u00e9pek - Electrolux Professional Magyarorsz\u00e1g<\/title>\n<meta name=\"robots\" content=\"index, follow, max-snippet:-1, max-image-preview:large, max-video-preview:-1\" \/>\n<link rel=\"canonical\" href=\"https:\/\/www.electroluxprofessional.com\/hu\/mosogatogepek\/\" \/>\n<meta property=\"og:locale\" content=\"hu_HU\" \/>\n<meta property=\"og:type\" content=\"article\" \/>\n<meta property=\"og:title\" content=\"Mosogat\u00f3g\u00e9pek - Electrolux Professional Magyarorsz\u00e1g\" \/>\n<meta property=\"og:description\" content=\"[vc_row full_width=&#8221;electroluxpro-full-width-no-padding&#8221;][vc_column][elx_hero_slider label_text_color=&#8221;inherit&#8221; images=&#8221;1793&#8243;][elx_heading font_container=&#8221;h1&#8243; font_size=&#8221;h2&#8243; text_color=&#8221;inherit&#8221;]Mosogat\u00f3g\u00e9pek[\/elx_heading][elx_heading font_size=&#8221;h3&#8243; text_color=&#8221;inherit&#8221;]Tisztas\u00e1g mindenek felett[\/elx_heading][\/elx_hero_slider][\/vc_column][\/vc_row][vc_row][vc_column][vc_empty_space][\/vc_column][\/vc_row][vc_row][vc_column width=&#8221;2\/3&#8243;][vc_empty_space][vc_column_text] Az Electrolux Professional mosogat\u00f3g\u00e9pei fel\u00fclm\u00falhatatlan mosogat\u00e1si \u00e9s \u00f6bl\u00edt\u00e9si lehet\u0151s\u00e9geket ny\u00fajtanak. &nbsp; V\u00e1ltozatos term\u00e9kk\u00edn\u00e1latunkat poh\u00e1rmosogat\u00f3g\u00e9pek, pult alatti mosogat\u00f3g\u00e9pek, fel\u00fcl ny\u00edl\u00f3, \u00e1tmen\u0151 rendszer\u0171 mosogat\u00f3g\u00e9pek, ed\u00e9nymosogat\u00f3g\u00e9pek \u00e9s szalagos rendszer\u0171 mosogat\u00f3g\u00e9pek alkotj\u00e1k. Tov\u00e1bb\u00e1, tartoz\u00e9kok, kieg\u00e9sz\u00edt\u0151 rendszerek \u00e9s hullad\u00e9kkezel\u0151 rendszerek sz\u00e9les sk\u00e1l\u00e1j\u00e1t k\u00edn\u00e1ljuk, amelyek k\u00e9nyelmess\u00e9 \u00e9s bar\u00e1ts\u00e1goss\u00e1 teszik [&hellip;]\" \/>\n<meta property=\"og:url\" content=\"https:\/\/www.electroluxprofessional.com\/hu\/mosogatogepek\/\" \/>\n<meta property=\"og:site_name\" content=\"Electrolux Professional Magyarorsz\u00e1g\" \/>\n<meta property=\"article:modified_time\" content=\"2024-07-02T13:13:36+00:00\" \/>\n<meta name=\"twitter:card\" content=\"summary_large_image\" \/>\n<meta name=\"twitter:label1\" content=\"Becs\u00fclt olvas\u00e1si id\u0151\" \/>\n\t<meta name=\"twitter:data1\" content=\"2 perc\" \/>\n<script type=\"application\/ld+json\" class=\"yoast-schema-graph\">{\"@context\":\"https:\/\/schema.org\",\"@graph\":[{\"@type\":\"WebPage\",\"@id\":\"https:\/\/www.electroluxprofessional.com\/hu\/mosogatogepek\/\",\"url\":\"https:\/\/www.electroluxprofessional.com\/hu\/mosogatogepek\/\",\"name\":\"Mosogat\u00f3g\u00e9pek - Electrolux Professional Magyarorsz\u00e1g\",\"isPartOf\":{\"@id\":\"https:\/\/www.electroluxprofessional.com\/hu\/#website\"},\"datePublished\":\"2017-05-15T08:54:32+00:00\",\"dateModified\":\"2024-07-02T13:13:36+00:00\",\"breadcrumb\":{\"@id\":\"https:\/\/www.electroluxprofessional.com\/hu\/mosogatogepek\/#breadcrumb\"},\"inLanguage\":\"hu\",\"potentialAction\":[{\"@type\":\"ReadAction\",\"target\":[\"https:\/\/www.electroluxprofessional.com\/hu\/mosogatogepek\/\"]}]},{\"@type\":\"BreadcrumbList\",\"@id\":\"https:\/\/www.electroluxprofessional.com\/hu\/mosogatogepek\/#breadcrumb\",\"itemListElement\":[{\"@type\":\"ListItem\",\"position\":1,\"name\":\"Home\",\"item\":\"https:\/\/www.electroluxprofessional.com\/hu\/\"},{\"@type\":\"ListItem\",\"position\":2,\"name\":\"Mosogat\u00f3g\u00e9pek\"}]},{\"@type\":\"WebSite\",\"@id\":\"https:\/\/www.electroluxprofessional.com\/hu\/#website\",\"url\":\"https:\/\/www.electroluxprofessional.com\/hu\/\",\"name\":\"Electrolux Professional Magyarorsz\u00e1g\",\"description\":\"\",\"potentialAction\":[{\"@type\":\"SearchAction\",\"target\":{\"@type\":\"EntryPoint\",\"urlTemplate\":\"https:\/\/www.electroluxprofessional.com\/hu\/?src={search_term_string}\"},\"query-input\":\"required name=search_term_string\"}],\"inLanguage\":\"hu\"}]}<\/script>\n<!-- \/ Yoast SEO plugin. -->","yoast_head_json":{"title":"Mosogat\u00f3g\u00e9pek - Electrolux Professional Magyarorsz\u00e1g","robots":{"index":"index","follow":"follow","max-snippet":"max-snippet:-1","max-image-preview":"max-image-preview:large","max-video-preview":"max-video-preview:-1"},"canonical":"https:\/\/www.electroluxprofessional.com\/hu\/mosogatogepek\/","og_locale":"hu_HU","og_type":"article","og_title":"Mosogat\u00f3g\u00e9pek - Electrolux Professional Magyarorsz\u00e1g","og_description":"[vc_row full_width=&#8221;electroluxpro-full-width-no-padding&#8221;][vc_column][elx_hero_slider label_text_color=&#8221;inherit&#8221; images=&#8221;1793&#8243;][elx_heading font_container=&#8221;h1&#8243; font_size=&#8221;h2&#8243; text_color=&#8221;inherit&#8221;]Mosogat\u00f3g\u00e9pek[\/elx_heading][elx_heading font_size=&#8221;h3&#8243; text_color=&#8221;inherit&#8221;]Tisztas\u00e1g mindenek felett[\/elx_heading][\/elx_hero_slider][\/vc_column][\/vc_row][vc_row][vc_column][vc_empty_space][\/vc_column][\/vc_row][vc_row][vc_column width=&#8221;2\/3&#8243;][vc_empty_space][vc_column_text] Az Electrolux Professional mosogat\u00f3g\u00e9pei fel\u00fclm\u00falhatatlan mosogat\u00e1si \u00e9s \u00f6bl\u00edt\u00e9si lehet\u0151s\u00e9geket ny\u00fajtanak. &nbsp; V\u00e1ltozatos term\u00e9kk\u00edn\u00e1latunkat poh\u00e1rmosogat\u00f3g\u00e9pek, pult alatti mosogat\u00f3g\u00e9pek, fel\u00fcl ny\u00edl\u00f3, \u00e1tmen\u0151 rendszer\u0171 mosogat\u00f3g\u00e9pek, ed\u00e9nymosogat\u00f3g\u00e9pek \u00e9s szalagos rendszer\u0171 mosogat\u00f3g\u00e9pek alkotj\u00e1k. Tov\u00e1bb\u00e1, tartoz\u00e9kok, kieg\u00e9sz\u00edt\u0151 rendszerek \u00e9s hullad\u00e9kkezel\u0151 rendszerek sz\u00e9les sk\u00e1l\u00e1j\u00e1t k\u00edn\u00e1ljuk, amelyek k\u00e9nyelmess\u00e9 \u00e9s bar\u00e1ts\u00e1goss\u00e1 teszik [&hellip;]","og_url":"https:\/\/www.electroluxprofessional.com\/hu\/mosogatogepek\/","og_site_name":"Electrolux Professional Magyarorsz\u00e1g","article_modified_time":"2024-07-02T13:13:36+00:00","twitter_card":"summary_large_image","twitter_misc":{"Becs\u00fclt olvas\u00e1si id\u0151":"2 perc"},"schema":{"@context":"https:\/\/schema.org","@graph":[{"@type":"WebPage","@id":"https:\/\/www.electroluxprofessional.com\/hu\/mosogatogepek\/","url":"https:\/\/www.electroluxprofessional.com\/hu\/mosogatogepek\/","name":"Mosogat\u00f3g\u00e9pek - Electrolux Professional Magyarorsz\u00e1g","isPartOf":{"@id":"https:\/\/www.electroluxprofessional.com\/hu\/#website"},"datePublished":"2017-05-15T08:54:32+00:00","dateModified":"2024-07-02T13:13:36+00:00","breadcrumb":{"@id":"https:\/\/www.electroluxprofessional.com\/hu\/mosogatogepek\/#breadcrumb"},"inLanguage":"hu","potentialAction":[{"@type":"ReadAction","target":["https:\/\/www.electroluxprofessional.com\/hu\/mosogatogepek\/"]}]},{"@type":"BreadcrumbList","@id":"https:\/\/www.electroluxprofessional.com\/hu\/mosogatogepek\/#breadcrumb","itemListElement":[{"@type":"ListItem","position":1,"name":"Home","item":"https:\/\/www.electroluxprofessional.com\/hu\/"},{"@type":"ListItem","position":2,"name":"Mosogat\u00f3g\u00e9pek"}]},{"@type":"WebSite","@id":"https:\/\/www.electroluxprofessional.com\/hu\/#website","url":"https:\/\/www.electroluxprofessional.com\/hu\/","name":"Electrolux Professional Magyarorsz\u00e1g","description":"","potentialAction":[{"@type":"SearchAction","target":{"@type":"EntryPoint","urlTemplate":"https:\/\/www.electroluxprofessional.com\/hu\/?src={search_term_string}"},"query-input":"required name=search_term_string"}],"inLanguage":"hu"}]}},"_links":{"self":[{"href":"https:\/\/www.electroluxprofessional.com\/hu\/wp-json\/wp\/v2\/pages\/2223"}],"collection":[{"href":"https:\/\/www.electroluxprofessional.com\/hu\/wp-json\/wp\/v2\/pages"}],"about":[{"href":"https:\/\/www.electroluxprofessional.com\/hu\/wp-json\/wp\/v2\/types\/page"}],"author":[{"embeddable":true,"href":"https:\/\/www.electroluxprofessional.com\/hu\/wp-json\/wp\/v2\/users\/3"}],"replies":[{"embeddable":true,"href":"https:\/\/www.electroluxprofessional.com\/hu\/wp-json\/wp\/v2\/comments?post=2223"}],"version-history":[{"count":9,"href":"https:\/\/www.electroluxprofessional.com\/hu\/wp-json\/wp\/v2\/pages\/2223\/revisions"}],"predecessor-version":[{"id":8015,"href":"https:\/\/www.electroluxprofessional.com\/hu\/wp-json\/wp\/v2\/pages\/2223\/revisions\/8015"}],"wp:attachment":[{"href":"https:\/\/www.electroluxprofessional.com\/hu\/wp-json\/wp\/v2\/media?parent=2223"}],"curies":[{"name":"wp","href":"https:\/\/api.w.org\/{rel}","templated":true}]}}