{"id":2209,"date":"2017-05-15T08:58:04","date_gmt":"2017-05-15T08:58:04","guid":{"rendered":"https:\/\/www.electroluxprofessional.com\/hu\/?page_id=2209"},"modified":"2021-04-21T10:26:16","modified_gmt":"2021-04-21T10:26:16","slug":"szeletelotarcsa-valaszto","status":"publish","type":"page","link":"https:\/\/www.electroluxprofessional.com\/hu\/szeletelotarcsa-valaszto\/","title":{"rendered":"Szeletel\u0151t\u00e1rcsa v\u00e1laszt\u00f3"},"content":{"rendered":"<p>[vc_row][vc_column][elx_hero_slider label_text_color=&#8221;inherit&#8221; images=&#8221;1769&#8243;][elx_heading font_container=&#8221;h1&#8243; text_color=&#8221;inherit&#8221; text_align=&#8221;text-center&#8221;]T\u00e1rcsa v\u00e1laszt\u00f3[\/elx_heading][\/elx_hero_slider][\/vc_column][\/vc_row][vc_row][vc_column][vc_empty_space][elx_heading font_size=&#8221;h3&#8243; text_color=&#8221;inherit&#8221; text_align=&#8221;text-center&#8221;]Egy \u00faj, interakt\u00edv \u00fatmutat\u00f3t fejlesztett\u00fcnk ki, mely seg\u00edti \u00d6nt a TRK, TRS, TR200 \u00e9s TR210 k\u00e9sz\u00fcl\u00e9kekhez t\u00f6rt\u00e9nt\u0151 tartoz\u00e9kok kiv\u00e1laszt\u00e1sban.[\/elx_heading][vc_empty_space][\/vc_column][\/vc_row][vc_row][vc_column][vc_column_text]<\/p>\n<div>\n<p>Fedezze fel a k\u00edn\u00e1latot ak\u00e1r a feldolgozni k\u00edv\u00e1nt \u00f6sszetev\u0151k, ak\u00e1r a szeletel\u0151t\u00e1rcs\u00e1k m\u00e9rete \u00e9s t\u00edpusa alapj\u00e1n.<\/p>\n<\/div>\n<p>[\/vc_column_text][\/vc_column][\/vc_row][vc_row][vc_column][vc_empty_space][vc_empty_space height=&#8221;50px&#8221;][\/vc_column][\/vc_row][vc_row][vc_column width=&#8221;1\/3&#8243;][elx_download_block text=&#8221;TRS\/TRK t\u00e1rcsav\u00e1laszt\u00f3&#8221; link=&#8221;files.professional.electrolux.com\/docs\/?n=CLF-9JEHJ&amp;b=5&amp;l=1&#8243; background_color=&#8221;food-solutions&#8221; reveal_effect=&#8221;&#8221; reveal_duration=&#8221;&#8221; reveal_delay=&#8221;&#8221;][\/vc_column][vc_column width=&#8221;1\/3&#8243;][elx_download_block text=&#8221;Fedezze fel az apr\u00edt\u00e1sra, kever\u00e9sre \u00e9s szeletel\u00e9sre vonatkoz\u00f3 aj\u00e1nlatainkat&#8221; link=&#8221;https:\/\/www.electroluxprofessional.com\/hu\/konyhatechnologia\/vagjon-keverjen-szeleteljen\/&#8221; background_color=&#8221;food-solutions&#8221; reveal_effect=&#8221;&#8221; reveal_duration=&#8221;&#8221; reveal_delay=&#8221;&#8221;][\/vc_column][vc_column width=&#8221;1\/3&#8243;][elx_download_block text=&#8221;Ismerje meg h\u00e1moz\u00f3inkat, z\u00f6lds\u00e9gmos\u00f3inkat \u00e9s centrifug\u00e1inkat&#8221; link=&#8221;https:\/\/www.electroluxprofessional.com\/hu\/konyhatechnologia\/hamozas-tisztitas-es-szaritas\/&#8221; background_color=&#8221;food-solutions&#8221; reveal_effect=&#8221;&#8221; reveal_duration=&#8221;&#8221; reveal_delay=&#8221;&#8221;][\/vc_column][\/vc_row][vc_row][vc_column][vc_empty_space height=&#8221;50px&#8221;][\/vc_column][\/vc_row][vc_row][vc_column][vc_empty_space height=&#8221;50px&#8221;][elx_heading text_color=&#8221;inherit&#8221; text_align=&#8221;text-center&#8221;]Fedezze fel, hogy az Electrolux Professional mit tehet az \u00d6n \u00fczlet\u00e9\u00e9rt[\/elx_heading][elx_o2000_contact_us r=&#8221;Szeretn\u00e9k t\u00f6bb inform\u00e1ci\u00f3t kapni err\u0151l a term\u00e9kr\u0151l Szeletel\u0151t\u00e1rcsa v\u00e1laszt\u00f3. K\u00e9rem, vegy\u00e9k fel velem a kapcsolatot.&#8221; s=&#8221;Inform\u00e1ci\u00f3 k\u00e9r\u00e9s err\u0151l a term\u00e9kr\u0151l Szeletel\u0151t\u00e1rcsa v\u00e1laszt\u00f3&#8221; country=&#8221;Hungary&#8221; l=&#8221;hu&#8221; container=&#8221;elxcontactus1480324839&#8243;][\/vc_column][\/vc_row][vc_row][vc_column][vc_empty_space height=&#8221;50px&#8221;][\/vc_column][\/vc_row][vc_row][vc_column width=&#8221;1\/3&#8243;][elx_maylike_box id_box=&#8221;3770&#8243; matched_labels=&#8221;&#8221;][\/vc_column][vc_column width=&#8221;1\/3&#8243;][elx_maylike_box id_box=&#8221;3673&#8243; matched_labels=&#8221;&#8221;][\/vc_column][vc_column width=&#8221;1\/3&#8243;][elx_maylike_box id_box=&#8221;3710&#8243; matched_labels=&#8221;&#8221;][\/vc_column][\/vc_row]<\/p>\n","protected":false},"excerpt":{"rendered":"<p>[vc_row][vc_column][elx_hero_slider label_text_color=&#8221;inherit&#8221; images=&#8221;1769&#8243;][elx_heading font_container=&#8221;h1&#8243; text_color=&#8221;inherit&#8221; text_align=&#8221;text-center&#8221;]T\u00e1rcsa v\u00e1laszt\u00f3[\/elx_heading][\/elx_hero_slider][\/vc_column][\/vc_row][vc_row][vc_column][vc_empty_space][elx_heading font_size=&#8221;h3&#8243; text_color=&#8221;inherit&#8221; text_align=&#8221;text-center&#8221;]Egy \u00faj, interakt\u00edv \u00fatmutat\u00f3t fejlesztett\u00fcnk ki, mely seg\u00edti \u00d6nt a TRK, TRS, TR200 \u00e9s TR210 k\u00e9sz\u00fcl\u00e9kekhez t\u00f6rt\u00e9nt\u0151 tartoz\u00e9kok kiv\u00e1laszt\u00e1sban.[\/elx_heading][vc_empty_space][\/vc_column][\/vc_row][vc_row][vc_column][vc_column_text] Fedezze fel a k\u00edn\u00e1latot ak\u00e1r a feldolgozni k\u00edv\u00e1nt \u00f6sszetev\u0151k, ak\u00e1r a szeletel\u0151t\u00e1rcs\u00e1k m\u00e9rete \u00e9s t\u00edpusa alapj\u00e1n. [\/vc_column_text][\/vc_column][\/vc_row][vc_row][vc_column][vc_empty_space][vc_empty_space height=&#8221;50px&#8221;][\/vc_column][\/vc_row][vc_row][vc_column width=&#8221;1\/3&#8243;][elx_download_block text=&#8221;TRS\/TRK t\u00e1rcsav\u00e1laszt\u00f3&#8221; link=&#8221;files.professional.electrolux.com\/docs\/?n=CLF-9JEHJ&amp;b=5&amp;l=1&#8243; background_color=&#8221;food-solutions&#8221; reveal_effect=&#8221;&#8221; reveal_duration=&#8221;&#8221; reveal_delay=&#8221;&#8221;][\/vc_column][vc_column width=&#8221;1\/3&#8243;][elx_download_block [&hellip;]<\/p>\n","protected":false},"author":3,"featured_media":0,"parent":0,"menu_order":0,"comment_status":"closed","ping_status":"closed","template":"","meta":{"footnotes":""},"class_list":["post-2209","page","type-page","status-publish","hentry"],"yoast_head":"<!-- This site is optimized with the Yoast SEO plugin v23.3 - https:\/\/yoast.com\/wordpress\/plugins\/seo\/ -->\n<title>Szeletel\u0151t\u00e1rcsa v\u00e1laszt\u00f3 - Electrolux Professional Magyarorsz\u00e1g<\/title>\n<meta name=\"robots\" content=\"index, follow, max-snippet:-1, max-image-preview:large, max-video-preview:-1\" \/>\n<link rel=\"canonical\" href=\"https:\/\/www.electroluxprofessional.com\/hu\/szeletelotarcsa-valaszto\/\" \/>\n<meta property=\"og:locale\" content=\"hu_HU\" \/>\n<meta property=\"og:type\" content=\"article\" \/>\n<meta property=\"og:title\" content=\"Szeletel\u0151t\u00e1rcsa v\u00e1laszt\u00f3 - Electrolux Professional Magyarorsz\u00e1g\" \/>\n<meta property=\"og:description\" content=\"[vc_row][vc_column][elx_hero_slider label_text_color=&#8221;inherit&#8221; images=&#8221;1769&#8243;][elx_heading font_container=&#8221;h1&#8243; text_color=&#8221;inherit&#8221; text_align=&#8221;text-center&#8221;]T\u00e1rcsa v\u00e1laszt\u00f3[\/elx_heading][\/elx_hero_slider][\/vc_column][\/vc_row][vc_row][vc_column][vc_empty_space][elx_heading font_size=&#8221;h3&#8243; text_color=&#8221;inherit&#8221; text_align=&#8221;text-center&#8221;]Egy \u00faj, interakt\u00edv \u00fatmutat\u00f3t fejlesztett\u00fcnk ki, mely seg\u00edti \u00d6nt a TRK, TRS, TR200 \u00e9s TR210 k\u00e9sz\u00fcl\u00e9kekhez t\u00f6rt\u00e9nt\u0151 tartoz\u00e9kok kiv\u00e1laszt\u00e1sban.[\/elx_heading][vc_empty_space][\/vc_column][\/vc_row][vc_row][vc_column][vc_column_text] Fedezze fel a k\u00edn\u00e1latot ak\u00e1r a feldolgozni k\u00edv\u00e1nt \u00f6sszetev\u0151k, ak\u00e1r a szeletel\u0151t\u00e1rcs\u00e1k m\u00e9rete \u00e9s t\u00edpusa alapj\u00e1n. [\/vc_column_text][\/vc_column][\/vc_row][vc_row][vc_column][vc_empty_space][vc_empty_space height=&#8221;50px&#8221;][\/vc_column][\/vc_row][vc_row][vc_column width=&#8221;1\/3&#8243;][elx_download_block text=&#8221;TRS\/TRK t\u00e1rcsav\u00e1laszt\u00f3&#8221; link=&#8221;files.professional.electrolux.com\/docs\/?n=CLF-9JEHJ&amp;b=5&amp;l=1&#8243; background_color=&#8221;food-solutions&#8221; reveal_effect=&#8221;&#8221; reveal_duration=&#8221;&#8221; reveal_delay=&#8221;&#8221;][\/vc_column][vc_column width=&#8221;1\/3&#8243;][elx_download_block [&hellip;]\" \/>\n<meta property=\"og:url\" content=\"https:\/\/www.electroluxprofessional.com\/hu\/szeletelotarcsa-valaszto\/\" \/>\n<meta property=\"og:site_name\" content=\"Electrolux Professional Magyarorsz\u00e1g\" \/>\n<meta property=\"article:modified_time\" content=\"2021-04-21T10:26:16+00:00\" \/>\n<meta name=\"twitter:card\" content=\"summary_large_image\" \/>\n<meta name=\"twitter:label1\" content=\"Becs\u00fclt olvas\u00e1si id\u0151\" \/>\n\t<meta name=\"twitter:data1\" content=\"2 perc\" \/>\n<script type=\"application\/ld+json\" class=\"yoast-schema-graph\">{\"@context\":\"https:\/\/schema.org\",\"@graph\":[{\"@type\":\"WebPage\",\"@id\":\"https:\/\/www.electroluxprofessional.com\/hu\/szeletelotarcsa-valaszto\/\",\"url\":\"https:\/\/www.electroluxprofessional.com\/hu\/szeletelotarcsa-valaszto\/\",\"name\":\"Szeletel\u0151t\u00e1rcsa v\u00e1laszt\u00f3 - Electrolux Professional Magyarorsz\u00e1g\",\"isPartOf\":{\"@id\":\"https:\/\/www.electroluxprofessional.com\/hu\/#website\"},\"datePublished\":\"2017-05-15T08:58:04+00:00\",\"dateModified\":\"2021-04-21T10:26:16+00:00\",\"breadcrumb\":{\"@id\":\"https:\/\/www.electroluxprofessional.com\/hu\/szeletelotarcsa-valaszto\/#breadcrumb\"},\"inLanguage\":\"hu\",\"potentialAction\":[{\"@type\":\"ReadAction\",\"target\":[\"https:\/\/www.electroluxprofessional.com\/hu\/szeletelotarcsa-valaszto\/\"]}]},{\"@type\":\"BreadcrumbList\",\"@id\":\"https:\/\/www.electroluxprofessional.com\/hu\/szeletelotarcsa-valaszto\/#breadcrumb\",\"itemListElement\":[{\"@type\":\"ListItem\",\"position\":1,\"name\":\"Home\",\"item\":\"https:\/\/www.electroluxprofessional.com\/hu\/\"},{\"@type\":\"ListItem\",\"position\":2,\"name\":\"Szeletel\u0151t\u00e1rcsa v\u00e1laszt\u00f3\"}]},{\"@type\":\"WebSite\",\"@id\":\"https:\/\/www.electroluxprofessional.com\/hu\/#website\",\"url\":\"https:\/\/www.electroluxprofessional.com\/hu\/\",\"name\":\"Electrolux Professional Magyarorsz\u00e1g\",\"description\":\"\",\"potentialAction\":[{\"@type\":\"SearchAction\",\"target\":{\"@type\":\"EntryPoint\",\"urlTemplate\":\"https:\/\/www.electroluxprofessional.com\/hu\/?src={search_term_string}\"},\"query-input\":\"required name=search_term_string\"}],\"inLanguage\":\"hu\"}]}<\/script>\n<!-- \/ Yoast SEO plugin. -->","yoast_head_json":{"title":"Szeletel\u0151t\u00e1rcsa v\u00e1laszt\u00f3 - Electrolux Professional Magyarorsz\u00e1g","robots":{"index":"index","follow":"follow","max-snippet":"max-snippet:-1","max-image-preview":"max-image-preview:large","max-video-preview":"max-video-preview:-1"},"canonical":"https:\/\/www.electroluxprofessional.com\/hu\/szeletelotarcsa-valaszto\/","og_locale":"hu_HU","og_type":"article","og_title":"Szeletel\u0151t\u00e1rcsa v\u00e1laszt\u00f3 - Electrolux Professional Magyarorsz\u00e1g","og_description":"[vc_row][vc_column][elx_hero_slider label_text_color=&#8221;inherit&#8221; images=&#8221;1769&#8243;][elx_heading font_container=&#8221;h1&#8243; text_color=&#8221;inherit&#8221; text_align=&#8221;text-center&#8221;]T\u00e1rcsa v\u00e1laszt\u00f3[\/elx_heading][\/elx_hero_slider][\/vc_column][\/vc_row][vc_row][vc_column][vc_empty_space][elx_heading font_size=&#8221;h3&#8243; text_color=&#8221;inherit&#8221; text_align=&#8221;text-center&#8221;]Egy \u00faj, interakt\u00edv \u00fatmutat\u00f3t fejlesztett\u00fcnk ki, mely seg\u00edti \u00d6nt a TRK, TRS, TR200 \u00e9s TR210 k\u00e9sz\u00fcl\u00e9kekhez t\u00f6rt\u00e9nt\u0151 tartoz\u00e9kok kiv\u00e1laszt\u00e1sban.[\/elx_heading][vc_empty_space][\/vc_column][\/vc_row][vc_row][vc_column][vc_column_text] Fedezze fel a k\u00edn\u00e1latot ak\u00e1r a feldolgozni k\u00edv\u00e1nt \u00f6sszetev\u0151k, ak\u00e1r a szeletel\u0151t\u00e1rcs\u00e1k m\u00e9rete \u00e9s t\u00edpusa alapj\u00e1n. [\/vc_column_text][\/vc_column][\/vc_row][vc_row][vc_column][vc_empty_space][vc_empty_space height=&#8221;50px&#8221;][\/vc_column][\/vc_row][vc_row][vc_column width=&#8221;1\/3&#8243;][elx_download_block text=&#8221;TRS\/TRK t\u00e1rcsav\u00e1laszt\u00f3&#8221; link=&#8221;files.professional.electrolux.com\/docs\/?n=CLF-9JEHJ&amp;b=5&amp;l=1&#8243; background_color=&#8221;food-solutions&#8221; reveal_effect=&#8221;&#8221; reveal_duration=&#8221;&#8221; reveal_delay=&#8221;&#8221;][\/vc_column][vc_column width=&#8221;1\/3&#8243;][elx_download_block [&hellip;]","og_url":"https:\/\/www.electroluxprofessional.com\/hu\/szeletelotarcsa-valaszto\/","og_site_name":"Electrolux Professional Magyarorsz\u00e1g","article_modified_time":"2021-04-21T10:26:16+00:00","twitter_card":"summary_large_image","twitter_misc":{"Becs\u00fclt olvas\u00e1si id\u0151":"2 perc"},"schema":{"@context":"https:\/\/schema.org","@graph":[{"@type":"WebPage","@id":"https:\/\/www.electroluxprofessional.com\/hu\/szeletelotarcsa-valaszto\/","url":"https:\/\/www.electroluxprofessional.com\/hu\/szeletelotarcsa-valaszto\/","name":"Szeletel\u0151t\u00e1rcsa v\u00e1laszt\u00f3 - Electrolux Professional Magyarorsz\u00e1g","isPartOf":{"@id":"https:\/\/www.electroluxprofessional.com\/hu\/#website"},"datePublished":"2017-05-15T08:58:04+00:00","dateModified":"2021-04-21T10:26:16+00:00","breadcrumb":{"@id":"https:\/\/www.electroluxprofessional.com\/hu\/szeletelotarcsa-valaszto\/#breadcrumb"},"inLanguage":"hu","potentialAction":[{"@type":"ReadAction","target":["https:\/\/www.electroluxprofessional.com\/hu\/szeletelotarcsa-valaszto\/"]}]},{"@type":"BreadcrumbList","@id":"https:\/\/www.electroluxprofessional.com\/hu\/szeletelotarcsa-valaszto\/#breadcrumb","itemListElement":[{"@type":"ListItem","position":1,"name":"Home","item":"https:\/\/www.electroluxprofessional.com\/hu\/"},{"@type":"ListItem","position":2,"name":"Szeletel\u0151t\u00e1rcsa v\u00e1laszt\u00f3"}]},{"@type":"WebSite","@id":"https:\/\/www.electroluxprofessional.com\/hu\/#website","url":"https:\/\/www.electroluxprofessional.com\/hu\/","name":"Electrolux Professional Magyarorsz\u00e1g","description":"","potentialAction":[{"@type":"SearchAction","target":{"@type":"EntryPoint","urlTemplate":"https:\/\/www.electroluxprofessional.com\/hu\/?src={search_term_string}"},"query-input":"required name=search_term_string"}],"inLanguage":"hu"}]}},"_links":{"self":[{"href":"https:\/\/www.electroluxprofessional.com\/hu\/wp-json\/wp\/v2\/pages\/2209"}],"collection":[{"href":"https:\/\/www.electroluxprofessional.com\/hu\/wp-json\/wp\/v2\/pages"}],"about":[{"href":"https:\/\/www.electroluxprofessional.com\/hu\/wp-json\/wp\/v2\/types\/page"}],"author":[{"embeddable":true,"href":"https:\/\/www.electroluxprofessional.com\/hu\/wp-json\/wp\/v2\/users\/3"}],"replies":[{"embeddable":true,"href":"https:\/\/www.electroluxprofessional.com\/hu\/wp-json\/wp\/v2\/comments?post=2209"}],"version-history":[{"count":21,"href":"https:\/\/www.electroluxprofessional.com\/hu\/wp-json\/wp\/v2\/pages\/2209\/revisions"}],"predecessor-version":[{"id":5793,"href":"https:\/\/www.electroluxprofessional.com\/hu\/wp-json\/wp\/v2\/pages\/2209\/revisions\/5793"}],"wp:attachment":[{"href":"https:\/\/www.electroluxprofessional.com\/hu\/wp-json\/wp\/v2\/media?parent=2209"}],"curies":[{"name":"wp","href":"https:\/\/api.w.org\/{rel}","templated":true}]}}