{"id":2196,"date":"2017-05-15T08:57:37","date_gmt":"2017-05-15T08:57:37","guid":{"rendered":"https:\/\/www.electroluxprofessional.com\/hu\/?page_id=2196"},"modified":"2025-11-05T14:51:43","modified_gmt":"2025-11-05T14:51:43","slug":"vagjon-keverjen-szeleteljen","status":"publish","type":"page","link":"https:\/\/www.electroluxprofessional.com\/hu\/vagjon-keverjen-szeleteljen\/","title":{"rendered":"V\u00e1gjon, keverjen, szeleteljen"},"content":{"rendered":"<p>[vc_row full_width=&#8221;electroluxpro-full-width-no-padding&#8221;][vc_column][elx_hero_title label=&#8221;&#8221; background_image=&#8221;1783&#8243;][\/elx_hero_title][\/vc_column][\/vc_row][vc_row][vc_column][vc_empty_space][elx_heading font_container=&#8221;h1&#8243; font_size=&#8221;h2&#8243; text_color=&#8221;inherit&#8221; text_align=&#8221;text-center&#8221;]V\u00e1gjon, keverjen \u00e9s szeleteljen a z\u00f6lds\u00e9gszeletel\u0151inkkel, mixereinkkel, kuttereinkkel, h\u00fasdar\u00e1l\u00f3inkkal, szeletel\u0151g\u00e9peinkkel \u00e9s h\u00fasv\u00e1g\u00f3 t\u0151k\u00e9inkkel[\/elx_heading][vc_empty_space][\/vc_column][\/vc_row][vc_row][vc_column][elx_heading font_size=&#8221;h2&#8243; text_color=&#8221;inherit&#8221; text_align=&#8221;text-center&#8221;]<strong>Z\u00f6lds\u00e9gszeletel\u0151k<\/strong>[\/elx_heading][\/vc_column][\/vc_row][vc_row][vc_column width=&#8221;2\/4&#8243;][vc_empty_space][vc_column_text]Az Electrolux Professional z\u00f6lds\u00e9gszeletel\u0151k <strong>k\u00fcl\u00f6nb\u00f6z\u0151 verzi\u00f3kban<\/strong> \u00e9rhet\u0151ek el &#8211; asztali \u00e9s szabadon\u00e1ll\u00f3 modellek -, mindegyik k\u00e9pes <strong>folyamatos \u00fczemm\u00f3d<\/strong>ban m\u0171k\u00f6dni a <strong>magas termel\u00e9kenys\u00e9g<\/strong> biztos\u00edt\u00e1sa \u00e9rdek\u00e9ben. Feldolgozhatunk vel\u00fck b\u00e1rmilyen f\u00e9le z\u00f6lds\u00e9get \u00e9s gy\u00fcm\u00f6lcs\u00f6t.<\/p>\n<p>A TRS modellek minden ig\u00e9nyt kiel\u00e9g\u00edtenek, magas termel\u00e9kenys\u00e9get, kiv\u00e1l\u00f3 teljes\u00edtm\u00e9nyt, rendk\u00edv\u00fcli min\u0151s\u00e9get \u00e9s extr\u00e9m tart\u00f3ss\u00e1got biztos\u00edtva.[\/vc_column_text][\/vc_column][vc_column width=&#8221;1\/4&#8243;][vc_empty_space][elx_download_block text=&#8221;Szeletel\u0151t\u00e1rcsa v\u00e1laszt\u00f3&#8221; link=&#8221;https:\/\/www.electroluxprofessional.com\/hu\/szeletelotarcsa-valaszto\/&#8221; background_color=&#8221;inherit&#8221; background_image=&#8221;1837&#8243; reveal_effect=&#8221;&#8221; reveal_duration=&#8221;&#8221; reveal_delay=&#8221;&#8221;][\/vc_column][vc_column width=&#8221;1\/4&#8243;][vc_single_image image=&#8221;1838&#8243; img_size=&#8221;large&#8221;][\/vc_column][\/vc_row][vc_row][vc_column][elx_heading font_size=&#8221;h2&#8243; text_color=&#8221;inherit&#8221; text_align=&#8221;text-center&#8221;]<strong>\u00c9tel feldolgoz\u00f3k<\/strong>[\/elx_heading][\/vc_column][\/vc_row][vc_row][vc_column width=&#8221;1\/4&#8243;][vc_single_image image=&#8221;1784&#8243; img_size=&#8221;full&#8221;][\/vc_column][vc_column width=&#8221;3\/4&#8243;][vc_empty_space][vc_column_text]Nagy teljes\u00edtm\u00e9ny\u0171, tart\u00f3s. Ide\u00e1lis k\u00e9sz\u00fcl\u00e9k a professzion\u00e1lis s\u00e9fek sz\u00e1m\u00e1ra.<br \/>\nDarabol, dar\u00e1l, \u0151r\u00f6l \u00e9s kever.[\/vc_column_text][vc_row_inner][vc_column_inner width=&#8221;1\/4&#8243;][vc_single_image image=&#8221;1768&#8243; img_size=&#8221;medium&#8221; alignment=&#8221;center&#8221;][vc_column_text]A falra szerelhet\u0151 pengetart\u00f3ban <strong>biztons\u00e1gban<\/strong> t\u00e1rolhatja a peng\u00e9ket.[\/vc_column_text][\/vc_column_inner][vc_column_inner width=&#8221;1\/4&#8243;][vc_single_image image=&#8221;1785&#8243; img_size=&#8221;medium&#8221; alignment=&#8221;center&#8221;][vc_column_text]<strong>V\u00edz\u00e1ll\u00f3 <\/strong>\u00e9s<strong> ergonomikus <\/strong>kezel\u0151i panel (IP55)[\/vc_column_text][\/vc_column_inner][vc_column_inner width=&#8221;1\/4&#8243;][vc_single_image image=&#8221;1786&#8243; img_size=&#8221;medium&#8221; alignment=&#8221;center&#8221;][vc_column_text]<strong>100%-ban mosogat\u00f3g\u00e9p biztos<\/strong>: penge, fed\u0151, kapar\u00f3 \u00e9s rozsdamentes ac\u00e9l \u00fcst[\/vc_column_text][\/vc_column_inner][vc_column_inner width=&#8221;1\/4&#8243;][vc_single_image image=&#8221;978&#8243; img_size=&#8221;medium&#8221; alignment=&#8221;center&#8221;][vc_column_text]<strong>A csendes m\u0171k\u00f6d\u00e9st<\/strong>\u00a0\u00e9s hossz\u00fa \u00e9lettartamot az er\u0151teljes, kompakt motor garant\u00e1lja.[\/vc_column_text][\/vc_column_inner][\/vc_row_inner][\/vc_column][\/vc_row][vc_row][vc_column][elx_heading font_size=&#8221;h2&#8243; text_color=&#8221;inherit&#8221; text_align=&#8221;text-center&#8221;]<strong>Mixerek<\/strong>[\/elx_heading][\/vc_column][\/vc_row][vc_row][vc_column width=&#8221;3\/4&#8243;][elx_heading font_size=&#8221;h4&#8243; text_color=&#8221;inherit&#8221;]Multifunkci\u00f3s k\u00e9zi mixer[\/elx_heading][vc_column_text]Hozza ki a legjobbat a rendelkez\u00e9s\u00e9re \u00e1ll\u00f3 \u00f6sszetev\u0151kb\u0151l.<br \/>\nK\u00e9sz\u00edtsen kr\u00e9meket, leveseket, sz\u00f3szokat, z\u00f6lds\u00e9gp\u00fcr\u00e9ket, palacsintat\u00e9szt\u00e1t \u00e9s habokat.<\/p>\n<ul>\n<li>Ergon\u00f3mia<\/li>\n<li>Kiv\u00e1l\u00f3 sebess\u00e9g szab\u00e1lyz\u00e1s<\/li>\n<li>Minden eleme k\u00f6nnyed\u00e9n tiszt\u00edthat\u00f3<\/li>\n<\/ul>\n<p>[\/vc_column_text][elx_heading font_size=&#8221;h4&#8243; text_color=&#8221;inherit&#8221;]Turbo homogeniz\u00e1l\u00f3k<br \/>\n[\/elx_heading][vc_column_text]Nagy mennyis\u00e9g\u0171 z\u00f6lds\u00e9glevesek \u00e9s hallevesek, z\u00f6lds\u00e9g \u00e9s gy\u00fcm\u00f6lcs p\u00fcr\u00e9k, foly\u00e9kony t\u00e9szt\u00e1k \u00e9s sz\u00f3szok intenz\u00edv kever\u00e9s\u00e9re, foly\u00f3s\u00edt\u00e1s\u00e1ra, emulge\u00e1l\u00e1s\u00e1ra tervezve.[\/vc_column_text][\/vc_column][vc_column width=&#8221;1\/4&#8243;][vc_single_image image=&#8221;1839&#8243; img_size=&#8221;full&#8221;][\/vc_column][\/vc_row][vc_row][vc_column][elx_heading font_size=&#8221;h2&#8243; text_color=&#8221;inherit&#8221; text_align=&#8221;text-center&#8221;]<strong>H\u00fasdar\u00e1l\u00f3k<\/strong>[\/elx_heading][\/vc_column][\/vc_row][vc_row][vc_column width=&#8221;1\/4&#8243;][vc_single_image image=&#8221;1840&#8243; img_size=&#8221;full&#8221;][\/vc_column][vc_column width=&#8221;3\/4&#8243;][vc_empty_space][vc_column_text]H\u00fasdar\u00e1l\u00f3ink b\u00e1rmilyen m\u00e9ret\u0171 konyh\u00e1ba illik. Sz\u00e1mos tartoz\u00e9k\u00e1nak k\u00f6sz\u00f6nhet\u0151en alkalmas h\u00fasdar\u00e1l\u00e1sra, keny\u00e9r \u00e9s sajt reszel\u00e9sre, mogyor\u00f3 apr\u00edt\u00e1sra, mindezt gyorsan \u00e9s er\u0151lk\u00f6d\u00e9s n\u00e9lk\u00fcl.<\/p>\n<p>A g\u00e9ptest rozsdamentes ac\u00e9lb\u00f3l k\u00e9sz\u00fclt, az \u00f6nszell\u0151ztet\u0151, dupla sebess\u00e9g\u0171 motor 24V-os.[\/vc_column_text][\/vc_column][\/vc_row][vc_row][vc_column][elx_heading font_size=&#8221;h2&#8243; text_color=&#8221;inherit&#8221; text_align=&#8221;text-center&#8221;]<strong>Szeletel\u0151g\u00e9pek<\/strong>[\/elx_heading][\/vc_column][\/vc_row][vc_row][vc_column width=&#8221;3\/4&#8243;][vc_empty_space][vc_column_text]Az Electrolux Professional szeletel\u0151g\u00e9pei <strong>st\u00edlusos<\/strong> \u00e9s sima szeleteket produk\u00e1lnak, mik\u00f6zben <strong>magas min\u0151s\u00e9g<\/strong>et <strong>\u00e9s higi\u00e9ni\u00e1t<\/strong> biztos\u00edtanak. Keny\u00e9rszeletel\u0151nk egy <strong>egyedi biztons\u00e1gi egys\u00e9ggel<\/strong> rendelkezik, amely a tiszt\u00edt\u00e1si folyamatok ideje alatt megakad\u00e1lyozza, hogy a peng\u00e9hez \u00e9rj\u00fcnk.[\/vc_column_text][\/vc_column][vc_column width=&#8221;1\/4&#8243;][vc_single_image image=&#8221;1841&#8243; img_size=&#8221;full&#8221;][\/vc_column][\/vc_row][vc_row][vc_column][elx_heading font_size=&#8221;h2&#8243; text_color=&#8221;inherit&#8221; text_align=&#8221;text-center&#8221;]<strong>H\u00fasv\u00e1g\u00f3 t\u0151k\u00e9k<\/strong>[\/elx_heading][\/vc_column][\/vc_row][vc_row][vc_column width=&#8221;1\/4&#8243;][vc_single_image image=&#8221;1842&#8243; img_size=&#8221;medium&#8221;][\/vc_column][vc_column width=&#8221;3\/4&#8243;][vc_empty_space][vc_column_text]Az \u00f6sszes kieg\u00e9sz\u00edt\u0151 term\u00e9k\u00fcnk a legmagasabb min\u0151s\u00e9get \u00e9s higi\u00e9ni\u00e1t biztos\u00edtj\u00e1k. Az \u00e9telszennyez\u00e9s elker\u00fcl\u00e9se \u00e9rdek\u00e9ben az Electrolux Professional kiz\u00e1r\u00f3lag nem m\u00e9rgez\u0151 alapanyagokat haszn\u00e1l.[\/vc_column_text][\/vc_column][\/vc_row][vc_row][vc_column][vc_empty_space height=&#8221;50px&#8221;][\/vc_column][\/vc_row][vc_row][vc_column width=&#8221;1\/3&#8243;][vc_single_image image=&#8221;651&#8243; img_size=&#8221;full&#8221; onclick=&#8221;custom_link&#8221; link=&#8221;https:\/\/www.electroluxprofessional.com\/hu\/a-jobbert\/biztonsag\/&#8221;][\/vc_column][vc_column width=&#8221;2\/3&#8243;][vc_empty_space][elx_heading font_container=&#8221;h3&#8243; font_size=&#8221;h4&#8243; text_color=&#8221;inherit&#8221;]\u00c9tel el\u0151k\u00e9sz\u00edt\u0151 berendez\u00e9seink nagy l\u00e9p\u00e9st tesznek az eg\u00e9szs\u00e9ges \u00e9tel\u00e9rt![\/elx_heading][elx_heading font_size=&#8221;h3&#8243; text_color=&#8221;inherit&#8221;]\u00c9tel biztons\u00e1g. Nincs kereszt-szennyez\u00e9s. T\u00f6k\u00e9letes teljes\u00edtm\u00e9ny.[\/elx_heading][vc_column_text]Az Electrolux Professional kiz\u00e1r\u00f3lag BPA (Bisphenol A) mentes m\u0171anyagot haszn\u00e1l.[\/vc_column_text][\/vc_column][\/vc_row][vc_row][vc_column][vc_empty_space height=&#8221;50px&#8221;][\/vc_column][\/vc_row][vc_row][vc_column width=&#8221;1\/4&#8243;][elx_download_block text=&#8221;Term\u00e9kkatal\u00f3gus &#8211;<br \/>\n\u00e9tel el\u0151k\u00e9sz\u00edt\u00e9s&#8221; link=&#8221;files.professional.electrolux.com\/docs\/?n=BR-9JEEL&amp;b=5&amp;l=1&#8243; background_color=&#8221;food-solutions&#8221; reveal_effect=&#8221;&#8221; reveal_duration=&#8221;&#8221; reveal_delay=&#8221;&#8221;][\/vc_column][vc_column width=&#8221;1\/4&#8243;][elx_download_block text=&#8221;TRS\/TRK<br \/>\nt\u00e1rcsav\u00e1laszt\u00f3&#8221; link=&#8221;https:\/\/www.electroluxprofessional.com\/hu\/wp-content\/uploads\/2017\/07\/T\u00e1rcs\u00e1k-1.pdf&#8221; background_color=&#8221;food-solutions&#8221; reveal_effect=&#8221;&#8221; reveal_duration=&#8221;&#8221; reveal_delay=&#8221;&#8221;][\/vc_column][vc_column width=&#8221;1\/4&#8243;][elx_download_block text=&#8221;TRS TR210 sz\u00f3r\u00f3lap&#8221; link=&#8221;files.professional.electrolux.com\/docs\/?n=CLF-9JER09&amp;b=5&amp;l=1&#8243; background_color=&#8221;food-solutions&#8221; reveal_effect=&#8221;&#8221; reveal_duration=&#8221;&#8221; reveal_delay=&#8221;&#8221;][\/vc_column][vc_column width=&#8221;1\/4&#8243;][elx_download_block text=&#8221;TRK sz\u00f3r\u00f3lap&#8221; link=&#8221;files.professional.electrolux.com\/docs\/?n=CLF-9JER11&amp;b=5&amp;l=1&#8243; background_color=&#8221;food-solutions&#8221; reveal_effect=&#8221;&#8221; reveal_duration=&#8221;&#8221; reveal_delay=&#8221;&#8221;][\/vc_column][\/vc_row][vc_row][vc_column width=&#8221;1\/4&#8243;][elx_download_block text=&#8221;TRS z\u00f6lds\u00e9gszeletel\u0151k \u00e9s t\u00e1rcs\u00e1k&#8221; link=&#8221;files.professional.electrolux.com\/docs\/?n=CLF-9JEHG&amp;b=5&amp;l=1&#8243; background_color=&#8221;food-solutions&#8221; reveal_effect=&#8221;&#8221; reveal_duration=&#8221;&#8221; reveal_delay=&#8221;&#8221;][\/vc_column][vc_column width=&#8221;1\/4&#8243;][elx_download_block text=&#8221;K 45\/55\/70<br \/>\n\u00e9tel el\u0151k\u00e9sz\u00edt\u0151k&#8221; link=&#8221;files.professional.electrolux.com\/docs\/?n=CLF-9JER10&amp;b=5&amp;l=1&#8243; background_color=&#8221;food-solutions&#8221; reveal_effect=&#8221;&#8221; reveal_duration=&#8221;&#8221; reveal_delay=&#8221;&#8221;][\/vc_column][vc_column width=&#8221;1\/4&#8243;][elx_download_block text=&#8221;Bermixer PRO k\u00e9zi mixerek&#8221; link=&#8221;files.professional.electrolux.com\/docs\/?n=CLF-9JEHH&amp;b=5&amp;l=1&#8243; background_color=&#8221;food-solutions&#8221; reveal_effect=&#8221;&#8221; reveal_duration=&#8221;&#8221; reveal_delay=&#8221;&#8221;][\/vc_column][vc_column width=&#8221;1\/4&#8243;][elx_download_block text=&#8221;H\u00e1moz\u00f3ink, \u00e9tel centrifug\u00e1ink&#8221; link=&#8221;https:\/\/www.electroluxprofessional.com\/hu\/hamozas-tisztitas-es-szaritas\/&#8221; background_color=&#8221;food-solutions&#8221; reveal_effect=&#8221;&#8221; reveal_duration=&#8221;&#8221; reveal_delay=&#8221;&#8221;][\/vc_column][\/vc_row][vc_row][vc_column][vc_empty_space height=&#8221;50px&#8221;][\/vc_column][\/vc_row][vc_row][vc_column width=&#8221;1\/3&#8243;][elx_maylike_box id_box=&#8221;3770&#8243;][\/vc_column][vc_column width=&#8221;1\/3&#8243;][elx_maylike_box id_box=&#8221;4031&#8243;][\/vc_column][vc_column width=&#8221;1\/3&#8243;][elx_maylike_box id_box=&#8221;3673&#8243;][\/vc_column][\/vc_row][vc_row][vc_column][vc_empty_space height=&#8221;50px&#8221;][elx_heading text_color=&#8221;inherit&#8221; text_align=&#8221;text-center&#8221;]\u00c9rdekl\u0151dj\u00f6n az Electroluxr\u00f3l Professional[\/elx_heading][elx_o2000_contact_us r=&#8221;Szeretn\u00e9k t\u00f6bb inform\u00e1ci\u00f3t kapni err\u0151l a term\u00e9kr\u0151l V\u00e1gjon, keverjen, szeleteljen. K\u00e9rem, vegy\u00e9k fel velem a kapcsolatot.&#8221; s=&#8221;Inform\u00e1ci\u00f3 k\u00e9r\u00e9s err\u0151l a term\u00e9kr\u0151l V\u00e1gjon, keverjen, szeleteljen&#8221; country=&#8221;Hungary&#8221; l=&#8221;hu&#8221; b=&#8221;food&#8221; container=&#8221;elxcontactus1479227516&#8243;][vc_empty_space height=&#8221;50px&#8221;][\/vc_column][\/vc_row]<\/p>\n","protected":false},"excerpt":{"rendered":"<p>[vc_row full_width=&#8221;electroluxpro-full-width-no-padding&#8221;][vc_column][elx_hero_title label=&#8221;&#8221; background_image=&#8221;1783&#8243;][\/elx_hero_title][\/vc_column][\/vc_row][vc_row][vc_column][vc_empty_space][elx_heading font_container=&#8221;h1&#8243; font_size=&#8221;h2&#8243; text_color=&#8221;inherit&#8221; text_align=&#8221;text-center&#8221;]V\u00e1gjon, keverjen \u00e9s szeleteljen a z\u00f6lds\u00e9gszeletel\u0151inkkel, mixereinkkel, kuttereinkkel, h\u00fasdar\u00e1l\u00f3inkkal, szeletel\u0151g\u00e9peinkkel \u00e9s h\u00fasv\u00e1g\u00f3 t\u0151k\u00e9inkkel[\/elx_heading][vc_empty_space][\/vc_column][\/vc_row][vc_row][vc_column][elx_heading font_size=&#8221;h2&#8243; text_color=&#8221;inherit&#8221; text_align=&#8221;text-center&#8221;]Z\u00f6lds\u00e9gszeletel\u0151k[\/elx_heading][\/vc_column][\/vc_row][vc_row][vc_column width=&#8221;2\/4&#8243;][vc_empty_space][vc_column_text]Az Electrolux Professional z\u00f6lds\u00e9gszeletel\u0151k k\u00fcl\u00f6nb\u00f6z\u0151 verzi\u00f3kban \u00e9rhet\u0151ek el &#8211; asztali \u00e9s szabadon\u00e1ll\u00f3 modellek -, mindegyik k\u00e9pes folyamatos \u00fczemm\u00f3dban m\u0171k\u00f6dni a magas termel\u00e9kenys\u00e9g biztos\u00edt\u00e1sa \u00e9rdek\u00e9ben. Feldolgozhatunk vel\u00fck b\u00e1rmilyen f\u00e9le z\u00f6lds\u00e9get \u00e9s gy\u00fcm\u00f6lcs\u00f6t. A [&hellip;]<\/p>\n","protected":false},"author":3,"featured_media":0,"parent":0,"menu_order":0,"comment_status":"closed","ping_status":"closed","template":"","meta":{"footnotes":""},"class_list":["post-2196","page","type-page","status-publish","hentry"],"yoast_head":"<!-- This site is optimized with the Yoast SEO plugin v23.3 - https:\/\/yoast.com\/wordpress\/plugins\/seo\/ -->\n<title>V\u00e1gjon, keverjen, szeleteljen - Electrolux Professional Magyarorsz\u00e1g<\/title>\n<meta name=\"robots\" content=\"index, follow, max-snippet:-1, max-image-preview:large, max-video-preview:-1\" \/>\n<link rel=\"canonical\" href=\"https:\/\/www.electroluxprofessional.com\/hu\/vagjon-keverjen-szeleteljen\/\" \/>\n<meta property=\"og:locale\" content=\"hu_HU\" \/>\n<meta property=\"og:type\" content=\"article\" \/>\n<meta property=\"og:title\" content=\"V\u00e1gjon, keverjen, szeleteljen - Electrolux Professional Magyarorsz\u00e1g\" \/>\n<meta property=\"og:description\" content=\"[vc_row full_width=&#8221;electroluxpro-full-width-no-padding&#8221;][vc_column][elx_hero_title label=&#8221;&#8221; background_image=&#8221;1783&#8243;][\/elx_hero_title][\/vc_column][\/vc_row][vc_row][vc_column][vc_empty_space][elx_heading font_container=&#8221;h1&#8243; font_size=&#8221;h2&#8243; text_color=&#8221;inherit&#8221; text_align=&#8221;text-center&#8221;]V\u00e1gjon, keverjen \u00e9s szeleteljen a z\u00f6lds\u00e9gszeletel\u0151inkkel, mixereinkkel, kuttereinkkel, h\u00fasdar\u00e1l\u00f3inkkal, szeletel\u0151g\u00e9peinkkel \u00e9s h\u00fasv\u00e1g\u00f3 t\u0151k\u00e9inkkel[\/elx_heading][vc_empty_space][\/vc_column][\/vc_row][vc_row][vc_column][elx_heading font_size=&#8221;h2&#8243; text_color=&#8221;inherit&#8221; text_align=&#8221;text-center&#8221;]Z\u00f6lds\u00e9gszeletel\u0151k[\/elx_heading][\/vc_column][\/vc_row][vc_row][vc_column width=&#8221;2\/4&#8243;][vc_empty_space][vc_column_text]Az Electrolux Professional z\u00f6lds\u00e9gszeletel\u0151k k\u00fcl\u00f6nb\u00f6z\u0151 verzi\u00f3kban \u00e9rhet\u0151ek el &#8211; asztali \u00e9s szabadon\u00e1ll\u00f3 modellek -, mindegyik k\u00e9pes folyamatos \u00fczemm\u00f3dban m\u0171k\u00f6dni a magas termel\u00e9kenys\u00e9g biztos\u00edt\u00e1sa \u00e9rdek\u00e9ben. Feldolgozhatunk vel\u00fck b\u00e1rmilyen f\u00e9le z\u00f6lds\u00e9get \u00e9s gy\u00fcm\u00f6lcs\u00f6t. A [&hellip;]\" \/>\n<meta property=\"og:url\" content=\"https:\/\/www.electroluxprofessional.com\/hu\/vagjon-keverjen-szeleteljen\/\" \/>\n<meta property=\"og:site_name\" content=\"Electrolux Professional Magyarorsz\u00e1g\" \/>\n<meta property=\"article:modified_time\" content=\"2025-11-05T14:51:43+00:00\" \/>\n<meta name=\"twitter:card\" content=\"summary_large_image\" \/>\n<meta name=\"twitter:label1\" content=\"Becs\u00fclt olvas\u00e1si id\u0151\" \/>\n\t<meta name=\"twitter:data1\" content=\"3 perc\" \/>\n<script type=\"application\/ld+json\" class=\"yoast-schema-graph\">{\"@context\":\"https:\/\/schema.org\",\"@graph\":[{\"@type\":\"WebPage\",\"@id\":\"https:\/\/www.electroluxprofessional.com\/hu\/vagjon-keverjen-szeleteljen\/\",\"url\":\"https:\/\/www.electroluxprofessional.com\/hu\/vagjon-keverjen-szeleteljen\/\",\"name\":\"V\u00e1gjon, keverjen, szeleteljen - Electrolux Professional Magyarorsz\u00e1g\",\"isPartOf\":{\"@id\":\"https:\/\/www.electroluxprofessional.com\/hu\/#website\"},\"datePublished\":\"2017-05-15T08:57:37+00:00\",\"dateModified\":\"2025-11-05T14:51:43+00:00\",\"breadcrumb\":{\"@id\":\"https:\/\/www.electroluxprofessional.com\/hu\/vagjon-keverjen-szeleteljen\/#breadcrumb\"},\"inLanguage\":\"hu\",\"potentialAction\":[{\"@type\":\"ReadAction\",\"target\":[\"https:\/\/www.electroluxprofessional.com\/hu\/vagjon-keverjen-szeleteljen\/\"]}]},{\"@type\":\"BreadcrumbList\",\"@id\":\"https:\/\/www.electroluxprofessional.com\/hu\/vagjon-keverjen-szeleteljen\/#breadcrumb\",\"itemListElement\":[{\"@type\":\"ListItem\",\"position\":1,\"name\":\"Home\",\"item\":\"https:\/\/www.electroluxprofessional.com\/hu\/\"},{\"@type\":\"ListItem\",\"position\":2,\"name\":\"V\u00e1gjon, keverjen, szeleteljen\"}]},{\"@type\":\"WebSite\",\"@id\":\"https:\/\/www.electroluxprofessional.com\/hu\/#website\",\"url\":\"https:\/\/www.electroluxprofessional.com\/hu\/\",\"name\":\"Electrolux Professional Magyarorsz\u00e1g\",\"description\":\"\",\"potentialAction\":[{\"@type\":\"SearchAction\",\"target\":{\"@type\":\"EntryPoint\",\"urlTemplate\":\"https:\/\/www.electroluxprofessional.com\/hu\/?src={search_term_string}\"},\"query-input\":\"required name=search_term_string\"}],\"inLanguage\":\"hu\"}]}<\/script>\n<!-- \/ Yoast SEO plugin. -->","yoast_head_json":{"title":"V\u00e1gjon, keverjen, szeleteljen - Electrolux Professional Magyarorsz\u00e1g","robots":{"index":"index","follow":"follow","max-snippet":"max-snippet:-1","max-image-preview":"max-image-preview:large","max-video-preview":"max-video-preview:-1"},"canonical":"https:\/\/www.electroluxprofessional.com\/hu\/vagjon-keverjen-szeleteljen\/","og_locale":"hu_HU","og_type":"article","og_title":"V\u00e1gjon, keverjen, szeleteljen - Electrolux Professional Magyarorsz\u00e1g","og_description":"[vc_row full_width=&#8221;electroluxpro-full-width-no-padding&#8221;][vc_column][elx_hero_title label=&#8221;&#8221; background_image=&#8221;1783&#8243;][\/elx_hero_title][\/vc_column][\/vc_row][vc_row][vc_column][vc_empty_space][elx_heading font_container=&#8221;h1&#8243; font_size=&#8221;h2&#8243; text_color=&#8221;inherit&#8221; text_align=&#8221;text-center&#8221;]V\u00e1gjon, keverjen \u00e9s szeleteljen a z\u00f6lds\u00e9gszeletel\u0151inkkel, mixereinkkel, kuttereinkkel, h\u00fasdar\u00e1l\u00f3inkkal, szeletel\u0151g\u00e9peinkkel \u00e9s h\u00fasv\u00e1g\u00f3 t\u0151k\u00e9inkkel[\/elx_heading][vc_empty_space][\/vc_column][\/vc_row][vc_row][vc_column][elx_heading font_size=&#8221;h2&#8243; text_color=&#8221;inherit&#8221; text_align=&#8221;text-center&#8221;]Z\u00f6lds\u00e9gszeletel\u0151k[\/elx_heading][\/vc_column][\/vc_row][vc_row][vc_column width=&#8221;2\/4&#8243;][vc_empty_space][vc_column_text]Az Electrolux Professional z\u00f6lds\u00e9gszeletel\u0151k k\u00fcl\u00f6nb\u00f6z\u0151 verzi\u00f3kban \u00e9rhet\u0151ek el &#8211; asztali \u00e9s szabadon\u00e1ll\u00f3 modellek -, mindegyik k\u00e9pes folyamatos \u00fczemm\u00f3dban m\u0171k\u00f6dni a magas termel\u00e9kenys\u00e9g biztos\u00edt\u00e1sa \u00e9rdek\u00e9ben. Feldolgozhatunk vel\u00fck b\u00e1rmilyen f\u00e9le z\u00f6lds\u00e9get \u00e9s gy\u00fcm\u00f6lcs\u00f6t. A [&hellip;]","og_url":"https:\/\/www.electroluxprofessional.com\/hu\/vagjon-keverjen-szeleteljen\/","og_site_name":"Electrolux Professional Magyarorsz\u00e1g","article_modified_time":"2025-11-05T14:51:43+00:00","twitter_card":"summary_large_image","twitter_misc":{"Becs\u00fclt olvas\u00e1si id\u0151":"3 perc"},"schema":{"@context":"https:\/\/schema.org","@graph":[{"@type":"WebPage","@id":"https:\/\/www.electroluxprofessional.com\/hu\/vagjon-keverjen-szeleteljen\/","url":"https:\/\/www.electroluxprofessional.com\/hu\/vagjon-keverjen-szeleteljen\/","name":"V\u00e1gjon, keverjen, szeleteljen - Electrolux Professional Magyarorsz\u00e1g","isPartOf":{"@id":"https:\/\/www.electroluxprofessional.com\/hu\/#website"},"datePublished":"2017-05-15T08:57:37+00:00","dateModified":"2025-11-05T14:51:43+00:00","breadcrumb":{"@id":"https:\/\/www.electroluxprofessional.com\/hu\/vagjon-keverjen-szeleteljen\/#breadcrumb"},"inLanguage":"hu","potentialAction":[{"@type":"ReadAction","target":["https:\/\/www.electroluxprofessional.com\/hu\/vagjon-keverjen-szeleteljen\/"]}]},{"@type":"BreadcrumbList","@id":"https:\/\/www.electroluxprofessional.com\/hu\/vagjon-keverjen-szeleteljen\/#breadcrumb","itemListElement":[{"@type":"ListItem","position":1,"name":"Home","item":"https:\/\/www.electroluxprofessional.com\/hu\/"},{"@type":"ListItem","position":2,"name":"V\u00e1gjon, keverjen, szeleteljen"}]},{"@type":"WebSite","@id":"https:\/\/www.electroluxprofessional.com\/hu\/#website","url":"https:\/\/www.electroluxprofessional.com\/hu\/","name":"Electrolux Professional Magyarorsz\u00e1g","description":"","potentialAction":[{"@type":"SearchAction","target":{"@type":"EntryPoint","urlTemplate":"https:\/\/www.electroluxprofessional.com\/hu\/?src={search_term_string}"},"query-input":"required name=search_term_string"}],"inLanguage":"hu"}]}},"_links":{"self":[{"href":"https:\/\/www.electroluxprofessional.com\/hu\/wp-json\/wp\/v2\/pages\/2196"}],"collection":[{"href":"https:\/\/www.electroluxprofessional.com\/hu\/wp-json\/wp\/v2\/pages"}],"about":[{"href":"https:\/\/www.electroluxprofessional.com\/hu\/wp-json\/wp\/v2\/types\/page"}],"author":[{"embeddable":true,"href":"https:\/\/www.electroluxprofessional.com\/hu\/wp-json\/wp\/v2\/users\/3"}],"replies":[{"embeddable":true,"href":"https:\/\/www.electroluxprofessional.com\/hu\/wp-json\/wp\/v2\/comments?post=2196"}],"version-history":[{"count":26,"href":"https:\/\/www.electroluxprofessional.com\/hu\/wp-json\/wp\/v2\/pages\/2196\/revisions"}],"predecessor-version":[{"id":9320,"href":"https:\/\/www.electroluxprofessional.com\/hu\/wp-json\/wp\/v2\/pages\/2196\/revisions\/9320"}],"wp:attachment":[{"href":"https:\/\/www.electroluxprofessional.com\/hu\/wp-json\/wp\/v2\/media?parent=2196"}],"curies":[{"name":"wp","href":"https:\/\/api.w.org\/{rel}","templated":true}]}}