{"id":2159,"date":"2017-05-15T08:43:56","date_gmt":"2017-05-15T08:43:56","guid":{"rendered":"https:\/\/www.electroluxprofessional.com\/hu\/?page_id=2159"},"modified":"2022-11-06T19:28:53","modified_gmt":"2022-11-06T19:28:53","slug":"cook-and-chill","status":"publish","type":"page","link":"https:\/\/www.electroluxprofessional.com\/hu\/konyhatechnologia\/cook-and-chill\/","title":{"rendered":"Cook and Chill"},"content":{"rendered":"<p>[vc_row][vc_column][elx_hero_slider label_text_color=&#8221;inherit&#8221; images=&#8221;698&#8243;][elx_heading font_container=&#8221;h1&#8243; font_size=&#8221;h2&#8243; text_color=&#8221;inherit&#8221;]Cook&amp;Chill<br \/>\n[\/elx_heading][vc_column_text]<\/p>\n<h4>nem csak egy m\u00e1sik k\u00e9sz\u00fcl\u00e9k.<\/h4>\n<p>[\/vc_column_text][\/elx_hero_slider][\/vc_column][\/vc_row][vc_row][vc_column css=&#8221;.vc_custom_1474293813756{padding-top: 50px !important;padding-bottom: 50px !important;}&#8221;][elx_heading font_size=&#8221;h3&#8243; text_color=&#8221;inherit&#8221; text_align=&#8221;text-center&#8221;]A Cook&amp;Chill a munkafolyamat egy m\u00f3dja, amely jav\u00edtja a professzion\u00e1lis konyh\u00e1k \u00e9let\u00e9t, valamint eredm\u00e9nyeit.[\/elx_heading][\/vc_column][\/vc_row][vc_row full_height=&#8221;yes&#8221;][vc_column width=&#8221;1\/2&#8243;][vc_single_image image=&#8221;695&#8243; img_size=&#8221;full&#8221;][\/vc_column][vc_column width=&#8221;1\/2&#8243;][vc_single_image image=&#8221;1653&#8243; img_size=&#8221;full&#8221;][\/vc_column][\/vc_row][vc_row][vc_column width=&#8221;1\/2&#8243;][elx_heading font_container=&#8221;h3&#8243; text_color=&#8221;inherit&#8221;]air-o-steam<br \/>\nTouchline kombis\u00fct\u0151[\/elx_heading][vc_column_text]Az<strong> air-o-steam Touchline<\/strong> \u00faj korszakot nyitott a kombip\u00e1rol\u00f3 k\u00e9sz\u00fcl\u00e9kek vil\u00e1g\u00e1ban, egyszer\u0171 \u00e9s intuit\u00edv f\u0151z\u00e9si m\u00f3dot biztos\u00edtva b\u00e1rmely professzion\u00e1lis konyh\u00e1n, legyen sz\u00f3 ak\u00e1r gyors\u00e9tteremr\u0151l, nagy kapacit\u00e1s\u00fa konyh\u00e1kr\u00f3l, vagy a legtapasztaltabb S\u00e9fek fine dining \u00e9ttermeir\u0151l.[\/vc_column_text][\/vc_column][vc_column width=&#8221;1\/2&#8243;][elx_heading font_container=&#8221;h3&#8243; text_color=&#8221;inherit&#8221;]air-o-chill<br \/>\nsokkol\u00f3 h\u0171t\u0151k \u00e9s fagyaszt\u00f3k<br \/>\n[\/elx_heading][vc_column_text]Optimaliz\u00e1lja konyh\u00e1ja munkafolyamat\u00e1t az \u00e9telek eltarthat\u00f3s\u00e1g\u00e1nak meghosszabb\u00edt\u00e1s\u00e1val \u00e9s a hullad\u00e9k cs\u00f6kkent\u00e9s\u00e9vel. Innovat\u00edv sokkol\u00f3 h\u0171t\u0151ink \u00e9s fagyaszt\u00f3ink teszik komplett\u00e9\u00a0a Cook &amp; Chill folyamatot.[\/vc_column_text][\/vc_column][\/vc_row][vc_row][vc_column][vc_empty_space][\/vc_column][\/vc_row][vc_row][vc_column width=&#8221;1\/2&#8243;][elx_download_block text=&#8221;Tov\u00e1bbi inform\u00e1ci\u00f3k&#8221; link_target=&#8221;self&#8221; link=&#8221;https:\/\/www.electroluxprofessional.com\/hu\/e-chef\/&#8221; background_color=&#8221;orange&#8221; reveal_effect=&#8221;&#8221; reveal_duration=&#8221;&#8221; reveal_delay=&#8221;&#8221;][\/vc_column][vc_column width=&#8221;1\/2&#8243;][elx_download_block text=&#8221;air-o-steam Touchline s\u00fct\u0151k&#8221; link=&#8221;files.professional.electrolux.com\/docs\/?n=CLF-9JEEW&amp;b=5&amp;l=1&#8243; background_color=&#8221;orange&#8221; reveal_effect=&#8221;&#8221; reveal_duration=&#8221;&#8221; reveal_delay=&#8221;&#8221;][\/vc_column][\/vc_row][vc_row][vc_column][vc_empty_space][elx_heading font_size=&#8221;h3&#8243; text_color=&#8221;inherit&#8221; text_align=&#8221;text-center&#8221;]Tartoz\u00e9kok Cook&amp;Chill-hez[\/elx_heading][\/vc_column][\/vc_row][vc_row][vc_column width=&#8221;1\/2&#8243;][vc_single_image image=&#8221;1654&#8243; img_size=&#8221;full&#8221;][\/vc_column][vc_column width=&#8221;1\/2&#8243;][vc_empty_space height=&#8221;132px&#8221;][vc_single_image image=&#8221;806&#8243; img_size=&#8221;full&#8221;][\/vc_column][\/vc_row][vc_row][vc_column width=&#8221;1\/2&#8243;][vc_column_text]<\/p>\n<h4>\u00a0Sous-vide\u00a0folyamat<\/h4>\n<p>A v\u00e1kuumcsomagol\u00f3 k\u00e9sz\u00fcl\u00e9keink elengedhetetlen a sous-vide f\u0151z\u00e9shez, valamint hasznosak az \u00e9telek s\u00e9r\u00fcl\u00e9s- \u00e9s leveg\u0151mentes t\u00e1rol\u00e1s\u00e1hoz is. Az USB Sous-vide magh\u0151m\u00e9r\u0151 seg\u00edts\u00e9g\u00e9vel a pontos magh\u0151m\u00e9rs\u00e9klet an\u00e9lk\u00fcl hat\u00e1rozhat\u00f3 meg, hogy megs\u00e9r\u00fclne a v\u00e1kuum a csomagol\u00e1sban.[\/vc_column_text][\/vc_column][vc_column width=&#8221;1\/2&#8243;][vc_column_text]<\/p>\n<div class=\"wpb_text_column wpb_content_element \">\n<div class=\"\">\n<div class=\"wpb_text_column wpb_content_element \">\n<div class=\"\">\n<h4>A f\u00fcst\u00f6l\u0151<\/h4>\n<p>A f\u00fcst\u00f6l\u0151 a kombis\u00fct\u0151ink kiv\u00e1l\u00f3 tartoz\u00e9ka. Ide\u00e1lis f\u0151z\u00e9shez \u00e9s f\u00fcst\u00f6l\u00e9shez k\u00fcl\u00f6nf\u00e9le faforg\u00e1csok vagy sz\u00e1r\u00edtott f\u0171szerek felhaszn\u00e1l\u00e1s\u00e1val.<\/p>\n<\/div>\n<\/div>\n<\/div>\n<\/div>\n<p>[\/vc_column_text][\/vc_column][\/vc_row][vc_row][vc_column css=&#8221;.vc_custom_1474298853042{padding-top: 50px !important;padding-bottom: 50px !important;}&#8221;][vc_empty_space height=&#8221;30px&#8221;][\/vc_column][\/vc_row][vc_row][vc_column width=&#8221;1\/2&#8243;][vc_single_image image=&#8221;802&#8243; img_size=&#8221;full&#8221;][\/vc_column][vc_column width=&#8221;1\/2&#8243;][vc_single_image image=&#8221;807&#8243; img_size=&#8221;full&#8221;][\/vc_column][\/vc_row][vc_row][vc_column width=&#8221;1\/2&#8243;][vc_column_text]<\/p>\n<div class=\"wpb_text_column wpb_content_element \">\n<div class=\"\">\n<h4>Extra er\u0151s tiszt\u00edt\u00f3szer \u00e9s \u00f6bl\u00edt\u0151szer s\u00fct\u0151kh\u00f6z<\/h4>\n<p>Nagy hat\u00e9konys\u00e1g\u00fa vegyszereink megfelelnek a higi\u00e9niai \u00e9s biztons\u00e1gi el\u0151\u00edr\u00e1soknak, szabv\u00e1nyoknak.<\/p>\n<\/div>\n<\/div>\n<p>[\/vc_column_text][\/vc_column][vc_column width=&#8221;1\/2&#8243;][vc_column_text]<\/p>\n<div class=\"wpb_text_column wpb_content_element \">\n<div class=\"\">\n<h4>Csirke rendszer<\/h4>\n<p>Komplett rendszer az \u00edzletes csirke\u00e9telek elk\u00e9sz\u00edt\u00e9s\u00e9hez.<\/p>\n<\/div>\n<\/div>\n<p>[\/vc_column_text][\/vc_column][\/vc_row][vc_row][vc_column][vc_empty_space height=&#8221;50px&#8221;][elx_heading font_size=&#8221;h3&#8243; text_color=&#8221;inherit&#8221; text_align=&#8221;text-center&#8221;]Fedezze fel az \u00f6sszes tartoz\u00e9kot[\/elx_heading][vc_empty_space height=&#8221;20px&#8221;][elx_video_block background_image=&#8221;693&#8243; video_link=&#8221;https:\/\/www.youtube.com\/watch?v=u_2r9PxDHzI&#8221; minimum_height=&#8221;400px&#8221;][\/vc_column][\/vc_row][vc_row][vc_column][vc_empty_space height=&#8221;50px&#8221;][\/vc_column][\/vc_row][vc_row][vc_column][elx_heading font_size=&#8221;h2&#8243; text_color=&#8221;inherit&#8221; text_align=&#8221;text-center&#8221;]Fedezze fel, hogy az Electrolux Professional mit tud tenni az \u00d6n \u00fczlet\u00e9\u00e9rt[\/elx_heading][elx_o2000_contact_us r=&#8221;Szeretn\u00e9k t\u00f6bb inform\u00e1ci\u00f3t kapni err\u0151l a term\u00e9kr\u0151l Cook and Chill. K\u00e9rem, vegy\u00e9k fel velem a kapcsolatot.&#8221; s=&#8221;Inform\u00e1ci\u00f3 k\u00e9r\u00e9s err\u0151l a term\u00e9kr\u0151l Cook and Chill&#8221; country=&#8221;Hungary&#8221; l=&#8221;hu&#8221; container=&#8221;elxcontactus1466429401&#8243;][\/vc_column][\/vc_row][vc_row][vc_column][vc_empty_space height=&#8221;50px&#8221;][\/vc_column][\/vc_row][vc_row][vc_column][elx_heading font_size=&#8221;h3&#8243; text_color=&#8221;inherit&#8221; text_align=&#8221;text-center&#8221;]Tal\u00e1lja meg a komplett megold\u00e1st[\/elx_heading][\/vc_column][\/vc_row][vc_row][vc_column][vc_empty_space height=&#8221;50px&#8221;][\/vc_column][\/vc_row]<\/p>\n","protected":false},"excerpt":{"rendered":"<p>[vc_row][vc_column][elx_hero_slider label_text_color=&#8221;inherit&#8221; images=&#8221;698&#8243;][elx_heading font_container=&#8221;h1&#8243; font_size=&#8221;h2&#8243; text_color=&#8221;inherit&#8221;]Cook&amp;Chill [\/elx_heading][vc_column_text] nem csak egy m\u00e1sik k\u00e9sz\u00fcl\u00e9k. [\/vc_column_text][\/elx_hero_slider][\/vc_column][\/vc_row][vc_row][vc_column css=&#8221;.vc_custom_1474293813756{padding-top: 50px !important;padding-bottom: 50px !important;}&#8221;][elx_heading font_size=&#8221;h3&#8243; text_color=&#8221;inherit&#8221; text_align=&#8221;text-center&#8221;]A Cook&amp;Chill a munkafolyamat egy m\u00f3dja, amely jav\u00edtja a professzion\u00e1lis konyh\u00e1k \u00e9let\u00e9t, valamint eredm\u00e9nyeit.[\/elx_heading][\/vc_column][\/vc_row][vc_row full_height=&#8221;yes&#8221;][vc_column width=&#8221;1\/2&#8243;][vc_single_image image=&#8221;695&#8243; img_size=&#8221;full&#8221;][\/vc_column][vc_column width=&#8221;1\/2&#8243;][vc_single_image image=&#8221;1653&#8243; img_size=&#8221;full&#8221;][\/vc_column][\/vc_row][vc_row][vc_column width=&#8221;1\/2&#8243;][elx_heading font_container=&#8221;h3&#8243; text_color=&#8221;inherit&#8221;]air-o-steam Touchline kombis\u00fct\u0151[\/elx_heading][vc_column_text]Az air-o-steam Touchline \u00faj korszakot nyitott a kombip\u00e1rol\u00f3 k\u00e9sz\u00fcl\u00e9kek vil\u00e1g\u00e1ban, [&hellip;]<\/p>\n","protected":false},"author":3,"featured_media":0,"parent":2091,"menu_order":0,"comment_status":"closed","ping_status":"closed","template":"","meta":{"footnotes":""},"class_list":["post-2159","page","type-page","status-publish","hentry"],"yoast_head":"<!-- This site is optimized with the Yoast SEO plugin v23.3 - https:\/\/yoast.com\/wordpress\/plugins\/seo\/ -->\n<title>Cook and Chill - Electrolux Professional Magyarorsz\u00e1g<\/title>\n<meta name=\"robots\" content=\"index, follow, max-snippet:-1, max-image-preview:large, max-video-preview:-1\" \/>\n<link rel=\"canonical\" href=\"https:\/\/www.electroluxprofessional.com\/hu\/konyhatechnologia\/cook-and-chill\/\" \/>\n<meta property=\"og:locale\" content=\"hu_HU\" \/>\n<meta property=\"og:type\" content=\"article\" \/>\n<meta property=\"og:title\" content=\"Cook and Chill - Electrolux Professional Magyarorsz\u00e1g\" \/>\n<meta property=\"og:description\" content=\"[vc_row][vc_column][elx_hero_slider label_text_color=&#8221;inherit&#8221; images=&#8221;698&#8243;][elx_heading font_container=&#8221;h1&#8243; font_size=&#8221;h2&#8243; text_color=&#8221;inherit&#8221;]Cook&amp;Chill [\/elx_heading][vc_column_text] nem csak egy m\u00e1sik k\u00e9sz\u00fcl\u00e9k. [\/vc_column_text][\/elx_hero_slider][\/vc_column][\/vc_row][vc_row][vc_column css=&#8221;.vc_custom_1474293813756{padding-top: 50px !important;padding-bottom: 50px !important;}&#8221;][elx_heading font_size=&#8221;h3&#8243; text_color=&#8221;inherit&#8221; text_align=&#8221;text-center&#8221;]A Cook&amp;Chill a munkafolyamat egy m\u00f3dja, amely jav\u00edtja a professzion\u00e1lis konyh\u00e1k \u00e9let\u00e9t, valamint eredm\u00e9nyeit.[\/elx_heading][\/vc_column][\/vc_row][vc_row full_height=&#8221;yes&#8221;][vc_column width=&#8221;1\/2&#8243;][vc_single_image image=&#8221;695&#8243; img_size=&#8221;full&#8221;][\/vc_column][vc_column width=&#8221;1\/2&#8243;][vc_single_image image=&#8221;1653&#8243; img_size=&#8221;full&#8221;][\/vc_column][\/vc_row][vc_row][vc_column width=&#8221;1\/2&#8243;][elx_heading font_container=&#8221;h3&#8243; text_color=&#8221;inherit&#8221;]air-o-steam Touchline kombis\u00fct\u0151[\/elx_heading][vc_column_text]Az air-o-steam Touchline \u00faj korszakot nyitott a kombip\u00e1rol\u00f3 k\u00e9sz\u00fcl\u00e9kek vil\u00e1g\u00e1ban, [&hellip;]\" \/>\n<meta property=\"og:url\" content=\"https:\/\/www.electroluxprofessional.com\/hu\/konyhatechnologia\/cook-and-chill\/\" \/>\n<meta property=\"og:site_name\" content=\"Electrolux Professional Magyarorsz\u00e1g\" \/>\n<meta property=\"article:modified_time\" content=\"2022-11-06T19:28:53+00:00\" \/>\n<meta name=\"twitter:card\" content=\"summary_large_image\" \/>\n<meta name=\"twitter:label1\" content=\"Becs\u00fclt olvas\u00e1si id\u0151\" \/>\n\t<meta name=\"twitter:data1\" content=\"2 perc\" \/>\n<script type=\"application\/ld+json\" class=\"yoast-schema-graph\">{\"@context\":\"https:\/\/schema.org\",\"@graph\":[{\"@type\":\"WebPage\",\"@id\":\"https:\/\/www.electroluxprofessional.com\/hu\/konyhatechnologia\/cook-and-chill\/\",\"url\":\"https:\/\/www.electroluxprofessional.com\/hu\/konyhatechnologia\/cook-and-chill\/\",\"name\":\"Cook and Chill - Electrolux Professional Magyarorsz\u00e1g\",\"isPartOf\":{\"@id\":\"https:\/\/www.electroluxprofessional.com\/hu\/#website\"},\"datePublished\":\"2017-05-15T08:43:56+00:00\",\"dateModified\":\"2022-11-06T19:28:53+00:00\",\"breadcrumb\":{\"@id\":\"https:\/\/www.electroluxprofessional.com\/hu\/konyhatechnologia\/cook-and-chill\/#breadcrumb\"},\"inLanguage\":\"hu\",\"potentialAction\":[{\"@type\":\"ReadAction\",\"target\":[\"https:\/\/www.electroluxprofessional.com\/hu\/konyhatechnologia\/cook-and-chill\/\"]}]},{\"@type\":\"BreadcrumbList\",\"@id\":\"https:\/\/www.electroluxprofessional.com\/hu\/konyhatechnologia\/cook-and-chill\/#breadcrumb\",\"itemListElement\":[{\"@type\":\"ListItem\",\"position\":1,\"name\":\"Home\",\"item\":\"https:\/\/www.electroluxprofessional.com\/hu\/\"},{\"@type\":\"ListItem\",\"position\":2,\"name\":\"Konyhatechnol\u00f3gia\",\"item\":\"https:\/\/www.electroluxprofessional.com\/hu\/konyhatechnologia\/\"},{\"@type\":\"ListItem\",\"position\":3,\"name\":\"Cook and Chill\"}]},{\"@type\":\"WebSite\",\"@id\":\"https:\/\/www.electroluxprofessional.com\/hu\/#website\",\"url\":\"https:\/\/www.electroluxprofessional.com\/hu\/\",\"name\":\"Electrolux Professional Magyarorsz\u00e1g\",\"description\":\"\",\"potentialAction\":[{\"@type\":\"SearchAction\",\"target\":{\"@type\":\"EntryPoint\",\"urlTemplate\":\"https:\/\/www.electroluxprofessional.com\/hu\/?src={search_term_string}\"},\"query-input\":\"required name=search_term_string\"}],\"inLanguage\":\"hu\"}]}<\/script>\n<!-- \/ Yoast SEO plugin. -->","yoast_head_json":{"title":"Cook and Chill - Electrolux Professional Magyarorsz\u00e1g","robots":{"index":"index","follow":"follow","max-snippet":"max-snippet:-1","max-image-preview":"max-image-preview:large","max-video-preview":"max-video-preview:-1"},"canonical":"https:\/\/www.electroluxprofessional.com\/hu\/konyhatechnologia\/cook-and-chill\/","og_locale":"hu_HU","og_type":"article","og_title":"Cook and Chill - Electrolux Professional Magyarorsz\u00e1g","og_description":"[vc_row][vc_column][elx_hero_slider label_text_color=&#8221;inherit&#8221; images=&#8221;698&#8243;][elx_heading font_container=&#8221;h1&#8243; font_size=&#8221;h2&#8243; text_color=&#8221;inherit&#8221;]Cook&amp;Chill [\/elx_heading][vc_column_text] nem csak egy m\u00e1sik k\u00e9sz\u00fcl\u00e9k. [\/vc_column_text][\/elx_hero_slider][\/vc_column][\/vc_row][vc_row][vc_column css=&#8221;.vc_custom_1474293813756{padding-top: 50px !important;padding-bottom: 50px !important;}&#8221;][elx_heading font_size=&#8221;h3&#8243; text_color=&#8221;inherit&#8221; text_align=&#8221;text-center&#8221;]A Cook&amp;Chill a munkafolyamat egy m\u00f3dja, amely jav\u00edtja a professzion\u00e1lis konyh\u00e1k \u00e9let\u00e9t, valamint eredm\u00e9nyeit.[\/elx_heading][\/vc_column][\/vc_row][vc_row full_height=&#8221;yes&#8221;][vc_column width=&#8221;1\/2&#8243;][vc_single_image image=&#8221;695&#8243; img_size=&#8221;full&#8221;][\/vc_column][vc_column width=&#8221;1\/2&#8243;][vc_single_image image=&#8221;1653&#8243; img_size=&#8221;full&#8221;][\/vc_column][\/vc_row][vc_row][vc_column width=&#8221;1\/2&#8243;][elx_heading font_container=&#8221;h3&#8243; text_color=&#8221;inherit&#8221;]air-o-steam Touchline kombis\u00fct\u0151[\/elx_heading][vc_column_text]Az air-o-steam Touchline \u00faj korszakot nyitott a kombip\u00e1rol\u00f3 k\u00e9sz\u00fcl\u00e9kek vil\u00e1g\u00e1ban, [&hellip;]","og_url":"https:\/\/www.electroluxprofessional.com\/hu\/konyhatechnologia\/cook-and-chill\/","og_site_name":"Electrolux Professional Magyarorsz\u00e1g","article_modified_time":"2022-11-06T19:28:53+00:00","twitter_card":"summary_large_image","twitter_misc":{"Becs\u00fclt olvas\u00e1si id\u0151":"2 perc"},"schema":{"@context":"https:\/\/schema.org","@graph":[{"@type":"WebPage","@id":"https:\/\/www.electroluxprofessional.com\/hu\/konyhatechnologia\/cook-and-chill\/","url":"https:\/\/www.electroluxprofessional.com\/hu\/konyhatechnologia\/cook-and-chill\/","name":"Cook and Chill - Electrolux Professional Magyarorsz\u00e1g","isPartOf":{"@id":"https:\/\/www.electroluxprofessional.com\/hu\/#website"},"datePublished":"2017-05-15T08:43:56+00:00","dateModified":"2022-11-06T19:28:53+00:00","breadcrumb":{"@id":"https:\/\/www.electroluxprofessional.com\/hu\/konyhatechnologia\/cook-and-chill\/#breadcrumb"},"inLanguage":"hu","potentialAction":[{"@type":"ReadAction","target":["https:\/\/www.electroluxprofessional.com\/hu\/konyhatechnologia\/cook-and-chill\/"]}]},{"@type":"BreadcrumbList","@id":"https:\/\/www.electroluxprofessional.com\/hu\/konyhatechnologia\/cook-and-chill\/#breadcrumb","itemListElement":[{"@type":"ListItem","position":1,"name":"Home","item":"https:\/\/www.electroluxprofessional.com\/hu\/"},{"@type":"ListItem","position":2,"name":"Konyhatechnol\u00f3gia","item":"https:\/\/www.electroluxprofessional.com\/hu\/konyhatechnologia\/"},{"@type":"ListItem","position":3,"name":"Cook and Chill"}]},{"@type":"WebSite","@id":"https:\/\/www.electroluxprofessional.com\/hu\/#website","url":"https:\/\/www.electroluxprofessional.com\/hu\/","name":"Electrolux Professional Magyarorsz\u00e1g","description":"","potentialAction":[{"@type":"SearchAction","target":{"@type":"EntryPoint","urlTemplate":"https:\/\/www.electroluxprofessional.com\/hu\/?src={search_term_string}"},"query-input":"required name=search_term_string"}],"inLanguage":"hu"}]}},"_links":{"self":[{"href":"https:\/\/www.electroluxprofessional.com\/hu\/wp-json\/wp\/v2\/pages\/2159"}],"collection":[{"href":"https:\/\/www.electroluxprofessional.com\/hu\/wp-json\/wp\/v2\/pages"}],"about":[{"href":"https:\/\/www.electroluxprofessional.com\/hu\/wp-json\/wp\/v2\/types\/page"}],"author":[{"embeddable":true,"href":"https:\/\/www.electroluxprofessional.com\/hu\/wp-json\/wp\/v2\/users\/3"}],"replies":[{"embeddable":true,"href":"https:\/\/www.electroluxprofessional.com\/hu\/wp-json\/wp\/v2\/comments?post=2159"}],"version-history":[{"count":18,"href":"https:\/\/www.electroluxprofessional.com\/hu\/wp-json\/wp\/v2\/pages\/2159\/revisions"}],"predecessor-version":[{"id":7356,"href":"https:\/\/www.electroluxprofessional.com\/hu\/wp-json\/wp\/v2\/pages\/2159\/revisions\/7356"}],"up":[{"embeddable":true,"href":"https:\/\/www.electroluxprofessional.com\/hu\/wp-json\/wp\/v2\/pages\/2091"}],"wp:attachment":[{"href":"https:\/\/www.electroluxprofessional.com\/hu\/wp-json\/wp\/v2\/media?parent=2159"}],"curies":[{"name":"wp","href":"https:\/\/api.w.org\/{rel}","templated":true}]}}