{"id":2155,"date":"2017-05-15T08:51:50","date_gmt":"2017-05-15T08:51:50","guid":{"rendered":"https:\/\/www.electroluxprofessional.com\/hu\/?page_id=2155"},"modified":"2025-11-05T14:50:51","modified_gmt":"2025-11-05T14:50:51","slug":"hutokamrak","status":"publish","type":"page","link":"https:\/\/www.electroluxprofessional.com\/hu\/hutokamrak\/","title":{"rendered":"H\u0171t\u0151kamr\u00e1k"},"content":{"rendered":"<p>[vc_row full_width=&#8221;electroluxpro-full-width-no-padding&#8221;][vc_column][elx_image_block background_image=&#8221;1870&#8243; minimum_height=&#8221;400px&#8221;][\/vc_column][\/vc_row][vc_row][vc_column][vc_empty_space][elx_heading font_container=&#8221;h1&#8243; font_size=&#8221;h2&#8243; text_color=&#8221;inherit&#8221; text_align=&#8221;text-center&#8221;]H\u0171t\u0151kamr\u00e1k[\/elx_heading][vc_empty_space height=&#8221;50px&#8221;][\/vc_column][\/vc_row][vc_row][vc_column width=&#8221;2\/3&#8243;][vc_column_text]A k\u00fcl\u00f6nb\u00f6z\u0151 m\u00e9ret\u0171 \u00e9s funkci\u00f3j\u00fa Electrolux h\u0171t\u0151kamr\u00e1k sz\u00e9les v\u00e1laszt\u00e9ka el\u00e9rhet\u0151. Tr\u00f3pusi k\u00f6rnyezeti h\u0151m\u00e9rs\u00e9kleten (+43\u00b0) is m\u0171k\u00f6dnek.<\/p>\n<p>A k\u00edn\u00e1lat tartalmaz h\u0171t\u0151kamr\u00e1kat, fagyaszt\u00f3kamr\u00e1kat (-18\/-20\u00baC) \u00a0<b>be\u00e9p\u00edtett<\/b>\u00a0\u00e9s <strong>telep\u00edtett aggreg\u00e1ttal<\/strong>.<\/p>\n<p>H\u0171t\u0151kamr\u00e1ink leolvaszt\u00e1sa <strong>f\u0171t\u00f6tt g\u00e1z<\/strong> haszn\u00e1lat\u00e1val t\u00f6rt\u00e9nik, a leolvasztott v\u00edz elp\u00e1rologtat\u00e1s\u00e1val. Ez a technol\u00f3gia lehet\u0151v\u00e9 teszi a <strong>felhaszn\u00e1lt teljes teljes\u00edtm\u00e9ny cs\u00f6kkent\u00e9s\u00e9t<\/strong>. R\u00f6videbb leolvaszt\u00e1si id\u0151t garant\u00e1l.<\/p>\n<p>Nem sz\u00fcks\u00e9ges h\u0171t\u0151s szaktud\u00e1s a be\u00fczemel\u00e9s\u00e9hez.[\/vc_column_text][\/vc_column][vc_column width=&#8221;1\/3&#8243;][vc_single_image image=&#8221;1871&#8243; img_size=&#8221;full&#8221;][\/vc_column][\/vc_row][vc_row][vc_column][elx_heading font_size=&#8221;h3&#8243; text_color=&#8221;inherit&#8221; text_align=&#8221;text-center&#8221;]Tal\u00e1lja meg az \u00d6n \u00fczlete sz\u00e1m\u00e1ra legide\u00e1lisabb csomagot[\/elx_heading][\/vc_column][\/vc_row][vc_row][vc_column width=&#8221;1\/3&#8243;][elx_maylike_box id_box=&#8221;3770&#8243; matched_labels=&#8221;&#8221;][\/vc_column][vc_column width=&#8221;1\/3&#8243;][elx_maylike_box id_box=&#8221;3673&#8243; matched_labels=&#8221;&#8221;][\/vc_column][vc_column width=&#8221;1\/3&#8243;][elx_maylike_box id_box=&#8221;4381&#8243; matched_labels=&#8221;&#8221;][\/vc_column][\/vc_row]<\/p>\n","protected":false},"excerpt":{"rendered":"<p>[vc_row full_width=&#8221;electroluxpro-full-width-no-padding&#8221;][vc_column][elx_image_block background_image=&#8221;1870&#8243; minimum_height=&#8221;400px&#8221;][\/vc_column][\/vc_row][vc_row][vc_column][vc_empty_space][elx_heading font_container=&#8221;h1&#8243; font_size=&#8221;h2&#8243; text_color=&#8221;inherit&#8221; text_align=&#8221;text-center&#8221;]H\u0171t\u0151kamr\u00e1k[\/elx_heading][vc_empty_space height=&#8221;50px&#8221;][\/vc_column][\/vc_row][vc_row][vc_column width=&#8221;2\/3&#8243;][vc_column_text]A k\u00fcl\u00f6nb\u00f6z\u0151 m\u00e9ret\u0171 \u00e9s funkci\u00f3j\u00fa Electrolux h\u0171t\u0151kamr\u00e1k sz\u00e9les v\u00e1laszt\u00e9ka el\u00e9rhet\u0151. Tr\u00f3pusi k\u00f6rnyezeti h\u0151m\u00e9rs\u00e9kleten (+43\u00b0) is m\u0171k\u00f6dnek. A k\u00edn\u00e1lat tartalmaz h\u0171t\u0151kamr\u00e1kat, fagyaszt\u00f3kamr\u00e1kat (-18\/-20\u00baC) \u00a0be\u00e9p\u00edtett\u00a0\u00e9s telep\u00edtett aggreg\u00e1ttal. H\u0171t\u0151kamr\u00e1ink leolvaszt\u00e1sa f\u0171t\u00f6tt g\u00e1z haszn\u00e1lat\u00e1val t\u00f6rt\u00e9nik, a leolvasztott v\u00edz elp\u00e1rologtat\u00e1s\u00e1val. Ez a technol\u00f3gia lehet\u0151v\u00e9 teszi a felhaszn\u00e1lt teljes teljes\u00edtm\u00e9ny cs\u00f6kkent\u00e9s\u00e9t. R\u00f6videbb [&hellip;]<\/p>\n","protected":false},"author":3,"featured_media":0,"parent":0,"menu_order":0,"comment_status":"closed","ping_status":"closed","template":"","meta":{"footnotes":""},"class_list":["post-2155","page","type-page","status-publish","hentry"],"yoast_head":"<!-- This site is optimized with the Yoast SEO plugin v23.3 - https:\/\/yoast.com\/wordpress\/plugins\/seo\/ -->\n<title>H\u0171t\u0151kamr\u00e1k - Electrolux Professional Magyarorsz\u00e1g<\/title>\n<meta name=\"robots\" content=\"index, follow, max-snippet:-1, max-image-preview:large, max-video-preview:-1\" \/>\n<link rel=\"canonical\" href=\"https:\/\/www.electroluxprofessional.com\/hu\/hutokamrak\/\" \/>\n<meta property=\"og:locale\" content=\"hu_HU\" \/>\n<meta property=\"og:type\" content=\"article\" \/>\n<meta property=\"og:title\" content=\"H\u0171t\u0151kamr\u00e1k - Electrolux Professional Magyarorsz\u00e1g\" \/>\n<meta property=\"og:description\" content=\"[vc_row full_width=&#8221;electroluxpro-full-width-no-padding&#8221;][vc_column][elx_image_block background_image=&#8221;1870&#8243; minimum_height=&#8221;400px&#8221;][\/vc_column][\/vc_row][vc_row][vc_column][vc_empty_space][elx_heading font_container=&#8221;h1&#8243; font_size=&#8221;h2&#8243; text_color=&#8221;inherit&#8221; text_align=&#8221;text-center&#8221;]H\u0171t\u0151kamr\u00e1k[\/elx_heading][vc_empty_space height=&#8221;50px&#8221;][\/vc_column][\/vc_row][vc_row][vc_column width=&#8221;2\/3&#8243;][vc_column_text]A k\u00fcl\u00f6nb\u00f6z\u0151 m\u00e9ret\u0171 \u00e9s funkci\u00f3j\u00fa Electrolux h\u0171t\u0151kamr\u00e1k sz\u00e9les v\u00e1laszt\u00e9ka el\u00e9rhet\u0151. Tr\u00f3pusi k\u00f6rnyezeti h\u0151m\u00e9rs\u00e9kleten (+43\u00b0) is m\u0171k\u00f6dnek. A k\u00edn\u00e1lat tartalmaz h\u0171t\u0151kamr\u00e1kat, fagyaszt\u00f3kamr\u00e1kat (-18\/-20\u00baC) \u00a0be\u00e9p\u00edtett\u00a0\u00e9s telep\u00edtett aggreg\u00e1ttal. H\u0171t\u0151kamr\u00e1ink leolvaszt\u00e1sa f\u0171t\u00f6tt g\u00e1z haszn\u00e1lat\u00e1val t\u00f6rt\u00e9nik, a leolvasztott v\u00edz elp\u00e1rologtat\u00e1s\u00e1val. Ez a technol\u00f3gia lehet\u0151v\u00e9 teszi a felhaszn\u00e1lt teljes teljes\u00edtm\u00e9ny cs\u00f6kkent\u00e9s\u00e9t. R\u00f6videbb [&hellip;]\" \/>\n<meta property=\"og:url\" content=\"https:\/\/www.electroluxprofessional.com\/hu\/hutokamrak\/\" \/>\n<meta property=\"og:site_name\" content=\"Electrolux Professional Magyarorsz\u00e1g\" \/>\n<meta property=\"article:modified_time\" content=\"2025-11-05T14:50:51+00:00\" \/>\n<meta name=\"twitter:card\" content=\"summary_large_image\" \/>\n<meta name=\"twitter:label1\" content=\"Becs\u00fclt olvas\u00e1si id\u0151\" \/>\n\t<meta name=\"twitter:data1\" content=\"1 perc\" \/>\n<script type=\"application\/ld+json\" class=\"yoast-schema-graph\">{\"@context\":\"https:\/\/schema.org\",\"@graph\":[{\"@type\":\"WebPage\",\"@id\":\"https:\/\/www.electroluxprofessional.com\/hu\/hutokamrak\/\",\"url\":\"https:\/\/www.electroluxprofessional.com\/hu\/hutokamrak\/\",\"name\":\"H\u0171t\u0151kamr\u00e1k - Electrolux Professional Magyarorsz\u00e1g\",\"isPartOf\":{\"@id\":\"https:\/\/www.electroluxprofessional.com\/hu\/#website\"},\"datePublished\":\"2017-05-15T08:51:50+00:00\",\"dateModified\":\"2025-11-05T14:50:51+00:00\",\"breadcrumb\":{\"@id\":\"https:\/\/www.electroluxprofessional.com\/hu\/hutokamrak\/#breadcrumb\"},\"inLanguage\":\"hu\",\"potentialAction\":[{\"@type\":\"ReadAction\",\"target\":[\"https:\/\/www.electroluxprofessional.com\/hu\/hutokamrak\/\"]}]},{\"@type\":\"BreadcrumbList\",\"@id\":\"https:\/\/www.electroluxprofessional.com\/hu\/hutokamrak\/#breadcrumb\",\"itemListElement\":[{\"@type\":\"ListItem\",\"position\":1,\"name\":\"Home\",\"item\":\"https:\/\/www.electroluxprofessional.com\/hu\/\"},{\"@type\":\"ListItem\",\"position\":2,\"name\":\"H\u0171t\u0151kamr\u00e1k\"}]},{\"@type\":\"WebSite\",\"@id\":\"https:\/\/www.electroluxprofessional.com\/hu\/#website\",\"url\":\"https:\/\/www.electroluxprofessional.com\/hu\/\",\"name\":\"Electrolux Professional Magyarorsz\u00e1g\",\"description\":\"\",\"potentialAction\":[{\"@type\":\"SearchAction\",\"target\":{\"@type\":\"EntryPoint\",\"urlTemplate\":\"https:\/\/www.electroluxprofessional.com\/hu\/?src={search_term_string}\"},\"query-input\":\"required name=search_term_string\"}],\"inLanguage\":\"hu\"}]}<\/script>\n<!-- \/ Yoast SEO plugin. -->","yoast_head_json":{"title":"H\u0171t\u0151kamr\u00e1k - Electrolux Professional Magyarorsz\u00e1g","robots":{"index":"index","follow":"follow","max-snippet":"max-snippet:-1","max-image-preview":"max-image-preview:large","max-video-preview":"max-video-preview:-1"},"canonical":"https:\/\/www.electroluxprofessional.com\/hu\/hutokamrak\/","og_locale":"hu_HU","og_type":"article","og_title":"H\u0171t\u0151kamr\u00e1k - Electrolux Professional Magyarorsz\u00e1g","og_description":"[vc_row full_width=&#8221;electroluxpro-full-width-no-padding&#8221;][vc_column][elx_image_block background_image=&#8221;1870&#8243; minimum_height=&#8221;400px&#8221;][\/vc_column][\/vc_row][vc_row][vc_column][vc_empty_space][elx_heading font_container=&#8221;h1&#8243; font_size=&#8221;h2&#8243; text_color=&#8221;inherit&#8221; text_align=&#8221;text-center&#8221;]H\u0171t\u0151kamr\u00e1k[\/elx_heading][vc_empty_space height=&#8221;50px&#8221;][\/vc_column][\/vc_row][vc_row][vc_column width=&#8221;2\/3&#8243;][vc_column_text]A k\u00fcl\u00f6nb\u00f6z\u0151 m\u00e9ret\u0171 \u00e9s funkci\u00f3j\u00fa Electrolux h\u0171t\u0151kamr\u00e1k sz\u00e9les v\u00e1laszt\u00e9ka el\u00e9rhet\u0151. Tr\u00f3pusi k\u00f6rnyezeti h\u0151m\u00e9rs\u00e9kleten (+43\u00b0) is m\u0171k\u00f6dnek. A k\u00edn\u00e1lat tartalmaz h\u0171t\u0151kamr\u00e1kat, fagyaszt\u00f3kamr\u00e1kat (-18\/-20\u00baC) \u00a0be\u00e9p\u00edtett\u00a0\u00e9s telep\u00edtett aggreg\u00e1ttal. H\u0171t\u0151kamr\u00e1ink leolvaszt\u00e1sa f\u0171t\u00f6tt g\u00e1z haszn\u00e1lat\u00e1val t\u00f6rt\u00e9nik, a leolvasztott v\u00edz elp\u00e1rologtat\u00e1s\u00e1val. Ez a technol\u00f3gia lehet\u0151v\u00e9 teszi a felhaszn\u00e1lt teljes teljes\u00edtm\u00e9ny cs\u00f6kkent\u00e9s\u00e9t. R\u00f6videbb [&hellip;]","og_url":"https:\/\/www.electroluxprofessional.com\/hu\/hutokamrak\/","og_site_name":"Electrolux Professional Magyarorsz\u00e1g","article_modified_time":"2025-11-05T14:50:51+00:00","twitter_card":"summary_large_image","twitter_misc":{"Becs\u00fclt olvas\u00e1si id\u0151":"1 perc"},"schema":{"@context":"https:\/\/schema.org","@graph":[{"@type":"WebPage","@id":"https:\/\/www.electroluxprofessional.com\/hu\/hutokamrak\/","url":"https:\/\/www.electroluxprofessional.com\/hu\/hutokamrak\/","name":"H\u0171t\u0151kamr\u00e1k - Electrolux Professional Magyarorsz\u00e1g","isPartOf":{"@id":"https:\/\/www.electroluxprofessional.com\/hu\/#website"},"datePublished":"2017-05-15T08:51:50+00:00","dateModified":"2025-11-05T14:50:51+00:00","breadcrumb":{"@id":"https:\/\/www.electroluxprofessional.com\/hu\/hutokamrak\/#breadcrumb"},"inLanguage":"hu","potentialAction":[{"@type":"ReadAction","target":["https:\/\/www.electroluxprofessional.com\/hu\/hutokamrak\/"]}]},{"@type":"BreadcrumbList","@id":"https:\/\/www.electroluxprofessional.com\/hu\/hutokamrak\/#breadcrumb","itemListElement":[{"@type":"ListItem","position":1,"name":"Home","item":"https:\/\/www.electroluxprofessional.com\/hu\/"},{"@type":"ListItem","position":2,"name":"H\u0171t\u0151kamr\u00e1k"}]},{"@type":"WebSite","@id":"https:\/\/www.electroluxprofessional.com\/hu\/#website","url":"https:\/\/www.electroluxprofessional.com\/hu\/","name":"Electrolux Professional Magyarorsz\u00e1g","description":"","potentialAction":[{"@type":"SearchAction","target":{"@type":"EntryPoint","urlTemplate":"https:\/\/www.electroluxprofessional.com\/hu\/?src={search_term_string}"},"query-input":"required name=search_term_string"}],"inLanguage":"hu"}]}},"_links":{"self":[{"href":"https:\/\/www.electroluxprofessional.com\/hu\/wp-json\/wp\/v2\/pages\/2155"}],"collection":[{"href":"https:\/\/www.electroluxprofessional.com\/hu\/wp-json\/wp\/v2\/pages"}],"about":[{"href":"https:\/\/www.electroluxprofessional.com\/hu\/wp-json\/wp\/v2\/types\/page"}],"author":[{"embeddable":true,"href":"https:\/\/www.electroluxprofessional.com\/hu\/wp-json\/wp\/v2\/users\/3"}],"replies":[{"embeddable":true,"href":"https:\/\/www.electroluxprofessional.com\/hu\/wp-json\/wp\/v2\/comments?post=2155"}],"version-history":[{"count":8,"href":"https:\/\/www.electroluxprofessional.com\/hu\/wp-json\/wp\/v2\/pages\/2155\/revisions"}],"predecessor-version":[{"id":9317,"href":"https:\/\/www.electroluxprofessional.com\/hu\/wp-json\/wp\/v2\/pages\/2155\/revisions\/9317"}],"wp:attachment":[{"href":"https:\/\/www.electroluxprofessional.com\/hu\/wp-json\/wp\/v2\/media?parent=2155"}],"curies":[{"name":"wp","href":"https:\/\/api.w.org\/{rel}","templated":true}]}}