{"id":2150,"date":"2017-05-15T08:49:12","date_gmt":"2017-05-15T08:49:12","guid":{"rendered":"https:\/\/www.electroluxprofessional.com\/hu\/?page_id=2150"},"modified":"2021-04-19T08:42:40","modified_gmt":"2021-04-19T08:42:40","slug":"fozoustok-es-billenoserpenyok","status":"publish","type":"page","link":"https:\/\/www.electroluxprofessional.com\/hu\/fozoustok-es-billenoserpenyok\/","title":{"rendered":"F\u0151z\u0151\u00fcst\u00f6k \u00e9s billen\u0151serpeny\u0151k"},"content":{"rendered":"<p>[vc_row full_width=&#8221;electroluxpro-full-width-no-padding&#8221;][vc_column][elx_hero_slider text_position=&#8221;hero_slider_text_align_right&#8221; label_text_color=&#8221;inherit&#8221; images=&#8221;1830&#8243;][elx_heading font_container=&#8221;h1&#8243; font_size=&#8221;h2&#8243; text_color=&#8221;inherit&#8221;]F\u0151z\u0151\u00fcst\u00f6k \u00e9s billen\u0151serpe-<br \/>\nny\u0151k[\/elx_heading][\/elx_hero_slider][\/vc_column][\/vc_row][vc_row][vc_column width=&#8221;1\/3&#8243;][elx_maylike_box id_box=&#8221;5697&#8243;][\/vc_column][vc_column width=&#8221;1\/3&#8243;][elx_maylike_box id_box=&#8221;2153&#8243; matched_labels=&#8221;&#8221;][\/vc_column][vc_column width=&#8221;1\/3&#8243;][elx_maylike_box id_box=&#8221;5699&#8243; matched_labels=&#8221;&#8221;][\/vc_column][\/vc_row][vc_row][vc_column][vc_empty_space height=&#8221;50px&#8221;][\/vc_column][\/vc_row][vc_row][vc_column][elx_heading font_size=&#8221;h3&#8243; text_color=&#8221;inherit&#8221; text_align=&#8221;text-center&#8221;]Tal\u00e1lja meg az \u00d6n \u00fczlet\u00e9nek legmegfelel\u0151bb csomagot[\/elx_heading][\/vc_column][\/vc_row][vc_row][vc_column width=&#8221;1\/3&#8243;][elx_maylike_box id_box=&#8221;3673&#8243;][\/vc_column][vc_column width=&#8221;1\/3&#8243;][elx_maylike_box id_box=&#8221;3770&#8243;][\/vc_column][vc_column width=&#8221;1\/3&#8243;][\/vc_column][\/vc_row][vc_row][vc_column][vc_empty_space height=&#8221;50px&#8221;][\/vc_column][\/vc_row][vc_row][vc_column][elx_heading font_size=&#8221;h2&#8243; text_color=&#8221;inherit&#8221;]\u00c9rdekl\u0151dj\u00f6n a f\u0151z\u0151s\u00fct\u00f6k \u00e9s billen\u0151serpeny\u0151k ut\u00e1n[\/elx_heading][elx_o2000_contact_us r=&#8221;Szeretn\u00e9k t\u00f6bb inform\u00e1ci\u00f3t kapni err\u0151l a term\u00e9kr\u0151l F\u0151z\u0151\u00fcst\u00f6k \u00e9s billen\u0151serpeny\u0151k. K\u00e9rem, vegy\u00e9k fel velem a kapcsolatot.&#8221; s=&#8221;Inform\u00e1ci\u00f3 k\u00e9r\u00e9s err\u0151l a term\u00e9kr\u0151l F\u0151z\u0151\u00fcst\u00f6k \u00e9s billen\u0151serpeny\u0151k&#8221; country=&#8221;Hungary&#8221; l=&#8221;hu&#8221; container=&#8221;elxcontactus1479898176&#8243;][vc_empty_space height=&#8221;50px&#8221;][\/vc_column][\/vc_row]<\/p>\n","protected":false},"excerpt":{"rendered":"<p>[vc_row full_width=&#8221;electroluxpro-full-width-no-padding&#8221;][vc_column][elx_hero_slider text_position=&#8221;hero_slider_text_align_right&#8221; label_text_color=&#8221;inherit&#8221; images=&#8221;1830&#8243;][elx_heading font_container=&#8221;h1&#8243; font_size=&#8221;h2&#8243; text_color=&#8221;inherit&#8221;]F\u0151z\u0151\u00fcst\u00f6k \u00e9s billen\u0151serpe- ny\u0151k[\/elx_heading][\/elx_hero_slider][\/vc_column][\/vc_row][vc_row][vc_column width=&#8221;1\/3&#8243;][elx_maylike_box id_box=&#8221;5697&#8243;][\/vc_column][vc_column width=&#8221;1\/3&#8243;][elx_maylike_box id_box=&#8221;2153&#8243; matched_labels=&#8221;&#8221;][\/vc_column][vc_column width=&#8221;1\/3&#8243;][elx_maylike_box id_box=&#8221;5699&#8243; matched_labels=&#8221;&#8221;][\/vc_column][\/vc_row][vc_row][vc_column][vc_empty_space height=&#8221;50px&#8221;][\/vc_column][\/vc_row][vc_row][vc_column][elx_heading font_size=&#8221;h3&#8243; text_color=&#8221;inherit&#8221; text_align=&#8221;text-center&#8221;]Tal\u00e1lja meg az \u00d6n \u00fczlet\u00e9nek legmegfelel\u0151bb csomagot[\/elx_heading][\/vc_column][\/vc_row][vc_row][vc_column width=&#8221;1\/3&#8243;][elx_maylike_box id_box=&#8221;3673&#8243;][\/vc_column][vc_column width=&#8221;1\/3&#8243;][elx_maylike_box id_box=&#8221;3770&#8243;][\/vc_column][vc_column width=&#8221;1\/3&#8243;][\/vc_column][\/vc_row][vc_row][vc_column][vc_empty_space height=&#8221;50px&#8221;][\/vc_column][\/vc_row][vc_row][vc_column][elx_heading font_size=&#8221;h2&#8243; text_color=&#8221;inherit&#8221;]\u00c9rdekl\u0151dj\u00f6n a f\u0151z\u0151s\u00fct\u00f6k \u00e9s billen\u0151serpeny\u0151k ut\u00e1n[\/elx_heading][elx_o2000_contact_us r=&#8221;Szeretn\u00e9k t\u00f6bb inform\u00e1ci\u00f3t kapni err\u0151l a term\u00e9kr\u0151l F\u0151z\u0151\u00fcst\u00f6k \u00e9s billen\u0151serpeny\u0151k. K\u00e9rem, vegy\u00e9k fel [&hellip;]<\/p>\n","protected":false},"author":3,"featured_media":0,"parent":0,"menu_order":0,"comment_status":"closed","ping_status":"closed","template":"","meta":{"footnotes":""},"class_list":["post-2150","page","type-page","status-publish","hentry"],"yoast_head":"<!-- This site is optimized with the Yoast SEO plugin v23.3 - https:\/\/yoast.com\/wordpress\/plugins\/seo\/ -->\n<title>F\u0151z\u0151\u00fcst\u00f6k \u00e9s billen\u0151serpeny\u0151k - Electrolux Professional Magyarorsz\u00e1g<\/title>\n<meta name=\"robots\" content=\"index, follow, max-snippet:-1, max-image-preview:large, max-video-preview:-1\" \/>\n<link rel=\"canonical\" href=\"https:\/\/www.electroluxprofessional.com\/hu\/fozoustok-es-billenoserpenyok\/\" \/>\n<meta property=\"og:locale\" content=\"hu_HU\" \/>\n<meta property=\"og:type\" content=\"article\" \/>\n<meta property=\"og:title\" content=\"F\u0151z\u0151\u00fcst\u00f6k \u00e9s billen\u0151serpeny\u0151k - Electrolux Professional Magyarorsz\u00e1g\" \/>\n<meta property=\"og:description\" content=\"[vc_row full_width=&#8221;electroluxpro-full-width-no-padding&#8221;][vc_column][elx_hero_slider text_position=&#8221;hero_slider_text_align_right&#8221; label_text_color=&#8221;inherit&#8221; images=&#8221;1830&#8243;][elx_heading font_container=&#8221;h1&#8243; font_size=&#8221;h2&#8243; text_color=&#8221;inherit&#8221;]F\u0151z\u0151\u00fcst\u00f6k \u00e9s billen\u0151serpe- ny\u0151k[\/elx_heading][\/elx_hero_slider][\/vc_column][\/vc_row][vc_row][vc_column width=&#8221;1\/3&#8243;][elx_maylike_box id_box=&#8221;5697&#8243;][\/vc_column][vc_column width=&#8221;1\/3&#8243;][elx_maylike_box id_box=&#8221;2153&#8243; matched_labels=&#8221;&#8221;][\/vc_column][vc_column width=&#8221;1\/3&#8243;][elx_maylike_box id_box=&#8221;5699&#8243; matched_labels=&#8221;&#8221;][\/vc_column][\/vc_row][vc_row][vc_column][vc_empty_space height=&#8221;50px&#8221;][\/vc_column][\/vc_row][vc_row][vc_column][elx_heading font_size=&#8221;h3&#8243; text_color=&#8221;inherit&#8221; text_align=&#8221;text-center&#8221;]Tal\u00e1lja meg az \u00d6n \u00fczlet\u00e9nek legmegfelel\u0151bb csomagot[\/elx_heading][\/vc_column][\/vc_row][vc_row][vc_column width=&#8221;1\/3&#8243;][elx_maylike_box id_box=&#8221;3673&#8243;][\/vc_column][vc_column width=&#8221;1\/3&#8243;][elx_maylike_box id_box=&#8221;3770&#8243;][\/vc_column][vc_column width=&#8221;1\/3&#8243;][\/vc_column][\/vc_row][vc_row][vc_column][vc_empty_space height=&#8221;50px&#8221;][\/vc_column][\/vc_row][vc_row][vc_column][elx_heading font_size=&#8221;h2&#8243; text_color=&#8221;inherit&#8221;]\u00c9rdekl\u0151dj\u00f6n a f\u0151z\u0151s\u00fct\u00f6k \u00e9s billen\u0151serpeny\u0151k ut\u00e1n[\/elx_heading][elx_o2000_contact_us r=&#8221;Szeretn\u00e9k t\u00f6bb inform\u00e1ci\u00f3t kapni err\u0151l a term\u00e9kr\u0151l F\u0151z\u0151\u00fcst\u00f6k \u00e9s billen\u0151serpeny\u0151k. K\u00e9rem, vegy\u00e9k fel [&hellip;]\" \/>\n<meta property=\"og:url\" content=\"https:\/\/www.electroluxprofessional.com\/hu\/fozoustok-es-billenoserpenyok\/\" \/>\n<meta property=\"og:site_name\" content=\"Electrolux Professional Magyarorsz\u00e1g\" \/>\n<meta property=\"article:modified_time\" content=\"2021-04-19T08:42:40+00:00\" \/>\n<meta name=\"twitter:card\" content=\"summary_large_image\" \/>\n<meta name=\"twitter:label1\" content=\"Becs\u00fclt olvas\u00e1si id\u0151\" \/>\n\t<meta name=\"twitter:data1\" content=\"1 perc\" \/>\n<script type=\"application\/ld+json\" class=\"yoast-schema-graph\">{\"@context\":\"https:\/\/schema.org\",\"@graph\":[{\"@type\":\"WebPage\",\"@id\":\"https:\/\/www.electroluxprofessional.com\/hu\/fozoustok-es-billenoserpenyok\/\",\"url\":\"https:\/\/www.electroluxprofessional.com\/hu\/fozoustok-es-billenoserpenyok\/\",\"name\":\"F\u0151z\u0151\u00fcst\u00f6k \u00e9s billen\u0151serpeny\u0151k - Electrolux Professional Magyarorsz\u00e1g\",\"isPartOf\":{\"@id\":\"https:\/\/www.electroluxprofessional.com\/hu\/#website\"},\"datePublished\":\"2017-05-15T08:49:12+00:00\",\"dateModified\":\"2021-04-19T08:42:40+00:00\",\"breadcrumb\":{\"@id\":\"https:\/\/www.electroluxprofessional.com\/hu\/fozoustok-es-billenoserpenyok\/#breadcrumb\"},\"inLanguage\":\"hu\",\"potentialAction\":[{\"@type\":\"ReadAction\",\"target\":[\"https:\/\/www.electroluxprofessional.com\/hu\/fozoustok-es-billenoserpenyok\/\"]}]},{\"@type\":\"BreadcrumbList\",\"@id\":\"https:\/\/www.electroluxprofessional.com\/hu\/fozoustok-es-billenoserpenyok\/#breadcrumb\",\"itemListElement\":[{\"@type\":\"ListItem\",\"position\":1,\"name\":\"Home\",\"item\":\"https:\/\/www.electroluxprofessional.com\/hu\/\"},{\"@type\":\"ListItem\",\"position\":2,\"name\":\"F\u0151z\u0151\u00fcst\u00f6k \u00e9s billen\u0151serpeny\u0151k\"}]},{\"@type\":\"WebSite\",\"@id\":\"https:\/\/www.electroluxprofessional.com\/hu\/#website\",\"url\":\"https:\/\/www.electroluxprofessional.com\/hu\/\",\"name\":\"Electrolux Professional Magyarorsz\u00e1g\",\"description\":\"\",\"potentialAction\":[{\"@type\":\"SearchAction\",\"target\":{\"@type\":\"EntryPoint\",\"urlTemplate\":\"https:\/\/www.electroluxprofessional.com\/hu\/?src={search_term_string}\"},\"query-input\":\"required name=search_term_string\"}],\"inLanguage\":\"hu\"}]}<\/script>\n<!-- \/ Yoast SEO plugin. -->","yoast_head_json":{"title":"F\u0151z\u0151\u00fcst\u00f6k \u00e9s billen\u0151serpeny\u0151k - Electrolux Professional Magyarorsz\u00e1g","robots":{"index":"index","follow":"follow","max-snippet":"max-snippet:-1","max-image-preview":"max-image-preview:large","max-video-preview":"max-video-preview:-1"},"canonical":"https:\/\/www.electroluxprofessional.com\/hu\/fozoustok-es-billenoserpenyok\/","og_locale":"hu_HU","og_type":"article","og_title":"F\u0151z\u0151\u00fcst\u00f6k \u00e9s billen\u0151serpeny\u0151k - Electrolux Professional Magyarorsz\u00e1g","og_description":"[vc_row full_width=&#8221;electroluxpro-full-width-no-padding&#8221;][vc_column][elx_hero_slider text_position=&#8221;hero_slider_text_align_right&#8221; label_text_color=&#8221;inherit&#8221; images=&#8221;1830&#8243;][elx_heading font_container=&#8221;h1&#8243; font_size=&#8221;h2&#8243; text_color=&#8221;inherit&#8221;]F\u0151z\u0151\u00fcst\u00f6k \u00e9s billen\u0151serpe- ny\u0151k[\/elx_heading][\/elx_hero_slider][\/vc_column][\/vc_row][vc_row][vc_column width=&#8221;1\/3&#8243;][elx_maylike_box id_box=&#8221;5697&#8243;][\/vc_column][vc_column width=&#8221;1\/3&#8243;][elx_maylike_box id_box=&#8221;2153&#8243; matched_labels=&#8221;&#8221;][\/vc_column][vc_column width=&#8221;1\/3&#8243;][elx_maylike_box id_box=&#8221;5699&#8243; matched_labels=&#8221;&#8221;][\/vc_column][\/vc_row][vc_row][vc_column][vc_empty_space height=&#8221;50px&#8221;][\/vc_column][\/vc_row][vc_row][vc_column][elx_heading font_size=&#8221;h3&#8243; text_color=&#8221;inherit&#8221; text_align=&#8221;text-center&#8221;]Tal\u00e1lja meg az \u00d6n \u00fczlet\u00e9nek legmegfelel\u0151bb csomagot[\/elx_heading][\/vc_column][\/vc_row][vc_row][vc_column width=&#8221;1\/3&#8243;][elx_maylike_box id_box=&#8221;3673&#8243;][\/vc_column][vc_column width=&#8221;1\/3&#8243;][elx_maylike_box id_box=&#8221;3770&#8243;][\/vc_column][vc_column width=&#8221;1\/3&#8243;][\/vc_column][\/vc_row][vc_row][vc_column][vc_empty_space height=&#8221;50px&#8221;][\/vc_column][\/vc_row][vc_row][vc_column][elx_heading font_size=&#8221;h2&#8243; text_color=&#8221;inherit&#8221;]\u00c9rdekl\u0151dj\u00f6n a f\u0151z\u0151s\u00fct\u00f6k \u00e9s billen\u0151serpeny\u0151k ut\u00e1n[\/elx_heading][elx_o2000_contact_us r=&#8221;Szeretn\u00e9k t\u00f6bb inform\u00e1ci\u00f3t kapni err\u0151l a term\u00e9kr\u0151l F\u0151z\u0151\u00fcst\u00f6k \u00e9s billen\u0151serpeny\u0151k. K\u00e9rem, vegy\u00e9k fel [&hellip;]","og_url":"https:\/\/www.electroluxprofessional.com\/hu\/fozoustok-es-billenoserpenyok\/","og_site_name":"Electrolux Professional Magyarorsz\u00e1g","article_modified_time":"2021-04-19T08:42:40+00:00","twitter_card":"summary_large_image","twitter_misc":{"Becs\u00fclt olvas\u00e1si id\u0151":"1 perc"},"schema":{"@context":"https:\/\/schema.org","@graph":[{"@type":"WebPage","@id":"https:\/\/www.electroluxprofessional.com\/hu\/fozoustok-es-billenoserpenyok\/","url":"https:\/\/www.electroluxprofessional.com\/hu\/fozoustok-es-billenoserpenyok\/","name":"F\u0151z\u0151\u00fcst\u00f6k \u00e9s billen\u0151serpeny\u0151k - Electrolux Professional Magyarorsz\u00e1g","isPartOf":{"@id":"https:\/\/www.electroluxprofessional.com\/hu\/#website"},"datePublished":"2017-05-15T08:49:12+00:00","dateModified":"2021-04-19T08:42:40+00:00","breadcrumb":{"@id":"https:\/\/www.electroluxprofessional.com\/hu\/fozoustok-es-billenoserpenyok\/#breadcrumb"},"inLanguage":"hu","potentialAction":[{"@type":"ReadAction","target":["https:\/\/www.electroluxprofessional.com\/hu\/fozoustok-es-billenoserpenyok\/"]}]},{"@type":"BreadcrumbList","@id":"https:\/\/www.electroluxprofessional.com\/hu\/fozoustok-es-billenoserpenyok\/#breadcrumb","itemListElement":[{"@type":"ListItem","position":1,"name":"Home","item":"https:\/\/www.electroluxprofessional.com\/hu\/"},{"@type":"ListItem","position":2,"name":"F\u0151z\u0151\u00fcst\u00f6k \u00e9s billen\u0151serpeny\u0151k"}]},{"@type":"WebSite","@id":"https:\/\/www.electroluxprofessional.com\/hu\/#website","url":"https:\/\/www.electroluxprofessional.com\/hu\/","name":"Electrolux Professional Magyarorsz\u00e1g","description":"","potentialAction":[{"@type":"SearchAction","target":{"@type":"EntryPoint","urlTemplate":"https:\/\/www.electroluxprofessional.com\/hu\/?src={search_term_string}"},"query-input":"required name=search_term_string"}],"inLanguage":"hu"}]}},"_links":{"self":[{"href":"https:\/\/www.electroluxprofessional.com\/hu\/wp-json\/wp\/v2\/pages\/2150"}],"collection":[{"href":"https:\/\/www.electroluxprofessional.com\/hu\/wp-json\/wp\/v2\/pages"}],"about":[{"href":"https:\/\/www.electroluxprofessional.com\/hu\/wp-json\/wp\/v2\/types\/page"}],"author":[{"embeddable":true,"href":"https:\/\/www.electroluxprofessional.com\/hu\/wp-json\/wp\/v2\/users\/3"}],"replies":[{"embeddable":true,"href":"https:\/\/www.electroluxprofessional.com\/hu\/wp-json\/wp\/v2\/comments?post=2150"}],"version-history":[{"count":9,"href":"https:\/\/www.electroluxprofessional.com\/hu\/wp-json\/wp\/v2\/pages\/2150\/revisions"}],"predecessor-version":[{"id":5708,"href":"https:\/\/www.electroluxprofessional.com\/hu\/wp-json\/wp\/v2\/pages\/2150\/revisions\/5708"}],"wp:attachment":[{"href":"https:\/\/www.electroluxprofessional.com\/hu\/wp-json\/wp\/v2\/media?parent=2150"}],"curies":[{"name":"wp","href":"https:\/\/api.w.org\/{rel}","templated":true}]}}