{"id":2144,"date":"2017-05-15T08:49:36","date_gmt":"2017-05-15T08:49:36","guid":{"rendered":"https:\/\/www.electroluxprofessional.com\/hu\/?page_id=2144"},"modified":"2025-11-05T14:46:46","modified_gmt":"2025-11-05T14:46:46","slug":"xp-fozoustok-es-piritoserpenyok","status":"publish","type":"page","link":"https:\/\/www.electroluxprofessional.com\/hu\/xp-fozoustok-es-piritoserpenyok\/","title":{"rendered":"XP f\u0151z\u0151\u00fcst\u00f6k \u00e9s pir\u00edt\u00f3serpeny\u0151k"},"content":{"rendered":"<p>[vc_row full_width=&#8221;electroluxpro-full-width-no-padding&#8221;][vc_column][elx_hero_slider label_text_color=&#8221;inherit&#8221; images=&#8221;1833&#8243;][elx_heading font_container=&#8221;h1&#8243; font_size=&#8221;h2&#8243; text_color=&#8221;inherit&#8221;]900XP \u00e9s 700XP<br \/>\npir\u00edt\u00f3serpeny\u0151k \u00e9s f\u0151z\u0151\u00fcst\u00f6k[\/elx_heading][\/elx_hero_slider][\/vc_column][\/vc_row][vc_row][vc_column][vc_empty_space height=&#8221;50px&#8221;][\/vc_column][\/vc_row][vc_row][vc_column width=&#8221;1\/2&#8243;][vc_empty_space height=&#8221;50px&#8221;][elx_heading font_size=&#8221;h2&#8243; text_color=&#8221;inherit&#8221;]900XP \u00e9s 700XP<br \/>\nb\u00edzzon a tapasztalatban<br \/>\n[\/elx_heading][vc_empty_space][vc_column_text]Exkluz\u00edv megold\u00e1s a nedves vagy sz\u00e1raz f\u0151z\u00e9sre, nagy mennyis\u00e9g eset\u00e9n.<\/p>\n<p>A Duomat fel\u00fclet\u0171\u00a0(kevert rozsdamentes ac\u00e9lok kombin\u00e1ci\u00f3ja) pir\u00edt\u00f3serpeny\u0151 a legjobb megold\u00e1s az egyenletes h\u0151m\u00e9rs\u00e9klet biztos\u00edt\u00e1s\u00e1ra az eg\u00e9sz f\u0151z\u0151fel\u00fcleten.[\/vc_column_text][\/vc_column][vc_column width=&#8221;1\/2&#8243;][vc_single_image image=&#8221;1832&#8243; img_size=&#8221;large&#8221;][\/vc_column][\/vc_row][vc_row][vc_column width=&#8221;1\/3&#8243;][elx_heading font_size=&#8221;h4&#8243; text_color=&#8221;inherit&#8221;]Rendk\u00edv\u00fcli egyszer\u0171s\u00e9g[\/elx_heading][vc_column_text]M\u00e9g a\u00a0legk\u00e9nyesebb pontok is egyszer\u0171en tiszt\u00edthat\u00f3ak.[\/vc_column_text][\/vc_column][vc_column width=&#8221;1\/3&#8243;][elx_heading font_size=&#8221;h4&#8243; text_color=&#8221;inherit&#8221;]Kimagasl\u00f3 j\u00f6vedelmez\u0151s\u00e9g[\/elx_heading][vc_column_text]Az XP lehet\u0151v\u00e9 teszi \u00d6nnek a p\u00e9nzmegtakar\u00edt\u00e1st, k\u00f6rnyezetbar\u00e1t m\u00f3don.[\/vc_column_text][\/vc_column][vc_column width=&#8221;1\/3&#8243;][elx_heading font_size=&#8221;h4&#8243; text_color=&#8221;inherit&#8221;]Exkluz\u00edv jellemz\u0151k[\/elx_heading][vc_column_text]Teljes term\u00e9ksk\u00e1la, install\u00e1ci\u00f3 opci\u00f3k, kiterjesztett szerviz.[\/vc_column_text][\/vc_column][\/vc_row][vc_row][vc_column][vc_empty_space][\/vc_column][\/vc_row][vc_row][vc_column width=&#8221;1\/4&#8243;][elx_download_block text=&#8221;900XP \u00e9s 700XP modul f\u0151z\u0151berendez\u00e9sek&#8221; link=&#8221;files.professional.electrolux.com\/docs\/?n=BR-9JEEX&amp;b=5&amp;l=1&#8243; background_color=&#8221;orange&#8221; reveal_effect=&#8221;&#8221; reveal_duration=&#8221;&#8221; reveal_delay=&#8221;&#8221;][\/vc_column][vc_column width=&#8221;1\/4&#8243;][elx_download_block text=&#8221;900XP \u00e9s 700XP tartoz\u00e9kok&#8221; link=&#8221;files.professional.electrolux.com\/docs\/?n=BR-9JEIE&amp;b=5&amp;l=1&#8243; background_color=&#8221;orange&#8221; reveal_effect=&#8221;&#8221; reveal_duration=&#8221;&#8221; reveal_delay=&#8221;&#8221;][\/vc_column][vc_column width=&#8221;1\/4&#8243;][elx_download_block text=&#8221;900XP \u00e9s 700XP<br \/>\nnagy kapacit\u00e1s\u00fa konyh\u00e1k&#8221; link=&#8221;files.professional.electrolux.com\/docs\/?n=BR-9JEFC&amp;b=5&amp;l=1&#8243; background_color=&#8221;orange&#8221; reveal_effect=&#8221;&#8221; reveal_duration=&#8221;&#8221; reveal_delay=&#8221;&#8221;][\/vc_column][vc_column width=&#8221;1\/4&#8243;][elx_download_block text=&#8221;900XP \u00e9s 700XP<br \/>\nminden ig\u00e9nyre&#8221; link=&#8221;files.professional.electrolux.com\/docs\/?n=BR-9JEFB&amp;b=5&amp;l=1&#8243; background_color=&#8221;orange&#8221; reveal_effect=&#8221;&#8221; reveal_duration=&#8221;&#8221; reveal_delay=&#8221;&#8221;][\/vc_column][\/vc_row][vc_row][vc_column][vc_empty_space height=&#8221;50px&#8221;][\/vc_column][\/vc_row][vc_row][vc_column][elx_heading font_size=&#8221;h3&#8243; text_color=&#8221;inherit&#8221; text_align=&#8221;text-center&#8221;]Tal\u00e1lja meg az \u00d6n \u00fczlete sz\u00e1m\u00e1ra legide\u00e1lisabb csomagot![\/elx_heading][\/vc_column][\/vc_row][vc_row][vc_column width=&#8221;1\/3&#8243;][elx_maylike_box id_box=&#8221;3673&#8243; matched_labels=&#8221;&#8221;][\/vc_column][vc_column width=&#8221;1\/3&#8243;][elx_maylike_box id_box=&#8221;3770&#8243; matched_labels=&#8221;&#8221;][\/vc_column][vc_column width=&#8221;1\/3&#8243;][elx_maylike_box id_box=&#8221;5215&#8243; matched_labels=&#8221;&#8221;][\/vc_column][\/vc_row][vc_row][vc_column][vc_empty_space height=&#8221;50px&#8221;][elx_heading font_size=&#8221;h2&#8243; text_color=&#8221;inherit&#8221;]Fedezze fel, hogy a 900XP \u00e9s 700XP mit tehet az \u00d6n \u00fczlete sz\u00e1m\u00e1ra[\/elx_heading][elx_o2000_contact_us r=&#8221;Szeretn\u00e9k t\u00f6bb inform\u00e1ci\u00f3t kapni err\u0151l a term\u00e9kr\u0151l XP f\u0151z\u0151\u00fcst\u00f6k \u00e9s pir\u00edt\u00f3serpeny\u0151k. K\u00e9rem, vegy\u00e9k fel velem a kapcsolatot.&#8221; s=&#8221;Inform\u00e1ci\u00f3 k\u00e9r\u00e9s err\u0151l a term\u00e9kr\u0151l XP f\u0151z\u0151\u00fcst\u00f6k \u00e9s pir\u00edt\u00f3serpeny\u0151k&#8221; country=&#8221;Hungary&#8221; l=&#8221;hu&#8221; container=&#8221;elxcontactus1479897144&#8243;][vc_empty_space height=&#8221;50px&#8221;][\/vc_column][\/vc_row]<\/p>\n","protected":false},"excerpt":{"rendered":"<p>[vc_row full_width=&#8221;electroluxpro-full-width-no-padding&#8221;][vc_column][elx_hero_slider label_text_color=&#8221;inherit&#8221; images=&#8221;1833&#8243;][elx_heading font_container=&#8221;h1&#8243; font_size=&#8221;h2&#8243; text_color=&#8221;inherit&#8221;]900XP \u00e9s 700XP pir\u00edt\u00f3serpeny\u0151k \u00e9s f\u0151z\u0151\u00fcst\u00f6k[\/elx_heading][\/elx_hero_slider][\/vc_column][\/vc_row][vc_row][vc_column][vc_empty_space height=&#8221;50px&#8221;][\/vc_column][\/vc_row][vc_row][vc_column width=&#8221;1\/2&#8243;][vc_empty_space height=&#8221;50px&#8221;][elx_heading font_size=&#8221;h2&#8243; text_color=&#8221;inherit&#8221;]900XP \u00e9s 700XP b\u00edzzon a tapasztalatban [\/elx_heading][vc_empty_space][vc_column_text]Exkluz\u00edv megold\u00e1s a nedves vagy sz\u00e1raz f\u0151z\u00e9sre, nagy mennyis\u00e9g eset\u00e9n. A Duomat fel\u00fclet\u0171\u00a0(kevert rozsdamentes ac\u00e9lok kombin\u00e1ci\u00f3ja) pir\u00edt\u00f3serpeny\u0151 a legjobb megold\u00e1s az egyenletes h\u0151m\u00e9rs\u00e9klet biztos\u00edt\u00e1s\u00e1ra az eg\u00e9sz f\u0151z\u0151fel\u00fcleten.[\/vc_column_text][\/vc_column][vc_column width=&#8221;1\/2&#8243;][vc_single_image image=&#8221;1832&#8243; img_size=&#8221;large&#8221;][\/vc_column][\/vc_row][vc_row][vc_column width=&#8221;1\/3&#8243;][elx_heading font_size=&#8221;h4&#8243; text_color=&#8221;inherit&#8221;]Rendk\u00edv\u00fcli [&hellip;]<\/p>\n","protected":false},"author":3,"featured_media":0,"parent":0,"menu_order":0,"comment_status":"closed","ping_status":"closed","template":"","meta":{"footnotes":""},"class_list":["post-2144","page","type-page","status-publish","hentry"],"yoast_head":"<!-- This site is optimized with the Yoast SEO plugin v23.3 - https:\/\/yoast.com\/wordpress\/plugins\/seo\/ -->\n<title>XP f\u0151z\u0151\u00fcst\u00f6k \u00e9s pir\u00edt\u00f3serpeny\u0151k - Electrolux Professional Magyarorsz\u00e1g<\/title>\n<meta name=\"robots\" content=\"index, follow, max-snippet:-1, max-image-preview:large, max-video-preview:-1\" \/>\n<link rel=\"canonical\" href=\"https:\/\/www.electroluxprofessional.com\/hu\/xp-fozoustok-es-piritoserpenyok\/\" \/>\n<meta property=\"og:locale\" content=\"hu_HU\" \/>\n<meta property=\"og:type\" content=\"article\" \/>\n<meta property=\"og:title\" content=\"XP f\u0151z\u0151\u00fcst\u00f6k \u00e9s pir\u00edt\u00f3serpeny\u0151k - Electrolux Professional Magyarorsz\u00e1g\" \/>\n<meta property=\"og:description\" content=\"[vc_row full_width=&#8221;electroluxpro-full-width-no-padding&#8221;][vc_column][elx_hero_slider label_text_color=&#8221;inherit&#8221; images=&#8221;1833&#8243;][elx_heading font_container=&#8221;h1&#8243; font_size=&#8221;h2&#8243; text_color=&#8221;inherit&#8221;]900XP \u00e9s 700XP pir\u00edt\u00f3serpeny\u0151k \u00e9s f\u0151z\u0151\u00fcst\u00f6k[\/elx_heading][\/elx_hero_slider][\/vc_column][\/vc_row][vc_row][vc_column][vc_empty_space height=&#8221;50px&#8221;][\/vc_column][\/vc_row][vc_row][vc_column width=&#8221;1\/2&#8243;][vc_empty_space height=&#8221;50px&#8221;][elx_heading font_size=&#8221;h2&#8243; text_color=&#8221;inherit&#8221;]900XP \u00e9s 700XP b\u00edzzon a tapasztalatban [\/elx_heading][vc_empty_space][vc_column_text]Exkluz\u00edv megold\u00e1s a nedves vagy sz\u00e1raz f\u0151z\u00e9sre, nagy mennyis\u00e9g eset\u00e9n. A Duomat fel\u00fclet\u0171\u00a0(kevert rozsdamentes ac\u00e9lok kombin\u00e1ci\u00f3ja) pir\u00edt\u00f3serpeny\u0151 a legjobb megold\u00e1s az egyenletes h\u0151m\u00e9rs\u00e9klet biztos\u00edt\u00e1s\u00e1ra az eg\u00e9sz f\u0151z\u0151fel\u00fcleten.[\/vc_column_text][\/vc_column][vc_column width=&#8221;1\/2&#8243;][vc_single_image image=&#8221;1832&#8243; img_size=&#8221;large&#8221;][\/vc_column][\/vc_row][vc_row][vc_column width=&#8221;1\/3&#8243;][elx_heading font_size=&#8221;h4&#8243; text_color=&#8221;inherit&#8221;]Rendk\u00edv\u00fcli [&hellip;]\" \/>\n<meta property=\"og:url\" content=\"https:\/\/www.electroluxprofessional.com\/hu\/xp-fozoustok-es-piritoserpenyok\/\" \/>\n<meta property=\"og:site_name\" content=\"Electrolux Professional Magyarorsz\u00e1g\" \/>\n<meta property=\"article:modified_time\" content=\"2025-11-05T14:46:46+00:00\" \/>\n<meta name=\"twitter:card\" content=\"summary_large_image\" \/>\n<meta name=\"twitter:label1\" content=\"Becs\u00fclt olvas\u00e1si id\u0151\" \/>\n\t<meta name=\"twitter:data1\" content=\"2 perc\" \/>\n<script type=\"application\/ld+json\" class=\"yoast-schema-graph\">{\"@context\":\"https:\/\/schema.org\",\"@graph\":[{\"@type\":\"WebPage\",\"@id\":\"https:\/\/www.electroluxprofessional.com\/hu\/xp-fozoustok-es-piritoserpenyok\/\",\"url\":\"https:\/\/www.electroluxprofessional.com\/hu\/xp-fozoustok-es-piritoserpenyok\/\",\"name\":\"XP f\u0151z\u0151\u00fcst\u00f6k \u00e9s pir\u00edt\u00f3serpeny\u0151k - Electrolux Professional Magyarorsz\u00e1g\",\"isPartOf\":{\"@id\":\"https:\/\/www.electroluxprofessional.com\/hu\/#website\"},\"datePublished\":\"2017-05-15T08:49:36+00:00\",\"dateModified\":\"2025-11-05T14:46:46+00:00\",\"breadcrumb\":{\"@id\":\"https:\/\/www.electroluxprofessional.com\/hu\/xp-fozoustok-es-piritoserpenyok\/#breadcrumb\"},\"inLanguage\":\"hu\",\"potentialAction\":[{\"@type\":\"ReadAction\",\"target\":[\"https:\/\/www.electroluxprofessional.com\/hu\/xp-fozoustok-es-piritoserpenyok\/\"]}]},{\"@type\":\"BreadcrumbList\",\"@id\":\"https:\/\/www.electroluxprofessional.com\/hu\/xp-fozoustok-es-piritoserpenyok\/#breadcrumb\",\"itemListElement\":[{\"@type\":\"ListItem\",\"position\":1,\"name\":\"Home\",\"item\":\"https:\/\/www.electroluxprofessional.com\/hu\/\"},{\"@type\":\"ListItem\",\"position\":2,\"name\":\"XP f\u0151z\u0151\u00fcst\u00f6k \u00e9s pir\u00edt\u00f3serpeny\u0151k\"}]},{\"@type\":\"WebSite\",\"@id\":\"https:\/\/www.electroluxprofessional.com\/hu\/#website\",\"url\":\"https:\/\/www.electroluxprofessional.com\/hu\/\",\"name\":\"Electrolux Professional Magyarorsz\u00e1g\",\"description\":\"\",\"potentialAction\":[{\"@type\":\"SearchAction\",\"target\":{\"@type\":\"EntryPoint\",\"urlTemplate\":\"https:\/\/www.electroluxprofessional.com\/hu\/?src={search_term_string}\"},\"query-input\":\"required name=search_term_string\"}],\"inLanguage\":\"hu\"}]}<\/script>\n<!-- \/ Yoast SEO plugin. -->","yoast_head_json":{"title":"XP f\u0151z\u0151\u00fcst\u00f6k \u00e9s pir\u00edt\u00f3serpeny\u0151k - Electrolux Professional Magyarorsz\u00e1g","robots":{"index":"index","follow":"follow","max-snippet":"max-snippet:-1","max-image-preview":"max-image-preview:large","max-video-preview":"max-video-preview:-1"},"canonical":"https:\/\/www.electroluxprofessional.com\/hu\/xp-fozoustok-es-piritoserpenyok\/","og_locale":"hu_HU","og_type":"article","og_title":"XP f\u0151z\u0151\u00fcst\u00f6k \u00e9s pir\u00edt\u00f3serpeny\u0151k - Electrolux Professional Magyarorsz\u00e1g","og_description":"[vc_row full_width=&#8221;electroluxpro-full-width-no-padding&#8221;][vc_column][elx_hero_slider label_text_color=&#8221;inherit&#8221; images=&#8221;1833&#8243;][elx_heading font_container=&#8221;h1&#8243; font_size=&#8221;h2&#8243; text_color=&#8221;inherit&#8221;]900XP \u00e9s 700XP pir\u00edt\u00f3serpeny\u0151k \u00e9s f\u0151z\u0151\u00fcst\u00f6k[\/elx_heading][\/elx_hero_slider][\/vc_column][\/vc_row][vc_row][vc_column][vc_empty_space height=&#8221;50px&#8221;][\/vc_column][\/vc_row][vc_row][vc_column width=&#8221;1\/2&#8243;][vc_empty_space height=&#8221;50px&#8221;][elx_heading font_size=&#8221;h2&#8243; text_color=&#8221;inherit&#8221;]900XP \u00e9s 700XP b\u00edzzon a tapasztalatban [\/elx_heading][vc_empty_space][vc_column_text]Exkluz\u00edv megold\u00e1s a nedves vagy sz\u00e1raz f\u0151z\u00e9sre, nagy mennyis\u00e9g eset\u00e9n. A Duomat fel\u00fclet\u0171\u00a0(kevert rozsdamentes ac\u00e9lok kombin\u00e1ci\u00f3ja) pir\u00edt\u00f3serpeny\u0151 a legjobb megold\u00e1s az egyenletes h\u0151m\u00e9rs\u00e9klet biztos\u00edt\u00e1s\u00e1ra az eg\u00e9sz f\u0151z\u0151fel\u00fcleten.[\/vc_column_text][\/vc_column][vc_column width=&#8221;1\/2&#8243;][vc_single_image image=&#8221;1832&#8243; img_size=&#8221;large&#8221;][\/vc_column][\/vc_row][vc_row][vc_column width=&#8221;1\/3&#8243;][elx_heading font_size=&#8221;h4&#8243; text_color=&#8221;inherit&#8221;]Rendk\u00edv\u00fcli [&hellip;]","og_url":"https:\/\/www.electroluxprofessional.com\/hu\/xp-fozoustok-es-piritoserpenyok\/","og_site_name":"Electrolux Professional Magyarorsz\u00e1g","article_modified_time":"2025-11-05T14:46:46+00:00","twitter_card":"summary_large_image","twitter_misc":{"Becs\u00fclt olvas\u00e1si id\u0151":"2 perc"},"schema":{"@context":"https:\/\/schema.org","@graph":[{"@type":"WebPage","@id":"https:\/\/www.electroluxprofessional.com\/hu\/xp-fozoustok-es-piritoserpenyok\/","url":"https:\/\/www.electroluxprofessional.com\/hu\/xp-fozoustok-es-piritoserpenyok\/","name":"XP f\u0151z\u0151\u00fcst\u00f6k \u00e9s pir\u00edt\u00f3serpeny\u0151k - Electrolux Professional Magyarorsz\u00e1g","isPartOf":{"@id":"https:\/\/www.electroluxprofessional.com\/hu\/#website"},"datePublished":"2017-05-15T08:49:36+00:00","dateModified":"2025-11-05T14:46:46+00:00","breadcrumb":{"@id":"https:\/\/www.electroluxprofessional.com\/hu\/xp-fozoustok-es-piritoserpenyok\/#breadcrumb"},"inLanguage":"hu","potentialAction":[{"@type":"ReadAction","target":["https:\/\/www.electroluxprofessional.com\/hu\/xp-fozoustok-es-piritoserpenyok\/"]}]},{"@type":"BreadcrumbList","@id":"https:\/\/www.electroluxprofessional.com\/hu\/xp-fozoustok-es-piritoserpenyok\/#breadcrumb","itemListElement":[{"@type":"ListItem","position":1,"name":"Home","item":"https:\/\/www.electroluxprofessional.com\/hu\/"},{"@type":"ListItem","position":2,"name":"XP f\u0151z\u0151\u00fcst\u00f6k \u00e9s pir\u00edt\u00f3serpeny\u0151k"}]},{"@type":"WebSite","@id":"https:\/\/www.electroluxprofessional.com\/hu\/#website","url":"https:\/\/www.electroluxprofessional.com\/hu\/","name":"Electrolux Professional Magyarorsz\u00e1g","description":"","potentialAction":[{"@type":"SearchAction","target":{"@type":"EntryPoint","urlTemplate":"https:\/\/www.electroluxprofessional.com\/hu\/?src={search_term_string}"},"query-input":"required name=search_term_string"}],"inLanguage":"hu"}]}},"_links":{"self":[{"href":"https:\/\/www.electroluxprofessional.com\/hu\/wp-json\/wp\/v2\/pages\/2144"}],"collection":[{"href":"https:\/\/www.electroluxprofessional.com\/hu\/wp-json\/wp\/v2\/pages"}],"about":[{"href":"https:\/\/www.electroluxprofessional.com\/hu\/wp-json\/wp\/v2\/types\/page"}],"author":[{"embeddable":true,"href":"https:\/\/www.electroluxprofessional.com\/hu\/wp-json\/wp\/v2\/users\/3"}],"replies":[{"embeddable":true,"href":"https:\/\/www.electroluxprofessional.com\/hu\/wp-json\/wp\/v2\/comments?post=2144"}],"version-history":[{"count":11,"href":"https:\/\/www.electroluxprofessional.com\/hu\/wp-json\/wp\/v2\/pages\/2144\/revisions"}],"predecessor-version":[{"id":9301,"href":"https:\/\/www.electroluxprofessional.com\/hu\/wp-json\/wp\/v2\/pages\/2144\/revisions\/9301"}],"wp:attachment":[{"href":"https:\/\/www.electroluxprofessional.com\/hu\/wp-json\/wp\/v2\/media?parent=2144"}],"curies":[{"name":"wp","href":"https:\/\/api.w.org\/{rel}","templated":true}]}}