{"id":2109,"date":"2017-05-15T09:03:42","date_gmt":"2017-05-15T09:03:42","guid":{"rendered":"https:\/\/www.electroluxprofessional.com\/hu\/?page_id=2109"},"modified":"2017-05-15T09:03:42","modified_gmt":"2017-05-15T09:03:42","slug":"tartozekok-es-fogyoeszkozok","status":"publish","type":"page","link":"https:\/\/www.electroluxprofessional.com\/hu\/tartozekok-es-fogyoeszkozok\/","title":{"rendered":"Tartoz\u00e9kok \u00e9s fogy\u00f3eszk\u00f6z\u00f6k"},"content":{"rendered":"<p>[vc_row full_width=&#8221;electroluxpro-full-width-no-padding&#8221;][vc_column][elx_hero_title label=&#8221;&#8221; background_image=&#8221;335&#8243;][elx_heading font_container=&#8221;h1&#8243; text_color=&#8221;white&#8221;]Tartoz\u00e9kok \u00e9s fogy\u00f3eszk\u00f6z\u00f6k[\/elx_heading][\/elx_hero_title][\/vc_column][\/vc_row][vc_row][vc_column][elx_heading font_container=&#8221;h3&#8243; text_color=&#8221;inherit&#8221; text_align=&#8221;text-center&#8221;]Sous-vide f\u0151z\u00e9s, a t\u00f6k\u00e9letes kieg\u00e9sz\u00edt\u00e9s[\/elx_heading][vc_empty_space height=&#8221;50px&#8221;][\/vc_column][\/vc_row][vc_row full_width=&#8221;electroluxpro-container-no-padding&#8221; equal_height=&#8221;yes&#8221;][vc_column width=&#8221;1\/2&#8243;][elx_image_block background_image=&#8221;788&#8243; minimum_height=&#8221;450px&#8221;][\/vc_column][vc_column width=&#8221;1\/2&#8243;][elx_simple_block background_color=&#8221;inherit&#8221;][vc_column_text]<\/p>\n<h4>A v\u00e1kuum csomagol\u00f3<\/h4>\n<p>A v\u00e1kuum csomagol\u00f3k elengedhetetlen tartoz\u00e9kok a sous-vide f\u0151z\u00e9shez \u00e9s hasznosak az \u00e9telek nedvess\u00e9g \u00e9s leveg\u0151 okozta s\u00e9r\u00fcl\u00e9sekt\u0151l mentes t\u00e1rol\u00e1s\u00e1hoz.[\/vc_column_text][vc_single_image image=&#8221;800&#8243; img_size=&#8221;600&#215;300&#8243; css_animation=&#8221;right-to-left&#8221;][\/elx_simple_block][\/vc_column][\/vc_row][vc_row][vc_column][vc_empty_space height=&#8221;50px&#8221;][elx_heading font_container=&#8221;h3&#8243; text_color=&#8221;inherit&#8221; text_align=&#8221;text-center&#8221;]T\u00e9sztaf\u0151z\u0151, rendk\u00edv\u00fcl sokoldal\u00fa[\/elx_heading][vc_empty_space height=&#8221;50px&#8221;][\/vc_column][\/vc_row][vc_row full_width=&#8221;electroluxpro-container-no-padding&#8221; equal_height=&#8221;yes&#8221;][vc_column width=&#8221;1\/2&#8243;][elx_image_block background_image=&#8221;789&#8243; minimum_height=&#8221;450px&#8221;][\/vc_column][vc_column width=&#8221;1\/2&#8243;][elx_simple_block background_color=&#8221;inherit&#8221;][vc_column_text]<\/p>\n<h4>T\u00e9sztaf\u0151z\u0151 kosarak<\/h4>\n<p>AISI 304 rozsdamentes ac\u00e9lb\u00f3l k\u00e9sz\u00fcltek, maxim\u00e1lis higi\u00e9ni\u00e1t \u00e9s k\u00e9nyelmet biztos\u00edtva.[\/vc_column_text][vc_single_image image=&#8221;801&#8243; img_size=&#8221;600&#215;300&#8243; alignment=&#8221;center&#8221; css_animation=&#8221;right-to-left&#8221;][\/elx_simple_block][\/vc_column][\/vc_row][vc_row][vc_column][vc_empty_space height=&#8221;50px&#8221;][elx_heading font_container=&#8221;h3&#8243; text_color=&#8221;inherit&#8221; text_align=&#8221;text-center&#8221;]A legkiv\u00e1l\u00f3bb formula berendez\u00e9seinek v\u00e9delm\u00e9re[\/elx_heading][vc_empty_space height=&#8221;50px&#8221;][\/vc_column][\/vc_row][vc_row full_width=&#8221;electroluxpro-container-no-padding&#8221; equal_height=&#8221;yes&#8221;][vc_column width=&#8221;1\/2&#8243;][elx_image_block background_image=&#8221;790&#8243; minimum_height=&#8221;450px&#8221;][\/vc_column][vc_column width=&#8221;1\/2&#8243;][elx_simple_block background_color=&#8221;inherit&#8221;][vc_column_text]<\/p>\n<h4>Extra er\u0151s tiszt\u00edt\u00f3szer \u00e9s \u00f6bl\u00edt\u0151szer a s\u00fct\u0151kh\u00f6z<\/h4>\n<p>Vegyszereink megfelelnek a higi\u00e9niai \u00e9s biztons\u00e1gi szabv\u00e1nyoknak, valamint kiv\u00e1l\u00f3 hat\u00e9konys\u00e1ggal b\u00edrnak.[\/vc_column_text][vc_single_image image=&#8221;802&#8243; img_size=&#8221;440&#215;265&#8243; css_animation=&#8221;right-to-left&#8221;][\/elx_simple_block][\/vc_column][\/vc_row][vc_row][vc_column][vc_empty_space height=&#8221;50px&#8221;][elx_heading font_container=&#8221;h3&#8243; text_color=&#8221;inherit&#8221; text_align=&#8221;text-center&#8221;]Professzion\u00e1lis zs\u00edrtalan\u00edt\u00f3 forr\u00f3 fel\u00fcletek magas h\u0151m\u00e9rs\u00e9kleten val\u00f3 tiszt\u00edt\u00e1s\u00e1hoz[\/elx_heading][vc_empty_space height=&#8221;50px&#8221;][\/vc_column][\/vc_row][vc_row full_width=&#8221;electroluxpro-container-no-padding&#8221; equal_height=&#8221;yes&#8221;][vc_column width=&#8221;1\/2&#8243;][elx_image_block background_image=&#8221;791&#8243; minimum_height=&#8221;450px&#8221;][\/vc_column][vc_column width=&#8221;1\/2&#8243;][elx_simple_block background_color=&#8221;inherit&#8221;][vc_column_text]<\/p>\n<h4>Professzion\u00e1lis zs\u00edrtalan\u00edt\u00f3<\/h4>\n<p>A professzion\u00e1lis zs\u00edrtalan\u00edt\u00f3nk ide\u00e1lis forr\u00f3 fel\u00fcletek magas h\u0151m\u00e9rs\u00e9kleten t\u00f6rt\u00e9n\u0151 tiszt\u00edt\u00e1s\u00e1hoz. Rostlapokhoz, pir\u00edt\u00f3serpeny\u0151kh\u00f6z \u00e9s multifunkci\u00f3s f\u0151z\u0151berendez\u00e9sek tiszt\u00edt\u00e1s\u00e1hoz aj\u00e1nlott.[\/vc_column_text][vc_single_image image=&#8221;803&#8243; img_size=&#8221;440&#215;265&#8243; css_animation=&#8221;right-to-left&#8221;][\/elx_simple_block][\/vc_column][\/vc_row][vc_row][vc_column][vc_empty_space height=&#8221;50px&#8221;][elx_heading font_container=&#8221;h3&#8243; text_color=&#8221;inherit&#8221; text_align=&#8221;text-center&#8221;]SpeeDelight[\/elx_heading][vc_empty_space height=&#8221;50px&#8221;][\/vc_column][\/vc_row][vc_row full_width=&#8221;electroluxpro-container-no-padding&#8221; equal_height=&#8221;yes&#8221;][vc_column width=&#8221;1\/2&#8243;][elx_image_block background_image=&#8221;1677&#8243; minimum_height=&#8221;450px&#8221;][\/vc_column][vc_column width=&#8221;1\/2&#8243;][elx_simple_block background_color=&#8221;inherit&#8221;][vc_column_text]<\/p>\n<h4>SpeeDelight<\/h4>\n<p>Helyezze \u00faj szintre v\u00e1llalkoz\u00e1s\u00e1t a pr\u00e9mium megold\u00e1sunkkal.[\/vc_column_text][vc_single_image image=&#8221;1678&#8243; img_size=&#8221;400&#215;241&#8243; css_animation=&#8221;right-to-left&#8221;][\/elx_simple_block][\/vc_column][\/vc_row][vc_row][vc_column][vc_empty_space height=&#8221;50px&#8221;][elx_heading font_container=&#8221;h3&#8243; text_color=&#8221;inherit&#8221; text_align=&#8221;text-center&#8221;]A megb\u00edzhat\u00f3 h\u0171t\u00e9stechnol\u00f3gia[\/elx_heading][vc_empty_space height=&#8221;50px&#8221;][\/vc_column][\/vc_row][vc_row full_width=&#8221;electroluxpro-container-no-padding&#8221; equal_height=&#8221;yes&#8221;][vc_column width=&#8221;1\/2&#8243;][elx_image_block background_image=&#8221;793&#8243; minimum_height=&#8221;450px&#8221;][\/vc_column][vc_column width=&#8221;1\/2&#8243;][elx_simple_block background_color=&#8221;inherit&#8221;][vc_column_text]<\/p>\n<h4>T\u00f6m\u00edt\u00e9sek, r\u00e1csok \u00e9s dr\u00f3tkosarak<\/h4>\n<p>Az \u00e9telt\u00e1rol\u00e1sn\u00e1l a h\u0171t\u0151h\u00f6z kapcsol\u00f3d\u00f3 tartoz\u00e9kok a leg\u00e9rt\u00e9kesebb t\u00e1rgyak a konyh\u00e1ban. A megfelel\u0151 tartoz\u00e9k kiv\u00e1laszt\u00e1sa garant\u00e1lja a korrekt \u00e9s hat\u00e9kony m\u0171k\u00f6d\u00e9st.[\/vc_column_text][vc_single_image image=&#8221;805&#8243; img_size=&#8221;500&#215;285&#8243; css_animation=&#8221;right-to-left&#8221;][\/elx_simple_block][\/vc_column][\/vc_row][vc_row][vc_column][vc_empty_space height=&#8221;50px&#8221;][elx_heading font_container=&#8221;h3&#8243; text_color=&#8221;inherit&#8221; text_align=&#8221;text-center&#8221;]Ny\u0171g\u00f6zze le vend\u00e9geit egy kis f\u00fcst\u00f6lt finom\u00e1s\u00e1ggal[\/elx_heading][vc_empty_space height=&#8221;50px&#8221;][\/vc_column][\/vc_row][vc_row full_width=&#8221;electroluxpro-container-no-padding&#8221; equal_height=&#8221;yes&#8221;][vc_column width=&#8221;1\/2&#8243;][elx_image_block background_image=&#8221;794&#8243; minimum_height=&#8221;450px&#8221;][\/vc_column][vc_column width=&#8221;1\/2&#8243;][elx_simple_block background_color=&#8221;inherit&#8221;][vc_column_text]<\/p>\n<h4>A f\u00fcst\u00f6l\u0151<\/h4>\n<p>A f\u00fcst\u00f6l\u0151 a kombis\u00fct\u0151k kiv\u00e1l\u00f3 tartoz\u00e9ka. Ide\u00e1lis k\u00fcl\u00f6nb\u00f6z\u0151 \u00e9telek f\u00e1val illetve sz\u00e1r\u00edtott f\u0171szerekkel t\u00f6rt\u00e9n\u0151 f\u00fcst\u00f6l\u00e9s\u00e9hez.[\/vc_column_text][vc_single_image image=&#8221;806&#8243; img_size=&#8221;500&#215;285&#8243; css_animation=&#8221;right-to-left&#8221;][\/elx_simple_block][\/vc_column][\/vc_row][vc_row][vc_column][vc_empty_space height=&#8221;50px&#8221;][elx_heading font_container=&#8221;h3&#8243; text_color=&#8221;inherit&#8221; text_align=&#8221;text-center&#8221;]Az \u00edzletes csirke m\u00e9g sosem volt enn\u00e9l egyszer\u0171bb[\/elx_heading][vc_empty_space height=&#8221;50px&#8221;][\/vc_column][\/vc_row][vc_row full_width=&#8221;electroluxpro-container-no-padding&#8221; equal_height=&#8221;yes&#8221;][vc_column width=&#8221;1\/2&#8243;][elx_image_block background_image=&#8221;795&#8243; minimum_height=&#8221;450px&#8221;][\/vc_column][vc_column width=&#8221;1\/2&#8243;][elx_simple_block][vc_column_text]<\/p>\n<h4>Komplett rendszer csirk\u00e9hez<\/h4>\n<p>Megfelel\u0151 rendszer az \u00edzletes csirke\u00e9telek elk\u00e9sz\u00edt\u00e9s\u00e9hez.[\/vc_column_text][vc_single_image image=&#8221;807&#8243; img_size=&#8221;530&#215;285&#8243; css_animation=&#8221;right-to-left&#8221;][\/elx_simple_block][\/vc_column][\/vc_row][vc_row][vc_column][vc_empty_space height=&#8221;50px&#8221;][elx_heading font_container=&#8221;h3&#8243; text_color=&#8221;inherit&#8221; text_align=&#8221;text-center&#8221;]Brilli\u00e1ns eredm\u00e9nyek \u00e9s a lejobb teljes\u00edtm\u00e9ny[\/elx_heading][vc_empty_space height=&#8221;50px&#8221;][\/vc_column][\/vc_row][vc_row full_width=&#8221;electroluxpro-container-no-padding&#8221; equal_height=&#8221;yes&#8221;][vc_column width=&#8221;1\/2&#8243;][elx_image_block background_image=&#8221;796&#8243; minimum_height=&#8221;450px&#8221;][\/vc_column][vc_column width=&#8221;1\/2&#8243;][elx_simple_block background_color=&#8221;inherit&#8221;][vc_column_text]<\/p>\n<h4>Fert\u0151tlen\u00edt\u0151 foly\u00e9kony vegyszerek<\/h4>\n<p>A vegyszereink minden cseppet \u00e9s foltot elt\u00e1vol\u00edtanak, \u00edgy f\u00e9nyes \u00e9s t\u00f6k\u00e9letesen tiszta, sz\u00e1raz poharakat biztos\u00edtanak. A speci\u00e1lis formul\u00e1j\u00e1nak k\u00f6sz\u00f6nhet\u0151en megakad\u00e1lyozza a v\u00edzk\u0151k\u00e9pz\u0151d\u00e9st.[\/vc_column_text][vc_single_image image=&#8221;808&#8243; img_size=&#8221;530&#215;285&#8243; css_animation=&#8221;right-to-left&#8221;][\/elx_simple_block][\/vc_column][\/vc_row][vc_row][vc_column][vc_empty_space height=&#8221;50px&#8221;][elx_heading font_container=&#8221;h3&#8243; text_color=&#8221;inherit&#8221; text_align=&#8221;text-center&#8221;]Finom tiszt\u00edt\u00e1s kiv\u00e1l\u00f3 eredm\u00e9nyekkel[\/elx_heading][vc_empty_space height=&#8221;50px&#8221;][\/vc_column][\/vc_row][vc_row full_width=&#8221;electroluxpro-container-no-padding&#8221; equal_height=&#8221;yes&#8221;][vc_column width=&#8221;1\/2&#8243;][elx_image_block background_image=&#8221;797&#8243; minimum_height=&#8221;450px&#8221;][\/vc_column][vc_column width=&#8221;1\/2&#8243;][elx_simple_block background_color=&#8221;inherit&#8221;][vc_column_text]<\/p>\n<h4>Vegyszerek a k\u00e9nyes ruh\u00e1khoz<\/h4>\n<p>F\u00fcggetlen\u00fcl att\u00f3l, hogy k\u00e9nyesebb vagy napi haszn\u00e1latban l\u00e9v\u0151 anyagot mos, az Electrolux laborat\u00f3riuma \u00e1ltal elfogadott formula t\u00f6k\u00e9letes eredm\u00e9nyt biztos\u00edt, meg\u0151rizve a sz\u00edneket \u00e9s a feh\u00e9rs\u00e9get.[\/vc_column_text][vc_single_image image=&#8221;809&#8243; img_size=&#8221;375&#215;250&#8243; css_animation=&#8221;right-to-left&#8221;][\/elx_simple_block][\/vc_column][\/vc_row][vc_row][vc_column][vc_empty_space height=&#8221;50px&#8221;][elx_heading font_container=&#8221;h3&#8243; text_color=&#8221;inherit&#8221; text_align=&#8221;text-center&#8221;]Minden r\u00e9szlet\u00e9ben hat\u00e9kony mosoda[\/elx_heading][vc_empty_space height=&#8221;50px&#8221;][\/vc_column][\/vc_row][vc_row full_width=&#8221;electroluxpro-container-no-padding&#8221; equal_height=&#8221;yes&#8221;][vc_column width=&#8221;1\/2&#8243;][elx_image_block background_image=&#8221;798&#8243; minimum_height=&#8221;450px&#8221;][\/vc_column][vc_column width=&#8221;1\/2&#8243;][elx_simple_block background_color=&#8221;inherit&#8221;][vc_column_text]<\/p>\n<h4>A tartoz\u00e9kok sz\u00e9les v\u00e1laszt\u00e9ka hat\u00e9konys\u00e1got \u00e9s k\u00e9nyelmet ny\u00fajt<\/h4>\n<ul>\n<li>\u00d6sszecsukhat\u00f3 ruha\u00e1llv\u00e1ny, amely sz\u00e1mos helyen elf\u00e9r: mosod\u00e1kban, \u00fczletekben, szab\u00f3kn\u00e1l, koszor\u00fasl\u00e1ny ruh\u00e1t \u00e9s party ruh\u00e1t \u00e1rus\u00edt\u00f3 szalonokban, stb.<\/li>\n<li>Kosarak, amelyeket a mos\u00f3g\u00e9pb\u0151l \u00e9s sz\u00e1r\u00edt\u00f3g\u00e9pb\u0151l t\u00f6rt\u00e9n\u0151 kipakol\u00e1shoz haszn\u00e1lhat<\/li>\n<li>K\u00e9zikosarak a leped\u0151kh\u00f6z<\/li>\n<li>Sz\u00e1r\u00edt\u00f3 labd\u00e1k<\/li>\n<li>T\u00f6bbfunkci\u00f3s microfiber tiszt\u00edt\u00f3ruha<\/li>\n<li>Eg\u00e9szs\u00e9g\u00fcgyben haszn\u00e1lhat\u00f3, fert\u0151tlen\u00edthet\u0151 tasakok.<\/li>\n<\/ul>\n<p>[\/vc_column_text][\/elx_simple_block][\/vc_column][\/vc_row][vc_row][vc_column][vc_empty_space height=&#8221;50px&#8221;][elx_heading font_container=&#8221;h3&#8243; text_color=&#8221;inherit&#8221; text_align=&#8221;text-center&#8221;]Tartsa mozg\u00e1sban mosod\u00e1j\u00e1t[\/elx_heading][vc_empty_space height=&#8221;50px&#8221;][\/vc_column][\/vc_row][vc_row][vc_column width=&#8221;1\/2&#8243;][elx_image_block background_image=&#8221;799&#8243; minimum_height=&#8221;500px&#8221;][\/vc_column][vc_column width=&#8221;1\/2&#8243;][elx_simple_block background_color=&#8221;inherit&#8221;][vc_column_text]<\/p>\n<h4>Kocsik \u00e9s kosarak<\/h4>\n<ul>\n<li>A megfelel\u0151 kocsik \u00e9s kosarak megk\u00f6nny\u00edtik a szennyes mozgat\u00e1s\u00e1t \u00e9s seg\u00edt megel\u0151zni az ism\u00e9tl\u0151d\u0151 meger\u0151ltet\u00e9sb\u0151l kialakulhat\u00f3 s\u00e9r\u00fcl\u00e9seket.<\/li>\n<li><strong>Az ergonomikus kocsik \u00e9s kosarak <\/strong>haszn\u00e1lhat\u00f3ak mosod\u00e1kban, \u00e1pol\u00f3 otthonokban, hotelekben, sz\u00e1llod\u00e1kban, stb. Kialak\u00edt\u00e1suknak k\u00f6sz\u00f6nhet\u0151en a kocsit k\u00f6zel lehet tolni a berendez\u00e9shez, \u00edgy a ruhanem\u0171t nem kell a f\u00f6ldre tenni.<\/li>\n<\/ul>\n<p>[\/vc_column_text][vc_single_image image=&#8221;1679&#8243; img_size=&#8221;full&#8221; css_animation=&#8221;right-to-left&#8221;][\/elx_simple_block][\/vc_column][\/vc_row][vc_row][vc_column][vc_empty_space height=&#8221;50px&#8221;][\/vc_column][\/vc_row]<\/p>\n","protected":false},"excerpt":{"rendered":"<p>[vc_row full_width=&#8221;electroluxpro-full-width-no-padding&#8221;][vc_column][elx_hero_title label=&#8221;&#8221; background_image=&#8221;335&#8243;][elx_heading font_container=&#8221;h1&#8243; text_color=&#8221;white&#8221;]Tartoz\u00e9kok \u00e9s fogy\u00f3eszk\u00f6z\u00f6k[\/elx_heading][\/elx_hero_title][\/vc_column][\/vc_row][vc_row][vc_column][elx_heading font_container=&#8221;h3&#8243; text_color=&#8221;inherit&#8221; text_align=&#8221;text-center&#8221;]Sous-vide f\u0151z\u00e9s, a t\u00f6k\u00e9letes kieg\u00e9sz\u00edt\u00e9s[\/elx_heading][vc_empty_space height=&#8221;50px&#8221;][\/vc_column][\/vc_row][vc_row full_width=&#8221;electroluxpro-container-no-padding&#8221; equal_height=&#8221;yes&#8221;][vc_column width=&#8221;1\/2&#8243;][elx_image_block background_image=&#8221;788&#8243; minimum_height=&#8221;450px&#8221;][\/vc_column][vc_column width=&#8221;1\/2&#8243;][elx_simple_block background_color=&#8221;inherit&#8221;][vc_column_text] A v\u00e1kuum csomagol\u00f3 A v\u00e1kuum csomagol\u00f3k elengedhetetlen tartoz\u00e9kok a sous-vide f\u0151z\u00e9shez \u00e9s hasznosak az \u00e9telek nedvess\u00e9g \u00e9s leveg\u0151 okozta s\u00e9r\u00fcl\u00e9sekt\u0151l mentes t\u00e1rol\u00e1s\u00e1hoz.[\/vc_column_text][vc_single_image image=&#8221;800&#8243; img_size=&#8221;600&#215;300&#8243; css_animation=&#8221;right-to-left&#8221;][\/elx_simple_block][\/vc_column][\/vc_row][vc_row][vc_column][vc_empty_space height=&#8221;50px&#8221;][elx_heading font_container=&#8221;h3&#8243; text_color=&#8221;inherit&#8221; text_align=&#8221;text-center&#8221;]T\u00e9sztaf\u0151z\u0151, rendk\u00edv\u00fcl sokoldal\u00fa[\/elx_heading][vc_empty_space height=&#8221;50px&#8221;][\/vc_column][\/vc_row][vc_row [&hellip;]<\/p>\n","protected":false},"author":3,"featured_media":0,"parent":0,"menu_order":0,"comment_status":"closed","ping_status":"closed","template":"","meta":{"footnotes":""},"class_list":["post-2109","page","type-page","status-publish","hentry"],"yoast_head":"<!-- This site is optimized with the Yoast SEO plugin v23.3 - https:\/\/yoast.com\/wordpress\/plugins\/seo\/ -->\n<title>Tartoz\u00e9kok \u00e9s fogy\u00f3eszk\u00f6z\u00f6k - Electrolux Professional Magyarorsz\u00e1g<\/title>\n<meta name=\"robots\" content=\"index, follow, max-snippet:-1, max-image-preview:large, max-video-preview:-1\" \/>\n<link rel=\"canonical\" href=\"https:\/\/www.electroluxprofessional.com\/hu\/tartozekok-es-fogyoeszkozok\/\" \/>\n<meta property=\"og:locale\" content=\"hu_HU\" \/>\n<meta property=\"og:type\" content=\"article\" \/>\n<meta property=\"og:title\" content=\"Tartoz\u00e9kok \u00e9s fogy\u00f3eszk\u00f6z\u00f6k - Electrolux Professional Magyarorsz\u00e1g\" \/>\n<meta property=\"og:description\" content=\"[vc_row full_width=&#8221;electroluxpro-full-width-no-padding&#8221;][vc_column][elx_hero_title label=&#8221;&#8221; background_image=&#8221;335&#8243;][elx_heading font_container=&#8221;h1&#8243; text_color=&#8221;white&#8221;]Tartoz\u00e9kok \u00e9s fogy\u00f3eszk\u00f6z\u00f6k[\/elx_heading][\/elx_hero_title][\/vc_column][\/vc_row][vc_row][vc_column][elx_heading font_container=&#8221;h3&#8243; text_color=&#8221;inherit&#8221; text_align=&#8221;text-center&#8221;]Sous-vide f\u0151z\u00e9s, a t\u00f6k\u00e9letes kieg\u00e9sz\u00edt\u00e9s[\/elx_heading][vc_empty_space height=&#8221;50px&#8221;][\/vc_column][\/vc_row][vc_row full_width=&#8221;electroluxpro-container-no-padding&#8221; equal_height=&#8221;yes&#8221;][vc_column width=&#8221;1\/2&#8243;][elx_image_block background_image=&#8221;788&#8243; minimum_height=&#8221;450px&#8221;][\/vc_column][vc_column width=&#8221;1\/2&#8243;][elx_simple_block background_color=&#8221;inherit&#8221;][vc_column_text] A v\u00e1kuum csomagol\u00f3 A v\u00e1kuum csomagol\u00f3k elengedhetetlen tartoz\u00e9kok a sous-vide f\u0151z\u00e9shez \u00e9s hasznosak az \u00e9telek nedvess\u00e9g \u00e9s leveg\u0151 okozta s\u00e9r\u00fcl\u00e9sekt\u0151l mentes t\u00e1rol\u00e1s\u00e1hoz.[\/vc_column_text][vc_single_image image=&#8221;800&#8243; img_size=&#8221;600&#215;300&#8243; css_animation=&#8221;right-to-left&#8221;][\/elx_simple_block][\/vc_column][\/vc_row][vc_row][vc_column][vc_empty_space height=&#8221;50px&#8221;][elx_heading font_container=&#8221;h3&#8243; text_color=&#8221;inherit&#8221; text_align=&#8221;text-center&#8221;]T\u00e9sztaf\u0151z\u0151, rendk\u00edv\u00fcl sokoldal\u00fa[\/elx_heading][vc_empty_space height=&#8221;50px&#8221;][\/vc_column][\/vc_row][vc_row [&hellip;]\" \/>\n<meta property=\"og:url\" content=\"https:\/\/www.electroluxprofessional.com\/hu\/tartozekok-es-fogyoeszkozok\/\" \/>\n<meta property=\"og:site_name\" content=\"Electrolux Professional Magyarorsz\u00e1g\" \/>\n<meta name=\"twitter:card\" content=\"summary_large_image\" \/>\n<meta name=\"twitter:label1\" content=\"Becs\u00fclt olvas\u00e1si id\u0151\" \/>\n\t<meta name=\"twitter:data1\" content=\"8 perc\" \/>\n<script type=\"application\/ld+json\" class=\"yoast-schema-graph\">{\"@context\":\"https:\/\/schema.org\",\"@graph\":[{\"@type\":\"WebPage\",\"@id\":\"https:\/\/www.electroluxprofessional.com\/hu\/tartozekok-es-fogyoeszkozok\/\",\"url\":\"https:\/\/www.electroluxprofessional.com\/hu\/tartozekok-es-fogyoeszkozok\/\",\"name\":\"Tartoz\u00e9kok \u00e9s fogy\u00f3eszk\u00f6z\u00f6k - Electrolux Professional Magyarorsz\u00e1g\",\"isPartOf\":{\"@id\":\"https:\/\/www.electroluxprofessional.com\/hu\/#website\"},\"datePublished\":\"2017-05-15T09:03:42+00:00\",\"dateModified\":\"2017-05-15T09:03:42+00:00\",\"breadcrumb\":{\"@id\":\"https:\/\/www.electroluxprofessional.com\/hu\/tartozekok-es-fogyoeszkozok\/#breadcrumb\"},\"inLanguage\":\"hu\",\"potentialAction\":[{\"@type\":\"ReadAction\",\"target\":[\"https:\/\/www.electroluxprofessional.com\/hu\/tartozekok-es-fogyoeszkozok\/\"]}]},{\"@type\":\"BreadcrumbList\",\"@id\":\"https:\/\/www.electroluxprofessional.com\/hu\/tartozekok-es-fogyoeszkozok\/#breadcrumb\",\"itemListElement\":[{\"@type\":\"ListItem\",\"position\":1,\"name\":\"Home\",\"item\":\"https:\/\/www.electroluxprofessional.com\/hu\/\"},{\"@type\":\"ListItem\",\"position\":2,\"name\":\"Tartoz\u00e9kok \u00e9s fogy\u00f3eszk\u00f6z\u00f6k\"}]},{\"@type\":\"WebSite\",\"@id\":\"https:\/\/www.electroluxprofessional.com\/hu\/#website\",\"url\":\"https:\/\/www.electroluxprofessional.com\/hu\/\",\"name\":\"Electrolux Professional Magyarorsz\u00e1g\",\"description\":\"\",\"potentialAction\":[{\"@type\":\"SearchAction\",\"target\":{\"@type\":\"EntryPoint\",\"urlTemplate\":\"https:\/\/www.electroluxprofessional.com\/hu\/?src={search_term_string}\"},\"query-input\":\"required name=search_term_string\"}],\"inLanguage\":\"hu\"}]}<\/script>\n<!-- \/ Yoast SEO plugin. -->","yoast_head_json":{"title":"Tartoz\u00e9kok \u00e9s fogy\u00f3eszk\u00f6z\u00f6k - Electrolux Professional Magyarorsz\u00e1g","robots":{"index":"index","follow":"follow","max-snippet":"max-snippet:-1","max-image-preview":"max-image-preview:large","max-video-preview":"max-video-preview:-1"},"canonical":"https:\/\/www.electroluxprofessional.com\/hu\/tartozekok-es-fogyoeszkozok\/","og_locale":"hu_HU","og_type":"article","og_title":"Tartoz\u00e9kok \u00e9s fogy\u00f3eszk\u00f6z\u00f6k - Electrolux Professional Magyarorsz\u00e1g","og_description":"[vc_row full_width=&#8221;electroluxpro-full-width-no-padding&#8221;][vc_column][elx_hero_title label=&#8221;&#8221; background_image=&#8221;335&#8243;][elx_heading font_container=&#8221;h1&#8243; text_color=&#8221;white&#8221;]Tartoz\u00e9kok \u00e9s fogy\u00f3eszk\u00f6z\u00f6k[\/elx_heading][\/elx_hero_title][\/vc_column][\/vc_row][vc_row][vc_column][elx_heading font_container=&#8221;h3&#8243; text_color=&#8221;inherit&#8221; text_align=&#8221;text-center&#8221;]Sous-vide f\u0151z\u00e9s, a t\u00f6k\u00e9letes kieg\u00e9sz\u00edt\u00e9s[\/elx_heading][vc_empty_space height=&#8221;50px&#8221;][\/vc_column][\/vc_row][vc_row full_width=&#8221;electroluxpro-container-no-padding&#8221; equal_height=&#8221;yes&#8221;][vc_column width=&#8221;1\/2&#8243;][elx_image_block background_image=&#8221;788&#8243; minimum_height=&#8221;450px&#8221;][\/vc_column][vc_column width=&#8221;1\/2&#8243;][elx_simple_block background_color=&#8221;inherit&#8221;][vc_column_text] A v\u00e1kuum csomagol\u00f3 A v\u00e1kuum csomagol\u00f3k elengedhetetlen tartoz\u00e9kok a sous-vide f\u0151z\u00e9shez \u00e9s hasznosak az \u00e9telek nedvess\u00e9g \u00e9s leveg\u0151 okozta s\u00e9r\u00fcl\u00e9sekt\u0151l mentes t\u00e1rol\u00e1s\u00e1hoz.[\/vc_column_text][vc_single_image image=&#8221;800&#8243; img_size=&#8221;600&#215;300&#8243; css_animation=&#8221;right-to-left&#8221;][\/elx_simple_block][\/vc_column][\/vc_row][vc_row][vc_column][vc_empty_space height=&#8221;50px&#8221;][elx_heading font_container=&#8221;h3&#8243; text_color=&#8221;inherit&#8221; text_align=&#8221;text-center&#8221;]T\u00e9sztaf\u0151z\u0151, rendk\u00edv\u00fcl sokoldal\u00fa[\/elx_heading][vc_empty_space height=&#8221;50px&#8221;][\/vc_column][\/vc_row][vc_row [&hellip;]","og_url":"https:\/\/www.electroluxprofessional.com\/hu\/tartozekok-es-fogyoeszkozok\/","og_site_name":"Electrolux Professional Magyarorsz\u00e1g","twitter_card":"summary_large_image","twitter_misc":{"Becs\u00fclt olvas\u00e1si id\u0151":"8 perc"},"schema":{"@context":"https:\/\/schema.org","@graph":[{"@type":"WebPage","@id":"https:\/\/www.electroluxprofessional.com\/hu\/tartozekok-es-fogyoeszkozok\/","url":"https:\/\/www.electroluxprofessional.com\/hu\/tartozekok-es-fogyoeszkozok\/","name":"Tartoz\u00e9kok \u00e9s fogy\u00f3eszk\u00f6z\u00f6k - Electrolux Professional Magyarorsz\u00e1g","isPartOf":{"@id":"https:\/\/www.electroluxprofessional.com\/hu\/#website"},"datePublished":"2017-05-15T09:03:42+00:00","dateModified":"2017-05-15T09:03:42+00:00","breadcrumb":{"@id":"https:\/\/www.electroluxprofessional.com\/hu\/tartozekok-es-fogyoeszkozok\/#breadcrumb"},"inLanguage":"hu","potentialAction":[{"@type":"ReadAction","target":["https:\/\/www.electroluxprofessional.com\/hu\/tartozekok-es-fogyoeszkozok\/"]}]},{"@type":"BreadcrumbList","@id":"https:\/\/www.electroluxprofessional.com\/hu\/tartozekok-es-fogyoeszkozok\/#breadcrumb","itemListElement":[{"@type":"ListItem","position":1,"name":"Home","item":"https:\/\/www.electroluxprofessional.com\/hu\/"},{"@type":"ListItem","position":2,"name":"Tartoz\u00e9kok \u00e9s fogy\u00f3eszk\u00f6z\u00f6k"}]},{"@type":"WebSite","@id":"https:\/\/www.electroluxprofessional.com\/hu\/#website","url":"https:\/\/www.electroluxprofessional.com\/hu\/","name":"Electrolux Professional Magyarorsz\u00e1g","description":"","potentialAction":[{"@type":"SearchAction","target":{"@type":"EntryPoint","urlTemplate":"https:\/\/www.electroluxprofessional.com\/hu\/?src={search_term_string}"},"query-input":"required name=search_term_string"}],"inLanguage":"hu"}]}},"_links":{"self":[{"href":"https:\/\/www.electroluxprofessional.com\/hu\/wp-json\/wp\/v2\/pages\/2109"}],"collection":[{"href":"https:\/\/www.electroluxprofessional.com\/hu\/wp-json\/wp\/v2\/pages"}],"about":[{"href":"https:\/\/www.electroluxprofessional.com\/hu\/wp-json\/wp\/v2\/types\/page"}],"author":[{"embeddable":true,"href":"https:\/\/www.electroluxprofessional.com\/hu\/wp-json\/wp\/v2\/users\/3"}],"replies":[{"embeddable":true,"href":"https:\/\/www.electroluxprofessional.com\/hu\/wp-json\/wp\/v2\/comments?post=2109"}],"version-history":[{"count":14,"href":"https:\/\/www.electroluxprofessional.com\/hu\/wp-json\/wp\/v2\/pages\/2109\/revisions"}],"predecessor-version":[{"id":5132,"href":"https:\/\/www.electroluxprofessional.com\/hu\/wp-json\/wp\/v2\/pages\/2109\/revisions\/5132"}],"wp:attachment":[{"href":"https:\/\/www.electroluxprofessional.com\/hu\/wp-json\/wp\/v2\/media?parent=2109"}],"curies":[{"name":"wp","href":"https:\/\/api.w.org\/{rel}","templated":true}]}}