{"id":2085,"date":"2017-05-15T09:03:06","date_gmt":"2017-05-15T09:03:06","guid":{"rendered":"https:\/\/www.electroluxprofessional.com\/hu\/?page_id=2085"},"modified":"2021-04-21T09:33:52","modified_gmt":"2021-04-21T09:33:52","slug":"rolunk","status":"publish","type":"page","link":"https:\/\/www.electroluxprofessional.com\/hu\/rolunk\/","title":{"rendered":"R\u00f3lunk"},"content":{"rendered":"<p>[vc_row][vc_column][elx_heading font_container=&#8221;h1&#8243; font_size=&#8221;h2&#8243; text_color=&#8221;inherit&#8221;]Ez az Electrolux Professional[\/elx_heading][\/vc_column][\/vc_row][vc_row][vc_column][elx_video_block background_image=&#8221;757&#8243; video_link=&#8221;https:\/\/www.youtube.com\/watch?v=l7-2KSjiyuY&#8221; minimum_height=&#8221;600px&#8221;][\/vc_column][\/vc_row][vc_row css=&#8221;.vc_custom_1465566954449{padding-top: 20px !important;}&#8221;][vc_column][vc_column_text]Az Electrolux Professional-n\u00e9l <strong>tudjuk, hogy a megfelel\u0151 eszk\u00f6z\u00f6k \u00e9s berendez\u00e9sek pozit\u00edv hat\u00e1ssal vannak az \u00d6n \u00e9let\u00e9re. <\/strong>\u00cdgy mindennapos, pozit\u00edv v\u00e1ltoz\u00e1st tudunk v\u00e9ghezvinni az \u00d6n illetve bolyg\u00f3nk sz\u00e1m\u00e1ra.<\/p>\n<p>B\u00fcszk\u00e9k vagyunk az <strong>innov\u00e1ci\u00f3 \u00e9s design<\/strong> ter\u00e9n el\u00e9rt vezet\u0151 poz\u00edci\u00f3nkra, olyan megold\u00e1sokat ny\u00fajtunk, amelyekre \u00d6nnek sz\u00fcks\u00e9ge van.<\/p>\n<p>Er\u0151s elk\u00f6telezetts\u00e9g\u00fcnk van a fenntarthat\u00f3s\u00e1g ir\u00e1nt, annak \u00e9rdek\u00e9ben, hogy n\u00f6velj\u00fck a hat\u00e9konys\u00e1got a v\u00edz \u00e9s elektromoss\u00e1g ter\u00e9n, ez\u00e1ltal k\u00f6lts\u00e9get cs\u00f6kkents\u00fcnk \u00e9s <strong>n\u00f6velj\u00fck az \u00d6n profitj\u00e1t<\/strong>.<\/p>\n<p><strong>90 \u00e9ve<\/strong> jelen vagyunk, a vil\u00e1g legkiterjedtebb szerviz h\u00e1l\u00f3zat\u00e1t \u00e9p\u00edtve fel, \u00edgy biztosan sz\u00e1m\u00edthat r\u00e1nk b\u00e1rhol a vil\u00e1gon, a nap 24 \u00f3r\u00e1j\u00e1ban.<\/p>\n<p>Az Electroluxn\u00e1l folyamatosan keress\u00fck az \u00faj lehet\u0151s\u00e9geket, ez\u00e1ltal pozit\u00edv, mindennapos v\u00e1ltoz\u00e1st tudunk v\u00e9ghezvinni az \u00d6n illetve bolyg\u00f3nk sz\u00e1m\u00e1ra.[\/vc_column_text][\/vc_column][\/vc_row][vc_row][vc_column width=&#8221;1\/4&#8243;][elx_simple_link_block link=&#8221;url:https%3A%2F%2Fwww.electroluxprofessional.com%2Fhu%2Fkonyhatechnologia%2F|title:commercial%20kitchen%20equipment||&#8221; text_align=&#8221;text-left&#8221; text_color=&#8221;inherit&#8221; background_color=&#8221;inherit&#8221; background_hover_color=&#8221;darker-hover&#8221; extra_class=&#8221;&#8221; reveal_effect=&#8221;&#8221; reveal_duration=&#8221;&#8221; reveal_delay=&#8221;&#8221;][vc_single_image image=&#8221;758&#8243; img_size=&#8221;large&#8221;][elx_heading text_color=&#8221;inherit&#8221;]Konyha-<br \/>\ntechnol\u00f3gia[\/elx_heading][\/elx_simple_link_block][\/vc_column][vc_column width=&#8221;1\/4&#8243;][elx_simple_link_block link=&#8221;url:https%3A%2F%2Fprofessional.electrolux.hu%2Flaundry%2F|title:Commercial%20laundries||&#8221; text_align=&#8221;text-left&#8221; text_color=&#8221;inherit&#8221; background_color=&#8221;inherit&#8221; background_hover_color=&#8221;darker-hover&#8221; extra_class=&#8221;&#8221; reveal_effect=&#8221;&#8221; reveal_duration=&#8221;&#8221; reveal_delay=&#8221;&#8221;][vc_single_image image=&#8221;759&#8243; img_size=&#8221;large&#8221;][elx_heading text_color=&#8221;inherit&#8221;]Mosoda-technika[\/elx_heading][\/elx_simple_link_block][\/vc_column][vc_column width=&#8221;1\/4&#8243;][elx_simple_link_block link=&#8221;url:%09https%3A%2F%2Fwww.electroluxprofessional.com%2Fhu%2Fchefs-hub%2Freceptek%2F|||&#8221; text_align=&#8221;text-left&#8221; text_color=&#8221;inherit&#8221; background_color=&#8221;inherit&#8221; background_hover_color=&#8221;darker-hover&#8221; extra_class=&#8221;&#8221; reveal_effect=&#8221;&#8221; reveal_duration=&#8221;&#8221; reveal_delay=&#8221;&#8221;][vc_single_image image=&#8221;760&#8243; img_size=&#8221;large&#8221;][elx_heading text_color=&#8221;inherit&#8221;]Chef Akad\u00e9mia[\/elx_heading][\/elx_simple_link_block][\/vc_column][vc_column width=&#8221;1\/4&#8243;][elx_simple_link_block link=&#8221;url:https%3A%2F%2Fwww.electroluxprofessional.com%2Fhu%2Fa-jobbert%2F|title:for%20the%20better||&#8221; text_align=&#8221;text-left&#8221; text_color=&#8221;inherit&#8221; background_color=&#8221;inherit&#8221; background_hover_color=&#8221;darker-hover&#8221; extra_class=&#8221;&#8221; reveal_effect=&#8221;&#8221; reveal_duration=&#8221;&#8221; reveal_delay=&#8221;&#8221;][vc_single_image image=&#8221;761&#8243; img_size=&#8221;large&#8221;][elx_heading text_color=&#8221;inherit&#8221;]A legjobbak\u00e9rt, kamp\u00e1ny a fenntarthat\u00f3s\u00e1g\u00e9rt.[\/elx_heading][\/elx_simple_link_block][\/vc_column][\/vc_row]<\/p>\n","protected":false},"excerpt":{"rendered":"<p>[vc_row][vc_column][elx_heading font_container=&#8221;h1&#8243; font_size=&#8221;h2&#8243; text_color=&#8221;inherit&#8221;]Ez az Electrolux Professional[\/elx_heading][\/vc_column][\/vc_row][vc_row][vc_column][elx_video_block background_image=&#8221;757&#8243; video_link=&#8221;https:\/\/www.youtube.com\/watch?v=l7-2KSjiyuY&#8221; minimum_height=&#8221;600px&#8221;][\/vc_column][\/vc_row][vc_row css=&#8221;.vc_custom_1465566954449{padding-top: 20px !important;}&#8221;][vc_column][vc_column_text]Az Electrolux Professional-n\u00e9l tudjuk, hogy a megfelel\u0151 eszk\u00f6z\u00f6k \u00e9s berendez\u00e9sek pozit\u00edv hat\u00e1ssal vannak az \u00d6n \u00e9let\u00e9re. \u00cdgy mindennapos, pozit\u00edv v\u00e1ltoz\u00e1st tudunk v\u00e9ghezvinni az \u00d6n illetve bolyg\u00f3nk sz\u00e1m\u00e1ra. B\u00fcszk\u00e9k vagyunk az innov\u00e1ci\u00f3 \u00e9s design ter\u00e9n el\u00e9rt vezet\u0151 poz\u00edci\u00f3nkra, olyan megold\u00e1sokat ny\u00fajtunk, amelyekre \u00d6nnek sz\u00fcks\u00e9ge [&hellip;]<\/p>\n","protected":false},"author":3,"featured_media":0,"parent":0,"menu_order":0,"comment_status":"closed","ping_status":"closed","template":"","meta":{"footnotes":""},"class_list":["post-2085","page","type-page","status-publish","hentry"],"yoast_head":"<!-- This site is optimized with the Yoast SEO plugin v23.3 - https:\/\/yoast.com\/wordpress\/plugins\/seo\/ -->\n<title>R\u00f3lunk - Electrolux Professional Magyarorsz\u00e1g<\/title>\n<meta name=\"robots\" content=\"index, follow, max-snippet:-1, max-image-preview:large, max-video-preview:-1\" \/>\n<link rel=\"canonical\" href=\"https:\/\/www.electroluxprofessional.com\/hu\/rolunk\/\" \/>\n<meta property=\"og:locale\" content=\"hu_HU\" \/>\n<meta property=\"og:type\" content=\"article\" \/>\n<meta property=\"og:title\" content=\"R\u00f3lunk - Electrolux Professional Magyarorsz\u00e1g\" \/>\n<meta property=\"og:description\" content=\"[vc_row][vc_column][elx_heading font_container=&#8221;h1&#8243; font_size=&#8221;h2&#8243; text_color=&#8221;inherit&#8221;]Ez az Electrolux Professional[\/elx_heading][\/vc_column][\/vc_row][vc_row][vc_column][elx_video_block background_image=&#8221;757&#8243; video_link=&#8221;https:\/\/www.youtube.com\/watch?v=l7-2KSjiyuY&#8221; minimum_height=&#8221;600px&#8221;][\/vc_column][\/vc_row][vc_row css=&#8221;.vc_custom_1465566954449{padding-top: 20px !important;}&#8221;][vc_column][vc_column_text]Az Electrolux Professional-n\u00e9l tudjuk, hogy a megfelel\u0151 eszk\u00f6z\u00f6k \u00e9s berendez\u00e9sek pozit\u00edv hat\u00e1ssal vannak az \u00d6n \u00e9let\u00e9re. \u00cdgy mindennapos, pozit\u00edv v\u00e1ltoz\u00e1st tudunk v\u00e9ghezvinni az \u00d6n illetve bolyg\u00f3nk sz\u00e1m\u00e1ra. B\u00fcszk\u00e9k vagyunk az innov\u00e1ci\u00f3 \u00e9s design ter\u00e9n el\u00e9rt vezet\u0151 poz\u00edci\u00f3nkra, olyan megold\u00e1sokat ny\u00fajtunk, amelyekre \u00d6nnek sz\u00fcks\u00e9ge [&hellip;]\" \/>\n<meta property=\"og:url\" content=\"https:\/\/www.electroluxprofessional.com\/hu\/rolunk\/\" \/>\n<meta property=\"og:site_name\" content=\"Electrolux Professional Magyarorsz\u00e1g\" \/>\n<meta property=\"article:modified_time\" content=\"2021-04-21T09:33:52+00:00\" \/>\n<meta name=\"twitter:card\" content=\"summary_large_image\" \/>\n<meta name=\"twitter:label1\" content=\"Becs\u00fclt olvas\u00e1si id\u0151\" \/>\n\t<meta name=\"twitter:data1\" content=\"3 perc\" \/>\n<script type=\"application\/ld+json\" class=\"yoast-schema-graph\">{\"@context\":\"https:\/\/schema.org\",\"@graph\":[{\"@type\":\"WebPage\",\"@id\":\"https:\/\/www.electroluxprofessional.com\/hu\/rolunk\/\",\"url\":\"https:\/\/www.electroluxprofessional.com\/hu\/rolunk\/\",\"name\":\"R\u00f3lunk - Electrolux Professional Magyarorsz\u00e1g\",\"isPartOf\":{\"@id\":\"https:\/\/www.electroluxprofessional.com\/hu\/#website\"},\"datePublished\":\"2017-05-15T09:03:06+00:00\",\"dateModified\":\"2021-04-21T09:33:52+00:00\",\"breadcrumb\":{\"@id\":\"https:\/\/www.electroluxprofessional.com\/hu\/rolunk\/#breadcrumb\"},\"inLanguage\":\"hu\",\"potentialAction\":[{\"@type\":\"ReadAction\",\"target\":[\"https:\/\/www.electroluxprofessional.com\/hu\/rolunk\/\"]}]},{\"@type\":\"BreadcrumbList\",\"@id\":\"https:\/\/www.electroluxprofessional.com\/hu\/rolunk\/#breadcrumb\",\"itemListElement\":[{\"@type\":\"ListItem\",\"position\":1,\"name\":\"Home\",\"item\":\"https:\/\/www.electroluxprofessional.com\/hu\/\"},{\"@type\":\"ListItem\",\"position\":2,\"name\":\"R\u00f3lunk\"}]},{\"@type\":\"WebSite\",\"@id\":\"https:\/\/www.electroluxprofessional.com\/hu\/#website\",\"url\":\"https:\/\/www.electroluxprofessional.com\/hu\/\",\"name\":\"Electrolux Professional Magyarorsz\u00e1g\",\"description\":\"\",\"potentialAction\":[{\"@type\":\"SearchAction\",\"target\":{\"@type\":\"EntryPoint\",\"urlTemplate\":\"https:\/\/www.electroluxprofessional.com\/hu\/?src={search_term_string}\"},\"query-input\":\"required name=search_term_string\"}],\"inLanguage\":\"hu\"}]}<\/script>\n<!-- \/ Yoast SEO plugin. -->","yoast_head_json":{"title":"R\u00f3lunk - Electrolux Professional Magyarorsz\u00e1g","robots":{"index":"index","follow":"follow","max-snippet":"max-snippet:-1","max-image-preview":"max-image-preview:large","max-video-preview":"max-video-preview:-1"},"canonical":"https:\/\/www.electroluxprofessional.com\/hu\/rolunk\/","og_locale":"hu_HU","og_type":"article","og_title":"R\u00f3lunk - Electrolux Professional Magyarorsz\u00e1g","og_description":"[vc_row][vc_column][elx_heading font_container=&#8221;h1&#8243; font_size=&#8221;h2&#8243; text_color=&#8221;inherit&#8221;]Ez az Electrolux Professional[\/elx_heading][\/vc_column][\/vc_row][vc_row][vc_column][elx_video_block background_image=&#8221;757&#8243; video_link=&#8221;https:\/\/www.youtube.com\/watch?v=l7-2KSjiyuY&#8221; minimum_height=&#8221;600px&#8221;][\/vc_column][\/vc_row][vc_row css=&#8221;.vc_custom_1465566954449{padding-top: 20px !important;}&#8221;][vc_column][vc_column_text]Az Electrolux Professional-n\u00e9l tudjuk, hogy a megfelel\u0151 eszk\u00f6z\u00f6k \u00e9s berendez\u00e9sek pozit\u00edv hat\u00e1ssal vannak az \u00d6n \u00e9let\u00e9re. \u00cdgy mindennapos, pozit\u00edv v\u00e1ltoz\u00e1st tudunk v\u00e9ghezvinni az \u00d6n illetve bolyg\u00f3nk sz\u00e1m\u00e1ra. B\u00fcszk\u00e9k vagyunk az innov\u00e1ci\u00f3 \u00e9s design ter\u00e9n el\u00e9rt vezet\u0151 poz\u00edci\u00f3nkra, olyan megold\u00e1sokat ny\u00fajtunk, amelyekre \u00d6nnek sz\u00fcks\u00e9ge [&hellip;]","og_url":"https:\/\/www.electroluxprofessional.com\/hu\/rolunk\/","og_site_name":"Electrolux Professional Magyarorsz\u00e1g","article_modified_time":"2021-04-21T09:33:52+00:00","twitter_card":"summary_large_image","twitter_misc":{"Becs\u00fclt olvas\u00e1si id\u0151":"3 perc"},"schema":{"@context":"https:\/\/schema.org","@graph":[{"@type":"WebPage","@id":"https:\/\/www.electroluxprofessional.com\/hu\/rolunk\/","url":"https:\/\/www.electroluxprofessional.com\/hu\/rolunk\/","name":"R\u00f3lunk - Electrolux Professional Magyarorsz\u00e1g","isPartOf":{"@id":"https:\/\/www.electroluxprofessional.com\/hu\/#website"},"datePublished":"2017-05-15T09:03:06+00:00","dateModified":"2021-04-21T09:33:52+00:00","breadcrumb":{"@id":"https:\/\/www.electroluxprofessional.com\/hu\/rolunk\/#breadcrumb"},"inLanguage":"hu","potentialAction":[{"@type":"ReadAction","target":["https:\/\/www.electroluxprofessional.com\/hu\/rolunk\/"]}]},{"@type":"BreadcrumbList","@id":"https:\/\/www.electroluxprofessional.com\/hu\/rolunk\/#breadcrumb","itemListElement":[{"@type":"ListItem","position":1,"name":"Home","item":"https:\/\/www.electroluxprofessional.com\/hu\/"},{"@type":"ListItem","position":2,"name":"R\u00f3lunk"}]},{"@type":"WebSite","@id":"https:\/\/www.electroluxprofessional.com\/hu\/#website","url":"https:\/\/www.electroluxprofessional.com\/hu\/","name":"Electrolux Professional Magyarorsz\u00e1g","description":"","potentialAction":[{"@type":"SearchAction","target":{"@type":"EntryPoint","urlTemplate":"https:\/\/www.electroluxprofessional.com\/hu\/?src={search_term_string}"},"query-input":"required name=search_term_string"}],"inLanguage":"hu"}]}},"_links":{"self":[{"href":"https:\/\/www.electroluxprofessional.com\/hu\/wp-json\/wp\/v2\/pages\/2085"}],"collection":[{"href":"https:\/\/www.electroluxprofessional.com\/hu\/wp-json\/wp\/v2\/pages"}],"about":[{"href":"https:\/\/www.electroluxprofessional.com\/hu\/wp-json\/wp\/v2\/types\/page"}],"author":[{"embeddable":true,"href":"https:\/\/www.electroluxprofessional.com\/hu\/wp-json\/wp\/v2\/users\/3"}],"replies":[{"embeddable":true,"href":"https:\/\/www.electroluxprofessional.com\/hu\/wp-json\/wp\/v2\/comments?post=2085"}],"version-history":[{"count":8,"href":"https:\/\/www.electroluxprofessional.com\/hu\/wp-json\/wp\/v2\/pages\/2085\/revisions"}],"predecessor-version":[{"id":5782,"href":"https:\/\/www.electroluxprofessional.com\/hu\/wp-json\/wp\/v2\/pages\/2085\/revisions\/5782"}],"wp:attachment":[{"href":"https:\/\/www.electroluxprofessional.com\/hu\/wp-json\/wp\/v2\/media?parent=2085"}],"curies":[{"name":"wp","href":"https:\/\/api.w.org\/{rel}","templated":true}]}}