{"id":10402,"date":"2026-04-02T09:34:59","date_gmt":"2026-04-02T09:34:59","guid":{"rendered":"https:\/\/www.electroluxprofessional.com\/hu\/?page_id=10402"},"modified":"2026-04-09T08:49:42","modified_gmt":"2026-04-09T08:49:42","slug":"mosogatasi-promocio-2026","status":"publish","type":"page","link":"https:\/\/www.electroluxprofessional.com\/hu\/mosogatasi-promocio-2026\/","title":{"rendered":"Mosogat\u00e1si prom\u00f3ci\u00f3"},"content":{"rendered":"<p>[vc_row full_width=&#8221;electroluxpro-full-width-no-padding&#8221;][vc_column content_position=&#8221;center&#8221; el_class=&#8221;text-center&#8221;][elx_promo_top_banner title=&#8221;Mindig valami k\u00fcl\u00f6nleges: Mosogat\u00e1s&#8221; carousel=&#8221;%5B%7B%22text_carousel%22%3A%22V%C3%A1lasszon%20Electrolux%20Professional%20berendez%C3%A9seket%20akci%C3%B3s%20%C3%A1ron.%5Cn%3Cbr%3E%3Cb%3EA%20prom%C3%B3ci%C3%B3%202026.%20febru%C3%A1r%2015.-t%C5%91l%202026.%20j%C3%BAnius%2030.-ig%2C%5Cnvagy%20a%20rakt%C3%A1rk%C3%A9szlet%20erej%C3%A9ig%20%C3%A9rv%C3%A9nyes.%3C%2Fb%3E%5Cn%3Cbr%3EA%20prom%C3%B3ci%C3%B3s%20k%C3%B3dok%20rendel%C3%A9seit%20legk%C3%A9s%C5%91bb%202026.%20j%C3%BAlius%2031.-ig%20ki%20kell%20sz%C3%A1ll%C3%ADtani.%5Cn%3Cbr%3E%5Cn%3Cbr%3E*tekintse%20meg%20a%20%3Ca%20href%3Dhttps%3A%2F%2Fwww.electroluxprofessional.com%2Fhu%2Fwp-content%2Fuploads%2F2026%2F03%2FElectrolux-Professional-Terms-and-conditions_HU_final-2026.pdf%3E%5Cn%3Cb%3E%C3%81ltal%C3%A1nos%20Szerz%C5%91d%C3%A9si%20Felt%C3%A9teleket%3C%2Fb%3E%3C%2Fa%3E%22%2C%22image_carousel%22%3A%228548%22%2C%22link_carousel%22%3A%22url%3Ahttps%253A%252F%252Fwww.electroluxprofessional.com%252Fhu%252Fertekesitesi-es-szerviz-lokator%252F%7Ctitle%3AKAPCSOLAT%2520%25C3%2589S%2520RENDELJEN%2520M%25C3%2589G%2520MA%22%2C%22select_type%22%3A%22link%22%7D%5D&#8221;][vc_empty_space height=&#8221;40px&#8221;][\/vc_column][\/vc_row][vc_row full_width=&#8221;electroluxpro-full-width-no-padding&#8221;][vc_column][elx_promo_2_3_columns_and_icons bgcolor=&#8221;bg-row-light-blue&#8221; colnumber=&#8221;3&#8243; title=&#8221;Kiemelked\u0151 hat\u00e9konys\u00e1g \u00e9s higi\u00e9nia&#8221; col1_icon=&#8221;elx-icon icon-circle-clean-blue&#8221; col1_title=&#8221;Kiv\u00e1l\u00f3 mos\u00e1si \u00e9s \u00f6bl\u00edt\u00e9si eredm\u00e9nyek&#8221; col1_text=&#8221;Az ide\u00e1lis mosogat\u00f3g\u00e9p kiv\u00e9teles mosogat\u00f3szer-elt\u00e1vol\u00edt\u00e1ssal: t\u00e1ny\u00e9rokhoz, poharakhoz, ed\u00e9nyekhez, t\u00e1lc\u00e1khoz, gasztronorm ed\u00e9nyekhez \u00e9s ev\u0151eszk\u00f6z\u00f6kh\u00f6z.&#8221; col2_icon=&#8221;elx-icon icon-circle-bacteria-blue&#8221; col2_title=&#8221;Energia-, v\u00edz- \u00e9s mos\u00f3szermegtakar\u00edt\u00e1s t\u00f6k\u00e9letes \u00e9s teljes fert\u0151tlen\u00edt\u00e9ssel.&#8221; col2_text=&#8221;Er\u0151s v\u00edznyom\u00e1s \u00e9s t\u00f6k\u00e9letes eredm\u00e9nyek a kett\u0151s fels\u0151 \u00e9s als\u00f3 mos\u00f3- \u00e9s \u00f6bl\u00edt\u0151f\u00fav\u00f3k\u00e1knak k\u00f6sz\u00f6nhet\u0151en, amelyek egyes modellekben megtal\u00e1lhat\u00f3k.&#8221; col3_icon=&#8221;elx-icon icon-circle-easy-blue&#8221; col3_title=&#8221;K\u00f6nnyen haszn\u00e1lhat\u00f3 \u00e9s karbantarthat\u00f3&#8221; col3_text=&#8221;A k\u00f6nnyen leolvashat\u00f3 kijelz\u0151nek k\u00f6sz\u00f6nhet\u0151en folyamatosan figyelemmel k\u00eds\u00e9rheti a k\u00e9sz\u00fcl\u00e9k h\u0151m\u00e9rs\u00e9klet\u00e9t. Elektronikus vez\u00e9rl\u0151rendszer \u00f6ndiagnosztik\u00e1val. Egyszer\u0171 haszn\u00e1lat.&#8221;][elx_promo_2_3_columns_and_icons bgcolor=&#8221;bg-row-sustainability-green&#8221; title=&#8221;K\u00f6rnyezetv\u00e9delem&#8221; col1_icon=&#8221;elx-icon icon-circle-savings-green-blue&#8221; col1_title=&#8221;Munkak\u00f6lts\u00e9g-megtakar\u00edt\u00e1s&#8221; col1_text=&#8221;Az alacsonyabb v\u00edz-, \u00e1ram-, mosogat\u00f3szer- \u00e9s \u00f6bl\u00edt\u0151szer-fogyaszt\u00e1s alacsonyabb \u00fczemeltet\u00e9si k\u00f6lts\u00e9geket \u00e9s kisebb k\u00f6rnyezeti terhel\u00e9st eredm\u00e9nyez.&#8221; col2_title=&#8221;Optim\u00e1lis munkak\u00f6rnyezet&#8221; col2_text=&#8221;A dupla fal\u00fa ajt\u00f3 \u00e9s burkolat kialak\u00edt\u00e1sa csendesebb m\u0171k\u00f6d\u00e9st \u00e9s kisebb h\u0151lead\u00e1st biztos\u00edt.&#8221; col2_icon=&#8221;elx-icon icon-circle-star-perfomance-blue&#8221;][\/vc_column][\/vc_row][vc_row full_width=&#8221;electroluxpro-full-width-no-padding&#8221;][vc_column][elx_promo_download_leaflet bg_row=&#8221;bg-light-grey&#8221; style_image=&#8221;image_square&#8221; title=&#8221;Tov\u00e1bbi inform\u00e1ci\u00f3k\u00e9rt t\u00f6ltse le a prom\u00f3ci\u00f3s sz\u00f3r\u00f3lapot.&#8221; single_image=&#8221;10414&#8243; link_download=&#8221;url:https%3A%2F%2Fwww.electroluxprofessional.com%2Fhu%2Fwp-content%2Fuploads%2F2026%2F03%2FDishwashing-promotion-leaflet-2026-HU-20260223.pdf|title:PDF%20LET%C3%96LT%C3%89SE|target:_blank&#8221;]A sz\u00f3r\u00f3lap tartalmazza az akci\u00f3 r\u00e9szleteit, ismerteti a teljes aj\u00e1nlatot \u00e9s a kapcsol\u00f3d\u00f3 el\u0151ny\u00f6ket.[\/elx_promo_download_leaflet][\/vc_column][\/vc_row][vc_row el_id=&#8221;product&#8221;][vc_column][elx_promo_products_showcase order_col1=&#8221;1&#8243; image_col1=&#8221;8541&#8243; order_col2=&#8221;2&#8243; image_col2=&#8221;8544&#8243; order_col3=&#8221;3&#8243; image_col3=&#8221;10415&#8243; bg_color=&#8221;bg-light-grey&#8221; title=&#8221;V\u00e1lassza ki a v\u00e1llalkoz\u00e1sa sz\u00e1m\u00e1ra megfelel\u0151 megold\u00e1sokat.&#8221; title_col1=&#8221;\u00c1tad\u00f3<br \/>\nrendszer\u0171<br \/>\nmosogat\u00f3g\u00e9p&#8221; prodcode_col1=&#8221;505089&#8243; title_col2=&#8221;Poh\u00e1rmosogat\u00f3<br \/>\ng\u00e9p \u2013 dupla fal\u00fa&#8221; link_col1=&#8221;url:https%3A%2F%2Ftools.electroluxprofessional.com%2FMirror%2FDoc%2FMAD2%2FElectrolux%2520Professional%2FHungarian%2FHood%2520Type%2520Dishwasher%2520-%252080r-hr_505089_Hungarian.pdf%3Fversion%3D1748165550|title:L%C3%A1sd%20a%20m%C5%B1szaki%20adatlapot|target:_blank&#8221; prodcode_col2=&#8221;402202&#8243; link_col2=&#8221;url:https%3A%2F%2Ftools.electroluxprofessional.com%2FMirror%2FDoc%2FMAD2%2FElectrolux%2520Professional%2FHungarian%2F402202_Dupla%2520fal%25C3%25BA%2520poh%25C3%25A1rmosogat%25C3%25B3%2520g%25C3%25A9p%2C%252040&#215;40%2520cm%2520kos%25C3%25A1r%2C%25201%2520ciklus%2C%2520%25C3%25BCr%25C3%25ADt%25C5%2591%2520pumpa%2C%2520mos%25C3%25B3szer%2520%25C3%25A9s%2520%25C3%25B6bl%25C3%25ADt%25C5%2591szer%2520a.pdf%3Fversion%3D1748165641|title:L%C3%A1sd%20a%20m%C5%B1szaki%20adatlapot|target:_blank&#8221; link_col3=&#8221;url:https%3A%2F%2Ftools.electroluxprofessional.com%2FMirror%2FDoc%2FMAD2%2FElectrolux%2520Professional%2FHungarian%2F402216_Poh%25C3%25A1rmosogat%25C3%25B3%2C%2520duplafal%25C3%25BA%2C%2520elektronikus%2520vez%25C3%25A9rl%25C3%25A9s%2C%2520hideg%2520vizes%2520%25C3%25B6bl%25C3%25ADt%25C3%25A9s%2C%2520mos%25C3%25B3%2520%25C3%25A9s%2520%25C3%25B6bl%25C3%25ADt%25C5%2591szer%2520adag.pdf%3Fversion%3D1774930492%26_gl%3D1*1lkt5lk*_up*MQ..*_ga*MzY1MTIwNTQ3LjE3NzQ5MjYyNTE.*_ga_MNVYVN9CET*czE3NzQ5MjYyNTEkbzEkZzEkdDE3NzQ5MzA0OTMkajU3JGwwJGgw*_ga_28J7B14W8H*czE3NzQ5MjYyNTEkbzEkZzEkdDE3NzQ5MzA0OTMkajU3JGwwJGgw|title:L%C3%A1sd%20a%20m%C5%B1szaki%20adatlapot&#8221; price_col1=&#8221;1.192.000 Ft.&#8221; price_col2=&#8221;626.000 Ft.&#8221; title_col3=&#8221;Poh\u00e1rmosogat\u00f3g\u00e9p&#8221; prodcode_col3=&#8221;402216&#8243; price_col3=&#8221;680.000 Ft.&#8221;][elx_promo_products_showcase order_col1=&#8221;3&#8243; image_col1=&#8221;10417&#8243; order_col2=&#8221;1&#8243; image_col2=&#8221;10416&#8243; order_col3=&#8221;2&#8243; image_col3=&#8221;10416&#8243; bg_color=&#8221;bg-light-grey&#8221; link_col1=&#8221;url:https%3A%2F%2Ftools.electroluxprofessional.com%2FMirror%2FDoc%2FMAD2%2FElectrolux%2520Professional%2FHungarian%2F402187_Poh%25C3%25A1rmosogat%25C3%25B3%2520g%25C3%25A9p%2C%2520%25C3%25B6bl%25C3%25ADt%25C5%2591szeradagol%25C3%25B3%2C%252040%2520kos%25C3%25A1r_%25C3%25B3ra_Hungarian_Hungarian.pdf%3Fversion%3D1774930726%26_gl%3D1*1mbu2ck*_up*MQ..*_ga*MzY1MTIwNTQ3LjE3NzQ5MjYyNTE.*_ga_28J7B14W8H*czE3NzQ5MjYyNTEkbzEkZzEkdDE3NzQ5MzA3MjckajU2JGwwJGgw*_ga_MNVYVN9CET*czE3NzQ5MjYyNTEkbzEkZzEkdDE3NzQ5MzA3MjckajU2JGwwJGgw|title:L%C3%A1sd%20a%20m%C5%B1szaki%20adatlapot|target:_blank&#8221; title_col2=&#8221;Pult alatti t\u00e1ny\u00e9rmosogat\u00f3 g\u00e9pek<br \/>\nNeoBlue Touch L&#8221; prodcode_col2=&#8221;400320&#8243; price_col2=&#8221;725.000 Ft.&#8221; link_col2=&#8221;url:https%3A%2F%2Ftools.electroluxprofessional.com%2FMirror%2FDoc%2FMAD2%2FElectrolux%2520Professional%2FHungarian%2F400320_NeoBlue%2520Touch%2520pult%2520alatti%2520mosogat%25C3%25B3g%25C3%25A9p%2520(L)%2520AISI304%2520nyom%25C3%25A1sos%2520bojlerrel%2C%2520%25C3%25B6bl%25C3%25ADt%25C5%2591szeradagol%25C3%25B3%2C%2520%25C3%25BCr%25C3%25ADt.pdf%3Fversion%3D1748165794|title:L%C3%A1sd%20a%20m%C5%B1szaki%20adatlapot|target:_blank&#8221; title_col3=&#8221;Pult alatti t\u00e1ny\u00e9rmosogat\u00f3 g\u00e9pek<br \/>\nNeoBlue Touch+ L&#8221; prodcode_col3=&#8221;400313&#8243; price_col3=&#8221;860.000 Ft.&#8221; link_col3=&#8221;url:https%3A%2F%2Ftools.electroluxprofessional.com%2FMirror%2FDoc%2FMAD2%2FElectrolux%2520Professional%2FHungarian%2F400313_Pult%2520alatti%2520t%25C3%25A1ny%25C3%25A9rmosogat%25C3%25B3g%25C3%25A9p%2520(L)%2C%2520%25C3%25A9rint%25C5%2591kijelz%25C5%2591%2C%2520szimpla%2520fal%2C%2520nyom%25C3%25A1sos%2520bojler%2C%2520%25C3%25B6bl%25C3%25ADt%25C5%2591szer%2520%25C3%25A9s.pdf%3Fversion%3D1748165843|title:L%C3%A1sd%20a%20m%C5%B1szaki%20adatlapot&#8221; title_col1=&#8221;Poh\u00e1rmosogat\u00f3g\u00e9p<br \/>\nNeoBlue S&#8221; prodcode_col1=&#8221;402187&#8243; price_col1=&#8221;476.000 Ft.&#8221;][\/vc_column][\/vc_row][vc_row full_width=&#8221;electroluxpro-full-width-no-padding&#8221;][vc_column][vc_empty_space height=&#8221;40px&#8221;][elx_promo_why_2_3_columns_texts_icons bgcolor=&#8221;bg-row-light-blue&#8221; colnumber=&#8221;3&#8243; title=&#8221;Mi\u00e9rt v\u00e1lassza az Electrolux Professionalt?&#8221; col1_icon=&#8221;elx-icon icon-circle-arrow-down-blue&#8221; col1_title=&#8221;Essentia \u00dcgyf\u00e9lszolg\u00e1lat&#8221; col1_text=&#8221;Elk\u00f6telezetts\u00e9g\u00fcnk a szolg\u00e1ltat\u00e1s ir\u00e1nt az \u00d6n komparat\u00edv el\u0151ny\u00e9nek kulcsa.&#8221; col2_icon=&#8221;elx-icon icon-circle-arrow-down-blue&#8221; col2_title=&#8221;Tartoz\u00e9kok \u00e9s fogy\u00f3eszk\u00f6z\u00f6k&#8221; col2_text=&#8221;Sz\u00e1m\u00edtson az eredeti tartoz\u00e9kok \u00e9s fogy\u00f3eszk\u00f6z\u00f6k gyors kisz\u00e1ll\u00edt\u00e1s\u00e1ra \u2013 a tart\u00f3ss\u00e1g, a hat\u00e9konys\u00e1g \u00e9s a felhaszn\u00e1l\u00f3i biztons\u00e1g \u00e9rdek\u00e9ben.&#8221; col3_icon=&#8221;elx-icon icon-circle-arrow-down-blue&#8221; col3_title=&#8221;Alkatr\u00e9szek&#8221; col3_text=&#8221;55 000 alkatr\u00e9sz rakt\u00e1ron, a gy\u00e1rt\u00e1s befejez\u00e9s\u00e9t\u0151l sz\u00e1m\u00edtott legal\u00e1bb 10 \u00e9vig el\u00e9rhet\u0151. 24-48 \u00f3r\u00e1n bel\u00fcl alkatr\u00e9szeket sz\u00e1ll\u00edtunk a vil\u00e1g b\u00e1rmely pontj\u00e1ra.&#8221;][vc_empty_space height=&#8221;40px&#8221;][\/vc_column][\/vc_row][vc_row el_id=&#8221;promo-contactus&#8221;][vc_column][elx_o2000_contact_us s=&#8221;T\u00f6bbet szeretn\u00e9k megtudni a mosogat\u00f3szeres akci\u00f3r\u00f3l. K\u00e9rlek, vedd fel velem a kapcsolatot.&#8221; request_type=&#8221;&#8221; country=&#8221;Hungary&#8221; b=&#8221;food&#8221; promo_mode=&#8221;true&#8221; bgcolorcontact=&#8221;bg-light-grey&#8221; r=&#8221;T\u00f6bbet szeretn\u00e9k megtudni a mosogat\u00f3szeres akci\u00f3r\u00f3l. K\u00e9rlek, vedd fel velem a kapcsolatot.&#8221; title_promo=&#8221;L\u00e9pjen kapcsolatba vel\u00fcnk, \u00e9s haszn\u00e1lja ki ezt a k\u00fcl\u00f6nleges aj\u00e1nlatot.&#8221;][\/vc_column][\/vc_row][vc_row full_width=&#8221;electroluxpro-full-width-no-padding&#8221;][vc_column][vc_empty_space height=&#8221;40px&#8221;][elx_promo_other_promotions order_col1=&#8221;1&#8243; image_col1=&#8221;8543&#8243; order_col2=&#8221;2&#8243; image_col2=&#8221;8546&#8243; order_col3=&#8221;3&#8243; image_col3=&#8221;8547&#8243; order_col4=&#8221;4&#8243; image_col4=&#8221;50853&#8243; bg_row=&#8221;bg-row-light-blue&#8221; title=&#8221;Egy\u00e9b prom\u00f3ci\u00f3k&#8221; title_col1=&#8221;F\u0151z\u0151berendez\u00e9sek&#8221; link_col1=&#8221;url:https%3A%2F%2Fwww.electroluxprofessional.com%2Fhu%2Fmodul-fozoberendezesek-promocio-2026|title:Tudj%20meg%20t%C3%B6bbet&#8221; title_col2=&#8221;Cook&amp;Chill&#8221; link_col2=&#8221;url:https%3A%2F%2Fwww.electroluxprofessional.com%2Fhu%2Fcookchill-promocio-2026%2F|title:Tudj%20meg%20t%C3%B6bbet|target:_blank&#8221; title_col3=&#8221;H\u0171t\u0151berendez\u00e9sek&#8221; link_col3=&#8221;url:https%3A%2F%2Fwww.electroluxprofessional.com%2Fhu%2Fhutoberendezesek-promocio-2026%2F|title:Tudj%20meg%20t%C3%B6bbet|target:_blank&#8221; link_col4=&#8221;target:_blank&#8221;][vc_empty_space height=&#8221;40px&#8221;][\/vc_column][\/vc_row]<\/p>\n","protected":false},"excerpt":{"rendered":"<p>[vc_row full_width=&#8221;electroluxpro-full-width-no-padding&#8221;][vc_column content_position=&#8221;center&#8221; el_class=&#8221;text-center&#8221;][elx_promo_top_banner title=&#8221;Mindig valami k\u00fcl\u00f6nleges: Mosogat\u00e1s&#8221; carousel=&#8221;%5B%7B%22text_carousel%22%3A%22V%C3%A1lasszon%20Electrolux%20Professional%20berendez%C3%A9seket%20akci%C3%B3s%20%C3%A1ron.%5Cn%3Cbr%3E%3Cb%3EA%20prom%C3%B3ci%C3%B3%202026.%20febru%C3%A1r%2015.-t%C5%91l%202026.%20j%C3%BAnius%2030.-ig%2C%5Cnvagy%20a%20rakt%C3%A1rk%C3%A9szlet%20erej%C3%A9ig%20%C3%A9rv%C3%A9nyes.%3C%2Fb%3E%5Cn%3Cbr%3EA%20prom%C3%B3ci%C3%B3s%20k%C3%B3dok%20rendel%C3%A9seit%20legk%C3%A9s%C5%91bb%202026.%20j%C3%BAlius%2031.-ig%20ki%20kell%20sz%C3%A1ll%C3%ADtani.%5Cn%3Cbr%3E%5Cn%3Cbr%3E*tekintse%20meg%20a%20%3Ca%20href%3Dhttps%3A%2F%2Fwww.electroluxprofessional.com%2Fhu%2Fwp-content%2Fuploads%2F2026%2F03%2FElectrolux-Professional-Terms-and-conditions_HU_final-2026.pdf%3E%5Cn%3Cb%3E%C3%81ltal%C3%A1nos%20Szerz%C5%91d%C3%A9si%20Felt%C3%A9teleket%3C%2Fb%3E%3C%2Fa%3E%22%2C%22image_carousel%22%3A%228548%22%2C%22link_carousel%22%3A%22url%3Ahttps%253A%252F%252Fwww.electroluxprofessional.com%252Fhu%252Fertekesitesi-es-szerviz-lokator%252F%7Ctitle%3AKAPCSOLAT%2520%25C3%2589S%2520RENDELJEN%2520M%25C3%2589G%2520MA%22%2C%22select_type%22%3A%22link%22%7D%5D&#8221;][vc_empty_space height=&#8221;40px&#8221;][\/vc_column][\/vc_row][vc_row full_width=&#8221;electroluxpro-full-width-no-padding&#8221;][vc_column][elx_promo_2_3_columns_and_icons bgcolor=&#8221;bg-row-light-blue&#8221; colnumber=&#8221;3&#8243; title=&#8221;Kiemelked\u0151 hat\u00e9konys\u00e1g \u00e9s higi\u00e9nia&#8221; col1_icon=&#8221;elx-icon icon-circle-clean-blue&#8221; col1_title=&#8221;Kiv\u00e1l\u00f3 mos\u00e1si \u00e9s \u00f6bl\u00edt\u00e9si eredm\u00e9nyek&#8221; col1_text=&#8221;Az ide\u00e1lis mosogat\u00f3g\u00e9p kiv\u00e9teles mosogat\u00f3szer-elt\u00e1vol\u00edt\u00e1ssal: t\u00e1ny\u00e9rokhoz, poharakhoz, ed\u00e9nyekhez, t\u00e1lc\u00e1khoz, gasztronorm ed\u00e9nyekhez \u00e9s ev\u0151eszk\u00f6z\u00f6kh\u00f6z.&#8221; col2_icon=&#8221;elx-icon icon-circle-bacteria-blue&#8221; col2_title=&#8221;Energia-, v\u00edz- \u00e9s mos\u00f3szermegtakar\u00edt\u00e1s t\u00f6k\u00e9letes \u00e9s teljes fert\u0151tlen\u00edt\u00e9ssel.&#8221; col2_text=&#8221;Er\u0151s v\u00edznyom\u00e1s \u00e9s t\u00f6k\u00e9letes eredm\u00e9nyek a kett\u0151s fels\u0151 [&hellip;]<\/p>\n","protected":false},"author":53,"featured_media":0,"parent":0,"menu_order":0,"comment_status":"closed","ping_status":"closed","template":"template-promo.php","meta":{"footnotes":""},"class_list":["post-10402","page","type-page","status-publish","hentry"],"yoast_head":"<!-- This site is optimized with the Yoast SEO plugin v23.3 - https:\/\/yoast.com\/wordpress\/plugins\/seo\/ -->\n<title>Mosogat\u00e1si prom\u00f3ci\u00f3 - Electrolux Professional Magyarorsz\u00e1g<\/title>\n<meta name=\"robots\" content=\"noindex, nofollow\" \/>\n<meta property=\"og:locale\" content=\"hu_HU\" \/>\n<meta property=\"og:type\" content=\"article\" \/>\n<meta property=\"og:title\" content=\"Mosogat\u00e1si prom\u00f3ci\u00f3 - Electrolux Professional Magyarorsz\u00e1g\" \/>\n<meta property=\"og:description\" content=\"[vc_row full_width=&#8221;electroluxpro-full-width-no-padding&#8221;][vc_column content_position=&#8221;center&#8221; el_class=&#8221;text-center&#8221;][elx_promo_top_banner title=&#8221;Mindig valami k\u00fcl\u00f6nleges: Mosogat\u00e1s&#8221; carousel=&#8221;%5B%7B%22text_carousel%22%3A%22V%C3%A1lasszon%20Electrolux%20Professional%20berendez%C3%A9seket%20akci%C3%B3s%20%C3%A1ron.%5Cn%3Cbr%3E%3Cb%3EA%20prom%C3%B3ci%C3%B3%202026.%20febru%C3%A1r%2015.-t%C5%91l%202026.%20j%C3%BAnius%2030.-ig%2C%5Cnvagy%20a%20rakt%C3%A1rk%C3%A9szlet%20erej%C3%A9ig%20%C3%A9rv%C3%A9nyes.%3C%2Fb%3E%5Cn%3Cbr%3EA%20prom%C3%B3ci%C3%B3s%20k%C3%B3dok%20rendel%C3%A9seit%20legk%C3%A9s%C5%91bb%202026.%20j%C3%BAlius%2031.-ig%20ki%20kell%20sz%C3%A1ll%C3%ADtani.%5Cn%3Cbr%3E%5Cn%3Cbr%3E*tekintse%20meg%20a%20%3Ca%20href%3Dhttps%3A%2F%2Fwww.electroluxprofessional.com%2Fhu%2Fwp-content%2Fuploads%2F2026%2F03%2FElectrolux-Professional-Terms-and-conditions_HU_final-2026.pdf%3E%5Cn%3Cb%3E%C3%81ltal%C3%A1nos%20Szerz%C5%91d%C3%A9si%20Felt%C3%A9teleket%3C%2Fb%3E%3C%2Fa%3E%22%2C%22image_carousel%22%3A%228548%22%2C%22link_carousel%22%3A%22url%3Ahttps%253A%252F%252Fwww.electroluxprofessional.com%252Fhu%252Fertekesitesi-es-szerviz-lokator%252F%7Ctitle%3AKAPCSOLAT%2520%25C3%2589S%2520RENDELJEN%2520M%25C3%2589G%2520MA%22%2C%22select_type%22%3A%22link%22%7D%5D&#8221;][vc_empty_space height=&#8221;40px&#8221;][\/vc_column][\/vc_row][vc_row full_width=&#8221;electroluxpro-full-width-no-padding&#8221;][vc_column][elx_promo_2_3_columns_and_icons bgcolor=&#8221;bg-row-light-blue&#8221; colnumber=&#8221;3&#8243; title=&#8221;Kiemelked\u0151 hat\u00e9konys\u00e1g \u00e9s higi\u00e9nia&#8221; col1_icon=&#8221;elx-icon icon-circle-clean-blue&#8221; col1_title=&#8221;Kiv\u00e1l\u00f3 mos\u00e1si \u00e9s \u00f6bl\u00edt\u00e9si eredm\u00e9nyek&#8221; col1_text=&#8221;Az ide\u00e1lis mosogat\u00f3g\u00e9p kiv\u00e9teles mosogat\u00f3szer-elt\u00e1vol\u00edt\u00e1ssal: t\u00e1ny\u00e9rokhoz, poharakhoz, ed\u00e9nyekhez, t\u00e1lc\u00e1khoz, gasztronorm ed\u00e9nyekhez \u00e9s ev\u0151eszk\u00f6z\u00f6kh\u00f6z.&#8221; col2_icon=&#8221;elx-icon icon-circle-bacteria-blue&#8221; col2_title=&#8221;Energia-, v\u00edz- \u00e9s mos\u00f3szermegtakar\u00edt\u00e1s t\u00f6k\u00e9letes \u00e9s teljes fert\u0151tlen\u00edt\u00e9ssel.&#8221; col2_text=&#8221;Er\u0151s v\u00edznyom\u00e1s \u00e9s t\u00f6k\u00e9letes eredm\u00e9nyek a kett\u0151s fels\u0151 [&hellip;]\" \/>\n<meta property=\"og:url\" content=\"https:\/\/www.electroluxprofessional.com\/hu\/mosogatasi-promocio-2026\/\" \/>\n<meta property=\"og:site_name\" content=\"Electrolux Professional Magyarorsz\u00e1g\" \/>\n<meta property=\"article:modified_time\" content=\"2026-04-09T08:49:42+00:00\" \/>\n<meta name=\"twitter:card\" content=\"summary_large_image\" \/>\n<meta name=\"twitter:label1\" content=\"Becs\u00fclt olvas\u00e1si id\u0151\" \/>\n\t<meta name=\"twitter:data1\" content=\"3 perc\" \/>\n<script type=\"application\/ld+json\" class=\"yoast-schema-graph\">{\"@context\":\"https:\/\/schema.org\",\"@graph\":[{\"@type\":\"WebPage\",\"@id\":\"https:\/\/www.electroluxprofessional.com\/hu\/mosogatasi-promocio-2026\/\",\"url\":\"https:\/\/www.electroluxprofessional.com\/hu\/mosogatasi-promocio-2026\/\",\"name\":\"Mosogat\u00e1si prom\u00f3ci\u00f3 - Electrolux Professional Magyarorsz\u00e1g\",\"isPartOf\":{\"@id\":\"https:\/\/www.electroluxprofessional.com\/hu\/#website\"},\"datePublished\":\"2026-04-02T09:34:59+00:00\",\"dateModified\":\"2026-04-09T08:49:42+00:00\",\"breadcrumb\":{\"@id\":\"https:\/\/www.electroluxprofessional.com\/hu\/mosogatasi-promocio-2026\/#breadcrumb\"},\"inLanguage\":\"hu\",\"potentialAction\":[{\"@type\":\"ReadAction\",\"target\":[\"https:\/\/www.electroluxprofessional.com\/hu\/mosogatasi-promocio-2026\/\"]}]},{\"@type\":\"BreadcrumbList\",\"@id\":\"https:\/\/www.electroluxprofessional.com\/hu\/mosogatasi-promocio-2026\/#breadcrumb\",\"itemListElement\":[{\"@type\":\"ListItem\",\"position\":1,\"name\":\"Home\",\"item\":\"https:\/\/www.electroluxprofessional.com\/hu\/\"},{\"@type\":\"ListItem\",\"position\":2,\"name\":\"Mosogat\u00e1si prom\u00f3ci\u00f3\"}]},{\"@type\":\"WebSite\",\"@id\":\"https:\/\/www.electroluxprofessional.com\/hu\/#website\",\"url\":\"https:\/\/www.electroluxprofessional.com\/hu\/\",\"name\":\"Electrolux Professional Magyarorsz\u00e1g\",\"description\":\"\",\"potentialAction\":[{\"@type\":\"SearchAction\",\"target\":{\"@type\":\"EntryPoint\",\"urlTemplate\":\"https:\/\/www.electroluxprofessional.com\/hu\/?src={search_term_string}\"},\"query-input\":\"required name=search_term_string\"}],\"inLanguage\":\"hu\"}]}<\/script>\n<!-- \/ Yoast SEO plugin. -->","yoast_head_json":{"title":"Mosogat\u00e1si prom\u00f3ci\u00f3 - Electrolux Professional Magyarorsz\u00e1g","robots":{"index":"noindex","follow":"nofollow"},"og_locale":"hu_HU","og_type":"article","og_title":"Mosogat\u00e1si prom\u00f3ci\u00f3 - Electrolux Professional Magyarorsz\u00e1g","og_description":"[vc_row full_width=&#8221;electroluxpro-full-width-no-padding&#8221;][vc_column content_position=&#8221;center&#8221; el_class=&#8221;text-center&#8221;][elx_promo_top_banner title=&#8221;Mindig valami k\u00fcl\u00f6nleges: Mosogat\u00e1s&#8221; carousel=&#8221;%5B%7B%22text_carousel%22%3A%22V%C3%A1lasszon%20Electrolux%20Professional%20berendez%C3%A9seket%20akci%C3%B3s%20%C3%A1ron.%5Cn%3Cbr%3E%3Cb%3EA%20prom%C3%B3ci%C3%B3%202026.%20febru%C3%A1r%2015.-t%C5%91l%202026.%20j%C3%BAnius%2030.-ig%2C%5Cnvagy%20a%20rakt%C3%A1rk%C3%A9szlet%20erej%C3%A9ig%20%C3%A9rv%C3%A9nyes.%3C%2Fb%3E%5Cn%3Cbr%3EA%20prom%C3%B3ci%C3%B3s%20k%C3%B3dok%20rendel%C3%A9seit%20legk%C3%A9s%C5%91bb%202026.%20j%C3%BAlius%2031.-ig%20ki%20kell%20sz%C3%A1ll%C3%ADtani.%5Cn%3Cbr%3E%5Cn%3Cbr%3E*tekintse%20meg%20a%20%3Ca%20href%3Dhttps%3A%2F%2Fwww.electroluxprofessional.com%2Fhu%2Fwp-content%2Fuploads%2F2026%2F03%2FElectrolux-Professional-Terms-and-conditions_HU_final-2026.pdf%3E%5Cn%3Cb%3E%C3%81ltal%C3%A1nos%20Szerz%C5%91d%C3%A9si%20Felt%C3%A9teleket%3C%2Fb%3E%3C%2Fa%3E%22%2C%22image_carousel%22%3A%228548%22%2C%22link_carousel%22%3A%22url%3Ahttps%253A%252F%252Fwww.electroluxprofessional.com%252Fhu%252Fertekesitesi-es-szerviz-lokator%252F%7Ctitle%3AKAPCSOLAT%2520%25C3%2589S%2520RENDELJEN%2520M%25C3%2589G%2520MA%22%2C%22select_type%22%3A%22link%22%7D%5D&#8221;][vc_empty_space height=&#8221;40px&#8221;][\/vc_column][\/vc_row][vc_row full_width=&#8221;electroluxpro-full-width-no-padding&#8221;][vc_column][elx_promo_2_3_columns_and_icons bgcolor=&#8221;bg-row-light-blue&#8221; colnumber=&#8221;3&#8243; title=&#8221;Kiemelked\u0151 hat\u00e9konys\u00e1g \u00e9s higi\u00e9nia&#8221; col1_icon=&#8221;elx-icon icon-circle-clean-blue&#8221; col1_title=&#8221;Kiv\u00e1l\u00f3 mos\u00e1si \u00e9s \u00f6bl\u00edt\u00e9si eredm\u00e9nyek&#8221; col1_text=&#8221;Az ide\u00e1lis mosogat\u00f3g\u00e9p kiv\u00e9teles mosogat\u00f3szer-elt\u00e1vol\u00edt\u00e1ssal: t\u00e1ny\u00e9rokhoz, poharakhoz, ed\u00e9nyekhez, t\u00e1lc\u00e1khoz, gasztronorm ed\u00e9nyekhez \u00e9s ev\u0151eszk\u00f6z\u00f6kh\u00f6z.&#8221; col2_icon=&#8221;elx-icon icon-circle-bacteria-blue&#8221; col2_title=&#8221;Energia-, v\u00edz- \u00e9s mos\u00f3szermegtakar\u00edt\u00e1s t\u00f6k\u00e9letes \u00e9s teljes fert\u0151tlen\u00edt\u00e9ssel.&#8221; col2_text=&#8221;Er\u0151s v\u00edznyom\u00e1s \u00e9s t\u00f6k\u00e9letes eredm\u00e9nyek a kett\u0151s fels\u0151 [&hellip;]","og_url":"https:\/\/www.electroluxprofessional.com\/hu\/mosogatasi-promocio-2026\/","og_site_name":"Electrolux Professional Magyarorsz\u00e1g","article_modified_time":"2026-04-09T08:49:42+00:00","twitter_card":"summary_large_image","twitter_misc":{"Becs\u00fclt olvas\u00e1si id\u0151":"3 perc"},"schema":{"@context":"https:\/\/schema.org","@graph":[{"@type":"WebPage","@id":"https:\/\/www.electroluxprofessional.com\/hu\/mosogatasi-promocio-2026\/","url":"https:\/\/www.electroluxprofessional.com\/hu\/mosogatasi-promocio-2026\/","name":"Mosogat\u00e1si prom\u00f3ci\u00f3 - Electrolux Professional Magyarorsz\u00e1g","isPartOf":{"@id":"https:\/\/www.electroluxprofessional.com\/hu\/#website"},"datePublished":"2026-04-02T09:34:59+00:00","dateModified":"2026-04-09T08:49:42+00:00","breadcrumb":{"@id":"https:\/\/www.electroluxprofessional.com\/hu\/mosogatasi-promocio-2026\/#breadcrumb"},"inLanguage":"hu","potentialAction":[{"@type":"ReadAction","target":["https:\/\/www.electroluxprofessional.com\/hu\/mosogatasi-promocio-2026\/"]}]},{"@type":"BreadcrumbList","@id":"https:\/\/www.electroluxprofessional.com\/hu\/mosogatasi-promocio-2026\/#breadcrumb","itemListElement":[{"@type":"ListItem","position":1,"name":"Home","item":"https:\/\/www.electroluxprofessional.com\/hu\/"},{"@type":"ListItem","position":2,"name":"Mosogat\u00e1si prom\u00f3ci\u00f3"}]},{"@type":"WebSite","@id":"https:\/\/www.electroluxprofessional.com\/hu\/#website","url":"https:\/\/www.electroluxprofessional.com\/hu\/","name":"Electrolux Professional Magyarorsz\u00e1g","description":"","potentialAction":[{"@type":"SearchAction","target":{"@type":"EntryPoint","urlTemplate":"https:\/\/www.electroluxprofessional.com\/hu\/?src={search_term_string}"},"query-input":"required name=search_term_string"}],"inLanguage":"hu"}]}},"_links":{"self":[{"href":"https:\/\/www.electroluxprofessional.com\/hu\/wp-json\/wp\/v2\/pages\/10402"}],"collection":[{"href":"https:\/\/www.electroluxprofessional.com\/hu\/wp-json\/wp\/v2\/pages"}],"about":[{"href":"https:\/\/www.electroluxprofessional.com\/hu\/wp-json\/wp\/v2\/types\/page"}],"author":[{"embeddable":true,"href":"https:\/\/www.electroluxprofessional.com\/hu\/wp-json\/wp\/v2\/users\/53"}],"replies":[{"embeddable":true,"href":"https:\/\/www.electroluxprofessional.com\/hu\/wp-json\/wp\/v2\/comments?post=10402"}],"version-history":[{"count":7,"href":"https:\/\/www.electroluxprofessional.com\/hu\/wp-json\/wp\/v2\/pages\/10402\/revisions"}],"predecessor-version":[{"id":10532,"href":"https:\/\/www.electroluxprofessional.com\/hu\/wp-json\/wp\/v2\/pages\/10402\/revisions\/10532"}],"wp:attachment":[{"href":"https:\/\/www.electroluxprofessional.com\/hu\/wp-json\/wp\/v2\/media?parent=10402"}],"curies":[{"name":"wp","href":"https:\/\/api.w.org\/{rel}","templated":true}]}}