{"id":10400,"date":"2026-04-02T09:35:48","date_gmt":"2026-04-02T09:35:48","guid":{"rendered":"https:\/\/www.electroluxprofessional.com\/hu\/?page_id=10400"},"modified":"2026-04-09T08:49:48","modified_gmt":"2026-04-09T08:49:48","slug":"hutoberendezesek-promocio-2026","status":"publish","type":"page","link":"https:\/\/www.electroluxprofessional.com\/hu\/hutoberendezesek-promocio-2026\/","title":{"rendered":"H\u0171t\u0151berendez\u00e9sek prom\u00f3ci\u00f3"},"content":{"rendered":"<p>[vc_row full_width=&#8221;electroluxpro-full-width-no-padding&#8221;][vc_column][elx_promo_top_banner title=&#8221;Hat\u00e9konys\u00e1g, teljes\u00edtm\u00e9ny \u00e9s megtakar\u00edt\u00e1s az ecostore R290-nel&#8221; carousel=&#8221;%5B%7B%22title_carousel%22%3A%22H%C5%B1t%C5%91szekr%C3%A9nyek%20%C3%A9s%20fagyaszt%C3%B3k%20ecostore%20R290%22%2C%22text_carousel%22%3A%22V%C3%A1lasszon%20Electrolux%20Professional%20berendez%C3%A9seket%20akci%C3%B3s%20%C3%A1ron.%5Cn%3Cbr%3E%3Cb%3EA%20prom%C3%B3ci%C3%B3%202026.%20febru%C3%A1r%2015.-t%C5%91l%202026.%20j%C3%BAnius%2030.-ig%2C%5Cnvagy%20a%20rakt%C3%A1rk%C3%A9szlet%20erej%C3%A9ig%20%C3%A9rv%C3%A9nyes.%3C%2Fb%3E%5Cn%3Cbr%3EA%20prom%C3%B3ci%C3%B3s%20k%C3%B3dok%20rendel%C3%A9seit%20legk%C3%A9s%C5%91bb%202026.%20j%C3%BAlius%2031.-ig%20ki%20kell%20sz%C3%A1ll%C3%ADtani.%5Cn%3Cbr%3E%5Cn%3Cbr%3E*tekintse%20meg%20a%20%3Ca%20href%3Dhttps%3A%2F%2Fwww.electroluxprofessional.com%2Fhu%2Fwp-content%2Fuploads%2F2026%2F03%2FElectrolux-Professional-Terms-and-conditions_HU_final-2026.pdf%3E%5Cn%3Cb%3E%C3%81ltal%C3%A1nos%20Szerz%C5%91d%C3%A9si%20Felt%C3%A9teleket%3C%2Fb%3E%3C%2Fa%3E%22%2C%22image_carousel%22%3A%228560%22%2C%22link_carousel%22%3A%22url%3Ahttps%253A%252F%252Fwww.electroluxprofessional.com%252Fhu%252Fertekesitesi-es-szerviz-lokator%252F%7Ctitle%3AKAPCSOLAT%2520%25C3%2589S%2520RENDELJEN%2520M%25C3%2589G%2520MA%22%2C%22select_type%22%3A%22link%22%7D%5D&#8221;][vc_empty_space][\/vc_column][\/vc_row][vc_row full_width=&#8221;electroluxpro-full-width-no-padding&#8221;][vc_column][elx_promo_2_3_columns_and_icons bgcolor=&#8221;bg-row-light-blue&#8221; colnumber=&#8221;3&#8243; title=&#8221;ecostore \u2013 a helyes v\u00e1laszt\u00e1s&#8221; col1_icon=&#8221;elx-icon icon-circle-capacity-blue&#8221; col1_title=&#8221;Nagyobb kapacit\u00e1s&#8221; col1_text=&#8221;Az Ecostore h\u0171t\u0151szekr\u00e9nyek \u00e1tlagosan 50 literrel nagyobb \u0171rtartalm\u00faak, mint a piacon kaphat\u00f3 hasonl\u00f3 modellek.&#8221; col2_icon=&#8221;elx-icon icon-circle-easy-blue&#8221; col2_title=&#8221;K\u00f6nny\u0171 tiszt\u00edt\u00e1s&#8221; col2_text=&#8221;A k\u00e9sz\u00fcl\u00e9k belseje lekerek\u00edtett \u00e9lekkel \u00e9s k\u00f6nnyen kivehet\u0151 polcokkal \u00e9s polcvezet\u0151 s\u00ednekkel rendelkezik.&#8221; col3_icon=&#8221;elx-icon icon-savings-energy&#8221; col3_title=&#8221;Optim\u00e1lis teljes\u00edtm\u00e9ny&#8221; col3_text=&#8221;Maxim\u00e1lis energiamegtakar\u00edt\u00e1s a kondenzv\u00edz forr\u00f3g\u00e1zos elp\u00e1rologtat\u00e1s\u00e1nak \u00e9s a h\u00e1romkamr\u00e1s ajt\u00f3t\u00f6m\u00edt\u00e9snek k\u00f6sz\u00f6nhet\u0151en.&#8221;][\/vc_column][\/vc_row][vc_row full_width=&#8221;electroluxpro-full-width-no-padding&#8221;][vc_column][elx_promo_2_3_columns_and_icons bgcolor=&#8221;bg-row-sustainability-green&#8221; title=&#8221;Gyorsabb megt\u00e9r\u00fcl\u00e9s a Green Spirit seg\u00edts\u00e9g\u00e9vel&#8221; col1_icon=&#8221;elx-icon icon-circle-savings-green-blue&#8221; col1_title=&#8221;Nagyobb energiamegtakar\u00edt\u00e1s&#8221; col1_text=&#8221;Kevesebb energi\u00e1t fogyaszt az R290 h\u0171t\u0151k\u00f6zegnek \u00e9s a 75 mm vastag szigetel\u00e9snek k\u00f6sz\u00f6nhet\u0151en.&#8221; col2_icon=&#8221;elx-icon icon-circle-star-perfomance-blue&#8221; col2_title=&#8221;Maxim\u00e1lis hat\u00e9konys\u00e1g&#8221; col2_text=&#8221;A \u201eClean Free\u201d huzalos kondenz\u00e1tor \u00e9s a nagy hat\u00e9konys\u00e1g\u00fa alkatr\u00e9szek kiv\u00e1l\u00f3 hat\u00e9konys\u00e1got garant\u00e1lnak.&#8221;][\/vc_column][\/vc_row][vc_row full_width=&#8221;electroluxpro-full-width-no-padding&#8221;][vc_column][elx_promo_download_leaflet bg_row=&#8221;bg-light-grey&#8221; style_image=&#8221;image_square&#8221; title=&#8221;T\u00f6ltse le a prom\u00f3ci\u00f3s sz\u00f3r\u00f3lapot<br \/>\ntov\u00e1bbi inform\u00e1ci\u00f3k\u00e9rt&#8221; single_image=&#8221;10403&#8243; link_download=&#8221;url:https%3A%2F%2Fwww.electroluxprofessional.com%2Fhu%2Fwp-content%2Fuploads%2F2026%2F03%2FRefrigeration-promotion-leaflet-2026-HU-20260223.pdf|title:PDF%20LET%C3%96LT%C3%89SE|target:_blank&#8221;]A sz\u00f3r\u00f3lap tartalmazza az akci\u00f3 r\u00e9szleteit, ismerteti a teljes aj\u00e1nlatot \u00e9s a kapcsol\u00f3d\u00f3 el\u0151ny\u00f6ket.[\/elx_promo_download_leaflet][vc_empty_space][\/vc_column][\/vc_row][vc_row full_width=&#8221;electroluxpro-full-width-no-padding&#8221; el_id=&#8221;product&#8221;][vc_column][elx_promo_products_showcase order_col1=&#8221;1&#8243; image_col1=&#8221;8556&#8243; order_col2=&#8221;2&#8243; image_col2=&#8221;8559&#8243; order_col3=&#8221;3&#8243; bg_color=&#8221;bg-light-grey&#8221; title=&#8221;Speci\u00e1lis \u00e1r \u00e9s gyors sz\u00e1ll\u00edt\u00e1s csak \u00d6nnek&#8221; title_col1=&#8221;Digit\u00e1lis<br \/>\nh\u0171t\u0151szekr\u00e9ny, 670 l&#8221; prodcode_col1=&#8221;725377&#8243; price_col1=&#8221;628.000 Ft.&#8221; link_col1=&#8221;url:https%3A%2F%2Ftools.electroluxprofessional.com%2FMirror%2FDoc%2FMAD2%2FElectrolux%2520Professional%2FHungarian%2F725377_1%2520ajt%25C3%25B3s%2520digit%25C3%25A1lis%2520rm%2520ac%25C3%25A9l%2520h%25C5%25B1t%25C5%2591szekr%25C3%25A9ny%2C%2520670lt%2520(-2_%2B10)%2520R290_Hungarian.pdf%3Fversion%3D1748167745|title:L%C3%A1sd%20a%20m%C5%B1szaki%20adatlapot|target:_blank&#8221; title_col2=&#8221;Digit\u00e1lis<br \/>\nfagyaszt\u00f3szekr\u00e9ny,<br \/>\n670 l&#8221; prodcode_col2=&#8221;725378&#8243; price_col2=&#8221;756.000 Ft.&#8221; link_col2=&#8221;url:https%3A%2F%2Ftools.electroluxprofessional.com%2FMirror%2FDoc%2FMAD2%2FElectrolux%2520Professional%2FHungarian%2F725378_1%2520ajt%25C3%25B3s%2520digit%25C3%25A1lis%2520rm.ac%25C3%25A9l%2520fagyaszt%25C3%25B3szekr%25C3%25A9ny%2C%2520670lt%2520(-22_-15%2520%25C2%25B0C)%2520R290%2520EE%2520ONLY_Hungarian.pdf%3Fversion%3D1748167811|title:L%C3%A1sd%20a%20m%C5%B1szaki%20adatlapot|target:_blank&#8221; link_col3=&#8221;url:https%3A%2F%2Ftools.electroluxprofessional.com%2FMirror%2FDoc%2FMAD2%2FElectrolux%2520Professional%2FEnglish%2F725367_1%2520Door%2520Digital%2520Refrigerator%2C%2520670lt%2520(-2_%2B10)%2520R290%2520EE%2520ONLY.pdf%3Fversion%3D1709737377|title:View%20Product%20Data%20Sheet|target:_blank&#8221;][elx_promo_products_showcase order_col1=&#8221;2&#8243; image_col1=&#8221;8557&#8243; order_col2=&#8221;1&#8243; image_col2=&#8221;8560&#8243; order_col3=&#8221;3&#8243; bg_color=&#8221;bg-light-grey&#8221; title_col1=&#8221;Digit\u00e1lis<br \/>\nfagyaszt\u00f3szekr\u00e9ny, 670 l&#8221; prodcode_col1=&#8221;725376&#8243; price_col1=&#8221;840.000 Ft.&#8221; link_col1=&#8221;url:https%3A%2F%2Ftools.electroluxprofessional.com%2FMirror%2FDoc%2FMAD2%2FElectrolux%2520Professional%2FHungarian%2F725376_1%2520ajt%25C3%25B3s%2520digit%25C3%25A1lis%2520fagyaszt%25C3%25B3szekr%25C3%25A9ny%2520670lt%2520(-22_-15)%2C%2520AISI%2520304%2520(R290)%2520EE%2520ONLY_Hungarian.pdf%3Fversion%3D1748167867|title:L%C3%A1sd%20a%20m%C5%B1szaki%20adatlapot|target:_blank&#8221; title_col2=&#8221;Digit\u00e1lis<br \/>\nh\u0171t\u0151szekr\u00e9ny, 670 l&#8221; prodcode_col2=&#8221;725367&#8243; price_col2=&#8221;704.000 Ft.&#8221; link_col2=&#8221;url:https%3A%2F%2Ftools.electroluxprofessional.com%2FMirror%2FDoc%2FMAD2%2FElectrolux%2520Professional%2FHungarian%2F725367_1%2520ajt%25C3%25B3s%2520digit%25C3%25A1lis%2520h%25C5%25B1t%25C5%2591szekr%25C3%25A9ny%2C%2520670lt%2520(-2_%2B10)%2520R290%2520EE%2520ONLY_Hungarian.pdf%3Fversion%3D1748167905|title:L%C3%A1sd%20a%20m%C5%B1szaki%20adatlapot|target:_blank&#8221;][\/vc_column][\/vc_row][vc_row full_width=&#8221;electroluxpro-full-width-no-padding&#8221;][vc_column][vc_empty_space][elx_promo_why_2_3_columns_texts_icons bgcolor=&#8221;bg-row-light-blue&#8221; colnumber=&#8221;3&#8243; title=&#8221;Mi\u00e9rt v\u00e1lassza az Electrolux Professionalt?&#8221; col1_icon=&#8221;elx-icon icon-circle-checkmark-blue&#8221; col1_title=&#8221;Essentia \u00dcgyf\u00e9lszolg\u00e1lat&#8221; col1_text=&#8221;Elk\u00f6telezetts\u00e9g\u00fcnk a szolg\u00e1ltat\u00e1s ir\u00e1nt az \u00d6n komparat\u00edv el\u0151ny\u00e9nek kulcsa.&#8221; col2_icon=&#8221;elx-icon icon-circle-checkmark-blue&#8221; col2_title=&#8221;Tartoz\u00e9kok \u00e9s fogy\u00f3eszk\u00f6z\u00f6k&#8221; col2_text=&#8221;Sz\u00e1m\u00edtson az eredeti tartoz\u00e9kok \u00e9s fogy\u00f3eszk\u00f6z\u00f6k gyors kisz\u00e1ll\u00edt\u00e1s\u00e1ra \u2013 a tart\u00f3ss\u00e1g, a hat\u00e9konys\u00e1g \u00e9s a felhaszn\u00e1l\u00f3i biztons\u00e1g \u00e9rdek\u00e9ben.&#8221; col3_icon=&#8221;elx-icon icon-circle-checkmark-blue&#8221; col3_title=&#8221;Alkatr\u00e9szek&#8221; col3_text=&#8221;55 000 alkatr\u00e9sz rakt\u00e1ron, a gy\u00e1rt\u00e1s befejez\u00e9s\u00e9t\u0151l sz\u00e1m\u00edtott legal\u00e1bb 10 \u00e9vig el\u00e9rhet\u0151. 24-48 \u00f3r\u00e1n bel\u00fcl alkatr\u00e9szeket sz\u00e1ll\u00edtunk a vil\u00e1g b\u00e1rmely pontj\u00e1ra.&#8221;][\/vc_column][\/vc_row][vc_row el_id=&#8221;promo-contactus&#8221;][vc_column][vc_empty_space][elx_o2000_contact_us s=&#8221;Kapcsolatfelv\u00e9teli k\u00e9relem a weboldalr\u00f3l&#8221; request_type=&#8221;&#8221; country=&#8221;Hungary&#8221; b=&#8221;food&#8221; promo_mode=&#8221;true&#8221; bgcolorcontact=&#8221;bg-light-grey&#8221; r=&#8221;T\u00f6bbet szeretn\u00e9k megtudni a h\u0171t\u0151berendez\u00e9sek prom\u00f3ci\u00f3j\u00e1r\u00f3l. K\u00e9rlek, vedd fel velem a kapcsolatot.&#8221; title_promo=&#8221;L\u00e9pjen kapcsolatba vel\u00fcnk, \u00e9s haszn\u00e1lja ki ezt a k\u00fcl\u00f6nleges aj\u00e1nlatot&#8221;][\/vc_column][\/vc_row][vc_row full_width=&#8221;electroluxpro-full-width-no-padding&#8221;][vc_column][vc_empty_space height=&#8221;40px&#8221;][elx_promo_other_promotions order_col1=&#8221;1&#8243; image_col1=&#8221;8558&#8243; order_col2=&#8221;2&#8243; image_col2=&#8221;8561&#8243; order_col3=&#8221;3&#8243; image_col3=&#8221;8562&#8243; order_col4=&#8221;4&#8243; bg_row=&#8221;bg-row-light-blue&#8221; title_col1=&#8221;Mosogat\u00e1s&#8221; link_col1=&#8221;url:https%3A%2F%2Fwww.electroluxprofessional.com%2Fhu%2Fmosogatasi-promocio-2026%2F|title:Tudj%20meg%20t%C3%B6bbet&#8221; title_col2=&#8221;F\u0151z\u0151berendez\u00e9sek&#8221; link_col2=&#8221;url:https%3A%2F%2Fwww.electroluxprofessional.com%2Fhu%2Fmodul-fozoberendezesek-promocio-2026|title:Tudj%20meg%20t%C3%B6bbet&#8221; title_col3=&#8221;Cook&amp;Chill&#8221; link_col3=&#8221;url:https%3A%2F%2Fwww.electroluxprofessional.com%2Fhu%2Fcookchill-promocio-2026%2F|title:Tudj%20meg%20t%C3%B6bbet&#8221; title=&#8221;Egy\u00e9b prom\u00f3ci\u00f3k&#8221;][vc_empty_space height=&#8221;40px&#8221;][\/vc_column][\/vc_row]<\/p>\n","protected":false},"excerpt":{"rendered":"<p>[vc_row full_width=&#8221;electroluxpro-full-width-no-padding&#8221;][vc_column][elx_promo_top_banner title=&#8221;Hat\u00e9konys\u00e1g, teljes\u00edtm\u00e9ny \u00e9s megtakar\u00edt\u00e1s az ecostore R290-nel&#8221; carousel=&#8221;%5B%7B%22title_carousel%22%3A%22H%C5%B1t%C5%91szekr%C3%A9nyek%20%C3%A9s%20fagyaszt%C3%B3k%20ecostore%20R290%22%2C%22text_carousel%22%3A%22V%C3%A1lasszon%20Electrolux%20Professional%20berendez%C3%A9seket%20akci%C3%B3s%20%C3%A1ron.%5Cn%3Cbr%3E%3Cb%3EA%20prom%C3%B3ci%C3%B3%202026.%20febru%C3%A1r%2015.-t%C5%91l%202026.%20j%C3%BAnius%2030.-ig%2C%5Cnvagy%20a%20rakt%C3%A1rk%C3%A9szlet%20erej%C3%A9ig%20%C3%A9rv%C3%A9nyes.%3C%2Fb%3E%5Cn%3Cbr%3EA%20prom%C3%B3ci%C3%B3s%20k%C3%B3dok%20rendel%C3%A9seit%20legk%C3%A9s%C5%91bb%202026.%20j%C3%BAlius%2031.-ig%20ki%20kell%20sz%C3%A1ll%C3%ADtani.%5Cn%3Cbr%3E%5Cn%3Cbr%3E*tekintse%20meg%20a%20%3Ca%20href%3Dhttps%3A%2F%2Fwww.electroluxprofessional.com%2Fhu%2Fwp-content%2Fuploads%2F2026%2F03%2FElectrolux-Professional-Terms-and-conditions_HU_final-2026.pdf%3E%5Cn%3Cb%3E%C3%81ltal%C3%A1nos%20Szerz%C5%91d%C3%A9si%20Felt%C3%A9teleket%3C%2Fb%3E%3C%2Fa%3E%22%2C%22image_carousel%22%3A%228560%22%2C%22link_carousel%22%3A%22url%3Ahttps%253A%252F%252Fwww.electroluxprofessional.com%252Fhu%252Fertekesitesi-es-szerviz-lokator%252F%7Ctitle%3AKAPCSOLAT%2520%25C3%2589S%2520RENDELJEN%2520M%25C3%2589G%2520MA%22%2C%22select_type%22%3A%22link%22%7D%5D&#8221;][vc_empty_space][\/vc_column][\/vc_row][vc_row full_width=&#8221;electroluxpro-full-width-no-padding&#8221;][vc_column][elx_promo_2_3_columns_and_icons bgcolor=&#8221;bg-row-light-blue&#8221; colnumber=&#8221;3&#8243; title=&#8221;ecostore \u2013 a helyes v\u00e1laszt\u00e1s&#8221; col1_icon=&#8221;elx-icon icon-circle-capacity-blue&#8221; col1_title=&#8221;Nagyobb kapacit\u00e1s&#8221; col1_text=&#8221;Az Ecostore h\u0171t\u0151szekr\u00e9nyek \u00e1tlagosan 50 literrel nagyobb \u0171rtartalm\u00faak, mint a piacon kaphat\u00f3 hasonl\u00f3 modellek.&#8221; col2_icon=&#8221;elx-icon icon-circle-easy-blue&#8221; col2_title=&#8221;K\u00f6nny\u0171 tiszt\u00edt\u00e1s&#8221; col2_text=&#8221;A k\u00e9sz\u00fcl\u00e9k belseje lekerek\u00edtett \u00e9lekkel \u00e9s k\u00f6nnyen kivehet\u0151 polcokkal \u00e9s polcvezet\u0151 s\u00ednekkel rendelkezik.&#8221; col3_icon=&#8221;elx-icon icon-savings-energy&#8221; [&hellip;]<\/p>\n","protected":false},"author":53,"featured_media":0,"parent":0,"menu_order":0,"comment_status":"closed","ping_status":"closed","template":"template-promo.php","meta":{"footnotes":""},"class_list":["post-10400","page","type-page","status-publish","hentry"],"yoast_head":"<!-- This site is optimized with the Yoast SEO plugin v23.3 - https:\/\/yoast.com\/wordpress\/plugins\/seo\/ -->\n<title>H\u0171t\u0151berendez\u00e9sek prom\u00f3ci\u00f3 - Electrolux Professional Magyarorsz\u00e1g<\/title>\n<meta name=\"robots\" content=\"noindex, nofollow\" \/>\n<meta property=\"og:locale\" content=\"hu_HU\" \/>\n<meta property=\"og:type\" content=\"article\" \/>\n<meta property=\"og:title\" content=\"H\u0171t\u0151berendez\u00e9sek prom\u00f3ci\u00f3 - Electrolux Professional Magyarorsz\u00e1g\" \/>\n<meta property=\"og:description\" content=\"[vc_row full_width=&#8221;electroluxpro-full-width-no-padding&#8221;][vc_column][elx_promo_top_banner title=&#8221;Hat\u00e9konys\u00e1g, teljes\u00edtm\u00e9ny \u00e9s megtakar\u00edt\u00e1s az ecostore R290-nel&#8221; carousel=&#8221;%5B%7B%22title_carousel%22%3A%22H%C5%B1t%C5%91szekr%C3%A9nyek%20%C3%A9s%20fagyaszt%C3%B3k%20ecostore%20R290%22%2C%22text_carousel%22%3A%22V%C3%A1lasszon%20Electrolux%20Professional%20berendez%C3%A9seket%20akci%C3%B3s%20%C3%A1ron.%5Cn%3Cbr%3E%3Cb%3EA%20prom%C3%B3ci%C3%B3%202026.%20febru%C3%A1r%2015.-t%C5%91l%202026.%20j%C3%BAnius%2030.-ig%2C%5Cnvagy%20a%20rakt%C3%A1rk%C3%A9szlet%20erej%C3%A9ig%20%C3%A9rv%C3%A9nyes.%3C%2Fb%3E%5Cn%3Cbr%3EA%20prom%C3%B3ci%C3%B3s%20k%C3%B3dok%20rendel%C3%A9seit%20legk%C3%A9s%C5%91bb%202026.%20j%C3%BAlius%2031.-ig%20ki%20kell%20sz%C3%A1ll%C3%ADtani.%5Cn%3Cbr%3E%5Cn%3Cbr%3E*tekintse%20meg%20a%20%3Ca%20href%3Dhttps%3A%2F%2Fwww.electroluxprofessional.com%2Fhu%2Fwp-content%2Fuploads%2F2026%2F03%2FElectrolux-Professional-Terms-and-conditions_HU_final-2026.pdf%3E%5Cn%3Cb%3E%C3%81ltal%C3%A1nos%20Szerz%C5%91d%C3%A9si%20Felt%C3%A9teleket%3C%2Fb%3E%3C%2Fa%3E%22%2C%22image_carousel%22%3A%228560%22%2C%22link_carousel%22%3A%22url%3Ahttps%253A%252F%252Fwww.electroluxprofessional.com%252Fhu%252Fertekesitesi-es-szerviz-lokator%252F%7Ctitle%3AKAPCSOLAT%2520%25C3%2589S%2520RENDELJEN%2520M%25C3%2589G%2520MA%22%2C%22select_type%22%3A%22link%22%7D%5D&#8221;][vc_empty_space][\/vc_column][\/vc_row][vc_row full_width=&#8221;electroluxpro-full-width-no-padding&#8221;][vc_column][elx_promo_2_3_columns_and_icons bgcolor=&#8221;bg-row-light-blue&#8221; colnumber=&#8221;3&#8243; title=&#8221;ecostore \u2013 a helyes v\u00e1laszt\u00e1s&#8221; col1_icon=&#8221;elx-icon icon-circle-capacity-blue&#8221; col1_title=&#8221;Nagyobb kapacit\u00e1s&#8221; col1_text=&#8221;Az Ecostore h\u0171t\u0151szekr\u00e9nyek \u00e1tlagosan 50 literrel nagyobb \u0171rtartalm\u00faak, mint a piacon kaphat\u00f3 hasonl\u00f3 modellek.&#8221; col2_icon=&#8221;elx-icon icon-circle-easy-blue&#8221; col2_title=&#8221;K\u00f6nny\u0171 tiszt\u00edt\u00e1s&#8221; col2_text=&#8221;A k\u00e9sz\u00fcl\u00e9k belseje lekerek\u00edtett \u00e9lekkel \u00e9s k\u00f6nnyen kivehet\u0151 polcokkal \u00e9s polcvezet\u0151 s\u00ednekkel rendelkezik.&#8221; col3_icon=&#8221;elx-icon icon-savings-energy&#8221; [&hellip;]\" \/>\n<meta property=\"og:url\" content=\"https:\/\/www.electroluxprofessional.com\/hu\/hutoberendezesek-promocio-2026\/\" \/>\n<meta property=\"og:site_name\" content=\"Electrolux Professional Magyarorsz\u00e1g\" \/>\n<meta property=\"article:modified_time\" content=\"2026-04-09T08:49:48+00:00\" \/>\n<meta name=\"twitter:card\" content=\"summary_large_image\" \/>\n<meta name=\"twitter:label1\" content=\"Becs\u00fclt olvas\u00e1si id\u0151\" \/>\n\t<meta name=\"twitter:data1\" content=\"2 perc\" \/>\n<script type=\"application\/ld+json\" class=\"yoast-schema-graph\">{\"@context\":\"https:\/\/schema.org\",\"@graph\":[{\"@type\":\"WebPage\",\"@id\":\"https:\/\/www.electroluxprofessional.com\/hu\/hutoberendezesek-promocio-2026\/\",\"url\":\"https:\/\/www.electroluxprofessional.com\/hu\/hutoberendezesek-promocio-2026\/\",\"name\":\"H\u0171t\u0151berendez\u00e9sek prom\u00f3ci\u00f3 - Electrolux Professional Magyarorsz\u00e1g\",\"isPartOf\":{\"@id\":\"https:\/\/www.electroluxprofessional.com\/hu\/#website\"},\"datePublished\":\"2026-04-02T09:35:48+00:00\",\"dateModified\":\"2026-04-09T08:49:48+00:00\",\"breadcrumb\":{\"@id\":\"https:\/\/www.electroluxprofessional.com\/hu\/hutoberendezesek-promocio-2026\/#breadcrumb\"},\"inLanguage\":\"hu\",\"potentialAction\":[{\"@type\":\"ReadAction\",\"target\":[\"https:\/\/www.electroluxprofessional.com\/hu\/hutoberendezesek-promocio-2026\/\"]}]},{\"@type\":\"BreadcrumbList\",\"@id\":\"https:\/\/www.electroluxprofessional.com\/hu\/hutoberendezesek-promocio-2026\/#breadcrumb\",\"itemListElement\":[{\"@type\":\"ListItem\",\"position\":1,\"name\":\"Home\",\"item\":\"https:\/\/www.electroluxprofessional.com\/hu\/\"},{\"@type\":\"ListItem\",\"position\":2,\"name\":\"H\u0171t\u0151berendez\u00e9sek prom\u00f3ci\u00f3\"}]},{\"@type\":\"WebSite\",\"@id\":\"https:\/\/www.electroluxprofessional.com\/hu\/#website\",\"url\":\"https:\/\/www.electroluxprofessional.com\/hu\/\",\"name\":\"Electrolux Professional Magyarorsz\u00e1g\",\"description\":\"\",\"potentialAction\":[{\"@type\":\"SearchAction\",\"target\":{\"@type\":\"EntryPoint\",\"urlTemplate\":\"https:\/\/www.electroluxprofessional.com\/hu\/?src={search_term_string}\"},\"query-input\":\"required name=search_term_string\"}],\"inLanguage\":\"hu\"}]}<\/script>\n<!-- \/ Yoast SEO plugin. -->","yoast_head_json":{"title":"H\u0171t\u0151berendez\u00e9sek prom\u00f3ci\u00f3 - Electrolux Professional Magyarorsz\u00e1g","robots":{"index":"noindex","follow":"nofollow"},"og_locale":"hu_HU","og_type":"article","og_title":"H\u0171t\u0151berendez\u00e9sek prom\u00f3ci\u00f3 - Electrolux Professional Magyarorsz\u00e1g","og_description":"[vc_row full_width=&#8221;electroluxpro-full-width-no-padding&#8221;][vc_column][elx_promo_top_banner title=&#8221;Hat\u00e9konys\u00e1g, teljes\u00edtm\u00e9ny \u00e9s megtakar\u00edt\u00e1s az ecostore R290-nel&#8221; carousel=&#8221;%5B%7B%22title_carousel%22%3A%22H%C5%B1t%C5%91szekr%C3%A9nyek%20%C3%A9s%20fagyaszt%C3%B3k%20ecostore%20R290%22%2C%22text_carousel%22%3A%22V%C3%A1lasszon%20Electrolux%20Professional%20berendez%C3%A9seket%20akci%C3%B3s%20%C3%A1ron.%5Cn%3Cbr%3E%3Cb%3EA%20prom%C3%B3ci%C3%B3%202026.%20febru%C3%A1r%2015.-t%C5%91l%202026.%20j%C3%BAnius%2030.-ig%2C%5Cnvagy%20a%20rakt%C3%A1rk%C3%A9szlet%20erej%C3%A9ig%20%C3%A9rv%C3%A9nyes.%3C%2Fb%3E%5Cn%3Cbr%3EA%20prom%C3%B3ci%C3%B3s%20k%C3%B3dok%20rendel%C3%A9seit%20legk%C3%A9s%C5%91bb%202026.%20j%C3%BAlius%2031.-ig%20ki%20kell%20sz%C3%A1ll%C3%ADtani.%5Cn%3Cbr%3E%5Cn%3Cbr%3E*tekintse%20meg%20a%20%3Ca%20href%3Dhttps%3A%2F%2Fwww.electroluxprofessional.com%2Fhu%2Fwp-content%2Fuploads%2F2026%2F03%2FElectrolux-Professional-Terms-and-conditions_HU_final-2026.pdf%3E%5Cn%3Cb%3E%C3%81ltal%C3%A1nos%20Szerz%C5%91d%C3%A9si%20Felt%C3%A9teleket%3C%2Fb%3E%3C%2Fa%3E%22%2C%22image_carousel%22%3A%228560%22%2C%22link_carousel%22%3A%22url%3Ahttps%253A%252F%252Fwww.electroluxprofessional.com%252Fhu%252Fertekesitesi-es-szerviz-lokator%252F%7Ctitle%3AKAPCSOLAT%2520%25C3%2589S%2520RENDELJEN%2520M%25C3%2589G%2520MA%22%2C%22select_type%22%3A%22link%22%7D%5D&#8221;][vc_empty_space][\/vc_column][\/vc_row][vc_row full_width=&#8221;electroluxpro-full-width-no-padding&#8221;][vc_column][elx_promo_2_3_columns_and_icons bgcolor=&#8221;bg-row-light-blue&#8221; colnumber=&#8221;3&#8243; title=&#8221;ecostore \u2013 a helyes v\u00e1laszt\u00e1s&#8221; col1_icon=&#8221;elx-icon icon-circle-capacity-blue&#8221; col1_title=&#8221;Nagyobb kapacit\u00e1s&#8221; col1_text=&#8221;Az Ecostore h\u0171t\u0151szekr\u00e9nyek \u00e1tlagosan 50 literrel nagyobb \u0171rtartalm\u00faak, mint a piacon kaphat\u00f3 hasonl\u00f3 modellek.&#8221; col2_icon=&#8221;elx-icon icon-circle-easy-blue&#8221; col2_title=&#8221;K\u00f6nny\u0171 tiszt\u00edt\u00e1s&#8221; col2_text=&#8221;A k\u00e9sz\u00fcl\u00e9k belseje lekerek\u00edtett \u00e9lekkel \u00e9s k\u00f6nnyen kivehet\u0151 polcokkal \u00e9s polcvezet\u0151 s\u00ednekkel rendelkezik.&#8221; col3_icon=&#8221;elx-icon icon-savings-energy&#8221; [&hellip;]","og_url":"https:\/\/www.electroluxprofessional.com\/hu\/hutoberendezesek-promocio-2026\/","og_site_name":"Electrolux Professional Magyarorsz\u00e1g","article_modified_time":"2026-04-09T08:49:48+00:00","twitter_card":"summary_large_image","twitter_misc":{"Becs\u00fclt olvas\u00e1si id\u0151":"2 perc"},"schema":{"@context":"https:\/\/schema.org","@graph":[{"@type":"WebPage","@id":"https:\/\/www.electroluxprofessional.com\/hu\/hutoberendezesek-promocio-2026\/","url":"https:\/\/www.electroluxprofessional.com\/hu\/hutoberendezesek-promocio-2026\/","name":"H\u0171t\u0151berendez\u00e9sek prom\u00f3ci\u00f3 - Electrolux Professional Magyarorsz\u00e1g","isPartOf":{"@id":"https:\/\/www.electroluxprofessional.com\/hu\/#website"},"datePublished":"2026-04-02T09:35:48+00:00","dateModified":"2026-04-09T08:49:48+00:00","breadcrumb":{"@id":"https:\/\/www.electroluxprofessional.com\/hu\/hutoberendezesek-promocio-2026\/#breadcrumb"},"inLanguage":"hu","potentialAction":[{"@type":"ReadAction","target":["https:\/\/www.electroluxprofessional.com\/hu\/hutoberendezesek-promocio-2026\/"]}]},{"@type":"BreadcrumbList","@id":"https:\/\/www.electroluxprofessional.com\/hu\/hutoberendezesek-promocio-2026\/#breadcrumb","itemListElement":[{"@type":"ListItem","position":1,"name":"Home","item":"https:\/\/www.electroluxprofessional.com\/hu\/"},{"@type":"ListItem","position":2,"name":"H\u0171t\u0151berendez\u00e9sek prom\u00f3ci\u00f3"}]},{"@type":"WebSite","@id":"https:\/\/www.electroluxprofessional.com\/hu\/#website","url":"https:\/\/www.electroluxprofessional.com\/hu\/","name":"Electrolux Professional Magyarorsz\u00e1g","description":"","potentialAction":[{"@type":"SearchAction","target":{"@type":"EntryPoint","urlTemplate":"https:\/\/www.electroluxprofessional.com\/hu\/?src={search_term_string}"},"query-input":"required name=search_term_string"}],"inLanguage":"hu"}]}},"_links":{"self":[{"href":"https:\/\/www.electroluxprofessional.com\/hu\/wp-json\/wp\/v2\/pages\/10400"}],"collection":[{"href":"https:\/\/www.electroluxprofessional.com\/hu\/wp-json\/wp\/v2\/pages"}],"about":[{"href":"https:\/\/www.electroluxprofessional.com\/hu\/wp-json\/wp\/v2\/types\/page"}],"author":[{"embeddable":true,"href":"https:\/\/www.electroluxprofessional.com\/hu\/wp-json\/wp\/v2\/users\/53"}],"replies":[{"embeddable":true,"href":"https:\/\/www.electroluxprofessional.com\/hu\/wp-json\/wp\/v2\/comments?post=10400"}],"version-history":[{"count":8,"href":"https:\/\/www.electroluxprofessional.com\/hu\/wp-json\/wp\/v2\/pages\/10400\/revisions"}],"predecessor-version":[{"id":10534,"href":"https:\/\/www.electroluxprofessional.com\/hu\/wp-json\/wp\/v2\/pages\/10400\/revisions\/10534"}],"wp:attachment":[{"href":"https:\/\/www.electroluxprofessional.com\/hu\/wp-json\/wp\/v2\/media?parent=10400"}],"curies":[{"name":"wp","href":"https:\/\/api.w.org\/{rel}","templated":true}]}}