{"id":10027,"date":"2026-02-23T16:07:06","date_gmt":"2026-02-23T16:07:06","guid":{"rendered":"https:\/\/www.electroluxprofessional.com\/hu\/?page_id=10027"},"modified":"2026-04-15T18:28:48","modified_gmt":"2026-04-15T18:28:48","slug":"fenntarthatosagi-minositesek-es-tanusitvanyok","status":"publish","type":"page","link":"https:\/\/www.electroluxprofessional.com\/hu\/fenntarthatosagi-minositesek-es-tanusitvanyok\/","title":{"rendered":"Fenntarthat\u00f3s\u00e1gi min\u0151s\u00edt\u00e9sek \u00e9s tan\u00fas\u00edtv\u00e1nyok"},"content":{"rendered":"<p>[vc_row full_width=&#8221;electroluxpro-full-width-no-padding&#8221;][vc_column][elx_image_block background_image=&#8221;10025&#8243; minimum_height=&#8221;400px&#8221;][\/vc_column][\/vc_row][vc_row][vc_column][vc_row_inner][vc_column_inner offset=&#8221;vc_hidden-sm vc_hidden-xs&#8221;][vc_empty_space height=&#8221;80px&#8221;][\/vc_column_inner][\/vc_row_inner][vc_row_inner][vc_column_inner offset=&#8221;vc_hidden-lg vc_hidden-md&#8221;][vc_empty_space][\/vc_column_inner][\/vc_row_inner][elx_heading font_container=&#8221;h1&#8243; text_color=&#8221;electrolux-blue&#8221; text_align=&#8221;text-center&#8221;]Fenntarthat\u00f3s\u00e1gi min\u0151s\u00edt\u00e9sek \u00e9s tan\u00fas\u00edtv\u00e1nyok[\/elx_heading][vc_empty_space height=&#8221;14px&#8221;][vc_column_text]<\/p>\n<p style=\"text-align: center;\">Elk\u00f6telezetts\u00e9g\u00fcnket a fenntarthat\u00f3 j\u00f6v\u0151 ir\u00e1nt k\u00f6rnyezeti \u00e1tl\u00e1that\u00f3s\u00e1gon kereszt\u00fcl er\u0151s\u00edtj\u00fck.<\/p>\n<p>[\/vc_column_text][vc_row_inner][vc_column_inner offset=&#8221;vc_hidden-sm vc_hidden-xs&#8221;][vc_empty_space height=&#8221;80px&#8221;][\/vc_column_inner][\/vc_row_inner][vc_row_inner][vc_column_inner offset=&#8221;vc_hidden-lg vc_hidden-md&#8221;][vc_empty_space][\/vc_column_inner][\/vc_row_inner][\/vc_column][\/vc_row][vc_row css=&#8221;.vc_custom_1758284570657{background-color: #F5F5F5 !important;}&#8221;][vc_column][vc_empty_space height=&#8221;50px&#8221;][\/vc_column][\/vc_row][vc_row equal_height=&#8221;yes&#8221; css=&#8221;.vc_custom_1758802186212{background-color: #F5F5F5 !important;}&#8221;][vc_column width=&#8221;3\/5&#8243; el_class=&#8221;align-vertical-center&#8221;][elx_heading font_size=&#8221;h4&#8243; text_color=&#8221;electrolux-blue&#8221; text_align=&#8221;text-left&#8221;]2025-ben b\u00fcszk\u00e9k vagyunk arra, hogy elnyert\u00fck az EcoVadis rangos arany min\u0151s\u00edt\u00e9s\u00e9t a fenntarthat\u00f3s\u00e1g ter\u00e9n, amivel a vil\u00e1gszerte \u00e9rt\u00e9kelt v\u00e1llalatok legjobb 5%-\u00e1ba ker\u00fclt\u00fcnk.[\/elx_heading][vc_row_inner][vc_column_inner offset=&#8221;vc_hidden-lg vc_hidden-md vc_hidden-sm&#8221;][vc_empty_space][\/vc_column_inner][\/vc_row_inner][\/vc_column][vc_column width=&#8221;2\/5&#8243;][vc_single_image image=&#8221;9983&#8243; img_size=&#8221;200&#215;200&#8243; alignment=&#8221;center&#8221;][\/vc_column][\/vc_row][vc_row css=&#8221;.vc_custom_1771583221625{background-color: #f5f5f5 !important;}&#8221;][vc_column][vc_empty_space height=&#8221;50px&#8221;][\/vc_column][\/vc_row][vc_row][vc_column][vc_empty_space height=&#8221;80px&#8221;][\/vc_column][\/vc_row][vc_row css=&#8221;.vc_custom_1758794818846{background-image: url(https:\/\/eprdev.comunicazione21.com\/wp-content\/uploads\/2025\/09\/Screenshot-2025-09-25-115810.jpg?id=56214) !important;background-position: center !important;background-repeat: no-repeat !important;background-size: cover !important;}&#8221;][vc_column][vc_empty_space height=&#8221;64px&#8221;][vc_row_inner][vc_column_inner][vc_column_text]<\/p>\n<p style=\"text-align: center;\"><span style=\"color: #ffffff;\">EDDIG EL\u00c9RTEK<\/span><\/p>\n<p>[\/vc_column_text][vc_empty_space][elx_heading text_color=&#8221;white&#8221; text_align=&#8221;text-center&#8221;]2024-ben 2019 \u00f3ta jelent\u0151s el\u0151rel\u00e9p\u00e9st \u00e9rt\u00fcnk<br \/>\nel a fenntarthat\u00f3s\u00e1g minden ter\u00fclet\u00e9n.<br \/>\n[\/elx_heading][vc_empty_space][\/vc_column_inner][\/vc_row_inner][vc_row_inner][vc_column_inner width=&#8221;1\/3&#8243;][vc_column_text]<\/p>\n<p style=\"font-size: 83px; text-align: center;\"><span style=\"color: #ffffff;\"><strong>-61%<\/strong><\/span><\/p>\n<p>[\/vc_column_text][elx_heading font_container=&#8221;h3&#8243; font_size=&#8221;p&#8221; text_color=&#8221;white&#8221; text_align=&#8221;text-center&#8221;]CO2 1. \u00e9s 2. kateg\u00f3ri\u00e1j\u00fa kibocs\u00e1t\u00e1s[\/elx_heading][vc_empty_space][\/vc_column_inner][vc_column_inner width=&#8221;1\/3&#8243;][vc_column_text]<\/p>\n<p style=\"font-size: 83px; text-align: center;\"><span style=\"color: #ffffff;\"><strong>51%<\/strong><\/span><\/p>\n<p>[\/vc_column_text][elx_heading font_container=&#8221;h3&#8243; font_size=&#8221;p&#8221; text_color=&#8221;white&#8221; text_align=&#8221;text-center&#8221;]Meg\u00fajul\u00f3 energia[\/elx_heading][vc_empty_space][\/vc_column_inner][vc_column_inner width=&#8221;1\/3&#8243;][vc_column_text]<\/p>\n<p style=\"font-size: 83px; text-align: center;\"><span style=\"color: #ffffff;\"><strong>-35%<\/strong><\/span><\/p>\n<p>[\/vc_column_text][elx_heading font_container=&#8221;h3&#8243; font_size=&#8221;p&#8221; text_color=&#8221;white&#8221; text_align=&#8221;text-center&#8221;]CO2 3. kateg\u00f3ri\u00e1j\u00fa kibocs\u00e1t\u00e1s[\/elx_heading][vc_empty_space][\/vc_column_inner][\/vc_row_inner][vc_empty_space height=&#8221;100px&#8221;][\/vc_column][\/vc_row][vc_row][vc_column offset=&#8221;vc_hidden-sm vc_hidden-xs&#8221;][vc_empty_space height=&#8221;80px&#8221;][\/vc_column][\/vc_row][vc_row][vc_column offset=&#8221;vc_hidden-lg vc_hidden-md&#8221;][vc_empty_space][\/vc_column][\/vc_row][vc_row][vc_column][elx_carousel_sust_ratings cards_bg_color=&#8221;card-bg-green&#8221; first_title=&#8221;Kl\u00edmac\u00e9lok&#8221; first_paragraph=&#8221;Az Electrolux Professional Group ipar\u00e1gunk fenntarthat\u00f3s\u00e1gi vezet\u0151je. \u00c1tfog\u00f3 \u00e9s ambici\u00f3zus c\u00e9lunk, hogy 2030-ra kl\u00edmasemlegess\u00e9 v\u00e1ljunk saj\u00e1t m\u0171k\u00f6d\u00e9s\u00fcnkben.&#8221; card_1_image=&#8221;10034&#8243; card_1_title=&#8221;Cs\u00f6kkenteni a CO2 1. \u00e9s 2. k\u00f6r\u00f6s kibocs\u00e1t\u00e1s\u00e1t ipari telephelyeinken 70%-kal, 2019-hez k\u00e9pest&#8221; card_1_number=&#8221;-70%&#8221; card_1_number_text=&#8221;Eddig el\u00e9rt eredm\u00e9ny -61% (2024)&#8221; card_2_image=&#8221;10034&#8243; card_2_title=&#8221;Cs\u00f6kkenteni a 3. k\u00f6r\u00f6s kibocs\u00e1t\u00e1st az eladott term\u00e9kek haszn\u00e1lati f\u00e1zis\u00e1ban&#8221; card_2_number=&#8221;-27,5%&#8221; card_2_number_text=&#8221;C\u00e9l el\u00e9rve 2024-ben&#8221;][vc_empty_space height=&#8221;64px&#8221;][elx_carousel_sust_ratings alignment=&#8221;right&#8221; first_title=&#8221;Emberi c\u00e9lok&#8221; first_paragraph=&#8221;K\u00fcldet\u00e9s\u00fcnk, hogy \u00fcgyfeleink munk\u00e1j\u00e1t k\u00f6nnyebb\u00e9, j\u00f6vedelmez\u0151bb\u00e9 \u00e9s val\u00f3ban fenntarthat\u00f3v\u00e1 tegy\u00fck minden nap. Ezt csak legnagyobb \u00e9rt\u00e9k\u00fcnk\u00f6n \u2013 az embereinken \u2013 kereszt\u00fcl \u00e9rhetj\u00fck el.&#8221; card_1_title=&#8221;Eg\u00e9szs\u00e9g- \u00e9s biztons\u00e1gi c\u00e9l 2025-re&#8221; card_1_number=&#8221;0,3&#8243; card_1_number_text=&#8221;Jelenleg 0,66&#8243; card_2_title=&#8221;Nemek k\u00f6z\u00f6tti soksz\u00edn\u0171s\u00e9gi c\u00e9l 2030-ra&#8221; card_2_number=&#8221;40\/60&#8243; card_2_number_text=&#8221;Jelenleg 28\/72&#8243; card_1_paragraph=&#8221;Munkahelyi balesetek sz\u00e1ma 200 000 munka\u00f3r\u00e1ra vet\u00edtve&#8221; card_2_paragraph=&#8221;F\u00e9rfi\/n\u0151 vagy n\u0151\/f\u00e9rfi ar\u00e1ny&#8221;][\/vc_column][\/vc_row][vc_row][vc_column offset=&#8221;vc_hidden-sm vc_hidden-xs&#8221;][vc_empty_space height=&#8221;80px&#8221;][\/vc_column][\/vc_row][vc_row][vc_column offset=&#8221;vc_hidden-lg vc_hidden-md&#8221;][vc_empty_space][\/vc_column][\/vc_row][vc_row css=&#8221;.vc_custom_1758284570657{background-color: #F5F5F5 !important;}&#8221;][vc_column][vc_empty_space height=&#8221;50px&#8221;][\/vc_column][\/vc_row][vc_row content_placement=&#8221;middle&#8221; css=&#8221;.vc_custom_1758808799747{background-color: #F5F5F5 !important;}&#8221;][vc_column width=&#8221;1\/3&#8243; el_class=&#8221;align-vertical-center&#8221;][vc_row_inner][vc_column_inner][vc_empty_space height=&#8221;42px&#8221;][\/vc_column_inner][\/vc_row_inner][vc_single_image image=&#8221;10026&#8243; img_size=&#8221;400&#215;200&#8243; alignment=&#8221;center&#8221; el_class=&#8221;align-vertical-center&#8221;][\/vc_column][vc_column width=&#8221;2\/3&#8243;][elx_heading text_color=&#8221;electrolux-blue&#8221; text_align=&#8221;text-left&#8221;]Kl\u00edmasemlegess\u00e9g 2030-ra[\/elx_heading][vc_empty_space height=&#8221;16px&#8221;][vc_column_text]\u00c1tfog\u00f3 \u00e9s ambici\u00f3zus c\u00e9lunk, hogy 2030-ra kl\u00edmasemlegess\u00e9 v\u00e1ljunk saj\u00e1t m\u0171k\u00f6d\u00e9s\u00fcnkben.<br \/>\nT\u00e1mogatjuk az ENSZ 2030-as programj\u00e1t \u00e9s a kapcsol\u00f3d\u00f3 Fenntarthat\u00f3 Fejl\u0151d\u00e9si C\u00e9lokat (SDG-k), \u00e9s <strong>elk\u00f6telezt\u00fck magunkat a kl\u00edmasemlegess\u00e9g el\u00e9r\u00e9se mellett 2030-ra<\/strong>.<strong><br \/>\n<\/strong>[\/vc_column_text][vc_empty_space height=&#8221;28px&#8221;][elx_button button_text=&#8221;FENNTARTHAT\u00d3 FEJL\u0150D\u00c9SI C\u00c9LJAINK&#8221; button_display_block=&#8221;display_block_on&#8221; button_alignment_mobile=&#8221;text-left-mobile&#8221; button_link=&#8221;url:https%3A%2F%2Fwww.electroluxprofessionalgroup.com%2Fen%2Fsustainability%2Fsustainable-development-goals%2F|title:FENNTARTHAT%C3%93%20FEJL%C5%90D%C3%89SI%20C%C3%89LJAINK|target:_blank&#8221;][\/vc_column][\/vc_row][vc_row css=&#8221;.vc_custom_1758284570657{background-color: #F5F5F5 !important;}&#8221;][vc_column][vc_empty_space height=&#8221;50px&#8221;][\/vc_column][\/vc_row][vc_row][vc_column][vc_empty_space height=&#8221;80px&#8221;][\/vc_column][\/vc_row][vc_row][vc_column][elx_double_banner_sust tag_title=&#8221;h2&#8243; left_title=&#8221;Fenntarthat\u00f3 \u00e9lelmiszermegold\u00e1sok&#8221; left_link=&#8221;url:https%3A%2F%2Fwww.electroluxprofessional.com%2Fhu%2Ffenntarthato-megoldasok%2Ffenntarthato-elelmiszermegoldasok%2F|title:Tov%C3%A1bbi%20inform%C3%A1ci%C3%B3k&#8221; right_title=&#8221;Fenntarthat\u00f3 mos\u00e1si megold\u00e1sok&#8221; right_link=&#8221;url:https%3A%2F%2Fwww.electroluxprofessional.com%2Fhu%2Ffenntarthato-megoldasok%2Fa-fenntarthato-mosoda-alakitasa%2F|title:Tov%C3%A1bbi%20inform%C3%A1ci%C3%B3k&#8221; left_image_media_library=&#8221;10033&#8243; right_image_media_library=&#8221;10035&#8243;][\/vc_column][\/vc_row][vc_row][vc_column][vc_empty_space height=&#8221;80px&#8221;][\/vc_column][\/vc_row]<\/p>\n","protected":false},"excerpt":{"rendered":"<p>[vc_row full_width=&#8221;electroluxpro-full-width-no-padding&#8221;][vc_column][elx_image_block background_image=&#8221;10025&#8243; minimum_height=&#8221;400px&#8221;][\/vc_column][\/vc_row][vc_row][vc_column][vc_row_inner][vc_column_inner offset=&#8221;vc_hidden-sm vc_hidden-xs&#8221;][vc_empty_space height=&#8221;80px&#8221;][\/vc_column_inner][\/vc_row_inner][vc_row_inner][vc_column_inner offset=&#8221;vc_hidden-lg vc_hidden-md&#8221;][vc_empty_space][\/vc_column_inner][\/vc_row_inner][elx_heading font_container=&#8221;h1&#8243; text_color=&#8221;electrolux-blue&#8221; text_align=&#8221;text-center&#8221;]Fenntarthat\u00f3s\u00e1gi min\u0151s\u00edt\u00e9sek \u00e9s tan\u00fas\u00edtv\u00e1nyok[\/elx_heading][vc_empty_space height=&#8221;14px&#8221;][vc_column_text] Elk\u00f6telezetts\u00e9g\u00fcnket a fenntarthat\u00f3 j\u00f6v\u0151 ir\u00e1nt k\u00f6rnyezeti \u00e1tl\u00e1that\u00f3s\u00e1gon kereszt\u00fcl er\u0151s\u00edtj\u00fck. [\/vc_column_text][vc_row_inner][vc_column_inner offset=&#8221;vc_hidden-sm vc_hidden-xs&#8221;][vc_empty_space height=&#8221;80px&#8221;][\/vc_column_inner][\/vc_row_inner][vc_row_inner][vc_column_inner offset=&#8221;vc_hidden-lg vc_hidden-md&#8221;][vc_empty_space][\/vc_column_inner][\/vc_row_inner][\/vc_column][\/vc_row][vc_row css=&#8221;.vc_custom_1758284570657{background-color: #F5F5F5 !important;}&#8221;][vc_column][vc_empty_space height=&#8221;50px&#8221;][\/vc_column][\/vc_row][vc_row equal_height=&#8221;yes&#8221; css=&#8221;.vc_custom_1758802186212{background-color: #F5F5F5 !important;}&#8221;][vc_column width=&#8221;3\/5&#8243; el_class=&#8221;align-vertical-center&#8221;][elx_heading font_size=&#8221;h4&#8243; text_color=&#8221;electrolux-blue&#8221; text_align=&#8221;text-left&#8221;]2025-ben b\u00fcszk\u00e9k vagyunk arra, hogy elnyert\u00fck az EcoVadis rangos arany min\u0151s\u00edt\u00e9s\u00e9t a [&hellip;]<\/p>\n","protected":false},"author":1,"featured_media":9969,"parent":0,"menu_order":0,"comment_status":"closed","ping_status":"closed","template":"","meta":{"footnotes":""},"class_list":["post-10027","page","type-page","status-publish","has-post-thumbnail","hentry"],"yoast_head":"<!-- This site is optimized with the Yoast SEO plugin v23.3 - https:\/\/yoast.com\/wordpress\/plugins\/seo\/ -->\n<title>Fenntarthat\u00f3s\u00e1gi min\u0151s\u00edt\u00e9sek \u00e9s tan\u00fas\u00edtv\u00e1nyok - Electrolux Professional Magyarorsz\u00e1g<\/title>\n<meta name=\"description\" content=\"Electrolux Professional fenntarthat\u00f3s\u00e1gi min\u0151s\u00edt\u00e9sek \u00e9s tan\u00fas\u00edtv\u00e1nyok. Fedezze fel kl\u00edm\u00e1val kapcsolatos elk\u00f6telezetts\u00e9g\u00fcnket \u00e9s a vezet\u0151 glob\u00e1lis min\u0151s\u00edt\u0151 int\u00e9zetek \u00e1ltal fenntarthat\u00f3s\u00e1gi teljes\u00edtm\u00e9ny\u00fcnk\u00e9rt oda\u00edt\u00e9lt elismer\u00e9seket.\" \/>\n<meta name=\"robots\" content=\"noindex, nofollow\" \/>\n<meta property=\"og:locale\" content=\"hu_HU\" \/>\n<meta property=\"og:type\" content=\"article\" \/>\n<meta property=\"og:title\" content=\"Fenntarthat\u00f3s\u00e1gi min\u0151s\u00edt\u00e9sek \u00e9s tan\u00fas\u00edtv\u00e1nyok - Electrolux Professional Magyarorsz\u00e1g\" \/>\n<meta property=\"og:description\" content=\"Electrolux Professional fenntarthat\u00f3s\u00e1gi min\u0151s\u00edt\u00e9sek \u00e9s tan\u00fas\u00edtv\u00e1nyok. Fedezze fel kl\u00edm\u00e1val kapcsolatos elk\u00f6telezetts\u00e9g\u00fcnket \u00e9s a vezet\u0151 glob\u00e1lis min\u0151s\u00edt\u0151 int\u00e9zetek \u00e1ltal fenntarthat\u00f3s\u00e1gi teljes\u00edtm\u00e9ny\u00fcnk\u00e9rt oda\u00edt\u00e9lt elismer\u00e9seket.\" \/>\n<meta property=\"og:url\" content=\"https:\/\/www.electroluxprofessional.com\/hu\/fenntarthatosagi-minositesek-es-tanusitvanyok\/\" \/>\n<meta property=\"og:site_name\" content=\"Electrolux Professional Magyarorsz\u00e1g\" \/>\n<meta property=\"article:modified_time\" content=\"2026-04-15T18:28:48+00:00\" \/>\n<meta property=\"og:image\" content=\"https:\/\/www.electroluxprofessional.com\/hu\/wp-content\/uploads\/2026\/02\/A-sustainable-approach_1.jpeg\" \/>\n\t<meta property=\"og:image:width\" content=\"577\" \/>\n\t<meta property=\"og:image:height\" content=\"540\" \/>\n\t<meta property=\"og:image:type\" content=\"image\/jpeg\" \/>\n<meta name=\"twitter:card\" content=\"summary_large_image\" \/>\n<meta name=\"twitter:label1\" content=\"Becs\u00fclt olvas\u00e1si id\u0151\" \/>\n\t<meta name=\"twitter:data1\" content=\"2 perc\" \/>\n<script type=\"application\/ld+json\" class=\"yoast-schema-graph\">{\"@context\":\"https:\/\/schema.org\",\"@graph\":[{\"@type\":\"WebPage\",\"@id\":\"https:\/\/www.electroluxprofessional.com\/hu\/fenntarthatosagi-minositesek-es-tanusitvanyok\/\",\"url\":\"https:\/\/www.electroluxprofessional.com\/hu\/fenntarthatosagi-minositesek-es-tanusitvanyok\/\",\"name\":\"Fenntarthat\u00f3s\u00e1gi min\u0151s\u00edt\u00e9sek \u00e9s tan\u00fas\u00edtv\u00e1nyok - Electrolux Professional Magyarorsz\u00e1g\",\"isPartOf\":{\"@id\":\"https:\/\/www.electroluxprofessional.com\/hu\/#website\"},\"primaryImageOfPage\":{\"@id\":\"https:\/\/www.electroluxprofessional.com\/hu\/fenntarthatosagi-minositesek-es-tanusitvanyok\/#primaryimage\"},\"image\":{\"@id\":\"https:\/\/www.electroluxprofessional.com\/hu\/fenntarthatosagi-minositesek-es-tanusitvanyok\/#primaryimage\"},\"thumbnailUrl\":\"https:\/\/www.electroluxprofessional.com\/hu\/wp-content\/uploads\/2026\/02\/A-sustainable-approach_1.jpeg\",\"datePublished\":\"2026-02-23T16:07:06+00:00\",\"dateModified\":\"2026-04-15T18:28:48+00:00\",\"description\":\"Electrolux Professional fenntarthat\u00f3s\u00e1gi min\u0151s\u00edt\u00e9sek \u00e9s tan\u00fas\u00edtv\u00e1nyok. Fedezze fel kl\u00edm\u00e1val kapcsolatos elk\u00f6telezetts\u00e9g\u00fcnket \u00e9s a vezet\u0151 glob\u00e1lis min\u0151s\u00edt\u0151 int\u00e9zetek \u00e1ltal fenntarthat\u00f3s\u00e1gi teljes\u00edtm\u00e9ny\u00fcnk\u00e9rt oda\u00edt\u00e9lt elismer\u00e9seket.\",\"breadcrumb\":{\"@id\":\"https:\/\/www.electroluxprofessional.com\/hu\/fenntarthatosagi-minositesek-es-tanusitvanyok\/#breadcrumb\"},\"inLanguage\":\"hu\",\"potentialAction\":[{\"@type\":\"ReadAction\",\"target\":[\"https:\/\/www.electroluxprofessional.com\/hu\/fenntarthatosagi-minositesek-es-tanusitvanyok\/\"]}]},{\"@type\":\"ImageObject\",\"inLanguage\":\"hu\",\"@id\":\"https:\/\/www.electroluxprofessional.com\/hu\/fenntarthatosagi-minositesek-es-tanusitvanyok\/#primaryimage\",\"url\":\"https:\/\/www.electroluxprofessional.com\/hu\/wp-content\/uploads\/2026\/02\/A-sustainable-approach_1.jpeg\",\"contentUrl\":\"https:\/\/www.electroluxprofessional.com\/hu\/wp-content\/uploads\/2026\/02\/A-sustainable-approach_1.jpeg\",\"width\":577,\"height\":540},{\"@type\":\"BreadcrumbList\",\"@id\":\"https:\/\/www.electroluxprofessional.com\/hu\/fenntarthatosagi-minositesek-es-tanusitvanyok\/#breadcrumb\",\"itemListElement\":[{\"@type\":\"ListItem\",\"position\":1,\"name\":\"Home\",\"item\":\"https:\/\/www.electroluxprofessional.com\/hu\/\"},{\"@type\":\"ListItem\",\"position\":2,\"name\":\"Fenntarthat\u00f3s\u00e1gi min\u0151s\u00edt\u00e9sek \u00e9s tan\u00fas\u00edtv\u00e1nyok\"}]},{\"@type\":\"WebSite\",\"@id\":\"https:\/\/www.electroluxprofessional.com\/hu\/#website\",\"url\":\"https:\/\/www.electroluxprofessional.com\/hu\/\",\"name\":\"Electrolux Professional Magyarorsz\u00e1g\",\"description\":\"\",\"potentialAction\":[{\"@type\":\"SearchAction\",\"target\":{\"@type\":\"EntryPoint\",\"urlTemplate\":\"https:\/\/www.electroluxprofessional.com\/hu\/?src={search_term_string}\"},\"query-input\":\"required name=search_term_string\"}],\"inLanguage\":\"hu\"}]}<\/script>\n<!-- \/ Yoast SEO plugin. -->","yoast_head_json":{"title":"Fenntarthat\u00f3s\u00e1gi min\u0151s\u00edt\u00e9sek \u00e9s tan\u00fas\u00edtv\u00e1nyok - Electrolux Professional Magyarorsz\u00e1g","description":"Electrolux Professional fenntarthat\u00f3s\u00e1gi min\u0151s\u00edt\u00e9sek \u00e9s tan\u00fas\u00edtv\u00e1nyok. Fedezze fel kl\u00edm\u00e1val kapcsolatos elk\u00f6telezetts\u00e9g\u00fcnket \u00e9s a vezet\u0151 glob\u00e1lis min\u0151s\u00edt\u0151 int\u00e9zetek \u00e1ltal fenntarthat\u00f3s\u00e1gi teljes\u00edtm\u00e9ny\u00fcnk\u00e9rt oda\u00edt\u00e9lt elismer\u00e9seket.","robots":{"index":"noindex","follow":"nofollow"},"og_locale":"hu_HU","og_type":"article","og_title":"Fenntarthat\u00f3s\u00e1gi min\u0151s\u00edt\u00e9sek \u00e9s tan\u00fas\u00edtv\u00e1nyok - Electrolux Professional Magyarorsz\u00e1g","og_description":"Electrolux Professional fenntarthat\u00f3s\u00e1gi min\u0151s\u00edt\u00e9sek \u00e9s tan\u00fas\u00edtv\u00e1nyok. Fedezze fel kl\u00edm\u00e1val kapcsolatos elk\u00f6telezetts\u00e9g\u00fcnket \u00e9s a vezet\u0151 glob\u00e1lis min\u0151s\u00edt\u0151 int\u00e9zetek \u00e1ltal fenntarthat\u00f3s\u00e1gi teljes\u00edtm\u00e9ny\u00fcnk\u00e9rt oda\u00edt\u00e9lt elismer\u00e9seket.","og_url":"https:\/\/www.electroluxprofessional.com\/hu\/fenntarthatosagi-minositesek-es-tanusitvanyok\/","og_site_name":"Electrolux Professional Magyarorsz\u00e1g","article_modified_time":"2026-04-15T18:28:48+00:00","og_image":[{"width":577,"height":540,"url":"https:\/\/www.electroluxprofessional.com\/hu\/wp-content\/uploads\/2026\/02\/A-sustainable-approach_1.jpeg","type":"image\/jpeg"}],"twitter_card":"summary_large_image","twitter_misc":{"Becs\u00fclt olvas\u00e1si id\u0151":"2 perc"},"schema":{"@context":"https:\/\/schema.org","@graph":[{"@type":"WebPage","@id":"https:\/\/www.electroluxprofessional.com\/hu\/fenntarthatosagi-minositesek-es-tanusitvanyok\/","url":"https:\/\/www.electroluxprofessional.com\/hu\/fenntarthatosagi-minositesek-es-tanusitvanyok\/","name":"Fenntarthat\u00f3s\u00e1gi min\u0151s\u00edt\u00e9sek \u00e9s tan\u00fas\u00edtv\u00e1nyok - Electrolux Professional Magyarorsz\u00e1g","isPartOf":{"@id":"https:\/\/www.electroluxprofessional.com\/hu\/#website"},"primaryImageOfPage":{"@id":"https:\/\/www.electroluxprofessional.com\/hu\/fenntarthatosagi-minositesek-es-tanusitvanyok\/#primaryimage"},"image":{"@id":"https:\/\/www.electroluxprofessional.com\/hu\/fenntarthatosagi-minositesek-es-tanusitvanyok\/#primaryimage"},"thumbnailUrl":"https:\/\/www.electroluxprofessional.com\/hu\/wp-content\/uploads\/2026\/02\/A-sustainable-approach_1.jpeg","datePublished":"2026-02-23T16:07:06+00:00","dateModified":"2026-04-15T18:28:48+00:00","description":"Electrolux Professional fenntarthat\u00f3s\u00e1gi min\u0151s\u00edt\u00e9sek \u00e9s tan\u00fas\u00edtv\u00e1nyok. Fedezze fel kl\u00edm\u00e1val kapcsolatos elk\u00f6telezetts\u00e9g\u00fcnket \u00e9s a vezet\u0151 glob\u00e1lis min\u0151s\u00edt\u0151 int\u00e9zetek \u00e1ltal fenntarthat\u00f3s\u00e1gi teljes\u00edtm\u00e9ny\u00fcnk\u00e9rt oda\u00edt\u00e9lt elismer\u00e9seket.","breadcrumb":{"@id":"https:\/\/www.electroluxprofessional.com\/hu\/fenntarthatosagi-minositesek-es-tanusitvanyok\/#breadcrumb"},"inLanguage":"hu","potentialAction":[{"@type":"ReadAction","target":["https:\/\/www.electroluxprofessional.com\/hu\/fenntarthatosagi-minositesek-es-tanusitvanyok\/"]}]},{"@type":"ImageObject","inLanguage":"hu","@id":"https:\/\/www.electroluxprofessional.com\/hu\/fenntarthatosagi-minositesek-es-tanusitvanyok\/#primaryimage","url":"https:\/\/www.electroluxprofessional.com\/hu\/wp-content\/uploads\/2026\/02\/A-sustainable-approach_1.jpeg","contentUrl":"https:\/\/www.electroluxprofessional.com\/hu\/wp-content\/uploads\/2026\/02\/A-sustainable-approach_1.jpeg","width":577,"height":540},{"@type":"BreadcrumbList","@id":"https:\/\/www.electroluxprofessional.com\/hu\/fenntarthatosagi-minositesek-es-tanusitvanyok\/#breadcrumb","itemListElement":[{"@type":"ListItem","position":1,"name":"Home","item":"https:\/\/www.electroluxprofessional.com\/hu\/"},{"@type":"ListItem","position":2,"name":"Fenntarthat\u00f3s\u00e1gi min\u0151s\u00edt\u00e9sek \u00e9s tan\u00fas\u00edtv\u00e1nyok"}]},{"@type":"WebSite","@id":"https:\/\/www.electroluxprofessional.com\/hu\/#website","url":"https:\/\/www.electroluxprofessional.com\/hu\/","name":"Electrolux Professional Magyarorsz\u00e1g","description":"","potentialAction":[{"@type":"SearchAction","target":{"@type":"EntryPoint","urlTemplate":"https:\/\/www.electroluxprofessional.com\/hu\/?src={search_term_string}"},"query-input":"required name=search_term_string"}],"inLanguage":"hu"}]}},"_links":{"self":[{"href":"https:\/\/www.electroluxprofessional.com\/hu\/wp-json\/wp\/v2\/pages\/10027"}],"collection":[{"href":"https:\/\/www.electroluxprofessional.com\/hu\/wp-json\/wp\/v2\/pages"}],"about":[{"href":"https:\/\/www.electroluxprofessional.com\/hu\/wp-json\/wp\/v2\/types\/page"}],"author":[{"embeddable":true,"href":"https:\/\/www.electroluxprofessional.com\/hu\/wp-json\/wp\/v2\/users\/1"}],"replies":[{"embeddable":true,"href":"https:\/\/www.electroluxprofessional.com\/hu\/wp-json\/wp\/v2\/comments?post=10027"}],"version-history":[{"count":10,"href":"https:\/\/www.electroluxprofessional.com\/hu\/wp-json\/wp\/v2\/pages\/10027\/revisions"}],"predecessor-version":[{"id":10568,"href":"https:\/\/www.electroluxprofessional.com\/hu\/wp-json\/wp\/v2\/pages\/10027\/revisions\/10568"}],"wp:featuredmedia":[{"embeddable":true,"href":"https:\/\/www.electroluxprofessional.com\/hu\/wp-json\/wp\/v2\/media\/9969"}],"wp:attachment":[{"href":"https:\/\/www.electroluxprofessional.com\/hu\/wp-json\/wp\/v2\/media?parent=10027"}],"curies":[{"name":"wp","href":"https:\/\/api.w.org\/{rel}","templated":true}]}}