{"id":6399,"date":"2020-07-21T11:12:12","date_gmt":"2020-07-21T09:12:12","guid":{"rendered":"https:\/\/www.electroluxprofessional.com\/?page_id=30895"},"modified":"2020-08-11T07:19:44","modified_gmt":"2020-08-11T07:19:44","slug":"ormarici-serenity-najbolji-put-do-sigurne-kupnje","status":"publish","type":"page","link":"https:\/\/www.electroluxprofessional.com\/hr\/praonicka-oprema\/ormarici-serenity-najbolji-put-do-sigurne-kupnje\/","title":{"rendered":"Ormari\u0107i Serenity \u2013 najbolji put do sigurne kupnje"},"content":{"rendered":"<p>[vc_row full_width=&#8221;electroluxpro-full-width-no-padding&#8221;][vc_column][vc_single_image image=&#8221;6389&#8243; img_size=&#8221;full&#8221; alignment=&#8221;center&#8221;][\/vc_column][\/vc_row][vc_row][vc_column][vc_empty_space][elx_heading font_container=&#8221;h1&#8243; text_color=&#8221;inherit&#8221;]Borba protiv nevidljivih neprijatelja[\/elx_heading][vc_column_text]Posljednjih se nekoliko mjeseci suo\u010davamo s nevi\u0111enim izazovima koji su posljedica globalne zdravstvene situacije. Na\u0161 je trenuta\u010dni prioritet vama, va\u0161im kupcima i va\u0161em osoblju pru\u017eiti osje\u0107aj sigurnosti koji proizlazi iz spoznaje da je va\u0161e zdravlje za\u0161ti\u0107eno u svakom trenutku.[\/vc_column_text][vc_empty_space][\/vc_column][\/vc_row][vc_row][vc_column width=&#8221;1\/2&#8243;][vc_empty_space height=&#8221;40px&#8221;][vc_single_image image=&#8221;6390&#8243; img_size=&#8221;full&#8221; alignment=&#8221;center&#8221;][\/vc_column][vc_column width=&#8221;1\/2&#8243;][elx_heading font_size=&#8221;h1&#8243; text_color=&#8221;inherit&#8221;]Odagnajte sve brige<br \/>\nu tren oka s pomo\u0107u pare.[\/elx_heading][elx_heading text_color=&#8221;inherit&#8221;]Dezinficirajte do 30 komada odje\u0107e u manje od 10 minuta uz posve automatski ciklus koji predstavlja spoj visokotla\u010dne pare, temperature i mo\u0107na protoka zraka.[\/elx_heading][vc_column_text]Uz <strong>ormari\u0107 Serenity<\/strong> mo\u017eete se osloniti na u\u010dinkovito rje\u0161enje za smanjenje infektivnosti virusa SARS-CoV-2 za log 6 u samo nekoliko minuta. Va\u0161i kupci mogu u\u017eivati u bezbri\u017enosti dok biraju i isprobavaju sve \u0161to po\u017eele.[\/vc_column_text][vc_empty_space height=&#8221;40px&#8221;][vc_column_text]Smanjenje za log 6 jednako je smanjenju infektivnosti virusa od 99,9999 %. U\u010dinkovitost smanjenja infektivnosti virusa SARS-CoV-2 na tkaninama u ormari\u0107u Serenity potvrdio je \u0160vedski istra\u017eiva\u010dki institut RISE na temelju laboratorijskih podataka tvrtke Electrolux Professional.[\/vc_column_text][vc_empty_space height=&#8221;40px&#8221;][\/vc_column][\/vc_row][vc_row][vc_column][vc_empty_space][elx_heading font_size=&#8221;h1&#8243; text_color=&#8221;inherit&#8221; text_align=&#8221;text-center&#8221;]Isprobavanje odje\u0107e bez brige[\/elx_heading][vc_empty_space][\/vc_column][\/vc_row][vc_row equal_height=&#8221;yes&#8221; content_placement=&#8221;middle&#8221;][vc_column width=&#8221;1\/2&#8243;][vc_single_image image=&#8221;6391&#8243; img_size=&#8221;full&#8221; alignment=&#8221;center&#8221;][vc_empty_space][vc_column_text]Dajte svojim kupcima do znanja koliko vam je stalo do njihova zdravlja i sigurnosti. <strong>Za vas smo osigurali posebnu naljepnicu za izlog<\/strong> kako biste potencijalne kupce mogli upoznati s jedinstvenim na\u010dinom na koji dezinficirate cijelu kolekciju.[\/vc_column_text][vc_empty_space][\/vc_column][vc_column width=&#8221;1\/2&#8243;][vc_empty_space][vc_single_image image=&#8221;6392&#8243; img_size=&#8221;full&#8221; alignment=&#8221;center&#8221;][vc_empty_space][elx_download_block text=&#8221;Preuzmite letak posve\u0107en ormari\u0107u Serenity&#8221; document_type=&#8221;leaflets&#8221; background_color=&#8221;electrolux-blue&#8221; le_document_number=&#8221;CLF-9JE00262&#8243;][\/vc_column][\/vc_row][vc_row][vc_column][vc_empty_space][\/vc_column][\/vc_row][vc_row][vc_column css=&#8221;.vc_custom_1593014113282{background-color: #adceda !important;}&#8221;][vc_empty_space][elx_heading font_size=&#8221;h1&#8243; text_color=&#8221;white&#8221; text_align=&#8221;text-center&#8221;]Jednostavni koraci za va\u0161 spokoj![\/elx_heading][vc_empty_space][\/vc_column][\/vc_row][vc_row][vc_column width=&#8221;1\/3&#8243; css=&#8221;.vc_custom_1593014132332{background-color: #adceda !important;}&#8221;][vc_single_image image=&#8221;6393&#8243; img_size=&#8221;full&#8221; alignment=&#8221;center&#8221;][vc_empty_space][\/vc_column][vc_column width=&#8221;1\/3&#8243; css=&#8221;.vc_custom_1593014142848{background-color: #adceda !important;}&#8221;][vc_single_image image=&#8221;6387&#8243; img_size=&#8221;full&#8221; alignment=&#8221;center&#8221;][vc_empty_space][\/vc_column][vc_column width=&#8221;1\/3&#8243; css=&#8221;.vc_custom_1593014151647{background-color: #adceda !important;}&#8221;][vc_single_image image=&#8221;6395&#8243; img_size=&#8221;full&#8221; alignment=&#8221;center&#8221;][vc_empty_space][\/vc_column][\/vc_row][vc_row][vc_column css=&#8221;.vc_custom_1593014113282{background-color: #adceda !important;}&#8221;][elx_heading font_size=&#8221;h1&#8243; text_color=&#8221;white&#8221; text_align=&#8221;text-center&#8221;]Pogledajte videozapis![\/elx_heading][\/vc_column][\/vc_row][vc_row][vc_column css=&#8221;.vc_custom_1593014113282{background-color: #adceda !important;}&#8221;][vc_empty_space][elx_video_block background_image=&#8221;6388&#8243; minimum_height=&#8221;500px&#8221; video_link=&#8221;https:\/\/www.youtube.com\/watch?v=PCxXGazXIoU&#8221;][vc_empty_space][\/vc_column][\/vc_row][vc_row][vc_column width=&#8221;1\/3&#8243;][vc_empty_space][vc_single_image image=&#8221;6397&#8243; img_size=&#8221;full&#8221; alignment=&#8221;center&#8221;][\/vc_column][vc_column width=&#8221;2\/3&#8243;][vc_empty_space][elx_heading text_color=&#8221;inherit&#8221;]Zna\u010dajke i prednosti[\/elx_heading][vc_empty_space][vc_column_text]\u25ba U pojedina\u010dnom se ciklusu mo\u017ee dezinficirati do 30 komada odje\u0107e.<br \/>\n\u25ba Ciklusi traju od 6 do 10 minuta.<br \/>\n\u25ba Na odje\u0107u se ispu\u0161ta para temperature izme\u0111u 130 i 140 \u00b0C koja ostaje u zatvorenu krugu tijekom 80 % ciklusa.<br \/>\n\u25ba Tijekom cijelog ciklusa odr\u017eava se temperatura izme\u0111u 70 i 85 \u00b0C.<br \/>\n\u25ba Elektri\u010dno grijanje, tri faze<br \/>\n\u25ba U potpunosti automatski proces koji se postavlja u tvornici<br \/>\n\u25ba Programi za razli\u010dite tkanine<br \/>\n\u25ba Potrebna je minimalna obuka.<br \/>\n\u25ba Uz proizvod dolazi i prikladna poruka za izlog.[\/vc_column_text][\/vc_column][\/vc_row][vc_row][vc_column][vc_empty_space][elx_heading text_color=&#8221;inherit&#8221;]Obratite nam se kako biste saznali vi\u0161e o ormari\u0107u Serenity.[\/elx_heading][vc_empty_space][elx_o2000_contact_us r=&#8221;\u017delim saznati vi\u0161e o ormari\u0107u Serenity.&#8221; s=&#8221;Request of information&#8221; country=&#8221;Croatia&#8221; l=&#8221;hr&#8221; b=&#8221;laundry&#8221;][\/vc_column][\/vc_row][vc_row][vc_column][\/vc_column][\/vc_row][vc_row css=&#8221;.vc_custom_1593017910705{background-color: #eeeeee !important;}&#8221;][vc_column][elx_heading text_color=&#8221;inherit&#8221;]Prona\u0111ite svoje cjelovito rje\u0161enje.[\/elx_heading][vc_empty_space][\/vc_column][\/vc_row][vc_row css=&#8221;.vc_custom_1593017921192{background-color: #eeeeee !important;}&#8221;][vc_column width=&#8221;1\/3&#8243;][elx_maylike_box id_box=&#8221;6407&#8243; matched_labels=&#8221;&#8221;][\/vc_column][vc_column width=&#8221;1\/3&#8243;][elx_maylike_box id_box=&#8221;3539&#8243;][\/vc_column][vc_column width=&#8221;1\/3&#8243;][elx_maylike_box id_box=&#8221;3522&#8243;][\/vc_column][\/vc_row]<\/p>\n","protected":false},"excerpt":{"rendered":"<p>[vc_row full_width=&#8221;electroluxpro-full-width-no-padding&#8221;][vc_column][vc_single_image image=&#8221;6389&#8243; img_size=&#8221;full&#8221; alignment=&#8221;center&#8221;][\/vc_column][\/vc_row][vc_row][vc_column][vc_empty_space][elx_heading font_container=&#8221;h1&#8243; text_color=&#8221;inherit&#8221;]Borba protiv nevidljivih neprijatelja[\/elx_heading][vc_column_text]Posljednjih se nekoliko mjeseci suo\u010davamo s nevi\u0111enim izazovima koji su posljedica globalne zdravstvene situacije. Na\u0161 je trenuta\u010dni prioritet vama, va\u0161im kupcima i va\u0161em osoblju pru\u017eiti osje\u0107aj sigurnosti koji proizlazi iz spoznaje da je va\u0161e zdravlje za\u0161ti\u0107eno u svakom trenutku.[\/vc_column_text][vc_empty_space][\/vc_column][\/vc_row][vc_row][vc_column width=&#8221;1\/2&#8243;][vc_empty_space height=&#8221;40px&#8221;][vc_single_image image=&#8221;6390&#8243; img_size=&#8221;full&#8221; alignment=&#8221;center&#8221;][\/vc_column][vc_column width=&#8221;1\/2&#8243;][elx_heading font_size=&#8221;h1&#8243; [&hellip;]<\/p>\n","protected":false},"author":8,"featured_media":6387,"parent":2858,"menu_order":0,"comment_status":"closed","ping_status":"closed","template":"","meta":{"footnotes":""},"class_list":["post-6399","page","type-page","status-publish","has-post-thumbnail","hentry"],"acf":[],"yoast_head":"<!-- This site is optimized with the Yoast SEO plugin v23.3 - https:\/\/yoast.com\/wordpress\/plugins\/seo\/ -->\n<title>Ormari\u0107i Serenity \u2013 najbolji put do sigurne kupnje - Electrolux Professional Hrvatska<\/title>\n<meta name=\"description\" content=\"Borba protiv nevidljivih neprijatelja Vama, va\u0161im kupcima i va\u0161em osoblju pru\u017eamo osje\u0107aj sigurnosti koji proizlazi iz spoznaje da je va\u0161e zdravlje za\u0161ti\u0107eno. Saznajte vi\u0161e.\" \/>\n<meta name=\"robots\" content=\"index, follow, max-snippet:-1, max-image-preview:large, max-video-preview:-1\" \/>\n<link rel=\"canonical\" href=\"https:\/\/www.electroluxprofessional.com\/hr\/praonicka-oprema\/ormarici-za-susenje__trashed\/ormarici-serenity-najbolji-put-do-sigurne-kupnje\/\" \/>\n<meta property=\"og:locale\" content=\"hr_HR\" \/>\n<meta property=\"og:type\" content=\"article\" \/>\n<meta property=\"og:title\" content=\"Ormari\u0107i Serenity \u2013 najbolji put do sigurne kupnje - Electrolux Professional Hrvatska\" \/>\n<meta property=\"og:description\" content=\"Borba protiv nevidljivih neprijatelja Vama, va\u0161im kupcima i va\u0161em osoblju pru\u017eamo osje\u0107aj sigurnosti koji proizlazi iz spoznaje da je va\u0161e zdravlje za\u0161ti\u0107eno. Saznajte vi\u0161e.\" \/>\n<meta property=\"og:url\" content=\"https:\/\/www.electroluxprofessional.com\/hr\/praonicka-oprema\/ormarici-za-susenje__trashed\/ormarici-serenity-najbolji-put-do-sigurne-kupnje\/\" \/>\n<meta property=\"og:site_name\" content=\"Electrolux Professional Hrvatska\" \/>\n<meta property=\"article:modified_time\" content=\"2020-08-11T07:19:44+00:00\" \/>\n<meta property=\"og:image\" content=\"https:\/\/www.electroluxprofessional.com\/hr\/wp-content\/uploads\/2020\/06\/serenity-cabinets-step2.jpg\" \/>\n\t<meta property=\"og:image:width\" content=\"500\" \/>\n\t<meta property=\"og:image:height\" content=\"500\" \/>\n\t<meta property=\"og:image:type\" content=\"image\/jpeg\" \/>\n<meta name=\"twitter:card\" content=\"summary_large_image\" \/>\n<meta name=\"twitter:label1\" content=\"Procijenjeno vrijeme \u010ditanja\" \/>\n\t<meta name=\"twitter:data1\" content=\"4 minute\" \/>\n<script type=\"application\/ld+json\" class=\"yoast-schema-graph\">{\"@context\":\"https:\/\/schema.org\",\"@graph\":[{\"@type\":\"WebPage\",\"@id\":\"https:\/\/www.electroluxprofessional.com\/hr\/praonicka-oprema\/ormarici-za-susenje__trashed\/ormarici-serenity-najbolji-put-do-sigurne-kupnje\/\",\"url\":\"https:\/\/www.electroluxprofessional.com\/hr\/praonicka-oprema\/ormarici-za-susenje__trashed\/ormarici-serenity-najbolji-put-do-sigurne-kupnje\/\",\"name\":\"Ormari\u0107i Serenity \u2013 najbolji put do sigurne kupnje - Electrolux Professional Hrvatska\",\"isPartOf\":{\"@id\":\"https:\/\/www.electroluxprofessional.com\/hr\/#website\"},\"primaryImageOfPage\":{\"@id\":\"https:\/\/www.electroluxprofessional.com\/hr\/praonicka-oprema\/ormarici-za-susenje__trashed\/ormarici-serenity-najbolji-put-do-sigurne-kupnje\/#primaryimage\"},\"image\":{\"@id\":\"https:\/\/www.electroluxprofessional.com\/hr\/praonicka-oprema\/ormarici-za-susenje__trashed\/ormarici-serenity-najbolji-put-do-sigurne-kupnje\/#primaryimage\"},\"thumbnailUrl\":\"https:\/\/www.electroluxprofessional.com\/hr\/wp-content\/uploads\/2020\/06\/serenity-cabinets-step2.jpg\",\"datePublished\":\"2020-07-21T09:12:12+00:00\",\"dateModified\":\"2020-08-11T07:19:44+00:00\",\"description\":\"Borba protiv nevidljivih neprijatelja Vama, va\u0161im kupcima i va\u0161em osoblju pru\u017eamo osje\u0107aj sigurnosti koji proizlazi iz spoznaje da je va\u0161e zdravlje za\u0161ti\u0107eno. Saznajte vi\u0161e.\",\"breadcrumb\":{\"@id\":\"https:\/\/www.electroluxprofessional.com\/hr\/praonicka-oprema\/ormarici-za-susenje__trashed\/ormarici-serenity-najbolji-put-do-sigurne-kupnje\/#breadcrumb\"},\"inLanguage\":\"hr\",\"potentialAction\":[{\"@type\":\"ReadAction\",\"target\":[\"https:\/\/www.electroluxprofessional.com\/hr\/praonicka-oprema\/ormarici-za-susenje__trashed\/ormarici-serenity-najbolji-put-do-sigurne-kupnje\/\"]}]},{\"@type\":\"ImageObject\",\"inLanguage\":\"hr\",\"@id\":\"https:\/\/www.electroluxprofessional.com\/hr\/praonicka-oprema\/ormarici-za-susenje__trashed\/ormarici-serenity-najbolji-put-do-sigurne-kupnje\/#primaryimage\",\"url\":\"https:\/\/www.electroluxprofessional.com\/hr\/wp-content\/uploads\/2020\/06\/serenity-cabinets-step2.jpg\",\"contentUrl\":\"https:\/\/www.electroluxprofessional.com\/hr\/wp-content\/uploads\/2020\/06\/serenity-cabinets-step2.jpg\",\"width\":500,\"height\":500,\"caption\":\"serenity-cabinets-step2\"},{\"@type\":\"BreadcrumbList\",\"@id\":\"https:\/\/www.electroluxprofessional.com\/hr\/praonicka-oprema\/ormarici-za-susenje__trashed\/ormarici-serenity-najbolji-put-do-sigurne-kupnje\/#breadcrumb\",\"itemListElement\":[{\"@type\":\"ListItem\",\"position\":1,\"name\":\"Po\u010detna stranica\",\"item\":\"https:\/\/www.electroluxprofessional.com\/hr\/\"},{\"@type\":\"ListItem\",\"position\":2,\"name\":\"Praoni\u010dka oprema\",\"item\":\"https:\/\/www.electroluxprofessional.com\/hr\/praonicka-oprema\/\"},{\"@type\":\"ListItem\",\"position\":3,\"name\":\"Ormari\u0107i Serenity \u2013 najbolji put do sigurne kupnje\"}]},{\"@type\":\"WebSite\",\"@id\":\"https:\/\/www.electroluxprofessional.com\/hr\/#website\",\"url\":\"https:\/\/www.electroluxprofessional.com\/hr\/\",\"name\":\"Electrolux Professional Hrvatska\",\"description\":\"\",\"potentialAction\":[{\"@type\":\"SearchAction\",\"target\":{\"@type\":\"EntryPoint\",\"urlTemplate\":\"https:\/\/www.electroluxprofessional.com\/hr\/?src={search_term_string}\"},\"query-input\":\"required name=search_term_string\"}],\"inLanguage\":\"hr\"}]}<\/script>\n<!-- \/ Yoast SEO plugin. -->","yoast_head_json":{"title":"Ormari\u0107i Serenity \u2013 najbolji put do sigurne kupnje - Electrolux Professional Hrvatska","description":"Borba protiv nevidljivih neprijatelja Vama, va\u0161im kupcima i va\u0161em osoblju pru\u017eamo osje\u0107aj sigurnosti koji proizlazi iz spoznaje da je va\u0161e zdravlje za\u0161ti\u0107eno. Saznajte vi\u0161e.","robots":{"index":"index","follow":"follow","max-snippet":"max-snippet:-1","max-image-preview":"max-image-preview:large","max-video-preview":"max-video-preview:-1"},"canonical":"https:\/\/www.electroluxprofessional.com\/hr\/praonicka-oprema\/ormarici-za-susenje__trashed\/ormarici-serenity-najbolji-put-do-sigurne-kupnje\/","og_locale":"hr_HR","og_type":"article","og_title":"Ormari\u0107i Serenity \u2013 najbolji put do sigurne kupnje - Electrolux Professional Hrvatska","og_description":"Borba protiv nevidljivih neprijatelja Vama, va\u0161im kupcima i va\u0161em osoblju pru\u017eamo osje\u0107aj sigurnosti koji proizlazi iz spoznaje da je va\u0161e zdravlje za\u0161ti\u0107eno. Saznajte vi\u0161e.","og_url":"https:\/\/www.electroluxprofessional.com\/hr\/praonicka-oprema\/ormarici-za-susenje__trashed\/ormarici-serenity-najbolji-put-do-sigurne-kupnje\/","og_site_name":"Electrolux Professional Hrvatska","article_modified_time":"2020-08-11T07:19:44+00:00","og_image":[{"width":500,"height":500,"url":"https:\/\/www.electroluxprofessional.com\/hr\/wp-content\/uploads\/2020\/06\/serenity-cabinets-step2.jpg","type":"image\/jpeg"}],"twitter_card":"summary_large_image","twitter_misc":{"Procijenjeno vrijeme \u010ditanja":"4 minute"},"schema":{"@context":"https:\/\/schema.org","@graph":[{"@type":"WebPage","@id":"https:\/\/www.electroluxprofessional.com\/hr\/praonicka-oprema\/ormarici-za-susenje__trashed\/ormarici-serenity-najbolji-put-do-sigurne-kupnje\/","url":"https:\/\/www.electroluxprofessional.com\/hr\/praonicka-oprema\/ormarici-za-susenje__trashed\/ormarici-serenity-najbolji-put-do-sigurne-kupnje\/","name":"Ormari\u0107i Serenity \u2013 najbolji put do sigurne kupnje - Electrolux Professional Hrvatska","isPartOf":{"@id":"https:\/\/www.electroluxprofessional.com\/hr\/#website"},"primaryImageOfPage":{"@id":"https:\/\/www.electroluxprofessional.com\/hr\/praonicka-oprema\/ormarici-za-susenje__trashed\/ormarici-serenity-najbolji-put-do-sigurne-kupnje\/#primaryimage"},"image":{"@id":"https:\/\/www.electroluxprofessional.com\/hr\/praonicka-oprema\/ormarici-za-susenje__trashed\/ormarici-serenity-najbolji-put-do-sigurne-kupnje\/#primaryimage"},"thumbnailUrl":"https:\/\/www.electroluxprofessional.com\/hr\/wp-content\/uploads\/2020\/06\/serenity-cabinets-step2.jpg","datePublished":"2020-07-21T09:12:12+00:00","dateModified":"2020-08-11T07:19:44+00:00","description":"Borba protiv nevidljivih neprijatelja Vama, va\u0161im kupcima i va\u0161em osoblju pru\u017eamo osje\u0107aj sigurnosti koji proizlazi iz spoznaje da je va\u0161e zdravlje za\u0161ti\u0107eno. Saznajte vi\u0161e.","breadcrumb":{"@id":"https:\/\/www.electroluxprofessional.com\/hr\/praonicka-oprema\/ormarici-za-susenje__trashed\/ormarici-serenity-najbolji-put-do-sigurne-kupnje\/#breadcrumb"},"inLanguage":"hr","potentialAction":[{"@type":"ReadAction","target":["https:\/\/www.electroluxprofessional.com\/hr\/praonicka-oprema\/ormarici-za-susenje__trashed\/ormarici-serenity-najbolji-put-do-sigurne-kupnje\/"]}]},{"@type":"ImageObject","inLanguage":"hr","@id":"https:\/\/www.electroluxprofessional.com\/hr\/praonicka-oprema\/ormarici-za-susenje__trashed\/ormarici-serenity-najbolji-put-do-sigurne-kupnje\/#primaryimage","url":"https:\/\/www.electroluxprofessional.com\/hr\/wp-content\/uploads\/2020\/06\/serenity-cabinets-step2.jpg","contentUrl":"https:\/\/www.electroluxprofessional.com\/hr\/wp-content\/uploads\/2020\/06\/serenity-cabinets-step2.jpg","width":500,"height":500,"caption":"serenity-cabinets-step2"},{"@type":"BreadcrumbList","@id":"https:\/\/www.electroluxprofessional.com\/hr\/praonicka-oprema\/ormarici-za-susenje__trashed\/ormarici-serenity-najbolji-put-do-sigurne-kupnje\/#breadcrumb","itemListElement":[{"@type":"ListItem","position":1,"name":"Po\u010detna stranica","item":"https:\/\/www.electroluxprofessional.com\/hr\/"},{"@type":"ListItem","position":2,"name":"Praoni\u010dka oprema","item":"https:\/\/www.electroluxprofessional.com\/hr\/praonicka-oprema\/"},{"@type":"ListItem","position":3,"name":"Ormari\u0107i Serenity \u2013 najbolji put do sigurne kupnje"}]},{"@type":"WebSite","@id":"https:\/\/www.electroluxprofessional.com\/hr\/#website","url":"https:\/\/www.electroluxprofessional.com\/hr\/","name":"Electrolux Professional Hrvatska","description":"","potentialAction":[{"@type":"SearchAction","target":{"@type":"EntryPoint","urlTemplate":"https:\/\/www.electroluxprofessional.com\/hr\/?src={search_term_string}"},"query-input":"required name=search_term_string"}],"inLanguage":"hr"}]}},"_links":{"self":[{"href":"https:\/\/www.electroluxprofessional.com\/hr\/wp-json\/wp\/v2\/pages\/6399"}],"collection":[{"href":"https:\/\/www.electroluxprofessional.com\/hr\/wp-json\/wp\/v2\/pages"}],"about":[{"href":"https:\/\/www.electroluxprofessional.com\/hr\/wp-json\/wp\/v2\/types\/page"}],"author":[{"embeddable":true,"href":"https:\/\/www.electroluxprofessional.com\/hr\/wp-json\/wp\/v2\/users\/8"}],"replies":[{"embeddable":true,"href":"https:\/\/www.electroluxprofessional.com\/hr\/wp-json\/wp\/v2\/comments?post=6399"}],"version-history":[{"count":2,"href":"https:\/\/www.electroluxprofessional.com\/hr\/wp-json\/wp\/v2\/pages\/6399\/revisions"}],"predecessor-version":[{"id":6419,"href":"https:\/\/www.electroluxprofessional.com\/hr\/wp-json\/wp\/v2\/pages\/6399\/revisions\/6419"}],"up":[{"embeddable":true,"href":"https:\/\/www.electroluxprofessional.com\/hr\/wp-json\/wp\/v2\/pages\/2858"}],"wp:featuredmedia":[{"embeddable":true,"href":"https:\/\/www.electroluxprofessional.com\/hr\/wp-json\/wp\/v2\/media\/6387"}],"wp:attachment":[{"href":"https:\/\/www.electroluxprofessional.com\/hr\/wp-json\/wp\/v2\/media?parent=6399"}],"curies":[{"name":"wp","href":"https:\/\/api.w.org\/{rel}","templated":true}]}}