{"id":6272,"date":"2016-05-10T08:06:36","date_gmt":"2016-05-10T08:06:36","guid":{"rendered":"https:\/\/www.electroluxprofessional.com\/?page_id=552"},"modified":"2020-10-30T11:25:36","modified_gmt":"2020-10-30T11:25:36","slug":"preporuke","status":"publish","type":"page","link":"https:\/\/www.electroluxprofessional.com\/hr\/preporuke\/","title":{"rendered":"Preporuke"},"content":{"rendered":"<p>[vc_row full_width=&#8221;electroluxpro-full-width-no-padding&#8221;][vc_column][elx_image_block background_image=&#8221;6271&#8243; minimum_height=&#8221;350px&#8221;][\/vc_column][\/vc_row][vc_row][vc_column][elx_heading font_container=&#8221;h1&#8243; font_size=&#8221;h3&#8243; text_color=&#8221;inherit&#8221;]Na\u0161i klijenti[\/elx_heading][\/vc_column][\/vc_row]<\/p>\n","protected":false},"excerpt":{"rendered":"<p>[vc_row full_width=&#8221;electroluxpro-full-width-no-padding&#8221;][vc_column][elx_image_block background_image=&#8221;6271&#8243; minimum_height=&#8221;350px&#8221;][\/vc_column][\/vc_row][vc_row][vc_column][elx_heading font_container=&#8221;h1&#8243; font_size=&#8221;h3&#8243; text_color=&#8221;inherit&#8221;]Na\u0161i klijenti[\/elx_heading][\/vc_column][\/vc_row]<\/p>\n","protected":false},"author":8,"featured_media":6270,"parent":0,"menu_order":0,"comment_status":"closed","ping_status":"closed","template":"template-references.php","meta":{"footnotes":""},"class_list":["post-6272","page","type-page","status-publish","has-post-thumbnail","hentry"],"acf":[],"yoast_head":"<!-- This site is optimized with the Yoast SEO plugin v23.3 - https:\/\/yoast.com\/wordpress\/plugins\/seo\/ -->\n<title>Preporuke - Electrolux Professional Hrvatska<\/title>\n<meta name=\"description\" content=\"Svojim rje\u0161enjima za pripremu i poslu\u017eivanje hrane te praonice Electrolux Professional nudi izvrsnost. Poslu\u0161ajte glas na\u0161ih klijenata. Pro\u010ditajte vi\u0161e o na\u0161im glavnim preporukama.\" \/>\n<meta name=\"robots\" content=\"index, follow, max-snippet:-1, max-image-preview:large, max-video-preview:-1\" \/>\n<link rel=\"canonical\" href=\"https:\/\/www.electroluxprofessional.com\/hr\/preporuke\/\" \/>\n<meta property=\"og:locale\" content=\"hr_HR\" \/>\n<meta property=\"og:type\" content=\"article\" \/>\n<meta property=\"og:title\" content=\"Preporuke - Electrolux Professional Hrvatska\" \/>\n<meta property=\"og:description\" content=\"Svojim rje\u0161enjima za pripremu i poslu\u017eivanje hrane te praonice Electrolux Professional nudi izvrsnost. Poslu\u0161ajte glas na\u0161ih klijenata. Pro\u010ditajte vi\u0161e o na\u0161im glavnim preporukama.\" \/>\n<meta property=\"og:url\" content=\"https:\/\/www.electroluxprofessional.com\/hr\/preporuke\/\" \/>\n<meta property=\"og:site_name\" content=\"Electrolux Professional Hrvatska\" \/>\n<meta property=\"article:modified_time\" content=\"2020-10-30T11:25:36+00:00\" \/>\n<meta property=\"og:image\" content=\"https:\/\/www.electroluxprofessional.com\/hr\/wp-content\/uploads\/2019\/09\/our-customers.jpg\" \/>\n\t<meta property=\"og:image:width\" content=\"800\" \/>\n\t<meta property=\"og:image:height\" content=\"500\" \/>\n\t<meta property=\"og:image:type\" content=\"image\/jpeg\" \/>\n<meta name=\"twitter:card\" content=\"summary_large_image\" \/>\n<script type=\"application\/ld+json\" class=\"yoast-schema-graph\">{\"@context\":\"https:\/\/schema.org\",\"@graph\":[{\"@type\":\"WebPage\",\"@id\":\"https:\/\/www.electroluxprofessional.com\/hr\/preporuke\/\",\"url\":\"https:\/\/www.electroluxprofessional.com\/hr\/preporuke\/\",\"name\":\"Preporuke - Electrolux Professional Hrvatska\",\"isPartOf\":{\"@id\":\"https:\/\/www.electroluxprofessional.com\/hr\/#website\"},\"primaryImageOfPage\":{\"@id\":\"https:\/\/www.electroluxprofessional.com\/hr\/preporuke\/#primaryimage\"},\"image\":{\"@id\":\"https:\/\/www.electroluxprofessional.com\/hr\/preporuke\/#primaryimage\"},\"thumbnailUrl\":\"https:\/\/www.electroluxprofessional.com\/hr\/wp-content\/uploads\/2019\/09\/our-customers.jpg\",\"datePublished\":\"2016-05-10T08:06:36+00:00\",\"dateModified\":\"2020-10-30T11:25:36+00:00\",\"description\":\"Svojim rje\u0161enjima za pripremu i poslu\u017eivanje hrane te praonice Electrolux Professional nudi izvrsnost. Poslu\u0161ajte glas na\u0161ih klijenata. Pro\u010ditajte vi\u0161e o na\u0161im glavnim preporukama.\",\"breadcrumb\":{\"@id\":\"https:\/\/www.electroluxprofessional.com\/hr\/preporuke\/#breadcrumb\"},\"inLanguage\":\"hr\",\"potentialAction\":[{\"@type\":\"ReadAction\",\"target\":[\"https:\/\/www.electroluxprofessional.com\/hr\/preporuke\/\"]}]},{\"@type\":\"ImageObject\",\"inLanguage\":\"hr\",\"@id\":\"https:\/\/www.electroluxprofessional.com\/hr\/preporuke\/#primaryimage\",\"url\":\"https:\/\/www.electroluxprofessional.com\/hr\/wp-content\/uploads\/2019\/09\/our-customers.jpg\",\"contentUrl\":\"https:\/\/www.electroluxprofessional.com\/hr\/wp-content\/uploads\/2019\/09\/our-customers.jpg\",\"width\":800,\"height\":500,\"caption\":\"our customers\"},{\"@type\":\"BreadcrumbList\",\"@id\":\"https:\/\/www.electroluxprofessional.com\/hr\/preporuke\/#breadcrumb\",\"itemListElement\":[{\"@type\":\"ListItem\",\"position\":1,\"name\":\"Po\u010detna stranica\",\"item\":\"https:\/\/www.electroluxprofessional.com\/hr\/\"},{\"@type\":\"ListItem\",\"position\":2,\"name\":\"Preporuke\"}]},{\"@type\":\"WebSite\",\"@id\":\"https:\/\/www.electroluxprofessional.com\/hr\/#website\",\"url\":\"https:\/\/www.electroluxprofessional.com\/hr\/\",\"name\":\"Electrolux Professional Hrvatska\",\"description\":\"\",\"potentialAction\":[{\"@type\":\"SearchAction\",\"target\":{\"@type\":\"EntryPoint\",\"urlTemplate\":\"https:\/\/www.electroluxprofessional.com\/hr\/?src={search_term_string}\"},\"query-input\":\"required name=search_term_string\"}],\"inLanguage\":\"hr\"}]}<\/script>\n<!-- \/ Yoast SEO plugin. -->","yoast_head_json":{"title":"Preporuke - Electrolux Professional Hrvatska","description":"Svojim rje\u0161enjima za pripremu i poslu\u017eivanje hrane te praonice Electrolux Professional nudi izvrsnost. Poslu\u0161ajte glas na\u0161ih klijenata. Pro\u010ditajte vi\u0161e o na\u0161im glavnim preporukama.","robots":{"index":"index","follow":"follow","max-snippet":"max-snippet:-1","max-image-preview":"max-image-preview:large","max-video-preview":"max-video-preview:-1"},"canonical":"https:\/\/www.electroluxprofessional.com\/hr\/preporuke\/","og_locale":"hr_HR","og_type":"article","og_title":"Preporuke - Electrolux Professional Hrvatska","og_description":"Svojim rje\u0161enjima za pripremu i poslu\u017eivanje hrane te praonice Electrolux Professional nudi izvrsnost. Poslu\u0161ajte glas na\u0161ih klijenata. Pro\u010ditajte vi\u0161e o na\u0161im glavnim preporukama.","og_url":"https:\/\/www.electroluxprofessional.com\/hr\/preporuke\/","og_site_name":"Electrolux Professional Hrvatska","article_modified_time":"2020-10-30T11:25:36+00:00","og_image":[{"width":800,"height":500,"url":"https:\/\/www.electroluxprofessional.com\/hr\/wp-content\/uploads\/2019\/09\/our-customers.jpg","type":"image\/jpeg"}],"twitter_card":"summary_large_image","schema":{"@context":"https:\/\/schema.org","@graph":[{"@type":"WebPage","@id":"https:\/\/www.electroluxprofessional.com\/hr\/preporuke\/","url":"https:\/\/www.electroluxprofessional.com\/hr\/preporuke\/","name":"Preporuke - Electrolux Professional Hrvatska","isPartOf":{"@id":"https:\/\/www.electroluxprofessional.com\/hr\/#website"},"primaryImageOfPage":{"@id":"https:\/\/www.electroluxprofessional.com\/hr\/preporuke\/#primaryimage"},"image":{"@id":"https:\/\/www.electroluxprofessional.com\/hr\/preporuke\/#primaryimage"},"thumbnailUrl":"https:\/\/www.electroluxprofessional.com\/hr\/wp-content\/uploads\/2019\/09\/our-customers.jpg","datePublished":"2016-05-10T08:06:36+00:00","dateModified":"2020-10-30T11:25:36+00:00","description":"Svojim rje\u0161enjima za pripremu i poslu\u017eivanje hrane te praonice Electrolux Professional nudi izvrsnost. Poslu\u0161ajte glas na\u0161ih klijenata. Pro\u010ditajte vi\u0161e o na\u0161im glavnim preporukama.","breadcrumb":{"@id":"https:\/\/www.electroluxprofessional.com\/hr\/preporuke\/#breadcrumb"},"inLanguage":"hr","potentialAction":[{"@type":"ReadAction","target":["https:\/\/www.electroluxprofessional.com\/hr\/preporuke\/"]}]},{"@type":"ImageObject","inLanguage":"hr","@id":"https:\/\/www.electroluxprofessional.com\/hr\/preporuke\/#primaryimage","url":"https:\/\/www.electroluxprofessional.com\/hr\/wp-content\/uploads\/2019\/09\/our-customers.jpg","contentUrl":"https:\/\/www.electroluxprofessional.com\/hr\/wp-content\/uploads\/2019\/09\/our-customers.jpg","width":800,"height":500,"caption":"our customers"},{"@type":"BreadcrumbList","@id":"https:\/\/www.electroluxprofessional.com\/hr\/preporuke\/#breadcrumb","itemListElement":[{"@type":"ListItem","position":1,"name":"Po\u010detna stranica","item":"https:\/\/www.electroluxprofessional.com\/hr\/"},{"@type":"ListItem","position":2,"name":"Preporuke"}]},{"@type":"WebSite","@id":"https:\/\/www.electroluxprofessional.com\/hr\/#website","url":"https:\/\/www.electroluxprofessional.com\/hr\/","name":"Electrolux Professional Hrvatska","description":"","potentialAction":[{"@type":"SearchAction","target":{"@type":"EntryPoint","urlTemplate":"https:\/\/www.electroluxprofessional.com\/hr\/?src={search_term_string}"},"query-input":"required name=search_term_string"}],"inLanguage":"hr"}]}},"_links":{"self":[{"href":"https:\/\/www.electroluxprofessional.com\/hr\/wp-json\/wp\/v2\/pages\/6272"}],"collection":[{"href":"https:\/\/www.electroluxprofessional.com\/hr\/wp-json\/wp\/v2\/pages"}],"about":[{"href":"https:\/\/www.electroluxprofessional.com\/hr\/wp-json\/wp\/v2\/types\/page"}],"author":[{"embeddable":true,"href":"https:\/\/www.electroluxprofessional.com\/hr\/wp-json\/wp\/v2\/users\/8"}],"replies":[{"embeddable":true,"href":"https:\/\/www.electroluxprofessional.com\/hr\/wp-json\/wp\/v2\/comments?post=6272"}],"version-history":[{"count":3,"href":"https:\/\/www.electroluxprofessional.com\/hr\/wp-json\/wp\/v2\/pages\/6272\/revisions"}],"predecessor-version":[{"id":6692,"href":"https:\/\/www.electroluxprofessional.com\/hr\/wp-json\/wp\/v2\/pages\/6272\/revisions\/6692"}],"wp:featuredmedia":[{"embeddable":true,"href":"https:\/\/www.electroluxprofessional.com\/hr\/wp-json\/wp\/v2\/media\/6270"}],"wp:attachment":[{"href":"https:\/\/www.electroluxprofessional.com\/hr\/wp-json\/wp\/v2\/media?parent=6272"}],"curies":[{"name":"wp","href":"https:\/\/api.w.org\/{rel}","templated":true}]}}