{"id":6206,"date":"2018-01-17T14:24:42","date_gmt":"2018-01-17T13:24:42","guid":{"rendered":"https:\/\/www.electroluxprofessional.com\/?page_id=14181"},"modified":"2025-11-06T12:57:46","modified_gmt":"2025-11-06T12:57:46","slug":"multislim-compact-pecnica","status":"publish","type":"page","link":"https:\/\/www.electroluxprofessional.com\/hr\/kuhinjska-oprema\/multislim-compact-pecnica\/","title":{"rendered":"Kompaktna pe\u0107nica MultiSlim"},"content":{"rendered":"<p>[vc_row full_width=&#8221;electroluxpro-full-width-no-padding&#8221;][vc_column][vc_single_image image=&#8221;6200&#8243; img_size=&#8221;2000&#215;350&#8243; alignment=&#8221;center&#8221;][\/vc_column][\/vc_row][vc_row][vc_column width=&#8221;2\/3&#8243;][elx_heading font_container=&#8221;h1&#8243; font_size=&#8221;h3&#8243; text_color=&#8221;inherit&#8221;]Kompaktna pe\u0107nica MultiSlim[\/elx_heading][vc_column_text]Nemate dovoljno mjesta u kuhinji? Morate srezati tro\u0161kove rada a da pritom ne ugrozite u\u010dinkovitost pripreme? Nova <strong><b>kompaktna pe\u0107nica MultiSlim<\/b><\/strong><strong><b>\u00a0<\/b><\/strong>savr\u0161eno je rje\u0161enje za va\u0161 <strong><b>restoran<\/b><\/strong>\u00a0i <strong><b>bar<\/b><\/strong>.[\/vc_column_text][\/vc_column][vc_column width=&#8221;1\/3&#8243;][elx_heading text_color=&#8221;inherit&#8221;]Preuzmite bro\u0161uru.[\/elx_heading][elx_download_block text=&#8221;Kompaktna pe\u0107nica MultiSlim<br \/>\nbro\u0161ure i recepti&#8221; link=&#8221;https:\/\/files.professional.electrolux.com\/docs\/?n=BR-9JE00082&amp;b=5&amp;l=1&#8243; background_color=&#8221;orange&#8221;][\/vc_column][\/vc_row][vc_row][vc_column width=&#8221;1\/3&#8243;][vc_single_image image=&#8221;6201&#8243; img_size=&#8221;full&#8221;][elx_heading font_size=&#8221;h5&#8243; text_color=&#8221;inherit&#8221;]Ekolo\u0161ka u\u0161teda[\/elx_heading][vc_column_text]Budu\u0107i da se u njoj upotrebljava do 15 % manje vode nego u standardnim pe\u0107nicama sa prskanjem pare,\u00a0<strong><b>kompaktna pe\u0107nica MultiSlim<\/b><\/strong>\u00a0bolja je za okoli\u0161 i poma\u017ee vam u\u0161tedjeti na re\u017eijama.<br \/>\nVi\u0161e informacija mo\u017eete doznati u <a href=\"https:\/\/files.professional.electrolux.com\/docs\/?n=BR-9JE00082&amp;b=5&amp;l=1\"><u>bro\u0161uri za kompaktnu pe\u0107nicu MultiSlim<\/u><\/a>.[\/vc_column_text][\/vc_column][vc_column width=&#8221;1\/3&#8243;][vc_single_image image=&#8221;6202&#8243; img_size=&#8221;full&#8221;][elx_heading font_size=&#8221;h5&#8243; text_color=&#8221;inherit&#8221;]Priprema jela u manjem prostoru[\/elx_heading][vc_column_text]Budu\u0107i da zauzima samo 0,42 m<sup>2<\/sup>, <strong><b>kompaktna pe\u0107nica MultiSlim<\/b><\/strong><strong><b>\u00a0<\/b><\/strong>svojim vam dimenzijama omogu\u0107uje da u\u0161tedite prostor pa je idealna za male kuhinje.<br \/>\nVrata se otvaraju nadesno ili nalijevo. Ako se raspored va\u0161e kuhinje promijeni, vrata na licu mjesta mo\u017eete zamijeniti onima koja se otvaraju na drugu stranu.[\/vc_column_text][\/vc_column][vc_column width=&#8221;1\/3&#8243;][vc_single_image image=&#8221;6203&#8243; img_size=&#8221;full&#8221;][elx_heading font_size=&#8221;h5&#8243; text_color=&#8221;inherit&#8221;]Dugotrajnost[\/elx_heading][vc_column_text]<strong><b>Kompaktna pe\u0107nica MultiSlim<\/b><\/strong><strong><b>\u00a0<\/b><\/strong>dizajnirana je za dugotrajnu upotrebu i velika radna optere\u0107enja. Ova multifunkcionalna pe\u0107nica, koja te\u017ei samo 72 kg, izra\u0111ena je od izdr\u017eljivih materijala visoke kvalitete.[\/vc_column_text][\/vc_column][\/vc_row][vc_row][vc_column css=&#8221;.vc_custom_1516182416648{padding-top: 40px !important;}&#8221;][vc_empty_space][\/vc_column][\/vc_row][vc_row css=&#8221;.vc_custom_1516626289472{background-color: #eeeeee !important;}&#8221;][vc_column width=&#8221;1\/2&#8243;][vc_single_image image=&#8221;6204&#8243; img_size=&#8221;full&#8221;][\/vc_column][vc_column width=&#8221;1\/2&#8243;][vc_empty_space][elx_heading font_size=&#8221;h5&#8243; text_color=&#8221;inherit&#8221;]Kompaktna pe\u0107nica MultiSlim,<br \/>\nva\u0161 jelovnik nadohvat ruke.[\/elx_heading][vc_column_text]Brzo i jednostavno kretanje po programima, funkcijama i parametrima pripreme s pomo\u0107u jednoga jedinoga preciznog kota\u010di\u0107a za odabir.<br \/>\n<strong><b>Za odabir postavke dovoljno je samo pritisnuti kota\u010di\u0107.<\/b><\/strong><\/p>\n<p>Zahvaljuju\u0107i jednostavnom su\u010delju koje se mo\u017ee programirati, uz kompaktnu pe\u0107nicu MultiSlim mo\u017eete stvoriti, spremiti i u\u010ditati\u00a0<strong><b>do 99 recepata<\/b><\/strong>.[\/vc_column_text][\/vc_column][\/vc_row][vc_row][vc_column css=&#8221;.vc_custom_1516182416648{padding-top: 40px !important;}&#8221;][vc_empty_space][\/vc_column][\/vc_row][vc_row][vc_column width=&#8221;1\/3&#8243;][vc_single_image image=&#8221;6205&#8243; img_size=&#8221;full&#8221;][\/vc_column][vc_column width=&#8221;1\/3&#8243;][vc_empty_space][elx_heading font_size=&#8221;h5&#8243; text_color=&#8221;inherit&#8221;]Prava dodatna oprema za savr\u0161eni recept[\/elx_heading][vc_column_text]Jednostavno i brzo. Pogledajte kratak popis <strong><b>recepata<\/b><\/strong><strong><b>\u00a0<\/b><\/strong>i povezane dodatne opreme.[\/vc_column_text][\/vc_column][vc_column width=&#8221;1\/3&#8243;][elx_download_block text=&#8221;Kompaktna pe\u0107nica MultiSlim<br \/>\nbro\u0161ure i recepti&#8221; link=&#8221;https:\/\/files.professional.electrolux.com\/docs\/?n=BR-9JE00082&amp;b=5&amp;l=1&#8243; background_color=&#8221;orange&#8221;][\/vc_column][\/vc_row][vc_row][vc_column][vc_empty_space][vc_empty_space][elx_heading font_size=&#8221;h3&#8243; text_color=&#8221;inherit&#8221;]Kompaktne pe\u0107nice MultiSlim: tehni\u010dke pojedinosti[\/elx_heading]<div class=\"com21-product-filter-container 64\"><div class=\"\"><h4 class=\"text-center\">2 Proizvodi<\/h4><hr><\/div>\n                    <!-- PROD LIST -->\n                    <div class=\"product-list container\">\n                        <!--Hidden parameters-->\n                        <input type=\"hidden\" name=\"navigation_level_1\" id=\"navigation_level_1\" value=\"E\">\n                        <input type=\"hidden\" name=\"navigation_level_2\" id=\"navigation_level_2\" value=\"2\">\n                        <input type=\"hidden\" name=\"navigation_level_3\" id=\"navigation_level_3\" value=\"A\">\n                        <input type=\"hidden\" name=\"navigation_level_4\" id=\"navigation_level_4\" value=\"\">\n                        <input type=\"hidden\" name=\"filter_id\" id=\"filter_id\" value=\"64\">\n                        <input type=\"hidden\" name=\"navigation_language\" id=\"navigation_language\" value=\"5022\">\n                        <input type=\"hidden\" name=\"navigation_language_code\" id=\"navigation_language\" value=\"5022\">\n                        <input type=\"hidden\" name=\"page_id\" id=\"page_id\" value=\"6206\">\n                        <!--END Hidden parameters--><ul class=\"row\" ><li data-product-paged=\"\" class=\"anchor_tags_prod col-sm-6 col-md-3 wow fadeIn single-product-list 260652\"><div class=\"product-list-item\"><div class=\"product-content\"><a href=\"https:\/\/www.electroluxprofessional.com\/hr\/pd\/cook-chill\/kompakte-konvekcijske-pe\u0107nice;-multislim\/kompaktne-multislim-pe\u0107nice\/multislim-kompaktna-elektri\u010dna-pe\u0107nica-sa-su\u010deljem-na-dodir-6gn-1-1-sa-sustavom-za-\u010di\u0161\u0107enje-260652\/\" target=\"_blank\" ><figure><img decoding=\"async\" src=\"https:\/\/tools.electroluxprofessional.com\/Mirror\/Doc\/PH_255x255%2FPH_260650_1_1_MultiSlimOven_US_260650.jpg\" alt=\"MultiSlimKompaktna elektri\u010dna pe\u0107nica sa su\u010deljem na dodir, 6GN 1\/1 sa sustavom za \u010di\u0161\u0107enje\"\/><\/figure><div class=\"product-internal\"><div class=\"product-liv\">Kompaktne MultiSlim pe\u0107nice<\/div><h3 class=\"product-title\">MultiSlim<br>Kompaktna elektri\u010dna pe\u0107nica sa su\u010deljem na dodir, 6GN 1\/1 sa sustavom za \u010di\u0161\u0107enje<\/h3><div class=\"product-icons\"><div class=\"product-green\"><\/div><div class=\"product-cod\"><div class=\"hidden type_code\">0<\/div>KOD <span class=\"product-code\" >260652<\/span><\/div><div class=\"product-fast\"><\/div>\n<\/div><div class=\"product-description-fast-green\"><\/div>\n<\/div><div class=\"product-actions\"><a href=\"https:\/\/www.electroluxprofessional.com\/hr\/pd\/cook-chill\/kompakte-konvekcijske-pe\u0107nice;-multislim\/kompaktne-multislim-pe\u0107nice\/multislim-kompaktna-elektri\u010dna-pe\u0107nica-sa-su\u010deljem-na-dodir-6gn-1-1-sa-sustavom-za-\u010di\u0161\u0107enje-260652\/\" class=\"btn btn-primary-blue\">Saznajte vi\u0161e<\/a><span class=\"compare-product\"><span class=\"compare-checkbox\"><span class=\"compare-checkbox-shape\"><input type=\"checkbox\" class=\"product-comparer\" id=\"prod_260652\"\/><label class=\"btn\" for=\"prod_260652\"><span class=\"label-bg\"><\/span>Usporedi<\/label><\/span><\/span><\/span><\/div><\/a><\/div><\/div><\/li><li data-product-paged=\"\" class=\"anchor_tags_prod col-sm-6 col-md-3 wow fadeIn single-product-list 260654\"><div class=\"product-list-item\"><div class=\"product-content\"><a href=\"https:\/\/www.electroluxprofessional.com\/hr\/pd\/cook-chill\/kompakte-konvekcijske-pe\u0107nice;-multislim\/kompaktne-multislim-pe\u0107nice\/multislim-kompaktna-elektri\u010dna-pe\u0107nica-sa-su\u010deljem-na-dodir-6gn-1-1-sa-sustavom-za-\u010di\u0161\u0107enje-260654\/\" target=\"_blank\" ><figure><img decoding=\"async\" src=\"https:\/\/tools.electroluxprofessional.com\/Mirror\/Doc\/PH_255x255%2FPH_260654_1_1_260654.jpg\" alt=\"MultiSlimKompaktna elektri\u010dna pe\u0107nica sa su\u010deljem na dodir, 6GN 1\/1 sa sustavom za \u010di\u0161\u0107enje\"\/><\/figure><div class=\"product-internal\"><div class=\"product-liv\">Kompaktne MultiSlim pe\u0107nice<\/div><h3 class=\"product-title\">MultiSlim<br>Kompaktna elektri\u010dna pe\u0107nica sa su\u010deljem na dodir, 6GN 1\/1 sa sustavom za \u010di\u0161\u0107enje<\/h3><div class=\"product-icons\"><div class=\"product-green\"><\/div><div class=\"product-cod\"><div class=\"hidden type_code\">0<\/div>KOD <span class=\"product-code\" >260654<\/span><\/div><div class=\"product-fast\"><\/div>\n<\/div><div class=\"product-description-fast-green\"><\/div>\n<\/div><div class=\"product-actions\"><a href=\"https:\/\/www.electroluxprofessional.com\/hr\/pd\/cook-chill\/kompakte-konvekcijske-pe\u0107nice;-multislim\/kompaktne-multislim-pe\u0107nice\/multislim-kompaktna-elektri\u010dna-pe\u0107nica-sa-su\u010deljem-na-dodir-6gn-1-1-sa-sustavom-za-\u010di\u0161\u0107enje-260654\/\" class=\"btn btn-primary-blue\">Saznajte vi\u0161e<\/a><span class=\"compare-product\"><span class=\"compare-checkbox\"><span class=\"compare-checkbox-shape\"><input type=\"checkbox\" class=\"product-comparer\" id=\"prod_260654\"\/><label class=\"btn\" for=\"prod_260654\"><span class=\"label-bg\"><\/span>Usporedi<\/label><\/span><\/span><\/span><\/div><\/a><\/div><\/div><\/li>\n                        <\/ul>\n                        <div class=\"text-center more-products\">\n                        <\/div>\n                    <\/div>\n                    <!-- END PRODUCT LIST -->\n                    <\/div>\n                    <!-- END PRODUCT LIST -->[\/vc_column][\/vc_row][vc_row][vc_column][vc_empty_space][elx_heading font_size=&#8221;h3&#8243; text_color=&#8221;inherit&#8221;]Zanima vas vi\u0161e informacija?[\/elx_heading][elx_o2000_contact_us s=&#8221;Zahtjev za informacije o kompaktnoj pe\u0107nici MultiSlim&#8221; country=&#8221;Croatia&#8221; b=&#8221;food&#8221; r=&#8221;Dobar dan, \u017eelim doznati vi\u0161e o kompaktnoj pe\u0107nici MultiSlim. Molim vas da mi se javite.&#8221; l=&#8221;en&#8221;][\/vc_column][\/vc_row][vc_row css=&#8221;.vc_custom_1517485643770{background-color: #eeeeee !important;}&#8221;][vc_column][elx_heading font_size=&#8221;h3&#8243; text_color=&#8221;inherit&#8221;]You may also like[\/elx_heading][vc_row_inner css=&#8221;.vc_custom_1517485631687{background-color: #eeeeee !important;}&#8221;][vc_column_inner width=&#8221;1\/3&#8243;][elx_maylike_box id_box=&#8221;3761&#8243;][\/vc_column_inner][vc_column_inner width=&#8221;1\/3&#8243;][elx_maylike_box id_box=&#8221;2799&#8243;][\/vc_column_inner][vc_column_inner width=&#8221;1\/3&#8243;][elx_maylike_box id_box=&#8221;2829&#8243;][\/vc_column_inner][\/vc_row_inner][\/vc_column][\/vc_row]<\/p>\n","protected":false},"excerpt":{"rendered":"<p>[vc_row full_width=&#8221;electroluxpro-full-width-no-padding&#8221;][vc_column][vc_single_image image=&#8221;6200&#8243; img_size=&#8221;2000&#215;350&#8243; alignment=&#8221;center&#8221;][\/vc_column][\/vc_row][vc_row][vc_column width=&#8221;2\/3&#8243;][elx_heading font_container=&#8221;h1&#8243; font_size=&#8221;h3&#8243; text_color=&#8221;inherit&#8221;]Kompaktna pe\u0107nica MultiSlim[\/elx_heading][vc_column_text]Nemate dovoljno mjesta u kuhinji? Morate srezati tro\u0161kove rada a da pritom ne ugrozite u\u010dinkovitost pripreme? Nova kompaktna pe\u0107nica MultiSlim\u00a0savr\u0161eno je rje\u0161enje za va\u0161 restoran\u00a0i bar.[\/vc_column_text][\/vc_column][vc_column width=&#8221;1\/3&#8243;][elx_heading text_color=&#8221;inherit&#8221;]Preuzmite bro\u0161uru.[\/elx_heading][elx_download_block text=&#8221;Kompaktna pe\u0107nica MultiSlim bro\u0161ure i recepti&#8221; link=&#8221;https:\/\/files.professional.electrolux.com\/docs\/?n=BR-9JE00082&amp;b=5&amp;l=1&#8243; background_color=&#8221;orange&#8221;][\/vc_column][\/vc_row][vc_row][vc_column width=&#8221;1\/3&#8243;][vc_single_image image=&#8221;6201&#8243; img_size=&#8221;full&#8221;][elx_heading font_size=&#8221;h5&#8243; text_color=&#8221;inherit&#8221;]Ekolo\u0161ka u\u0161teda[\/elx_heading][vc_column_text]Budu\u0107i da se [&hellip;]<\/p>\n","protected":false},"author":8,"featured_media":0,"parent":2186,"menu_order":0,"comment_status":"closed","ping_status":"closed","template":"","meta":{"footnotes":""},"class_list":["post-6206","page","type-page","status-publish","hentry"],"acf":[],"yoast_head":"<!-- This site is optimized with the Yoast SEO plugin v23.3 - https:\/\/yoast.com\/wordpress\/plugins\/seo\/ -->\n<title>Kompaktna pe\u0107nica MultiSlim - Electrolux Professional Hrvatska<\/title>\n<meta name=\"description\" content=\"\u2013 Nemate dovoljno mjesta? \u2013 Morate srezati tro\u0161kove rada? \u2013 Ne \u017eelite ugroziti u\u010dinkovitost? \u2013 Kompaktna pe\u0107nica MultiSlim va\u0161a je nova najbolja prijateljica.\" \/>\n<meta name=\"robots\" content=\"index, follow, max-snippet:-1, max-image-preview:large, max-video-preview:-1\" \/>\n<link rel=\"canonical\" href=\"https:\/\/www.electroluxprofessional.com\/hr\/kuhinjska-oprema\/multislim-compact-pecnica\/\" \/>\n<meta property=\"og:locale\" content=\"hr_HR\" \/>\n<meta property=\"og:type\" content=\"article\" \/>\n<meta property=\"og:title\" content=\"Kompaktna pe\u0107nica MultiSlim - Electrolux Professional Hrvatska\" \/>\n<meta property=\"og:description\" content=\"\u2013 Nemate dovoljno mjesta? \u2013 Morate srezati tro\u0161kove rada? \u2013 Ne \u017eelite ugroziti u\u010dinkovitost? \u2013 Kompaktna pe\u0107nica MultiSlim va\u0161a je nova najbolja prijateljica.\" \/>\n<meta property=\"og:url\" content=\"https:\/\/www.electroluxprofessional.com\/hr\/kuhinjska-oprema\/multislim-compact-pecnica\/\" \/>\n<meta property=\"og:site_name\" content=\"Electrolux Professional Hrvatska\" \/>\n<meta property=\"article:modified_time\" content=\"2025-11-06T12:57:46+00:00\" \/>\n<meta name=\"twitter:card\" content=\"summary_large_image\" \/>\n<meta name=\"twitter:label1\" content=\"Procijenjeno vrijeme \u010ditanja\" \/>\n\t<meta name=\"twitter:data1\" content=\"2 minute\" \/>\n<script type=\"application\/ld+json\" class=\"yoast-schema-graph\">{\"@context\":\"https:\/\/schema.org\",\"@graph\":[{\"@type\":\"WebPage\",\"@id\":\"https:\/\/www.electroluxprofessional.com\/hr\/kuhinjska-oprema\/multislim-compact-pecnica\/\",\"url\":\"https:\/\/www.electroluxprofessional.com\/hr\/kuhinjska-oprema\/multislim-compact-pecnica\/\",\"name\":\"Kompaktna pe\u0107nica MultiSlim - Electrolux Professional Hrvatska\",\"isPartOf\":{\"@id\":\"https:\/\/www.electroluxprofessional.com\/hr\/#website\"},\"datePublished\":\"2018-01-17T13:24:42+00:00\",\"dateModified\":\"2025-11-06T12:57:46+00:00\",\"description\":\"\u2013 Nemate dovoljno mjesta? \u2013 Morate srezati tro\u0161kove rada? \u2013 Ne \u017eelite ugroziti u\u010dinkovitost? \u2013 Kompaktna pe\u0107nica MultiSlim va\u0161a je nova najbolja prijateljica.\",\"breadcrumb\":{\"@id\":\"https:\/\/www.electroluxprofessional.com\/hr\/kuhinjska-oprema\/multislim-compact-pecnica\/#breadcrumb\"},\"inLanguage\":\"hr\",\"potentialAction\":[{\"@type\":\"ReadAction\",\"target\":[\"https:\/\/www.electroluxprofessional.com\/hr\/kuhinjska-oprema\/multislim-compact-pecnica\/\"]}]},{\"@type\":\"BreadcrumbList\",\"@id\":\"https:\/\/www.electroluxprofessional.com\/hr\/kuhinjska-oprema\/multislim-compact-pecnica\/#breadcrumb\",\"itemListElement\":[{\"@type\":\"ListItem\",\"position\":1,\"name\":\"Po\u010detna stranica\",\"item\":\"https:\/\/www.electroluxprofessional.com\/hr\/\"},{\"@type\":\"ListItem\",\"position\":2,\"name\":\"Kuhinjska oprema\",\"item\":\"https:\/\/www.electroluxprofessional.com\/hr\/kuhinjska-oprema\/\"},{\"@type\":\"ListItem\",\"position\":3,\"name\":\"Kompaktna pe\u0107nica MultiSlim\"}]},{\"@type\":\"WebSite\",\"@id\":\"https:\/\/www.electroluxprofessional.com\/hr\/#website\",\"url\":\"https:\/\/www.electroluxprofessional.com\/hr\/\",\"name\":\"Electrolux Professional Hrvatska\",\"description\":\"\",\"potentialAction\":[{\"@type\":\"SearchAction\",\"target\":{\"@type\":\"EntryPoint\",\"urlTemplate\":\"https:\/\/www.electroluxprofessional.com\/hr\/?src={search_term_string}\"},\"query-input\":\"required name=search_term_string\"}],\"inLanguage\":\"hr\"}]}<\/script>\n<!-- \/ Yoast SEO plugin. -->","yoast_head_json":{"title":"Kompaktna pe\u0107nica MultiSlim - Electrolux Professional Hrvatska","description":"\u2013 Nemate dovoljno mjesta? \u2013 Morate srezati tro\u0161kove rada? \u2013 Ne \u017eelite ugroziti u\u010dinkovitost? \u2013 Kompaktna pe\u0107nica MultiSlim va\u0161a je nova najbolja prijateljica.","robots":{"index":"index","follow":"follow","max-snippet":"max-snippet:-1","max-image-preview":"max-image-preview:large","max-video-preview":"max-video-preview:-1"},"canonical":"https:\/\/www.electroluxprofessional.com\/hr\/kuhinjska-oprema\/multislim-compact-pecnica\/","og_locale":"hr_HR","og_type":"article","og_title":"Kompaktna pe\u0107nica MultiSlim - Electrolux Professional Hrvatska","og_description":"\u2013 Nemate dovoljno mjesta? \u2013 Morate srezati tro\u0161kove rada? \u2013 Ne \u017eelite ugroziti u\u010dinkovitost? \u2013 Kompaktna pe\u0107nica MultiSlim va\u0161a je nova najbolja prijateljica.","og_url":"https:\/\/www.electroluxprofessional.com\/hr\/kuhinjska-oprema\/multislim-compact-pecnica\/","og_site_name":"Electrolux Professional Hrvatska","article_modified_time":"2025-11-06T12:57:46+00:00","twitter_card":"summary_large_image","twitter_misc":{"Procijenjeno vrijeme \u010ditanja":"2 minute"},"schema":{"@context":"https:\/\/schema.org","@graph":[{"@type":"WebPage","@id":"https:\/\/www.electroluxprofessional.com\/hr\/kuhinjska-oprema\/multislim-compact-pecnica\/","url":"https:\/\/www.electroluxprofessional.com\/hr\/kuhinjska-oprema\/multislim-compact-pecnica\/","name":"Kompaktna pe\u0107nica MultiSlim - Electrolux Professional Hrvatska","isPartOf":{"@id":"https:\/\/www.electroluxprofessional.com\/hr\/#website"},"datePublished":"2018-01-17T13:24:42+00:00","dateModified":"2025-11-06T12:57:46+00:00","description":"\u2013 Nemate dovoljno mjesta? \u2013 Morate srezati tro\u0161kove rada? \u2013 Ne \u017eelite ugroziti u\u010dinkovitost? \u2013 Kompaktna pe\u0107nica MultiSlim va\u0161a je nova najbolja prijateljica.","breadcrumb":{"@id":"https:\/\/www.electroluxprofessional.com\/hr\/kuhinjska-oprema\/multislim-compact-pecnica\/#breadcrumb"},"inLanguage":"hr","potentialAction":[{"@type":"ReadAction","target":["https:\/\/www.electroluxprofessional.com\/hr\/kuhinjska-oprema\/multislim-compact-pecnica\/"]}]},{"@type":"BreadcrumbList","@id":"https:\/\/www.electroluxprofessional.com\/hr\/kuhinjska-oprema\/multislim-compact-pecnica\/#breadcrumb","itemListElement":[{"@type":"ListItem","position":1,"name":"Po\u010detna stranica","item":"https:\/\/www.electroluxprofessional.com\/hr\/"},{"@type":"ListItem","position":2,"name":"Kuhinjska oprema","item":"https:\/\/www.electroluxprofessional.com\/hr\/kuhinjska-oprema\/"},{"@type":"ListItem","position":3,"name":"Kompaktna pe\u0107nica MultiSlim"}]},{"@type":"WebSite","@id":"https:\/\/www.electroluxprofessional.com\/hr\/#website","url":"https:\/\/www.electroluxprofessional.com\/hr\/","name":"Electrolux Professional Hrvatska","description":"","potentialAction":[{"@type":"SearchAction","target":{"@type":"EntryPoint","urlTemplate":"https:\/\/www.electroluxprofessional.com\/hr\/?src={search_term_string}"},"query-input":"required name=search_term_string"}],"inLanguage":"hr"}]}},"_links":{"self":[{"href":"https:\/\/www.electroluxprofessional.com\/hr\/wp-json\/wp\/v2\/pages\/6206"}],"collection":[{"href":"https:\/\/www.electroluxprofessional.com\/hr\/wp-json\/wp\/v2\/pages"}],"about":[{"href":"https:\/\/www.electroluxprofessional.com\/hr\/wp-json\/wp\/v2\/types\/page"}],"author":[{"embeddable":true,"href":"https:\/\/www.electroluxprofessional.com\/hr\/wp-json\/wp\/v2\/users\/8"}],"replies":[{"embeddable":true,"href":"https:\/\/www.electroluxprofessional.com\/hr\/wp-json\/wp\/v2\/comments?post=6206"}],"version-history":[{"count":4,"href":"https:\/\/www.electroluxprofessional.com\/hr\/wp-json\/wp\/v2\/pages\/6206\/revisions"}],"predecessor-version":[{"id":118943,"href":"https:\/\/www.electroluxprofessional.com\/hr\/wp-json\/wp\/v2\/pages\/6206\/revisions\/118943"}],"up":[{"embeddable":true,"href":"https:\/\/www.electroluxprofessional.com\/hr\/wp-json\/wp\/v2\/pages\/2186"}],"wp:attachment":[{"href":"https:\/\/www.electroluxprofessional.com\/hr\/wp-json\/wp\/v2\/media?parent=6206"}],"curies":[{"name":"wp","href":"https:\/\/api.w.org\/{rel}","templated":true}]}}